{"id":1537,"date":"2023-09-28T06:13:35","date_gmt":"2023-09-28T06:13:35","guid":{"rendered":"https:\/\/hydraulic-cylinders.net\/?post_type=product&#038;p=1537"},"modified":"2025-04-11T01:49:31","modified_gmt":"2025-04-11T01:49:31","slug":"aerial-work-platform-outrigger-cylinder","status":"publish","type":"product","link":"https:\/\/www.hydraulic-cylinders.net\/it\/prodotto\/aerial-work-platform-outrigger-cylinder\/","title":{"rendered":"Cilindro stabilizzatore per piattaforma aerea"},"content":{"rendered":"<h1 style=\"text-align: center;\"><strong>Cilindro stabilizzatore per piattaforma aerea<\/strong><\/h1>\n<p><img loading=\"lazy\" decoding=\"async\" class=\"wp-image-1538 aligncenter\" src=\"https:\/\/hydraulic-cylinders.net\/wp-content\/uploads\/2023\/09\/outrigger-cylinder-1-300x300.webp\" alt=\"\" width=\"400\" height=\"400\" \/><\/p>\n<p>Il cilindro stabilizzatore delle piattaforme aeree \u00e8 un componente essenziale progettato per migliorare la stabilit\u00e0 e la sicurezza delle piattaforme aeree. Questo cilindro idraulico specializzato svolge un ruolo cruciale nell'estensione e nella retrazione degli stabilizzatori, che forniscono ulteriore supporto ed equilibrio alla piattaforma.<\/p>\n<p>Il cilindro stabilizzatore della piattaforma di lavoro aerea \u00e8 indispensabile per garantire stabilit\u00e0 e sicurezza negli ambienti di lavoro in quota. Grazie alla sua struttura robusta, alla stabilit\u00e0 affidabile, al funzionamento fluido e alla versatilit\u00e0 di regolazione, questo cilindro idraulico \u00e8 fondamentale per estendere e retrarre gli stabilizzatori, garantendo una piattaforma di lavoro sicura e livellata. Seguendo i metodi di utilizzo e le pratiche di manutenzione consigliate, gli operatori possono massimizzare la longevit\u00e0 e le prestazioni del cilindro stabilizzatore della piattaforma di lavoro aerea, contribuendo a migliorare produttivit\u00e0, sicurezza e sicurezza in diverse applicazioni di lavoro in quota. Investi in questo componente idraulico essenziale per aumentare la stabilit\u00e0 della tua piattaforma di lavoro aerea e raggiungere nuovi livelli di efficienza e sicurezza negli scenari di lavoro in quota.<\/p>\n<p>Caratteristiche principali del cilindro stabilizzatore della piattaforma aerea:<\/p>\n<ol>\n<li>Costruzione robusta:<\/li>\n<\/ol>\n<ul>\n<li>Il cilindro stabilizzatore della piattaforma aerea \u00e8 realizzato con materiali di alta qualit\u00e0, che ne garantiscono durata e longevit\u00e0.<\/li>\n<li>\u00c8 progettato per resistere a carichi pesanti e alle sollecitazioni degli ambienti di lavoro pi\u00f9 impegnativi.<\/li>\n<\/ul>\n<ol start=\"2\">\n<li>Stabilit\u00e0 affidabile:<\/li>\n<\/ol>\n<ul>\n<li>Questo cilindro garantisce una stabilit\u00e0 affidabile estendendo gli stabilizzatori, aumentando notevolmente l'ingombro della piattaforma e impedendone il ribaltamento o l'inclinazione durante il funzionamento.<\/li>\n<li>Migliora la stabilit\u00e0 complessiva della piattaforma di lavoro aerea, consentendo agli operatori di svolgere le attivit\u00e0 in modo sicuro e protetto ad altezze elevate.<\/li>\n<\/ul>\n<ol start=\"3\">\n<li>Funzionamento regolare:<\/li>\n<\/ol>\n<ul>\n<li>Il sistema idraulico del cilindro stabilizzatore della piattaforma aerea garantisce un'estensione e una retrazione fluide e controllate degli stabilizzatori.<\/li>\n<li>Consente agli operatori di posizionare gli stabilizzatori con precisione, adattandoli alle superfici irregolari e fornendo una piattaforma di lavoro piana.<\/li>\n<\/ul>\n<ol start=\"4\">\n<li>Versatile regolazione:<\/li>\n<\/ol>\n<ul>\n<li>Il cilindro stabilizzatore offre lunghezze di estensione regolabili, consentendo agli operatori di adattarsi alle diverse condizioni del cantiere e alle limitazioni di spazio.<\/li>\n<li>Offre flessibilit\u00e0 nel posizionamento degli stabilizzatori per garantire la massima stabilit\u00e0 ed equilibrio su diversi terreni.<\/li>\n<\/ul>\n<h2><strong>Parametro del cilindro stabilizzatore della piattaforma aerea:<\/strong><\/h2>\n<table border=\"1\" cellspacing=\"0\" cellpadding=\"0\">\n<tbody>\n<tr>\n<td>Nome del prodotto<\/td>\n<td>Cilindro stabilizzatore per piattaforma aerea<\/td>\n<\/tr>\n<tr>\n<td>Caratteristiche:<\/td>\n<td>Supportare il peso dell'intera attrezzatura quando la gru \u00e8 in fase di sollevamento<\/td>\n<\/tr>\n<tr>\n<td>Diametro del foro:<\/td>\n<td>45mm\uff5e200mm<\/td>\n<\/tr>\n<tr>\n<td>Diametro dell'asta:<\/td>\n<td>30 mm\uff5e180 mm<br \/>\nCorsa \u22642000mm<\/td>\n<\/tr>\n<tr>\n<td>Pressione:<\/td>\n<td>30 MPa (pressione massima)<\/td>\n<\/tr>\n<tr>\n<td>Applicazioni del cilindro stabilizzatore:<\/td>\n<td>Piattaforma di lavoro aerea<\/td>\n<\/tr>\n<\/tbody>\n<\/table>\n<h2><strong>Schema di identificazione della piattaforma di lavoro aerea:<\/strong><\/h2>\n<p><img loading=\"lazy\" decoding=\"async\" class=\"alignnone wp-image-1517 size-full\" src=\"https:\/\/hydraulic-cylinders.net\/wp-content\/uploads\/2023\/09\/aerial-work-platform-cylinder-construct.webp\" alt=\"\" width=\"600\" height=\"400\" srcset=\"https:\/\/hydraulic-cylinders.net\/wp-content\/uploads\/2023\/09\/aerial-work-platform-cylinder-construct.webp 600w, https:\/\/hydraulic-cylinders.net\/wp-content\/uploads\/2023\/09\/aerial-work-platform-cylinder-construct-480x320.webp 480w\" sizes=\"(min-width: 0px) and (max-width: 480px) 480px, (min-width: 481px) 600px, 100vw\" \/><\/p>\n<h2><strong>Metodo di utilizzo del cilindro stabilizzatore della piattaforma aerea<\/strong><strong>:<\/strong><\/h2>\n<ol>\n<li><strong>Installazione e configurazione:<\/strong><\/li>\n<\/ol>\n<ul>\n<li>Seguire le istruzioni del produttore per installare e configurare il cilindro stabilizzatore della piattaforma di lavoro aerea sulla piattaforma stessa.<\/li>\n<li>Per ottenere prestazioni ottimali, assicurarsi che il cilindro sia montato e allineato in modo sicuro.<\/li>\n<\/ul>\n<ol start=\"2\">\n<li><strong>Collegamento idraulico:<\/strong><\/li>\n<\/ol>\n<ul>\n<li>Collegare il cilindro stabilizzatore al sistema idraulico della piattaforma aerea secondo le linee guida fornite.<\/li>\n<li>Assicurarsi che tutti i collegamenti idraulici siano sicuri e adeguatamente sigillati per evitare perdite o perdite di fluido idraulico.<\/li>\n<\/ul>\n<ol start=\"3\">\n<li><strong>Funzionamento degli stabilizzatori:<\/strong><\/li>\n<\/ol>\n<ul>\n<li>Attivare i meccanismi di controllo sulla piattaforma aerea per estendere o ritrarre gli stabilizzatori.<\/li>\n<li>Durante l'utilizzo degli stabilizzatori, seguire le procedure consigliate e le linee guida di sicurezza.<\/li>\n<\/ul>\n<ol start=\"4\">\n<li><strong>Posizionamento e regolazione:<\/strong><\/li>\n<\/ol>\n<ul>\n<li>Posizionare gli stabilizzatori in modo da garantire la massima stabilit\u00e0 e supporto alla piattaforma di lavoro aerea.<\/li>\n<li>Regolare le lunghezze di estensione degli stabilizzatori secondo necessit\u00e0 per adattarsi alle diverse condizioni del cantiere e ottenere una piattaforma livellata.<\/li>\n<\/ul>\n<h2><strong>Come rilasciare la pressione sul sistema idraulico?<\/strong><\/h2>\n<p>Rilasciare la pressione da un sistema idraulico \u00e8 essenziale per la manutenzione, le riparazioni o quando si lavora con componenti idraulici. Ecco alcuni passaggi generali per rimuovere in modo sicuro la pressione da un sistema idraulico:<\/p>\n<ol>\n<li><strong>Identificare la fonte di alimentazione:<\/strong>\n<ul>\n<li>Individuare la fonte di energia che fornisce pressione al sistema idraulico. In genere si tratta di una pompa idraulica o di un'unit\u00e0 di potenza azionata da un motore.<\/li>\n<li>Identificare l'alimentazione e assicurarsi che sia spenta o che il motore sia spento per evitare attivazioni accidentali.<\/li>\n<\/ul>\n<\/li>\n<li><strong>Innestare le leve di comando:<\/strong>\n<ul>\n<li>Spostare le leve o gli interruttori di comando in posizione neutra o spenta. Questo aiuta a prevenire movimenti involontari dei componenti idraulici e riduce il rischio di accumulo di pressione.<\/li>\n<\/ul>\n<\/li>\n<li><strong>Scaricare la pressione dalla valvola di controllo:<\/strong>\n<ul>\n<li>Individuare la valvola di controllo o la valvola di sicurezza nel sistema idraulico. Di solito \u00e8 contrassegnata o etichettata per una facile identificazione.<\/li>\n<li>Ruotare lentamente o regolare la valvola in posizione di rilascio o di apertura. Ci\u00f2 consente al fluido idraulico intrappolato di fuoriuscire e riduce la pressione nel sistema.<\/li>\n<li>\u00c8 essenziale rilasciare gradualmente la pressione per evitare movimenti bruschi o fuoriuscite di liquidi.<\/li>\n<\/ul>\n<\/li>\n<li><strong>Manometro di monitoraggio:<\/strong>\n<ul>\n<li>Alcuni sistemi idraulici potrebbero essere dotati di manometri. Se disponibili, monitorare il manometro durante il rilascio della pressione.<\/li>\n<li>Quando si apre la valvola di controllo, osservare il manometro per assicurarsi che la pressione diminuisca costantemente.<\/li>\n<\/ul>\n<\/li>\n<li><strong>Spurgare i componenti idraulici:<\/strong>\n<ul>\n<li>Dopo aver scaricato la pressione nella valvola di controllo, \u00e8 consigliabile spurgare i componenti idraulici che potrebbero ancora contenere pressione residua.<\/li>\n<li>Iniziare allentando o rimuovendo eventuali raccordi o connessioni a valle della valvola di controllo.<\/li>\n<li>Aprire lentamente e con cautela i raccordi per far fuoriuscire la pressione residua.<\/li>\n<li>Prestare attenzione poich\u00e9 il fluido idraulico potrebbe essere sotto pressione e potrebbe schizzare o fuoriuscire.<\/li>\n<\/ul>\n<\/li>\n<li><strong>Verificare il rilascio della pressione:<\/strong>\n<ul>\n<li>Verificare nuovamente che la pressione sia stata effettivamente rilasciata dal sistema verificando che il manometro indichi zero o quasi zero.<\/li>\n<li>Ispezionare i componenti idraulici per accertarsi che non vi siano movimenti o segni di pressione residua.<\/li>\n<\/ul>\n<\/li>\n<\/ol>\n<h2><strong>Capacit\u00e0 e capacit\u00e0 della fabbrica:<\/strong><\/h2>\n<h3>(1) Montaggio<\/h3>\n<p>Disponiamo di una piattaforma di assemblaggio indipendente di ricerca e sviluppo di prima classe. L'officina di produzione di cilindri idraulici dispone di quattro linee di assemblaggio semiautomatiche per cilindri di sollevamento e una linea di assemblaggio automatica per cilindri di inclinazione, con una capacit\u00e0 produttiva annua progettata di 1 milione di pezzi. L'officina per cilindri speciali \u00e8 dotata di un sistema di assemblaggio semiautomatico per la pulizia con diverse specifiche, con una capacit\u00e0 produttiva annua progettata di 200.000 pezzi e dotata di rinomate macchine per lavorazioni meccaniche CNC, un centro di lavoro, attrezzature speciali per la lavorazione di cilindri ad alta precisione, una macchina per saldatura robotizzata, una macchina per la pulizia automatica, una macchina per l'assemblaggio automatico dei cilindri e una linea di produzione per la verniciatura automatica. Sono disponibili oltre 300 set di attrezzature critiche. L'allocazione ottimale e l'uso efficiente delle risorse delle attrezzature garantiscono i requisiti di precisione dei prodotti e ne soddisfano le elevate esigenze di qualit\u00e0.<\/p>\n<p><img loading=\"lazy\" decoding=\"async\" class=\"alignnone wp-image-626\" src=\"https:\/\/hydraulic-cylinders.net\/wp-content\/uploads\/2023\/08\/hydraulic-cylinder-product-1-300x158.webp\" alt=\"\" width=\"495\" height=\"260\" srcset=\"https:\/\/hydraulic-cylinders.net\/wp-content\/uploads\/2023\/08\/hydraulic-cylinder-product-1-300x158.webp 495w, https:\/\/hydraulic-cylinders.net\/wp-content\/uploads\/2023\/08\/hydraulic-cylinder-product-1-480x252.webp 480w\" sizes=\"(min-width: 0px) and (max-width: 480px) 480px, (min-width: 481px) 495px, 100vw\" \/> <img loading=\"lazy\" decoding=\"async\" class=\"alignnone wp-image-627\" src=\"https:\/\/hydraulic-cylinders.net\/wp-content\/uploads\/2023\/08\/hydraulic-cylinder-product-2-300x189.webp\" alt=\"\" width=\"413\" height=\"260\" \/><\/p>\n<h3>(2) Lavorazione<\/h3>\n<p>L'officina di lavorazione \u00e8 dotata di un centro di tornitura su rotaia inclinata personalizzato, di un centro di lavorazione, di una levigatrice ad alta velocit\u00e0, di un robot di saldatura e di altre attrezzature correlate, in grado di gestire la lavorazione di tubi cilindrici con un diametro interno massimo di 400 mm e una lunghezza massima di 6 metri.<\/p>\n<p><img loading=\"lazy\" decoding=\"async\" class=\"alignnone wp-image-628 size-large\" src=\"https:\/\/hydraulic-cylinders.net\/wp-content\/uploads\/2023\/08\/hydraulic-cylinder-product-3-1024x391.webp\" alt=\"\" width=\"1024\" height=\"391\" srcset=\"https:\/\/hydraulic-cylinders.net\/wp-content\/uploads\/2023\/08\/hydraulic-cylinder-product-3-980x374.webp 980w, https:\/\/hydraulic-cylinders.net\/wp-content\/uploads\/2023\/08\/hydraulic-cylinder-product-3-480x183.webp 480w\" sizes=\"(min-width: 0px) and (max-width: 480px) 480px, (min-width: 481px) and (max-width: 980px) 980px, (min-width: 981px) 1024px, 100vw\" \/><\/p>\n<h3>(3) Saldatura<\/h3>\n<p><img loading=\"lazy\" decoding=\"async\" class=\"alignnone wp-image-629 size-large\" src=\"https:\/\/hydraulic-cylinders.net\/wp-content\/uploads\/2023\/08\/hydraulic-cylinder-product-4-1024x510.webp\" alt=\"\" width=\"1024\" height=\"510\" srcset=\"https:\/\/hydraulic-cylinders.net\/wp-content\/uploads\/2023\/08\/hydraulic-cylinder-product-4-980x488.webp 980w, https:\/\/hydraulic-cylinders.net\/wp-content\/uploads\/2023\/08\/hydraulic-cylinder-product-4-480x239.webp 480w\" sizes=\"(min-width: 0px) and (max-width: 480px) 480px, (min-width: 481px) and (max-width: 980px) 980px, (min-width: 981px) 1024px, 100vw\" \/><\/p>\n<h3>(4) Verniciatura e rivestimento<\/h3>\n<p>Con linee automatiche di verniciatura a base d'acqua a cilindro di piccole e medie dimensioni, per realizzare il carico e lo scarico automatico con robot e la spruzzatura automatica, la capacit\u00e0 di progettazione \u00e8 di 4000 pezzi per turno;<br \/>\nDisponiamo anche di una linea di produzione semiautomatica di vernici per cilindri di grandi dimensioni alimentata da una catena di potenza, con una capacit\u00e0 di progettazione di 60 casse per turno.<\/p>\n<p><img loading=\"lazy\" decoding=\"async\" class=\"alignnone wp-image-630\" src=\"https:\/\/hydraulic-cylinders.net\/wp-content\/uploads\/2023\/08\/hydraulic-cylinder-product-5-300x213.webp\" alt=\"\" width=\"366\" height=\"260\" \/> <img loading=\"lazy\" decoding=\"async\" class=\"alignnone wp-image-631\" src=\"https:\/\/hydraulic-cylinders.net\/wp-content\/uploads\/2023\/08\/hydraulic-cylinder-product-6-300x225.webp\" alt=\"\" width=\"347\" height=\"260\" \/><\/p>\n<h3>(5) Test<\/h3>\n<p>Disponiamo di strutture di ispezione e banchi di prova di prim'ordine per garantire che le prestazioni del cilindro siano conformi ai requisiti.<\/p>\n<p><img loading=\"lazy\" decoding=\"async\" class=\"alignnone wp-image-632\" src=\"https:\/\/hydraulic-cylinders.net\/wp-content\/uploads\/2023\/08\/hydraulic-cylinder-product-8-300x200.webp\" alt=\"\" width=\"389\" height=\"260\" \/><\/p>\n<p>&nbsp;<\/p>\n<p>&nbsp;<\/p>\n<p>Siamo uno dei migliori produttori di cilindri idraulici. Offriamo una gamma completa di cilindri idraulici. Forniamo anche i relativi componenti. <a href=\"https:\/\/hzpt.com\/agricultural-pto-gearbox\/\" target=\"_blank\" rel=\"noopener\">riduttori agricoli<\/a>Abbiamo esportato i nostri prodotti a clienti in tutto il mondo e ci siamo guadagnati un'ottima reputazione grazie alla qualit\u00e0 superiore dei nostri prodotti e al servizio post-vendita. Invitiamo i clienti nazionali e internazionali a contattarci per negoziare affari, scambiare informazioni e <a href=\"https:\/\/www.hydraulic-cylinders.net\/it\/contact-us\/\">collaborare con noi<\/a>!<\/p>","protected":false},"excerpt":{"rendered":"<p>Aerial Work Platform Outrigger Cylinder The aerial work platform outrigger cylinder is a vital component designed to enhance stability and safety in aerial work platforms. This specialized hydraulic cylinder plays a crucial role in extending and retracting the outriggers, which provide additional support and balance to the forum. The aerial work platform outrigger cylinder is [&hellip;]<\/p>","protected":false},"featured_media":1539,"comment_status":"open","ping_status":"closed","template":"","meta":{"_et_pb_use_builder":"","_et_pb_old_content":"","_et_gb_content_width":""},"product_brand":[],"product_cat":[1500,1549],"product_tag":[1380],"class_list":{"0":"post-1537","1":"product","2":"type-product","3":"status-publish","4":"has-post-thumbnail","6":"product_cat-aerial-work-vehicle-hydraulic-cylinder","7":"product_cat-single-acting-hydraulic-cylinder","8":"product_tag-hydraulic-cylinder","10":"first","11":"instock","12":"shipping-taxable","13":"product-type-simple"},"amp_enabled":true,"_links":{"self":[{"href":"https:\/\/www.hydraulic-cylinders.net\/it\/wp-json\/wp\/v2\/product\/1537","targetHints":{"allow":["GET"]}}],"collection":[{"href":"https:\/\/www.hydraulic-cylinders.net\/it\/wp-json\/wp\/v2\/product"}],"about":[{"href":"https:\/\/www.hydraulic-cylinders.net\/it\/wp-json\/wp\/v2\/types\/product"}],"replies":[{"embeddable":true,"href":"https:\/\/www.hydraulic-cylinders.net\/it\/wp-json\/wp\/v2\/comments?post=1537"}],"wp:featuredmedia":[{"embeddable":true,"href":"https:\/\/www.hydraulic-cylinders.net\/it\/wp-json\/wp\/v2\/media\/1539"}],"wp:attachment":[{"href":"https:\/\/www.hydraulic-cylinders.net\/it\/wp-json\/wp\/v2\/media?parent=1537"}],"wp:term":[{"taxonomy":"product_brand","embeddable":true,"href":"https:\/\/www.hydraulic-cylinders.net\/it\/wp-json\/wp\/v2\/product_brand?post=1537"},{"taxonomy":"product_cat","embeddable":true,"href":"https:\/\/www.hydraulic-cylinders.net\/it\/wp-json\/wp\/v2\/product_cat?post=1537"},{"taxonomy":"product_tag","embeddable":true,"href":"https:\/\/www.hydraulic-cylinders.net\/it\/wp-json\/wp\/v2\/product_tag?post=1537"}],"curies":[{"name":"parola chiave","href":"https:\/\/api.w.org\/{rel}","templated":true}]}}