{"id":15375,"date":"2025-01-19T14:27:07","date_gmt":"2025-01-19T14:27:07","guid":{"rendered":"https:\/\/www.hydraulic-cylinders.net\/product\/bucket-cylinder-for-yugong-wy15-7\/"},"modified":"2025-01-19T14:27:09","modified_gmt":"2025-01-19T14:27:09","slug":"bucket-cylinder-for-yugong-wy15-7","status":"publish","type":"product","link":"https:\/\/www.hydraulic-cylinders.net\/it\/prodotto\/bucket-cylinder-for-yugong-wy15-7\/","title":{"rendered":"Cilindro della benna per Yugong WY15-7"},"content":{"rendered":"<h1>Cilindro della benna per Yugong WY15-7<\/h1>\n<h2>Introduzione<\/h2>\n<p>Il cilindro della benna \u00e8 un cilindro idraulico appositamente progettato per controllare il movimento della benna in macchinari pesanti come escavatori, terne e pale caricatrici frontali. La sua funzione principale \u00e8 quella di consentire il sollevamento, l'abbassamento e l'inclinazione della benna, facilitando la gestione di diverse attivit\u00e0 di movimentazione dei materiali. In un sistema idraulico, il cilindro della benna consente un controllo preciso della benna variando la pressione dell'olio idraulico, consentendo all'operatore di gestire in modo efficiente carichi pesanti e di adattarsi ad ambienti di lavoro complessi e a diverse esigenze operative.<\/p>\n<p><img decoding=\"async\" src=\"https:\/\/www.hydraulic-cylinders.net\/wp-content\/uploads\/2025\/01\/songte-company-2.webp\"><\/p>\n<h2>Caratteristiche<\/h2>\n<ul>\n<li>Elevata resistenza e durata: solitamente realizzato in acciaio o alluminio ad alta resistenza, il cilindro della benna pu\u00f2 sopportare pressioni elevate e carichi pesanti, adattandosi a condizioni di lavoro difficili. Il suo design tiene conto della resistenza all'usura e alla corrosione, prolungandone la durata.<\/li>\n<li>Funzionamento idraulico efficiente: sfruttando la pressione dell'olio idraulico, il cilindro della benna consente movimenti di estensione e retrazione fluidi, consentendo una risposta rapida ai comandi e fornendo potenti forze di spinta e trazione. \u00c8 adatto per la movimentazione di carichi pesanti e compiti operativi complessi.<\/li>\n<li>Varie tipologie: il cilindro della benna pu\u00f2 essere scelto come cilindro a semplice effetto (idraulico utilizzato in una sola direzione) o a doppio effetto (idraulico utilizzato in entrambe le direzioni), a seconda delle esigenze operative. Alcuni modelli sono telescopici, consentendo una maggiore estensione senza aumentare le dimensioni esterne, rendendoli adatti ad applicazioni con spazio limitato.<\/li>\n<li>Sostituzione perfetta: i nostri prodotti possono sostituire perfettamente questi cilindri idraulici.<\/li>\n<\/ul>\n<p><img decoding=\"async\" src=\"https:\/\/www.hydraulic-cylinders.net\/wp-content\/uploads\/2025\/01\/songte-cylinder-head-with-all-kinds-excavator-models.webp\"><\/p>\n<h2>Applicazioni<\/h2>\n<p>Il cilindro della benna trova applicazione in diverse attrezzature:<\/p>\n<ol>\n<li>Attrezzature edili: presenti negli escavatori, sono essenziali per scavare, caricare e spostare terreno o detriti. Nelle terne, il cilindro della benna agevola sia lo scavo che il sollevamento.<\/li>\n<li>Macchine agricole: utilizzate nelle pale caricatrici frontali per raccogliere, sollevare e trasportare terra, fieno e altri materiali.<\/li>\n<li>Escavatori: il cilindro della benna consente di effettuare azioni di scavo consentendo alla benna di penetrare nel terreno.<\/li>\n<li>Caricatori frontali: nei caricatori frontali, facilitano il sollevamento e lo scarico efficiente delle merci.<\/li>\n<\/ol>\n<h2>Considerazioni progettuali e criteri di selezione<\/h2>\n<p>Nella progettazione dei cilindri delle tazze vengono presi in considerazione diversi fattori:<\/p>\n<ul>\n<li>Capacit\u00e0 portante: il cilindro deve essere in grado di sopportare i carichi a cui andr\u00e0 incontro durante il funzionamento.<\/li>\n<li>Tenuta: per garantire una tenuta adeguata e prevenire perdite, vengono utilizzati vari componenti di tenuta, come guarnizioni per pistoni e guarnizioni per steli.<\/li>\n<li>Durability: The cylinder&#8217;s components are designed to withstand wear and tear, extending its lifespan.<\/li>\n<li>Sicurezza: sono state adottate misure di sicurezza per prevenire incidenti durante il funzionamento.<\/li>\n<li>Manutenibilit\u00e0: il cilindro deve essere progettato per facilitare la manutenzione e le riparazioni.<\/li>\n<\/ul>\n<p><img decoding=\"async\" src=\"https:\/\/www.hydraulic-cylinders.net\/wp-content\/uploads\/2025\/01\/songte-oil-pipes-and-spare-parts.webp\"><\/p>\n<h2>Sigillatura e lubrificazione<\/h2>\n<p>Il cilindro della benna utilizza vari componenti di tenuta, come guarnizioni del pistone e guarnizioni dello stelo, realizzati in materiali resistenti all'usura come poliuretano e gomma nitrilica. Il corpo del cilindro e le estremit\u00e0 filettate sono sottoposti a un trattamento di precisione per migliorarne la resistenza all'usura. Per garantire un funzionamento regolare, \u00e8 necessaria una lubrificazione regolare con la giusta quantit\u00e0 di olio idraulico.<\/p>\n<h2>Ispezione regolare e manutenzione preventiva<\/h2>\n<p>Per garantire prestazioni ottimali del cilindro della benna, si raccomandano ispezioni regolari e misure di manutenzione preventiva:<\/p>\n<ul>\n<li>Ispezionare regolarmente il cilindro per verificare eventuali segni di usura o danni.<\/li>\n<li>Lubrificazione adeguata delle parti mobili per ridurre l'attrito e garantire un funzionamento regolare.<\/li>\n<li>Sostituzione periodica delle guarnizioni e controlli di taratura per mantenerne il corretto funzionamento.<\/li>\n<\/ul>\n<p><img decoding=\"async\" src=\"https:\/\/www.hydraulic-cylinders.net\/wp-content\/uploads\/2025\/01\/songte-chushion-collar.webp\"><\/p>\n<h2>Considerazioni sulla sicurezza e fattori ambientali<\/h2>\n<p>Quando si utilizza il cilindro della benna, \u00e8 essenziale seguire le misure di sicurezza per prevenire incidenti e garantire un ambiente di lavoro sicuro.<\/p>\n<h2>Diagnosi dei guasti e problemi comuni<\/h2>\n<p>Problemi comuni e suggerimenti per la risoluzione dei problemi relativi al cilindro della benna:<\/p>\n<ul>\n<li>Perdite: controllare le guarnizioni e sostituirle se necessario. Assicurarsi che la lubrificazione sia adeguata.<\/li>\n<li>Funzionamento lento: ispezionare il sistema idraulico per individuare eventuali blocchi o pressione insufficiente.<\/li>\n<li>Rumore anomalo: verificare la presenza di componenti allentati e parti usurate. Lubrificare se necessario.<\/li>\n<li>Movimento irregolare: ispezionare il cilindro per verificare eventuali disallineamenti o componenti danneggiati. Regolare o sostituire se necessario.<\/li>\n<\/ul>\n<p><img decoding=\"async\" src=\"https:\/\/www.hydraulic-cylinders.net\/wp-content\/uploads\/2025\/01\/songte-bushings-with-all-kinds-of-excavator-models.webp\"><\/p>\n<p>Ricordatevi di organizzare l'articolo in modo logico, di utilizzare sottotitoli per una facile navigazione, di incorporare immagini o grafici pertinenti per migliorare la comprensione e di assicurarvi che il contenuto sia chiaro, conciso e adatto a lettori con diversi livelli di conoscenza tecnica.<\/p>\n<h2>Informazioni sulla nostra azienda<\/h2>\n<p>Siamo produttori di cilindri idraulici di ricambio e uno dei principali produttori e grossisti sul mercato nazionale e internazionale. Aderiamo al principio dell'eccellenza qualitativa e ci affidiamo a strategie di gestione della produzione industrializzata nei nostri raffinati laboratori di produzione. Grazie all'impiego di talenti tecnici, apparecchiature di produzione digitali di fascia alta e sistemi di collaudo professionali, miglioriamo costantemente la nostra piattaforma produttiva, perfezioniamo il percorso produttivo per garantire la qualit\u00e0 del prodotto e disponiamo di una forte creativit\u00e0. Il nostro obiettivo \u00e8 soddisfare le diverse esigenze dei clienti con prodotti ad alta efficienza, elevata precisione e qualit\u00e0.<\/p>\n<p><img decoding=\"async\" src=\"https:\/\/www.hydraulic-cylinders.net\/wp-content\/uploads\/2025\/01\/songte-company-3.webp\"><\/p>\n<p>La nostra azienda \u00e8 nota per:<\/p>\n<ul>\n<li>Professionalit\u00e0<\/li>\n<li>Certificazioni internazionali<\/li>\n<li>Servizi di personalizzazione<\/li>\n<li>Attrezzature di produzione avanzate<\/li>\n<li>Servizi post-vendita<\/li>\n<\/ul>\n<p>Autore: lyl<\/p>","protected":false},"excerpt":{"rendered":"<p>Bucket Cylinder For Yugong WY15-7 Introduction The bucket cylinder is a specially designed hydraulic cylinder used to control the movement of the bucket in heavy machinery such as excavators, backhoe loaders, and front loaders. Its main function is to enable the lifting, lowering, and tilting of the bucket, making it easier to handle various material [&hellip;]<\/p>","protected":false},"featured_media":14785,"comment_status":"open","ping_status":"closed","template":"","meta":{"_et_pb_use_builder":"","_et_pb_old_content":"","_et_gb_content_width":""},"product_brand":[],"product_cat":[1494],"product_tag":[1495,1496],"class_list":{"0":"post-15375","1":"product","2":"type-product","3":"status-publish","4":"has-post-thumbnail","6":"product_cat-bucket-cylinders","7":"product_tag-bucket-cylinders","8":"product_tag-hydraulic-cylinders","10":"first","11":"instock","12":"shipping-taxable","13":"product-type-simple"},"amp_enabled":true,"_links":{"self":[{"href":"https:\/\/www.hydraulic-cylinders.net\/it\/wp-json\/wp\/v2\/product\/15375","targetHints":{"allow":["GET"]}}],"collection":[{"href":"https:\/\/www.hydraulic-cylinders.net\/it\/wp-json\/wp\/v2\/product"}],"about":[{"href":"https:\/\/www.hydraulic-cylinders.net\/it\/wp-json\/wp\/v2\/types\/product"}],"replies":[{"embeddable":true,"href":"https:\/\/www.hydraulic-cylinders.net\/it\/wp-json\/wp\/v2\/comments?post=15375"}],"wp:featuredmedia":[{"embeddable":true,"href":"https:\/\/www.hydraulic-cylinders.net\/it\/wp-json\/wp\/v2\/media\/14785"}],"wp:attachment":[{"href":"https:\/\/www.hydraulic-cylinders.net\/it\/wp-json\/wp\/v2\/media?parent=15375"}],"wp:term":[{"taxonomy":"product_brand","embeddable":true,"href":"https:\/\/www.hydraulic-cylinders.net\/it\/wp-json\/wp\/v2\/product_brand?post=15375"},{"taxonomy":"product_cat","embeddable":true,"href":"https:\/\/www.hydraulic-cylinders.net\/it\/wp-json\/wp\/v2\/product_cat?post=15375"},{"taxonomy":"product_tag","embeddable":true,"href":"https:\/\/www.hydraulic-cylinders.net\/it\/wp-json\/wp\/v2\/product_tag?post=15375"}],"curies":[{"name":"parola chiave","href":"https:\/\/api.w.org\/{rel}","templated":true}]}}