{"id":15376,"date":"2025-01-19T14:27:11","date_gmt":"2025-01-19T14:27:11","guid":{"rendered":"https:\/\/www.hydraulic-cylinders.net\/product\/bucket-cylinder-for-yugong-wy75-7-8\/"},"modified":"2025-01-19T14:27:13","modified_gmt":"2025-01-19T14:27:13","slug":"bucket-cylinder-for-yugong-wy75-7-8","status":"publish","type":"product","link":"https:\/\/www.hydraulic-cylinders.net\/it\/prodotto\/bucket-cylinder-for-yugong-wy75-7-8\/","title":{"rendered":"Cilindro della benna per Yugong WY75-7-8"},"content":{"rendered":"<h2>Introduzione<\/h2>\n<h3>Definizione del cilindro della benna per Yugong WY75-7-8<\/h3>\n<p>Il cilindro della benna per Yugong WY75-7-8 \u00e8 un tipo di cilindro idraulico specializzato, progettato principalmente per controllare il movimento della benna in macchinari pesanti come escavatori, terne e pale caricatrici frontali. La sua funzione principale \u00e8 quella di consentire alla benna di sollevarsi, abbassarsi e inclinarsi, facilitando cos\u00ec diverse attivit\u00e0 di movimentazione dei materiali. Nel sistema idraulico, il cilindro della benna garantisce un controllo preciso della benna attraverso variazioni della pressione dell'olio idraulico, consentendo agli operatori di gestire carichi pesanti in modo efficiente e di adattarsi ad ambienti di lavoro complessi e a diverse esigenze operative.<\/p>\n<p><img decoding=\"async\" src=\"https:\/\/www.hydraulic-cylinders.net\/wp-content\/uploads\/2025\/01\/songte-company-2.webp\"\/><\/p>\n<h3>Caratteristiche del cilindro della benna per Yugong WY75-7-8<\/h3>\n<ul>\n<li><strong>Elevata resistenza e durata:<\/strong> Solitamente realizzati in acciaio ad alta resistenza o alluminio, possono sopportare pressioni elevate e carichi pesanti, adattandosi ad ambienti di lavoro difficili, e sono progettati con caratteristiche di resistenza all'usura e alla corrosione per prolungarne la durata utile.<\/li>\n<li><strong>Funzionamento idraulico efficiente:<\/strong> Utilizzando la pressione dell'olio idraulico per ottenere azioni di espansione e contrazione fluide, pu\u00f2 rispondere rapidamente ai comandi di controllo, fornendo potenti forze di spinta e trazione, adatte alla movimentazione di carichi pesanti e attivit\u00e0 operative complesse.<\/li>\n<li><strong>Vari tipi:<\/strong> \u00c8 possibile scegliere tra cilindri a semplice effetto (idraulici utilizzati in una sola direzione) o a doppio effetto (idraulici utilizzati in due direzioni) in base alle esigenze operative. Alcuni modelli sono telescopici, consentendo una maggiore estensione senza aumentare l'ingombro esterno, adatti ad applicazioni con spazio limitato.<\/li>\n<li><strong>Facile da produrre:<\/strong> I nostri prodotti possono sostituire perfettamente questi cilindri idraulici.<\/li>\n<\/ul>\n<p><img decoding=\"async\" src=\"https:\/\/www.hydraulic-cylinders.net\/wp-content\/uploads\/2025\/01\/songte-cylinder-head-with-all-kinds-excavator-models.webp\"\/><\/p>\n<h3>Applicazioni del cilindro della benna per Yugong WY75-7-8<\/h3>\n<p>Il cilindro della benna per Yugong WY75-7-8 \u00e8 ampiamente utilizzato in vari macchinari pesanti, tra cui:<\/p>\n<ul>\n<li><strong>Attrezzature per l'edilizia:<\/strong> Negli escavatori, sono essenziali per scavare, caricare e spostare terreno o detriti. Nelle terne, i cilindri della benna aiutano sia nello scavo che nel sollevamento. <\/li>\n<li><strong>Macchine agricole:<\/strong> Utilizzati nelle pale caricatrici frontali per raccogliere, sollevare e trasportare terra, fieno e altri materiali, i cilindri delle benne degli escavatori consentono di scavare nel terreno. <\/li>\n<li><strong>Caricatore:<\/strong> Nelle pale caricatrici frontali, i cilindri della benna aiutano a sollevare e scaricare le merci in modo efficace.<\/li>\n<\/ul>\n<h3>Considerazioni sulla progettazione e criteri di selezione per il cilindro della benna per Yugong WY75-7-8<\/h3>\n<p>Nella progettazione e nella scelta dei cilindri per benne, \u00e8 necessario considerare diversi fattori per garantirne l'affidabilit\u00e0 e le prestazioni. Questi fattori includono:<\/p>\n<ul>\n<li><strong>Capacit\u00e0 portante:<\/strong> Garantire che il cilindro della benna possa sopportare i carichi applicati e svolgere le sue funzioni senza guasti.<\/li>\n<li><strong>Sigillatura:<\/strong> Utilizzando varie guarnizioni, come guarnizioni per pistoni, guarnizioni per steli, ecc., e selezionando materiali resistenti all'usura come poliuretano e gomma nitrilica per le guarnizioni, il corpo del cilindro e la superficie terminale filettata vengono lavorati con cura per migliorare la resistenza all'usura; inoltre, \u00e8 necessario un rifornimento regolare per la lubrificazione.<\/li>\n<li><strong>Durata:<\/strong> Garantire che il cilindro della benna possa resistere a condizioni ambientali difficili e mantenere le sue prestazioni per un lungo periodo.<\/li>\n<li><strong>Sicurezza:<\/strong> Garantire che il cilindro della benna sia sicuro da usare e non rappresenti alcun pericolo per gli operatori o altre attrezzature.<\/li>\n<li><strong>Manutenibilit\u00e0:<\/strong> Garantire che il cilindro della benna sia facile da manutenere e riparare, riducendo i tempi di fermo e i costi di manutenzione.<\/li>\n<\/ul>\n<p><img decoding=\"async\" src=\"https:\/\/www.hydraulic-cylinders.net\/wp-content\/uploads\/2025\/01\/songte-oil-pipes-and-spare-parts.webp\"\/><\/p>\n<h3>Manutenzione e risoluzione dei problemi del cilindro della benna per Yugong WY75-7-8<\/h3>\n<p>La manutenzione e l'ispezione regolari sono essenziali per garantire il funzionamento affidabile dei cilindri delle benne. Alcune delle attivit\u00e0 di manutenzione pi\u00f9 comuni includono:<\/p>\n<ul>\n<li><strong>Ispezione regolare:<\/strong> Ispezionare il corpo del cilindro, il pistone, lo stelo e le guarnizioni per verificare la presenza di usura e danni.<\/li>\n<li><strong>Lubrificazione:<\/strong> Applicare la quantit\u00e0 appropriata di olio idraulico al corpo del cilindro e alle guarnizioni per garantire un funzionamento regolare e prevenire usura e danni.<\/li>\n<li><strong>Sostituzione della guarnizione:<\/strong> Sostituzione delle guarnizioni usurate o danneggiate per mantenere le prestazioni di tenuta del cilindro.<\/li>\n<\/ul>\n<p>Installazione, lubrificazione e regolazione corrette sono fondamentali per il funzionamento affidabile e sicuro dei cilindri della benna. Durante l'installazione, si raccomanda di allineare correttamente il cilindro e di utilizzare staffe di montaggio appropriate per fissarlo. Si raccomandano ispezioni, riparazioni e sostituzioni regolari per prolungare la durata utile del cilindro della benna e migliorarne l'affidabilit\u00e0.<\/p>\n<p><img decoding=\"async\" src=\"https:\/\/www.hydraulic-cylinders.net\/wp-content\/uploads\/2025\/01\/songte-chushion-collar.webp\"\/><\/p>\n<h3>Considerazioni sulla sicurezza e fattori ambientali del cilindro della benna per Yugong WY75-7-8<\/h3>\n<p>Quando si utilizzano cilindri a benna, \u00e8 necessario adottare misure di sicurezza per prevenire incidenti e garantire un funzionamento sicuro. Si raccomanda di seguire le linee guida di sicurezza e di utilizzare dispositivi di protezione individuale adeguati, come guanti e occhiali protettivi. \u00c8 inoltre necessario considerare fattori ambientali, come temperatura, umidit\u00e0 ed esposizione a sostanze chimiche o materiali corrosivi, e adottare misure appropriate per proteggere il cilindro da eventuali danni.<\/p>\n<p><img decoding=\"async\" src=\"https:\/\/www.hydraulic-cylinders.net\/wp-content\/uploads\/2025\/01\/songte-bushings-with-all-kinds-of-excavator-models.webp\"\/><\/p>\n<h3>Conclusione<\/h3>\n<p>In qualit\u00e0 di produttore e grossista leader di cilindri idraulici, offriamo un'ampia gamma di prodotti per soddisfare diverse esigenze operative. Il nostro impegno per l'eccellenza nella qualit\u00e0, nella gestione della produzione e nel servizio clienti ci ha reso leader nel mercato globale. Grazie ai nostri stabilimenti produttivi all'avanguardia e al nostro team tecnico altamente qualificato, ci impegniamo a fornire ai nostri clienti prodotti efficienti, precisi e di alta qualit\u00e0. La nostra azienda offre servizi di personalizzazione professionali, certificazioni internazionali e un eccellente servizio post-vendita per garantire la soddisfazione del cliente.<\/p>\n<p><img decoding=\"async\" src=\"https:\/\/hzpt.com\/wp-content\/uploads\/2024\/11\/songte-company-1.webp\"\/><\/p>\n<p>Autore: lyl<\/p>","protected":false},"excerpt":{"rendered":"<p>Introduction Definition of Bucket Cylinder For Yugong WY75-7-8 The bucket cylinder for Yugong WY75-7-8 is a type of specialized hydraulic cylinder designed primarily to control the movement of the bucket in heavy machinery such as excavators, backhoe loaders, and front-end loaders. Its primary function is to enable the bucket to lift, lower, and tilt, thus [&hellip;]<\/p>","protected":false},"featured_media":14784,"comment_status":"open","ping_status":"closed","template":"","meta":{"_et_pb_use_builder":"","_et_pb_old_content":"","_et_gb_content_width":""},"product_brand":[],"product_cat":[1494],"product_tag":[1495,1496],"class_list":{"0":"post-15376","1":"product","2":"type-product","3":"status-publish","4":"has-post-thumbnail","6":"product_cat-bucket-cylinders","7":"product_tag-bucket-cylinders","8":"product_tag-hydraulic-cylinders","10":"first","11":"instock","12":"shipping-taxable","13":"product-type-simple"},"amp_enabled":true,"_links":{"self":[{"href":"https:\/\/www.hydraulic-cylinders.net\/it\/wp-json\/wp\/v2\/product\/15376","targetHints":{"allow":["GET"]}}],"collection":[{"href":"https:\/\/www.hydraulic-cylinders.net\/it\/wp-json\/wp\/v2\/product"}],"about":[{"href":"https:\/\/www.hydraulic-cylinders.net\/it\/wp-json\/wp\/v2\/types\/product"}],"replies":[{"embeddable":true,"href":"https:\/\/www.hydraulic-cylinders.net\/it\/wp-json\/wp\/v2\/comments?post=15376"}],"wp:featuredmedia":[{"embeddable":true,"href":"https:\/\/www.hydraulic-cylinders.net\/it\/wp-json\/wp\/v2\/media\/14784"}],"wp:attachment":[{"href":"https:\/\/www.hydraulic-cylinders.net\/it\/wp-json\/wp\/v2\/media?parent=15376"}],"wp:term":[{"taxonomy":"product_brand","embeddable":true,"href":"https:\/\/www.hydraulic-cylinders.net\/it\/wp-json\/wp\/v2\/product_brand?post=15376"},{"taxonomy":"product_cat","embeddable":true,"href":"https:\/\/www.hydraulic-cylinders.net\/it\/wp-json\/wp\/v2\/product_cat?post=15376"},{"taxonomy":"product_tag","embeddable":true,"href":"https:\/\/www.hydraulic-cylinders.net\/it\/wp-json\/wp\/v2\/product_tag?post=15376"}],"curies":[{"name":"parola chiave","href":"https:\/\/api.w.org\/{rel}","templated":true}]}}