{"id":15416,"date":"2025-01-19T14:30:13","date_gmt":"2025-01-19T14:30:13","guid":{"rendered":"https:\/\/www.hydraulic-cylinders.net\/product\/bucket-cylinder-for-volvo-wheel-excavator-ew205d\/"},"modified":"2025-01-19T14:30:15","modified_gmt":"2025-01-19T14:30:15","slug":"bucket-cylinder-for-volvo-wheel-excavator-ew205d","status":"publish","type":"product","link":"https:\/\/www.hydraulic-cylinders.net\/it\/prodotto\/bucket-cylinder-for-volvo-wheel-excavator-ew205d\/","title":{"rendered":"Cilindro della benna per escavatore gommato Volvo EW205D"},"content":{"rendered":"<p><!DOCTYPE html><br \/>\n<html><br \/>\n<head><br \/>\n<title>Cilindro della benna per escavatore gommato Volvo EW205D<\/title><br \/>\n<\/head><br \/>\n<body><\/p>\n<h1>Cilindro della benna per escavatore gommato Volvo EW205D<\/h1>\n<h2>Introduzione<\/h2>\n<p>Un cilindro benna \u00e8 un cilindro idraulico appositamente progettato per controllare il movimento della benna in macchinari pesanti come escavatori, terne e pale gommate. La sua funzione principale \u00e8 quella di consentire alla benna di sollevarsi, abbassarsi e inclinarsi, rendendola adatta a diverse attivit\u00e0 di movimentazione dei materiali. Nel sistema idraulico, il cilindro benna garantisce un controllo preciso della benna utilizzando le variazioni di pressione dell'olio idraulico, consentendo agli operatori di gestire in modo efficiente carichi pesanti e di adattarsi ad ambienti di lavoro complessi e a diverse esigenze operative.<\/p>\n<p><img decoding=\"async\" src=\"https:\/\/www.hydraulic-cylinders.net\/wp-content\/uploads\/2025\/01\/songte-company-2.webp\" alt=\"Immagine del cilindro del secchio\" \/><\/p>\n<h2>Caratteristiche<\/h2>\n<ul>\n<li>Elevata resistenza e durata: solitamente realizzato in acciaio o alluminio ad alta resistenza, il cilindro della benna pu\u00f2 sopportare pressioni elevate e carichi pesanti, adattandosi ad ambienti di lavoro difficili. Il suo design \u00e8 progettato per resistere all'usura e alla corrosione, prolungandone la durata.<\/li>\n<li>Funzionamento idraulico efficiente: utilizzando la pressione dell'olio idraulico, il cilindro della benna ottiene un'estensione e una retrazione fluide, consentendo una risposta rapida ai comandi di controllo e fornendo potenti forze di spinta e trazione adatte alla movimentazione di carichi pesanti e attivit\u00e0 complesse.<\/li>\n<li>Varie tipologie: i cilindri della benna possono essere scelti come cilindri a semplice effetto (pressione idraulica utilizzata in una sola direzione) o a doppio effetto (pressione idraulica utilizzata in entrambe le direzioni) a seconda delle esigenze operative. Alcuni modelli sono telescopici, consentendo una maggiore estensione senza aumentare le dimensioni esterne, rendendoli adatti ad applicazioni con spazio limitato.<\/li>\n<li>Sostituzione perfetta: i nostri prodotti possono sostituire perfettamente questi cilindri idraulici.<\/li>\n<\/ul>\n<p><img decoding=\"async\" src=\"https:\/\/www.hydraulic-cylinders.net\/wp-content\/uploads\/2025\/01\/songte-cylinder-head-with-all-kinds-excavator-models.webp\" alt=\"Modelli di cilindri a benna\" \/><\/p>\n<h2>Applicazioni<\/h2>\n<ul>\n<li>Attrezzature edili: presenti negli escavatori, sono essenziali per scavare, caricare e spostare terreno o detriti. Nelle terne, il cilindro della benna agevola sia lo scavo che il sollevamento.<\/li>\n<li>Macchine agricole: utilizzate nelle pale caricatrici frontali, servono per raccogliere, sollevare e trasportare terra, fieno e altri materiali.<\/li>\n<li>Escavatori: il cilindro della benna consente di effettuare azioni di scavo consentendo alla benna di penetrare nel terreno.<\/li>\n<li>Pale caricatrici: nelle pale caricatrici, aiutano a sollevare e scaricare efficacemente le merci.<\/li>\n<\/ul>\n<h2>Considerazioni progettuali e criteri di selezione<\/h2>\n<ul>\n<li>Bearing Capacity: The bucket cylinder&#8217;s ability to withstand loads.<\/li>\n<li>Tenuta: l'efficacia di varie guarnizioni, come le guarnizioni dei pistoni e delle aste, realizzate con materiali resistenti all'usura come poliuretano e gomma nitrilica.<\/li>\n<li>Durata: il corpo del cilindro e la superficie dell'estremit\u00e0 filettata sono finemente lavorati per migliorare la resistenza all'usura.<\/li>\n<li>Safety: Ensuring the cylinder&#8217;s structural integrity and adherence to safety standards.<\/li>\n<li>Manutenibilit\u00e0: facilit\u00e0 di manutenzione e riparazione.<\/li>\n<\/ul>\n<p><img decoding=\"async\" src=\"https:\/\/www.hydraulic-cylinders.net\/wp-content\/uploads\/2025\/01\/songte-oil-pipes-and-spare-parts.webp\" alt=\"Parti del cilindro idraulico\" \/><\/p>\n<h2>Sigillatura e lubrificazione<\/h2>\n<p>Il cilindro della benna utilizza diverse guarnizioni, come guarnizioni per pistone e guarnizioni per stelo, realizzate in materiali resistenti all'usura come poliuretano e gomma nitrilica. Il corpo del cilindro e la superficie terminale filettata sono sottoposti a una lavorazione di precisione per migliorarne la resistenza all'usura. Per un funzionamento regolare \u00e8 necessaria una lubrificazione regolare con la giusta quantit\u00e0 di olio idraulico.<\/p>\n<h2>Ispezione e manutenzione preventiva<\/h2>\n<ul>\n<li>Regular inspection and monitoring of the bucket cylinder&#8217;s performance.<\/li>\n<li>Lubrificazione adeguata per garantire un funzionamento regolare.<\/li>\n<li>Sostituzione delle guarnizioni e controlli di calibrazione quando necessario.<\/li>\n<\/ul>\n<p><img decoding=\"async\" src=\"https:\/\/www.hydraulic-cylinders.net\/wp-content\/uploads\/2025\/01\/songte-chushion-collar.webp\" alt=\"Manutenzione del cilindro idraulico\" \/><\/p>\n<h2>Considerazioni sulla sicurezza e fattori ambientali<\/h2>\n<p>Quando si utilizzano i cilindri delle benne, \u00e8 di fondamentale importanza seguire le misure di sicurezza per prevenire incidenti e garantire un ambiente di lavoro sicuro.<\/p>\n<p><img decoding=\"async\" src=\"https:\/\/www.hydraulic-cylinders.net\/wp-content\/uploads\/2025\/01\/songte-bushings-with-all-kinds-of-excavator-models.webp\" alt=\"Boccole del cilindro della benna\" \/><\/p>\n<h2>Risoluzione dei problemi e problemi comuni<\/h2>\n<p>Ecco alcuni suggerimenti e soluzioni comuni per la risoluzione dei problemi, utili per diagnosticare e risolvere i problemi relativi ai cilindri della benna.<\/p>\n<h2>Attivit\u00e0 di manutenzione<\/h2>\n<ul>\n<li>Ispezione regolare<\/li>\n<li>Lubrificazione adeguata<\/li>\n<li>Sostituzione della guarnizione<\/li>\n<li>Controlli di allineamento<\/li>\n<\/ul>\n<p>Installazione, lubrificazione e regolazione corrette sono essenziali. Il corretto allineamento del cilindro durante l'installazione \u00e8 fondamentale. Si consiglia di utilizzare staffe di installazione appropriate per fissare il cilindro. Vengono fornite procedure di ispezione, riparazione e sostituzione consigliate per garantire un utilizzo prolungato del cilindro della benna.<\/p>\n<p><img decoding=\"async\" src=\"https:\/\/www.hydraulic-cylinders.net\/wp-content\/uploads\/2025\/01\/songte-company-1.webp\" alt=\"Immagine aziendale del cilindro della benna\" \/><\/p>\n<h2>La nostra azienda<\/h2>\n<p>Siamo un produttore e distributore all'ingrosso leader di cilindri idraulici, specializzati nella sostituzione di cilindri idraulici. Offriamo un'ampia gamma di prodotti e siamo diventati uno dei principali produttori e grossisti sul mercato nazionale e internazionale. La nostra azienda persegue una strategia di eccellente qualit\u00e0, affidandosi alla gestione della produzione industrializzata di officine di produzione di alta qualit\u00e0. Grazie all'impiego di talenti tecnici, apparecchiature di produzione digitale all'avanguardia e sistemi di collaudo professionali, miglioriamo costantemente la nostra piattaforma produttiva e perfezioniamo il processo produttivo per garantire la qualit\u00e0 del prodotto. Abbiamo una forte capacit\u00e0 creativa e aderiamo ai principi di alta efficienza, alta precisione e alta qualit\u00e0 per soddisfare le diverse esigenze dei nostri clienti.<\/p>\n<p><img decoding=\"async\" src=\"https:\/\/www.hydraulic-cylinders.net\/wp-content\/uploads\/2025\/01\/songte-company-3.webp\" alt=\"Panoramica dell&#039;azienda Bucket Cylinder\" \/><\/p>\n<p>La nostra azienda \u00e8 nota per la sua professionalit\u00e0, le certificazioni internazionali, i servizi personalizzati, le attrezzature di produzione e il servizio post-vendita.<\/p>\n<p>Autore: lyl<\/p>\n<p><\/body><br \/>\n<\/html><\/p>","protected":false},"excerpt":{"rendered":"<p>Bucket Cylinder For Volvo Wheel Excavator EW205D Bucket Cylinder For Volvo Wheel Excavator EW205D Introduction A bucket cylinder is a specially designed hydraulic cylinder used to control the movement of the bucket in heavy machinery such as excavators, backhoe loaders, and wheel loaders. Its main function is to allow the bucket to lift, lower, and [&hellip;]<\/p>","protected":false},"featured_media":14761,"comment_status":"open","ping_status":"closed","template":"","meta":{"_et_pb_use_builder":"","_et_pb_old_content":"","_et_gb_content_width":""},"product_brand":[],"product_cat":[1494],"product_tag":[1495,1496],"class_list":{"0":"post-15416","1":"product","2":"type-product","3":"status-publish","4":"has-post-thumbnail","6":"product_cat-bucket-cylinders","7":"product_tag-bucket-cylinders","8":"product_tag-hydraulic-cylinders","10":"first","11":"instock","12":"shipping-taxable","13":"product-type-simple"},"amp_enabled":true,"_links":{"self":[{"href":"https:\/\/www.hydraulic-cylinders.net\/it\/wp-json\/wp\/v2\/product\/15416","targetHints":{"allow":["GET"]}}],"collection":[{"href":"https:\/\/www.hydraulic-cylinders.net\/it\/wp-json\/wp\/v2\/product"}],"about":[{"href":"https:\/\/www.hydraulic-cylinders.net\/it\/wp-json\/wp\/v2\/types\/product"}],"replies":[{"embeddable":true,"href":"https:\/\/www.hydraulic-cylinders.net\/it\/wp-json\/wp\/v2\/comments?post=15416"}],"wp:featuredmedia":[{"embeddable":true,"href":"https:\/\/www.hydraulic-cylinders.net\/it\/wp-json\/wp\/v2\/media\/14761"}],"wp:attachment":[{"href":"https:\/\/www.hydraulic-cylinders.net\/it\/wp-json\/wp\/v2\/media?parent=15416"}],"wp:term":[{"taxonomy":"product_brand","embeddable":true,"href":"https:\/\/www.hydraulic-cylinders.net\/it\/wp-json\/wp\/v2\/product_brand?post=15416"},{"taxonomy":"product_cat","embeddable":true,"href":"https:\/\/www.hydraulic-cylinders.net\/it\/wp-json\/wp\/v2\/product_cat?post=15416"},{"taxonomy":"product_tag","embeddable":true,"href":"https:\/\/www.hydraulic-cylinders.net\/it\/wp-json\/wp\/v2\/product_tag?post=15416"}],"curies":[{"name":"parola chiave","href":"https:\/\/api.w.org\/{rel}","templated":true}]}}