{"id":15431,"date":"2025-01-19T14:31:19","date_gmt":"2025-01-19T14:31:19","guid":{"rendered":"https:\/\/www.hydraulic-cylinders.net\/product\/bucket-cylinder-for-sany-middle-excavator-sy210c\/"},"modified":"2025-01-19T14:31:21","modified_gmt":"2025-01-19T14:31:21","slug":"bucket-cylinder-for-sany-middle-excavator-sy210c","status":"publish","type":"product","link":"https:\/\/www.hydraulic-cylinders.net\/it\/prodotto\/bucket-cylinder-for-sany-middle-excavator-sy210c\/","title":{"rendered":"Cilindro della benna per escavatore centrale Sany SY210C"},"content":{"rendered":"<p><!DOCTYPE html><br \/>\n<html><br \/>\n<head><br \/>\n<title>Cilindro della benna per escavatore centrale Sany SY210C<\/title><br \/>\n<\/head><br \/>\n<body><\/p>\n<h1>Cilindro della benna per escavatore centrale Sany SY210C<\/h1>\n<h2>Introduzione<\/h2>\n<p>Il cilindro della benna per l'escavatore Sany SY210C \u00e8 un cilindro idraulico appositamente progettato per controllare il movimento della benna in macchinari pesanti come escavatori, terne e pale caricatrici frontali. La sua funzione principale \u00e8 quella di consentire il sollevamento, l'abbassamento e l'inclinazione della benna, rendendolo pratico per diverse attivit\u00e0 di movimentazione dei materiali. Nel sistema idraulico, il cilindro della benna garantisce un controllo preciso della benna sfruttando la variazione di pressione dell'olio idraulico, consentendo agli operatori di gestire in modo efficiente carichi pesanti e di adattarsi ad ambienti di lavoro complessi e a diverse esigenze operative.<\/p>\n<p><img decoding=\"async\" src=\"https:\/\/www.hydraulic-cylinders.net\/wp-content\/uploads\/2025\/01\/songte-company-2.webp\"><\/p>\n<h2>Caratteristiche<\/h2>\n<ul>\n<li>Elevata resistenza e durata: solitamente realizzati in acciaio o alluminio ad alta resistenza, possono sopportare pressioni elevate e carichi pesanti, adattandosi ad ambienti di lavoro difficili. Il design \u00e8 studiato per garantire resistenza all'usura e alla corrosione, prolungandone la durata.<\/li>\n<li>Funzionamento idraulico efficiente: sfruttando la pressione dell'olio idraulico per ottenere movimenti di estensione e retrazione fluidi, pu\u00f2 rispondere rapidamente ai comandi di controllo, fornendo potenti forze di spinta e trazione adatte alla movimentazione di carichi pesanti e attivit\u00e0 complesse.<\/li>\n<li>Diverse tipologie: \u00e8 possibile scegliere tra cilindri a semplice effetto (idraulici utilizzati in una sola direzione) o a doppio effetto (idraulici utilizzati in entrambe le direzioni) in base alle esigenze operative. Alcuni modelli sono telescopici, consentendo una maggiore estensione senza aumentare le dimensioni esterne, rendendoli adatti ad applicazioni con spazio limitato.<\/li>\n<li>Sostituzione perfetta: il nostro prodotto pu\u00f2 sostituire perfettamente questi cilindri idraulici.<\/li>\n<\/ul>\n<p><img decoding=\"async\" src=\"https:\/\/www.hydraulic-cylinders.net\/wp-content\/uploads\/2025\/01\/songte-cylinder-head-with-all-kinds-excavator-models.webp\"><\/p>\n<h2>Applicazioni<\/h2>\n<p>Il cilindro della benna \u00e8 ampiamente utilizzato in varie attrezzature:<\/p>\n<ul>\n<li>Macchine edili: presenti negli escavatori, sono fondamentali per scavare, caricare e spostare terreno o detriti. Nelle terne, il cilindro della benna agevola sia lo scavo che il sollevamento.<\/li>\n<li>Macchine agricole: utilizzate nelle pale caricatrici frontali, aiutano a raccogliere, sollevare e trasportare terra, fieno e altri materiali.<\/li>\n<li>Escavatori: il cilindro della benna consente di effettuare azioni di scavo consentendo alla benna di penetrare nel terreno.<\/li>\n<li>Caricatori: nei caricatori frontali, facilitano il sollevamento e lo scarico efficienti delle merci.<\/li>\n<\/ul>\n<h2>Considerazioni progettuali e criteri di selezione<\/h2>\n<ul>\n<li>Capacit\u00e0 portante: la progettazione del cilindro garantisce la capacit\u00e0 di sopportare il carico specificato.<\/li>\n<li>Tenuta: vengono utilizzati vari componenti di tenuta, come guarnizioni per pistoni e steli. Queste guarnizioni sono realizzate in materiali resistenti all'usura come poliuretano e gomma nitrilica. Il corpo del cilindro e le estremit\u00e0 filettate sono trattati con cura per migliorarne la resistenza all'usura.<\/li>\n<\/ul>\n<p><img decoding=\"async\" src=\"https:\/\/www.hydraulic-cylinders.net\/wp-content\/uploads\/2025\/01\/songte-oil-pipes-and-spare-parts.webp\"><\/p>\n<h2>Sigillatura e lubrificazione<\/h2>\n<p>Il cilindro della benna utilizza vari componenti di tenuta, come guarnizioni del pistone e guarnizioni dello stelo, realizzati in materiali resistenti all'usura. Il corpo del cilindro e le superfici terminali filettate sono sottoposti a un trattamento di precisione per migliorarne la resistenza all'usura. Per garantire un funzionamento regolare, \u00e8 necessaria una lubrificazione regolare con olio idraulico.<\/p>\n<h2>Ispezione regolare e manutenzione preventiva<\/h2>\n<p>Ispezioni regolari e manutenzione preventiva sono fondamentali per prolungare la durata del cilindro della benna. \u00c8 necessario adottare le seguenti misure:<\/p>\n<ul>\n<li>Ispezionare regolarmente tutti i componenti<\/li>\n<li>Assicurare una corretta lubrificazione<\/li>\n<li>Sostituire le guarnizioni usurate<\/li>\n<li>Controlli di calibrazione<\/li>\n<\/ul>\n<h2>Guida all'installazione corretta<\/h2>\n<p>Proper installation is essential for the bucket cylinder&#8217;s performance. Follow these guidelines:<\/p>\n<ul>\n<li>Allineare correttamente il cilindro<\/li>\n<li>Utilizzare staffe di installazione appropriate per fissare il cilindro<\/li>\n<li>Procedure consigliate di ispezione, riparazione e sostituzione<\/li>\n<li>Fornire parti di ricambio e servizi di ricostruzione<\/li>\n<li>Suggerimenti per aumentare la durata del cilindro della benna<\/li>\n<\/ul>\n<p><img decoding=\"async\" src=\"https:\/\/www.hydraulic-cylinders.net\/wp-content\/uploads\/2025\/01\/songte-chushion-collar.webp\"><\/p>\n<h2>Considerazioni sulla sicurezza e fattori ambientali<\/h2>\n<p>\u00c8 di fondamentale importanza adottare misure di sicurezza durante l'utilizzo del cilindro della benna. \u00c8 necessario adottare misure di sicurezza per prevenire incidenti e proteggere l'ambiente.<\/p>\n<h2>Risoluzione dei problemi e problemi comuni<\/h2>\n<p>Quando si risolvono i problemi, tenere presente quanto segue:<\/p>\n<ul>\n<li>Fornire suggerimenti e soluzioni per la risoluzione dei problemi<\/li>\n<li>Misure preventive per ridurre al minimo i potenziali problemi<\/li>\n<\/ul>\n<p><img decoding=\"async\" src=\"https:\/\/www.hydraulic-cylinders.net\/wp-content\/uploads\/2025\/01\/songte-bushings-with-all-kinds-of-excavator-models.webp\"><\/p>\n<h2>Informazioni sulla nostra azienda<\/h2>\n<p>Siamo produttori di cilindri idraulici di ricambio e offriamo un'ampia gamma di prodotti. Siamo uno dei principali produttori e distributori all'ingrosso di cilindri idraulici sul mercato nazionale e internazionale. Puntiamo all'eccellenza qualitativa e ci affidiamo a strategie di gestione della produzione industrializzata nel nostro sofisticato laboratorio di produzione. La nostra azienda migliora costantemente la piattaforma produttiva, ottimizza il percorso produttivo per garantire la qualit\u00e0 dei prodotti e vanta una forte capacit\u00e0 creativa. Il nostro obiettivo \u00e8 soddisfare le diverse esigenze dei clienti con elevata efficienza, precisione e qualit\u00e0.<\/p>\n<p><img decoding=\"async\" src=\"https:\/\/www.hydraulic-cylinders.net\/wp-content\/uploads\/2025\/01\/songte-company-3.webp\"><\/p>\n<p>Siamo specializzati in:<\/p>\n<ul>\n<li>Certificazioni internazionali<\/li>\n<li>Servizi di personalizzazione<\/li>\n<li>Attrezzature di produzione<\/li>\n<li>Servizi post-vendita<\/li>\n<\/ul>\n<p>Autore: lyl<\/p>\n<p><\/body><br \/>\n<\/html><\/p>","protected":false},"excerpt":{"rendered":"<p>Bucket Cylinder For Sany Middle Excavator SY210C Bucket Cylinder For Sany Middle Excavator SY210C Introduction The bucket cylinder for Sany middle excavator SY210C is a specially designed hydraulic cylinder used to control the movement of the bucket in heavy machinery such as excavators, backhoe loaders, and front-end loaders. Its main function is to enable the [&hellip;]<\/p>","protected":false},"featured_media":14761,"comment_status":"open","ping_status":"closed","template":"","meta":{"_et_pb_use_builder":"","_et_pb_old_content":"","_et_gb_content_width":""},"product_brand":[],"product_cat":[1494],"product_tag":[1495,1496],"class_list":{"0":"post-15431","1":"product","2":"type-product","3":"status-publish","4":"has-post-thumbnail","6":"product_cat-bucket-cylinders","7":"product_tag-bucket-cylinders","8":"product_tag-hydraulic-cylinders","10":"first","11":"instock","12":"shipping-taxable","13":"product-type-simple"},"amp_enabled":true,"_links":{"self":[{"href":"https:\/\/www.hydraulic-cylinders.net\/it\/wp-json\/wp\/v2\/product\/15431","targetHints":{"allow":["GET"]}}],"collection":[{"href":"https:\/\/www.hydraulic-cylinders.net\/it\/wp-json\/wp\/v2\/product"}],"about":[{"href":"https:\/\/www.hydraulic-cylinders.net\/it\/wp-json\/wp\/v2\/types\/product"}],"replies":[{"embeddable":true,"href":"https:\/\/www.hydraulic-cylinders.net\/it\/wp-json\/wp\/v2\/comments?post=15431"}],"wp:featuredmedia":[{"embeddable":true,"href":"https:\/\/www.hydraulic-cylinders.net\/it\/wp-json\/wp\/v2\/media\/14761"}],"wp:attachment":[{"href":"https:\/\/www.hydraulic-cylinders.net\/it\/wp-json\/wp\/v2\/media?parent=15431"}],"wp:term":[{"taxonomy":"product_brand","embeddable":true,"href":"https:\/\/www.hydraulic-cylinders.net\/it\/wp-json\/wp\/v2\/product_brand?post=15431"},{"taxonomy":"product_cat","embeddable":true,"href":"https:\/\/www.hydraulic-cylinders.net\/it\/wp-json\/wp\/v2\/product_cat?post=15431"},{"taxonomy":"product_tag","embeddable":true,"href":"https:\/\/www.hydraulic-cylinders.net\/it\/wp-json\/wp\/v2\/product_tag?post=15431"}],"curies":[{"name":"parola chiave","href":"https:\/\/api.w.org\/{rel}","templated":true}]}}