{"id":15439,"date":"2025-01-19T14:31:56","date_gmt":"2025-01-19T14:31:56","guid":{"rendered":"https:\/\/www.hydraulic-cylinders.net\/product\/bucket-cylinder-for-sany-middle-excavator-sy265cq\/"},"modified":"2025-01-19T14:31:58","modified_gmt":"2025-01-19T14:31:58","slug":"bucket-cylinder-for-sany-middle-excavator-sy265cq","status":"publish","type":"product","link":"https:\/\/www.hydraulic-cylinders.net\/it\/prodotto\/bucket-cylinder-for-sany-middle-excavator-sy265cq\/","title":{"rendered":"Cilindro della benna per escavatore centrale Sany SY265CQ"},"content":{"rendered":"<h1>Cilindro della benna per escavatore centrale Sany SY265CQ<\/h1>\n<h2>Introduzione<\/h2>\n<p>Il cilindro della benna per l'escavatore Sany SY265CQ \u00e8 un cilindro idraulico appositamente progettato, utilizzato principalmente per controllare il movimento della benna in macchinari pesanti come escavatori, terne e pale caricatrici frontali. La sua funzione principale \u00e8 quella di consentire alla benna di sollevarsi, abbassarsi e inclinarsi, facilitando la movimentazione di materiali. Nei sistemi idraulici, i cilindri della benna sfruttano le variazioni della pressione dell'olio idraulico per controllare con precisione la benna, consentendo agli operatori di gestire in modo efficiente carichi pesanti e di adattarsi ad ambienti di lavoro complessi e a diverse esigenze operative.<\/p>\n<p><img decoding=\"async\" src=\"https:\/\/www.hydraulic-cylinders.net\/wp-content\/uploads\/2025\/01\/songte-company-2.webp\" alt=\"Immagine del cilindro del secchio\"><\/p>\n<h2>Caratteristiche<\/h2>\n<ul>\n<li>Elevata resistenza e durevolezza: solitamente realizzati in acciaio o alluminio ad alta resistenza, possono sopportare pressioni elevate e carichi pesanti, adattarsi ad ambienti di lavoro difficili ed sono progettati per garantire resistenza all'usura e alla corrosione per prolungarne la durata.<\/li>\n<li>Funzionamento idraulico efficiente: l'uso della pressione dell'olio idraulico consente movimenti di estensione e retrazione fluidi, pu\u00f2 rispondere rapidamente ai comandi di controllo, fornisce potenti forze di spinta e trazione ed \u00e8 adatto alla movimentazione di carichi pesanti e attivit\u00e0 di lavoro complesse.<\/li>\n<li>Diverse tipologie: cilindri a semplice effetto (che utilizzano l'idraulica in una sola direzione) o a doppio effetto (che utilizzano l'idraulica in entrambe le direzioni) possono essere selezionati in base alle esigenze operative per soddisfare diverse esigenze. Alcuni modelli sono telescopici, consentendo una maggiore estensione senza aumentare le dimensioni esterne, adatti ad applicazioni con spazi limitati.<\/li>\n<li>Sostituibile: il nostro prodotto pu\u00f2 sostituire perfettamente questi cilindri idraulici e possiamo produrlo.<\/li>\n<\/ul>\n<p><img decoding=\"async\" src=\"https:\/\/www.hydraulic-cylinders.net\/wp-content\/uploads\/2025\/01\/songte-cylinder-head-with-all-kinds-excavator-models.webp\" alt=\"Immagine del cilindro sostituibile\"><\/p>\n<h2>Applicazioni<\/h2>\n<p>Il cilindro della benna pu\u00f2 essere utilizzato in una variet\u00e0 di applicazioni per macchinari pesanti, tra cui:<\/p>\n<ul>\n<li>Attrezzature edili: negli escavatori, sono essenziali per scavare, caricare e spostare terra o detriti. Nelle terne, il cilindro della benna aiuta sia nello scavo che nel sollevamento. <\/li>\n<li>Macchine agricole: utilizzate come caricatori frontali, per raccogliere, sollevare e trasportare terra, fieno e altri materiali. <\/li>\n<li>Escavatori: il cilindro della benna realizza azioni di scavo consentendo alla benna di penetrare nel terreno. <\/li>\n<li>Caricatori: nei caricatori frontali, aiutano a sollevare e inclinare le merci.<\/li>\n<\/ul>\n<h2>Considerazioni progettuali e criteri di selezione<\/h2>\n<p>Nella progettazione dei cilindri per benne, gli aspetti chiave includono la capacit\u00e0 di carico, la tenuta, la durata, la sicurezza e la manutenibilit\u00e0. Ecco alcuni punti da considerare:<\/p>\n<ul>\n<li>Capacit\u00e0 di carico: il cilindro deve essere dimensionato per sopportare i carichi massimi previsti per l'applicazione specifica. <\/li>\n<li>Tenuta: vengono utilizzati vari componenti di tenuta, come guarnizioni per pistoni, guarnizioni per steli, ecc., realizzati in materiali resistenti all'usura, come poliuretano, gomma nitrilica, ecc. <\/li>\n<li>Durata: il cilindro deve essere progettato con materiali e superfici resistenti all'usura per prolungarne la durata. <\/li>\n<li>Sicurezza: un'installazione e una manutenzione corrette sono fondamentali per garantire il funzionamento sicuro del cilindro. <\/li>\n<li>Manutenibilit\u00e0: il cilindro deve essere progettato in modo da essere facile da smontare e rimontare per la manutenzione e la riparazione.<\/li>\n<\/ul>\n<p><img decoding=\"async\" src=\"https:\/\/www.hydraulic-cylinders.net\/wp-content\/uploads\/2025\/01\/songte-oil-pipes-and-spare-parts.webp\" alt=\"Immagine dei pezzi di ricambio\"><\/p>\n<h2>Sigillatura e lubrificazione<\/h2>\n<p>Il cilindro della benna utilizza vari componenti di tenuta per prevenire perdite di fluido idraulico. Pistoni e guarnizioni dello stelo sono generalmente realizzati in poliuretano o gomma nitrilica per resistere all'usura. I corpi dei cilindri e le superfici terminali filettate sono finemente lavorati per migliorare la resistenza all'usura. \u00c8 necessario un fluido idraulico adeguato per lubrificare il cilindro, prevenire la corrosione e favorire un funzionamento regolare. <\/p>\n<h2>Manutenzione e riparazione<\/h2>\n<p>Ispezioni regolari e manutenzione preventiva sono essenziali per garantire le massime prestazioni e la massima longevit\u00e0 del cilindro della benna. Ecco tre comuni attivit\u00e0 di manutenzione:<\/p>\n<ul>\n<li>Controlli regolari: controllare regolarmente l'usura, le perdite e il corretto funzionamento. <\/li>\n<li>Lubrificazione: applicare il lubrificante ai componenti del cilindro come raccomandato per prevenirne l'usura. <\/li>\n<li>Sostituzione delle guarnizioni e controllo della calibrazione: sostituire le guarnizioni usurate e calibrare il cilindro secondo necessit\u00e0 per garantirne il corretto funzionamento.<\/li>\n<\/ul>\n<p><img decoding=\"async\" src=\"https:\/\/www.hydraulic-cylinders.net\/wp-content\/uploads\/2025\/01\/songte-chushion-collar.webp\" alt=\"Immagine di manutenzione\"><\/p>\n<h2>Sicurezza e ambiente<\/h2>\n<p>Quando si utilizza il cilindro della benna, \u00e8 fondamentale seguire le opportune misure di sicurezza per prevenire incidenti e lesioni. Assicurarsi che il cilindro sia installato e utilizzato correttamente per evitare danni e perdite d'olio. Inoltre, \u00e8 necessario rispettare le norme ambientali, come il corretto smaltimento del fluido idraulico.<\/p>\n<h2>Diagnosi dei guasti e risoluzione dei problemi<\/h2>\n<p>In caso di problemi con il cilindro della benna, una diagnosi e una risoluzione dei problemi adeguate sono fondamentali per risolvere il problema in modo efficace. Ecco alcuni suggerimenti per la risoluzione dei problemi:<\/p>\n<ul>\n<li>Controllare eventuali perdite e guarnizioni danneggiate. <\/li>\n<li>Ispezionare il cilindro per verificare la presenza di danni visibili o usura. <\/li>\n<li>Assicurarsi che il fluido idraulico sia al livello corretto per evitare perdite o danni. <\/li>\n<\/ul>\n<p>Per prevenire i problemi prima che si verifichino, si consiglia di effettuare regolarmente manutenzione e ispezione.<\/p>\n<p><img decoding=\"async\" src=\"https:\/\/www.hydraulic-cylinders.net\/wp-content\/uploads\/2025\/01\/songte-bushings-with-all-kinds-of-excavator-models.webp\" alt=\"Immagine di risoluzione dei problemi\"><\/p>\n<h2>Informazioni sulla nostra azienda<\/h2>\n<p>Siamo produttori di cilindri idraulici di ricambio con una gamma completa di prodotti e siamo diventati uno dei principali produttori e distributori all'ingrosso di cilindri idraulici sul mercato nazionale ed estero. Aderiamo al principio dell'eccellenza qualitativa, ci affidiamo a strategie di gestione della produzione industrializzata in officine di produzione sofisticate, miglioriamo costantemente la piattaforma produttiva in officina, perfezioniamo il percorso produttivo per garantire la qualit\u00e0 del prodotto e vantiamo una solida capacit\u00e0 creativa. Soddisfiamo le diverse esigenze dei clienti con elevata efficienza, elevata precisione e principi di alta qualit\u00e0.<\/p>\n<p>La nostra azienda offre servizi professionali e personalizzabili e ha ottenuto certificazioni internazionali. Utilizziamo attrezzature all'avanguardia per la produzione dei nostri prodotti e offriamo un eccellente servizio post-vendita. <\/p>\n<p><img decoding=\"async\" src=\"https:\/\/www.hydraulic-cylinders.net\/wp-content\/uploads\/2025\/01\/songte-company-3.webp\" alt=\"La nostra immagine aziendale\"><\/p>\n<p>Autore: lyl<\/p>","protected":false},"excerpt":{"rendered":"<p>Bucket Cylinder For Sany Middle Excavator SY265CQ Introduction The bucket cylinder for Sany middle excavator SY265CQ is a specially designed hydraulic cylinder primarily used to control the movement of the bucket in heavy machinery such as excavators, backhoe excavators, and front-end loaders. Its main function is to allow the bucket to lift, lower, and tilt, [&hellip;]<\/p>","protected":false},"featured_media":14778,"comment_status":"open","ping_status":"closed","template":"","meta":{"_et_pb_use_builder":"","_et_pb_old_content":"","_et_gb_content_width":""},"product_brand":[],"product_cat":[1494],"product_tag":[1495,1496],"class_list":{"0":"post-15439","1":"product","2":"type-product","3":"status-publish","4":"has-post-thumbnail","6":"product_cat-bucket-cylinders","7":"product_tag-bucket-cylinders","8":"product_tag-hydraulic-cylinders","10":"first","11":"instock","12":"shipping-taxable","13":"product-type-simple"},"amp_enabled":true,"_links":{"self":[{"href":"https:\/\/www.hydraulic-cylinders.net\/it\/wp-json\/wp\/v2\/product\/15439","targetHints":{"allow":["GET"]}}],"collection":[{"href":"https:\/\/www.hydraulic-cylinders.net\/it\/wp-json\/wp\/v2\/product"}],"about":[{"href":"https:\/\/www.hydraulic-cylinders.net\/it\/wp-json\/wp\/v2\/types\/product"}],"replies":[{"embeddable":true,"href":"https:\/\/www.hydraulic-cylinders.net\/it\/wp-json\/wp\/v2\/comments?post=15439"}],"wp:featuredmedia":[{"embeddable":true,"href":"https:\/\/www.hydraulic-cylinders.net\/it\/wp-json\/wp\/v2\/media\/14778"}],"wp:attachment":[{"href":"https:\/\/www.hydraulic-cylinders.net\/it\/wp-json\/wp\/v2\/media?parent=15439"}],"wp:term":[{"taxonomy":"product_brand","embeddable":true,"href":"https:\/\/www.hydraulic-cylinders.net\/it\/wp-json\/wp\/v2\/product_brand?post=15439"},{"taxonomy":"product_cat","embeddable":true,"href":"https:\/\/www.hydraulic-cylinders.net\/it\/wp-json\/wp\/v2\/product_cat?post=15439"},{"taxonomy":"product_tag","embeddable":true,"href":"https:\/\/www.hydraulic-cylinders.net\/it\/wp-json\/wp\/v2\/product_tag?post=15439"}],"curies":[{"name":"parola chiave","href":"https:\/\/api.w.org\/{rel}","templated":true}]}}