{"id":15505,"date":"2025-01-19T14:36:53","date_gmt":"2025-01-19T14:36:53","guid":{"rendered":"https:\/\/www.hydraulic-cylinders.net\/product\/bucket-cylinder-for-zoomlion-large-excavator-ze330e\/"},"modified":"2025-01-19T14:36:55","modified_gmt":"2025-01-19T14:36:55","slug":"bucket-cylinder-for-zoomlion-large-excavator-ze330e","status":"publish","type":"product","link":"https:\/\/www.hydraulic-cylinders.net\/it\/prodotto\/bucket-cylinder-for-zoomlion-large-excavator-ze330e\/","title":{"rendered":"Cilindro della benna per escavatore grande Zoomlion ZE330E"},"content":{"rendered":"<h1>Cilindro della benna per escavatore grande Zoomlion ZE330E<\/h1>\n<h2>Introduzione<\/h2>\n<p>Il cilindro della benna per l'escavatore di grandi dimensioni Zoomlion ZE330E \u00e8 un cilindro idraulico appositamente progettato, utilizzato principalmente per controllare il movimento della benna in macchinari pesanti come escavatori, terne e pale caricatrici frontali. La sua funzione principale \u00e8 quella di consentire alla benna di sollevarsi, abbassarsi e inclinarsi, facilitando la gestione di diverse attivit\u00e0 di movimentazione dei materiali. Nel sistema idraulico, il cilindro della benna garantisce un controllo preciso del movimento della benna modificando la pressione dell'olio idraulico, consentendo agli operatori di gestire in modo efficiente carichi pesanti e di adattarsi ad ambienti di lavoro complessi e a diverse esigenze operative.<\/p>\n<p><img decoding=\"async\" src=\"https:\/\/www.hydraulic-cylinders.net\/wp-content\/uploads\/2025\/01\/songte-company-2.webp\" alt=\"Cilindro della benna\" \/><\/p>\n<h2>Caratteristiche del prodotto<\/h2>\n<ul>\n<li>\n<h3>Elevata resistenza e durata<\/h3>\n<p>I cilindri delle benne sono solitamente realizzati in acciaio ad alta resistenza o alluminio, in grado di sopportare pressioni elevate e carichi pesanti, di adattarsi ad ambienti di lavoro difficili e progettati tenendo conto della resistenza all'usura e alla corrosione, prolungandone la durata utile.<\/p>\n<\/li>\n<li>\n<h3>Funzionamento idraulico efficiente<\/h3>\n<p>I cilindri della benna sfruttano la pressione dell'olio idraulico per ottenere un movimento telescopico fluido, rispondono rapidamente ai comandi di controllo, forniscono una potente forza di spinta e trazione e sono adatti alla movimentazione di carichi pesanti e lavori complessi.<\/p>\n<\/li>\n<li>\n<h3>Diversi tipi<\/h3>\n<p>I cilindri della benna possono essere a semplice effetto (utilizzano l'idraulica in una sola direzione) o a doppio effetto (utilizzano l'idraulica in entrambe le direzioni) a seconda delle esigenze; \u200b\u200balcuni modelli sono telescopici, consentendo una maggiore espansione senza aumentare le dimensioni esterne, rendendoli adatti ad applicazioni con spazio limitato.<\/p>\n<\/li>\n<li>\n<h3>Sostituzioni di prodotti<\/h3>\n<p>I nostri prodotti possono sostituire perfettamente questi cilindri idraulici.<\/p>\n<\/li>\n<\/ul>\n<p><img decoding=\"async\" src=\"https:\/\/www.hydraulic-cylinders.net\/wp-content\/uploads\/2025\/01\/songte-cylinder-head-with-all-kinds-excavator-models.webp\" alt=\"Testata del cilindro\" \/><\/p>\n<h2>Applicazioni del cilindro della benna<\/h2>\n<p>Il cilindro della benna \u00e8 comunemente utilizzato in varie attrezzature edili, tra cui:<\/p>\n<ul>\n<li>\n<h3>Escavatori<\/h3>\n<p>Il cilindro della benna consente l'azione di scavo consentendo alla benna di penetrare nel terreno.<\/p>\n<\/li>\n<li>\n<h3>Terne<\/h3>\n<p>Il cilindro della benna \u00e8 utile sia per lo scavo che per il sollevamento.<\/p>\n<\/li>\n<li>\n<h3>Caricatori frontali<\/h3>\n<p>Il cilindro della benna aiuta a sollevare e inclinare la benna del caricatore, rendendo pi\u00f9 efficace lo scarico e lo scarico dei materiali.<\/p>\n<\/li>\n<\/ul>\n<h2>Considerazioni progettuali e criteri di selezione<\/h2>\n<p>Nella scelta e nella progettazione dei cilindri per benne, \u00e8 importante considerare fattori chiave come capacit\u00e0 di carico, tenuta, durata, sicurezza e manutenibilit\u00e0. Ecco alcuni punti importanti da considerare:<\/p>\n<ul>\n<li>\n<h3>Capacit\u00e0 portante<\/h3>\n<p>Il cilindro della benna deve essere progettato per sopportare il carico che dovr\u00e0 sopportare, determinato dal peso del materiale da movimentare e dalle forze coinvolte nel suo movimento.<\/p>\n<\/li>\n<li>\n<h3>Sigillatura e durata<\/h3>\n<p>I cilindri a tazza richiedono materiali di tenuta di alta qualit\u00e0, come guarnizioni per pistoni e steli realizzate in materiali resistenti all'usura come poliuretano e gomma nitrilica. \u00c8 inoltre essenziale garantire che la superficie del corpo del cilindro e l'estremit\u00e0 della filettatura siano accuratamente trattate per migliorarne la resistenza all'usura. \u00c8 inoltre necessario aggiungere regolarmente la giusta quantit\u00e0 di olio idraulico per la lubrificazione.<\/p>\n<\/li>\n<li>\n<h3>Sicurezza e manutenibilit\u00e0<\/h3>\n<p>I cilindri della benna devono essere progettati tenendo presente la sicurezza, con dispositivi di sicurezza integrati quali valvole di sicurezza e valvole di blocco, oltre a essere facili da manutenere e riparare, fornendo parti facili da sostituire e ricostruire e procedure di manutenzione appropriate per prolungarne la durata utile. <\/p>\n<\/li>\n<\/ul>\n<p><img decoding=\"async\" src=\"https:\/\/www.hydraulic-cylinders.net\/wp-content\/uploads\/2025\/01\/songte-oil-pipes-and-spare-parts.webp\" alt=\"Condotte petrolifere\"\/><\/p>\n<h2>Manutenzione e risoluzione dei problemi<\/h2>\n<p>Ispezioni regolari e manutenzione preventiva sono essenziali per mantenere il cilindro della benna in buone condizioni di funzionamento. Ecco alcune comuni attivit\u00e0 di manutenzione:<\/p>\n<ul>\n<li>\n<h3>Ispezione regolare<\/h3>\n<p>Controllare eventuali perdite, ammaccature o graffi, assicurarsi che il cilindro sia adeguatamente lubrificato e pulito e controllare che i tubi idraulici e i connettori non siano danneggiati o usurati.<\/p>\n<\/li>\n<li>\n<h3>Lubrificazione<\/h3>\n<p>\u00c8 importante utilizzare il tipo e la quantit\u00e0 corretti di olio idraulico per garantire un funzionamento regolare ed efficiente e proteggerlo dall'usura.<\/p>\n<\/li>\n<li>\n<h3>Sostituzione della guarnizione e ispezione della calibrazione<\/h3>\n<p>Sostituire le parti di tenuta usurate e controllare la taratura, apportare le regolazioni necessarie per garantire il movimento preciso del cilindro.<\/p>\n<\/li>\n<\/ul>\n<p>\u00c8 importante prestare attenzione alla corretta installazione, lubrificazione e regolazione durante la manutenzione del cilindro della benna per prevenire potenziali problemi come perdite, prestazioni ridotte o guasti completi. \u00c8 essenziale fornire istruzioni adeguate per l'installazione, utilizzare staffe di montaggio appropriate per fissare il cilindro, consigliare procedure di controllo, riparazione e sostituzione e fornire suggerimenti per migliorare la durata del cilindro della benna.<\/p>\n<p><img decoding=\"async\" src=\"https:\/\/www.hydraulic-cylinders.net\/wp-content\/uploads\/2025\/01\/songte-chushion-collar.webp\" alt=\"Collare Chushion\"\/><\/p>\n<h2>Considerazioni sulla sicurezza e fattori ambientali<\/h2>\n<p>Quando si lavora con i cilindri idraulici, \u00e8 importante seguire le misure di sicurezza, come indossare adeguati dispositivi di protezione individuale, tenere mani e indumenti lontani dalle parti in movimento e assicurarsi che l'attrezzatura sia in buone condizioni di funzionamento. Anche lo smaltimento corretto dell'olio idraulico \u00e8 importante per proteggere l'ambiente.<\/p>\n<p><img decoding=\"async\" src=\"https:\/\/www.hydraulic-cylinders.net\/wp-content\/uploads\/2025\/01\/songte-bushings-with-all-kinds-of-excavator-models.webp\" alt=\"Boccole\"\/><\/p>\n<h2>Informazioni sulla nostra azienda<\/h2>\n<p>We are a manufacturer of replacement hydraulic cylinders with a complete range of products, becoming one of the leading manufacturers and wholesalers of hydraulic cylinders in the domestic and international markets. We adhere to the principle of excellent quality, rely on industrialized production management strategies in fine-manufacturing workshops, continuously improve the manufacturing platform, improve the product quality production line, and have strong innovation capabilities. We satisfy customers&#8217; diverse needs with the principles of high efficiency, high accuracy, and high quality.<\/p>\n<p>La nostra azienda fornisce servizi professionali, certificazioni internazionali, servizi personalizzati, attrezzature di produzione avanzate e servizi post-vendita.<\/p>\n<p><img decoding=\"async\" src=\"https:\/\/hzpt.com\/wp-content\/uploads\/2024\/11\/songte-company-1.webp\" alt=\"Profilo Aziendale\"\/><\/p>\n<p>Autore: lyl<\/p>","protected":false},"excerpt":{"rendered":"<p>Bucket Cylinder For Zoomlion Large Excavator ZE330E Introduction The bucket cylinder for Zoomlion large excavator ZE330E is a specially designed hydraulic cylinder mainly used to control the movement of the bucket in heavy machinery such as excavators, backhoe loaders, and front loaders. Its main function is to enable the bucket to lift, lower, and tilt, [&hellip;]<\/p>","protected":false},"featured_media":14762,"comment_status":"open","ping_status":"closed","template":"","meta":{"_et_pb_use_builder":"","_et_pb_old_content":"","_et_gb_content_width":""},"product_brand":[],"product_cat":[1494],"product_tag":[1495,1496],"class_list":{"0":"post-15505","1":"product","2":"type-product","3":"status-publish","4":"has-post-thumbnail","6":"product_cat-bucket-cylinders","7":"product_tag-bucket-cylinders","8":"product_tag-hydraulic-cylinders","10":"first","11":"instock","12":"shipping-taxable","13":"product-type-simple"},"amp_enabled":true,"_links":{"self":[{"href":"https:\/\/www.hydraulic-cylinders.net\/it\/wp-json\/wp\/v2\/product\/15505","targetHints":{"allow":["GET"]}}],"collection":[{"href":"https:\/\/www.hydraulic-cylinders.net\/it\/wp-json\/wp\/v2\/product"}],"about":[{"href":"https:\/\/www.hydraulic-cylinders.net\/it\/wp-json\/wp\/v2\/types\/product"}],"replies":[{"embeddable":true,"href":"https:\/\/www.hydraulic-cylinders.net\/it\/wp-json\/wp\/v2\/comments?post=15505"}],"wp:featuredmedia":[{"embeddable":true,"href":"https:\/\/www.hydraulic-cylinders.net\/it\/wp-json\/wp\/v2\/media\/14762"}],"wp:attachment":[{"href":"https:\/\/www.hydraulic-cylinders.net\/it\/wp-json\/wp\/v2\/media?parent=15505"}],"wp:term":[{"taxonomy":"product_brand","embeddable":true,"href":"https:\/\/www.hydraulic-cylinders.net\/it\/wp-json\/wp\/v2\/product_brand?post=15505"},{"taxonomy":"product_cat","embeddable":true,"href":"https:\/\/www.hydraulic-cylinders.net\/it\/wp-json\/wp\/v2\/product_cat?post=15505"},{"taxonomy":"product_tag","embeddable":true,"href":"https:\/\/www.hydraulic-cylinders.net\/it\/wp-json\/wp\/v2\/product_tag?post=15505"}],"curies":[{"name":"parola chiave","href":"https:\/\/api.w.org\/{rel}","templated":true}]}}