{"id":15508,"date":"2025-01-19T14:37:05","date_gmt":"2025-01-19T14:37:05","guid":{"rendered":"https:\/\/www.hydraulic-cylinders.net\/product\/bucket-cylinder-for-zoomlion-large-excavator-ze360e\/"},"modified":"2025-01-19T14:37:06","modified_gmt":"2025-01-19T14:37:06","slug":"bucket-cylinder-for-zoomlion-large-excavator-ze360e","status":"publish","type":"product","link":"https:\/\/www.hydraulic-cylinders.net\/it\/prodotto\/bucket-cylinder-for-zoomlion-large-excavator-ze360e\/","title":{"rendered":"Cilindro della benna per escavatore grande Zoomlion ZE360E"},"content":{"rendered":"<h1>Cilindro della benna per escavatore grande Zoomlion ZE360E<\/h1>\n<h2>Introduzione<\/h2>\n<p>Il cilindro della benna per l'escavatore di grandi dimensioni Zoomlion ZE360E \u00e8 un cilindro idraulico appositamente progettato per controllare il movimento della benna in macchinari pesanti come escavatori, terne e pale caricatrici frontali. La sua funzione principale \u00e8 quella di consentire il sollevamento, l'abbassamento e l'inclinazione della benna, facilitando diverse attivit\u00e0 di movimentazione dei materiali. In un sistema idraulico, il cilindro della benna consente un controllo preciso della benna sfruttando le variazioni della pressione dell'olio idraulico, consentendo agli operatori di gestire carichi pesanti in modo efficiente e di adattarsi ad ambienti di lavoro complessi e a diverse esigenze operative.<\/p>\n<p><img decoding=\"async\" src=\"https:\/\/www.hydraulic-cylinders.net\/wp-content\/uploads\/2025\/01\/songte-company-2.webp\"><\/p>\n<h2>Caratteristiche<\/h2>\n<ul>\n<li>Elevata resistenza e durata: solitamente realizzato in acciaio o alluminio ad alta resistenza, il cilindro della benna pu\u00f2 sopportare pressioni elevate e carichi pesanti, adattandosi ad ambienti di lavoro difficili. Il suo design tiene conto della resistenza all'usura e alla corrosione, prolungandone cos\u00ec la durata.<\/li>\n<li>Funzionamento idraulico efficiente: sfruttando la pressione dell'olio idraulico, il cilindro della benna consente movimenti di estensione e retrazione fluidi, consentendo una risposta rapida ai comandi e fornendo potenti forze di spinta e trazione. \u00c8 adatto per la movimentazione di carichi pesanti e lavori complessi.<\/li>\n<li>Varie tipologie: il cilindro della benna pu\u00f2 essere scelto come cilindro a semplice effetto (pressione idraulica utilizzata in una sola direzione) o a doppio effetto (pressione idraulica utilizzata in entrambe le direzioni), a seconda delle esigenze operative. Alcuni modelli sono telescopici, consentendo una maggiore estensione senza aumentare le dimensioni esterne, rendendoli adatti ad applicazioni con spazio limitato.<\/li>\n<\/ul>\n<p><img decoding=\"async\" src=\"https:\/\/www.hydraulic-cylinders.net\/wp-content\/uploads\/2025\/01\/songte-cylinder-head-with-all-kinds-excavator-models.webp\"><\/p>\n<h2>Applicazioni<\/h2>\n<p>Il cilindro della benna trova applicazione in diverse attrezzature:<\/p>\n<h3>Attrezzature per l'edilizia<\/h3>\n<p>Negli escavatori, sono essenziali per lo scavo, il carico e la movimentazione dei materiali. Nelle terne, il cilindro della benna agevola sia lo scavo che il sollevamento.<\/p>\n<h3>Macchine agricole<\/h3>\n<p>Utilizzato nelle pale caricatrici frontali per raccogliere, sollevare e trasportare terra, fieno e altri materiali.<\/p>\n<h3>Escavatori<\/h3>\n<p>Il cilindro della benna consente di effettuare azioni di scavo consentendo alla benna di penetrare nel terreno.<\/p>\n<h3>Caricatori<\/h3>\n<p>Nei caricatori frontali, aiutano a sollevare e scaricare le merci in modo efficiente.<\/p>\n<p><img decoding=\"async\" src=\"https:\/\/www.hydraulic-cylinders.net\/wp-content\/uploads\/2025\/01\/songte-oil-pipes-and-spare-parts.webp\"><\/p>\n<h2>Considerazioni progettuali e criteri di selezione<\/h2>\n<p>Per quanto riguarda le considerazioni progettuali, il cilindro della benna deve soddisfare determinati criteri in termini di capacit\u00e0 di carico, tenuta, durata, sicurezza e manutenibilit\u00e0:<\/p>\n<h3>Capacit\u00e0 portante<\/h3>\n<p>Il cilindro della benna deve essere progettato per resistere ai carichi e alle forze previsti nel suo ambiente operativo.<\/p>\n<h3>Sigillatura<\/h3>\n<p>\u00c8 necessario utilizzare vari componenti di tenuta, come guarnizioni per pistoni e steli, realizzati con materiali come poliuretano e gomma nitrilica, noti per la loro resistenza all'usura. Il corpo del cilindro e le estremit\u00e0 filettate devono essere sottoposti a un trattamento accurato per migliorarne la resistenza all'usura. Per un funzionamento regolare, \u00e8 necessaria una lubrificazione regolare con olio idraulico appropriato.<\/p>\n<p><img decoding=\"async\" src=\"https:\/\/www.hydraulic-cylinders.net\/wp-content\/uploads\/2025\/01\/songte-bushings-with-all-kinds-of-excavator-models.webp\"><\/p>\n<h2>Manutenzione e risoluzione dei problemi<\/h2>\n<p>Ispezioni regolari e interventi di manutenzione preventiva sono fondamentali per preservare le prestazioni e la durata del cilindro della benna. Alcune attivit\u00e0 di manutenzione comuni includono:<\/p>\n<ul>\n<li>Controlli regolari<\/li>\n<li>Lubrificazione adeguata<\/li>\n<li>Sostituzione della guarnizione<\/li>\n<li>Controlli di calibrazione<\/li>\n<\/ul>\n<p>Durante l'installazione, \u00e8 importante fornire una guida di allineamento adeguata. Si consiglia di utilizzare staffe di montaggio appropriate per fissare il cilindro. \u00c8 necessario seguire le procedure consigliate per l'ispezione, la riparazione e la sostituzione, e i servizi di ricostruzione e la disponibilit\u00e0 di ricambi possono contribuire a prolungare la durata del cilindro della benna.<\/p>\n<h2>Considerazioni sulla sicurezza e fattori ambientali<\/h2>\n<p>Quando si utilizza il cilindro della benna, \u00e8 essenziale dare priorit\u00e0 alle misure di sicurezza per prevenire incidenti e garantire la sicurezza degli operatori e dell'ambiente circostante.<\/p>\n<h2>Risoluzione dei problemi e problemi comuni<\/h2>\n<p>Quando si riscontrano problemi con il cilindro della benna, \u00e8 importante diagnosticarli e risolverli tempestivamente. Fornire suggerimenti e soluzioni per la risoluzione dei problemi pu\u00f2 aiutare i lettori a diagnosticare e risolvere efficacemente i problemi. Inoltre, suggerire misure preventive pu\u00f2 aiutare a ridurre al minimo i potenziali problemi.<\/p>\n<p><img decoding=\"async\" src=\"https:\/\/hzpt.com\/wp-content\/uploads\/2024\/11\/songte-company-1.webp\"><\/p>\n<h2>Informazioni sulla nostra azienda<\/h2>\n<p>Siamo produttori di cilindri idraulici di ricambio e uno dei principali produttori e distributori all'ingrosso di cilindri idraulici sul mercato nazionale e internazionale. Aderiamo ai principi di eccellenza qualitativa e ci affidiamo alle strategie di gestione della produzione industriale di officine manifatturiere all'avanguardia. Grazie al nostro talento tecnico, alle attrezzature di produzione digitali di fascia alta e ai sistemi di collaudo professionali, miglioriamo costantemente le nostre piattaforme di produzione, perfezioniamo i percorsi di produzione per garantire la qualit\u00e0 del prodotto e vantiamo una forte capacit\u00e0 creativa. Il nostro obiettivo \u00e8 soddisfare le diverse esigenze dei clienti con prodotti ad alta efficienza, elevata precisione e qualit\u00e0.<\/p>\n<p><img decoding=\"async\" src=\"https:\/\/www.hydraulic-cylinders.net\/wp-content\/uploads\/2025\/01\/songte-company-3.webp\"><\/p>\n<p>La nostra azienda \u00e8 nota per:<\/p>\n<ul>\n<li>Professionalit\u00e0<\/li>\n<li>Certificazioni internazionali<\/li>\n<li>Servizi di personalizzazione<\/li>\n<li>Attrezzature di produzione avanzate<\/li>\n<li>Servizi post-vendita<\/li>\n<\/ul>\n<p>Autore: lyl<\/p>","protected":false},"excerpt":{"rendered":"<p>Bucket Cylinder For Zoomlion Large Excavator ZE360E Introduction The bucket cylinder for Zoomlion large excavator ZE360E is a specially designed hydraulic cylinder that is used to control the movement of the bucket in heavy machinery such as excavators, backhoe loaders, and front loaders. Its main function is to enable the lifting, lowering, and tilting of [&hellip;]<\/p>","protected":false},"featured_media":14788,"comment_status":"open","ping_status":"closed","template":"","meta":{"_et_pb_use_builder":"","_et_pb_old_content":"","_et_gb_content_width":""},"product_brand":[],"product_cat":[1494],"product_tag":[1495,1496],"class_list":{"0":"post-15508","1":"product","2":"type-product","3":"status-publish","4":"has-post-thumbnail","6":"product_cat-bucket-cylinders","7":"product_tag-bucket-cylinders","8":"product_tag-hydraulic-cylinders","10":"first","11":"instock","12":"shipping-taxable","13":"product-type-simple"},"amp_enabled":true,"_links":{"self":[{"href":"https:\/\/www.hydraulic-cylinders.net\/it\/wp-json\/wp\/v2\/product\/15508","targetHints":{"allow":["GET"]}}],"collection":[{"href":"https:\/\/www.hydraulic-cylinders.net\/it\/wp-json\/wp\/v2\/product"}],"about":[{"href":"https:\/\/www.hydraulic-cylinders.net\/it\/wp-json\/wp\/v2\/types\/product"}],"replies":[{"embeddable":true,"href":"https:\/\/www.hydraulic-cylinders.net\/it\/wp-json\/wp\/v2\/comments?post=15508"}],"wp:featuredmedia":[{"embeddable":true,"href":"https:\/\/www.hydraulic-cylinders.net\/it\/wp-json\/wp\/v2\/media\/14788"}],"wp:attachment":[{"href":"https:\/\/www.hydraulic-cylinders.net\/it\/wp-json\/wp\/v2\/media?parent=15508"}],"wp:term":[{"taxonomy":"product_brand","embeddable":true,"href":"https:\/\/www.hydraulic-cylinders.net\/it\/wp-json\/wp\/v2\/product_brand?post=15508"},{"taxonomy":"product_cat","embeddable":true,"href":"https:\/\/www.hydraulic-cylinders.net\/it\/wp-json\/wp\/v2\/product_cat?post=15508"},{"taxonomy":"product_tag","embeddable":true,"href":"https:\/\/www.hydraulic-cylinders.net\/it\/wp-json\/wp\/v2\/product_tag?post=15508"}],"curies":[{"name":"parola chiave","href":"https:\/\/api.w.org\/{rel}","templated":true}]}}