{"id":15536,"date":"2025-01-19T14:39:14","date_gmt":"2025-01-19T14:39:14","guid":{"rendered":"https:\/\/www.hydraulic-cylinders.net\/product\/bucket-cylinder-for-lishide-small-excavator-sc160-8\/"},"modified":"2025-01-19T14:39:16","modified_gmt":"2025-01-19T14:39:16","slug":"bucket-cylinder-for-lishide-small-excavator-sc160-8","status":"publish","type":"product","link":"https:\/\/www.hydraulic-cylinders.net\/it\/prodotto\/bucket-cylinder-for-lishide-small-excavator-sc160-8\/","title":{"rendered":"Cilindro della benna per escavatore piccolo Lishide SC160.8"},"content":{"rendered":"<p><!DOCTYPE html><br \/>\n<html><br \/>\n<head><br \/>\n<title>Cilindro della benna per escavatore piccolo Lishide SC160.8<\/title><br \/>\n<\/head><br \/>\n<body><\/p>\n<h1>Cilindro della benna per escavatore piccolo Lishide SC160.8<\/h1>\n<h2>Introduzione<\/h2>\n<p>Il cilindro della benna per il piccolo escavatore Lishide SC160.8 \u00e8 un cilindro idraulico appositamente progettato per controllare il movimento della benna in macchinari pesanti, come escavatori, terne e pale caricatrici frontali. La sua funzione principale \u00e8 quella di consentire il sollevamento, l'abbassamento e l'inclinazione della benna, facilitando diverse attivit\u00e0 di movimentazione dei materiali. Nel sistema idraulico, il cilindro della benna garantisce un controllo preciso della benna sfruttando le variazioni di pressione dell'olio idraulico, consentendo agli operatori di gestire in modo efficiente carichi pesanti e di adattarsi ad ambienti di lavoro complessi e a diverse esigenze operative.<\/p>\n<p><img decoding=\"async\" src=\"https:\/\/www.hydraulic-cylinders.net\/wp-content\/uploads\/2025\/01\/songte-company-2.webp\"><\/p>\n<h2>Caratteristiche<\/h2>\n<ul>\n<li>Elevata resistenza e durata: solitamente realizzati in acciaio o alluminio ad alta resistenza, in grado di sopportare pressioni elevate e carichi pesanti, adattabili ad ambienti di lavoro difficili, progettati per resistere all'usura e alla corrosione, prolungandone la durata utile.<\/li>\n<li>Funzionamento idraulico efficiente: utilizza la pressione dell'olio idraulico per ottenere movimenti di estensione e retrazione fluidi, in grado di rispondere rapidamente ai comandi di controllo, fornendo potenti forze di spinta e trazione, adatte alla movimentazione di carichi pesanti e attivit\u00e0 operative complesse.<\/li>\n<li>Vari tipi: possono essere selezionati come cilindri a semplice effetto (idraulici utilizzati in una sola direzione) o a doppio effetto (idraulici utilizzati in entrambe le direzioni) in base a specifici requisiti operativi, con alcuni modelli telescopici, che consentono una maggiore estensione senza aumentare le dimensioni esterne, adatti per applicazioni con spazio limitato.<\/li>\n<\/ul>\n<p><img decoding=\"async\" src=\"https:\/\/www.hydraulic-cylinders.net\/wp-content\/uploads\/2025\/01\/songte-cylinder-head-with-all-kinds-excavator-models.webp\"><\/p>\n<h2>Applicazioni<\/h2>\n<ul>\n<li>Attrezzature edili: presenti negli escavatori, sono fondamentali per scavare, caricare e spostare terreno o detriti. Nelle terne, il cilindro della benna agevola sia lo scavo che il sollevamento.<\/li>\n<li>Macchine agricole: utilizzate nelle pale caricatrici frontali per raccogliere, sollevare e trasportare terra, fieno e altri materiali.<\/li>\n<li>Escavatori: il cilindro della benna consente di effettuare azioni di scavo consentendo alla benna di penetrare nel terreno.<\/li>\n<li>Caricatori: nei caricatori frontali, aiutano a sollevare e scaricare il carico in modo efficiente.<\/li>\n<\/ul>\n<h2>Considerazioni progettuali e criteri di selezione<\/h2>\n<ul>\n<li>Capacit\u00e0 portante: discutere la capacit\u00e0 del cilindro della benna di gestire carichi specifici.<\/li>\n<li>Tenuta: Esplorare l'uso di vari elementi di tenuta, come guarnizioni per pistoni e steli, realizzati in materiali resistenti all'usura come poliuretano e gomma nitrilica. Discutere il trattamento superficiale accurato del corpo del cilindro e delle estremit\u00e0 filettate per migliorare la resistenza all'usura. Evidenziare la necessit\u00e0 di una lubrificazione regolare con una quantit\u00e0 adeguata di olio idraulico.<\/li>\n<\/ul>\n<p><img decoding=\"async\" src=\"https:\/\/www.hydraulic-cylinders.net\/wp-content\/uploads\/2025\/01\/songte-oil-pipes-and-spare-parts.webp\"><\/p>\n<h2>Manutenzione e risoluzione dei problemi<\/h2>\n<ul>\n<li>Ispezione regolare: sottolineare l'importanza delle ispezioni periodiche per identificare potenziali problemi e garantire il corretto funzionamento del cilindro della benna.<\/li>\n<li>Lubrificazione: evidenziare la necessit\u00e0 di una lubrificazione adeguata per garantire il corretto funzionamento del cilindro.<\/li>\n<li>Sostituzione delle guarnizioni: considerare l'importanza di una sostituzione tempestiva delle guarnizioni per prevenire perdite e mantenere prestazioni ottimali.<\/li>\n<li>Controllo della calibrazione: discutere l'importanza dei controlli periodici della calibrazione per garantire un funzionamento accurato.<\/li>\n<li>Risoluzione dei problemi: fornisce suggerimenti e soluzioni per problemi comuni che possono verificarsi con il cilindro della benna, insieme a misure preventive per ridurre al minimo i potenziali problemi.<\/li>\n<\/ul>\n<p><img decoding=\"async\" src=\"https:\/\/www.hydraulic-cylinders.net\/wp-content\/uploads\/2025\/01\/songte-chushion-collar.webp\"><\/p>\n<h2>Considerazioni sulla sicurezza e fattori ambientali<\/h2>\n<p>Quando si utilizza il cilindro della benna, \u00e8 fondamentale rispettare le misure di sicurezza per prevenire incidenti e garantire un ambiente di lavoro sicuro.<\/p>\n<h2>Diagnosi dei guasti e problemi comuni<\/h2>\n<p>Discutere i guasti pi\u00f9 comuni e fornire suggerimenti e soluzioni per la risoluzione dei problemi, per aiutare i lettori a diagnosticare e risolvere efficacemente i problemi. Sottolineare l'importanza delle misure preventive per ridurre al minimo i potenziali problemi.<\/p>\n<p><img decoding=\"async\" src=\"https:\/\/www.hydraulic-cylinders.net\/wp-content\/uploads\/2025\/01\/songte-bushings-with-all-kinds-of-excavator-models.webp\"><\/p>\n<h2>Panoramica aziendale<\/h2>\n<p>Siamo un produttore e distributore all'ingrosso leader di cilindri idraulici di ricambio sul mercato nazionale e internazionale. La nostra ampia gamma di prodotti rispetta i pi\u00f9 elevati standard qualitativi ed \u00e8 realizzata nei nostri stabilimenti produttivi all'avanguardia. Concentrandoci sulla competenza tecnologica, su attrezzature di produzione all'avanguardia e su sistemi di collaudo professionali, miglioriamo costantemente la nostra piattaforma produttiva per garantire una produzione efficiente, precisa e di alta qualit\u00e0. Offriamo servizi personalizzati, un'assistenza post-vendita affidabile e ci impegniamo a soddisfare le diverse esigenze dei clienti.<\/p>\n<p><img decoding=\"async\" src=\"https:\/\/www.hydraulic-cylinders.net\/wp-content\/uploads\/2025\/01\/songte-company-3.webp\"><\/p>\n<p>Autore: lyl<\/p>\n<p><\/body><br \/>\n<\/html><\/p>","protected":false},"excerpt":{"rendered":"<p>Bucket Cylinder For Lishide Small Excavator SC160.8 Bucket Cylinder For Lishide Small Excavator SC160.8 Introduction The bucket cylinder for Lishide small excavator SC160.8 is a specially designed hydraulic cylinder used to control the movement of the bucket in heavy machinery, such as excavators, backhoe loaders, and front-end loaders. Its main function is to enable the [&hellip;]<\/p>","protected":false},"featured_media":14761,"comment_status":"open","ping_status":"closed","template":"","meta":{"_et_pb_use_builder":"","_et_pb_old_content":"","_et_gb_content_width":""},"product_brand":[],"product_cat":[1494],"product_tag":[1495,1496],"class_list":{"0":"post-15536","1":"product","2":"type-product","3":"status-publish","4":"has-post-thumbnail","6":"product_cat-bucket-cylinders","7":"product_tag-bucket-cylinders","8":"product_tag-hydraulic-cylinders","10":"first","11":"instock","12":"shipping-taxable","13":"product-type-simple"},"amp_enabled":true,"_links":{"self":[{"href":"https:\/\/www.hydraulic-cylinders.net\/it\/wp-json\/wp\/v2\/product\/15536","targetHints":{"allow":["GET"]}}],"collection":[{"href":"https:\/\/www.hydraulic-cylinders.net\/it\/wp-json\/wp\/v2\/product"}],"about":[{"href":"https:\/\/www.hydraulic-cylinders.net\/it\/wp-json\/wp\/v2\/types\/product"}],"replies":[{"embeddable":true,"href":"https:\/\/www.hydraulic-cylinders.net\/it\/wp-json\/wp\/v2\/comments?post=15536"}],"wp:featuredmedia":[{"embeddable":true,"href":"https:\/\/www.hydraulic-cylinders.net\/it\/wp-json\/wp\/v2\/media\/14761"}],"wp:attachment":[{"href":"https:\/\/www.hydraulic-cylinders.net\/it\/wp-json\/wp\/v2\/media?parent=15536"}],"wp:term":[{"taxonomy":"product_brand","embeddable":true,"href":"https:\/\/www.hydraulic-cylinders.net\/it\/wp-json\/wp\/v2\/product_brand?post=15536"},{"taxonomy":"product_cat","embeddable":true,"href":"https:\/\/www.hydraulic-cylinders.net\/it\/wp-json\/wp\/v2\/product_cat?post=15536"},{"taxonomy":"product_tag","embeddable":true,"href":"https:\/\/www.hydraulic-cylinders.net\/it\/wp-json\/wp\/v2\/product_tag?post=15536"}],"curies":[{"name":"parola chiave","href":"https:\/\/api.w.org\/{rel}","templated":true}]}}