{"id":15554,"date":"2025-01-19T14:40:34","date_gmt":"2025-01-19T14:40:34","guid":{"rendered":"https:\/\/www.hydraulic-cylinders.net\/product\/bucket-cylinder-for-lovol-small-excavator-fr75d\/"},"modified":"2025-01-19T14:40:36","modified_gmt":"2025-01-19T14:40:36","slug":"bucket-cylinder-for-lovol-small-excavator-fr75d","status":"publish","type":"product","link":"https:\/\/www.hydraulic-cylinders.net\/it\/prodotto\/bucket-cylinder-for-lovol-small-excavator-fr75d\/","title":{"rendered":"Cilindro della benna per escavatore piccolo Lovol FR75D"},"content":{"rendered":"<h1>Cilindro della benna per escavatore piccolo Lovol FR75D<\/h1>\n<h2>Introduzione<\/h2>\n<p>Il cilindro della benna \u00e8 un cilindro idraulico appositamente progettato, utilizzato principalmente per controllare il movimento della benna in macchinari pesanti come escavatori, terne e pale caricatrici frontali. La sua funzione principale \u00e8 quella di consentire il sollevamento, l'abbassamento e l'inclinazione della benna, facilitando la gestione di diverse attivit\u00e0 di movimentazione dei materiali. Nel sistema idraulico, il cilindro della benna consente un controllo preciso della benna sfruttando le variazioni di pressione dell'olio idraulico, consentendo agli operatori di gestire in modo efficiente carichi pesanti e di adattarsi ad ambienti di lavoro complessi e a diverse esigenze operative.<\/p>\n<p><img decoding=\"async\" src=\"https:\/\/www.hydraulic-cylinders.net\/wp-content\/uploads\/2025\/01\/songte-company-2.webp\" alt=\"Immagine del prodotto\"><\/p>\n<h2>Caratteristiche<\/h2>\n<ul>\n<li>Elevata resistenza e durata: solitamente realizzato in acciaio o alluminio ad alta resistenza, il cilindro della benna \u00e8 in grado di sopportare pressioni elevate e carichi pesanti, adattandosi a condizioni di lavoro difficili. Il suo design tiene conto della resistenza all'usura e alla corrosione, prolungandone la durata utile.<\/li>\n<li>Funzionamento idraulico efficiente: sfruttando la pressione dell'olio idraulico, il cilindro della benna esegue movimenti di estensione e retrazione fluidi, consentendo una risposta rapida ai comandi di controllo e fornendo potenti forze di spinta e trazione, adatte alla movimentazione di carichi pesanti e attivit\u00e0 operative complesse.<\/li>\n<li>Varie tipologie: il cilindro della benna pu\u00f2 essere scelto come cilindro a semplice effetto (idraulico utilizzato in una sola direzione) o a doppio effetto (idraulico utilizzato in entrambe le direzioni) in base alle specifiche esigenze operative. Alcuni modelli sono telescopici, consentendo una maggiore estensione senza aumentare le dimensioni esterne, rendendoli adatti ad applicazioni con spazi limitati.<\/li>\n<li>Sostituzione perfetta: i nostri prodotti possono sostituire perfettamente questi cilindri idraulici.<\/li>\n<\/ul>\n<p><img decoding=\"async\" src=\"https:\/\/www.hydraulic-cylinders.net\/wp-content\/uploads\/2025\/01\/songte-cylinder-head-with-all-kinds-excavator-models.webp\" alt=\"Immagine del prodotto\"><\/p>\n<h2>Applicazioni<\/h2>\n<p>Il cilindro a benna trova applicazione in diverse attrezzature:<\/p>\n<ul>\n<li>Attrezzature edili: \u00e8 fondamentale negli escavatori per scavare, caricare e spostare terreno o detriti. Nelle terne, il cilindro della benna agevola sia lo scavo che il sollevamento.<\/li>\n<li>Macchine agricole: utilizzate nelle pale caricatrici frontali per raccogliere, sollevare e trasportare terra, fieno e altri materiali.<\/li>\n<li>Escavatori: il cilindro della benna consente di effettuare azioni di scavo consentendo alla benna di penetrare nel terreno.<\/li>\n<li>Caricatori: nei caricatori frontali, aiutano a sollevare e scaricare le merci in modo efficiente.<\/li>\n<\/ul>\n<h2>Considerazioni progettuali e criteri di selezione<\/h2>\n<p>Quando si tratta di considerazioni progettuali, come capacit\u00e0 di carico, tenuta, durata, sicurezza e manutenibilit\u00e0, il cilindro della benna eccelle. Ecco i punti chiave:<\/p>\n<p><img decoding=\"async\" src=\"https:\/\/www.hydraulic-cylinders.net\/wp-content\/uploads\/2025\/01\/songte-oil-pipes-and-spare-parts.webp\" alt=\"Immagine del prodotto\"><\/p>\n<h2>Sigillatura e lubrificazione<\/h2>\n<p>Il cilindro della benna incorpora diverse guarnizioni, come quelle del pistone e dello stelo, realizzate in materiali resistenti all'usura come poliuretano e gomma nitrilica. Il corpo del cilindro e le superfici terminali filettate sono finemente trattate per aumentarne la resistenza all'usura. \u00c8 essenziale una lubrificazione regolare con la giusta quantit\u00e0 di olio idraulico.<\/p>\n<h2>Ispezione regolare e manutenzione preventiva<\/h2>\n<p>Per garantire prestazioni ottimali e longevit\u00e0, \u00e8 necessario effettuare ispezioni regolari e manutenzione preventiva:<\/p>\n<h2>Guida all'installazione corretta<\/h2>\n<p>Una corretta installazione \u00e8 fondamentale per le prestazioni e la durata del cilindro della benna. Ecco le linee guida:<\/p>\n<p><img decoding=\"async\" src=\"https:\/\/www.hydraulic-cylinders.net\/wp-content\/uploads\/2025\/01\/songte-chushion-collar.webp\" alt=\"Immagine del prodotto\"><\/p>\n<h2>Considerazioni sulla sicurezza e fattori ambientali<\/h2>\n<p>Non si pu\u00f2 sottovalutare l'importanza delle misure di sicurezza quando si utilizza il cilindro della benna, insieme ai fattori ambientali rilevanti.<\/p>\n<h2>Risoluzione dei problemi e problemi comuni<\/h2>\n<p>Ecco alcuni suggerimenti e soluzioni per la risoluzione dei problemi:<\/p>\n<p><img decoding=\"async\" src=\"https:\/\/www.hydraulic-cylinders.net\/wp-content\/uploads\/2025\/01\/songte-bushings-with-all-kinds-of-excavator-models.webp\" alt=\"Immagine del prodotto\"><\/p>\n<p>Ricordatevi di organizzare l'articolo in modo logico, di utilizzare sottotitoli per una facile navigazione, di incorporare immagini o grafici pertinenti per migliorare la comprensione e di assicurarvi che il contenuto sia chiaro, conciso e adatto a lettori con diversi livelli di conoscenza tecnica.<\/p>\n<h2>Informazioni sulla nostra azienda<\/h2>\n<p>Siamo produttori di cilindri idraulici di ricambio e offriamo una gamma completa di prodotti. Siamo diventati uno dei principali produttori e distributori all'ingrosso di cilindri idraulici sul mercato nazionale e internazionale. La nostra azienda aderisce ai principi di eccellenza qualitativa e si affida a strategie di gestione della produzione industrializzata nel nostro raffinato laboratorio di produzione. Concentrandoci sul talento tecnologico, sulle attrezzature di produzione digitale avanzate e sui sistemi di collaudo professionali, miglioriamo costantemente la nostra piattaforma produttiva e perfezioniamo il percorso produttivo per garantire la qualit\u00e0 del prodotto. Possediamo forti capacit\u00e0 creative e ci impegniamo a soddisfare le diverse esigenze dei clienti con elevata efficienza, precisione e qualit\u00e0.<\/p>\n<p><img decoding=\"async\" src=\"https:\/\/www.hydraulic-cylinders.net\/wp-content\/uploads\/2025\/01\/songte-company-3.webp\" alt=\"Immagine aziendale\"><\/p>\n<p>Inoltre, forniamo un'introduzione completa alla nostra azienda per quanto riguarda professionalit\u00e0, certificazioni internazionali, servizi personalizzati, attrezzature di produzione e servizi post-vendita.<\/p>\n<p>Autore: lyl<\/p>","protected":false},"excerpt":{"rendered":"<p>Bucket Cylinder For Lovol Small Excavator FR75D Introduction The bucket cylinder is a specially designed hydraulic cylinder primarily used to control the movement of the bucket in heavy machinery such as excavators, backhoe loaders, and front-end loaders. Its main function is to enable the lifting, lowering, and tilting of the bucket, making it easier to [&hellip;]<\/p>","protected":false},"featured_media":14787,"comment_status":"open","ping_status":"closed","template":"","meta":{"_et_pb_use_builder":"","_et_pb_old_content":"","_et_gb_content_width":""},"product_brand":[],"product_cat":[1494],"product_tag":[1495,1496],"class_list":{"0":"post-15554","1":"product","2":"type-product","3":"status-publish","4":"has-post-thumbnail","6":"product_cat-bucket-cylinders","7":"product_tag-bucket-cylinders","8":"product_tag-hydraulic-cylinders","10":"first","11":"instock","12":"shipping-taxable","13":"product-type-simple"},"amp_enabled":true,"_links":{"self":[{"href":"https:\/\/www.hydraulic-cylinders.net\/it\/wp-json\/wp\/v2\/product\/15554","targetHints":{"allow":["GET"]}}],"collection":[{"href":"https:\/\/www.hydraulic-cylinders.net\/it\/wp-json\/wp\/v2\/product"}],"about":[{"href":"https:\/\/www.hydraulic-cylinders.net\/it\/wp-json\/wp\/v2\/types\/product"}],"replies":[{"embeddable":true,"href":"https:\/\/www.hydraulic-cylinders.net\/it\/wp-json\/wp\/v2\/comments?post=15554"}],"wp:featuredmedia":[{"embeddable":true,"href":"https:\/\/www.hydraulic-cylinders.net\/it\/wp-json\/wp\/v2\/media\/14787"}],"wp:attachment":[{"href":"https:\/\/www.hydraulic-cylinders.net\/it\/wp-json\/wp\/v2\/media?parent=15554"}],"wp:term":[{"taxonomy":"product_brand","embeddable":true,"href":"https:\/\/www.hydraulic-cylinders.net\/it\/wp-json\/wp\/v2\/product_brand?post=15554"},{"taxonomy":"product_cat","embeddable":true,"href":"https:\/\/www.hydraulic-cylinders.net\/it\/wp-json\/wp\/v2\/product_cat?post=15554"},{"taxonomy":"product_tag","embeddable":true,"href":"https:\/\/www.hydraulic-cylinders.net\/it\/wp-json\/wp\/v2\/product_tag?post=15554"}],"curies":[{"name":"parola chiave","href":"https:\/\/api.w.org\/{rel}","templated":true}]}}