{"id":15590,"date":"2025-01-19T14:43:17","date_gmt":"2025-01-19T14:43:17","guid":{"rendered":"https:\/\/www.hydraulic-cylinders.net\/product\/bucket-cylinder-for-xgma-small-excavator-xg806\/"},"modified":"2025-01-19T14:43:19","modified_gmt":"2025-01-19T14:43:19","slug":"bucket-cylinder-for-xgma-small-excavator-xg806","status":"publish","type":"product","link":"https:\/\/www.hydraulic-cylinders.net\/it\/prodotto\/bucket-cylinder-for-xgma-small-excavator-xg806\/","title":{"rendered":"Cilindro della benna per escavatore piccolo XGMA XG806"},"content":{"rendered":"<p><!DOCTYPE html><br \/>\n<html><br \/>\n<head><br \/>\n<title>Cilindro della benna per escavatore piccolo XGMA XG806<\/title><br \/>\n<\/head><br \/>\n<body><\/p>\n<h1>Cilindro della benna per escavatore piccolo XGMA XG806<\/h1>\n<h2>Introduzione<\/h2>\n<p>Il cilindro della benna \u00e8 un cilindro idraulico appositamente progettato per controllare il movimento della benna in macchinari pesanti come escavatori, terne e pale caricatrici frontali. La sua funzione principale \u00e8 quella di consentire il sollevamento, l'abbassamento e l'inclinazione della benna, facilitando diverse attivit\u00e0 di movimentazione dei materiali. Nel sistema idraulico, il cilindro della benna consente un controllo preciso della benna sfruttando le variazioni di pressione dell'olio idraulico, consentendo agli operatori di gestire in modo efficiente carichi pesanti e di adattarsi ad ambienti di lavoro complessi e a diverse esigenze operative.<\/p>\n<p><img decoding=\"async\" src=\"https:\/\/www.hydraulic-cylinders.net\/wp-content\/uploads\/2025\/01\/songte-company-2.webp\" alt=\"Immagine del cilindro del secchio\"><\/p>\n<h2>Caratteristiche<\/h2>\n<ul>\n<li><strong>Elevata resistenza e durata:<\/strong> Tipicamente realizzato in acciaio ad alta resistenza o alluminio, il cilindro della benna pu\u00f2 sopportare pressioni elevate e carichi pesanti, adattandosi ad ambienti di lavoro difficili. Il suo design \u00e8 progettato per resistere all'usura e alla corrosione, prolungandone la durata.<\/li>\n<li><strong>Funzionamento idraulico efficiente:<\/strong> Utilizzando la pressione dell'olio idraulico, il cilindro della benna consente movimenti di estensione e contrazione fluidi, garantendo una risposta rapida ai comandi e sviluppando potenti forze di spinta e trazione. \u00c8 adatto alla movimentazione di carichi pesanti e lavori complessi.<\/li>\n<li><strong>Vari tipi:<\/strong> Il cilindro della benna pu\u00f2 essere scelto a semplice effetto (funzionamento idraulico in una sola direzione) o a doppio effetto (funzionamento idraulico in entrambe le direzioni) in base alle specifiche esigenze operative. Alcuni modelli sono telescopici, consentendo una maggiore estensione senza aumentare l'ingombro esterno, rendendoli adatti ad applicazioni con spazi limitati.<\/li>\n<li><strong>Sostituzione perfetta:<\/strong> I nostri prodotti possono sostituire perfettamente questi cilindri idraulici.<\/li>\n<\/ul>\n<p><img decoding=\"async\" src=\"https:\/\/www.hydraulic-cylinders.net\/wp-content\/uploads\/2025\/01\/songte-cylinder-head-with-all-kinds-excavator-models.webp\" alt=\"Immagine del prodotto\"><\/p>\n<h2>Applicazioni<\/h2>\n<h3>Attrezzature per l'edilizia:<\/h3>\n<p>Negli escavatori, sono fondamentali per lo scavo, il carico e lo spostamento di terreno o detriti. Nelle terne, il cilindro della benna agevola sia lo scavo che il sollevamento.<\/p>\n<h3>Macchine agricole:<\/h3>\n<p>Utilizzato nelle pale caricatrici frontali per raccogliere, sollevare e trasportare terra, fieno e altri materiali.<\/p>\n<h3>Escavatori:<\/h3>\n<p>Il cilindro della benna consente di effettuare azioni di scavo consentendo alla benna di penetrare nel terreno.<\/p>\n<h3>Caricatori:<\/h3>\n<p>Nei caricatori frontali, aiutano a sollevare e inclinare le merci in modo efficace.<\/p>\n<h2>Considerazioni progettuali e criteri di selezione<\/h2>\n<ul>\n<li><strong>Capacit\u00e0 portante:<\/strong> La capacit\u00e0 del cilindro della benna di sopportare carichi elevati \u00e8 un fattore progettuale importante.<\/li>\n<li><strong>Sigillatura:<\/strong> Diverse guarnizioni, come quelle per pistoni e steli, vengono utilizzate con materiali resistenti all'usura come poliuretano e gomma nitrilica. Il corpo del cilindro e le superfici terminali filettate sono finemente trattate per aumentarne la resistenza all'usura.<\/li>\n<\/ul>\n<p><img decoding=\"async\" src=\"https:\/\/www.hydraulic-cylinders.net\/wp-content\/uploads\/2025\/01\/songte-oil-pipes-and-spare-parts.webp\" alt=\"Immagine del prodotto\"><\/p>\n<h2>Sigillatura e lubrificazione<\/h2>\n<p>Il cilindro della benna utilizza diverse guarnizioni, come quelle per pistone e stelo, realizzate in materiali resistenti all'usura come poliuretano e gomma nitrilica. Il corpo del cilindro e le superfici terminali filettate sono sottoposti a un trattamento di precisione per migliorarne la resistenza all'usura. Per un funzionamento regolare, \u00e8 necessaria una lubrificazione regolare con olio idraulico idoneo.<\/p>\n<h2>Misure di ispezione regolare e manutenzione preventiva<\/h2>\n<ul>\n<li>Controllare regolarmente eventuali segni di perdite o danni.<\/li>\n<li>Assicurare la corretta lubrificazione del cilindro.<\/li>\n<li>Sostituire regolarmente le guarnizioni per mantenere prestazioni ottimali.<\/li>\n<li>Eseguire controlli di calibrazione per garantire un funzionamento accurato.<\/li>\n<\/ul>\n<p><img decoding=\"async\" src=\"https:\/\/www.hydraulic-cylinders.net\/wp-content\/uploads\/2025\/01\/songte-chushion-collar.webp\" alt=\"Immagine del prodotto\"><\/p>\n<h2>Considerazioni sulla sicurezza e fattori ambientali<\/h2>\n<p>Quando si utilizza il cilindro della benna, \u00e8 importante seguire le misure di sicurezza per garantire il benessere del personale e ridurre al minimo l'impatto ambientale.<\/p>\n<h2>Diagnosi dei guasti e problemi comuni<\/h2>\n<p>Guasti e problemi comuni al cilindro della benna possono includere perdite, potenza insufficiente e movimenti anomali. Tecniche di risoluzione dei problemi e di risoluzione dei problemi adeguate sono essenziali per diagnosticare e risolvere efficacemente questi problemi. L'implementazione di misure preventive pu\u00f2 contribuire a ridurre al minimo i potenziali problemi.<\/p>\n<p><img decoding=\"async\" src=\"https:\/\/www.hydraulic-cylinders.net\/wp-content\/uploads\/2025\/01\/songte-bushings-with-all-kinds-of-excavator-models.webp\" alt=\"Immagine del prodotto\"><\/p>\n<h2>Attivit\u00e0 di manutenzione<\/h2>\n<ul>\n<li>Ispezioni regolari<\/li>\n<li>Lubrificazione adeguata<\/li>\n<li>Sostituzione delle guarnizioni<\/li>\n<li>Controlli di calibrazione<\/li>\n<\/ul>\n<p>Installazione, lubrificazione e regolazione corrette sono fondamentali per prestazioni ottimali del cilindro della benna. Durante l'installazione, \u00e8 necessario fornire istruzioni per un corretto allineamento e si raccomanda l'uso di staffe di montaggio appropriate per fissare il cilindro. \u00c8 inoltre necessario fornire procedure di ispezione, riparazione e sostituzione consigliate, nonch\u00e9 suggerimenti per prolungare la durata del cilindro della benna.<\/p>\n<p><img decoding=\"async\" src=\"https:\/\/hzpt.com\/wp-content\/uploads\/2024\/11\/songte-company-1.webp\" alt=\"Immagine aziendale\"><\/p>\n<h2>Informazioni sulla nostra azienda<\/h2>\n<p>Siamo un produttore e distributore all'ingrosso leader di cilindri idraulici sul mercato nazionale e internazionale. La nostra azienda offre un'ampia gamma di prodotti e si impegna a garantire l'eccellenza qualitativa. Disponiamo di un'officina di produzione sofisticata, di attrezzature di produzione digitale avanzate e di sistemi di collaudo professionali, che ci consentono di migliorare costantemente la piattaforma produttiva, ottimizzare i percorsi di produzione e la qualit\u00e0 dei prodotti e di possedere una forte capacit\u00e0 di innovazione. Ci impegniamo a soddisfare le diverse esigenze dei clienti con elevata efficienza, precisione e qualit\u00e0.<\/p>\n<p><img decoding=\"async\" src=\"https:\/\/www.hydraulic-cylinders.net\/wp-content\/uploads\/2025\/01\/songte-company-3.webp\" alt=\"Immagine aziendale\"><\/p>\n<h3>Perch\u00e9 sceglierci<\/h3>\n<ul>\n<li>Professionalit\u00e0<\/li>\n<li>Certificazioni internazionali<\/li>\n<li>Servizi di personalizzazione<\/li>\n<li>Attrezzature di produzione avanzate<\/li>\n<li>Servizi post-vendita<\/li>\n<\/ul>\n<p>Autore: lyl<\/p>\n<p><\/body><br \/>\n<\/html><\/p>","protected":false},"excerpt":{"rendered":"<p>Bucket Cylinder For XGMA Small Excavator XG806 Bucket Cylinder For XGMA Small Excavator XG806 Introduction The bucket cylinder is a specially designed hydraulic cylinder used to control the movement of the bucket in heavy machinery such as excavators, backhoe loaders, and front-end loaders. Its main function is to enable the lifting, lowering, and tilting of [&hellip;]<\/p>","protected":false},"featured_media":14776,"comment_status":"open","ping_status":"closed","template":"","meta":{"_et_pb_use_builder":"","_et_pb_old_content":"","_et_gb_content_width":""},"product_brand":[],"product_cat":[1494],"product_tag":[1495,1496],"class_list":{"0":"post-15590","1":"product","2":"type-product","3":"status-publish","4":"has-post-thumbnail","6":"product_cat-bucket-cylinders","7":"product_tag-bucket-cylinders","8":"product_tag-hydraulic-cylinders","10":"first","11":"instock","12":"shipping-taxable","13":"product-type-simple"},"amp_enabled":true,"_links":{"self":[{"href":"https:\/\/www.hydraulic-cylinders.net\/it\/wp-json\/wp\/v2\/product\/15590","targetHints":{"allow":["GET"]}}],"collection":[{"href":"https:\/\/www.hydraulic-cylinders.net\/it\/wp-json\/wp\/v2\/product"}],"about":[{"href":"https:\/\/www.hydraulic-cylinders.net\/it\/wp-json\/wp\/v2\/types\/product"}],"replies":[{"embeddable":true,"href":"https:\/\/www.hydraulic-cylinders.net\/it\/wp-json\/wp\/v2\/comments?post=15590"}],"wp:featuredmedia":[{"embeddable":true,"href":"https:\/\/www.hydraulic-cylinders.net\/it\/wp-json\/wp\/v2\/media\/14776"}],"wp:attachment":[{"href":"https:\/\/www.hydraulic-cylinders.net\/it\/wp-json\/wp\/v2\/media?parent=15590"}],"wp:term":[{"taxonomy":"product_brand","embeddable":true,"href":"https:\/\/www.hydraulic-cylinders.net\/it\/wp-json\/wp\/v2\/product_brand?post=15590"},{"taxonomy":"product_cat","embeddable":true,"href":"https:\/\/www.hydraulic-cylinders.net\/it\/wp-json\/wp\/v2\/product_cat?post=15590"},{"taxonomy":"product_tag","embeddable":true,"href":"https:\/\/www.hydraulic-cylinders.net\/it\/wp-json\/wp\/v2\/product_tag?post=15590"}],"curies":[{"name":"parola chiave","href":"https:\/\/api.w.org\/{rel}","templated":true}]}}