{"id":15614,"date":"2025-01-19T14:45:08","date_gmt":"2025-01-19T14:45:08","guid":{"rendered":"https:\/\/www.hydraulic-cylinders.net\/product\/bucket-cylinder-for-lonking-middle-excavator-lg6225d\/"},"modified":"2025-01-19T14:45:10","modified_gmt":"2025-01-19T14:45:10","slug":"bucket-cylinder-for-lonking-middle-excavator-lg6225d","status":"publish","type":"product","link":"https:\/\/www.hydraulic-cylinders.net\/it\/prodotto\/bucket-cylinder-for-lonking-middle-excavator-lg6225d\/","title":{"rendered":"Cilindro della benna per escavatore centrale Lonking LG6225D"},"content":{"rendered":"<h1>Cilindro della benna per escavatore centrale Lonking LG6225D<\/h1>\n<h2>Introduzione<\/h2>\n<p>Il cilindro della benna per l'escavatore medio Lonking LG6225D \u00e8 un cilindro idraulico appositamente progettato per controllare il movimento della benna in macchinari pesanti come escavatori, terne e pale gommate. La sua funzione principale \u00e8 quella di consentire il sollevamento, l'abbassamento e l'inclinazione della benna, facilitando diverse attivit\u00e0 di movimentazione dei materiali. Nel sistema idraulico, il cilindro della benna consente un controllo preciso della benna sfruttando le variazioni di pressione nell'olio idraulico, consentendo agli operatori di gestire in modo efficiente carichi pesanti e di adattarsi ad ambienti di lavoro complessi e a diverse esigenze operative.<\/p>\n<p><img decoding=\"async\" src=\"https:\/\/www.hydraulic-cylinders.net\/wp-content\/uploads\/2025\/01\/songte-company-2.webp\" alt=\"Immagine del cilindro del secchio\"><\/p>\n<h2>Caratteristiche<\/h2>\n<ul>\n<li>Elevata resistenza e durata: solitamente realizzati in acciaio o alluminio ad alta resistenza, possono sopportare pressioni elevate e carichi pesanti, adattandosi a condizioni di lavoro difficili. Il design tiene conto anche della resistenza all'usura e alla corrosione, prolungandone la durata.<\/li>\n<li>Funzionamento idraulico efficiente: sfruttando la pressione dell'olio idraulico, consente di ottenere azioni di estensione e retrazione fluide, rispondendo rapidamente ai comandi di controllo, fornendo potenti forze di spinta e trazione ed \u00e8 adatto alla movimentazione di carichi pesanti e attivit\u00e0 di lavoro complesse.<\/li>\n<li>Diverse tipologie: Il cilindro pu\u00f2 essere selezionato a semplice effetto (idraulico in una sola direzione) o a doppio effetto (idraulico in entrambe le direzioni) in base alle esigenze, e alcuni modelli sono telescopici, consentendo una maggiore estensione senza aumentare le dimensioni esterne, adatti ad applicazioni con spazio limitato.<\/li>\n<li>Sostituibilit\u00e0: i nostri prodotti possono sostituire perfettamente questi cilindri idraulici.<\/li>\n<\/ul>\n<p><img decoding=\"async\" src=\"https:\/\/www.hydraulic-cylinders.net\/wp-content\/uploads\/2025\/01\/songte-cylinder-head-with-all-kinds-excavator-models.webp\" alt=\"Immagine del prodotto\"><\/p>\n<h2>Applicazioni<\/h2>\n<p>Il cilindro della benna per l'escavatore centrale Lonking LG6225D \u00e8 ampiamente utilizzato in vari settori e attrezzature, tra cui:<\/p>\n<ul>\n<li>Attrezzature edili: \u00e8 fondamentale negli escavatori per scavare, caricare e spostare terreno o detriti. Nelle terne, il cilindro della benna agevola sia lo scavo che il sollevamento.<\/li>\n<li>Macchine agricole: utilizzate nelle pale caricatrici frontali per raccogliere, sollevare e trasportare terra, fieno e altri materiali.<\/li>\n<li>Escavatori: il cilindro della benna consente di effettuare azioni di scavo consentendo alla benna di penetrare nel terreno.<\/li>\n<li>Pale caricatrici: nelle pale caricatrici, aiutano a sollevare e scaricare le merci in modo efficiente.<\/li>\n<\/ul>\n<h2>Considerazioni progettuali e criteri di selezione<\/h2>\n<p>Durante la progettazione del cilindro della benna per l'escavatore centrale Lonking LG6225D, vengono presi in considerazione diversi fattori, tra cui:<\/p>\n<ul>\n<li>Capacit\u00e0 portante<\/li>\n<li>Prestazioni di tenuta<\/li>\n<li>Durata<\/li>\n<li>Sicurezza<\/li>\n<li>Manutenibilit\u00e0<\/li>\n<\/ul>\n<p><img decoding=\"async\" src=\"https:\/\/www.hydraulic-cylinders.net\/wp-content\/uploads\/2025\/01\/songte-oil-pipes-and-spare-parts.webp\" alt=\"Immagine di progettazione del prodotto\"><\/p>\n<h2>Sigillatura e lubrificazione<\/h2>\n<p>Il prodotto utilizza vari componenti di tenuta, come guarnizioni per pistone e stelo, realizzati in materiali resistenti all'usura come poliuretano e gomma nitrilica. Il corpo del cilindro e le superfici filettate sono sottoposti a una lavorazione di precisione per migliorarne la resistenza all'usura. Per garantire un funzionamento regolare, \u00e8 necessaria una lubrificazione regolare con una quantit\u00e0 adeguata di olio idraulico.<\/p>\n<h2>Ispezione regolare e manutenzione preventiva<\/h2>\n<p>Per garantire prestazioni ottimali e prolungare la durata del cilindro della benna per l'escavatore centrale Lonking LG6225D, \u00e8 necessario adottare le seguenti misure:<\/p>\n<ul>\n<li>Ispezionare regolarmente il cilindro per verificare la presenza di eventuali segni di danneggiamento o usura.<\/li>\n<li>Lubrificare adeguatamente il cilindro agli intervalli specificati.<\/li>\n<li>Se necessario, sostituire le guarnizioni per mantenere prestazioni di tenuta ottimali.<\/li>\n<li>Eseguire controlli di calibrazione per garantire un funzionamento accurato.<\/li>\n<\/ul>\n<p><img decoding=\"async\" src=\"https:\/\/www.hydraulic-cylinders.net\/wp-content\/uploads\/2025\/01\/songte-chushion-collar.webp\" alt=\"Immagine di manutenzione\"><\/p>\n<h2>Considerazioni sulla sicurezza e fattori ambientali<\/h2>\n<p>Quando si utilizza il cilindro della benna per l'escavatore centrale Lonking LG6225D, \u00e8 importante seguire le misure di sicurezza per prevenire incidenti e ridurre al minimo l'impatto ambientale.<\/p>\n<h2>Risoluzione dei problemi e problemi comuni<\/h2>\n<p>Sebbene il cilindro della benna per l'escavatore centrale Lonking LG6225D sia progettato per essere affidabile, potrebbero verificarsi alcuni problemi comuni. Ecco alcuni suggerimenti e soluzioni per la risoluzione dei problemi:<\/p>\n<p><img decoding=\"async\" src=\"https:\/\/www.hydraulic-cylinders.net\/wp-content\/uploads\/2025\/01\/songte-bushings-with-all-kinds-of-excavator-models.webp\" alt=\"Immagine di risoluzione dei problemi\"><\/p>\n<h2>Panoramica aziendale<\/h2>\n<p>Siamo produttori di cilindri idraulici di ricambio e offriamo un'ampia gamma di prodotti. Siamo uno dei principali produttori e distributori all'ingrosso di cilindri idraulici sul mercato nazionale e internazionale. Aderiamo ai principi di eccellente qualit\u00e0 e ci affidiamo a strategie di gestione della produzione industriale nel nostro raffinato laboratorio di produzione. La nostra azienda migliora costantemente la piattaforma produttiva, perfeziona il percorso produttivo per garantire la qualit\u00e0 del prodotto e vanta solide capacit\u00e0 creative. Diamo priorit\u00e0 all'efficienza, alla precisione e all'alta qualit\u00e0 per soddisfare le diverse esigenze dei clienti.<\/p>\n<p><img decoding=\"async\" src=\"https:\/\/www.hydraulic-cylinders.net\/wp-content\/uploads\/2025\/01\/songte-company-3.webp\" alt=\"Immagine aziendale\"><\/p>\n<p>Ci impegniamo a fornire un supporto completo ai nostri clienti, dalla professionalit\u00e0 alle certificazioni internazionali, dai servizi personalizzati alle attrezzature di produzione, fino ai servizi post-vendita.<\/p>\n<p>Autore: lyl<\/p>","protected":false},"excerpt":{"rendered":"<p>Bucket Cylinder For Lonking Middle Excavator LG6225D Introduction The Bucket Cylinder for Lonking Middle Excavator LG6225D is a specially designed hydraulic cylinder used to control the movement of the bucket in heavy machinery such as excavators, backhoe loaders, and wheel loaders. Its main function is to enable the lifting, lowering, and tilting of the bucket, [&hellip;]<\/p>","protected":false},"featured_media":14787,"comment_status":"open","ping_status":"closed","template":"","meta":{"_et_pb_use_builder":"","_et_pb_old_content":"","_et_gb_content_width":""},"product_brand":[],"product_cat":[1494],"product_tag":[1495,1496],"class_list":{"0":"post-15614","1":"product","2":"type-product","3":"status-publish","4":"has-post-thumbnail","6":"product_cat-bucket-cylinders","7":"product_tag-bucket-cylinders","8":"product_tag-hydraulic-cylinders","10":"first","11":"instock","12":"shipping-taxable","13":"product-type-simple"},"amp_enabled":true,"_links":{"self":[{"href":"https:\/\/www.hydraulic-cylinders.net\/it\/wp-json\/wp\/v2\/product\/15614","targetHints":{"allow":["GET"]}}],"collection":[{"href":"https:\/\/www.hydraulic-cylinders.net\/it\/wp-json\/wp\/v2\/product"}],"about":[{"href":"https:\/\/www.hydraulic-cylinders.net\/it\/wp-json\/wp\/v2\/types\/product"}],"replies":[{"embeddable":true,"href":"https:\/\/www.hydraulic-cylinders.net\/it\/wp-json\/wp\/v2\/comments?post=15614"}],"wp:featuredmedia":[{"embeddable":true,"href":"https:\/\/www.hydraulic-cylinders.net\/it\/wp-json\/wp\/v2\/media\/14787"}],"wp:attachment":[{"href":"https:\/\/www.hydraulic-cylinders.net\/it\/wp-json\/wp\/v2\/media?parent=15614"}],"wp:term":[{"taxonomy":"product_brand","embeddable":true,"href":"https:\/\/www.hydraulic-cylinders.net\/it\/wp-json\/wp\/v2\/product_brand?post=15614"},{"taxonomy":"product_cat","embeddable":true,"href":"https:\/\/www.hydraulic-cylinders.net\/it\/wp-json\/wp\/v2\/product_cat?post=15614"},{"taxonomy":"product_tag","embeddable":true,"href":"https:\/\/www.hydraulic-cylinders.net\/it\/wp-json\/wp\/v2\/product_tag?post=15614"}],"curies":[{"name":"parola chiave","href":"https:\/\/api.w.org\/{rel}","templated":true}]}}