{"id":15663,"date":"2025-01-19T14:48:44","date_gmt":"2025-01-19T14:48:44","guid":{"rendered":"https:\/\/www.hydraulic-cylinders.net\/product\/bucket-cylinder-for-jonyang-small-excavator-jy615eld\/"},"modified":"2025-01-19T14:48:46","modified_gmt":"2025-01-19T14:48:46","slug":"bucket-cylinder-for-jonyang-small-excavator-jy615eld","status":"publish","type":"product","link":"https:\/\/www.hydraulic-cylinders.net\/it\/prodotto\/bucket-cylinder-for-jonyang-small-excavator-jy615eld\/","title":{"rendered":"Cilindro della benna per escavatore piccolo Jonyang JY615ELD"},"content":{"rendered":"<h1>Cilindro della benna per escavatore piccolo Jonyang JY615ELD<\/h1>\n<h2>Introduzione<\/h2>\n<p>Il cilindro della benna \u00e8 un cilindro idraulico appositamente progettato per controllare il movimento della benna in macchinari pesanti come escavatori, terne e pale caricatrici frontali. La sua funzione principale \u00e8 quella di consentire alla benna di sollevarsi, abbassarsi e inclinarsi, facilitando la gestione di diverse attivit\u00e0 di movimentazione dei materiali. Nel sistema idraulico, il cilindro della benna sfrutta la variazione di pressione dell'olio idraulico per controllare i movimenti precisi della benna, consentendo agli operatori di gestire carichi pesanti in modo efficiente, adattandosi ad ambienti di lavoro complessi e a diverse esigenze operative.<\/p>\n<p><img decoding=\"async\" src=\"https:\/\/www.hydraulic-cylinders.net\/wp-content\/uploads\/2025\/01\/songte-company-2.webp\" alt=\"Cilindro della benna per escavatore piccolo Jonyang JY615ELD\"><\/p>\n<h2>Caratteristiche<\/h2>\n<ul>\n<li>Elevata resistenza e durata: solitamente realizzati in acciaio o alluminio ad alta resistenza, possono sopportare pressioni elevate e carichi pesanti, adattandosi ad ambienti di lavoro difficili e sono progettati tenendo conto della resistenza all'usura e alla corrosione per prolungarne la durata utile.<\/li>\n<li>Operazioni idrauliche efficienti: sfruttando la pressione dell'olio idraulico per ottenere movimenti di estensione e retrazione fluidi, pu\u00f2 rispondere rapidamente ai comandi di controllo, fornire potenti forze di spinta e trazione ed \u00e8 adatto alla movimentazione di carichi pesanti e attivit\u00e0 operative complesse.<\/li>\n<li>Varie tipologie: cilindri a semplice effetto (idraulica utilizzata in una sola direzione) o a doppio effetto (idraulica utilizzata in entrambe le direzioni) possono essere selezionati in base alle esigenze per soddisfare diverse esigenze operative. Alcuni modelli sono telescopici, consentendo una maggiore estensione senza aumentare le dimensioni esterne, adatti ad applicazioni con spazio limitato.<\/li>\n<li>Sostituibile: i nostri prodotti possono sostituire perfettamente questi cilindri idraulici.<\/li>\n<\/ul>\n<p><img decoding=\"async\" src=\"https:\/\/www.hydraulic-cylinders.net\/wp-content\/uploads\/2025\/01\/songte-cylinder-head-with-all-kinds-excavator-models.webp\" alt=\"Cilindro della benna per escavatore piccolo Jonyang JY615ELD\"><\/p>\n<h2>Applicazioni<\/h2>\n<ul>\n<li>Attrezzature edili: negli escavatori, sono essenziali per scavare, caricare e spostare terreno o detriti. Nelle terne, il cilindro della benna aiuta nelle operazioni di scavo e sollevamento. <\/li>\n<li>Macchine agricole: utilizzate come caricatori frontali, per raccogliere, sollevare e trasportare terra, fieno e altri materiali. <\/li>\n<li>Escavatori: il cilindro della benna consente l'azione di scavo consentendo alla benna di penetrare nel terreno. <\/li>\n<li>Caricatore: nei caricatori frontali, aiutano a sollevare e inclinare efficacemente le merci. <\/li>\n<\/ul>\n<h2>Criteri di progettazione e selezione<\/h2>\n<ul>\n<li>Capacit\u00e0 portante: la valutazione della capacit\u00e0 portante del cilindro \u00e8 estremamente importante in fase di progettazione. Ci\u00f2 garantir\u00e0 che il cilindro possa sopportare carichi pesanti senza rompersi.<\/li>\n<li>Tenuta: nella progettazione dei cilindri idraulici vengono utilizzati vari componenti di tenuta, come guarnizioni per pistoni, guarnizioni per steli, ecc., per garantire una tenuta adeguata. <\/li>\n<li>Durata: i cilindri idraulici devono essere in grado di resistere ad ambienti di lavoro difficili, come temperature estreme, elevata umidit\u00e0 ed esposizione a sostanze corrosive. <\/li>\n<li>Sicurezza: la progettazione del cilindro idraulico deve tenere conto dei rischi associati al suo utilizzo, come possibili perdite e altri malfunzionamenti. <\/li>\n<li>Manutenzione: i cilindri idraulici devono essere progettati per facilitare la manutenzione e garantire che possano essere riparati o riparati facilmente.<\/li>\n<\/ul>\n<p><img decoding=\"async\" src=\"https:\/\/www.hydraulic-cylinders.net\/wp-content\/uploads\/2025\/01\/songte-oil-pipes-and-spare-parts.webp\" alt=\"Cilindro della benna per escavatore piccolo Jonyang JY615ELD\"><\/p>\n<h2>Sigillatura e lubrificazione<\/h2>\n<p>Nella progettazione dei cilindri idraulici vengono utilizzati vari componenti di tenuta, come guarnizioni per pistoni, guarnizioni per steli, ecc., per garantire una tenuta adeguata. Le guarnizioni sono realizzate in materiali resistenti all'usura, come poliuretano e gomma nitrilica, per garantire che non si usurino facilmente. Una corretta lubrificazione \u00e8 essenziale per garantire il corretto funzionamento e prolungare la durata del cilindro idraulico. \u00c8 necessario aggiungere regolarmente la giusta quantit\u00e0 di olio idraulico.<\/p>\n<h2>Manutenzione preventiva e risoluzione dei problemi<\/h2>\n<p>Di seguito sono riportate alcune misure di manutenzione preventiva che dovrebbero essere adottate:<\/p>\n<ul>\n<li>Ispezioni regolari: ispezionare il cilindro idraulico per verificare la presenza di perdite, danni e usura.<\/li>\n<li>Lubrificazione adeguata: per ottenere prestazioni ottimali \u00e8 necessaria una corretta lubrificazione del cilindro e dei suoi componenti.<\/li>\n<li>Sostituzione delle guarnizioni: le guarnizioni devono essere sostituite quando mostrano segni di usura o danneggiamento.<\/li>\n<\/ul>\n<p>In caso di guasto del cilindro idraulico, \u00e8 necessario verificare alcuni problemi comuni, come forza insufficiente, perdite e danni alle pareti del cilindro. Per risolvere questi problemi, consultare le istruzioni del produttore. Per prevenire questi problemi, seguire sempre le corrette procedure di installazione e manutenzione.<\/p>\n<p><img decoding=\"async\" src=\"https:\/\/www.hydraulic-cylinders.net\/wp-content\/uploads\/2025\/01\/songte-bushings-with-all-kinds-of-excavator-models.webp\" alt=\"Cilindro della benna per escavatore piccolo Jonyang JY615ELD\"><\/p>\n<h2>Chi siamo<\/h2>\n<p>Siamo un produttore di cilindri idraulici, specializzato nella produzione e distribuzione di un'ampia gamma di cilindri idraulici per il mercato nazionale e internazionale. Puntiamo su un'eccellente qualit\u00e0, ci affidiamo all'industrializzazione delle strategie di gestione della produzione nei nostri laboratori artigianali e miglioriamo costantemente le nostre piattaforme produttive, perfezionando i processi di produzione per la qualit\u00e0 dei prodotti. La nostra azienda ha una forte capacit\u00e0 di creare un principio di alta efficienza, alta precisione e alta qualit\u00e0 per soddisfare un'ampia gamma di esigenze dei clienti.<\/p>\n<p>La nostra azienda offre servizi personalizzati professionali e certificati a livello internazionale, attrezzature di produzione all'avanguardia e servizi post-vendita.<\/p>\n<p><img decoding=\"async\" src=\"https:\/\/hzpt.com\/wp-content\/uploads\/2024\/11\/songte-company-1.webp\" alt=\"Cilindro della benna per escavatore piccolo Jonyang JY615ELD\"><\/p>\n<p>L'autore di questo articolo \u00e8 lyl.<\/p>","protected":false},"excerpt":{"rendered":"<p>Bucket Cylinder For Jonyang Small Excavator JY615ELD Introduction The bucket cylinder is a specially designed hydraulic cylinder used to control the movement of the bucket in heavy machinery such as excavators, backhoe loaders, and front-end loaders. Its main function is to enable the bucket to lift, lower, and tilt, making it easier to handle various [&hellip;]<\/p>","protected":false},"featured_media":14780,"comment_status":"open","ping_status":"closed","template":"","meta":{"_et_pb_use_builder":"","_et_pb_old_content":"","_et_gb_content_width":""},"product_brand":[],"product_cat":[1494],"product_tag":[1495,1496],"class_list":{"0":"post-15663","1":"product","2":"type-product","3":"status-publish","4":"has-post-thumbnail","6":"product_cat-bucket-cylinders","7":"product_tag-bucket-cylinders","8":"product_tag-hydraulic-cylinders","10":"first","11":"instock","12":"shipping-taxable","13":"product-type-simple"},"amp_enabled":true,"_links":{"self":[{"href":"https:\/\/www.hydraulic-cylinders.net\/it\/wp-json\/wp\/v2\/product\/15663","targetHints":{"allow":["GET"]}}],"collection":[{"href":"https:\/\/www.hydraulic-cylinders.net\/it\/wp-json\/wp\/v2\/product"}],"about":[{"href":"https:\/\/www.hydraulic-cylinders.net\/it\/wp-json\/wp\/v2\/types\/product"}],"replies":[{"embeddable":true,"href":"https:\/\/www.hydraulic-cylinders.net\/it\/wp-json\/wp\/v2\/comments?post=15663"}],"wp:featuredmedia":[{"embeddable":true,"href":"https:\/\/www.hydraulic-cylinders.net\/it\/wp-json\/wp\/v2\/media\/14780"}],"wp:attachment":[{"href":"https:\/\/www.hydraulic-cylinders.net\/it\/wp-json\/wp\/v2\/media?parent=15663"}],"wp:term":[{"taxonomy":"product_brand","embeddable":true,"href":"https:\/\/www.hydraulic-cylinders.net\/it\/wp-json\/wp\/v2\/product_brand?post=15663"},{"taxonomy":"product_cat","embeddable":true,"href":"https:\/\/www.hydraulic-cylinders.net\/it\/wp-json\/wp\/v2\/product_cat?post=15663"},{"taxonomy":"product_tag","embeddable":true,"href":"https:\/\/www.hydraulic-cylinders.net\/it\/wp-json\/wp\/v2\/product_tag?post=15663"}],"curies":[{"name":"parola chiave","href":"https:\/\/api.w.org\/{rel}","templated":true}]}}