{"id":15696,"date":"2025-01-19T14:51:25","date_gmt":"2025-01-19T14:51:25","guid":{"rendered":"https:\/\/www.hydraulic-cylinders.net\/product\/bucket-cylinder-for-bobcat-small-excavator-e418\/"},"modified":"2025-01-19T14:51:27","modified_gmt":"2025-01-19T14:51:27","slug":"bucket-cylinder-for-bobcat-small-excavator-e418","status":"publish","type":"product","link":"https:\/\/www.hydraulic-cylinders.net\/it\/prodotto\/bucket-cylinder-for-bobcat-small-excavator-e418\/","title":{"rendered":"Cilindro della benna per escavatore piccolo Bobcat E418"},"content":{"rendered":"<h1>Cilindro della benna per escavatore piccolo Bobcat E418<\/h1>\n<h2>Introduzione<\/h2>\n<p>The bucket cylinder for Bobcat small excavator E418 is a specially designed hydraulic cylinder primarily used to control the movement of the bucket in heavy machinery such as excavators, backhoe excavators, and front-end loaders. Its main function is to allow the bucket to lift, lower, and tilt, making it easier to handle a variety of material handling tasks. In the hydraulic system, the bucket cylinder controls the bucket&#8217;s precise movement by changing the pressure of the hydraulic oil, enabling operators to efficiently handle heavy loads and adapt to complex work environments and diverse job requirements.<\/p>\n<p><img decoding=\"async\" src=\"https:\/\/www.hydraulic-cylinders.net\/wp-content\/uploads\/2025\/01\/songte-company-2.webp\" alt=\"Cilindro della benna\" \/><\/p>\n<h2>Caratteristiche<\/h2>\n<ul>\n<li>Elevata resistenza e durata: solitamente realizzati in acciaio o alluminio ad alta resistenza, in grado di sopportare pressioni elevate e carichi pesanti e progettati tenendo conto della resistenza all'usura e alla corrosione, prolungandone la durata utile.<\/li>\n<li>Funzionamento idraulico efficiente: i movimenti fluidi di espansione e contrazione vengono ottenuti utilizzando la pressione dell'olio idraulico, consentendo una risposta rapida ai comandi di controllo, fornendo elevate forze di spinta e trazione e risultando ideali per la movimentazione di carichi pesanti e attivit\u00e0 di lavoro complesse.<\/li>\n<li>Diverse tipologie: \u00e8 possibile scegliere tra cilindri a semplice effetto (l'idraulica viene utilizzata solo in una direzione) o a doppio effetto (l'idraulica viene utilizzata in entrambe le direzioni), in base alle esigenze operative. Alcuni modelli sono telescopici, consentendo una maggiore estensione senza aumentare le dimensioni esterne, adatti per applicazioni in cui lo spazio \u00e8 limitato.<\/li>\n<li>Personalizzabili: i nostri prodotti possono essere personalizzati per soddisfare le vostre esigenze specifiche e possono sostituire cilindri idraulici simili di altri produttori.<\/li>\n<\/ul>\n<p><img decoding=\"async\" src=\"https:\/\/www.hydraulic-cylinders.net\/wp-content\/uploads\/2025\/01\/songte-cylinder-head-with-all-kinds-excavator-models.webp\" alt=\"Cilindro della benna personalizzabile\" \/><\/p>\n<h2>Applicazioni<\/h2>\n<p>Il cilindro a secchio trova impiego in diverse applicazioni:<\/p>\n<ul>\n<li>Attrezzature edili: negli escavatori, sono essenziali per scavare, caricare e spostare terreno o detriti. Nelle terne, il cilindro della benna agevola sia lo scavo che il sollevamento. <\/li>\n<li>Macchine agricole: utilizzate nelle pale caricatrici frontali, aiutano a sollevare e scaricare terra, fieno e altri materiali. Negli escavatori, il cilindro della benna consente lo scavo consentendo alla benna di penetrare nel terreno. <\/li>\n<li>Caricatore: nei caricatori frontali, facilitano il sollevamento e lo scarico efficiente delle merci.<\/li>\n<\/ul>\n<p>Di seguito viene descritta in dettaglio ogni applicazione:<\/p>\n<h3>Attrezzature per l'edilizia<\/h3>\n<p>Il cilindro della benna svolge un ruolo cruciale nel corretto funzionamento degli escavatori. Durante lo scavo, il cilindro della benna facilita la penetrazione nel terreno, il sollevamento e lo scarico di terra e detriti. Negli escavatori retroescavatori, il cilindro agevola lo scavo e il sollevamento, facilitando il carico e il trasporto del materiale.<\/p>\n<h3>Macchine agricole<\/h3>\n<p>I cilindri della benna montati sulle pale caricatrici frontali delle macchine agricole facilitano il sollevamento e lo scarico efficienti di materiali come terra, fieno, mangimi e altri prodotti agricoli. Negli escavatori utilizzati in agricoltura, il cilindro della benna facilita lo scavo consentendo alla benna di penetrare facilmente nel terreno.<\/p>\n<h3>Caricatore<\/h3>\n<p>Il cilindro della benna nei caricatori frontali agevola il sollevamento e lo scarico efficiente delle merci, rendendoli ideali per il carico e lo scarico di materiali pesanti.<\/p>\n<p><img decoding=\"async\" src=\"https:\/\/www.hydraulic-cylinders.net\/wp-content\/uploads\/2025\/01\/songte-bushings-with-all-kinds-of-excavator-models.webp\" alt=\"Cilindro della benna in uso\" \/><\/p>\n<h2>Considerazioni progettuali e criteri di selezione<\/h2>\n<p>When selecting a bucket cylinder, several factors should be taken into account, such as the cylinder&#8217;s load-carrying capacity, sealing, durability, safety, and maintainability. <\/p>\n<ul>\n<li>Capacit\u00e0 di carico: il cilindro della benna deve essere in grado di gestire il carico previsto senza piegarsi o rompersi, a seconda dell'applicazione.<\/li>\n<li>Tenuta: il cilindro della benna deve essere adeguatamente sigillato per evitare perdite di fluido idraulico e la contaminazione dell'ambiente.<\/li>\n<li>Durata: il cilindro della benna deve essere costruito con materiali durevoli per resistere all'ambiente operativo difficile, aumentandone la durata.<\/li>\n<li>Sicurezza: il cilindro della benna deve essere progettato per garantire la sicurezza dell'operatore e di chi si trova nelle vicinanze dell'attrezzatura.<\/li>\n<li>Manutenibilit\u00e0: il cilindro della benna deve essere progettato per consentire una facile manutenzione, inclusa la sostituzione delle guarnizioni, la pulizia e la lubrificazione.<\/li>\n<\/ul>\n<p><img decoding=\"async\" src=\"https:\/\/www.hydraulic-cylinders.net\/wp-content\/uploads\/2025\/01\/songte-oil-pipes-and-spare-parts.webp\" alt=\"Ricambi per cilindro della benna\" \/><\/p>\n<h2>Sigillatura e lubrificazione<\/h2>\n<p>Il cilindro della benna utilizza diverse guarnizioni, come guarnizioni per pistone e stelo, realizzate in materiali resistenti all'usura come poliuretano e gomma nitrilica per garantire una tenuta adeguata e prevenire perdite d'olio. Il corpo del cilindro e le superfici terminali filettate sono finemente lavorate per migliorare la resistenza all'usura. \u00c8 necessaria un'iniezione regolare di olio idraulico per lubrificare e prevenire l'usura della parete del cilindro e del pistone.<\/p>\n<h2>Manutenzione e riparazione<\/h2>\n<p>Regular inspection and preventive maintenance of the bucket cylinder are essential to ensure the cylinder&#8217;s optimal performance while preventing costly downtime and repairs. Regular inspection, appropriate lubrication, and calibration checks are among the most common maintenance tasks. Proper installation, lubrication, and adjustment are crucial, and proper alignment of the cylinder is essential. Proper installation brackets should be used to secure the cylinder in place. Recommended inspection, repair, and replacement procedures are provided to improve the bucket cylinder&#8217;s lifespan. <\/p>\n<p><img decoding=\"async\" src=\"https:\/\/www.hydraulic-cylinders.net\/wp-content\/uploads\/2025\/01\/songte-chushion-collar.webp\" alt=\"Manutenzione e riparazione del cilindro della benna\" \/><\/p>\n<h2>Considerazioni sulla sicurezza e fattori ambientali<\/h2>\n<p>\u00c8 fondamentale adottare misure di sicurezza quando si utilizzano i cilindri delle benne, ad esempio evitando che i lavoratori vengano colpiti dal cilindro durante il funzionamento. \u00c8 necessario adottare misure di smaltimento appropriate per prevenire la contaminazione dell'ambiente.<\/p>\n<h2>Diagnosi dei guasti e risoluzione dei problemi<\/h2>\n<p>I problemi pi\u00f9 comuni del cilindro della benna possono includere perdite d'olio, funzionamento lento o riduzione della potenza erogata. Ispezioni regolari, manutenzione preventiva e riparazioni tempestive sono essenziali per evitare questi problemi. In caso di problemi, \u00e8 possibile risolverli identificando la causa principale del problema e quindi riparando o sostituendo le parti difettose.<\/p>\n<p><img decoding=\"async\" src=\"https:\/\/hzpt.com\/wp-content\/uploads\/2024\/11\/songte-company-1.webp\" alt=\"Risoluzione dei problemi del cilindro della benna\" \/><\/p>\n<h2>Chi siamo<\/h2>\n<p>Siamo un produttore di cilindri idraulici, con una gamma completa di prodotti, e siamo diventati uno dei principali produttori e distributori all'ingrosso di cilindri idraulici sul mercato nazionale e internazionale. Adottiamo una strategia di eccellente qualit\u00e0 e ci affidiamo alla gestione della produzione industriale di officine di produzione di alta qualit\u00e0. Continuiamo a migliorare la piattaforma produttiva delle officine, a migliorare le linee di produzione di qualit\u00e0 dei prodotti e, grazie alla nostra solida capacit\u00e0 creativa, soddisfiamo le diverse esigenze dei clienti con elevata efficienza, elevata precisione e principi di alta qualit\u00e0. <\/p>\n<p>La nostra azienda offre competenza professionale, certificazione internazionale, servizi personalizzati, attrezzature di produzione e assistenza post-vendita. <\/p>\n<p><img decoding=\"async\" src=\"https:\/\/www.hydraulic-cylinders.net\/wp-content\/uploads\/2025\/01\/songte-company-3.webp\" alt=\"Chi siamo\" \/><\/p>\n<p>Autore: lyl<\/p>","protected":false},"excerpt":{"rendered":"<p>Bucket Cylinder For Bobcat Small Excavator E418 Introduction The bucket cylinder for Bobcat small excavator E418 is a specially designed hydraulic cylinder primarily used to control the movement of the bucket in heavy machinery such as excavators, backhoe excavators, and front-end loaders. Its main function is to allow the bucket to lift, lower, and tilt, [&hellip;]<\/p>","protected":false},"featured_media":14773,"comment_status":"open","ping_status":"closed","template":"","meta":{"_et_pb_use_builder":"","_et_pb_old_content":"","_et_gb_content_width":""},"product_brand":[],"product_cat":[1494],"product_tag":[1495,1496],"class_list":{"0":"post-15696","1":"product","2":"type-product","3":"status-publish","4":"has-post-thumbnail","6":"product_cat-bucket-cylinders","7":"product_tag-bucket-cylinders","8":"product_tag-hydraulic-cylinders","10":"first","11":"instock","12":"shipping-taxable","13":"product-type-simple"},"amp_enabled":true,"_links":{"self":[{"href":"https:\/\/www.hydraulic-cylinders.net\/it\/wp-json\/wp\/v2\/product\/15696","targetHints":{"allow":["GET"]}}],"collection":[{"href":"https:\/\/www.hydraulic-cylinders.net\/it\/wp-json\/wp\/v2\/product"}],"about":[{"href":"https:\/\/www.hydraulic-cylinders.net\/it\/wp-json\/wp\/v2\/types\/product"}],"replies":[{"embeddable":true,"href":"https:\/\/www.hydraulic-cylinders.net\/it\/wp-json\/wp\/v2\/comments?post=15696"}],"wp:featuredmedia":[{"embeddable":true,"href":"https:\/\/www.hydraulic-cylinders.net\/it\/wp-json\/wp\/v2\/media\/14773"}],"wp:attachment":[{"href":"https:\/\/www.hydraulic-cylinders.net\/it\/wp-json\/wp\/v2\/media?parent=15696"}],"wp:term":[{"taxonomy":"product_brand","embeddable":true,"href":"https:\/\/www.hydraulic-cylinders.net\/it\/wp-json\/wp\/v2\/product_brand?post=15696"},{"taxonomy":"product_cat","embeddable":true,"href":"https:\/\/www.hydraulic-cylinders.net\/it\/wp-json\/wp\/v2\/product_cat?post=15696"},{"taxonomy":"product_tag","embeddable":true,"href":"https:\/\/www.hydraulic-cylinders.net\/it\/wp-json\/wp\/v2\/product_tag?post=15696"}],"curies":[{"name":"parola chiave","href":"https:\/\/api.w.org\/{rel}","templated":true}]}}