{"id":15716,"date":"2025-01-19T14:53:03","date_gmt":"2025-01-19T14:53:03","guid":{"rendered":"https:\/\/www.hydraulic-cylinders.net\/product\/bucket-cylinder-for-takeuchi-small-excavator-tb216\/"},"modified":"2025-01-19T14:53:07","modified_gmt":"2025-01-19T14:53:07","slug":"bucket-cylinder-for-takeuchi-small-excavator-tb216","status":"publish","type":"product","link":"https:\/\/www.hydraulic-cylinders.net\/it\/prodotto\/bucket-cylinder-for-takeuchi-small-excavator-tb216\/","title":{"rendered":"Cilindro della benna per escavatore piccolo Takeuchi TB216"},"content":{"rendered":"<h2>Cilindro della benna per escavatore piccolo Takeuchi TB216<\/h2>\n<h3>Introduzione:<\/h3>\n<p>A bucket cylinder is a specially designed hydraulic cylinder primarily used to control the movement of the bucket in heavy machinery such as excavators, backhoes, and front-end loaders. Its main function is to allow the bucket to lift, lower, and tilt, making it easier to handle various material handling tasks. In the hydraulic system, the bucket cylinder precisely controls the bucket&#8217;s movement using the pressure changes of hydraulic oil, enabling operators to efficiently handle heavy loads and adapt to complex working environments and diverse operational needs.<\/p>\n<p><img decoding=\"async\" src=\"https:\/\/www.hydraulic-cylinders.net\/wp-content\/uploads\/2025\/01\/songte-company-2.webp\"><\/p>\n<h3>Caratteristiche:<\/h3>\n<ul>\n<li>Elevata resistenza e durata: solitamente realizzati in acciaio o alluminio ad alta resistenza, possono sopportare pressioni elevate e carichi pesanti, adattarsi ad ambienti di lavoro difficili e sono progettati tenendo conto della resistenza all'usura e alla corrosione, prolungandone la durata utile.<\/li>\n<li>Funzionamento idraulico efficiente: i movimenti di estensione e retrazione fluidi vengono ottenuti utilizzando la pressione dell'olio idraulico, che pu\u00f2 rispondere rapidamente ai comandi di controllo, fornendo potenti forze di spinta e trazione, adatte alla movimentazione di carichi pesanti e attivit\u00e0 operative complesse.<\/li>\n<li>Diverse tipologie: cilindri a semplice effetto (idraulici utilizzati in una sola direzione) o a doppio effetto (idraulici utilizzati in due direzioni) possono essere selezionati in base alle esigenze operative. Alcuni modelli sono telescopici, consentendo una maggiore estensione senza aumentare le dimensioni esterne, adatti ad applicazioni con spazio limitato.<\/li>\n<li>Facili da sostituire: i nostri prodotti possono sostituire perfettamente questi cilindri idraulici.<\/li>\n<\/ul>\n<p><img decoding=\"async\" src=\"https:\/\/www.hydraulic-cylinders.net\/wp-content\/uploads\/2025\/01\/songte-cylinder-head-with-all-kinds-excavator-models.webp\"><\/p>\n<h3>Applicazioni:<\/h3>\n<p>I cilindri a tazze sono ampiamente utilizzati in vari settori, tra cui:<\/p>\n<ul>\n<li>Attrezzature edili: negli escavatori, sono essenziali per scavare, caricare e spostare terreno o detriti. Nelle terne, i cilindri della benna aiutano nelle operazioni di scavo e sollevamento. <\/li>\n<li>Macchine agricole: utilizzate nelle pale caricatrici frontali per raccogliere, sollevare e trasportare terra, fieno e altri materiali, le escavatrici utilizzano cilindri della benna per consentire lo scavo consentendo alla benna di penetrare nel terreno. <\/li>\n<li>Caricatore: nei caricatori frontali, aiutano a sollevare e inclinare il carico in modo efficace. <\/li>\n<\/ul>\n<h3>Considerazioni progettuali e criteri di selezione:<\/h3>\n<p>Nella progettazione e nella scelta dei cilindri della benna, \u00e8 necessario considerare diversi fattori, tra cui:<\/p>\n<ul>\n<li>Capacit\u00e0 di carico: quando si sceglie un cilindro per benna, \u00e8 necessario considerare la capacit\u00e0 del cilindro di sopportare carichi.<\/li>\n<li>Tenuta: l'uso di varie guarnizioni, come guarnizioni per pistoni e guarnizioni per steli realizzate in materiali resistenti all'usura come poliuretano e gomma nitrilica, garantisce un'efficace tenuta del cilindro.<\/li>\n<li>Durability: The cylinder&#8217;s longevity is critical, and the cylinder&#8217;s body and threaded end surfaces must be treated to improve durability.<\/li>\n<li>Sicurezza: quando si scelgono i cilindri della benna, \u00e8 necessario tenere conto di considerazioni di sicurezza, ad esempio se il cilindro \u00e8 in grado di sostenere il peso del carico e se pu\u00f2 essere installato e utilizzato in sicurezza.<\/li>\n<li>Manutenibilit\u00e0: \u00e8 necessario considerare la facilit\u00e0 di manutenzione e riparazione del cilindro e l'uso di parti di ricambio e servizi di ricostruzione adeguati pu\u00f2 prolungare l'utilizzo del cilindro.<\/li>\n<\/ul>\n<p><img decoding=\"async\" src=\"https:\/\/www.hydraulic-cylinders.net\/wp-content\/uploads\/2025\/01\/songte-oil-pipes-and-spare-parts.webp\"><\/p>\n<h3>Sigillatura e lubrificazione:<\/h3>\n<p>Various seals are used in bucket cylinders, such as piston seals and rod seals made of wear-resistant materials like polyurethane and nitrile rubber. The cylinder&#8217;s body and threaded end surfaces are treated to improve durability, and regular lubrication is required to ensure smooth operation. It is recommended to use an appropriate amount of hydraulic oil to lubricate the cylinder regularly.<\/p>\n<h3>Misure di ispezione e manutenzione preventiva:<\/h3>\n<p>Ispezioni regolari e interventi di manutenzione preventiva possono aiutare a prevenire guasti ai cilindri e prolungarne la durata. \u00c8 necessario seguire le seguenti procedure:<\/p>\n<ul>\n<li>Ispezione regolare: ispezionare il corpo del cilindro e le guarnizioni per verificare l'usura, verificare eventuali perdite di olio e assicurarsi che il cilindro sia correttamente allineato e installato.<\/li>\n<li>Lubrificazione adeguata: \u00e8 necessaria una lubrificazione regolare del cilindro con una quantit\u00e0 adeguata di olio idraulico.<\/li>\n<li>Sostituzione delle guarnizioni: sostituire le guarnizioni quando mostrano segni di usura per evitare perdite di olio.<\/li>\n<li>Calibration checks: Check the cylinder&#8217;s calibration regularly to ensure that it is functioning correctly.<\/li>\n<\/ul>\n<p><img decoding=\"async\" src=\"https:\/\/www.hydraulic-cylinders.net\/wp-content\/uploads\/2025\/01\/songte-chushion-collar.webp\"><\/p>\n<h3>Considerazioni sulla sicurezza e fattori ambientali:<\/h3>\n<p>Quando si utilizzano cilindri idraulici, \u00e8 necessario tenere conto delle considerazioni di sicurezza e dei fattori ambientali per garantire un funzionamento sicuro ed ecologico. \u00c8 necessario effettuare una formazione adeguata e sottoporre le attrezzature a controlli accurati per garantire un utilizzo sicuro del cilindro. Anche lo smaltimento dei componenti usati del cilindro deve essere effettuato in modo responsabile per ridurre al minimo l'impatto ambientale.<\/p>\n<h3>Risoluzione dei problemi e problemi comuni:<\/h3>\n<p>I problemi pi\u00f9 comuni che possono verificarsi con i cilindri delle benne includono perdite d'olio, pressione insufficiente e deriva del cilindro. Per risolvere questi problemi, sono necessarie un'ispezione e una manutenzione adeguate. Se il problema persiste, \u00e8 necessario richiedere l'assistenza di un professionista.<\/p>\n<p><img decoding=\"async\" src=\"https:\/\/www.hydraulic-cylinders.net\/wp-content\/uploads\/2025\/01\/songte-bushings-with-all-kinds-of-excavator-models.webp\"><\/p>\n<h3>Informazioni sulla nostra azienda:<\/h3>\n<p>Siamo un produttore e distributore all'ingrosso leader di cilindri idraulici sul mercato nazionale e internazionale. Aderiamo al principio di un'eccellente qualit\u00e0, affidandoci alla strategia di gestione della produzione industriale di un'officina di produzione di alta qualit\u00e0, all'impiego di talenti tecnici, a macchinari di produzione digitali di fascia alta e a sistemi di ispezione professionali. La nostra piattaforma produttiva migliora costantemente la qualit\u00e0 di produzione e perfeziona i processi produttivi, con solide capacit\u00e0 di creazione che soddisfano le diverse esigenze dei clienti con elevata efficienza, elevata precisione e alta qualit\u00e0.<\/p>\n<p>Offriamo servizi personalizzati e i nostri prodotti sono certificati a livello internazionale per soddisfare i pi\u00f9 elevati standard qualitativi. Forniamo attrezzature di produzione e servizi post-vendita di alta qualit\u00e0 per garantire ai nostri clienti i migliori prodotti e servizi.<\/p>\n<p><img decoding=\"async\" src=\"https:\/\/hzpt.com\/wp-content\/uploads\/2024\/11\/songte-company-1.webp\"><\/p>\n<p>Autore: lyl<\/p>","protected":false},"excerpt":{"rendered":"<p>Bucket Cylinder For Takeuchi Small Excavator TB216 Introduction: A bucket cylinder is a specially designed hydraulic cylinder primarily used to control the movement of the bucket in heavy machinery such as excavators, backhoes, and front-end loaders. Its main function is to allow the bucket to lift, lower, and tilt, making it easier to handle various [&hellip;]<\/p>","protected":false},"featured_media":14761,"comment_status":"open","ping_status":"closed","template":"","meta":{"_et_pb_use_builder":"","_et_pb_old_content":"","_et_gb_content_width":""},"product_brand":[],"product_cat":[1494],"product_tag":[1495,1496],"class_list":{"0":"post-15716","1":"product","2":"type-product","3":"status-publish","4":"has-post-thumbnail","6":"product_cat-bucket-cylinders","7":"product_tag-bucket-cylinders","8":"product_tag-hydraulic-cylinders","10":"first","11":"instock","12":"shipping-taxable","13":"product-type-simple"},"amp_enabled":true,"_links":{"self":[{"href":"https:\/\/www.hydraulic-cylinders.net\/it\/wp-json\/wp\/v2\/product\/15716","targetHints":{"allow":["GET"]}}],"collection":[{"href":"https:\/\/www.hydraulic-cylinders.net\/it\/wp-json\/wp\/v2\/product"}],"about":[{"href":"https:\/\/www.hydraulic-cylinders.net\/it\/wp-json\/wp\/v2\/types\/product"}],"replies":[{"embeddable":true,"href":"https:\/\/www.hydraulic-cylinders.net\/it\/wp-json\/wp\/v2\/comments?post=15716"}],"wp:featuredmedia":[{"embeddable":true,"href":"https:\/\/www.hydraulic-cylinders.net\/it\/wp-json\/wp\/v2\/media\/14761"}],"wp:attachment":[{"href":"https:\/\/www.hydraulic-cylinders.net\/it\/wp-json\/wp\/v2\/media?parent=15716"}],"wp:term":[{"taxonomy":"product_brand","embeddable":true,"href":"https:\/\/www.hydraulic-cylinders.net\/it\/wp-json\/wp\/v2\/product_brand?post=15716"},{"taxonomy":"product_cat","embeddable":true,"href":"https:\/\/www.hydraulic-cylinders.net\/it\/wp-json\/wp\/v2\/product_cat?post=15716"},{"taxonomy":"product_tag","embeddable":true,"href":"https:\/\/www.hydraulic-cylinders.net\/it\/wp-json\/wp\/v2\/product_tag?post=15716"}],"curies":[{"name":"parola chiave","href":"https:\/\/api.w.org\/{rel}","templated":true}]}}