{"id":15719,"date":"2025-01-19T14:53:17","date_gmt":"2025-01-19T14:53:17","guid":{"rendered":"https:\/\/www.hydraulic-cylinders.net\/product\/bucket-cylinder-for-case-small-excavator-cx75\/"},"modified":"2025-01-19T14:53:19","modified_gmt":"2025-01-19T14:53:19","slug":"bucket-cylinder-for-case-small-excavator-cx75","status":"publish","type":"product","link":"https:\/\/www.hydraulic-cylinders.net\/it\/prodotto\/bucket-cylinder-for-case-small-excavator-cx75\/","title":{"rendered":"Cilindro della benna per escavatore piccolo Case CX75"},"content":{"rendered":"<p><!DOCTYPE html><br \/>\n<html><br \/>\n<head><br \/>\n<title>Cilindro della benna per escavatore piccolo Case CX75<\/title><br \/>\n<\/head><br \/>\n<body><\/p>\n<h1>Cilindro della benna per escavatore piccolo Case CX75<\/h1>\n<h2>Introduzione<\/h2>\n<p>Un cilindro della benna, noto anche come cilindro idraulico, \u00e8 specificamente progettato per controllare il movimento della benna in macchinari pesanti come escavatori, terne e pale caricatrici frontali. La sua funzione principale \u00e8 quella di consentire il sollevamento, l'abbassamento e l'inclinazione della benna, semplificando la gestione di diverse attivit\u00e0 di movimentazione dei materiali. In un sistema idraulico, il cilindro della benna consente un controllo preciso della benna sfruttando le variazioni di pressione nell'olio idraulico, consentendo agli operatori di gestire in modo efficiente carichi pesanti e di adattarsi ad ambienti di lavoro complessi e a diverse esigenze operative.<\/p>\n<p><img decoding=\"async\" src=\"https:\/\/www.hydraulic-cylinders.net\/wp-content\/uploads\/2025\/01\/songte-company-2.webp\" alt=\"Immagine del cilindro del secchio\"><\/p>\n<h2>Caratteristiche<\/h2>\n<ul>\n<li>Elevata resistenza e durata: solitamente realizzato in acciaio o alluminio ad alta resistenza, il cilindro della benna pu\u00f2 sopportare pressioni elevate e carichi pesanti, adattandosi ad ambienti di lavoro difficili. Il suo design \u00e8 inoltre resistente all'usura e alla corrosione, prolungandone la durata.<\/li>\n<li>Funzionamento idraulico efficiente: sfruttando la pressione dell'olio idraulico, il cilindro della benna esegue movimenti di estensione e retrazione fluidi, consentendo una risposta rapida ai comandi e fornendo potenti forze di spinta e trazione. \u00c8 adatto per la movimentazione di carichi pesanti e compiti operativi complessi.<\/li>\n<li>Varie tipologie: il cilindro della benna pu\u00f2 essere selezionato a semplice effetto (pressione idraulica utilizzata in una sola direzione) o a doppio effetto (pressione idraulica utilizzata in entrambe le direzioni), a seconda delle esigenze operative. Alcuni modelli sono telescopici, consentendo una maggiore estensione senza aumentare le dimensioni esterne, rendendoli adatti ad applicazioni con spazio limitato.<\/li>\n<li>Sostituzione perfetta: i nostri prodotti possono sostituire perfettamente questi cilindri idraulici.<\/li>\n<\/ul>\n<p><img decoding=\"async\" src=\"https:\/\/www.hydraulic-cylinders.net\/wp-content\/uploads\/2025\/01\/songte-cylinder-head-with-all-kinds-excavator-models.webp\" alt=\"Immagine di sostituzione del cilindro della benna\"><\/p>\n<h2>Applicazioni<\/h2>\n<p>Il cilindro della benna trova applicazione in diverse attrezzature:<\/p>\n<ul>\n<li>Attrezzature edili: presenti negli escavatori, sono fondamentali per lo scavo, il carico e lo spostamento di terra o detriti. Nelle terne, il cilindro della benna agevola sia lo scavo che il sollevamento.<\/li>\n<li>Macchine agricole: utilizzate nelle pale caricatrici frontali per raccogliere, sollevare e trasportare terra, fieno e altri materiali.<\/li>\n<li>Escavatori: il cilindro della benna consente di effettuare azioni di scavo consentendo alla benna di penetrare nel terreno.<\/li>\n<li>Caricatori: nei caricatori frontali, aiutano a sollevare e scaricare le merci in modo efficiente.<\/li>\n<\/ul>\n<h2>Considerazioni progettuali e criteri di selezione<\/h2>\n<ul>\n<li>Capacit\u00e0 portante: discutere i fattori chiave, quali la capacit\u00e0 di carico e la resistenza del materiale, che influenzano la progettazione dei cilindri della benna.<\/li>\n<li>Tenuta: approfondire l'importanza dell'utilizzo di vari componenti di tenuta, come guarnizioni per pistoni e steli realizzate in materiali durevoli come poliuretano e gomma nitrilica, nonch\u00e9 il trattamento superficiale raffinato dei corpi cilindro e delle estremit\u00e0 filettate per migliorarne la resistenza all'usura. Sottolineare la necessit\u00e0 di una lubrificazione regolare.<\/li>\n<\/ul>\n<p><img decoding=\"async\" src=\"https:\/\/www.hydraulic-cylinders.net\/wp-content\/uploads\/2025\/01\/songte-oil-pipes-and-spare-parts.webp\" alt=\"Immagine di guarnizioni e lubrificazione del cilindro idraulico\"><\/p>\n<h2>Manutenzione e misure preventive<\/h2>\n<ul>\n<li>Ispezione periodica: evidenziare l'importanza dell'ispezione periodica per individuare eventuali problemi.<\/li>\n<li>Lubrificazione: sottolineare la necessit\u00e0 di una lubrificazione adeguata per garantire un funzionamento regolare e prevenire l'usura prematura.<\/li>\n<li>Sostituzione delle guarnizioni: fornire linee guida per la sostituzione delle guarnizioni al fine di mantenere prestazioni ottimali.<\/li>\n<li>Controllo della calibrazione: discutere l'importanza dei controlli della calibrazione per garantire un funzionamento accurato.<\/li>\n<\/ul>\n<p><img decoding=\"async\" src=\"https:\/\/www.hydraulic-cylinders.net\/wp-content\/uploads\/2025\/01\/songte-chushion-collar.webp\" alt=\"Immagine di manutenzione del cilindro idraulico\"><\/p>\n<h2>Considerazioni sulla sicurezza e fattori ambientali<\/h2>\n<p>Affrontare l'importanza delle misure di sicurezza quando si lavora con i cilindri delle benne e il loro impatto sull'ambiente.<\/p>\n<h2>Diagnosi dei guasti e problemi comuni<\/h2>\n<p>Discutere i guasti pi\u00f9 comuni e fornire suggerimenti e soluzioni per la risoluzione dei problemi, per aiutare i lettori a diagnosticare e risolvere efficacemente i problemi. Offrire misure preventive per ridurre al minimo i potenziali problemi.<\/p>\n<p><img decoding=\"async\" src=\"https:\/\/www.hydraulic-cylinders.net\/wp-content\/uploads\/2025\/01\/songte-bushings-with-all-kinds-of-excavator-models.webp\" alt=\"Immagine di diagnosi dei guasti del cilindro idraulico\"><\/p>\n<h2>La nostra azienda<\/h2>\n<p>Siamo un produttore e distributore all'ingrosso leader di cilindri idraulici sul mercato nazionale e internazionale. Diamo priorit\u00e0 all'eccellenza qualitativa e ci affidiamo a strategie di gestione della produzione industrializzata nel nostro raffinato laboratorio di produzione. Grazie al nostro team di esperti tecnici, alle attrezzature di produzione digitale all'avanguardia e ai sistemi di collaudo professionali, miglioriamo costantemente la nostra piattaforma produttiva e il percorso di produzione per la qualit\u00e0 dei prodotti. Le nostre solide capacit\u00e0 creative ci consentono di soddisfare le diverse esigenze dei clienti con elevata efficienza, precisione e qualit\u00e0.<\/p>\n<p><img decoding=\"async\" src=\"https:\/\/hzpt.com\/wp-content\/uploads\/2024\/11\/songte-company-1.webp\" alt=\"Immagine aziendale\"><\/p>\n<h3>Professionalit\u00e0<\/h3>\n<p>Discutere le competenze dell'azienda nella produzione di cilindri idraulici.<\/p>\n<h3>Certificazioni internazionali<\/h3>\n<p>Evidenzia le certificazioni internazionali dell'azienda che convalidano la qualit\u00e0 e gli standard dei suoi prodotti.<\/p>\n<h3>Servizi di personalizzazione<\/h3>\n<p>Sottolineare la capacit\u00e0 dell'azienda di fornire soluzioni personalizzate.<\/p>\n<h3>Attrezzature di produzione<\/h3>\n<p>Descrivere le attrezzature di produzione avanzate utilizzate dall'azienda.<\/p>\n<h3>Servizio post-vendita<\/h3>\n<p>Spiega l'impegno dell'azienda nel fornire un eccellente servizio post-vendita.<\/p>\n<p><img decoding=\"async\" src=\"https:\/\/www.hydraulic-cylinders.net\/wp-content\/uploads\/2025\/01\/songte-company-3.webp\" alt=\"Immagine dei dettagli dell&#039;azienda\"><\/p>\n<p>Autore: lyl<\/p>\n<p><\/body><br \/>\n<\/html><\/p>","protected":false},"excerpt":{"rendered":"<p>Bucket Cylinder For Case Small Excavator CX75 Bucket Cylinder For Case Small Excavator CX75 Introduction A bucket cylinder, also known as a hydraulic cylinder, is specifically designed to control the movement of the bucket in heavy machinery such as excavators, backhoe loaders, and front loaders. Its main function is to enable the lifting, lowering, and [&hellip;]<\/p>","protected":false},"featured_media":14787,"comment_status":"open","ping_status":"closed","template":"","meta":{"_et_pb_use_builder":"","_et_pb_old_content":"","_et_gb_content_width":""},"product_brand":[],"product_cat":[1494],"product_tag":[1495,1496],"class_list":{"0":"post-15719","1":"product","2":"type-product","3":"status-publish","4":"has-post-thumbnail","6":"product_cat-bucket-cylinders","7":"product_tag-bucket-cylinders","8":"product_tag-hydraulic-cylinders","10":"first","11":"instock","12":"shipping-taxable","13":"product-type-simple"},"amp_enabled":true,"_links":{"self":[{"href":"https:\/\/www.hydraulic-cylinders.net\/it\/wp-json\/wp\/v2\/product\/15719","targetHints":{"allow":["GET"]}}],"collection":[{"href":"https:\/\/www.hydraulic-cylinders.net\/it\/wp-json\/wp\/v2\/product"}],"about":[{"href":"https:\/\/www.hydraulic-cylinders.net\/it\/wp-json\/wp\/v2\/types\/product"}],"replies":[{"embeddable":true,"href":"https:\/\/www.hydraulic-cylinders.net\/it\/wp-json\/wp\/v2\/comments?post=15719"}],"wp:featuredmedia":[{"embeddable":true,"href":"https:\/\/www.hydraulic-cylinders.net\/it\/wp-json\/wp\/v2\/media\/14787"}],"wp:attachment":[{"href":"https:\/\/www.hydraulic-cylinders.net\/it\/wp-json\/wp\/v2\/media?parent=15719"}],"wp:term":[{"taxonomy":"product_brand","embeddable":true,"href":"https:\/\/www.hydraulic-cylinders.net\/it\/wp-json\/wp\/v2\/product_brand?post=15719"},{"taxonomy":"product_cat","embeddable":true,"href":"https:\/\/www.hydraulic-cylinders.net\/it\/wp-json\/wp\/v2\/product_cat?post=15719"},{"taxonomy":"product_tag","embeddable":true,"href":"https:\/\/www.hydraulic-cylinders.net\/it\/wp-json\/wp\/v2\/product_tag?post=15719"}],"curies":[{"name":"parola chiave","href":"https:\/\/api.w.org\/{rel}","templated":true}]}}