{"id":15724,"date":"2025-01-19T14:53:40","date_gmt":"2025-01-19T14:53:40","guid":{"rendered":"https:\/\/www.hydraulic-cylinders.net\/product\/bucket-cylinder-for-case-middle-excavator-cx240b\/"},"modified":"2025-01-19T14:53:42","modified_gmt":"2025-01-19T14:53:42","slug":"bucket-cylinder-for-case-middle-excavator-cx240b","status":"publish","type":"product","link":"https:\/\/www.hydraulic-cylinders.net\/it\/prodotto\/bucket-cylinder-for-case-middle-excavator-cx240b\/","title":{"rendered":"Cilindro della benna per escavatore medio Case CX240B"},"content":{"rendered":"<h1>Cilindro della benna per escavatore medio Case CX240B<\/h1>\n<h2>Introduzione<\/h2>\n<p>Il cilindro della benna per l'escavatore medio Case CX240B \u00e8 un cilindro idraulico appositamente progettato per controllare il movimento della benna in macchinari pesanti come escavatori, terne e pale caricatrici frontali. La sua funzione principale \u00e8 quella di consentire il sollevamento, l'abbassamento e l'inclinazione della benna, facilitando diverse attivit\u00e0 di movimentazione dei materiali. Nel sistema idraulico, il cilindro della benna garantisce un controllo preciso della benna tramite variazioni della pressione dell'olio idraulico, consentendo agli operatori di gestire in modo efficiente carichi pesanti e di adattarsi ad ambienti di lavoro complessi e a diverse esigenze operative.<\/p>\n<p><img decoding=\"async\" src=\"https:\/\/www.hydraulic-cylinders.net\/wp-content\/uploads\/2025\/01\/songte-company-2.webp\" alt=\"Immagine del cilindro del secchio\"><\/p>\n<h2>Caratteristiche<\/h2>\n<ul>\n<li>\n<h3>Elevata resistenza e durata<\/h3>\n<p>Il cilindro della benna \u00e8 solitamente realizzato in acciaio ad alta resistenza o alluminio, in grado di sopportare pressioni elevate e carichi pesanti, ed \u00e8 progettato per resistere all'usura e alla corrosione, prolungandone la durata utile.<\/p>\n<\/li>\n<li>\n<h3>Funzionamento idraulico efficiente<\/h3>\n<p>Il cilindro della benna sfrutta la pressione dell'olio idraulico per ottenere un'estensione e una contrazione fluide, rispondendo rapidamente ai comandi di controllo e fornendo potenti forze di spinta e trazione, rendendolo adatto alla movimentazione di carichi pesanti e attivit\u00e0 di lavoro complesse.<\/p>\n<\/li>\n<li>\n<h3>Vari tipi<\/h3>\n<p>Il cilindro della benna pu\u00f2 essere selezionato come a semplice effetto (utilizza l'idraulica in una sola direzione) o a doppio effetto (utilizza l'idraulica in entrambe le direzioni) a seconda dell'operazione richiesta, e alcuni modelli sono telescopici, consentendo una maggiore estensione senza aumentare le dimensioni esterne, adatti per applicazioni con spazio limitato.<\/p>\n<\/li>\n<li>\n<h3>Sostituzione perfetta<\/h3>\n<p>Il nostro prodotto pu\u00f2 sostituire perfettamente questi cilindri idraulici.<\/p>\n<\/li>\n<li>\n<h3>Applicazione<\/h3>\n<p>Il cilindro della benna \u00e8 ampiamente utilizzato nelle attrezzature edili, nei macchinari agricoli, negli escavatori e nelle pale caricatrici.<\/p>\n<\/li>\n<\/ul>\n<p><img decoding=\"async\" src=\"https:\/\/www.hydraulic-cylinders.net\/wp-content\/uploads\/2025\/01\/songte-cylinder-head-with-all-kinds-excavator-models.webp\" alt=\"Modelli di cilindri a benna\"><\/p>\n<h2>Applicazioni<\/h2>\n<h3>Attrezzature per l'edilizia<\/h3>\n<p>Negli escavatori, sono essenziali per scavare, caricare e spostare terreno o detriti. Nelle terne, il cilindro della benna aiuta sia nello scavo che nel sollevamento. Nelle pale caricatrici frontali, aiutano a sollevare e inclinare efficacemente i carichi.<\/p>\n<h3>Macchine agricole<\/h3>\n<p>Il cilindro della benna viene utilizzato per le pale caricatrici frontali, per scavare, sollevare e trasportare terra, fieno e altri materiali.<\/p>\n<h3>Escavatori<\/h3>\n<p>Il cilindro della benna consente l'azione di scavo consentendo alla benna di penetrare nel terreno.<\/p>\n<h3>Caricatori<\/h3>\n<p>Nelle pale caricatrici frontali, il cilindro della benna aiuta a sollevare e scaricare le merci in modo efficace.<\/p>\n<h2>Considerazioni progettuali e criteri di selezione<\/h2>\n<h3>Capacit\u00e0 di carico<\/h3>\n<p>Il cilindro della benna deve essere in grado di sopportare il carico previsto.<\/p>\n<h3>Sigillatura<\/h3>\n<p>Il cilindro del secchio deve essere adeguatamente sigillato per evitare perdite e contaminazioni.<\/p>\n<h3>Durata<\/h3>\n<p>Il cilindro della benna deve essere progettato per resistere all'usura e alla corrosione e prolungarne la durata utile.<\/p>\n<h3>Sicurezza<\/h3>\n<p>Il cilindro della benna deve essere progettato con dispositivi di sicurezza quali valvole di sicurezza.<\/p>\n<h3>Manutenzione<\/h3>\n<p>Il cilindro della benna deve essere progettato per una facile manutenzione, con componenti che possono essere facilmente riparati o sostituiti.<\/p>\n<p><img decoding=\"async\" src=\"https:\/\/www.hydraulic-cylinders.net\/wp-content\/uploads\/2025\/01\/songte-oil-pipes-and-spare-parts.webp\" alt=\"Parti del cilindro della benna\"><\/p>\n<h2>Sigillatura e lubrificazione<\/h2>\n<p>Il cilindro della benna utilizza varie guarnizioni, come guarnizioni per pistone, guarnizioni per stelo, ecc., realizzate in materiali resistenti all'usura come poliuretano, gomma nitrilica, ecc. Il corpo del cilindro e le superfici terminali della filettatura sono finemente lavorate per aumentarne la resistenza all'usura. \u00c8 necessario aggiungere regolarmente olio idraulico adeguato per la lubrificazione.<\/p>\n<h2>Manutenzione e riparazione<\/h2>\n<p>Il cilindro della benna richiede controlli regolari, lubrificazione e sostituzione delle guarnizioni. Un'installazione corretta \u00e8 fondamentale e consigliamo di utilizzare staffe di montaggio appropriate per fissare il cilindro. Le procedure di ispezione, riparazione e sostituzione consigliate possono contribuire a prolungare la durata utile del cilindro della benna. Forniamo ricambi e servizi di ricostruzione.<\/p>\n<p><img decoding=\"async\" src=\"https:\/\/www.hydraulic-cylinders.net\/wp-content\/uploads\/2025\/01\/songte-chushion-collar.webp\" alt=\"Collare del cilindro della benna\"><\/p>\n<h2>Considerazioni sulla sicurezza e sull'ambiente<\/h2>\n<p>Quando si utilizza il cilindro della benna, \u00e8 importante seguire le misure di sicurezza, come l'uso di dispositivi di protezione individuale e la sicurezza della macchina. \u00c8 inoltre necessario smaltire correttamente l'olio idraulico e altri materiali pericolosi.<\/p>\n<h2>Diagnosi dei guasti e risoluzione dei problemi<\/h2>\n<p>I problemi pi\u00f9 comuni con il cilindro della benna includono perdite, danni alle guarnizioni e scarse prestazioni. Questi possono essere risolti sostituendo le guarnizioni, controllando il livello dell'olio e ispezionando il cilindro per eventuali danni.<\/p>\n<h2>Presentazione dell'azienda<\/h2>\n<p>Siamo produttori di sostituti per cilindri idraulici, con una gamma completa di prodotti, affermandoci come uno dei principali produttori e grossisti di cilindri idraulici sul mercato nazionale ed estero. Aderiamo al concetto di qualit\u00e0 eccellente e ci affidiamo a strategie di gestione della produzione industriale basate su laboratori di produzione raffinati. Grazie all'impiego di talenti tecnologici, apparecchiature di produzione digitali di fascia alta e sistemi di collaudo professionali, miglioriamo costantemente le nostre piattaforme di produzione per perfezionare i nostri processi di produzione di qualit\u00e0. Abbiamo una forte capacit\u00e0 di creare prodotti ad alta efficienza, alta precisione e alta qualit\u00e0 per soddisfare le diverse esigenze dei nostri clienti.<\/p>\n<p><img decoding=\"async\" src=\"https:\/\/hzpt.com\/wp-content\/uploads\/2024\/11\/songte-company-1.webp\" alt=\"Immagine aziendale\"><\/p>\n<h3>Professionalit\u00e0<\/h3>\n<p>Il nostro team \u00e8 composto da professionisti esperti che vantano una vasta conoscenza e competenza tecnica nel settore dei cilindri idraulici.<\/p>\n<h3>Certificazione internazionale<\/h3>\n<p>I nostri prodotti hanno ottenuto diverse certificazioni internazionali, tra cui ISO 9001 e CE, a garanzia della loro qualit\u00e0 e sicurezza.<\/p>\n<h3>Servizi di personalizzazione<\/h3>\n<p>Forniamo servizi di personalizzazione per soddisfare le esigenze specifiche dei nostri clienti.<\/p>\n<h3>Attrezzature di produzione<\/h3>\n<p>Utilizziamo attrezzature di produzione digitale avanzate per garantire la qualit\u00e0 e l'efficienza del prodotto.<\/p>\n<h3>Servizio post-vendita<\/h3>\n<p>Offriamo un eccellente servizio post-vendita, che comprende la manutenzione e la sostituzione dei prodotti, per garantire la soddisfazione dei nostri clienti.<\/p>\n<h4>Autore: lyl<\/h4>","protected":false},"excerpt":{"rendered":"<p>Bucket Cylinder For Case Middle Excavator CX240B Introduction The bucket cylinder for Case middle excavator CX240B is a specially designed hydraulic cylinder used to control the movement of the bucket in heavy machinery such as excavators, backhoe excavators, and front-end loaders. Its main function is to enable the lifting, lowering, and tilting of the bucket, [&hellip;]<\/p>","protected":false},"featured_media":14778,"comment_status":"open","ping_status":"closed","template":"","meta":{"_et_pb_use_builder":"","_et_pb_old_content":"","_et_gb_content_width":""},"product_brand":[],"product_cat":[1494],"product_tag":[1495,1496],"class_list":{"0":"post-15724","1":"product","2":"type-product","3":"status-publish","4":"has-post-thumbnail","6":"product_cat-bucket-cylinders","7":"product_tag-bucket-cylinders","8":"product_tag-hydraulic-cylinders","10":"first","11":"instock","12":"shipping-taxable","13":"product-type-simple"},"amp_enabled":true,"_links":{"self":[{"href":"https:\/\/www.hydraulic-cylinders.net\/it\/wp-json\/wp\/v2\/product\/15724","targetHints":{"allow":["GET"]}}],"collection":[{"href":"https:\/\/www.hydraulic-cylinders.net\/it\/wp-json\/wp\/v2\/product"}],"about":[{"href":"https:\/\/www.hydraulic-cylinders.net\/it\/wp-json\/wp\/v2\/types\/product"}],"replies":[{"embeddable":true,"href":"https:\/\/www.hydraulic-cylinders.net\/it\/wp-json\/wp\/v2\/comments?post=15724"}],"wp:featuredmedia":[{"embeddable":true,"href":"https:\/\/www.hydraulic-cylinders.net\/it\/wp-json\/wp\/v2\/media\/14778"}],"wp:attachment":[{"href":"https:\/\/www.hydraulic-cylinders.net\/it\/wp-json\/wp\/v2\/media?parent=15724"}],"wp:term":[{"taxonomy":"product_brand","embeddable":true,"href":"https:\/\/www.hydraulic-cylinders.net\/it\/wp-json\/wp\/v2\/product_brand?post=15724"},{"taxonomy":"product_cat","embeddable":true,"href":"https:\/\/www.hydraulic-cylinders.net\/it\/wp-json\/wp\/v2\/product_cat?post=15724"},{"taxonomy":"product_tag","embeddable":true,"href":"https:\/\/www.hydraulic-cylinders.net\/it\/wp-json\/wp\/v2\/product_tag?post=15724"}],"curies":[{"name":"parola chiave","href":"https:\/\/api.w.org\/{rel}","templated":true}]}}