{"id":15741,"date":"2025-01-19T14:55:00","date_gmt":"2025-01-19T14:55:00","guid":{"rendered":"https:\/\/www.hydraulic-cylinders.net\/product\/bucket-cylinder-for-world-small-excavator-w2150-8\/"},"modified":"2025-01-19T14:55:02","modified_gmt":"2025-01-19T14:55:02","slug":"bucket-cylinder-for-world-small-excavator-w2150-8","status":"publish","type":"product","link":"https:\/\/www.hydraulic-cylinders.net\/it\/prodotto\/bucket-cylinder-for-world-small-excavator-w2150-8\/","title":{"rendered":"Cilindro della benna per escavatore piccolo World W2150-8"},"content":{"rendered":"<h1>Cilindro della benna per escavatore piccolo World W2150-8<\/h1>\n<h2>Introduzione<\/h2>\n<p>Il cilindro della benna \u00e8 un tipo di cilindro idraulico specializzato utilizzato principalmente per controllare il movimento della benna in macchinari pesanti come escavatori, terne e pale caricatrici frontali. La sua funzione principale \u00e8 quella di consentire il sollevamento, l'abbassamento e l'inclinazione della benna, facilitando la gestione di diverse attivit\u00e0 di movimentazione dei materiali. Nel sistema idraulico, il cilindro della benna sfrutta la variazione di pressione dell'olio idraulico per ottenere un controllo preciso della benna, consentendo agli operatori di gestire in modo efficiente carichi pesanti e di adattarsi ad ambienti di lavoro complessi e a diverse esigenze operative.<\/p>\n<p><img decoding=\"async\" src=\"https:\/\/www.hydraulic-cylinders.net\/wp-content\/uploads\/2025\/01\/songte-company-2.webp\" alt=\"Immagine del cilindro del secchio\"><\/p>\n<h2>Caratteristiche<\/h2>\n<ul>\n<li>\n<h3>Elevata resistenza e durata<\/h3>\n<p>Il cilindro della benna \u00e8 solitamente realizzato in acciaio ad alta resistenza o alluminio, in grado di sopportare pressioni elevate e carichi pesanti, adattarsi ad ambienti di lavoro difficili ed \u00e8 progettato per resistere all'usura e alla corrosione, prolungandone la durata utile.<\/p>\n<\/li>\n<li>\n<h3>Funzionamento idraulico efficiente<\/h3>\n<p>Il cilindro della benna sfrutta la pressione dell'olio idraulico per ottenere un'azione telescopica fluida, in grado di rispondere rapidamente ai comandi di controllo, fornire potenti forze di spinta e trazione ed \u00e8 adatto alla movimentazione di carichi pesanti e lavori complessi.<\/p>\n<\/li>\n<li>\n<h3>Vari tipi<\/h3>\n<p>Il cilindro della benna pu\u00f2 essere a semplice effetto (funzionamento idraulico in una sola direzione) o a doppio effetto (funzionamento idraulico in entrambe le direzioni), a seconda delle esigenze operative. Alcuni modelli sono telescopici, consentendo una maggiore estensione senza aumentare le dimensioni esterne, rendendoli adatti ad applicazioni con spazi ristretti.<\/p>\n<\/li>\n<li>\n<h3>Sostituibile<\/h3>\n<p>I nostri prodotti possono sostituire perfettamente questi cilindri idraulici e siamo in grado di produrre questo prodotto.<\/p>\n<p>    <img decoding=\"async\" src=\"https:\/\/www.hydraulic-cylinders.net\/wp-content\/uploads\/2025\/01\/songte-cylinder-head-with-all-kinds-excavator-models.webp\" alt=\"Immagine della testata del cilindro\">\n  <\/li>\n<li>\n<h3>Ampia gamma di applicazioni<\/h3>\n<p>Il cilindro della benna \u00e8 ampiamente utilizzato in vari settori, come attrezzature edili, macchinari agricoli, escavatori e caricatori.<\/p>\n<\/li>\n<\/ul>\n<h2>Considerazioni progettuali e criteri di selezione<\/h2>\n<ul>\n<li>\n<h3>Capacit\u00e0 portante<\/h3>\n<p>Il cilindro della benna deve avere una capacit\u00e0 portante sufficiente a sopportare la pressione e il carico della macchina senza deformarsi o rompersi.<\/p>\n<\/li>\n<li>\n<h3>Prestazioni di tenuta<\/h3>\n<p>Il cilindro della benna deve essere sigillato per evitare perdite di olio e infiltrazioni di polvere, che possono compromettere il normale funzionamento del cilindro e ridurne la durata.<\/p>\n<\/li>\n<li>\n<h3>Durata<\/h3>\n<p>Il cilindro della benna deve essere progettato con materiali resistenti all'usura e alla corrosione per prolungarne la durata utile, soprattutto in ambienti di lavoro difficili.<\/p>\n<\/li>\n<li>\n<h3>Sicurezza<\/h3>\n<p>Il cilindro della benna deve essere progettato con dispositivi di sicurezza, come valvole di sicurezza e interruttori di arresto di emergenza, per prevenire incidenti durante il funzionamento.<\/p>\n<\/li>\n<li>\n<h3>Manutenibilit\u00e0<\/h3>\n<p>Il cilindro della benna deve essere progettato per una facile manutenzione, ad esempio con guarnizioni a sostituzione rapida e bulloni di montaggio accessibili, per ridurre i tempi e i costi di manutenzione.<\/p>\n<p>    <img decoding=\"async\" src=\"https:\/\/www.hydraulic-cylinders.net\/wp-content\/uploads\/2025\/01\/songte-oil-pipes-and-spare-parts.webp\" alt=\"Immagine di tubi dell&#039;olio e pezzi di ricambio\">\n  <\/li>\n<\/ul>\n<h2>Sigillatura e lubrificazione<\/h2>\n<p>Il cilindro della benna utilizza diverse guarnizioni, come guarnizioni per pistone e stelo, realizzate in materiali resistenti all'usura come poliuretano e gomma nitrilica, per garantire prestazioni di tenuta ottimali. Il corpo del cilindro e la superficie terminale della filettatura sono finemente lavorati per migliorare la resistenza all'usura e la lubrificazione richiede l'aggiunta regolare di olio idraulico appropriato.<\/p>\n<h2>Manutenzione e riparazione<\/h2>\n<p>Ispezioni regolari, lubrificazione adeguata, sostituzione delle guarnizioni e controlli di taratura sono attivit\u00e0 di manutenzione comuni per il cilindro della benna. Installazione, lubrificazione e regolazione corrette sono essenziali e vengono fornite istruzioni per un corretto allineamento durante l'installazione. Si raccomanda l'utilizzo di staffe di installazione adeguate per fissare il cilindro. Vengono fornite procedure di ispezione, riparazione e sostituzione consigliate per prolungare la durata utile del cilindro della benna.<\/p>\n<p><img decoding=\"async\" src=\"https:\/\/www.hydraulic-cylinders.net\/wp-content\/uploads\/2025\/01\/songte-chushion-collar.webp\" alt=\"Immagine del collare del cuscino\"><\/p>\n<h2>Considerazioni sulla sicurezza e sull'ambiente<\/h2>\n<p>Quando si utilizza il cilindro della benna, \u00e8 importante adottare misure di sicurezza per prevenire incidenti. Le considerazioni ambientali includono l'uso di materiali ecocompatibili e il corretto smaltimento dei rifiuti.<\/p>\n<h2>Risoluzione dei problemi e problemi comuni<\/h2>\n<p>Tra i problemi pi\u00f9 comuni con il cilindro della benna rientrano perdite d'olio, pressione insufficiente e forza telescopica insufficiente. Vengono forniti suggerimenti e soluzioni per la diagnosi e la risoluzione dei problemi, nonch\u00e9 misure preventive per ridurre al minimo i potenziali problemi.<\/p>\n<p><img decoding=\"async\" src=\"https:\/\/www.hydraulic-cylinders.net\/wp-content\/uploads\/2025\/01\/songte-bushings-with-all-kinds-of-excavator-models.webp\" alt=\"Immagine delle boccole\"><\/p>\n<h2>Informazioni sulla nostra azienda<\/h2>\n<p>Siamo produttori di cilindri idraulici di ricambio con un'ampia gamma di prodotti e siamo diventati uno dei principali produttori e distributori all'ingrosso di cilindri idraulici sul mercato nazionale e internazionale. Aderiamo al principio di eccellenza e ci affidiamo alla strategia di gestione della produzione industrializzata di un'officina di produzione di alta qualit\u00e0, migliorando costantemente la piattaforma produttiva dell'officina, migliorando la qualit\u00e0 della produzione e vantando solide capacit\u00e0 produttive. Soddisfiamo le diverse esigenze dei nostri clienti con principi di alta efficienza, alta precisione e alta qualit\u00e0.<\/p>\n<p>Forniamo certificazioni professionali internazionali, servizi personalizzati, attrezzature di produzione e servizi post-vendita per ampliare la diffusione della nostra azienda.<\/p>\n<p><img decoding=\"async\" src=\"https:\/\/hzpt.com\/wp-content\/uploads\/2024\/11\/songte-company-1.webp\" alt=\"Immagine aziendale\"><\/p>\n<h2>Autore: lyl<\/h2>","protected":false},"excerpt":{"rendered":"<p>Bucket Cylinder For World Small Excavator W2150-8 Introduction The bucket cylinder is a type of specialized hydraulic cylinder that is primarily used to control the movement of the bucket in heavy machinery such as excavators, backhoe loaders, and front loaders. Its main function is to allow the bucket to be lifted, lowered, and tilted, making [&hellip;]<\/p>","protected":false},"featured_media":14773,"comment_status":"open","ping_status":"closed","template":"","meta":{"_et_pb_use_builder":"","_et_pb_old_content":"","_et_gb_content_width":""},"product_brand":[],"product_cat":[1494],"product_tag":[1495,1496],"class_list":{"0":"post-15741","1":"product","2":"type-product","3":"status-publish","4":"has-post-thumbnail","6":"product_cat-bucket-cylinders","7":"product_tag-bucket-cylinders","8":"product_tag-hydraulic-cylinders","10":"first","11":"instock","12":"shipping-taxable","13":"product-type-simple"},"amp_enabled":true,"_links":{"self":[{"href":"https:\/\/www.hydraulic-cylinders.net\/it\/wp-json\/wp\/v2\/product\/15741","targetHints":{"allow":["GET"]}}],"collection":[{"href":"https:\/\/www.hydraulic-cylinders.net\/it\/wp-json\/wp\/v2\/product"}],"about":[{"href":"https:\/\/www.hydraulic-cylinders.net\/it\/wp-json\/wp\/v2\/types\/product"}],"replies":[{"embeddable":true,"href":"https:\/\/www.hydraulic-cylinders.net\/it\/wp-json\/wp\/v2\/comments?post=15741"}],"wp:featuredmedia":[{"embeddable":true,"href":"https:\/\/www.hydraulic-cylinders.net\/it\/wp-json\/wp\/v2\/media\/14773"}],"wp:attachment":[{"href":"https:\/\/www.hydraulic-cylinders.net\/it\/wp-json\/wp\/v2\/media?parent=15741"}],"wp:term":[{"taxonomy":"product_brand","embeddable":true,"href":"https:\/\/www.hydraulic-cylinders.net\/it\/wp-json\/wp\/v2\/product_brand?post=15741"},{"taxonomy":"product_cat","embeddable":true,"href":"https:\/\/www.hydraulic-cylinders.net\/it\/wp-json\/wp\/v2\/product_cat?post=15741"},{"taxonomy":"product_tag","embeddable":true,"href":"https:\/\/www.hydraulic-cylinders.net\/it\/wp-json\/wp\/v2\/product_tag?post=15741"}],"curies":[{"name":"parola chiave","href":"https:\/\/api.w.org\/{rel}","templated":true}]}}