{"id":15742,"date":"2025-01-19T14:55:05","date_gmt":"2025-01-19T14:55:05","guid":{"rendered":"https:\/\/www.hydraulic-cylinders.net\/product\/bucket-cylinder-for-world-middle-excavator-w2215-8\/"},"modified":"2025-01-19T14:55:07","modified_gmt":"2025-01-19T14:55:07","slug":"bucket-cylinder-for-world-middle-excavator-w2215-8","status":"publish","type":"product","link":"https:\/\/www.hydraulic-cylinders.net\/it\/prodotto\/bucket-cylinder-for-world-middle-excavator-w2215-8\/","title":{"rendered":"Cilindro della benna per escavatore medio mondiale W2215-8"},"content":{"rendered":"<h2>Cilindro della benna per escavatore medio mondiale W2215-8<\/h2>\n<p>Il cilindro della benna \u00e8 un cilindro idraulico appositamente progettato, utilizzato principalmente per controllare il movimento della benna in macchinari pesanti come escavatori, terne e pale caricatrici frontali. La sua funzione principale \u00e8 quella di consentire alla benna di eseguire operazioni di sollevamento, abbassamento e inclinazione, semplificando la gestione di diverse attivit\u00e0 di movimentazione dei materiali. In un sistema idraulico, il cilindro della benna consente un controllo preciso della benna sfruttando la variazione di pressione dell'olio idraulico, consentendo agli operatori di gestire in modo efficiente carichi pesanti e di adattarsi ad ambienti di lavoro complessi e a diverse esigenze operative.<\/p>\n<p><img decoding=\"async\" src=\"https:\/\/www.hydraulic-cylinders.net\/wp-content\/uploads\/2025\/01\/songte-company-2.webp\" alt=\"Immagine del cilindro del secchio\"><\/p>\n<h3>Caratteristiche del cilindro della benna per l'escavatore medio mondiale W2215-8<\/h3>\n<ol>\n<li>Elevata resistenza e durata: solitamente realizzati in acciaio o alluminio ad alta resistenza, possono sopportare pressioni elevate e carichi pesanti, adattandosi ad ambienti di lavoro difficili. Il design \u00e8 studiato per garantire resistenza all'usura e alla corrosione, prolungandone la durata.<\/li>\n<li>Funzionamento idraulico efficiente: sfruttando la pressione dell'olio idraulico, consente azioni di estensione e retrazione fluide, risponde rapidamente ai comandi di controllo, fornisce potenti forze di spinta e trazione ed \u00e8 adatto alla movimentazione di carichi pesanti e attivit\u00e0 complesse.<\/li>\n<li>Varie tipologie: possono essere selezionati come cilindri a semplice effetto (idraulici utilizzati in una sola direzione) o a doppio effetto (idraulici utilizzati in entrambe le direzioni) a seconda delle esigenze, soddisfacendo diverse esigenze operative. Alcuni modelli sono telescopici, consentendo una maggiore estensione senza aumentare le dimensioni esterne, adatti ad applicazioni con spazio limitato.<\/li>\n<li>Sostituisce perfettamente i cilindri OEM: il nostro prodotto \u00e8 progettato per sostituire perfettamente questi cilindri idraulici.<\/li>\n<\/ol>\n<p><img decoding=\"async\" src=\"https:\/\/www.hydraulic-cylinders.net\/wp-content\/uploads\/2025\/01\/songte-cylinder-head-with-all-kinds-excavator-models.webp\" alt=\"Immagine del cilindro idraulico di ricambio\"><\/p>\n<h3>Applicazioni del cilindro della benna per l'escavatore medio mondiale W2215-8<\/h3>\n<p>Questo cilindro a benna \u00e8 ampiamente utilizzato in varie attrezzature edili e macchinari agricoli:<\/p>\n<ul>\n<li>Attrezzature edili: svolge un ruolo cruciale negli escavatori per lo scavo, il carico e lo spostamento di terreno o detriti. Nelle terne, il cilindro della benna agevola sia lo scavo che il sollevamento.<\/li>\n<li>Macchine agricole: utilizzate nelle pale caricatrici frontali per raccogliere, sollevare e trasportare terra, fieno e altri materiali.<\/li>\n<li>Escavatori: il cilindro della benna consente di effettuare azioni di scavo consentendo alla benna di penetrare nel terreno.<\/li>\n<li>Caricatori frontali: nei caricatori frontali, aiutano a sollevare e scaricare le merci in modo efficiente.<\/li>\n<\/ul>\n<h3>Considerazioni progettuali e criteri di selezione<\/h3>\n<p>Quando si tratta della progettazione del cilindro della benna, vengono presi in considerazione diversi fattori importanti:<\/p>\n<ul>\n<li>Capacit\u00e0 portante<\/li>\n<li>Capacit\u00e0 di tenuta<\/li>\n<li>Durata<\/li>\n<li>Sicurezza<\/li>\n<li>Manutenibilit\u00e0<\/li>\n<\/ul>\n<p><img decoding=\"async\" src=\"https:\/\/www.hydraulic-cylinders.net\/wp-content\/uploads\/2025\/01\/songte-oil-pipes-and-spare-parts.webp\" alt=\"Progettazione e immagine dei componenti del cilindro idraulico\"><\/p>\n<h3>Sigillatura e lubrificazione<\/h3>\n<p>Il cilindro della benna utilizza vari componenti di tenuta, come guarnizioni del pistone e guarnizioni dello stelo, realizzati in materiali resistenti all'usura come poliuretano e gomma nitrilica. Il corpo del cilindro e le superfici terminali filettate sono finemente lavorati per migliorare la resistenza all'usura. Per garantire un funzionamento regolare, \u00e8 necessaria una lubrificazione regolare con olio idraulico idoneo.<\/p>\n<h3>Ispezione regolare e manutenzione preventiva<\/h3>\n<p>Per mantenere le prestazioni e prolungare la durata del cilindro della benna, sono essenziali ispezioni regolari e misure di manutenzione preventiva:<\/p>\n<ul>\n<li>Ispezionare per eventuali segni di usura o danni<\/li>\n<li>Lubrificazione adeguata<\/li>\n<li>Sostituzione delle guarnizioni usurate o danneggiate<\/li>\n<li>Controlli di calibrazione<\/li>\n<\/ul>\n<p><img decoding=\"async\" src=\"https:\/\/www.hydraulic-cylinders.net\/wp-content\/uploads\/2025\/01\/songte-chushion-collar.webp\" alt=\"Immagine di manutenzione del cilindro della benna\"><\/p>\n<h3>Considerazioni sulla sicurezza e fattori ambientali<\/h3>\n<p>Quando si utilizza il cilindro della benna, \u00e8 fondamentale garantire adeguate misure di sicurezza. Una formazione adeguata e il rispetto dei protocolli di sicurezza sono fondamentali per prevenire incidenti e mantenere un ambiente di lavoro sicuro. Inoltre, \u00e8 fondamentale considerare i fattori ambientali durante il funzionamento e la manutenzione del cilindro per ridurre al minimo qualsiasi impatto negativo.<\/p>\n<h3>Risoluzione dei problemi e problemi comuni<\/h3>\n<p>Ecco alcuni suggerimenti e soluzioni comuni per risolvere potenziali problemi:<\/p>\n<ul>\n<li>Identificazione e diagnosi dei guasti<\/li>\n<li>Fornire suggerimenti e soluzioni per la risoluzione dei problemi<\/li>\n<li>Suggerire misure preventive<\/li>\n<\/ul>\n<p><img decoding=\"async\" src=\"https:\/\/www.hydraulic-cylinders.net\/wp-content\/uploads\/2025\/01\/songte-bushings-with-all-kinds-of-excavator-models.webp\" alt=\"Immagine di risoluzione dei problemi del cilindro idraulico\"><\/p>\n<p>Ricordatevi di organizzare l'articolo in modo logico, di utilizzare sottotitoli per una facile navigazione, di incorporare immagini o grafici pertinenti per una migliore comprensione e di assicurarvi che il contenuto sia chiaro, conciso e adatto a lettori con diversi livelli di conoscenza tecnica.<\/p>\n<h2>Informazioni sulla nostra azienda<\/h2>\n<p>Siamo un produttore e distributore all'ingrosso leader di cilindri idraulici di ricambio. La nostra ampia gamma di prodotti ci ha reso un nome affidabile sul mercato nazionale e internazionale. Aderiamo ai principi di eccellenza qualitativa e utilizziamo strategie di gestione della produzione industriale nei nostri sofisticati laboratori di produzione. Grazie al nostro team di tecnici esperti, alle attrezzature di produzione all'avanguardia e ai sistemi di collaudo professionali, miglioriamo costantemente la nostra piattaforma produttiva e i nostri percorsi di produzione per garantire la qualit\u00e0 dei prodotti. Abbiamo una forte capacit\u00e0 innovativa e miriamo a soddisfare le diverse esigenze dei clienti con elevata efficienza, precisione e qualit\u00e0.<\/p>\n<p><img decoding=\"async\" src=\"https:\/\/www.hydraulic-cylinders.net\/wp-content\/uploads\/2025\/01\/songte-company-3.webp\" alt=\"Immagine aziendale\"><\/p>\n<h3>Perch\u00e9 sceglierci?<\/h3>\n<ul>\n<li>Competenza e professionalit\u00e0<\/li>\n<li>Certificazioni internazionali<\/li>\n<li>Servizi di personalizzazione<\/li>\n<li>Attrezzature di produzione avanzate<\/li>\n<li>Servizio post-vendita<\/li>\n<\/ul>\n<p>Autore: lyl<\/p>","protected":false},"excerpt":{"rendered":"<p>Bucket Cylinder For World Middle Excavator W2215-8 Bucket cylinder is a specially designed hydraulic cylinder that is primarily used to control the movement of the bucket in heavy machinery such as excavators, backhoe loaders, and front loaders. Its main function is to enable the bucket to perform lifting, lowering, and tilting actions, making it easier [&hellip;]<\/p>","protected":false},"featured_media":14771,"comment_status":"open","ping_status":"closed","template":"","meta":{"_et_pb_use_builder":"","_et_pb_old_content":"","_et_gb_content_width":""},"product_brand":[],"product_cat":[1494],"product_tag":[1495,1496],"class_list":{"0":"post-15742","1":"product","2":"type-product","3":"status-publish","4":"has-post-thumbnail","6":"product_cat-bucket-cylinders","7":"product_tag-bucket-cylinders","8":"product_tag-hydraulic-cylinders","10":"first","11":"instock","12":"shipping-taxable","13":"product-type-simple"},"amp_enabled":true,"_links":{"self":[{"href":"https:\/\/www.hydraulic-cylinders.net\/it\/wp-json\/wp\/v2\/product\/15742","targetHints":{"allow":["GET"]}}],"collection":[{"href":"https:\/\/www.hydraulic-cylinders.net\/it\/wp-json\/wp\/v2\/product"}],"about":[{"href":"https:\/\/www.hydraulic-cylinders.net\/it\/wp-json\/wp\/v2\/types\/product"}],"replies":[{"embeddable":true,"href":"https:\/\/www.hydraulic-cylinders.net\/it\/wp-json\/wp\/v2\/comments?post=15742"}],"wp:featuredmedia":[{"embeddable":true,"href":"https:\/\/www.hydraulic-cylinders.net\/it\/wp-json\/wp\/v2\/media\/14771"}],"wp:attachment":[{"href":"https:\/\/www.hydraulic-cylinders.net\/it\/wp-json\/wp\/v2\/media?parent=15742"}],"wp:term":[{"taxonomy":"product_brand","embeddable":true,"href":"https:\/\/www.hydraulic-cylinders.net\/it\/wp-json\/wp\/v2\/product_brand?post=15742"},{"taxonomy":"product_cat","embeddable":true,"href":"https:\/\/www.hydraulic-cylinders.net\/it\/wp-json\/wp\/v2\/product_cat?post=15742"},{"taxonomy":"product_tag","embeddable":true,"href":"https:\/\/www.hydraulic-cylinders.net\/it\/wp-json\/wp\/v2\/product_tag?post=15742"}],"curies":[{"name":"parola chiave","href":"https:\/\/api.w.org\/{rel}","templated":true}]}}