{"id":15754,"date":"2025-01-19T14:56:14","date_gmt":"2025-01-19T14:56:14","guid":{"rendered":"https:\/\/www.hydraulic-cylinders.net\/product\/bucket-cylinder-for-jingong-crawler-excavator-jcm924\/"},"modified":"2025-01-19T14:56:18","modified_gmt":"2025-01-19T14:56:18","slug":"bucket-cylinder-for-jingong-crawler-excavator-jcm924","status":"publish","type":"product","link":"https:\/\/www.hydraulic-cylinders.net\/it\/prodotto\/bucket-cylinder-for-jingong-crawler-excavator-jcm924\/","title":{"rendered":"Cilindro della benna per escavatore cingolato Jingong JCM924"},"content":{"rendered":"<h1>Cilindro della benna per escavatore cingolato Jingong JCM924<\/h1>\n<h2>Introduzione<\/h2>\n<p>Il cilindro della benna \u00e8 un cilindro idraulico appositamente progettato per controllare il movimento della benna in macchinari pesanti come escavatori, terne e pale caricatrici frontali. La sua funzione principale \u00e8 quella di consentire il sollevamento, l'abbassamento e l'inclinazione della benna, facilitando diverse attivit\u00e0 di movimentazione dei materiali. Nel sistema idraulico, il cilindro della benna consente un controllo preciso della benna sfruttando le variazioni di pressione dell'olio idraulico, consentendo agli operatori di gestire in modo efficiente carichi pesanti e di adattarsi ad ambienti di lavoro complessi e a diverse esigenze operative.<\/p>\n<p><img decoding=\"async\" src=\"https:\/\/www.hydraulic-cylinders.net\/wp-content\/uploads\/2025\/01\/songte-company-2.webp\"><\/p>\n<h2>Caratteristiche<\/h2>\n<ul>\n<li>Elevata resistenza e durata: solitamente realizzati in acciaio o alluminio ad alta resistenza, possono sopportare pressioni elevate e carichi pesanti, adattandosi ad ambienti di lavoro difficili. Il design \u00e8 studiato per garantire resistenza all'usura e alla corrosione, prolungandone la durata.<\/li>\n<li>Funzionamento idraulico efficiente: sfruttando la pressione dell'olio idraulico per ottenere movimenti telescopici fluidi, pu\u00f2 rispondere rapidamente ai comandi di controllo, fornendo potenti forze di spinta e trazione adatte alla movimentazione di carichi pesanti e attivit\u00e0 complesse.<\/li>\n<li>Varie tipologie: disponibili con cilindri a semplice effetto (idraulici utilizzati in una sola direzione) o a doppio effetto (idraulici utilizzati in entrambe le direzioni), per soddisfare diverse esigenze operative. Alcuni modelli sono telescopici, consentendo una maggiore estensione senza aumentare le dimensioni esterne, adatti ad applicazioni in spazi limitati.<\/li>\n<\/ul>\n<p><img decoding=\"async\" src=\"https:\/\/www.hydraulic-cylinders.net\/wp-content\/uploads\/2025\/01\/songte-cylinder-head-with-all-kinds-excavator-models.webp\"><\/p>\n<h2>Applicazioni<\/h2>\n<p>I cilindri a tazza trovano applicazione in diverse attrezzature:<\/p>\n<ul>\n<li>Attrezzature edili: sono essenziali negli escavatori per lo scavo, il carico e la movimentazione dei materiali. Nelle terne, il cilindro della benna agevola sia lo scavo che il sollevamento.<\/li>\n<li>Macchine agricole: utilizzate nelle pale caricatrici frontali per raccogliere, sollevare e trasportare terra, fieno e altri materiali.<\/li>\n<li>Escavatori: il cilindro della benna consente di effettuare azioni di scavo consentendo alla benna di penetrare nel terreno.<\/li>\n<li>Caricatori: nei caricatori frontali, aiutano a sollevare e scaricare le merci in modo efficiente.<\/li>\n<\/ul>\n<h2>Considerazioni progettuali e criteri di selezione<\/h2>\n<p>Nella progettazione dei cilindri a tazza vengono presi in considerazione fattori chiave quali capacit\u00e0 di carico, tenuta, durata, sicurezza e manutenibilit\u00e0:<\/p>\n<p><img decoding=\"async\" src=\"https:\/\/www.hydraulic-cylinders.net\/wp-content\/uploads\/2025\/01\/songte-oil-pipes-and-spare-parts.webp\"><\/p>\n<h2>Sigillatura e lubrificazione<\/h2>\n<p>Il cilindro della benna utilizza vari componenti di tenuta, come guarnizioni del pistone e guarnizioni dello stelo, realizzati in materiali resistenti all'usura come poliuretano e gomma nitrilica. Il corpo del cilindro e la superficie dell'estremit\u00e0 filettata sono sottoposti a un trattamento di precisione per migliorarne la resistenza all'usura. Per garantirne il corretto funzionamento, \u00e8 necessaria una lubrificazione regolare con olio idraulico.<\/p>\n<h2>Ispezione e manutenzione preventiva<\/h2>\n<p>Ispezioni regolari e misure di manutenzione preventiva sono essenziali per garantire prestazioni ottimali e longevit\u00e0 del cilindro della benna:<\/p>\n<h2>Guida all'installazione<\/h2>\n<p>Per il corretto funzionamento del cilindro della benna \u00e8 fondamentale la corretta installazione:<\/p>\n<p><img decoding=\"async\" src=\"https:\/\/www.hydraulic-cylinders.net\/wp-content\/uploads\/2025\/01\/songte-chushion-collar.webp\"><\/p>\n<h2>Attivit\u00e0 di manutenzione<\/h2>\n<p>Le attivit\u00e0 di manutenzione pi\u00f9 comuni includono controlli regolari, lubrificazione adeguata, sostituzione delle guarnizioni e calibrazione:<\/p>\n<p><img decoding=\"async\" src=\"https:\/\/www.hydraulic-cylinders.net\/wp-content\/uploads\/2025\/01\/songte-bushings-with-all-kinds-of-excavator-models.webp\"><\/p>\n<h2>Considerazioni sulla sicurezza e fattori ambientali<\/h2>\n<p>L'importanza delle misure di sicurezza quando si utilizzano i cilindri delle benne non pu\u00f2 essere sopravvalutata:<\/p>\n<h2>Risoluzione dei problemi e problemi comuni<\/h2>\n<p>Identificazione e risoluzione dei problemi relativi ai cilindri delle benne:<\/p>\n<p><img decoding=\"async\" src=\"https:\/\/hzpt.com\/wp-content\/uploads\/2024\/11\/songte-company-1.webp\"><\/p>\n<h2>Informazioni sulla nostra azienda<\/h2>\n<p>Siamo un'azienda specializzata nella produzione di cilindri idraulici di ricambio. Con una gamma completa di prodotti, siamo diventati uno dei principali produttori e distributori all'ingrosso di cilindri idraulici sul mercato nazionale e internazionale. Puntiamo su un'eccellente qualit\u00e0 e ci affidiamo a strategie di gestione della produzione industriale nel nostro raffinato laboratorio di produzione. Grazie all'impiego di talenti tecnologici, apparecchiature di produzione digitali all'avanguardia e sistemi di collaudo professionali, miglioriamo costantemente la nostra piattaforma produttiva e il percorso di produzione per la qualit\u00e0 dei prodotti. La nostra azienda vanta una forte capacit\u00e0 innovativa, fornendo soluzioni efficienti, precise e di alta qualit\u00e0 per soddisfare le diverse esigenze dei clienti.<\/p>\n<p><img decoding=\"async\" src=\"https:\/\/www.hydraulic-cylinders.net\/wp-content\/uploads\/2025\/01\/songte-company-3.webp\"><\/p>\n<p>La nostra azienda \u00e8 nota per:<\/p>\n<ul>\n<li>Professionalit\u00e0<\/li>\n<li>Certificazioni internazionali<\/li>\n<li>Servizi di personalizzazione<\/li>\n<li>Attrezzature di produzione<\/li>\n<li>Servizi post-vendita<\/li>\n<\/ul>\n<p>Autore: lyl<\/p>","protected":false},"excerpt":{"rendered":"<p>Bucket Cylinder For Jingong Crawler Excavator JCM924 Introduction The bucket cylinder is a specially designed hydraulic cylinder used to control the movement of the bucket in heavy machinery such as excavators, backhoe excavators, and front loaders. Its main function is to enable the bucket to lift, lower, and tilt, making it easier for various material [&hellip;]<\/p>","protected":false},"featured_media":14778,"comment_status":"open","ping_status":"closed","template":"","meta":{"_et_pb_use_builder":"","_et_pb_old_content":"","_et_gb_content_width":""},"product_brand":[],"product_cat":[1494],"product_tag":[1495,1496],"class_list":{"0":"post-15754","1":"product","2":"type-product","3":"status-publish","4":"has-post-thumbnail","6":"product_cat-bucket-cylinders","7":"product_tag-bucket-cylinders","8":"product_tag-hydraulic-cylinders","10":"first","11":"instock","12":"shipping-taxable","13":"product-type-simple"},"amp_enabled":true,"_links":{"self":[{"href":"https:\/\/www.hydraulic-cylinders.net\/it\/wp-json\/wp\/v2\/product\/15754","targetHints":{"allow":["GET"]}}],"collection":[{"href":"https:\/\/www.hydraulic-cylinders.net\/it\/wp-json\/wp\/v2\/product"}],"about":[{"href":"https:\/\/www.hydraulic-cylinders.net\/it\/wp-json\/wp\/v2\/types\/product"}],"replies":[{"embeddable":true,"href":"https:\/\/www.hydraulic-cylinders.net\/it\/wp-json\/wp\/v2\/comments?post=15754"}],"wp:featuredmedia":[{"embeddable":true,"href":"https:\/\/www.hydraulic-cylinders.net\/it\/wp-json\/wp\/v2\/media\/14778"}],"wp:attachment":[{"href":"https:\/\/www.hydraulic-cylinders.net\/it\/wp-json\/wp\/v2\/media?parent=15754"}],"wp:term":[{"taxonomy":"product_brand","embeddable":true,"href":"https:\/\/www.hydraulic-cylinders.net\/it\/wp-json\/wp\/v2\/product_brand?post=15754"},{"taxonomy":"product_cat","embeddable":true,"href":"https:\/\/www.hydraulic-cylinders.net\/it\/wp-json\/wp\/v2\/product_cat?post=15754"},{"taxonomy":"product_tag","embeddable":true,"href":"https:\/\/www.hydraulic-cylinders.net\/it\/wp-json\/wp\/v2\/product_tag?post=15754"}],"curies":[{"name":"parola chiave","href":"https:\/\/api.w.org\/{rel}","templated":true}]}}