{"id":15797,"date":"2025-01-19T15:00:00","date_gmt":"2025-01-19T15:00:00","guid":{"rendered":"https:\/\/www.hydraulic-cylinders.net\/product\/bucket-cylinder-for-carter-ct45-7b\/"},"modified":"2025-01-19T15:00:03","modified_gmt":"2025-01-19T15:00:03","slug":"bucket-cylinder-for-carter-ct45-7b","status":"publish","type":"product","link":"https:\/\/www.hydraulic-cylinders.net\/it\/prodotto\/bucket-cylinder-for-carter-ct45-7b\/","title":{"rendered":"Cilindro della benna per Carter CT45-7B"},"content":{"rendered":"<h2>Cilindro della benna per Carter CT45-7B<\/h2>\n<p><img decoding=\"async\" src=\"https:\/\/www.hydraulic-cylinders.net\/wp-content\/uploads\/2025\/01\/songte-company-2.webp\"><\/p>\n<h3>Introduzione<\/h3>\n<p>Il cilindro della benna per Carter CT45-7B \u00e8 un cilindro idraulico appositamente progettato per controllare il movimento della benna in macchinari pesanti come escavatori, terne e pale caricatrici frontali. La sua funzione principale \u00e8 quella di consentire alla benna di sollevarsi, abbassarsi e inclinarsi, facilitando diverse attivit\u00e0 di movimentazione dei materiali. In un sistema idraulico, il cilindro della benna consente un controllo preciso della benna sfruttando le variazioni di pressione dell'olio idraulico, consentendo agli operatori di gestire in modo efficiente carichi pesanti e di adattarsi ad ambienti di lavoro complessi e a diverse esigenze operative.<\/p>\n<h3>Caratteristiche<\/h3>\n<ul>\n<li>Elevata resistenza e durata: solitamente realizzato in acciaio o alluminio ad alta resistenza, il cilindro della benna \u00e8 in grado di sopportare pressioni elevate e carichi pesanti, adattandosi a condizioni di lavoro difficili. Il design tiene conto della resistenza all'usura e alla corrosione, prolungandone la durata.<\/li>\n<li>Funzionamento idraulico efficiente: sfruttando la pressione dell'olio idraulico, il cilindro della benna consente un'estensione e una retrazione fluide, garantendo una risposta rapida ai comandi di controllo e sviluppando potenti forze di spinta e trazione, adatte alla movimentazione di carichi pesanti e attivit\u00e0 complesse.<\/li>\n<li>Varie tipologie: il cilindro della benna pu\u00f2 essere scelto come cilindro a semplice effetto (pressione idraulica utilizzata in una sola direzione) o a doppio effetto (pressione idraulica utilizzata in entrambe le direzioni), a seconda delle esigenze operative. Alcuni modelli sono telescopici, consentendo una maggiore estensione senza aumentare le dimensioni esterne, adatti per applicazioni con spazio limitato.<\/li>\n<li>Sostituzione dei cilindri idraulici: i nostri prodotti possono sostituire perfettamente questi cilindri idraulici. <img decoding=\"async\" src=\"https:\/\/www.hydraulic-cylinders.net\/wp-content\/uploads\/2025\/01\/songte-cylinder-head-with-all-kinds-excavator-models.webp\"><\/li>\n<\/ul>\n<h3>Applicazioni<\/h3>\n<p>Il cilindro della benna per Carter CT45-7B trova applicazione in vari settori:<\/p>\n<ol>\n<li>Attrezzature edili: negli escavatori, sono essenziali per scavare, caricare e spostare terreno o detriti. Nelle terne, il cilindro della benna agevola sia lo scavo che il sollevamento.<\/li>\n<li>Macchine agricole: utilizzate nelle pale caricatrici frontali per raccogliere, sollevare e trasportare terra, fieno e altri materiali.<\/li>\n<li>Escavatori: il cilindro della benna consente di effettuare azioni di scavo consentendo alla benna di penetrare nel terreno.<\/li>\n<li>Caricatori frontali: nei caricatori frontali, aiutano a sollevare e scaricare le merci in modo efficiente.<\/li>\n<\/ol>\n<h3>Considerazioni progettuali e criteri di selezione<\/h3>\n<p>Le considerazioni di progettazione per il cilindro della benna includono:<\/p>\n<ul>\n<li>Capacit\u00e0 portante<\/li>\n<li>Sigillatura<\/li>\n<li>Durata<\/li>\n<li>Sicurezza<\/li>\n<li>Manutenibilit\u00e0<\/li>\n<\/ul>\n<p><img decoding=\"async\" src=\"https:\/\/www.hydraulic-cylinders.net\/wp-content\/uploads\/2025\/01\/songte-oil-pipes-and-spare-parts.webp\"><\/p>\n<h3>Sigillatura e lubrificazione<\/h3>\n<p>Il cilindro della benna utilizza vari elementi di tenuta, come guarnizioni del pistone e guarnizioni dello stelo, realizzati in materiali resistenti all'usura come poliuretano e gomma nitrilica. Il corpo del cilindro e le estremit\u00e0 filettate sono finemente trattati per migliorarne la resistenza all'usura. \u00c8 necessaria una lubrificazione regolare con una quantit\u00e0 adeguata di olio idraulico.<\/p>\n<h3>Ispezione e manutenzione preventiva<\/h3>\n<p>Ispezioni regolari e manutenzione preventiva sono essenziali per il corretto funzionamento del cilindro della benna. Alcune misure da considerare includono:<\/p>\n<ul>\n<li>Controlli regolari<\/li>\n<li>Lubrificazione adeguata<\/li>\n<li>Sostituzione della guarnizione<\/li>\n<li>Controlli di calibrazione<\/li>\n<\/ul>\n<p><img decoding=\"async\" src=\"https:\/\/www.hydraulic-cylinders.net\/wp-content\/uploads\/2025\/01\/songte-chushion-collar.webp\"><\/p>\n<h3>Considerazioni sulla sicurezza e fattori ambientali<\/h3>\n<p>L'importanza delle misure di sicurezza durante l'utilizzo del cilindro della benna non pu\u00f2 essere sottovalutata. \u00c8 fondamentale rispettare i protocolli di sicurezza e considerare i fattori ambientali per garantire un funzionamento sicuro ed efficiente.<\/p>\n<h3>Diagnosi dei guasti e problemi comuni<\/h3>\n<p>Quando si riscontrano guasti o problemi comuni, una diagnosi e una risoluzione tempestive sono essenziali. Ecco alcuni suggerimenti e soluzioni per la risoluzione dei problemi:<\/p>\n<p><img decoding=\"async\" src=\"https:\/\/www.hydraulic-cylinders.net\/wp-content\/uploads\/2025\/01\/songte-bushings-with-all-kinds-of-excavator-models.webp\"><\/p>\n<h3>Attivit\u00e0 di manutenzione<\/h3>\n<p>Le attivit\u00e0 di manutenzione comuni per il cilindro della benna includono controlli regolari, lubrificazione adeguata, sostituzione delle guarnizioni e controlli di taratura. Viene sottolineata l'importanza di una corretta installazione, lubrificazione e regolazione. Vengono fornite istruzioni per un corretto allineamento durante l'installazione, l'uso di staffe di montaggio idonee per il fissaggio del cilindro, procedure consigliate di ispezione, riparazione e sostituzione e suggerimenti per prolungare la durata del cilindro della benna.<\/p>\n<h3>Informazioni sulla nostra azienda<\/h3>\n<p>Siamo un produttore e distributore all'ingrosso leader di cilindri idraulici sul mercato nazionale e internazionale. La nostra azienda offre una gamma completa di prodotti e persegue una strategia di gestione della produzione industrializzata, affidandosi a professionisti di talento, attrezzature di produzione digitale avanzate e sistemi di collaudo professionali. Con un'attenzione particolare all'eccellenza qualitativa, la nostra azienda migliora costantemente la piattaforma produttiva e perfeziona il processo produttivo per garantire la qualit\u00e0 del prodotto. Vantiamo una forte capacit\u00e0 creativa e miriamo a soddisfare le diverse esigenze dei clienti con elevata efficienza, precisione e qualit\u00e0.<\/p>\n<p><img decoding=\"async\" src=\"https:\/\/www.hydraulic-cylinders.net\/wp-content\/uploads\/2025\/01\/songte-company-3.webp\"><\/p>\n<p>La nostra azienda \u00e8 nota per:<\/p>\n<ul>\n<li>Professionalit\u00e0<\/li>\n<li>Certificazioni internazionali<\/li>\n<li>Servizi di personalizzazione<\/li>\n<li>Attrezzature di produzione<\/li>\n<li>Servizi post-vendita<\/li>\n<\/ul>\n<p>Ricordatevi di organizzare l'articolo in modo logico, di usare sottotitoli per una navigazione pi\u00f9 semplice, di incorporare immagini o grafici pertinenti per una migliore comprensione e di assicurarvi che il contenuto sia chiaro, conciso e adatto a lettori con diversi livelli di conoscenza tecnica.<\/p>\n<p>Autore: lyl<\/p>\n<p><img decoding=\"async\" src=\"https:\/\/hzpt.com\/wp-content\/uploads\/2024\/11\/songte-company-1.webp\"><\/p>","protected":false},"excerpt":{"rendered":"<p>Bucket Cylinder For Carter CT45-7B Introduction The bucket cylinder for Carter CT45-7B is a specially designed hydraulic cylinder used to control the movement of the bucket in heavy machinery such as excavators, backhoe loaders, and front-end loaders. Its main function is to allow the bucket to lift, lower, and tilt, making it easier for various [&hellip;]<\/p>","protected":false},"featured_media":14782,"comment_status":"open","ping_status":"closed","template":"","meta":{"_et_pb_use_builder":"","_et_pb_old_content":"","_et_gb_content_width":""},"product_brand":[],"product_cat":[1494],"product_tag":[1495,1496],"class_list":{"0":"post-15797","1":"product","2":"type-product","3":"status-publish","4":"has-post-thumbnail","6":"product_cat-bucket-cylinders","7":"product_tag-bucket-cylinders","8":"product_tag-hydraulic-cylinders","10":"first","11":"instock","12":"shipping-taxable","13":"product-type-simple"},"amp_enabled":true,"_links":{"self":[{"href":"https:\/\/www.hydraulic-cylinders.net\/it\/wp-json\/wp\/v2\/product\/15797","targetHints":{"allow":["GET"]}}],"collection":[{"href":"https:\/\/www.hydraulic-cylinders.net\/it\/wp-json\/wp\/v2\/product"}],"about":[{"href":"https:\/\/www.hydraulic-cylinders.net\/it\/wp-json\/wp\/v2\/types\/product"}],"replies":[{"embeddable":true,"href":"https:\/\/www.hydraulic-cylinders.net\/it\/wp-json\/wp\/v2\/comments?post=15797"}],"wp:featuredmedia":[{"embeddable":true,"href":"https:\/\/www.hydraulic-cylinders.net\/it\/wp-json\/wp\/v2\/media\/14782"}],"wp:attachment":[{"href":"https:\/\/www.hydraulic-cylinders.net\/it\/wp-json\/wp\/v2\/media?parent=15797"}],"wp:term":[{"taxonomy":"product_brand","embeddable":true,"href":"https:\/\/www.hydraulic-cylinders.net\/it\/wp-json\/wp\/v2\/product_brand?post=15797"},{"taxonomy":"product_cat","embeddable":true,"href":"https:\/\/www.hydraulic-cylinders.net\/it\/wp-json\/wp\/v2\/product_cat?post=15797"},{"taxonomy":"product_tag","embeddable":true,"href":"https:\/\/www.hydraulic-cylinders.net\/it\/wp-json\/wp\/v2\/product_tag?post=15797"}],"curies":[{"name":"parola chiave","href":"https:\/\/api.w.org\/{rel}","templated":true}]}}