{"id":15807,"date":"2025-01-19T15:00:48","date_gmt":"2025-01-19T15:00:48","guid":{"rendered":"https:\/\/www.hydraulic-cylinders.net\/product\/bucket-cylinder-for-kym-ky50a\/"},"modified":"2025-01-19T15:00:54","modified_gmt":"2025-01-19T15:00:54","slug":"bucket-cylinder-for-kym-ky50a","status":"publish","type":"product","link":"https:\/\/www.hydraulic-cylinders.net\/it\/prodotto\/bucket-cylinder-for-kym-ky50a\/","title":{"rendered":"Cilindro della benna per KYM KY50A"},"content":{"rendered":"<h1>Cilindro della benna per KYM KY50A<\/h1>\n<h2>Introduzione<\/h2>\n<h3>Definizione del cilindro della benna<\/h3>\n<p>A bucket cylinder is a specially designed hydraulic cylinder mainly used to control the movement of the bucket in heavy machinery such as excavators, backhoe excavators, and front loaders. Its primary function is to enable the bucket to lift, lower, and tilt, making it easier to handle various material transport tasks. In the hydraulic system, the bucket cylinder controls the bucket&#8217;s precise movement through changes in hydraulic oil pressure, allowing operators to efficiently handle heavy loads and adapt to complex working environments and diverse operational requirements.<\/p>\n<p><img decoding=\"async\" src=\"https:\/\/www.hydraulic-cylinders.net\/wp-content\/uploads\/2025\/01\/songte-company-2.webp\" alt=\"Immagine del cilindro del secchio\"><\/p>\n<h3>Caratteristiche<\/h3>\n<ul>\n<li>Elevata resistenza e durata: solitamente realizzati in acciaio o alluminio ad alta resistenza, in grado di sopportare pressioni elevate e carichi pesanti, adattarsi ad ambienti di lavoro difficili, progettati per resistere all'usura e alla corrosione e prolungare la durata utile.<\/li>\n<li>Funzionamento idraulico efficiente: le azioni di estensione e contrazione fluide vengono ottenute utilizzando la pressione dell'olio idraulico, consentendo una risposta rapida ai comandi di controllo, fornendo una potente forza di spinta e trazione ed \u00e8 adatto alla movimentazione di carichi pesanti e attivit\u00e0 operative complesse.<\/li>\n<li>Diverse tipologie: \u00e8 possibile scegliere tra cilindri a semplice effetto (utilizzati idraulicamente in una sola direzione) o a doppio effetto (utilizzati idraulicamente in due direzioni) in base alle esigenze operative. Alcuni modelli sono telescopici, consentendo una maggiore estensione senza aumentare le dimensioni esterne, adatti ad applicazioni con spazio limitato.<\/li>\n<li>Sostituzione perfetta: il nostro prodotto pu\u00f2 sostituire perfettamente questi cilindri idraulici.<\/li>\n<\/ul>\n<p><img decoding=\"async\" src=\"https:\/\/www.hydraulic-cylinders.net\/wp-content\/uploads\/2025\/01\/songte-cylinder-head-with-all-kinds-excavator-models.webp\" alt=\"Immagine di sostituzione del cilindro della benna\"><\/p>\n<h3>Applicazioni<\/h3>\n<p>I cilindri a tazze sono ampiamente utilizzati in vari settori industriali. Alcune delle applicazioni pi\u00f9 comuni sono:<\/p>\n<ul>\n<li>Attrezzature edili: negli escavatori, sono fondamentali per scavare, caricare e spostare terreno o detriti. Nelle terne, il cilindro della benna aiuta sia nello scavo che nel sollevamento. <\/li>\n<li>Macchine agricole: utilizzate nelle pale caricatrici frontali per raccogliere, sollevare e trasportare terra, fieno e altri materiali. <\/li>\n<li>Escavatori: il cilindro della benna consente l'azione di scavo consentendo alla benna di penetrare nel terreno. <\/li>\n<li>Caricatori: nei caricatori frontali, aiutano a sollevare e scaricare le merci in modo efficiente. <\/li>\n<\/ul>\n<h3>Considerazioni progettuali e criteri di selezione<\/h3>\n<p>Quando si progettano cilindri idraulici, ci sono diverse considerazioni chiave, tra cui:<\/p>\n<ul>\n<li>Capacit\u00e0 portante<\/li>\n<li>Sigillatura<\/li>\n<li>Durata<\/li>\n<li>Sicurezza<\/li>\n<li>Manutenibilit\u00e0<\/li>\n<\/ul>\n<p>Bearing capacity: Hydraulic cylinders are designed to handle a specific load. The cylinder&#8217;s weight, stroke length, and size are all critical factors in determining its load-bearing capacity. <\/p>\n<p>Tenuta: i cilindri idraulici richiedono una variet\u00e0 di guarnizioni, come anelli di tenuta per pistone e anelli di tenuta per stelo, per prevenire perdite d'olio e mantenere la pressione del cilindro. Il poliuretano e la gomma nitrilica sono materiali resistenti all'usura comunemente utilizzati per gli anelli di tenuta. Il corpo del cilindro e le superfici terminali filettate sono sottoposti a una lavorazione di precisione, che contribuisce a migliorare la resistenza all'usura. \u00c8 necessaria l'aggiunta regolare di olio idraulico appropriato per lubrificare il cilindro.<\/p>\n<p>Durata: i cilindri idraulici sono progettati per resistere ad ambienti operativi difficili, il che significa che devono essere realizzati con materiali durevoli in grado di resistere all'usura e alla corrosione.<\/p>\n<p>Sicurezza: i cilindri idraulici devono essere conformi alle norme e agli standard di sicurezza, tra cui l'uso di valvole di sicurezza per evitare sovrapressurizzazione, l'installazione di protezioni sufficienti per prevenire lesioni all'operatore e altre misure di sicurezza.<\/p>\n<p>Manutenibilit\u00e0: i cilindri idraulici devono essere progettati per essere facili da manutenere e riparare. I componenti devono essere facilmente accessibili e sostituibili e il design deve eliminare la necessit\u00e0 di competenze o strumenti specializzati.<\/p>\n<p><img decoding=\"async\" src=\"https:\/\/www.hydraulic-cylinders.net\/wp-content\/uploads\/2025\/01\/songte-oil-pipes-and-spare-parts.webp\" alt=\"Immagine delle parti del cilindro idraulico\"><\/p>\n<h3>Manutenzione e riparazione<\/h3>\n<p>Una corretta manutenzione e riparazione sono fondamentali per la longevit\u00e0 dei cilindri idraulici. Le attivit\u00e0 di manutenzione pi\u00f9 comuni includono:<\/p>\n<ul>\n<li>Controlli regolari<\/li>\n<li>Lubrificazione adeguata<\/li>\n<li>Sostituzione della guarnizione<\/li>\n<li>Controlli di calibrazione<\/li>\n<\/ul>\n<p>When installing a hydraulic cylinder, it is important to align it correctly and use appropriate mounting brackets to secure it in place. Recommended inspection, repair, and replacement procedures should be followed to prolong the cylinder&#8217;s service life.<\/p>\n<p><img decoding=\"async\" src=\"https:\/\/www.hydraulic-cylinders.net\/wp-content\/uploads\/2025\/01\/songte-chushion-collar.webp\" alt=\"Immagine di installazione del cilindro idraulico\"><\/p>\n<h3>Considerazioni sulla sicurezza e fattori ambientali<\/h3>\n<p>Quando si utilizzano cilindri idraulici, le misure di sicurezza sono essenziali per prevenire incidenti. \u00c8 necessario adottare pratiche di lavoro sicure, tra cui indossare adeguati dispositivi di protezione individuale, mantenere l'area di lavoro pulita e libera da detriti e seguire tutte le procedure di sicurezza.<\/p>\n<p>Quando si utilizzano cilindri idraulici, \u00e8 necessario tenere in considerazione anche i fattori ambientali, tra cui il corretto smaltimento dell'olio idraulico usato e di altri materiali pericolosi, nonch\u00e9 il rispetto di tutte le normative e i requisiti ambientali.<\/p>\n<p><img decoding=\"async\" src=\"https:\/\/hzpt.com\/wp-content\/uploads\/2024\/11\/songte-company-1.webp\" alt=\"Immagine aziendale\"><\/p>\n<h3>Chi siamo<\/h3>\n<p>In qualit\u00e0 di produttore e grossista leader di cilindri idraulici sul mercato nazionale e internazionale, siamo specializzati nella produzione di cilindri idraulici di ricambio. I nostri prodotti sono progettati con qualit\u00e0 eccellente, basandoci su strategie di gestione della produzione industrializzata, basate su sofisticate officine di produzione, talenti tecnologici, apparecchiature di produzione digitalizzate di fascia alta e sistemi di collaudo professionali. Miglioriamo costantemente le nostre piattaforme di produzione in officina, perfezionando la linea di produzione per garantire la qualit\u00e0 del prodotto e vantando una forte capacit\u00e0 creativa. Il nostro obiettivo \u00e8 soddisfare le diverse esigenze dei nostri clienti con elevata efficienza, precisione e qualit\u00e0.<\/p>\n<h3>I nostri servizi<\/h3>\n<p>I nostri servizi includono:<\/p>\n<ul>\n<li>Professionalit\u00e0<\/li>\n<li>Certificazione internazionale<\/li>\n<li>Servizi di personalizzazione<\/li>\n<li>Attrezzature di produzione<\/li>\n<li>Servizio post-vendita<\/li>\n<\/ul>\n<p>Ci impegniamo a fornire ai nostri clienti prodotti e servizi di alta qualit\u00e0 per soddisfare le loro esigenze e superare le loro aspettative.<\/p>\n<p><img decoding=\"async\" src=\"https:\/\/www.hydraulic-cylinders.net\/wp-content\/uploads\/2025\/01\/songte-company-3.webp\" alt=\"Immagine dei servizi aziendali\"><\/p>\n<p>Autore: lyl<\/p>","protected":false},"excerpt":{"rendered":"<p>Bucket Cylinder For KYM KY50A Introduction Defining Bucket Cylinder A bucket cylinder is a specially designed hydraulic cylinder mainly used to control the movement of the bucket in heavy machinery such as excavators, backhoe excavators, and front loaders. Its primary function is to enable the bucket to lift, lower, and tilt, making it easier to [&hellip;]<\/p>","protected":false},"featured_media":14789,"comment_status":"open","ping_status":"closed","template":"","meta":{"_et_pb_use_builder":"","_et_pb_old_content":"","_et_gb_content_width":""},"product_brand":[],"product_cat":[1494],"product_tag":[1495,1496],"class_list":{"0":"post-15807","1":"product","2":"type-product","3":"status-publish","4":"has-post-thumbnail","6":"product_cat-bucket-cylinders","7":"product_tag-bucket-cylinders","8":"product_tag-hydraulic-cylinders","10":"first","11":"instock","12":"shipping-taxable","13":"product-type-simple"},"amp_enabled":true,"_links":{"self":[{"href":"https:\/\/www.hydraulic-cylinders.net\/it\/wp-json\/wp\/v2\/product\/15807","targetHints":{"allow":["GET"]}}],"collection":[{"href":"https:\/\/www.hydraulic-cylinders.net\/it\/wp-json\/wp\/v2\/product"}],"about":[{"href":"https:\/\/www.hydraulic-cylinders.net\/it\/wp-json\/wp\/v2\/types\/product"}],"replies":[{"embeddable":true,"href":"https:\/\/www.hydraulic-cylinders.net\/it\/wp-json\/wp\/v2\/comments?post=15807"}],"wp:featuredmedia":[{"embeddable":true,"href":"https:\/\/www.hydraulic-cylinders.net\/it\/wp-json\/wp\/v2\/media\/14789"}],"wp:attachment":[{"href":"https:\/\/www.hydraulic-cylinders.net\/it\/wp-json\/wp\/v2\/media?parent=15807"}],"wp:term":[{"taxonomy":"product_brand","embeddable":true,"href":"https:\/\/www.hydraulic-cylinders.net\/it\/wp-json\/wp\/v2\/product_brand?post=15807"},{"taxonomy":"product_cat","embeddable":true,"href":"https:\/\/www.hydraulic-cylinders.net\/it\/wp-json\/wp\/v2\/product_cat?post=15807"},{"taxonomy":"product_tag","embeddable":true,"href":"https:\/\/www.hydraulic-cylinders.net\/it\/wp-json\/wp\/v2\/product_tag?post=15807"}],"curies":[{"name":"parola chiave","href":"https:\/\/api.w.org\/{rel}","templated":true}]}}