{"id":15809,"date":"2025-01-19T15:01:01","date_gmt":"2025-01-19T15:01:01","guid":{"rendered":"https:\/\/www.hydraulic-cylinders.net\/product\/bucket-cylinder-for-kym-ky70\/"},"modified":"2025-01-19T15:01:03","modified_gmt":"2025-01-19T15:01:03","slug":"bucket-cylinder-for-kym-ky70","status":"publish","type":"product","link":"https:\/\/www.hydraulic-cylinders.net\/it\/prodotto\/bucket-cylinder-for-kym-ky70\/","title":{"rendered":"Cilindro della benna per KYM KY70"},"content":{"rendered":"<h1>Cilindro della benna per KYM KY70<\/h1>\n<h2>Introduzione<\/h2>\n<p>Il cilindro della benna per KYM KY70 \u00e8 un cilindro idraulico appositamente progettato per controllare il movimento della benna in macchinari pesanti come escavatori, terne e pale caricatrici frontali. La sua funzione principale \u00e8 quella di consentire il sollevamento, l'abbassamento e l'inclinazione della benna, rendendolo pratico per diverse attivit\u00e0 di movimentazione dei materiali. In un sistema idraulico, il cilindro della benna garantisce un controllo preciso della benna sfruttando le variazioni di pressione dell'olio idraulico, consentendo agli operatori di gestire in modo efficiente carichi pesanti e di adattarsi ad ambienti di lavoro complessi e a requisiti di lavoro diversificati.<\/p>\n<p><img decoding=\"async\" src=\"https:\/\/www.hydraulic-cylinders.net\/wp-content\/uploads\/2025\/01\/songte-company-2.webp\" alt=\"Cilindro della benna per KYM KY70\"><\/p>\n<h2>Caratteristiche<\/h2>\n<ol>\n<li>Elevata resistenza e durata: solitamente realizzato in acciaio o alluminio ad alta resistenza, il cilindro della benna pu\u00f2 sopportare pressioni elevate e carichi pesanti, adattandosi ad ambienti di lavoro difficili. Il suo design \u00e8 progettato per resistere all'usura e alla corrosione, prolungandone la durata.<\/li>\n<li>Funzionamento idraulico efficiente: sfruttando la pressione dell'olio idraulico, il cilindro della benna ottiene un movimento telescopico fluido, consentendo una risposta rapida ai comandi di controllo e fornendo potenti forze di spinta e trazione, adatte alla movimentazione di carichi pesanti e attivit\u00e0 di lavoro complesse.<\/li>\n<li>Tipi versatili: il cilindro della benna pu\u00f2 essere selezionato come cilindro a semplice effetto (idraulico utilizzato in una sola direzione) o a doppio effetto (idraulico utilizzato in entrambe le direzioni) a seconda delle esigenze, soddisfacendo diverse esigenze operative. Alcuni modelli sono telescopici, consentendo una maggiore estensione senza aumentare le dimensioni esterne, adatti per applicazioni con spazio limitato.<\/li>\n<li>Sostituzione perfetta: i nostri prodotti possono sostituire perfettamente questi cilindri idraulici. <\/li>\n<\/ol>\n<p><img decoding=\"async\" src=\"https:\/\/www.hydraulic-cylinders.net\/wp-content\/uploads\/2025\/01\/songte-cylinder-head-with-all-kinds-excavator-models.webp\" alt=\"Cilindro della benna per KYM KY70\"><\/p>\n<h2>Applicazioni<\/h2>\n<p>Il cilindro a benna trova applicazione in diverse attrezzature:<\/p>\n<ul>\n<li>Macchine edili: presenti negli escavatori, sono fondamentali per scavare, caricare e spostare terreno o detriti. Nelle terne, il cilindro della benna agevola sia lo scavo che il sollevamento.<\/li>\n<li>Macchine agricole: utilizzate nelle pale caricatrici frontali per raccogliere, sollevare e trasportare terra, fieno e altri materiali.<\/li>\n<li>Escavatori: il cilindro della benna consente di effettuare azioni di scavo consentendo alla benna di penetrare nel terreno.<\/li>\n<li>Caricatori frontali: nei caricatori frontali, aiutano a sollevare e scaricare le merci in modo efficace.<\/li>\n<\/ul>\n<h2>Considerazioni progettuali e criteri di selezione<\/h2>\n<p>Quando si tratta di considerazioni progettuali e criteri di selezione del cilindro della benna, \u00e8 necessario tenere conto di diversi fattori:<\/p>\n<ul>\n<li>Capacit\u00e0 portante: il cilindro deve essere progettato per resistere ai carichi e alle forze previsti.<\/li>\n<li>Tenuta: vengono utilizzati vari elementi di tenuta, come guarnizioni per pistoni e guarnizioni per steli, e vengono selezionati materiali come poliuretano e gomma nitrilica con un'eccellente resistenza all'usura.<\/li>\n<li>Durata: il corpo del cilindro e le estremit\u00e0 filettate sono sottoposti a un trattamento meticoloso per migliorarne la resistenza all'usura.<\/li>\n<li>Sicurezza: durante la progettazione e l'uso del cilindro sono essenziali misure di sicurezza per prevenire incidenti.<\/li>\n<li>Manutenibilit\u00e0: il cilindro deve essere progettato per essere facilmente manutenibile e riparabile, riducendo al minimo i tempi di fermo.<\/li>\n<\/ul>\n<p><img decoding=\"async\" src=\"https:\/\/www.hydraulic-cylinders.net\/wp-content\/uploads\/2025\/01\/songte-oil-pipes-and-spare-parts.webp\" alt=\"Cilindro della benna per KYM KY70\"><\/p>\n<h2>Sigillatura e lubrificazione<\/h2>\n<p>Il cilindro della benna utilizza vari componenti di tenuta, tra cui guarnizioni del pistone e guarnizioni dello stelo, realizzati in materiali resistenti all'usura come poliuretano e gomma nitrilica. Il corpo del cilindro e le estremit\u00e0 filettate sono finemente trattati per migliorarne la resistenza all'usura. Per un funzionamento regolare \u00e8 necessaria una lubrificazione regolare con la giusta quantit\u00e0 di olio idraulico.<\/p>\n<h2>Ispezione regolare e manutenzione preventiva<\/h2>\n<p>Per garantire prestazioni ottimali e longevit\u00e0 del cilindro della benna, \u00e8 necessario effettuare ispezioni regolari e misure di manutenzione preventiva:<\/p>\n<ul>\n<li>Ispezione regolare dei componenti e della funzionalit\u00e0 del cilindro.<\/li>\n<li>Corretta lubrificazione delle parti mobili.<\/li>\n<li>Sostituzione delle guarnizioni quando necessario.<\/li>\n<li>Controlli di calibrazione per mantenere la precisione.<\/li>\n<\/ul>\n<p><img decoding=\"async\" src=\"https:\/\/www.hydraulic-cylinders.net\/wp-content\/uploads\/2025\/01\/songte-chushion-collar.webp\" alt=\"Cilindro della benna per KYM KY70\"><\/p>\n<h2>Considerazioni sulla sicurezza e fattori ambientali<\/h2>\n<p>Quando si utilizza il cilindro della benna, \u00e8 fondamentale rispettare le misure di sicurezza per prevenire incidenti. Inoltre, \u00e8 importante considerare i fattori ambientali per garantire un utilizzo responsabile e sostenibile dell'attrezzatura.<\/p>\n<h2>Diagnosi dei guasti e problemi comuni<\/h2>\n<p>In caso di potenziali guasti o problemi, i seguenti suggerimenti e metodi di risoluzione dei problemi possono aiutare a diagnosticare e risolvere efficacemente i problemi. \u00c8 inoltre necessario adottare misure preventive per ridurre al minimo i potenziali problemi.<\/p>\n<p><img decoding=\"async\" src=\"https:\/\/www.hydraulic-cylinders.net\/wp-content\/uploads\/2025\/01\/songte-bushings-with-all-kinds-of-excavator-models.webp\" alt=\"Cilindro della benna per KYM KY70\"><\/p>\n<h2>Conclusione<\/h2>\n<p>In conclusione, la nostra azienda \u00e8 leader nella produzione e distribuzione all'ingrosso di cilindri idraulici sul mercato nazionale e internazionale. Diamo priorit\u00e0 all'eccellenza qualitativa e implementiamo strategie di gestione della produzione industriale nei nostri sofisticati laboratori di produzione. Concentrandoci su talenti tecnologici, apparecchiature di produzione digitale di fascia alta e sistemi di collaudo professionali, miglioriamo costantemente la nostra piattaforma produttiva e i nostri percorsi di produzione per la qualit\u00e0 dei prodotti. La nostra azienda possiede forti capacit\u00e0 creative, soddisfacendo le diverse esigenze dei clienti con elevata efficienza, precisione e qualit\u00e0.<\/p>\n<p><img decoding=\"async\" src=\"https:\/\/www.hydraulic-cylinders.net\/wp-content\/uploads\/2025\/01\/songte-company-3.webp\" alt=\"Cilindro della benna per KYM KY70\"><\/p>\n<p>Autore: lyl<\/p>","protected":false},"excerpt":{"rendered":"<p>Bucket Cylinder For KYM KY70 Introduction The bucket cylinder for KYM KY70 is a specially designed hydraulic cylinder used to control the movement of the bucket in heavy machinery such as excavators, backhoe loaders, and front-end loaders. Its main function is to enable the lifting, lowering, and tilting of the bucket, making it convenient for [&hellip;]<\/p>","protected":false},"featured_media":14787,"comment_status":"open","ping_status":"closed","template":"","meta":{"_et_pb_use_builder":"","_et_pb_old_content":"","_et_gb_content_width":""},"product_brand":[],"product_cat":[1494],"product_tag":[1495,1496],"class_list":{"0":"post-15809","1":"product","2":"type-product","3":"status-publish","4":"has-post-thumbnail","6":"product_cat-bucket-cylinders","7":"product_tag-bucket-cylinders","8":"product_tag-hydraulic-cylinders","10":"first","11":"instock","12":"shipping-taxable","13":"product-type-simple"},"amp_enabled":true,"_links":{"self":[{"href":"https:\/\/www.hydraulic-cylinders.net\/it\/wp-json\/wp\/v2\/product\/15809","targetHints":{"allow":["GET"]}}],"collection":[{"href":"https:\/\/www.hydraulic-cylinders.net\/it\/wp-json\/wp\/v2\/product"}],"about":[{"href":"https:\/\/www.hydraulic-cylinders.net\/it\/wp-json\/wp\/v2\/types\/product"}],"replies":[{"embeddable":true,"href":"https:\/\/www.hydraulic-cylinders.net\/it\/wp-json\/wp\/v2\/comments?post=15809"}],"wp:featuredmedia":[{"embeddable":true,"href":"https:\/\/www.hydraulic-cylinders.net\/it\/wp-json\/wp\/v2\/media\/14787"}],"wp:attachment":[{"href":"https:\/\/www.hydraulic-cylinders.net\/it\/wp-json\/wp\/v2\/media?parent=15809"}],"wp:term":[{"taxonomy":"product_brand","embeddable":true,"href":"https:\/\/www.hydraulic-cylinders.net\/it\/wp-json\/wp\/v2\/product_brand?post=15809"},{"taxonomy":"product_cat","embeddable":true,"href":"https:\/\/www.hydraulic-cylinders.net\/it\/wp-json\/wp\/v2\/product_cat?post=15809"},{"taxonomy":"product_tag","embeddable":true,"href":"https:\/\/www.hydraulic-cylinders.net\/it\/wp-json\/wp\/v2\/product_tag?post=15809"}],"curies":[{"name":"parola chiave","href":"https:\/\/api.w.org\/{rel}","templated":true}]}}