{"id":15810,"date":"2025-01-19T15:01:05","date_gmt":"2025-01-19T15:01:05","guid":{"rendered":"https:\/\/www.hydraulic-cylinders.net\/product\/bucket-cylinder-for-kym-ky85b\/"},"modified":"2025-01-19T15:01:07","modified_gmt":"2025-01-19T15:01:07","slug":"bucket-cylinder-for-kym-ky85b","status":"publish","type":"product","link":"https:\/\/www.hydraulic-cylinders.net\/it\/prodotto\/bucket-cylinder-for-kym-ky85b\/","title":{"rendered":"Cilindro della benna per KYM KY85B"},"content":{"rendered":"<p><!DOCTYPE html><br \/>\n<html><br \/>\n<head><br \/>\n  <title>Cilindro della benna per KYM KY85B<\/title><br \/>\n<\/head><br \/>\n<body><\/p>\n<h1>Cilindro della benna per KYM KY85B<\/h1>\n<h2>Introduzione<\/h2>\n<p>Un cilindro benna \u00e8 un cilindro idraulico appositamente progettato per controllare il movimento delle benne in macchinari pesanti come escavatori, terne e pale caricatrici frontali. La sua funzione principale \u00e8 quella di consentire il sollevamento, l'abbassamento e l'inclinazione della benna, facilitando diverse attivit\u00e0 di movimentazione dei materiali. In un sistema idraulico, il cilindro benna consente un controllo preciso della benna sfruttando le variazioni della pressione dell'olio idraulico, consentendo agli operatori di gestire in modo efficiente carichi pesanti e di adattarsi ad ambienti di lavoro complessi e a diverse esigenze operative.<\/p>\n<p>  <img decoding=\"async\" src=\"https:\/\/www.hydraulic-cylinders.net\/wp-content\/uploads\/2025\/01\/songte-company-2.webp\" alt=\"Immagine del cilindro del secchio\"><\/p>\n<h2>Caratteristiche<\/h2>\n<ul>\n<li>Elevata resistenza e durata: solitamente realizzati in acciaio o alluminio ad alta resistenza, in grado di sopportare pressioni elevate e carichi pesanti, adattabili ad ambienti di lavoro difficili, progettati tenendo conto della resistenza all'usura e alla corrosione, prolungandone la durata.<\/li>\n<li>Funzionamento idraulico efficiente: utilizza la pressione dell'olio idraulico per ottenere movimenti di estensione e retrazione fluidi, in grado di rispondere rapidamente ai comandi di controllo, fornendo potenti forze di spinta e trazione, adatte alla movimentazione di carichi pesanti e attivit\u00e0 di lavoro complesse.<\/li>\n<li>Vari tipi: scegli tra cilindri a semplice effetto (pressione idraulica utilizzata in una sola direzione) o a doppio effetto (pressione idraulica utilizzata in entrambe le direzioni) in base alle esigenze; \u200b\u200balcuni modelli sono telescopici, consentendo una maggiore estensione senza aumentare le dimensioni esterne, ideali per applicazioni con spazio limitato.<\/li>\n<li>Sostituzione perfetta: i nostri prodotti possono sostituire perfettamente questi cilindri idraulici.<\/li>\n<\/ul>\n<p>  <img decoding=\"async\" src=\"https:\/\/www.hydraulic-cylinders.net\/wp-content\/uploads\/2025\/01\/songte-cylinder-head-with-all-kinds-excavator-models.webp\" alt=\"Immagine del cilindro idraulico\"><\/p>\n<h2>Applicazioni<\/h2>\n<p>I cilindri a tazze trovano applicazione in vari settori, tra cui:<\/p>\n<ul>\n<li>Attrezzature edili: essenziali negli escavatori per scavare, caricare e spostare terreno o detriti. Nelle terne, i cilindri della benna aiutano sia nello scavo che nel sollevamento.<\/li>\n<li>Macchine agricole: utilizzate nelle pale caricatrici frontali per raccogliere, sollevare e trasportare terra, fieno e altri materiali.<\/li>\n<li>Escavatori: i cilindri della benna consentono le azioni di scavo consentendo alla benna di penetrare nel terreno.<\/li>\n<li>Caricatori frontali: nei caricatori frontali, aiutano a sollevare e scaricare il carico in modo efficace.<\/li>\n<\/ul>\n<h2>Considerazioni progettuali e criteri di selezione<\/h2>\n<p>Nella progettazione del cilindro della benna vengono presi in considerazione diversi fattori, quali:<\/p>\n<ul>\n<li>Capacit\u00e0 portante<\/li>\n<li>Sigillatura<\/li>\n<li>Durata<\/li>\n<li>Sicurezza<\/li>\n<li>Manutenibilit\u00e0<\/li>\n<\/ul>\n<p>  <img decoding=\"async\" src=\"https:\/\/www.hydraulic-cylinders.net\/wp-content\/uploads\/2025\/01\/songte-oil-pipes-and-spare-parts.webp\" alt=\"Immagine delle parti del cilindro idraulico\"><\/p>\n<h2>Sigillatura e lubrificazione<\/h2>\n<p>Il cilindro della benna utilizza vari componenti di tenuta, come guarnizioni del pistone e dello stelo, realizzati in materiali resistenti all'usura come poliuretano e gomma nitrilica. Il corpo del cilindro e le estremit\u00e0 filettate sono finemente trattati per migliorarne la resistenza all'usura. Per un funzionamento regolare \u00e8 necessaria una lubrificazione regolare con la giusta quantit\u00e0 di olio idraulico.<\/p>\n<h2>Ispezione regolare e manutenzione preventiva<\/h2>\n<p>Per garantire prestazioni ottimali e longevit\u00e0, \u00e8 necessario implementare misure di ispezione e manutenzione preventiva regolari, tra cui:<\/p>\n<ul>\n<li>Controlli regolari<\/li>\n<li>Lubrificazione adeguata<\/li>\n<li>Sostituzione della guarnizione<\/li>\n<li>Controlli di calibrazione<\/li>\n<\/ul>\n<p>  <img decoding=\"async\" src=\"https:\/\/www.hydraulic-cylinders.net\/wp-content\/uploads\/2025\/01\/songte-chushion-collar.webp\" alt=\"Immagine di manutenzione del cilindro idraulico\"><\/p>\n<h2>Considerazioni sulla sicurezza e fattori ambientali<\/h2>\n<p>Quando si utilizza il cilindro della benna, \u00e8 importante dare priorit\u00e0 alle misure di sicurezza per prevenire incidenti e ridurre al minimo l'impatto ambientale.<\/p>\n<h2>Risoluzione dei problemi e problemi comuni<\/h2>\n<p>Ecco alcuni suggerimenti e soluzioni comuni per risolvere i problemi che potrebbero presentarsi:<\/p>\n<p>  <img decoding=\"async\" src=\"https:\/\/www.hydraulic-cylinders.net\/wp-content\/uploads\/2025\/01\/songte-bushings-with-all-kinds-of-excavator-models.webp\" alt=\"Immagine dei problemi del cilindro idraulico\"><\/p>\n<h2>Panoramica aziendale<\/h2>\n<p>Siamo produttori di cilindri idraulici di ricambio e offriamo un'ampia gamma di prodotti. La nostra azienda \u00e8 diventata uno dei principali produttori e distributori all'ingrosso di cilindri idraulici sul mercato nazionale e internazionale. Diamo priorit\u00e0 all'eccellenza qualitativa e ci affidiamo a strategie di gestione della produzione industrializzata nel nostro laboratorio di produzione all'avanguardia. Concentrandoci sul talento tecnologico, su attrezzature di produzione digitale avanzate e su sistemi di collaudo professionali, miglioriamo costantemente la nostra piattaforma produttiva e miglioriamo la qualit\u00e0 dei prodotti. Possediamo una forte capacit\u00e0 di innovazione, puntando su efficienza, precisione e alta qualit\u00e0 per soddisfare le diverse esigenze dei clienti.<\/p>\n<p>  <img decoding=\"async\" src=\"https:\/\/www.hydraulic-cylinders.net\/wp-content\/uploads\/2025\/01\/songte-company-3.webp\" alt=\"Immagine aziendale\"><\/p>\n<h2>Dettagli dell'azienda<\/h2>\n<ul>\n<li>Competenza<\/li>\n<li>Certificazioni internazionali<\/li>\n<li>Servizi di personalizzazione<\/li>\n<li>Attrezzature di produzione<\/li>\n<li>Servizio post-vendita<\/li>\n<\/ul>\n<p>Autore: lyl<\/p>\n<p>  <img decoding=\"async\" src=\"https:\/\/hzpt.com\/wp-content\/uploads\/2024\/11\/songte-company-1.webp\" alt=\"Immagine aziendale\"><br \/>\n<\/body><br \/>\n<\/html><\/p>","protected":false},"excerpt":{"rendered":"<p>Bucket Cylinder For KYM KY85B Bucket Cylinder For KYM KY85B Introduction A bucket cylinder is a specially designed hydraulic cylinder used to control the movement of buckets in heavy machinery such as excavators, backhoe loaders, and front loaders. Its main function is to enable the lifting, lowering, and tilting of the bucket, facilitating various material [&hellip;]<\/p>","protected":false},"featured_media":14785,"comment_status":"open","ping_status":"closed","template":"","meta":{"_et_pb_use_builder":"","_et_pb_old_content":"","_et_gb_content_width":""},"product_brand":[],"product_cat":[1494],"product_tag":[1495,1496],"class_list":{"0":"post-15810","1":"product","2":"type-product","3":"status-publish","4":"has-post-thumbnail","6":"product_cat-bucket-cylinders","7":"product_tag-bucket-cylinders","8":"product_tag-hydraulic-cylinders","10":"first","11":"instock","12":"shipping-taxable","13":"product-type-simple"},"amp_enabled":true,"_links":{"self":[{"href":"https:\/\/www.hydraulic-cylinders.net\/it\/wp-json\/wp\/v2\/product\/15810","targetHints":{"allow":["GET"]}}],"collection":[{"href":"https:\/\/www.hydraulic-cylinders.net\/it\/wp-json\/wp\/v2\/product"}],"about":[{"href":"https:\/\/www.hydraulic-cylinders.net\/it\/wp-json\/wp\/v2\/types\/product"}],"replies":[{"embeddable":true,"href":"https:\/\/www.hydraulic-cylinders.net\/it\/wp-json\/wp\/v2\/comments?post=15810"}],"wp:featuredmedia":[{"embeddable":true,"href":"https:\/\/www.hydraulic-cylinders.net\/it\/wp-json\/wp\/v2\/media\/14785"}],"wp:attachment":[{"href":"https:\/\/www.hydraulic-cylinders.net\/it\/wp-json\/wp\/v2\/media?parent=15810"}],"wp:term":[{"taxonomy":"product_brand","embeddable":true,"href":"https:\/\/www.hydraulic-cylinders.net\/it\/wp-json\/wp\/v2\/product_brand?post=15810"},{"taxonomy":"product_cat","embeddable":true,"href":"https:\/\/www.hydraulic-cylinders.net\/it\/wp-json\/wp\/v2\/product_cat?post=15810"},{"taxonomy":"product_tag","embeddable":true,"href":"https:\/\/www.hydraulic-cylinders.net\/it\/wp-json\/wp\/v2\/product_tag?post=15810"}],"curies":[{"name":"parola chiave","href":"https:\/\/api.w.org\/{rel}","templated":true}]}}