{"id":15883,"date":"2025-01-19T15:07:07","date_gmt":"2025-01-19T15:07:07","guid":{"rendered":"https:\/\/www.hydraulic-cylinders.net\/product\/bucket-cylinder-for-volwa-small-excavator-dls815-9\/"},"modified":"2025-01-19T15:07:09","modified_gmt":"2025-01-19T15:07:09","slug":"bucket-cylinder-for-volwa-small-excavator-dls815-9","status":"publish","type":"product","link":"https:\/\/www.hydraulic-cylinders.net\/it\/prodotto\/bucket-cylinder-for-volwa-small-excavator-dls815-9\/","title":{"rendered":"Cilindro della benna per escavatore piccolo Volwa DLS815-9"},"content":{"rendered":"<h1>Cilindro della benna per escavatore piccolo Volwa DLS815-9<\/h1>\n<h2>Introduzione<\/h2>\n<h3>Definizione di cilindro della benna<\/h3>\n<p>Un cilindro benna \u00e8 un cilindro idraulico appositamente progettato per controllare il movimento della benna in macchinari pesanti come escavatori, terne e pale caricatrici frontali. La sua funzione principale \u00e8 quella di consentire alla benna di sollevarsi, abbassarsi e inclinarsi, facilitando la gestione di diverse attivit\u00e0 di movimentazione dei materiali. Nel sistema idraulico, il cilindro benna consente un controllo preciso della benna variando la pressione dell'olio idraulico, consentendo all'operatore di gestire carichi pesanti in modo efficiente, di adattarsi ad ambienti di lavoro complessi e di soddisfare diverse esigenze operative.<\/p>\n<p><img decoding=\"async\" src=\"https:\/\/www.hydraulic-cylinders.net\/wp-content\/uploads\/2025\/01\/songte-company-2.webp\"\/><\/p>\n<h3>Caratteristiche<\/h3>\n<ul>\n<li><strong>Elevata resistenza e durata:<\/strong> Solitamente realizzato in acciaio ad alta resistenza o alluminio, pu\u00f2 sopportare pressioni elevate e carichi pesanti, adattarsi ad ambienti di lavoro difficili ed \u00e8 progettato tenendo conto della resistenza all'usura e alla corrosione per prolungarne la durata utile.<\/li>\n<li><strong>Funzionamento idraulico efficiente:<\/strong> Utilizzando la pressione dell'olio idraulico per ottenere un'estensione e una retrazione fluide, pu\u00f2 rispondere rapidamente ai comandi, fornire forti forze di spinta e trazione ed \u00e8 adatto alla movimentazione di carichi pesanti e attivit\u00e0 operative complesse.<\/li>\n<li><strong>Vari tipi:<\/strong> \u00c8 possibile scegliere tra cilindri a semplice effetto (idraulici utilizzati in una sola direzione) o a doppio effetto (idraulici utilizzati in entrambe le direzioni) in base alle esigenze, per soddisfare diverse esigenze operative. Alcuni modelli sono telescopici, consentendo una maggiore estensione senza aumentare l'ingombro esterno e sono adatti ad applicazioni con spazi limitati.<\/li>\n<li><strong>Sostituzione perfetta:<\/strong> I nostri prodotti possono sostituire perfettamente questi cilindri idraulici.<\/li>\n<\/ul>\n<p><img decoding=\"async\" src=\"https:\/\/www.hydraulic-cylinders.net\/wp-content\/uploads\/2025\/01\/songte-cylinder-head-with-all-kinds-excavator-models.webp\"\/><\/p>\n<h2>Applicazioni<\/h2>\n<p>I cilindri a tazze sono ampiamente utilizzati in diverse macchine, tra cui:<\/p>\n<ul>\n<li><strong>Attrezzature per l'edilizia:<\/strong> Negli escavatori, sono fondamentali per scavare, caricare e spostare terreno o detriti. Nelle terne, i cilindri della benna aiutano sia nello scavo che nel sollevamento. <\/li>\n<li><strong>Macchine agricole:<\/strong> Utilizzati nelle pale caricatrici frontali per raccogliere, sollevare e trasportare terra, fieno e altri materiali, i cilindri della benna negli escavatori consentono di scavare consentendo alla benna di penetrare nel terreno. <\/li>\n<li><strong>Caricatori:<\/strong> Nei caricatori frontali, aiutano a sollevare e scaricare le merci in modo efficace.<\/li>\n<\/ul>\n<h2>Considerazioni progettuali e criteri di selezione<\/h2>\n<h3>Considerazioni chiave sulla progettazione<\/h3>\n<ul>\n<li><strong>Capacit\u00e0 di carico:<\/strong> Il cilindro deve essere in grado di sopportare i carichi previsti nell'applicazione. <\/li>\n<li><strong>Sigillatura:<\/strong> Il cilindro deve essere in grado di mantenere la pressione e prevenire perdite. <\/li>\n<li><strong>Durata:<\/strong> Il cilindro deve essere in grado di resistere al ciclo di vita previsto e alle condizioni ambientali. <\/li>\n<li><strong>Sicurezza:<\/strong> Il cilindro deve essere progettato con dispositivi di sicurezza che prevengano gli incidenti. <\/li>\n<li><strong>Manutenibilit\u00e0:<\/strong> Il cilindro deve essere progettato per essere facilmente manutenibile e riparabile.<\/li>\n<\/ul>\n<p><img decoding=\"async\" src=\"https:\/\/www.hydraulic-cylinders.net\/wp-content\/uploads\/2025\/01\/songte-oil-pipes-and-spare-parts.webp\"\/><\/p>\n<h3>Sigillatura e lubrificazione<\/h3>\n<p>Nei cilindri a tazza vengono utilizzati vari tipi di componenti di tenuta, come guarnizioni per pistoni e guarnizioni per steli. Queste guarnizioni sono realizzate in materiali resistenti all'usura come poliuretano e gomma nitrilica, e il corpo del cilindro e le superfici filettate sono finemente lavorate per migliorarne la resistenza all'usura. \u00c8 inoltre necessario aggiungere regolarmente quantit\u00e0 adeguate di olio idraulico per la lubrificazione.<\/p>\n<h3>Misure di manutenzione preventiva<\/h3>\n<ul>\n<li><strong>Ispezione regolare:<\/strong> Controllare regolarmente il cilindro e il sistema idraulico per individuare eventuali segni di usura o danni. <\/li>\n<li><strong>Lubrificazione corretta:<\/strong> Assicurarsi che il cilindro e i suoi componenti siano adeguatamente lubrificati. <\/li>\n<li><strong>Sostituzione della guarnizione:<\/strong> Sostituire tempestivamente le guarnizioni usurate o danneggiate per evitare perdite. <\/li>\n<li><strong>Controllo della calibrazione:<\/strong> Check the cylinder&#8217;s calibration to ensure proper operation. <\/li>\n<\/ul>\n<p><img decoding=\"async\" src=\"https:\/\/www.hydraulic-cylinders.net\/wp-content\/uploads\/2025\/01\/songte-chushion-collar.webp\"\/><\/p>\n<h2>Considerazioni sulla sicurezza e fattori ambientali<\/h2>\n<p>Quando si utilizzano i cilindri per benne, \u00e8 necessario adottare adeguate misure di sicurezza per prevenire incidenti. Inoltre, \u00e8 necessario considerare i fattori ambientali e adottare misure appropriate per ridurre al minimo l'impatto ambientale.<\/p>\n<h2>Risoluzione dei problemi e problemi comuni<\/h2>\n<ul>\n<li><strong>Perdita:<\/strong> Controllare le guarnizioni e sostituirle se necessario.<\/li>\n<li><strong>Funzionamento lento:<\/strong> Controllare il livello del fluido idraulico e assicurarsi che il sistema sia adeguatamente lubrificato.<\/li>\n<li><strong>Rumore anomalo:<\/strong> Controllare che non vi siano componenti allentati o danneggiati.<\/li>\n<\/ul>\n<p>Una manutenzione e un'ispezione regolari possono aiutare a prevenire questi problemi.<\/p>\n<p><img decoding=\"async\" src=\"https:\/\/www.hydraulic-cylinders.net\/wp-content\/uploads\/2025\/01\/songte-bushings-with-all-kinds-of-excavator-models.webp\"\/><\/p>\n<h2>Chi siamo<\/h2>\n<p>Siamo produttori di cilindri idraulici in grado di sostituire quelli originali. La nostra azienda offre una gamma completa di prodotti ed \u00e8 diventata uno dei principali produttori e distributori all'ingrosso di cilindri idraulici sul mercato nazionale e internazionale. Aderiamo al principio di un'eccellente qualit\u00e0, ci affidiamo alla strategia di gestione della produzione industriale delle migliori officine manifatturiere, miglioriamo costantemente la piattaforma produttiva dell'officina, miglioriamo la linea di produzione di qualit\u00e0 dei prodotti e vantiamo una forte capacit\u00e0 creativa. Facciamo del nostro meglio per soddisfare le diverse esigenze dei clienti con i principi di alta efficienza, alta precisione e alta qualit\u00e0.<\/p>\n<ul>\n<li><strong>Professionalit\u00e0:<\/strong> Disponiamo di un team di professionisti con una vasta esperienza e conoscenza nel settore dei cilindri idraulici. <\/li>\n<li><strong>Certificazione internazionale:<\/strong> I nostri prodotti hanno ottenuto certificazioni internazionali come ISO9001 e CE. <\/li>\n<li><strong>Servizio di personalizzazione:<\/strong> Possiamo fornire servizi personalizzati per soddisfare le esigenze specifiche dei clienti. <\/li>\n<li><strong>Attrezzature di produzione:<\/strong> Disponiamo di attrezzature di produzione all'avanguardia per garantire la qualit\u00e0 dei nostri prodotti. <\/li>\n<li><strong>Servizio post-vendita:<\/strong> Forniamo un eccellente servizio post-vendita per garantire la soddisfazione del cliente.<\/li>\n<\/ul>\n<p><img decoding=\"async\" src=\"https:\/\/hzpt.com\/wp-content\/uploads\/2024\/11\/songte-company-1.webp\"\/><\/p>\n<p><em>Autore: lyl<\/em><\/p>","protected":false},"excerpt":{"rendered":"<p>Bucket Cylinder For Volwa Small Excavator DLS815-9 Introduction Definition of Bucket Cylinder A bucket cylinder is a specially designed hydraulic cylinder used to control the movement of the bucket in heavy machinery such as excavators, backhoe loaders, and front loaders. Its main function is to enable the bucket to lift, lower and tilt, making it [&hellip;]<\/p>","protected":false},"featured_media":14788,"comment_status":"open","ping_status":"closed","template":"","meta":{"_et_pb_use_builder":"","_et_pb_old_content":"","_et_gb_content_width":""},"product_brand":[],"product_cat":[1494],"product_tag":[1495,1496],"class_list":{"0":"post-15883","1":"product","2":"type-product","3":"status-publish","4":"has-post-thumbnail","6":"product_cat-bucket-cylinders","7":"product_tag-bucket-cylinders","8":"product_tag-hydraulic-cylinders","10":"first","11":"instock","12":"shipping-taxable","13":"product-type-simple"},"amp_enabled":true,"_links":{"self":[{"href":"https:\/\/www.hydraulic-cylinders.net\/it\/wp-json\/wp\/v2\/product\/15883","targetHints":{"allow":["GET"]}}],"collection":[{"href":"https:\/\/www.hydraulic-cylinders.net\/it\/wp-json\/wp\/v2\/product"}],"about":[{"href":"https:\/\/www.hydraulic-cylinders.net\/it\/wp-json\/wp\/v2\/types\/product"}],"replies":[{"embeddable":true,"href":"https:\/\/www.hydraulic-cylinders.net\/it\/wp-json\/wp\/v2\/comments?post=15883"}],"wp:featuredmedia":[{"embeddable":true,"href":"https:\/\/www.hydraulic-cylinders.net\/it\/wp-json\/wp\/v2\/media\/14788"}],"wp:attachment":[{"href":"https:\/\/www.hydraulic-cylinders.net\/it\/wp-json\/wp\/v2\/media?parent=15883"}],"wp:term":[{"taxonomy":"product_brand","embeddable":true,"href":"https:\/\/www.hydraulic-cylinders.net\/it\/wp-json\/wp\/v2\/product_brand?post=15883"},{"taxonomy":"product_cat","embeddable":true,"href":"https:\/\/www.hydraulic-cylinders.net\/it\/wp-json\/wp\/v2\/product_cat?post=15883"},{"taxonomy":"product_tag","embeddable":true,"href":"https:\/\/www.hydraulic-cylinders.net\/it\/wp-json\/wp\/v2\/product_tag?post=15883"}],"curies":[{"name":"parola chiave","href":"https:\/\/api.w.org\/{rel}","templated":true}]}}