{"id":15911,"date":"2025-01-19T15:09:18","date_gmt":"2025-01-19T15:09:18","guid":{"rendered":"https:\/\/www.hydraulic-cylinders.net\/product\/bucket-cylinder-for-aotai-at80e-9\/"},"modified":"2025-01-19T15:09:20","modified_gmt":"2025-01-19T15:09:20","slug":"bucket-cylinder-for-aotai-at80e-9","status":"publish","type":"product","link":"https:\/\/www.hydraulic-cylinders.net\/it\/prodotto\/bucket-cylinder-for-aotai-at80e-9\/","title":{"rendered":"Cilindro della benna per Aotai AT80E-9"},"content":{"rendered":"<h1>Cilindro della benna per Aotai AT80E-9<\/h1>\n<h2>Introduzione<\/h2>\n<p>Un cilindro della benna \u00e8 un cilindro idraulico appositamente progettato per controllare il movimento della benna in macchinari pesanti come escavatori, terne e pale caricatrici frontali. La sua funzione principale \u00e8 quella di sollevare, abbassare e inclinare la benna per operazioni di movimentazione materiali efficienti. Nel sistema idraulico, il cilindro della benna controlla il movimento preciso della benna attraverso variazioni della pressione dell'olio idraulico, consentendo agli operatori di gestire in modo efficiente carichi pesanti e di adattarsi ad ambienti di lavoro complessi e a diverse esigenze operative.<\/p>\n<p><img decoding=\"async\" src=\"https:\/\/www.hydraulic-cylinders.net\/wp-content\/uploads\/2025\/01\/songte-company-2.webp\"><\/p>\n<h2>Caratteristiche<\/h2>\n<ul>\n<li>\n<h3>Elevata resistenza e durata<\/h3>\n<p>I cilindri delle tazze sono solitamente realizzati in acciaio ad alta resistenza o alluminio, in grado di sopportare pressioni elevate e carichi pesanti e progettati tenendo conto della resistenza all'usura e alla corrosione, prolungandone la durata utile.<\/p>\n<\/li>\n<li>\n<h3>Funzionamento idraulico efficiente<\/h3>\n<p>I cilindri della benna sfruttano la pressione dell'olio idraulico per ottenere movimenti di espansione e contrazione fluidi, possono rispondere rapidamente ai comandi di controllo, fornire una potente forza di spinta e trazione e sono adatti per la movimentazione di carichi pesanti e lavori complessi.<\/p>\n<\/li>\n<li>\n<h3>Vari tipi<\/h3>\n<p>I cilindri della benna possono essere a semplice effetto (il fluido idraulico viene utilizzato in una sola direzione) o a doppio effetto (il fluido idraulico viene utilizzato in entrambe le direzioni) a seconda delle esigenze operative. Alcuni modelli sono telescopici, consentendo una maggiore estensione senza aumentare le dimensioni esterne, adatti ad applicazioni con spazio limitato.<\/p>\n<\/li>\n<li>\n<h3>Sostituzione perfetta per cilindri idraulici<\/h3>\n<p>I nostri prodotti possono sostituire perfettamente questi cilindri idraulici.<\/p>\n<p>  <img decoding=\"async\" src=\"https:\/\/www.hydraulic-cylinders.net\/wp-content\/uploads\/2025\/01\/songte-cylinder-head-with-all-kinds-excavator-models.webp\"><\/li>\n<\/ul>\n<h2>Applicazioni<\/h2>\n<p>I cilindri delle benne sono essenziali per vari tipi di macchinari pesanti, tra cui:<\/p>\n<ul>\n<li>\n<h3>Attrezzature per l'edilizia<\/h3>\n<p>Negli escavatori, i cilindri delle benne sono fondamentali per scavare, caricare e spostare terreno o detriti. Nelle terne, i cilindri delle benne aiutano sia nello scavo che nel sollevamento. <\/p>\n<\/li>\n<li>\n<h3>Macchine agricole<\/h3>\n<p>Utilizzati nelle pale caricatrici frontali per raccogliere, sollevare e trasportare terra, fieno e altri materiali. Negli escavatori, i cilindri della benna consentono l'azione di scavo consentendo alla benna di penetrare nel terreno. Nelle pale caricatrici frontali, aiutano a sollevare e scaricare le merci in modo efficiente.<\/p>\n<\/li>\n<\/ul>\n<h2>Considerazioni di progettazione<\/h2>\n<p>I cilindri delle benne sono progettati tenendo conto di numerosi fattori per garantire prestazioni ottimali:<\/p>\n<ul>\n<li>\n<h3>Capacit\u00e0 portante<\/h3>\n<p>I cilindri della benna sono progettati per resistere a carichi e pressioni elevati, garantendone la capacit\u00e0 portante.<\/p>\n<\/li>\n<li>\n<h3>Sigillatura<\/h3>\n<p>Nei cilindri a tazza vengono utilizzate varie guarnizioni, come guarnizioni per pistoni e guarnizioni per steli, realizzate in materiali resistenti all'usura come poliuretano e gomma nitrilica, che ne garantiscono la durata e le prestazioni di tenuta.<\/p>\n<\/li>\n<li>\n<h3>Sicurezza<\/h3>\n<p>I cilindri delle benne sono progettati pensando alla sicurezza, garantendo la sicurezza degli operatori e dell'ambiente. Una corretta installazione e manutenzione sono fondamentali per garantirne il funzionamento in sicurezza.<\/p>\n<\/li>\n<li>\n<h3>Manutenzione<\/h3>\n<p>Per garantire prestazioni ottimali, i cilindri delle tazze richiedono una manutenzione regolare, che comprende lubrificazione, sostituzione delle guarnizioni e controlli della calibrazione.<\/p>\n<\/li>\n<\/ul>\n<p><img decoding=\"async\" src=\"https:\/\/www.hydraulic-cylinders.net\/wp-content\/uploads\/2025\/01\/songte-oil-pipes-and-spare-parts.webp\"><\/p>\n<h2>Installazione e manutenzione<\/h2>\n<p>Per garantire prestazioni ottimali e una lunga durata del cilindro della benna, \u00e8 importante seguire le corrette procedure di installazione e manutenzione. Le attivit\u00e0 di manutenzione pi\u00f9 comuni includono:<\/p>\n<ul>\n<li>\n<h3>Ispezione regolare<\/h3>\n<p>Per garantire che il cilindro sia in buone condizioni, \u00e8 necessario effettuare regolarmente un'ispezione per individuare eventuali perdite, graffi o altri segni di danneggiamento.<\/p>\n<\/li>\n<li>\n<h3>Lubrificazione<\/h3>\n<p>Una lubrificazione adeguata consente al cilindro della benna di muoversi senza problemi e contribuisce a prevenire danni causati dall'attrito.<\/p>\n<\/li>\n<li>\n<h3>Sostituzione della guarnizione<\/h3>\n<p>Replacing worn-out seals is crucial to prevent leaks and ensure the cylinder&#8217;s optimal performance.<\/p>\n<\/li>\n<li>\n<h3>Controllo dell'allineamento<\/h3>\n<p>Controllare l'allineamento del cilindro della benna \u00e8 importante per garantirne il corretto funzionamento.<\/p>\n<\/li>\n<\/ul>\n<p><img decoding=\"async\" src=\"https:\/\/www.hydraulic-cylinders.net\/wp-content\/uploads\/2025\/01\/songte-chushion-collar.webp\"><\/p>\n<h2>Considerazioni sulla sicurezza e sull'ambiente<\/h2>\n<p>Quando si utilizza un cilindro per benna, la sicurezza \u00e8 di fondamentale importanza. \u00c8 necessario seguire le corrette procedure di installazione, manutenzione e utilizzo per garantire la sicurezza degli operatori e dell'ambiente.<\/p>\n<p><img decoding=\"async\" src=\"https:\/\/hzpt.com\/wp-content\/uploads\/2024\/11\/songte-company-1.webp\"><\/p>\n<h2>Chi siamo<\/h2>\n<p>La nostra azienda \u00e8 produttrice di cilindri idraulici di ricambio con una gamma completa di prodotti. Siamo diventati uno dei principali produttori e distributori all'ingrosso di cilindri idraulici sul mercato nazionale e internazionale. La nostra officina di produzione aderisce alla strategia di gestione della produzione industriale, basandosi su qualit\u00e0 eccellente, talenti tecnologici, apparecchiature di produzione digitali di fascia alta e sistemi di collaudo professionali. Continuiamo a migliorare la piattaforma produttiva dell'officina, a migliorare la linea di produzione di qualit\u00e0 dei prodotti e ad avere una forte capacit\u00e0 creativa, aderendo ai principi di alta efficienza, alta precisione e alta qualit\u00e0 per soddisfare le diverse esigenze dei clienti.<\/p>\n<p>Our company&#8217;s outstanding features include:<\/p>\n<ul>\n<li>\n<h3>Professionalit\u00e0<\/h3>\n<p>Il nostro team \u00e8 composto da professionisti altamente qualificati ed esperti nel settore dei cilindri idraulici, per garantire che i nostri prodotti soddisfino gli standard pi\u00f9 elevati.<\/p>\n<\/li>\n<li>\n<h3>Certificazioni internazionali<\/h3>\n<p>I nostri prodotti hanno superato diverse certificazioni internazionali per garantirne la qualit\u00e0 e la sicurezza.<\/p>\n<\/li>\n<li>\n<h3>Servizi di personalizzazione<\/h3>\n<p>Forniamo servizi personalizzati per soddisfare le esigenze e i requisiti specifici dei clienti.<\/p>\n<\/li>\n<li>\n<h3>Attrezzature di produzione<\/h3>\n<p>La nostra azienda utilizza attrezzature di produzione all'avanguardia e ad alta tecnologia per garantire la qualit\u00e0 dei nostri prodotti.<\/p>\n<\/li>\n<li>\n<h3>Servizio post-vendita<\/h3>\n<p>Offriamo un eccellente servizio di assistenza e supporto post-vendita per garantire che i nostri clienti siano soddisfatti dei loro acquisti.<\/p>\n<\/li>\n<\/ul>\n<p><img decoding=\"async\" src=\"https:\/\/www.hydraulic-cylinders.net\/wp-content\/uploads\/2025\/01\/songte-company-3.webp\"><\/p>\n<p>Autore: lyl<\/p>","protected":false},"excerpt":{"rendered":"<p>Bucket Cylinder For Aotai AT80E-9 Introduction A bucket cylinder is a specially designed hydraulic cylinder used to control the movement of the bucket in heavy machinery such as excavators, backhoe loaders, and front loaders. Its main function is to raise, lower, and tilt the bucket for efficient material handling tasks. In the hydraulic system, the [&hellip;]<\/p>","protected":false},"featured_media":14761,"comment_status":"open","ping_status":"closed","template":"","meta":{"_et_pb_use_builder":"","_et_pb_old_content":"","_et_gb_content_width":""},"product_brand":[],"product_cat":[1494],"product_tag":[1495,1496],"class_list":{"0":"post-15911","1":"product","2":"type-product","3":"status-publish","4":"has-post-thumbnail","6":"product_cat-bucket-cylinders","7":"product_tag-bucket-cylinders","8":"product_tag-hydraulic-cylinders","10":"first","11":"instock","12":"shipping-taxable","13":"product-type-simple"},"amp_enabled":true,"_links":{"self":[{"href":"https:\/\/www.hydraulic-cylinders.net\/it\/wp-json\/wp\/v2\/product\/15911","targetHints":{"allow":["GET"]}}],"collection":[{"href":"https:\/\/www.hydraulic-cylinders.net\/it\/wp-json\/wp\/v2\/product"}],"about":[{"href":"https:\/\/www.hydraulic-cylinders.net\/it\/wp-json\/wp\/v2\/types\/product"}],"replies":[{"embeddable":true,"href":"https:\/\/www.hydraulic-cylinders.net\/it\/wp-json\/wp\/v2\/comments?post=15911"}],"wp:featuredmedia":[{"embeddable":true,"href":"https:\/\/www.hydraulic-cylinders.net\/it\/wp-json\/wp\/v2\/media\/14761"}],"wp:attachment":[{"href":"https:\/\/www.hydraulic-cylinders.net\/it\/wp-json\/wp\/v2\/media?parent=15911"}],"wp:term":[{"taxonomy":"product_brand","embeddable":true,"href":"https:\/\/www.hydraulic-cylinders.net\/it\/wp-json\/wp\/v2\/product_brand?post=15911"},{"taxonomy":"product_cat","embeddable":true,"href":"https:\/\/www.hydraulic-cylinders.net\/it\/wp-json\/wp\/v2\/product_cat?post=15911"},{"taxonomy":"product_tag","embeddable":true,"href":"https:\/\/www.hydraulic-cylinders.net\/it\/wp-json\/wp\/v2\/product_tag?post=15911"}],"curies":[{"name":"parola chiave","href":"https:\/\/api.w.org\/{rel}","templated":true}]}}