{"id":15921,"date":"2025-01-19T15:10:04","date_gmt":"2025-01-19T15:10:04","guid":{"rendered":"https:\/\/www.hydraulic-cylinders.net\/product\/bucket-cylinder-for-atlas-7808lc\/"},"modified":"2025-01-19T15:10:14","modified_gmt":"2025-01-19T15:10:14","slug":"bucket-cylinder-for-atlas-7808lc","status":"publish","type":"product","link":"https:\/\/www.hydraulic-cylinders.net\/it\/prodotto\/bucket-cylinder-for-atlas-7808lc\/","title":{"rendered":"Cilindro della benna per Atlas 7808LC"},"content":{"rendered":"<h1>Cilindro della benna per Atlas 7808LC<\/h1>\n<h2>Introduzione<\/h2>\n<p>Il cilindro della benna per Atlas 7808LC \u00e8 un tipo di cilindro idraulico specificamente progettato per controllare il movimento delle benne in macchinari pesanti come escavatori, terne e pale caricatrici frontali. La sua funzione principale \u00e8 quella di consentire il sollevamento, l'abbassamento e l'inclinazione della benna, facilitando cos\u00ec diverse attivit\u00e0 di movimentazione dei materiali. Nel sistema idraulico, il cilindro della benna garantisce un controllo preciso della benna attraverso variazioni della pressione dell'olio idraulico, consentendo agli operatori di gestire carichi pesanti in modo efficiente e di adattarsi ad ambienti di lavoro complessi e a diverse esigenze operative.<\/p>\n<p><img decoding=\"async\" src=\"https:\/\/www.hydraulic-cylinders.net\/wp-content\/uploads\/2025\/01\/songte-company-2.webp\" alt=\"Cilindro della benna\" style=\"width:100%\"><\/p>\n<h2>Caratteristiche<\/h2>\n<ul>\n<li>\n<h3>Elevata resistenza e durata<\/h3>\n<p>I cilindri delle benne sono generalmente realizzati in acciaio o alluminio ad alta resistenza, consentendo loro di sopportare pressioni elevate e carichi pesanti e di adattarsi ad ambienti di lavoro difficili. Il loro design tiene conto della resistenza all'usura e alla corrosione, prolungandone la durata utile.<\/p>\n<\/li>\n<li>\n<h3>Funzionamento idraulico efficiente<\/h3>\n<p>I cilindri della benna sfruttano la pressione dell'olio idraulico per ottenere un'estensione e una retrazione fluide, consentendo loro di rispondere rapidamente ai comandi di controllo, fornendo una potente forza di spinta e trazione e risultando adatti alla movimentazione di carichi pesanti e attivit\u00e0 operative complesse.<\/p>\n<\/li>\n<li>\n<h3>Tipi multipli<\/h3>\n<p>I cilindri delle benne sono disponibili nei modelli a semplice effetto (idraulico utilizzato in una sola direzione) o a doppio effetto (idraulico utilizzato in due direzioni), per soddisfare diverse esigenze operative. Alcuni modelli sono telescopici, consentendo una maggiore estensione senza aumentare le dimensioni esterne, rendendoli adatti ad applicazioni con spazio limitato.<\/p>\n<\/li>\n<li>\n<h3>Sostituibile<\/h3>\n<p>La nostra azienda \u00e8 in grado di produrre questo prodotto e pu\u00f2 sostituire perfettamente questi cilindri idraulici.<\/p>\n<\/li>\n<\/ul>\n<p><img decoding=\"async\" src=\"https:\/\/www.hydraulic-cylinders.net\/wp-content\/uploads\/2025\/01\/songte-cylinder-head-with-all-kinds-excavator-models.webp\" alt=\"Cilindro idraulico\" style=\"width:100%\"><\/p>\n<h2>Applicazioni<\/h2>\n<p>I cilindri delle benne sono ampiamente utilizzati in varie attrezzature edili, macchinari agricoli e altri settori, tra cui:<\/p>\n<ul>\n<li>\n<h3>Attrezzature per l'edilizia<\/h3>\n<p>I cilindri della benna sono presenti negli escavatori, dove sono essenziali per scavare, caricare e spostare terreno o detriti. Nelle terne, il cilindro della benna agevola sia lo scavo che il sollevamento. Nelle pale caricatrici frontali, aiutano a sollevare e scaricare le merci in modo efficiente.<\/p>\n<\/li>\n<li>\n<h3>Macchine agricole<\/h3>\n<p>I cilindri della benna vengono utilizzati nelle pale caricatrici frontali per raccogliere, sollevare e trasportare terra, fieno e altri materiali.<\/p>\n<\/li>\n<li>\n<h3>Escavatori<\/h3>\n<p>I cilindri della benna consentono agli escavatori di penetrare nel terreno consentendo alla benna di muoversi al suo interno.<\/p>\n<\/li>\n<\/ul>\n<h2>Considerazioni progettuali e criteri di selezione<\/h2>\n<p>Quando si tratta di considerazioni progettuali per i cilindri delle tazze, diversi fattori chiave sono essenziali per garantire prestazioni affidabili, tra cui:<\/p>\n<ul>\n<li>\n<h3>Capacit\u00e0 portante<\/h3>\n<p>La capacit\u00e0 di carico del cilindro della benna \u00e8 fondamentale e deve essere progettata per sopportare il peso del carico sollevato o spostato.<\/p>\n<\/li>\n<li>\n<h3>Sigillatura e durata<\/h3>\n<p>I cilindri delle benne richiedono guarnizioni affidabili per prevenire perdite d'olio, che possono causare guasti idraulici e tempi di fermo macchina. Inoltre, \u00e8 fondamentale valutare attentamente la resistenza del cilindro per garantirne una lunga durata.<\/p>\n<\/li>\n<li>\n<h3>Sicurezza<\/h3>\n<p>Il cilindro della benna deve essere progettato tenendo presente la sicurezza dell'utente per prevenire incidenti o lesioni che potrebbero verificarsi durante il funzionamento.<\/p>\n<\/li>\n<li>\n<h3>Manutenzione e riparazione<\/h3>\n<p>Il cilindro deve essere progettato per consentire una facile manutenzione e riparazione. Questo pu\u00f2 includere caratteristiche come parti sostituibili o facile accessibilit\u00e0 per l'ispezione e la manutenzione.<\/p>\n<\/li>\n<\/ul>\n<p><img decoding=\"async\" src=\"https:\/\/www.hydraulic-cylinders.net\/wp-content\/uploads\/2025\/01\/songte-oil-pipes-and-spare-parts.webp\" alt=\"Cilindro idraulico\" style=\"width:100%\"><\/p>\n<h2>Sigillatura e lubrificazione<\/h2>\n<p>I cilindri a tazza utilizzano vari componenti di tenuta, tra cui guarnizioni per pistone e stelo, che sono generalmente realizzati in materiali resistenti all'usura come poliuretano o gomma nitrilica. Per garantire una lunga durata, il corpo del cilindro e la superficie dello stelo devono essere trattati per resistere all'usura. \u00c8 inoltre necessaria una lubrificazione regolare con olio idraulico per mantenere il corretto funzionamento del cilindro.<\/p>\n<h2>Manutenzione e riparazione<\/h2>\n<p>Per garantire il corretto funzionamento e prolungare la durata del cilindro della benna, sono necessarie ispezioni regolari e manutenzione preventiva. Queste possono includere attivit\u00e0 quali:<\/p>\n<ul>\n<li>\n<h3>Ispezione regolare<\/h3>\n<p>Un'ispezione regolare del cilindro, delle guarnizioni, delle staffe di montaggio e dei raccordi pu\u00f2 impedire che piccoli problemi diventino problemi pi\u00f9 gravi e, in definitiva, ridurre i tempi di fermo.<\/p>\n<\/li>\n<li>\n<h3>Lubrificazione corretta<\/h3>\n<p>Una corretta lubrificazione del cilindro \u00e8 essenziale per il suo corretto funzionamento. Questa pu\u00f2 includere l'uso di olio idraulico o grasso appropriati, a seconda del design del cilindro.<\/p>\n<\/li>\n<li>\n<h3>Sostituzione della guarnizione e controllo della calibrazione<\/h3>\n<p>La sostituzione delle guarnizioni usurate e il controllo della taratura possono migliorare le prestazioni e la durata del cilindro.<\/p>\n<\/li>\n<\/ul>\n<p><img decoding=\"async\" src=\"https:\/\/www.hydraulic-cylinders.net\/wp-content\/uploads\/2025\/01\/songte-chushion-collar.webp\" alt=\"Cilindro idraulico\" style=\"width:100%\"><\/p>\n<h2>Considerazioni sulla sicurezza e fattori ambientali<\/h2>\n<p>I cilindri delle benne richiedono un uso e una manutenzione adeguati per garantirne un funzionamento sicuro. Gli operatori devono essere formati sull'uso corretto del cilindro e seguire tutte le linee guida di sicurezza. Anche fattori ambientali, come temperatura, umidit\u00e0 ed esposizione a sostanze chimiche, possono influire sulle prestazioni del cilindro e devono essere presi in considerazione.<\/p>\n<h2>Problemi comuni e risoluzione dei problemi<\/h2>\n<p>Alcuni problemi comuni che possono verificarsi con i cilindri a tazza includono perdite, funzionamento lento o non reattivo e danni al corpo del cilindro o alle guarnizioni. La risoluzione di questi problemi pu\u00f2 comportare il controllo della corretta lubrificazione, l'ispezione di guarnizioni e raccordi e l'esame del cilindro per individuare eventuali danni. Una regolare manutenzione preventiva pu\u00f2 contribuire a ridurre il verificarsi di questi problemi.<\/p>\n<p><img decoding=\"async\" src=\"https:\/\/www.hydraulic-cylinders.net\/wp-content\/uploads\/2025\/01\/songte-bushings-with-all-kinds-of-excavator-models.webp\" alt=\"Cilindro idraulico\" style=\"width:100%\"><\/p>\n<h2>Informazioni sulla nostra azienda<\/h2>\n<p>Siamo un produttore e distributore all'ingrosso leader di cilindri idraulici sul mercato nazionale e internazionale. La nostra azienda aderisce al principio di un'eccellente qualit\u00e0 e si affida a strategie di gestione della produzione industrializzata basate su officine di produzione di precisione, talenti tecnologici, apparecchiature di produzione digitali di fascia alta e sistemi di collaudo professionali. La nostra azienda migliora costantemente la piattaforma di produzione in officina, ottimizza il percorso produttivo per la qualit\u00e0 dei prodotti e vanta solide capacit\u00e0 creative per soddisfare le diverse esigenze dei clienti con elevata efficienza, precisione e qualit\u00e0. <\/p>\n<p>La nostra azienda offre vari prodotti e servizi quali:<\/p>\n<ul>\n<li>\n<h3>Professionalit\u00e0<\/h3>\n<p>Ci avvaliamo di un team di professionisti con anni di esperienza nel settore per garantire che i nostri prodotti soddisfino i pi\u00f9 elevati standard di qualit\u00e0 e affidabilit\u00e0.<\/p>\n<\/li>\n<li>\n<h3>Certificazione internazionale<\/h3>\n<p>I nostri prodotti sono certificati secondo gli standard internazionali, come ISO 9001:2015, garantendo ai nostri clienti la fiducia nei nostri prodotti.<\/p>\n<\/li>\n<li>\n<h3>Servizi di personalizzazione<\/h3>\n<p>Offriamo servizi personalizzati per soddisfare le esigenze specifiche dei nostri clienti, fornendo soluzioni su misura progettate per soddisfare requisiti specifici.<\/p>\n<\/li>\n<li>\n<h3>Attrezzature di produzione<\/h3>\n<p>Utilizziamo attrezzature di produzione all'avanguardia, come macchine CNC, per garantire una produzione di precisione e prodotti di alta qualit\u00e0.<\/p>\n<\/li>\n<li>\n<h3>Servizio post-vendita<\/h3>\n<p>Forniamo un servizio post-vendita per garantire che i nostri clienti siano soddisfatti dei nostri prodotti e servizi, offrendo servizi di manutenzione, riparazione e sostituzione.<\/p>\n<\/li>\n<\/ul>\n<p><img decoding=\"async\" src=\"https:\/\/hzpt.com\/wp-content\/uploads\/2024\/11\/songte-company-1.webp\" alt=\"Cilindro idraulico\" style=\"width:100%\"><\/p>\n<p>Autore: lyl<\/p>","protected":false},"excerpt":{"rendered":"<p>Bucket Cylinder For Atlas 7808LC Introduction The bucket cylinder for Atlas 7808LC is a type of hydraulic cylinder that is specially designed for controlling the movement of buckets in heavy machinery such as excavators, backhoe loaders, and front-end loaders. Its main function is to allow the bucket to be lifted, lowered and tilted, thereby facilitating [&hellip;]<\/p>","protected":false},"featured_media":14773,"comment_status":"open","ping_status":"closed","template":"","meta":{"_et_pb_use_builder":"","_et_pb_old_content":"","_et_gb_content_width":""},"product_brand":[],"product_cat":[1494],"product_tag":[1495,1496],"class_list":{"0":"post-15921","1":"product","2":"type-product","3":"status-publish","4":"has-post-thumbnail","6":"product_cat-bucket-cylinders","7":"product_tag-bucket-cylinders","8":"product_tag-hydraulic-cylinders","10":"first","11":"instock","12":"shipping-taxable","13":"product-type-simple"},"amp_enabled":true,"_links":{"self":[{"href":"https:\/\/www.hydraulic-cylinders.net\/it\/wp-json\/wp\/v2\/product\/15921","targetHints":{"allow":["GET"]}}],"collection":[{"href":"https:\/\/www.hydraulic-cylinders.net\/it\/wp-json\/wp\/v2\/product"}],"about":[{"href":"https:\/\/www.hydraulic-cylinders.net\/it\/wp-json\/wp\/v2\/types\/product"}],"replies":[{"embeddable":true,"href":"https:\/\/www.hydraulic-cylinders.net\/it\/wp-json\/wp\/v2\/comments?post=15921"}],"wp:featuredmedia":[{"embeddable":true,"href":"https:\/\/www.hydraulic-cylinders.net\/it\/wp-json\/wp\/v2\/media\/14773"}],"wp:attachment":[{"href":"https:\/\/www.hydraulic-cylinders.net\/it\/wp-json\/wp\/v2\/media?parent=15921"}],"wp:term":[{"taxonomy":"product_brand","embeddable":true,"href":"https:\/\/www.hydraulic-cylinders.net\/it\/wp-json\/wp\/v2\/product_brand?post=15921"},{"taxonomy":"product_cat","embeddable":true,"href":"https:\/\/www.hydraulic-cylinders.net\/it\/wp-json\/wp\/v2\/product_cat?post=15921"},{"taxonomy":"product_tag","embeddable":true,"href":"https:\/\/www.hydraulic-cylinders.net\/it\/wp-json\/wp\/v2\/product_tag?post=15921"}],"curies":[{"name":"parola chiave","href":"https:\/\/api.w.org\/{rel}","templated":true}]}}