{"id":15929,"date":"2025-01-19T15:10:45","date_gmt":"2025-01-19T15:10:45","guid":{"rendered":"https:\/\/www.hydraulic-cylinders.net\/product\/bucket-cylinder-for-bonny-wy160ahd\/"},"modified":"2025-01-19T15:10:47","modified_gmt":"2025-01-19T15:10:47","slug":"bucket-cylinder-for-bonny-wy160ahd","status":"publish","type":"product","link":"https:\/\/www.hydraulic-cylinders.net\/it\/prodotto\/bucket-cylinder-for-bonny-wy160ahd\/","title":{"rendered":"Cilindro della benna per Bonny WY160AHD"},"content":{"rendered":"<h1>Cilindro della benna per Bonny WY160AHD<\/h1>\n<h2>Introduzione<\/h2>\n<p>Il cilindro della benna per Bonny WY160AHD \u00e8 un cilindro idraulico specializzato progettato per controllare il movimento delle benne in macchinari pesanti come escavatori, terne e pale caricatrici frontali. La sua funzione principale \u00e8 quella di consentire il sollevamento, l'abbassamento e l'inclinazione della benna, facilitando diverse attivit\u00e0 di movimentazione dei materiali. In un sistema idraulico, il cilindro della benna garantisce un controllo preciso della benna sfruttando le variazioni di pressione dell'olio idraulico, consentendo agli operatori di gestire carichi pesanti in modo efficiente e di adattarsi ad ambienti di lavoro complessi e a diverse esigenze operative.<\/p>\n<p><img decoding=\"async\" src=\"https:\/\/www.hydraulic-cylinders.net\/wp-content\/uploads\/2025\/01\/songte-company-2.webp\"><\/p>\n<h2>Caratteristiche<\/h2>\n<ul>\n<li>Elevata resistenza e durata: solitamente realizzati in acciaio o alluminio ad alta resistenza, in grado di sopportare pressioni elevate e carichi pesanti, adattandosi ad ambienti di lavoro difficili. Il design tiene conto della resistenza all'usura e alla corrosione, prolungandone la durata.<\/li>\n<li>Funzionamento idraulico efficiente: utilizza la pressione dell'olio idraulico per ottenere movimenti telescopici fluidi, consentendo una risposta rapida ai comandi di controllo e fornendo potenti forze di spinta e trazione, adatte alla movimentazione di carichi pesanti e attivit\u00e0 complesse.<\/li>\n<li>Diverse tipologie: \u00e8 possibile scegliere tra cilindri a semplice effetto (idraulica utilizzata in una sola direzione) o a doppio effetto (idraulica utilizzata in due direzioni) in base alle specifiche esigenze operative. Alcuni modelli sono telescopici, consentendo una maggiore estensione senza aumentare le dimensioni esterne, adatti ad applicazioni con spazio limitato.<\/li>\n<li>Sostituzione perfetta: i nostri prodotti possono sostituire perfettamente questi cilindri idraulici.<\/li>\n<\/ul>\n<p><img decoding=\"async\" src=\"https:\/\/www.hydraulic-cylinders.net\/wp-content\/uploads\/2025\/01\/songte-cylinder-head-with-all-kinds-excavator-models.webp\"><\/p>\n<h2>Applicazioni<\/h2>\n<p>Il cilindro della benna per Bonny WY160AHD trova applicazione in vari campi, tra cui:<\/p>\n<ol>\n<li>Attrezzature edili: negli escavatori, sono fondamentali per scavare, caricare e spostare terreno o detriti. Nelle terne, il cilindro della benna agevola sia le operazioni di scavo che di sollevamento.<\/li>\n<li>Macchine agricole: utilizzate nelle pale caricatrici frontali per raccogliere, sollevare e trasportare terra, fieno e altri materiali.<\/li>\n<li>Escavatori: il cilindro della benna consente di effettuare azioni di scavo consentendo alla benna di penetrare nel terreno.<\/li>\n<li>Caricatori frontali: nei caricatori frontali, aiutano a sollevare e scaricare le merci in modo efficiente.<\/li>\n<\/ol>\n<h2>Considerazioni progettuali e criteri di selezione<\/h2>\n<p>Quando si tratta di considerazioni progettuali e criteri di selezione del cilindro della benna, vengono presi in considerazione fattori chiave quali capacit\u00e0 di carico, tenuta, durata, sicurezza e manutenibilit\u00e0.<\/p>\n<p><img decoding=\"async\" src=\"https:\/\/www.hydraulic-cylinders.net\/wp-content\/uploads\/2025\/01\/songte-oil-pipes-and-spare-parts.webp\"><\/p>\n<h2>Sigillatura e lubrificazione<\/h2>\n<p>Il cilindro a tazza utilizza vari componenti di tenuta, come guarnizioni del pistone e dello stelo, realizzati in materiali resistenti all'usura come poliuretano e gomma nitrilica. Il corpo del cilindro e le estremit\u00e0 filettate sono sottoposti a una lavorazione di precisione per migliorarne la resistenza all'usura. Una lubrificazione regolare con olio idraulico idoneo \u00e8 necessaria per garantire un funzionamento regolare e una lunga durata del cilindro.<\/p>\n<h2>Ispezione regolare e manutenzione preventiva<\/h2>\n<p>Per mantenere prestazioni ottimali, \u00e8 necessario implementare ispezioni regolari e misure di manutenzione preventiva, tra cui il controllo di eventuali perdite, una corretta lubrificazione, la sostituzione delle guarnizioni e i controlli di taratura.<\/p>\n<h2>Installazione corretta del prodotto<\/h2>\n<p>La corretta installazione del cilindro della benna \u00e8 fondamentale per un funzionamento efficace e sicuro. Durante l'installazione, \u00e8 necessario fornire istruzioni per l'allineamento del cilindro e si raccomanda l'utilizzo di staffe di montaggio appropriate per fissarlo. \u00c8 inoltre necessario fornire le procedure consigliate per l'ispezione, la riparazione e la sostituzione, insieme a suggerimenti per prolungare la durata del cilindro.<\/p>\n<p><img decoding=\"async\" src=\"https:\/\/www.hydraulic-cylinders.net\/wp-content\/uploads\/2025\/01\/songte-chushion-collar.webp\"><\/p>\n<h2>Considerazioni sulla sicurezza e fattori ambientali<\/h2>\n<p>\u00c8 essenziale sottolineare l'importanza delle misure di sicurezza durante l'uso del cilindro della benna con parole chiave e tenendo conto dei fattori ambientali.<\/p>\n<h2>Risoluzione dei problemi e problemi comuni<\/h2>\n<p>Identificazione dei problemi pi\u00f9 comuni del cilindro della benna e fornitura di suggerimenti e soluzioni per la risoluzione dei problemi, al fine di diagnosticare e risolvere efficacemente i problemi, nonch\u00e9 suggerimenti di misure preventive per ridurre al minimo i potenziali problemi.<\/p>\n<p><img decoding=\"async\" src=\"https:\/\/www.hydraulic-cylinders.net\/wp-content\/uploads\/2025\/01\/songte-bushings-with-all-kinds-of-excavator-models.webp\"><\/p>\n<h2>Informazioni sulla nostra azienda<\/h2>\n<p>Siamo produttori di cilindri idraulici di ricambio e uno dei principali produttori e distributori all'ingrosso sul mercato nazionale e internazionale. Con un'attenzione particolare all'eccellenza qualitativa, ci affidiamo a strategie di gestione della produzione industrializzata nei nostri raffinati laboratori di produzione. Grazie all'impiego di talenti tecnici, attrezzature di produzione all'avanguardia e sistemi di collaudo professionali, miglioriamo costantemente la nostra piattaforma produttiva e miglioriamo la linea di produzione per garantire la qualit\u00e0 del prodotto. Possediamo una forte capacit\u00e0 innovativa e miriamo a soddisfare le diverse esigenze dei clienti con elevata efficienza, precisione e qualit\u00e0.<\/p>\n<p><img decoding=\"async\" src=\"https:\/\/hzpt.com\/wp-content\/uploads\/2024\/11\/songte-company-1.webp\"><\/p>\n<p>Inoltre, ampliamo l'offerta della nostra azienda con professionalit\u00e0, certificazioni internazionali, servizi personalizzati, attrezzature di produzione e servizi post-vendita.<\/p>\n<p><img decoding=\"async\" src=\"https:\/\/www.hydraulic-cylinders.net\/wp-content\/uploads\/2025\/01\/songte-company-3.webp\"><\/p>\n<p>Autore: lyl<\/p>","protected":false},"excerpt":{"rendered":"<p>Bucket Cylinder For Bonny WY160AHD Introduction The bucket cylinder for Bonny WY160AHD is a specialized hydraulic cylinder designed for controlling the movement of buckets in heavy machinery such as excavators, backhoe loaders, and front-end loaders. Its main function is to enable the lifting, lowering, and tilting of the bucket, making it easier for various material [&hellip;]<\/p>","protected":false},"featured_media":14787,"comment_status":"open","ping_status":"closed","template":"","meta":{"_et_pb_use_builder":"","_et_pb_old_content":"","_et_gb_content_width":""},"product_brand":[],"product_cat":[1494],"product_tag":[1495,1496],"class_list":{"0":"post-15929","1":"product","2":"type-product","3":"status-publish","4":"has-post-thumbnail","6":"product_cat-bucket-cylinders","7":"product_tag-bucket-cylinders","8":"product_tag-hydraulic-cylinders","10":"first","11":"instock","12":"shipping-taxable","13":"product-type-simple"},"amp_enabled":true,"_links":{"self":[{"href":"https:\/\/www.hydraulic-cylinders.net\/it\/wp-json\/wp\/v2\/product\/15929","targetHints":{"allow":["GET"]}}],"collection":[{"href":"https:\/\/www.hydraulic-cylinders.net\/it\/wp-json\/wp\/v2\/product"}],"about":[{"href":"https:\/\/www.hydraulic-cylinders.net\/it\/wp-json\/wp\/v2\/types\/product"}],"replies":[{"embeddable":true,"href":"https:\/\/www.hydraulic-cylinders.net\/it\/wp-json\/wp\/v2\/comments?post=15929"}],"wp:featuredmedia":[{"embeddable":true,"href":"https:\/\/www.hydraulic-cylinders.net\/it\/wp-json\/wp\/v2\/media\/14787"}],"wp:attachment":[{"href":"https:\/\/www.hydraulic-cylinders.net\/it\/wp-json\/wp\/v2\/media?parent=15929"}],"wp:term":[{"taxonomy":"product_brand","embeddable":true,"href":"https:\/\/www.hydraulic-cylinders.net\/it\/wp-json\/wp\/v2\/product_brand?post=15929"},{"taxonomy":"product_cat","embeddable":true,"href":"https:\/\/www.hydraulic-cylinders.net\/it\/wp-json\/wp\/v2\/product_cat?post=15929"},{"taxonomy":"product_tag","embeddable":true,"href":"https:\/\/www.hydraulic-cylinders.net\/it\/wp-json\/wp\/v2\/product_tag?post=15929"}],"curies":[{"name":"parola chiave","href":"https:\/\/api.w.org\/{rel}","templated":true}]}}