{"id":15937,"date":"2025-01-19T15:11:26","date_gmt":"2025-01-19T15:11:26","guid":{"rendered":"https:\/\/www.hydraulic-cylinders.net\/product\/bucket-cylinder-for-bonny-ctd460-6\/"},"modified":"2025-01-19T15:11:28","modified_gmt":"2025-01-19T15:11:28","slug":"bucket-cylinder-for-bonny-ctd460-6","status":"publish","type":"product","link":"https:\/\/www.hydraulic-cylinders.net\/it\/prodotto\/bucket-cylinder-for-bonny-ctd460-6\/","title":{"rendered":"Cilindro della benna per Bonny CTD460-6"},"content":{"rendered":"<h1>Cilindro della benna per Bonny CTD460-6<\/h1>\n<h2>Introduzione<\/h2>\n<p>Un cilindro per benna \u00e8 un cilindro idraulico appositamente progettato, utilizzato principalmente per controllare il movimento delle benne in macchinari pesanti come escavatori, terne e pale caricatrici frontali. La sua funzione principale \u00e8 quella di consentire alla benna di sollevarsi, abbassarsi e inclinarsi, facilitando la movimentazione di vari materiali.<\/p>\n<p><img decoding=\"async\" src=\"https:\/\/www.hydraulic-cylinders.net\/wp-content\/uploads\/2025\/01\/songte-company-2.webp\"><\/p>\n<h3>Definizione e spiegazione<\/h3>\n<p>In un sistema idraulico, il cilindro della benna sfrutta le variazioni della pressione dell'olio idraulico per ottenere un controllo preciso della benna, consentendo agli operatori di gestire in modo efficiente carichi pesanti e di adattarsi ad ambienti di lavoro complessi e a diversi requisiti di lavoro.<\/p>\n<h2>Caratteristiche<\/h2>\n<ul>\n<li>\n<h3>Elevata resistenza e durata<\/h3>\n<\/li>\n<p>I cilindri delle benne sono generalmente realizzati in acciaio ad alta resistenza o alluminio e possono sopportare pressioni elevate e carichi pesanti, rendendoli adatti ad ambienti di lavoro difficili. Il design tiene conto della resistenza all'usura e alla corrosione, prolungandone la durata.<\/p>\n<li>\n<h3>Funzionamento idraulico efficiente<\/h3>\n<\/li>\n<p>I cilindri della benna sfruttano la pressione dell'olio idraulico per ottenere un'estensione e una contrazione fluide, fornendo elevate forze di spinta e trazione e rispondendo rapidamente ai comandi operativi. Sono adatti per la movimentazione di carichi pesanti e lavori complessi.<\/p>\n<li>\n<h3>Diversi tipi<\/h3>\n<\/li>\n<p>I cilindri della benna possono essere selezionati in base alle esigenze, tra cui cilindri a semplice effetto (idraulici utilizzati in una sola direzione) o a doppio effetto (idraulici utilizzati in due direzioni) per soddisfare diverse esigenze operative. Alcuni modelli sono telescopici, consentendo una maggiore estensione senza aumentare le dimensioni esterne, rendendoli adatti ad applicazioni con spazio limitato.<\/p>\n<li>\n<h3>Sostituzione perfetta<\/h3>\n<\/li>\n<p>I nostri prodotti possono sostituire perfettamente questi cilindri idraulici.<\/p>\n<\/ul>\n<p><img decoding=\"async\" src=\"https:\/\/www.hydraulic-cylinders.net\/wp-content\/uploads\/2025\/01\/songte-cylinder-head-with-all-kinds-excavator-models.webp\"><\/p>\n<h2>Applicazioni<\/h2>\n<ul>\n<li>\n<h3>Attrezzature per l'edilizia<\/h3>\n<\/li>\n<p>Negli escavatori, i cilindri delle benne sono essenziali per lo scavo, il carico e la movimentazione di terreno o detriti. Nelle terne, i cilindri delle benne aiutano sia nello scavo che nel sollevamento. I cilindri delle benne vengono utilizzati nelle pale caricatrici frontali per raccogliere, sollevare e trasportare terreno, fieno e altri materiali.<\/p>\n<li>\n<h3>Escavatori<\/h3>\n<\/li>\n<p>I cilindri della benna negli escavatori consentono alla benna di penetrare nel terreno per lo scavo.<\/p>\n<li>\n<h3>Caricatori<\/h3>\n<\/li>\n<p>I cilindri della benna nei caricatori frontali aiutano a sollevare e scaricare le merci in modo efficiente.<\/p>\n<\/ul>\n<h2>Considerazioni progettuali e criteri di selezione<\/h2>\n<p>I cilindri delle tazze sono soggetti a diverse considerazioni progettuali e criteri di selezione. Tra questi:<\/p>\n<ul>\n<li>\n<h3>Capacit\u00e0 portante<\/h3>\n<\/li>\n<p>La capacit\u00e0 portante \u00e8 un fattore importante nella progettazione di un cilindro a tazza. Un cilindro deve essere in grado di sopportare i carichi a cui andr\u00e0 incontro durante il funzionamento.<\/p>\n<li>\n<h3>Sigillatura<\/h3>\n<\/li>\n<p>Per impedire la fuoriuscita di fluido dal cilindro, vengono utilizzati vari componenti di tenuta, tra cui guarnizioni per pistone e stelo. Le guarnizioni sono generalmente realizzate in materiali resistenti all'usura come poliuretano e gomma nitrilica.<\/p>\n<li>\n<h3>Durata<\/h3>\n<\/li>\n<p>I cilindri delle benne devono essere sufficientemente resistenti da resistere alle difficili condizioni dell'ambiente operativo. Il corpo del cilindro e le superfici terminali filettate devono essere rifiniti per migliorarne la resistenza all'usura.<\/p>\n<li>\n<h3>Sicurezza<\/h3>\n<\/li>\n<p>La sicurezza \u00e8 una priorit\u00e0 assoluta quando si lavora con sistemi idraulici. Una corretta installazione e manutenzione possono contribuire a prevenire incidenti.<\/p>\n<li>\n<h3>Manutenzione<\/h3>\n<\/li>\n<p>Una corretta manutenzione \u00e8 essenziale per garantire la longevit\u00e0 e la sicurezza dei cilindri delle benne. Le attivit\u00e0 di manutenzione ordinaria includono l'ispezione e la sostituzione delle guarnizioni, il controllo di eventuali perdite e la taratura del cilindro.<\/p>\n<\/ul>\n<p><img decoding=\"async\" src=\"https:\/\/www.hydraulic-cylinders.net\/wp-content\/uploads\/2025\/01\/songte-oil-pipes-and-spare-parts.webp\"><\/p>\n<h2>Sigillatura e lubrificazione<\/h2>\n<p>I cilindri delle benne utilizzano una variet\u00e0 di componenti di tenuta, tra cui guarnizioni per pistone e stelo, per prevenire perdite di fluido. Le guarnizioni sono generalmente realizzate in materiali resistenti all'usura come poliuretano e gomma nitrilica. Il corpo del cilindro e le superfici terminali filettate sono rifinite per migliorare la resistenza all'usura. L'aggiunta regolare della giusta quantit\u00e0 di olio idraulico \u00e8 essenziale per mantenere i cilindri delle benne lubrificati e funzionanti senza intoppi.<\/p>\n<h2>Misure di ispezione e manutenzione preventiva<\/h2>\n<p>Ispezioni di routine e interventi di manutenzione preventiva possono contribuire a garantire il funzionamento efficiente e sicuro dei cilindri delle benne. Le attivit\u00e0 di manutenzione includono:<\/p>\n<ul>\n<li>\n<h3>Installazione corretta<\/h3>\n<\/li>\n<p>Una corretta installazione \u00e8 fondamentale per garantire il funzionamento sicuro ed efficiente dei cilindri delle benne. Il corretto allineamento del cilindro, l'utilizzo di staffe di installazione idonee per fissarlo e il rispetto delle procedure di ispezione, riparazione e sostituzione consigliate possono aumentarne la longevit\u00e0.<\/p>\n<li>\n<h3>Lubrificazione<\/h3>\n<\/li>\n<p>Una lubrificazione regolare \u00e8 essenziale per il corretto funzionamento dei cilindri della benna. L'aggiunta della giusta quantit\u00e0 di olio idraulico agli intervalli consigliati aiuta a mantenere le guarnizioni lubrificate e riduce l'attrito.<\/p>\n<li>\n<h3>Sostituzione della guarnizione e controllo della calibrazione<\/h3>\n<\/li>\n<p>L'ispezione e la sostituzione regolari delle guarnizioni usurate possono contribuire a prevenire perdite di fluido. I controlli di taratura garantiscono che le prestazioni del cilindro siano conformi agli standard specificati.<\/p>\n<\/ul>\n<p><img decoding=\"async\" src=\"https:\/\/www.hydraulic-cylinders.net\/wp-content\/uploads\/2025\/01\/songte-chushion-collar.webp\"><\/p>\n<h2>Considerazioni sulla sicurezza e fattori ambientali<\/h2>\n<p>I cilindri delle benne operano ad alta pressione, pertanto \u00e8 essenziale adottare misure di sicurezza adeguate. I lavoratori devono indossare adeguati dispositivi di protezione individuale e seguire le linee guida di sicurezza raccomandate quando lavorano con sistemi idraulici. Le preoccupazioni ambientali includono il corretto smaltimento del fluido idraulico e di altri materiali pericolosi.<\/p>\n<h2>Risoluzione dei problemi e problemi comuni<\/h2>\n<p>I problemi pi\u00f9 comuni dei cilindri della benna includono perdite di fluido, funzionamento insufficiente e disallineamento. I suggerimenti per la risoluzione dei problemi includono il controllo di eventuali perdite, l'usura delle guarnizioni e il corretto allineamento. Le misure preventive includono un'installazione corretta, ispezioni e manutenzione regolari.<\/p>\n<p><img decoding=\"async\" src=\"https:\/\/www.hydraulic-cylinders.net\/wp-content\/uploads\/2025\/01\/songte-bushings-with-all-kinds-of-excavator-models.webp\"><\/p>\n<h2>Informazioni sulla nostra azienda<\/h2>\n<p>Siamo produttori di ricambi per cilindri idraulici con una gamma completa di prodotti e siamo diventati uno dei principali produttori e distributori all'ingrosso di cilindri idraulici sul mercato nazionale e internazionale. Seguiamo il principio dell'eccellente qualit\u00e0 e ci affidiamo a strategie di gestione della produzione industrializzata in officine di produzione raffinate. Miglioriamo costantemente le nostre piattaforme di produzione attraverso l'impiego di talenti tecnologici, apparecchiature di produzione digitali all'avanguardia e sistemi di collaudo professionali, che ci consentono di realizzare prodotti di alta qualit\u00e0 con elevata efficienza, elevata precisione e alta qualit\u00e0 per soddisfare le diverse esigenze dei clienti.<\/p>\n<ul>\n<li>\n<h3>Professionalit\u00e0<\/h3>\n<\/li>\n<p>Disponiamo di un team di professionisti esperti, impegnati a fornire le migliori soluzioni alle esigenze dei nostri clienti.<\/p>\n<li>\n<h3>Certificazione internazionale<\/h3>\n<\/li>\n<p>I nostri prodotti sono certificati per soddisfare gli standard internazionali di qualit\u00e0 e sicurezza.<\/p>\n<li>\n<h3>Servizi di personalizzazione<\/h3>\n<\/li>\n<p>Forniamo soluzioni personalizzate per cilindri idraulici, studiate su misura per le esigenze specifiche dei nostri clienti.<\/p>\n<li>\n<h3>Attrezzature di produzione<\/h3>\n<\/li>\n<p>Utilizziamo macchinari di produzione all'avanguardia per realizzare cilindri idraulici di alta qualit\u00e0.<\/p>\n<li>\n<h3>Servizi post-vendita<\/h3>\n<\/li>\n<p>Forniamo supporto post-vendita a tutti i nostri clienti durante l'intero ciclo di vita dei nostri prodotti.<\/p>\n<\/ul>\n<p><img decoding=\"async\" src=\"https:\/\/hzpt.com\/wp-content\/uploads\/2024\/11\/songte-company-1.webp\"><\/p>\n<p>Autore: lyl<\/p>","protected":false},"excerpt":{"rendered":"<p>Bucket Cylinder For Bonny CTD460-6 Introduction A bucket cylinder is a specially designed hydraulic cylinder used primarily to control the movement of buckets in heavy machinery such as excavators, backhoes, and front loaders. Its main function is to enable the bucket to lift, lower, and tilt, making it easier to handle various materials. Definition and [&hellip;]<\/p>","protected":false},"featured_media":14771,"comment_status":"open","ping_status":"closed","template":"","meta":{"_et_pb_use_builder":"","_et_pb_old_content":"","_et_gb_content_width":""},"product_brand":[],"product_cat":[1494],"product_tag":[1495,1496],"class_list":{"0":"post-15937","1":"product","2":"type-product","3":"status-publish","4":"has-post-thumbnail","6":"product_cat-bucket-cylinders","7":"product_tag-bucket-cylinders","8":"product_tag-hydraulic-cylinders","10":"first","11":"instock","12":"shipping-taxable","13":"product-type-simple"},"amp_enabled":true,"_links":{"self":[{"href":"https:\/\/www.hydraulic-cylinders.net\/it\/wp-json\/wp\/v2\/product\/15937","targetHints":{"allow":["GET"]}}],"collection":[{"href":"https:\/\/www.hydraulic-cylinders.net\/it\/wp-json\/wp\/v2\/product"}],"about":[{"href":"https:\/\/www.hydraulic-cylinders.net\/it\/wp-json\/wp\/v2\/types\/product"}],"replies":[{"embeddable":true,"href":"https:\/\/www.hydraulic-cylinders.net\/it\/wp-json\/wp\/v2\/comments?post=15937"}],"wp:featuredmedia":[{"embeddable":true,"href":"https:\/\/www.hydraulic-cylinders.net\/it\/wp-json\/wp\/v2\/media\/14771"}],"wp:attachment":[{"href":"https:\/\/www.hydraulic-cylinders.net\/it\/wp-json\/wp\/v2\/media?parent=15937"}],"wp:term":[{"taxonomy":"product_brand","embeddable":true,"href":"https:\/\/www.hydraulic-cylinders.net\/it\/wp-json\/wp\/v2\/product_brand?post=15937"},{"taxonomy":"product_cat","embeddable":true,"href":"https:\/\/www.hydraulic-cylinders.net\/it\/wp-json\/wp\/v2\/product_cat?post=15937"},{"taxonomy":"product_tag","embeddable":true,"href":"https:\/\/www.hydraulic-cylinders.net\/it\/wp-json\/wp\/v2\/product_tag?post=15937"}],"curies":[{"name":"parola chiave","href":"https:\/\/api.w.org\/{rel}","templated":true}]}}