{"id":1629,"date":"2023-10-08T08:53:04","date_gmt":"2023-10-08T08:53:04","guid":{"rendered":"https:\/\/hydraulic-cylinders.net\/?post_type=product&#038;p=1629"},"modified":"2025-04-11T03:46:29","modified_gmt":"2025-04-11T03:46:29","slug":"press-mobile-workbench-cylinder","status":"publish","type":"product","link":"https:\/\/www.hydraulic-cylinders.net\/it\/prodotto\/press-mobile-workbench-cylinder\/","title":{"rendered":"Cilindro da banco mobile per presse"},"content":{"rendered":"<h1 style=\"text-align: center;\"><strong>Cilindro da banco mobile per presse<\/strong><\/h1>\n<p><img loading=\"lazy\" decoding=\"async\" class=\"aligncenter wp-image-1630\" src=\"https:\/\/hydraulic-cylinders.net\/wp-content\/uploads\/2023\/10\/mobile-workbench-cylinder-300x300.webp\" alt=\"\" width=\"400\" height=\"400\" \/><\/p>\n<p>Il cilindro per banco da lavoro mobile \u00e8 un prodotto rivoluzionario, progettato per ottimizzare l'efficienza e la versatilit\u00e0 nelle configurazioni dei banchi da lavoro in diversi settori. Grazie alle sue caratteristiche avanzate e alle prestazioni affidabili, questo cilindro offre maggiore mobilit\u00e0, stabilit\u00e0 e facilit\u00e0 d'uso.<\/p>\n<p>Il cilindro per banco da lavoro mobile Press \u00e8 un'aggiunta rivoluzionaria a qualsiasi configurazione di banco da lavoro, offrendo maggiore mobilit\u00e0, stabilit\u00e0 e versatilit\u00e0. Grazie al suo movimento fluido, alla regolazione dell'altezza e all'affidabile meccanismo di bloccaggio, questo cilindro consente di creare uno spazio di lavoro dinamico ed efficiente. Seguendo i metodi di utilizzo e le pratiche di manutenzione consigliate, \u00e8 possibile massimizzare le prestazioni, la longevit\u00e0 e la sicurezza del banco da lavoro. Scegli il cilindro per banco da lavoro mobile Press per aumentare la produttivit\u00e0, il comfort e la praticit\u00e0 nell'ambiente di lavoro.<\/p>\n<p>Caratteristiche della chiave del cilindro del banco da lavoro mobile:<\/p>\n<ol>\n<li>Mobilit\u00e0 migliorata:<\/li>\n<\/ol>\n<ul>\n<li>Il cilindro del banco di lavoro mobile della pressa \u00e8 dotato di un meccanismo mobile robusto e affidabile che consente di spostare il banco di lavoro senza sforzo.<\/li>\n<li>Grazie alle sue rotelle scorrevoli e alla struttura robusta, questo cilindro consente di spostare facilmente il banco da lavoro, eliminando la necessit\u00e0 di sollevarlo o smontarlo manualmente.<\/li>\n<\/ul>\n<ol start=\"2\">\n<li>Regolazione dell'altezza:<\/li>\n<\/ol>\n<ul>\n<li>Questo cilindro offre una comoda regolazione dell'altezza, consentendo di personalizzare l'altezza del banco da lavoro in base alle proprie esigenze specifiche.<\/li>\n<li>Che si necessiti di una comoda posizione in piedi o di un'altezza inferiore per compiti complessi, il Press Mobile Workbench Cylinder offre flessibilit\u00e0 e adattabilit\u00e0.<\/li>\n<\/ul>\n<ol start=\"3\">\n<li>Stabilit\u00e0 e meccanismo di bloccaggio:<\/li>\n<\/ol>\n<ul>\n<li>Il cilindro \u00e8 dotato di un meccanismo di bloccaggio sicuro che garantisce stabilit\u00e0 e sicurezza durante l'uso sul banco da lavoro.<\/li>\n<li>Una volta raggiunta la posizione desiderata, \u00e8 sufficiente azionare il meccanismo di bloccaggio per fissare il banco da lavoro in posizione, ottenendo una postazione di lavoro stabile e stabile.<\/li>\n<\/ul>\n<ol start=\"4\">\n<li>Costruzione durevole:<\/li>\n<\/ol>\n<ul>\n<li>Il cilindro del banco da lavoro mobile \u00e8 costruito con materiali di alta qualit\u00e0 per resistere a carichi pesanti e a un uso regolare.<\/li>\n<li>La sua struttura robusta garantisce longevit\u00e0 e affidabilit\u00e0, rendendolo un investimento eccellente per il tuo spazio di lavoro.<\/li>\n<\/ul>\n<h2><strong>Parametro del cilindro del banco da lavoro mobile:<\/strong><\/h2>\n<table border=\"1\" cellspacing=\"0\" cellpadding=\"0\">\n<tbody>\n<tr>\n<td>Nome del prodotto<\/td>\n<td>Cilindro mobile per pressa idraulica<\/td>\n<\/tr>\n<tr>\n<td>Caratteristiche:<\/td>\n<td>Guidare il banco da lavoro per spostarlo<\/td>\n<\/tr>\n<tr>\n<td>Diametro del foro:<\/td>\n<td>125 mm\uff5e320 mm<\/td>\n<\/tr>\n<tr>\n<td>Diametro dell'asta:<\/td>\n<td>90mm\uff5e220mm<br \/>\nCorsa \u22647500mm<\/td>\n<\/tr>\n<tr>\n<td>Forza di spinta:<\/td>\n<td>Massimo 2533KN<br \/>\n(Diametro cilindro 320 mm\/pressione 31,5 MPa)<\/td>\n<\/tr>\n<tr>\n<td>Applicazioni del cilindro del banco da lavoro mobile:<\/td>\n<td>Pressa idraulica<\/td>\n<\/tr>\n<\/tbody>\n<\/table>\n<div class=\"txtboxL\">\n<div class=\"txtboxL\">\n<div class=\"txtboxL\">\n<div class=\"txtboxL\">Caratteristiche:<\/div>\n<div class=\"txtboxR\">Guidare il banco da lavoro per spostarlo<\/div>\n<div class=\"txtboxL\">Specifiche:<\/div>\n<div class=\"txtboxR\">Diametro del foro: 125 mm\uff5e320 mm<br \/>\nDiametro dell'asta: 90 mm\uff5e220 mm<br \/>\nCorsa \u22647500mm<\/div>\n<div class=\"txtboxL\">Forza di spinta:<\/div>\n<div class=\"txtboxR\">Massimo 2533KN<br \/>\n(Diametro cilindro 320 mm\/pressione 31,5 MPa)<\/div>\n<\/div>\n<\/div>\n<\/div>\n<h2><strong>Fabbrica di cilindri per presse:<\/strong><\/h2>\n<p><img loading=\"lazy\" decoding=\"async\" class=\"alignnone wp-image-1619 size-full\" src=\"https:\/\/hydraulic-cylinders.net\/wp-content\/uploads\/2023\/10\/press-cylinder.webp\" alt=\"\" width=\"1418\" height=\"946\" srcset=\"https:\/\/hydraulic-cylinders.net\/wp-content\/uploads\/2023\/10\/press-cylinder.webp 1418w, https:\/\/hydraulic-cylinders.net\/wp-content\/uploads\/2023\/10\/press-cylinder-1280x854.webp 1280w, https:\/\/hydraulic-cylinders.net\/wp-content\/uploads\/2023\/10\/press-cylinder-980x654.webp 980w, https:\/\/hydraulic-cylinders.net\/wp-content\/uploads\/2023\/10\/press-cylinder-480x320.webp 480w\" sizes=\"(min-width: 0px) and (max-width: 480px) 480px, (min-width: 481px) and (max-width: 980px) 980px, (min-width: 981px) and (max-width: 1280px) 1280px, (min-width: 1281px) 1418px, 100vw\" \/><\/p>\n<h2><strong>Metodo di utilizzo del cilindro del banco da lavoro mobile della pressa<\/strong><strong>:<\/strong><\/h2>\n<ol>\n<li><strong>Montaggio e installazione:<\/strong><\/li>\n<\/ol>\n<ul>\n<li>Iniziare assemblando il cilindro del banco da lavoro mobile della pressa seguendo le istruzioni fornite o le linee guida del produttore.<\/li>\n<li>Assicurarsi che tutti i componenti siano fissati saldamente e che i collegamenti siano serrati per garantire stabilit\u00e0 e sicurezza.<\/li>\n<\/ul>\n<ol start=\"2\">\n<li><strong>Regolazione dell'altezza:<\/strong><\/li>\n<\/ol>\n<ul>\n<li>Individuare il meccanismo di regolazione dell'altezza sul cilindro per regolare l'altezza del banco da lavoro.<\/li>\n<li>Seguire le istruzioni per sollevare o abbassare il banco da lavoro nella posizione desiderata, garantendo comfort ed ergonomia ottimali.<\/li>\n<\/ul>\n<ol start=\"3\">\n<li><strong>Mobilit\u00e0 e posizionamento:<\/strong><\/li>\n<\/ol>\n<ul>\n<li>Quando \u00e8 necessario spostare il banco da lavoro, assicurarsi che il meccanismo di bloccaggio sia disinserito.<\/li>\n<li>Spingere delicatamente il banco da lavoro nella posizione desiderata, sfruttando le rotelle scorrevoli.<\/li>\n<li>Una volta in posizione, attivare il meccanismo di bloccaggio per fissare il banco da lavoro ed evitare movimenti involontari.<\/li>\n<\/ul>\n<h2><strong>Come eliminare l'aria da un sistema idraulico?<\/strong><\/h2>\n<p>La rimozione dell'aria da un sistema idraulico, nota anche come spurgo o spurgo del sistema, \u00e8 essenziale per mantenerne il corretto funzionamento e prevenire problemi come freni spugnosi o prestazioni ridotte. Ecco una guida passo passo su come eliminare l'aria da un sistema idraulico:<\/p>\n<ol>\n<li><strong>Identificare i punti di ingresso dell'aria:<\/strong>\n<ul>\n<li>Determinare i potenziali punti di ingresso da cui potrebbe essere entrata aria nel sistema idraulico. I punti di ingresso pi\u00f9 comuni includono raccordi allentati, guarnizioni danneggiate o componenti sostituiti di recente.<\/li>\n<\/ul>\n<\/li>\n<li><strong>Raccogliere gli strumenti e i materiali necessari:<\/strong>\n<ul>\n<li>Prima di iniziare il processo di spurgo, procuratevi gli strumenti e i materiali necessari, tra cui una chiave inglese o un set di bussole, un contenitore per raccogliere il fluido, fluido idraulico fresco e guanti protettivi.<\/li>\n<\/ul>\n<\/li>\n<li><strong>Individuare la valvola di spurgo:<\/strong>\n<ul>\n<li>Individuare la\/le valvola\/e di spurgo dell'impianto idraulico. La valvola di spurgo si trova solitamente vicino al componente che deve essere spurgato, come la pinza del freno, il cilindro della frizione o il cilindro idraulico.<\/li>\n<\/ul>\n<\/li>\n<li><strong>Fasi preparatorie:<\/strong>\n<ul>\n<li>Assicurarsi che il serbatoio del fluido idraulico sia riempito fino al livello corretto. Questo eviter\u00e0 l'introduzione di ulteriore aria nel sistema durante lo spurgo.<\/li>\n<li>Se necessario, consultare il manuale dell'apparecchiatura o le istruzioni del produttore per linee guida specifiche sul tipo di fluido e sulla procedura di spurgo consigliata.<\/li>\n<\/ul>\n<\/li>\n<li><strong>Aprire la valvola di spurgo:<\/strong>\n<ul>\n<li>Utilizzando una chiave inglese o una bussola idonea, allentare con cautela la valvola di spurgo del componente di spurgo. Assicurarsi che la valvola sia sufficientemente abbassata da consentire la fuoriuscita dell'aria e del fluido intrappolati.<\/li>\n<\/ul>\n<\/li>\n<li><strong>Procedura di sanguinamento:<\/strong>\n<ul>\n<li>Con la valvola di spurgo aperta, chiedere a un assistente di applicare lentamente pressione al sistema idraulico attivando il comando corrispondente (ad esempio, premendo il pedale del freno o azionando la leva idraulica).<\/li>\n<li>Con l'aumentare della pressione, le bolle d'aria intrappolate nel sistema dovrebbero iniziare a fuoriuscire attraverso la valvola di spurgo aperta. Lasciare fluire il fluido finch\u00e9 tutte le bolle d'aria visibili non saranno eliminate e si osserver\u00e0 un flusso costante di fluido.<\/li>\n<\/ul>\n<\/li>\n<li><strong>Chiudere la valvola di spurgo:<\/strong>\n<ul>\n<li>Una volta eliminate le bolle d'aria e lasciato uscire solo fluido dalla valvola di spurgo, chiudere bene la valvola per evitare che altra aria entri nel sistema.<\/li>\n<li>Assicurarsi che la valvola sia ben chiusa, ma evitare di stringerla eccessivamente, poich\u00e9 ci\u00f2 potrebbe danneggiare la valvola o la sua sede.<\/li>\n<\/ul>\n<\/li>\n<li><strong>Ripeti il \u200b\u200bprocesso:<\/strong>\n<ul>\n<li>Se necessario, ripetere il processo di spurgo per ogni componente del sistema idraulico, iniziando da quello pi\u00f9 vicino al serbatoio del fluido idraulico e procedendo verso il componente pi\u00f9 lontano.<\/li>\n<\/ul>\n<\/li>\n<li><strong>Controllare il livello del fluido:<\/strong>\n<ul>\n<li>Dopo aver completato lo spurgo, controllare il livello del fluido idraulico nel serbatoio e rabboccarlo se necessario. Assicurarsi che il livello del fluido sia entro l'intervallo raccomandato.<\/li>\n<\/ul>\n<\/li>\n<li><strong>Funzionalit\u00e0 del sistema di test:<\/strong>\n<ul>\n<li>Una volta completato il processo di spurgo e sigillato correttamente il sistema, testare la funzionalit\u00e0 del sistema idraulico per garantire un funzionamento regolare e prestazioni ottimali.<\/li>\n<\/ul>\n<\/li>\n<\/ol>\n<h2><strong>Capacit\u00e0 e capacit\u00e0 della fabbrica:<\/strong><\/h2>\n<h3>(1) Montaggio<\/h3>\n<p>Disponiamo di una piattaforma di assemblaggio indipendente di ricerca e sviluppo di prima classe. L'officina di produzione di cilindri idraulici dispone di quattro linee di assemblaggio semiautomatiche per cilindri di sollevamento e una linea di assemblaggio automatica per cilindri di inclinazione, con una capacit\u00e0 produttiva annua progettata di 1 milione di pezzi. L'officina per cilindri speciali \u00e8 dotata di un sistema di assemblaggio semiautomatico per la pulizia con diverse specifiche, con una capacit\u00e0 produttiva annua progettata di 200.000 pezzi e dotata di rinomate macchine per lavorazioni meccaniche CNC, un centro di lavoro, attrezzature speciali per la lavorazione di cilindri ad alta precisione, una macchina per saldatura robotizzata, una macchina per la pulizia automatica, una macchina per l'assemblaggio automatico dei cilindri e una linea di produzione per la verniciatura automatica. Sono disponibili oltre 300 set di attrezzature critiche. L'allocazione ottimale e l'uso efficiente delle risorse delle attrezzature garantiscono i requisiti di precisione dei prodotti e ne soddisfano le elevate esigenze di qualit\u00e0.<\/p>\n<p><img loading=\"lazy\" decoding=\"async\" class=\"alignnone wp-image-626\" src=\"https:\/\/hydraulic-cylinders.net\/wp-content\/uploads\/2023\/08\/hydraulic-cylinder-product-1-300x158.webp\" alt=\"\" width=\"495\" height=\"260\" srcset=\"https:\/\/hydraulic-cylinders.net\/wp-content\/uploads\/2023\/08\/hydraulic-cylinder-product-1-300x158.webp 495w, https:\/\/hydraulic-cylinders.net\/wp-content\/uploads\/2023\/08\/hydraulic-cylinder-product-1-480x252.webp 480w\" sizes=\"(min-width: 0px) and (max-width: 480px) 480px, (min-width: 481px) 495px, 100vw\" \/> <img loading=\"lazy\" decoding=\"async\" class=\"alignnone wp-image-627\" src=\"https:\/\/hydraulic-cylinders.net\/wp-content\/uploads\/2023\/08\/hydraulic-cylinder-product-2-300x189.webp\" alt=\"\" width=\"413\" height=\"260\" \/><\/p>\n<h3>(2) Lavorazione<\/h3>\n<p>L'officina di lavorazione \u00e8 dotata di un centro di tornitura su rotaia inclinata personalizzato, di un centro di lavorazione, di una levigatrice ad alta velocit\u00e0, di un robot di saldatura e di altre attrezzature correlate, in grado di gestire la lavorazione di tubi cilindrici con un diametro interno massimo di 400 mm e una lunghezza massima di 6 metri.<\/p>\n<p><img loading=\"lazy\" decoding=\"async\" class=\"alignnone wp-image-628 size-large\" src=\"https:\/\/hydraulic-cylinders.net\/wp-content\/uploads\/2023\/08\/hydraulic-cylinder-product-3-1024x391.webp\" alt=\"\" width=\"1024\" height=\"391\" srcset=\"https:\/\/hydraulic-cylinders.net\/wp-content\/uploads\/2023\/08\/hydraulic-cylinder-product-3-980x374.webp 980w, https:\/\/hydraulic-cylinders.net\/wp-content\/uploads\/2023\/08\/hydraulic-cylinder-product-3-480x183.webp 480w\" sizes=\"(min-width: 0px) and (max-width: 480px) 480px, (min-width: 481px) and (max-width: 980px) 980px, (min-width: 981px) 1024px, 100vw\" \/><\/p>\n<h3>(3) Saldatura<\/h3>\n<p><img loading=\"lazy\" decoding=\"async\" class=\"alignnone wp-image-629 size-large\" src=\"https:\/\/hydraulic-cylinders.net\/wp-content\/uploads\/2023\/08\/hydraulic-cylinder-product-4-1024x510.webp\" alt=\"\" width=\"1024\" height=\"510\" srcset=\"https:\/\/hydraulic-cylinders.net\/wp-content\/uploads\/2023\/08\/hydraulic-cylinder-product-4-980x488.webp 980w, https:\/\/hydraulic-cylinders.net\/wp-content\/uploads\/2023\/08\/hydraulic-cylinder-product-4-480x239.webp 480w\" sizes=\"(min-width: 0px) and (max-width: 480px) 480px, (min-width: 481px) and (max-width: 980px) 980px, (min-width: 981px) 1024px, 100vw\" \/><\/p>\n<h3>(4) Verniciatura e rivestimento<\/h3>\n<p>Con linee automatiche di verniciatura a base d'acqua a cilindro di piccole e medie dimensioni, per realizzare il carico e lo scarico automatico con robot e la spruzzatura automatica, la capacit\u00e0 di progettazione \u00e8 di 4000 pezzi per turno;<br \/>\nDisponiamo anche di una linea di produzione semiautomatica di vernici per cilindri di grandi dimensioni alimentata da una catena di potenza, con una capacit\u00e0 di progettazione di 60 casse per turno.<\/p>\n<p><img loading=\"lazy\" decoding=\"async\" class=\"alignnone wp-image-630\" src=\"https:\/\/hydraulic-cylinders.net\/wp-content\/uploads\/2023\/08\/hydraulic-cylinder-product-5-300x213.webp\" alt=\"\" width=\"366\" height=\"260\" \/> <img loading=\"lazy\" decoding=\"async\" class=\"alignnone wp-image-631\" src=\"https:\/\/hydraulic-cylinders.net\/wp-content\/uploads\/2023\/08\/hydraulic-cylinder-product-6-300x225.webp\" alt=\"\" width=\"347\" height=\"260\" \/><\/p>\n<h3>(5) Test<\/h3>\n<p>Disponiamo di strutture di ispezione e banchi di prova di prim'ordine per garantire che le prestazioni del cilindro siano conformi ai requisiti.<\/p>\n<p><img loading=\"lazy\" decoding=\"async\" class=\"alignnone wp-image-632\" src=\"https:\/\/hydraulic-cylinders.net\/wp-content\/uploads\/2023\/08\/hydraulic-cylinder-product-8-300x200.webp\" alt=\"\" width=\"389\" height=\"260\" \/><\/p>\n<p>&nbsp;<\/p>\n<p>&nbsp;<\/p>\n<p>Siamo uno dei migliori produttori di cilindri idraulici. Offriamo una gamma completa di cilindri idraulici. Forniamo anche i relativi componenti. <a href=\"https:\/\/hzpt.com\/agricultural-pto-gearbox\/\" target=\"_blank\" rel=\"noopener\">riduttori agricoli<\/a>Abbiamo esportato i nostri prodotti a clienti in tutto il mondo e ci siamo guadagnati un'ottima reputazione grazie alla qualit\u00e0 superiore dei nostri prodotti e al servizio post-vendita. Invitiamo i clienti nazionali e internazionali a contattarci per negoziare affari, scambiare informazioni e <a href=\"https:\/\/www.hydraulic-cylinders.net\/it\/contact-us\/\">collaborare con noi<\/a>!<\/p>","protected":false},"excerpt":{"rendered":"<p>Press Mobile Workbench Cylinder The press mobile workbench cylinder is a revolutionary product designed to optimize efficiency and versatility in workbench setups across various industries. With its advanced features and reliable performance, this cylinder offers enhanced mobility, stability, and ease of use. The press mobile workbench cylinder is a game-changing addition to any workbench setup, [&hellip;]<\/p>","protected":false},"featured_media":1631,"comment_status":"open","ping_status":"closed","template":"","meta":{"_et_pb_use_builder":"","_et_pb_old_content":"","_et_gb_content_width":""},"product_brand":[],"product_cat":[1550,1522,1376],"product_tag":[1380],"class_list":{"0":"post-1629","1":"product","2":"type-product","3":"status-publish","4":"has-post-thumbnail","6":"product_cat-double-acting-hydraulic-cylinder","7":"product_cat-press-hydraulic-cylinders","8":"product_cat-hydraulic-cylinder","9":"product_tag-hydraulic-cylinder","11":"first","12":"instock","13":"shipping-taxable","14":"product-type-simple"},"amp_enabled":true,"_links":{"self":[{"href":"https:\/\/www.hydraulic-cylinders.net\/it\/wp-json\/wp\/v2\/product\/1629","targetHints":{"allow":["GET"]}}],"collection":[{"href":"https:\/\/www.hydraulic-cylinders.net\/it\/wp-json\/wp\/v2\/product"}],"about":[{"href":"https:\/\/www.hydraulic-cylinders.net\/it\/wp-json\/wp\/v2\/types\/product"}],"replies":[{"embeddable":true,"href":"https:\/\/www.hydraulic-cylinders.net\/it\/wp-json\/wp\/v2\/comments?post=1629"}],"wp:featuredmedia":[{"embeddable":true,"href":"https:\/\/www.hydraulic-cylinders.net\/it\/wp-json\/wp\/v2\/media\/1631"}],"wp:attachment":[{"href":"https:\/\/www.hydraulic-cylinders.net\/it\/wp-json\/wp\/v2\/media?parent=1629"}],"wp:term":[{"taxonomy":"product_brand","embeddable":true,"href":"https:\/\/www.hydraulic-cylinders.net\/it\/wp-json\/wp\/v2\/product_brand?post=1629"},{"taxonomy":"product_cat","embeddable":true,"href":"https:\/\/www.hydraulic-cylinders.net\/it\/wp-json\/wp\/v2\/product_cat?post=1629"},{"taxonomy":"product_tag","embeddable":true,"href":"https:\/\/www.hydraulic-cylinders.net\/it\/wp-json\/wp\/v2\/product_tag?post=1629"}],"curies":[{"name":"parola chiave","href":"https:\/\/api.w.org\/{rel}","templated":true}]}}