{"id":1644,"date":"2023-10-10T06:05:51","date_gmt":"2023-10-10T06:05:51","guid":{"rendered":"https:\/\/hydraulic-cylinders.net\/?post_type=product&#038;p=1644"},"modified":"2025-04-11T02:55:30","modified_gmt":"2025-04-11T02:55:30","slug":"press-clamping-cylinder","status":"publish","type":"product","link":"https:\/\/www.hydraulic-cylinders.net\/it\/prodotto\/press-clamping-cylinder\/","title":{"rendered":"Cilindro di serraggio della pressa"},"content":{"rendered":"<h1 style=\"text-align: center;\"><strong>Cilindro di serraggio della pressa<\/strong><\/h1>\n<p><img loading=\"lazy\" decoding=\"async\" class=\"aligncenter wp-image-1645\" src=\"https:\/\/hydraulic-cylinders.net\/wp-content\/uploads\/2023\/10\/clamping-cylinder-1-1-300x300.webp\" alt=\"\" width=\"400\" height=\"400\" \/><\/p>\n<p>Il cilindro di serraggio a pressa \u00e8 un prodotto all'avanguardia che offre prestazioni e affidabilit\u00e0 eccezionali in diverse applicazioni industriali. Grazie alle sue caratteristiche avanzate e al design robusto, questo cilindro offre una forza di serraggio migliorata, un controllo preciso e una maggiore produttivit\u00e0.<\/p>\n<p>Il cilindro di serraggio a pressa rappresenta una svolta nelle applicazioni industriali, offrendo elevata forza di serraggio, controllo preciso e rapidit\u00e0 di funzionamento. Grazie alle sue versatili opzioni di montaggio e alle prestazioni affidabili, questo cilindro migliora la produttivit\u00e0, l'efficienza e la precisione in vari processi industriali. Seguendo i metodi di utilizzo e le pratiche di manutenzione consigliate, \u00e8 possibile massimizzare la longevit\u00e0, l'affidabilit\u00e0 e la sicurezza del cilindro di serraggio a pressa nella propria configurazione industriale. Scegliete questo cilindro per sfruttare appieno il potenziale dei vostri processi industriali e ottenere rapidamente risultati superiori.<\/p>\n<p>Caratteristiche principali del cilindro di serraggio della pressa:<\/p>\n<ol>\n<li>Elevata forza di serraggio:<\/li>\n<\/ol>\n<ul>\n<li>Il cilindro di serraggio della pressa vanta una potente forza di serraggio, che gli consente di tenere saldamente in posizione i pezzi durante i processi di lavorazione, saldatura o assemblaggio.<\/li>\n<li>Grazie alla sua struttura robusta e al design ottimizzato, questo cilindro garantisce una forza di serraggio affidabile e costante, garantendo stabilit\u00e0 e precisione.<\/li>\n<\/ul>\n<ol start=\"2\">\n<li>Controllo preciso:<\/li>\n<\/ol>\n<ul>\n<li>Questo cilindro \u00e8 dotato di precisi meccanismi di controllo che consentono agli operatori di regolare con precisione la forza di serraggio.<\/li>\n<li>La possibilit\u00e0 di regolare con precisione la forza di serraggio garantisce una presa ottimale senza danneggiare i pezzi delicati, con conseguente qualit\u00e0 superiore e riduzione delle rilavorazioni.<\/li>\n<\/ul>\n<ol start=\"3\">\n<li>Operazione rapida:<\/li>\n<\/ol>\n<ul>\n<li>Il cilindro di serraggio della pressa \u00e8 progettato per operazioni di serraggio e rilascio rapide, riducendo al minimo i tempi di fermo e massimizzando la produttivit\u00e0.<\/li>\n<li>Il suo design efficiente e l'azionamento ad alta velocit\u00e0 consentono rapidi cambi di pezzo, riducendo i tempi di ciclo e migliorando l'efficienza complessiva.<\/li>\n<\/ul>\n<ol start=\"4\">\n<li>Opzioni di montaggio versatili:<\/li>\n<\/ol>\n<ul>\n<li>Questo cilindro offre opzioni di montaggio versatili, tra cui flangia, piede o supporti per corpo filettati, garantendo la flessibilit\u00e0 necessaria per integrarsi perfettamente in diverse configurazioni industriali.<\/li>\n<li>La variet\u00e0 di opzioni di montaggio consente una facile installazione e integrazione con macchinari esistenti o postazioni di lavoro personalizzate.<\/li>\n<\/ul>\n<h2><strong>Parametro del cilindro di serraggio della pressa:<\/strong><\/h2>\n<table border=\"1\" cellspacing=\"0\" cellpadding=\"0\">\n<tbody>\n<tr>\n<td>Nome del prodotto<\/td>\n<td>Cilindro di serraggio della pressa idraulica<\/td>\n<\/tr>\n<tr>\n<td>Caratteristiche:<\/td>\n<td>Stringere la testa del morsetto che tiene il lingotto o la billetta di acciaio<\/td>\n<\/tr>\n<tr>\n<td>Diametro del foro:<\/td>\n<td>125 mm\uff5e700 mm<\/td>\n<\/tr>\n<tr>\n<td>Diametro dell'asta:<\/td>\n<td>80mm\uff5e520mm<br \/>\nCorsa \u22641200mm<\/td>\n<\/tr>\n<tr>\n<td>Forza di spinta:<\/td>\n<td>Massimo 9621KN<br \/>\n(Diametro cilindro 700mm\/pressione 25MPa)<\/td>\n<\/tr>\n<tr>\n<td>\u00a0Applicazioni del cilindro di serraggio:<\/td>\n<td>Pressa idraulica<\/td>\n<\/tr>\n<\/tbody>\n<\/table>\n<div><\/div>\n<div class=\"txtboxL\">Caratteristiche:<\/div>\n<div class=\"txtboxR\">Stringere la testa del morsetto che tiene il lingotto o la billetta di acciaio<\/div>\n<div class=\"txtboxL\">Specifiche:<\/div>\n<div class=\"txtboxR\">Diametro del foro: 125 mm\uff5e700 mm<br \/>\nDiametro dell'asta: 80 mm\uff5e520 mm<br \/>\nCorsa \u22641200mm<\/div>\n<div class=\"txtboxL\">Forza di spinta:<\/div>\n<div class=\"txtboxR\">Massimo 9621KN<br \/>\n(Diametro cilindro 700mm\/pressione 25MPa)<\/div>\n<h2><strong>Fabbrica di cilindri per presse:<\/strong><\/h2>\n<p><img loading=\"lazy\" decoding=\"async\" class=\"alignnone wp-image-1619 size-full\" src=\"https:\/\/hydraulic-cylinders.net\/wp-content\/uploads\/2023\/10\/press-cylinder.webp\" alt=\"\" width=\"1418\" height=\"946\" srcset=\"https:\/\/hydraulic-cylinders.net\/wp-content\/uploads\/2023\/10\/press-cylinder.webp 1418w, https:\/\/hydraulic-cylinders.net\/wp-content\/uploads\/2023\/10\/press-cylinder-1280x854.webp 1280w, https:\/\/hydraulic-cylinders.net\/wp-content\/uploads\/2023\/10\/press-cylinder-980x654.webp 980w, https:\/\/hydraulic-cylinders.net\/wp-content\/uploads\/2023\/10\/press-cylinder-480x320.webp 480w\" sizes=\"(min-width: 0px) and (max-width: 480px) 480px, (min-width: 481px) and (max-width: 980px) 980px, (min-width: 981px) and (max-width: 1280px) 1280px, (min-width: 1281px) 1418px, 100vw\" \/><\/p>\n<h2><strong>Metodo di utilizzo del cilindro di serraggio della pressa<\/strong><strong>:<\/strong><\/h2>\n<ol>\n<li><strong>Montaggio e installazione:<\/strong><\/li>\n<\/ol>\n<ul>\n<li>Per prima cosa, seleziona l'opzione di montaggio pi\u00f9 adatta alla tua applicazione, ad esempio flangia, piede o corpo filettato.<\/li>\n<li>Seguire le istruzioni o le linee guida del produttore per montare in modo sicuro il cilindro di serraggio della pressa nella posizione desiderata, assicurando un allineamento e una stabilit\u00e0 adeguati.<\/li>\n<\/ul>\n<ol start=\"2\">\n<li><strong>Regolazione della forza di serraggio:<\/strong><\/li>\n<\/ol>\n<ul>\n<li>A seconda dei requisiti dell'applicazione, utilizzare i controlli o i meccanismi di regolazione forniti per impostare la forza di serraggio desiderata.<\/li>\n<li>Per ottenere la forza di serraggio ottimale e ottenere i migliori risultati, valutare attentamente il materiale del pezzo, le dimensioni e i requisiti di lavorazione.<\/li>\n<\/ul>\n<ol start=\"3\">\n<li><strong>Serraggio del pezzo:<\/strong><\/li>\n<\/ol>\n<ul>\n<li>Posizionare il pezzo da lavorare all'interno dell'intervallo di serraggio del cilindro di serraggio della pressa.<\/li>\n<li>Attivare il cilindro per applicare la forza di serraggio, garantendo una presa sicura sul pezzo in lavorazione.<\/li>\n<li>Verificare che la forza di serraggio sia sufficiente a tenere saldamente il pezzo in lavorazione durante l'operazione richiesta.<\/li>\n<\/ul>\n<h2><strong>Come rimuovere il tappo terminale del cilindro idraulico?<\/strong><\/h2>\n<div class=\"ChatMessage_chatMessage__xkgHx\" data-complete=\"true\">\n<div class=\"ChatMessage_botMessageHeader__8yA1R\">\n<div class=\"ChatMessage_headerWrapper__UeGSI\">\n<div class=\"ChatMessage_badge__ah1FU\">Rimuovere il tappo terminale di un cilindro idraulico \u00e8 un'operazione semplice che richiede alcuni strumenti essenziali e un'esecuzione attenta. Ecco una guida passo passo su come rimuovere il tappo terminale di un cilindro idraulico:<\/div>\n<\/div>\n<\/div>\n<div class=\"ChatMessage_messageRow__DHlnq\">\n<div class=\"ChatMessage_messageWrapper__4Ugd6\">\n<div class=\"Message_row__ug_UU\">\n<div class=\"Message_botMessageBubble__aYctV\">\n<div class=\"Markdown_markdownContainer__Tz3HQ\">\n<ol>\n<li><strong>La sicurezza prima di tutto:<\/strong> Prima di iniziare qualsiasi intervento sul cilindro idraulico, assicurarsi che il sistema sia depressurizzato e che tutta l'alimentazione idraulica sia disattivata. Ci\u00f2 impedir\u00e0 qualsiasi movimento imprevisto o fuoriuscita di fluido idraulico.<\/li>\n<li><strong>Raccogli gli strumenti:<\/strong> Avrai bisogno di attrezzi adatti, tra cui chiavi inglesi, set di bussole, un martello di gomma e un piede di porco o un cacciavite.<\/li>\n<li><strong>Identificare il tappo terminale:<\/strong> Il tappo terminale \u00e8 solitamente posizionato su un'estremit\u00e0 del cilindro idraulico ed \u00e8 fissato con bulloni o anelli di fissaggio.<\/li>\n<li><strong>Accedi ai bulloni:<\/strong> Se il tappo terminale \u00e8 fissato con bulloni, utilizzare la chiave inglese o il set di bussole appropriato per allentarli e rimuoverli. Iniziare allentando i bulloni procedendo a croce per garantire un rilascio uniforme della pressione.<\/li>\n<li><strong>Rimuovere gli anelli di fissaggio:<\/strong> Talvolta, il fondello pu\u00f2 essere fissato con anelli di sicurezza. Utilizzare una leva o un cacciavite per rimuovere con cautela gli anelli di sicurezza, assicurandosi che non danneggino il cilindro o il fondello.<\/li>\n<li><strong>Tocca delicatamente:<\/strong> Una volta rimossi i bulloni o gli anelli di fissaggio, il tappo terminale potrebbe essere ancora sigillato ermeticamente a causa della pressione idraulica o dell'attrito. Utilizzare un martello di gomma per picchiettare delicatamente lungo il perimetro del tappo terminale. Questo aiuta a rompere eventuali residui di adesivo o materiale sigillante e ad allentare il tappo terminale.<\/li>\n<li><strong>Sollevare il tappo terminale:<\/strong> Con il tappo terminale allentato, utilizzare una leva o un cacciavite per sollevarlo con cautela. Iniziare da un bordo e procedere lungo tutto il perimetro, applicando una pressione delicata e uniforme per evitare di danneggiare il cilindro o il tappo terminale. Battere leggermente la leva con un martello di gomma per facilitare il distacco del tappo terminale.<\/li>\n<li><strong>Ispezionare e pulire:<\/strong> Una volta rimosso il tappo terminale, ispezionarlo per verificare eventuali segni di danni, usura o perdite. Prendere nota di eventuali guarnizioni o guarnizioni che potrebbero dover essere sostituite. Pulire accuratamente il tappo terminale e la superficie di montaggio del cilindro per garantire una corretta tenuta durante il rimontaggio.<\/li>\n<\/ol>\n<\/div>\n<\/div>\n<\/div>\n<\/div>\n<\/div>\n<\/div>\n<h2><strong>Capacit\u00e0 e capacit\u00e0 della fabbrica:<\/strong><\/h2>\n<h3>(1) Montaggio<\/h3>\n<p>Disponiamo di una piattaforma di assemblaggio indipendente di ricerca e sviluppo di prima classe. L'officina di produzione di cilindri idraulici dispone di quattro linee di assemblaggio semiautomatiche per cilindri di sollevamento e una linea di assemblaggio automatica per cilindri di inclinazione, con una capacit\u00e0 produttiva annua progettata di 1 milione di pezzi. L'officina per cilindri speciali \u00e8 dotata di un sistema di assemblaggio semiautomatico per la pulizia con diverse specifiche, con una capacit\u00e0 produttiva annua progettata di 200.000 pezzi e dotata di rinomate macchine per lavorazioni meccaniche CNC, un centro di lavoro, attrezzature speciali per la lavorazione di cilindri ad alta precisione, una macchina per saldatura robotizzata, una macchina per la pulizia automatica, una macchina per l'assemblaggio automatico dei cilindri e una linea di produzione per la verniciatura automatica. Sono disponibili oltre 300 set di attrezzature critiche. L'allocazione ottimale e l'uso efficiente delle risorse delle attrezzature garantiscono i requisiti di precisione dei prodotti e ne soddisfano le elevate esigenze di qualit\u00e0.<\/p>\n<p><img loading=\"lazy\" decoding=\"async\" class=\"alignnone wp-image-626\" src=\"https:\/\/hydraulic-cylinders.net\/wp-content\/uploads\/2023\/08\/hydraulic-cylinder-product-1-300x158.webp\" alt=\"\" width=\"495\" height=\"260\" srcset=\"https:\/\/hydraulic-cylinders.net\/wp-content\/uploads\/2023\/08\/hydraulic-cylinder-product-1-300x158.webp 495w, https:\/\/hydraulic-cylinders.net\/wp-content\/uploads\/2023\/08\/hydraulic-cylinder-product-1-480x252.webp 480w\" sizes=\"(min-width: 0px) and (max-width: 480px) 480px, (min-width: 481px) 495px, 100vw\" \/> <img loading=\"lazy\" decoding=\"async\" class=\"alignnone wp-image-627\" src=\"https:\/\/hydraulic-cylinders.net\/wp-content\/uploads\/2023\/08\/hydraulic-cylinder-product-2-300x189.webp\" alt=\"\" width=\"413\" height=\"260\" \/><\/p>\n<h3>(2) Lavorazione<\/h3>\n<p>L'officina di lavorazione \u00e8 dotata di un centro di tornitura su rotaia inclinata personalizzato, di un centro di lavorazione, di una levigatrice ad alta velocit\u00e0, di un robot di saldatura e di altre attrezzature correlate, in grado di gestire la lavorazione di tubi cilindrici con un diametro interno massimo di 400 mm e una lunghezza massima di 6 metri.<\/p>\n<p><img loading=\"lazy\" decoding=\"async\" class=\"alignnone wp-image-628 size-large\" src=\"https:\/\/hydraulic-cylinders.net\/wp-content\/uploads\/2023\/08\/hydraulic-cylinder-product-3-1024x391.webp\" alt=\"\" width=\"1024\" height=\"391\" srcset=\"https:\/\/hydraulic-cylinders.net\/wp-content\/uploads\/2023\/08\/hydraulic-cylinder-product-3-980x374.webp 980w, https:\/\/hydraulic-cylinders.net\/wp-content\/uploads\/2023\/08\/hydraulic-cylinder-product-3-480x183.webp 480w\" sizes=\"(min-width: 0px) and (max-width: 480px) 480px, (min-width: 481px) and (max-width: 980px) 980px, (min-width: 981px) 1024px, 100vw\" \/><\/p>\n<h3>(3) Saldatura<\/h3>\n<p><img loading=\"lazy\" decoding=\"async\" class=\"alignnone wp-image-629 size-large\" src=\"https:\/\/hydraulic-cylinders.net\/wp-content\/uploads\/2023\/08\/hydraulic-cylinder-product-4-1024x510.webp\" alt=\"\" width=\"1024\" height=\"510\" srcset=\"https:\/\/hydraulic-cylinders.net\/wp-content\/uploads\/2023\/08\/hydraulic-cylinder-product-4-980x488.webp 980w, https:\/\/hydraulic-cylinders.net\/wp-content\/uploads\/2023\/08\/hydraulic-cylinder-product-4-480x239.webp 480w\" sizes=\"(min-width: 0px) and (max-width: 480px) 480px, (min-width: 481px) and (max-width: 980px) 980px, (min-width: 981px) 1024px, 100vw\" \/><\/p>\n<h3>(4) Verniciatura e rivestimento<\/h3>\n<p>Con linee automatiche di verniciatura a base d'acqua a cilindro di piccole e medie dimensioni, per realizzare il carico e lo scarico automatico con robot e la spruzzatura automatica, la capacit\u00e0 di progettazione \u00e8 di 4000 pezzi per turno;<br \/>\nDisponiamo anche di una linea di produzione semiautomatica di vernici per cilindri di grandi dimensioni alimentata da una catena di potenza, con una capacit\u00e0 di progettazione di 60 casse per turno.<\/p>\n<p><img loading=\"lazy\" decoding=\"async\" class=\"alignnone wp-image-630\" src=\"https:\/\/hydraulic-cylinders.net\/wp-content\/uploads\/2023\/08\/hydraulic-cylinder-product-5-300x213.webp\" alt=\"\" width=\"366\" height=\"260\" \/> <img loading=\"lazy\" decoding=\"async\" class=\"alignnone wp-image-631\" src=\"https:\/\/hydraulic-cylinders.net\/wp-content\/uploads\/2023\/08\/hydraulic-cylinder-product-6-300x225.webp\" alt=\"\" width=\"347\" height=\"260\" \/><\/p>\n<h3>(5) Test<\/h3>\n<p>Disponiamo di strutture di ispezione e banchi di prova di prim'ordine per garantire che le prestazioni del cilindro siano conformi ai requisiti.<\/p>\n<p><img loading=\"lazy\" decoding=\"async\" class=\"alignnone wp-image-632\" src=\"https:\/\/hydraulic-cylinders.net\/wp-content\/uploads\/2023\/08\/hydraulic-cylinder-product-8-300x200.webp\" alt=\"\" width=\"389\" height=\"260\" \/><\/p>\n<p>&nbsp;<\/p>\n<p>&nbsp;<\/p>\n<p>Siamo uno dei migliori produttori di cilindri idraulici. Offriamo una gamma completa di cilindri idraulici. Forniamo anche i relativi componenti. <a href=\"https:\/\/hzpt.com\/agricultural-pto-gearbox\/\" target=\"_blank\" rel=\"noopener\">riduttori agricoli<\/a>Abbiamo esportato i nostri prodotti a clienti in tutto il mondo e ci siamo guadagnati un'ottima reputazione grazie alla qualit\u00e0 superiore dei nostri prodotti e al servizio post-vendita. Invitiamo i clienti nazionali e internazionali a contattarci per negoziare affari, scambiare informazioni e <a href=\"https:\/\/www.hydraulic-cylinders.net\/it\/contact-us\/\">collaborare con noi<\/a>!<\/p>","protected":false},"excerpt":{"rendered":"<p>Press Clamping Cylinder The press clamping cylinder is a cutting-edge product that delivers exceptional performance and reliability in various industrial applications. With its advanced features and robust design, this cylinder offers enhanced clamping force, precise control, and improved productivity. The press clamping cylinder is a game-changer in industrial applications, offering high clamping force, precise control, [&hellip;]<\/p>","protected":false},"featured_media":1646,"comment_status":"open","ping_status":"closed","template":"","meta":{"_et_pb_use_builder":"","_et_pb_old_content":"","_et_gb_content_width":""},"product_brand":[],"product_cat":[1522,1549,1376],"product_tag":[1380],"class_list":{"0":"post-1644","1":"product","2":"type-product","3":"status-publish","4":"has-post-thumbnail","6":"product_cat-press-hydraulic-cylinders","7":"product_cat-single-acting-hydraulic-cylinder","8":"product_cat-hydraulic-cylinder","9":"product_tag-hydraulic-cylinder","11":"first","12":"instock","13":"shipping-taxable","14":"product-type-simple"},"amp_enabled":true,"_links":{"self":[{"href":"https:\/\/www.hydraulic-cylinders.net\/it\/wp-json\/wp\/v2\/product\/1644","targetHints":{"allow":["GET"]}}],"collection":[{"href":"https:\/\/www.hydraulic-cylinders.net\/it\/wp-json\/wp\/v2\/product"}],"about":[{"href":"https:\/\/www.hydraulic-cylinders.net\/it\/wp-json\/wp\/v2\/types\/product"}],"replies":[{"embeddable":true,"href":"https:\/\/www.hydraulic-cylinders.net\/it\/wp-json\/wp\/v2\/comments?post=1644"}],"wp:featuredmedia":[{"embeddable":true,"href":"https:\/\/www.hydraulic-cylinders.net\/it\/wp-json\/wp\/v2\/media\/1646"}],"wp:attachment":[{"href":"https:\/\/www.hydraulic-cylinders.net\/it\/wp-json\/wp\/v2\/media?parent=1644"}],"wp:term":[{"taxonomy":"product_brand","embeddable":true,"href":"https:\/\/www.hydraulic-cylinders.net\/it\/wp-json\/wp\/v2\/product_brand?post=1644"},{"taxonomy":"product_cat","embeddable":true,"href":"https:\/\/www.hydraulic-cylinders.net\/it\/wp-json\/wp\/v2\/product_cat?post=1644"},{"taxonomy":"product_tag","embeddable":true,"href":"https:\/\/www.hydraulic-cylinders.net\/it\/wp-json\/wp\/v2\/product_tag?post=1644"}],"curies":[{"name":"parola chiave","href":"https:\/\/api.w.org\/{rel}","templated":true}]}}