{"id":1731,"date":"2023-10-12T03:54:29","date_gmt":"2023-10-12T03:54:29","guid":{"rendered":"https:\/\/hydraulic-cylinders.net\/?post_type=product&#038;p=1731"},"modified":"2025-04-11T03:44:54","modified_gmt":"2025-04-11T03:44:54","slug":"cement-equipment-roll-over-cylinder","status":"publish","type":"product","link":"https:\/\/www.hydraulic-cylinders.net\/it\/prodotto\/cement-equipment-roll-over-cylinder\/","title":{"rendered":"Cilindro ribaltabile per attrezzature per cemento"},"content":{"rendered":"<h1 style=\"text-align: center;\"><strong>Cilindro ribaltabile per attrezzature per cemento<\/strong><\/h1>\n<p><img loading=\"lazy\" decoding=\"async\" class=\"aligncenter wp-image-1732\" src=\"https:\/\/hydraulic-cylinders.net\/wp-content\/uploads\/2023\/10\/roll-over-cylinder-1-300x300.webp\" alt=\"\" width=\"400\" height=\"400\" \/><\/p>\n<p>Il cilindro ribaltabile per attrezzature per cemento \u00e8 un componente essenziale negli impianti di cemento, progettato per migliorare la sicurezza e l'efficienza durante le varie operazioni di movimentazione dei materiali. Questo cilindro specializzato svolge un ruolo fondamentale in attrezzature come betoniere e autobetoniere, consentendo il ribaltamento e la rotazione controllati del tamburo.<\/p>\n<p>Il cilindro ribaltabile per attrezzature per cemento \u00e8 fondamentale negli impianti di produzione di cemento, poich\u00e9 migliora la sicurezza e l'efficienza durante le operazioni di movimentazione dei materiali. Grazie alla sua struttura robusta, al controllo preciso, alle caratteristiche di sicurezza e al design compatto, questo cilindro consente il ribaltamento e la rotazione controllati di betoniere o autobetoniere. Seguendo i metodi di utilizzo e le pratiche di manutenzione consigliate, \u00e8 possibile massimizzare le prestazioni e la longevit\u00e0 del cilindro ribaltabile per attrezzature per cemento, migliorando in definitiva la sicurezza, la produttivit\u00e0 e la redditivit\u00e0 delle attivit\u00e0 di produzione del cemento.<\/p>\n<p>Caratteristiche principali del cilindro ribaltabile per attrezzature per cemento:<\/p>\n<ol>\n<li>Costruzione robusta:<\/li>\n<\/ol>\n<ul>\n<li>Il cilindro ribaltabile per attrezzature per cemento \u00e8 costruito con materiali di alta qualit\u00e0 per garantire durata e affidabilit\u00e0 negli ambienti pi\u00f9 difficili degli stabilimenti di cemento.<\/li>\n<li>Pu\u00f2 sopportare carichi pesanti e le sollecitazioni di frequenti ribaltamenti e rotazioni senza compromettere le prestazioni.<\/li>\n<\/ul>\n<ol start=\"2\">\n<li>Controllo preciso:<\/li>\n<\/ol>\n<ul>\n<li>Questo cilindro \u00e8 progettato per garantire un controllo preciso sul ribaltamento e sulla rotazione delle betoniere o delle autobetoniere.<\/li>\n<li>Consente agli operatori di mantenere stabilit\u00e0 e precisione durante lo scarico del materiale, contribuendo all'efficienza delle operazioni.<\/li>\n<\/ul>\n<ol start=\"3\">\n<li>Caratteristiche di sicurezza:<\/li>\n<\/ol>\n<ul>\n<li>Il cilindro ribaltabile dell'attrezzatura per cemento \u00e8 dotato di funzioni di sicurezza quali meccanismi di bloccaggio integrati o valvole di sicurezza per impedire il ribaltamento o la rotazione accidentali.<\/li>\n<li>Queste caratteristiche forniscono un ulteriore livello di protezione per gli operatori, le apparecchiature e il personale circostante.<\/li>\n<\/ul>\n<ol start=\"4\">\n<li>Design compatto:<\/li>\n<\/ol>\n<ul>\n<li>Il design compatto del cilindro garantisce una perfetta integrazione nelle attrezzature per cemento esistenti, riducendo al minimo la necessit\u00e0 di ulteriori modifiche.<\/li>\n<li>Ottimizza l'utilizzo dello spazio e consente un funzionamento efficiente in spazi ristretti.<\/li>\n<\/ul>\n<h2><strong>Parametro del cilindro ribaltabile per attrezzature per cemento:<\/strong><\/h2>\n<table border=\"1\" cellspacing=\"0\" cellpadding=\"0\">\n<tbody>\n<tr>\n<td>Nome del prodotto<\/td>\n<td>Cilindro ribaltabile per attrezzature per cemento<\/td>\n<\/tr>\n<tr>\n<td>Caratteristiche:<\/td>\n<td>Sollevamento e caduta del rullo motore<\/td>\n<\/tr>\n<tr>\n<td>Diametro del foro:<\/td>\n<td>180 mm\uff5e320 mm<\/td>\n<\/tr>\n<tr>\n<td>Diametro dell'asta:<\/td>\n<td>110 mm\uff5e170 mm<br \/>\nCorsa: \u22646000mm<\/td>\n<\/tr>\n<tr>\n<td>Forza di spinta:<\/td>\n<td>Massimo 1688KN<br \/>\n(Diametro cilindro 320mm\/pressione 21MPa)<\/td>\n<\/tr>\n<tr>\n<td>Applicazioni del cilindro ribaltabile per attrezzature per cemento:<\/td>\n<td>Attrezzature per cemento<\/td>\n<\/tr>\n<\/tbody>\n<\/table>\n<div><\/div>\n<div>\n<div class=\"txtboxL\">\n<div class=\"txtboxL\">Caratteristiche:<\/div>\n<div class=\"txtboxR\">Sollevamento e caduta del rullo motore<\/div>\n<div class=\"txtboxL\">Specifiche:<\/div>\n<div class=\"txtboxR\">Diametro del foro: 180 mm\uff5e320 mm<br \/>\nDiametro dell'asta: 110 mm\uff5e170 mm<br \/>\nCorsa: \u22646000mm<\/div>\n<div class=\"txtboxL\">Forza di spinta:<\/div>\n<div class=\"txtboxR\">Massimo 1688KN<br \/>\n(Diametro cilindro 320mm\/pressione 21MPa)<\/div>\n<\/div>\n<\/div>\n<h2><strong>Attrezzature per cemento <\/strong><strong>Fabbrica di cilindri:<\/strong><\/h2>\n<p><img loading=\"lazy\" decoding=\"async\" class=\"alignnone wp-image-1734 size-full\" src=\"https:\/\/hydraulic-cylinders.net\/wp-content\/uploads\/2023\/10\/cement-equipment-cylinder-1.webp\" alt=\"\" width=\"1418\" height=\"946\" srcset=\"https:\/\/hydraulic-cylinders.net\/wp-content\/uploads\/2023\/10\/cement-equipment-cylinder-1.webp 1418w, https:\/\/hydraulic-cylinders.net\/wp-content\/uploads\/2023\/10\/cement-equipment-cylinder-1-1280x854.webp 1280w, https:\/\/hydraulic-cylinders.net\/wp-content\/uploads\/2023\/10\/cement-equipment-cylinder-1-980x654.webp 980w, https:\/\/hydraulic-cylinders.net\/wp-content\/uploads\/2023\/10\/cement-equipment-cylinder-1-480x320.webp 480w\" sizes=\"(min-width: 0px) and (max-width: 480px) 480px, (min-width: 481px) and (max-width: 980px) 980px, (min-width: 981px) and (max-width: 1280px) 1280px, (min-width: 1281px) 1418px, 100vw\" \/><\/p>\n<h2><strong>Metodo di utilizzo del cilindro ribaltabile per attrezzature per cemento<\/strong><strong>:<\/strong><\/h2>\n<ol>\n<li><strong>Installazione:<\/strong><\/li>\n<\/ol>\n<ul>\n<li>Seguire le istruzioni del produttore per installare in modo sicuro il cilindro ribaltabile dell'attrezzatura per cemento sulla betoniera o sull'autobetoniera.<\/li>\n<li>Assicurare un corretto allineamento e fissaggio per un funzionamento sicuro e affidabile.<\/li>\n<\/ul>\n<ol start=\"2\">\n<li><strong>Collegamento idraulico:<\/strong><\/li>\n<\/ol>\n<ul>\n<li>Collegare il cilindro al sistema idraulico dell'attrezzatura, utilizzando raccordi e tubi flessibili adeguati.<\/li>\n<li>Verificare che tutti i collegamenti idraulici siano sicuri e privi di perdite.<\/li>\n<\/ul>\n<ol start=\"3\">\n<li><strong>Funzionamento e controllo:<\/strong><\/li>\n<\/ol>\n<ul>\n<li>Attivare il sistema idraulico per attivare il cilindro di ribaltamento dell'attrezzatura per cemento.<\/li>\n<li>Utilizzare il pannello di controllo o l'interfaccia per azionare il cilindro, controllando il ribaltamento e la rotazione del tamburo.<\/li>\n<li>Per un funzionamento sicuro ed efficiente, seguire le istruzioni del produttore e le pratiche consigliate.<\/li>\n<\/ul>\n<h2><strong>Come rimuovere il tubo della frizione idraulica dal cilindro principale?<\/strong><\/h2>\n<p>La rimozione del tubo della frizione idraulica dal cilindro principale richiede un'esecuzione attenta per evitare di danneggiare i componenti o causare perdite. Ecco una guida passo passo su come rimuovere un tubo della frizione idraulica dal cilindro principale:<\/p>\n<ol>\n<li><strong>Raccogli gli strumenti necessari:<\/strong>\n<ul>\n<li>Guanti e occhiali di sicurezza<\/li>\n<li>Chiavi inglesi o chiavi a tubo (di dimensioni appropriate per i raccordi)<\/li>\n<li>Prendi una pentola o un contenitore per raccogliere eventuali liquidi fuoriusciti<\/li>\n<li>Stracci o asciugamani puliti<\/li>\n<\/ul>\n<\/li>\n<li><strong>Garantire le precauzioni di sicurezza:<\/strong>\n<ul>\n<li>Indossare guanti e occhiali protettivi per proteggersi da eventuali pericoli.<\/li>\n<li>Assicurarsi che il motore sia spento e che il veicolo sia in folle o in parcheggio, con il freno di stazionamento inserito.<\/li>\n<\/ul>\n<\/li>\n<li><strong>Individuare il cilindro principale:<\/strong>\n<ul>\n<li>Il cilindro principale della frizione idraulica si trova solitamente vicino alla paratia sul lato del conducente nel vano motore.<\/li>\n<li>Identifica il tubo della frizione che si collega al cilindro principale. Sar\u00e0 dotato di raccordi a entrambe le estremit\u00e0.<\/li>\n<\/ul>\n<\/li>\n<li><strong>Prepararsi alla perdita di fluido:<\/strong>\n<ul>\n<li>Posizionare una bacinella o un contenitore sotto il cilindro principale e il tubo della frizione per raccogliere eventuali perdite di fluido durante la rimozione.<\/li>\n<li>Tieni a portata di mano stracci o asciugamani puliti per asciugare eventuali fuoriuscite.<\/li>\n<\/ul>\n<\/li>\n<li><strong>Allentare i raccordi:<\/strong>\n<ul>\n<li>Utilizzare la chiave inglese o la chiave a tubo appropriata per allentare i raccordi su entrambe le estremit\u00e0 del tubo della frizione.<\/li>\n<li>Per allentare, ruotare la chiave in senso antiorario, ma fare attenzione a non stringere eccessivamente o forzare i raccordi, poich\u00e9 potrebbero essere delicati.<\/li>\n<\/ul>\n<\/li>\n<li><strong>Rimuovere la riga:<\/strong>\n<ul>\n<li>Una volta allentati i raccordi, svitarli con cautela a mano fino a staccarli completamente dal cilindro principale.<\/li>\n<li>Preparatevi al fatto che un po' di liquido residuo potrebbe gocciolare dalla linea e dai raccordi durante la rimozione.<\/li>\n<\/ul>\n<\/li>\n<li><strong>Ispezionare la linea e i raccordi:<\/strong>\n<ul>\n<li>Esaminare la linea e i raccordi della frizione per individuare eventuali segni di danni, usura o perdite.<\/li>\n<li>Se si riscontrano problemi, si consiglia di sostituire la linea o i raccordi prima della reinstallazione.<\/li>\n<\/ul>\n<\/li>\n<li><strong>Sigillare il cilindro principale:<\/strong>\n<ul>\n<li>Per evitare che aria o detriti entrino nel cilindro principale, coprire la porta aperta con uno straccio pulito o un tappo.<\/li>\n<\/ul>\n<\/li>\n<li><strong>Smaltire correttamente il fluido:<\/strong>\n<ul>\n<li>Smaltire il fluido raccolto secondo le normative locali o consegnarlo a un centro di riciclaggio appropriato.<\/li>\n<\/ul>\n<\/li>\n<\/ol>\n<h2><strong>Capacit\u00e0 e capacit\u00e0 della fabbrica:<\/strong><\/h2>\n<h3>(1) Montaggio<\/h3>\n<p>Disponiamo di una piattaforma di assemblaggio indipendente di ricerca e sviluppo di prima classe. L'officina di produzione di cilindri idraulici dispone di quattro linee di assemblaggio semiautomatiche per cilindri di sollevamento e una linea di assemblaggio automatica per cilindri di inclinazione, con una capacit\u00e0 produttiva annua progettata di 1 milione di pezzi. L'officina per cilindri speciali \u00e8 dotata di un sistema di assemblaggio semiautomatico per la pulizia con diverse specifiche, con una capacit\u00e0 produttiva annua progettata di 200.000 pezzi e dotata di rinomate macchine per lavorazioni meccaniche CNC, un centro di lavoro, attrezzature speciali per la lavorazione di cilindri ad alta precisione, una macchina per saldatura robotizzata, una macchina per la pulizia automatica, una macchina per l'assemblaggio automatico dei cilindri e una linea di produzione per la verniciatura automatica. Sono disponibili oltre 300 set di attrezzature critiche. L'allocazione ottimale e l'uso efficiente delle risorse delle attrezzature garantiscono i requisiti di precisione dei prodotti e ne soddisfano le elevate esigenze di qualit\u00e0.<\/p>\n<p><img loading=\"lazy\" decoding=\"async\" class=\"alignnone wp-image-626\" src=\"https:\/\/hydraulic-cylinders.net\/wp-content\/uploads\/2023\/08\/hydraulic-cylinder-product-1-300x158.webp\" alt=\"\" width=\"495\" height=\"260\" srcset=\"https:\/\/hydraulic-cylinders.net\/wp-content\/uploads\/2023\/08\/hydraulic-cylinder-product-1-300x158.webp 495w, https:\/\/hydraulic-cylinders.net\/wp-content\/uploads\/2023\/08\/hydraulic-cylinder-product-1-480x252.webp 480w\" sizes=\"(min-width: 0px) and (max-width: 480px) 480px, (min-width: 481px) 495px, 100vw\" \/> <img loading=\"lazy\" decoding=\"async\" class=\"alignnone wp-image-627\" src=\"https:\/\/hydraulic-cylinders.net\/wp-content\/uploads\/2023\/08\/hydraulic-cylinder-product-2-300x189.webp\" alt=\"\" width=\"413\" height=\"260\" \/><\/p>\n<h3>(2) Lavorazione<\/h3>\n<p>L'officina di lavorazione \u00e8 dotata di un centro di tornitura su rotaia inclinata personalizzato, di un centro di lavorazione, di una levigatrice ad alta velocit\u00e0, di un robot di saldatura e di altre attrezzature correlate, in grado di gestire la lavorazione di tubi cilindrici con un diametro interno massimo di 400 mm e una lunghezza massima di 6 metri.<\/p>\n<p><img loading=\"lazy\" decoding=\"async\" class=\"alignnone wp-image-628 size-large\" src=\"https:\/\/hydraulic-cylinders.net\/wp-content\/uploads\/2023\/08\/hydraulic-cylinder-product-3-1024x391.webp\" alt=\"\" width=\"1024\" height=\"391\" srcset=\"https:\/\/hydraulic-cylinders.net\/wp-content\/uploads\/2023\/08\/hydraulic-cylinder-product-3-980x374.webp 980w, https:\/\/hydraulic-cylinders.net\/wp-content\/uploads\/2023\/08\/hydraulic-cylinder-product-3-480x183.webp 480w\" sizes=\"(min-width: 0px) and (max-width: 480px) 480px, (min-width: 481px) and (max-width: 980px) 980px, (min-width: 981px) 1024px, 100vw\" \/><\/p>\n<h3>(3) Saldatura<\/h3>\n<p><img loading=\"lazy\" decoding=\"async\" class=\"alignnone wp-image-629 size-large\" src=\"https:\/\/hydraulic-cylinders.net\/wp-content\/uploads\/2023\/08\/hydraulic-cylinder-product-4-1024x510.webp\" alt=\"\" width=\"1024\" height=\"510\" srcset=\"https:\/\/hydraulic-cylinders.net\/wp-content\/uploads\/2023\/08\/hydraulic-cylinder-product-4-980x488.webp 980w, https:\/\/hydraulic-cylinders.net\/wp-content\/uploads\/2023\/08\/hydraulic-cylinder-product-4-480x239.webp 480w\" sizes=\"(min-width: 0px) and (max-width: 480px) 480px, (min-width: 481px) and (max-width: 980px) 980px, (min-width: 981px) 1024px, 100vw\" \/><\/p>\n<h3>(4) Verniciatura e rivestimento<\/h3>\n<p>Con linee automatiche di verniciatura a base d'acqua a cilindro di piccole e medie dimensioni, per realizzare il carico e lo scarico automatico con robot e la spruzzatura automatica, la capacit\u00e0 di progettazione \u00e8 di 4000 pezzi per turno;<br \/>\nDisponiamo anche di una linea di produzione semiautomatica di vernici per cilindri di grandi dimensioni alimentata da una catena di potenza, con una capacit\u00e0 di progettazione di 60 casse per turno.<\/p>\n<p><img loading=\"lazy\" decoding=\"async\" class=\"alignnone wp-image-630\" src=\"https:\/\/hydraulic-cylinders.net\/wp-content\/uploads\/2023\/08\/hydraulic-cylinder-product-5-300x213.webp\" alt=\"\" width=\"366\" height=\"260\" \/> <img loading=\"lazy\" decoding=\"async\" class=\"alignnone wp-image-631\" src=\"https:\/\/hydraulic-cylinders.net\/wp-content\/uploads\/2023\/08\/hydraulic-cylinder-product-6-300x225.webp\" alt=\"\" width=\"347\" height=\"260\" \/><\/p>\n<h3>(5) Test<\/h3>\n<p>Disponiamo di strutture di ispezione e banchi di prova di prim'ordine per garantire che le prestazioni del cilindro siano conformi ai requisiti.<\/p>\n<p><img loading=\"lazy\" decoding=\"async\" class=\"alignnone wp-image-632\" src=\"https:\/\/hydraulic-cylinders.net\/wp-content\/uploads\/2023\/08\/hydraulic-cylinder-product-8-300x200.webp\" alt=\"\" width=\"389\" height=\"260\" \/><\/p>\n<p>&nbsp;<\/p>\n<p>&nbsp;<\/p>\n<p>Siamo uno dei migliori produttori di cilindri idraulici. Offriamo una gamma completa di cilindri idraulici. Forniamo anche i relativi componenti. <a href=\"https:\/\/hzpt.com\/agricultural-pto-gearbox\/\" target=\"_blank\" rel=\"noopener\">riduttori agricoli<\/a>Abbiamo esportato i nostri prodotti a clienti in tutto il mondo e ci siamo guadagnati un'ottima reputazione grazie alla qualit\u00e0 superiore dei nostri prodotti e al servizio post-vendita. Invitiamo i clienti nazionali e internazionali a contattarci per negoziare affari, scambiare informazioni e <a href=\"https:\/\/www.hydraulic-cylinders.net\/it\/contact-us\/\">collaborare con noi<\/a>!<\/p>","protected":false},"excerpt":{"rendered":"<p>Cement Equipment Roll Over Cylinder The cement equipment roll over cylinder is an essential component in cement plants, designed to enhance safety and efficiency during various material handling operations. This specialized cylinder plays a critical role in equipment such as cement mixers and concrete trucks, allowing for controlled tipping and rotation of the drum. The [&hellip;]<\/p>","protected":false},"featured_media":1733,"comment_status":"open","ping_status":"closed","template":"","meta":{"_et_pb_use_builder":"","_et_pb_old_content":"","_et_gb_content_width":""},"product_brand":[],"product_cat":[1520,1550],"product_tag":[1380],"class_list":{"0":"post-1731","1":"product","2":"type-product","3":"status-publish","4":"has-post-thumbnail","6":"product_cat-concrete-equipment-hydraulic-cylinders","7":"product_cat-double-acting-hydraulic-cylinder","8":"product_tag-hydraulic-cylinder","10":"first","11":"instock","12":"shipping-taxable","13":"product-type-simple"},"amp_enabled":true,"_links":{"self":[{"href":"https:\/\/www.hydraulic-cylinders.net\/it\/wp-json\/wp\/v2\/product\/1731","targetHints":{"allow":["GET"]}}],"collection":[{"href":"https:\/\/www.hydraulic-cylinders.net\/it\/wp-json\/wp\/v2\/product"}],"about":[{"href":"https:\/\/www.hydraulic-cylinders.net\/it\/wp-json\/wp\/v2\/types\/product"}],"replies":[{"embeddable":true,"href":"https:\/\/www.hydraulic-cylinders.net\/it\/wp-json\/wp\/v2\/comments?post=1731"}],"wp:featuredmedia":[{"embeddable":true,"href":"https:\/\/www.hydraulic-cylinders.net\/it\/wp-json\/wp\/v2\/media\/1733"}],"wp:attachment":[{"href":"https:\/\/www.hydraulic-cylinders.net\/it\/wp-json\/wp\/v2\/media?parent=1731"}],"wp:term":[{"taxonomy":"product_brand","embeddable":true,"href":"https:\/\/www.hydraulic-cylinders.net\/it\/wp-json\/wp\/v2\/product_brand?post=1731"},{"taxonomy":"product_cat","embeddable":true,"href":"https:\/\/www.hydraulic-cylinders.net\/it\/wp-json\/wp\/v2\/product_cat?post=1731"},{"taxonomy":"product_tag","embeddable":true,"href":"https:\/\/www.hydraulic-cylinders.net\/it\/wp-json\/wp\/v2\/product_tag?post=1731"}],"curies":[{"name":"parola chiave","href":"https:\/\/api.w.org\/{rel}","templated":true}]}}