{"id":19202,"date":"2025-04-07T06:17:49","date_gmt":"2025-04-07T06:17:49","guid":{"rendered":"https:\/\/www.hydraulic-cylinders.net\/product\/boom-cylinder-for-xcmg-large-excavator-xe500m\/"},"modified":"2025-04-07T06:17:59","modified_gmt":"2025-04-07T06:17:59","slug":"boom-cylinder-for-xcmg-large-excavator-xe500m","status":"publish","type":"product","link":"https:\/\/www.hydraulic-cylinders.net\/it\/prodotto\/boom-cylinder-for-xcmg-large-excavator-xe500m\/","title":{"rendered":"Cilindro del braccio per escavatore di grandi dimensioni XCMG XE500M"},"content":{"rendered":"<h1>Cilindro del braccio per escavatore di grandi dimensioni XCMG XE500M<\/h1>\n<h2>Capire il cilindro del braccio<\/h2>\n<p>The boom cylinder is a vital component in the hydraulic system of heavy machinery, particularly excavators. It is designed to control the movement of the boom, allowing it to extend, retract, and tilt. This functionality is essential for various material handling tasks, such as digging, lifting, and transporting materials efficiently. In excavators, the boom cylinder enables precise control over the boom&#8217;s position, ensuring optimal performance in construction and excavation projects.<\/p>\n<p><img decoding=\"async\" src=\"https:\/\/www.hydraulic-cylinders.net\/wp-content\/uploads\/2025\/04\/songte-company-1.webp\" alt=\"Cilindro del braccio\"><\/p>\n<h3>Caratteristiche principali del cilindro del braccio<\/h3>\n<ul>\n<li><strong>Elevata resistenza e durata:<\/strong> Realizzato in acciaio ad alta resistenza o alluminio, il cilindro sopporta pressioni elevate e carichi pesanti, il che lo rende adatto ad ambienti di lavoro difficili.<\/li>\n<li><strong>Funzionamento idraulico efficiente:<\/strong> Utilizza la pressione dell'olio idraulico per un'estensione e una retrazione fluide, garantendo una risposta rapida ai comandi dell'operatore e una potente forza di spinta e trazione.<\/li>\n<li><strong>Diversi tipi:<\/strong> Le opzioni includono cilindri a semplice effetto (utilizzano l'idraulica in una direzione) o a doppio effetto (utilizzano l'idraulica in entrambe le direzioni), per soddisfare diverse esigenze operative.<\/li>\n<li><strong>Design compatto:<\/strong> Alcuni modelli sono dotati di design telescopico che consente una maggiore estensione senza aumentare le dimensioni esterne, ideale per spazi ristretti.<\/li>\n<li><strong>Resistenza alla corrosione:<\/strong> Designed with materials and coatings that resist corrosion, extending the cylinder&#8217;s life in challenging environmental conditions.<\/li>\n<\/ul>\n<h2>Eccellenza nella produzione<\/h2>\n<p>Siamo specializzati nella produzione di cilindri di sollevamento di alta qualit\u00e0 che sostituiscono perfettamente i cilindri idraulici esistenti, garantendo una perfetta integrazione nei vostri macchinari.<\/p>\n<p><img decoding=\"async\" src=\"https:\/\/www.hydraulic-cylinders.net\/wp-content\/uploads\/2025\/04\/songte-cylinder-head-with-all-kinds-excavator-models.webp\" alt=\"Testata per escavatori\"><\/p>\n<h2>Applicazioni del cilindro del braccio<\/h2>\n<h3>Attrezzature per l'edilizia<\/h3>\n<p>Negli escavatori, il cilindro del braccio \u00e8 fondamentale per le operazioni di scavo, carico e movimentazione di terra o detriti. L'efficienza di queste operazioni dipende in larga misura dal controllo preciso fornito dal cilindro del braccio, che consente agli operatori di eseguire le attivit\u00e0 in modo rapido e preciso.<\/p>\n<h3>Macchine agricole<\/h3>\n<p>Nelle pale caricatrici frontali, il cilindro del braccio facilita la raschiatura, il sollevamento e il trasporto di terra, fieno e altri materiali. Svolge un ruolo cruciale nell'aumentare la produttivit\u00e0 e garantire l'efficienza delle attivit\u00e0 nelle aziende agricole.<\/p>\n<h3>Escavatori<\/h3>\n<p>Negli escavatori, il cilindro del braccio consente alla benna di penetrare nel terreno per le attivit\u00e0 di scavo. Il suo funzionamento affidabile \u00e8 indispensabile per raggiungere la profondit\u00e0 e la precisione richieste durante le attivit\u00e0 di scavo, con un impatto significativo sui tempi di progetto.<\/p>\n<h3>Caricatori<\/h3>\n<p>Nelle pale caricatrici frontali, il cilindro del braccio agevola il sollevamento e lo scarico dei materiali in modo efficace. Questa capacit\u00e0 operativa \u00e8 fondamentale per ottimizzare i processi di movimentazione dei materiali in cantiere, garantendo la massima produttivit\u00e0.<\/p>\n<h2>Considerazioni progettuali e criteri di selezione<\/h2>\n<h3>Capacit\u00e0 di carico<\/h3>\n<p>La capacit\u00e0 di carico del cilindro del braccio \u00e8 essenziale per garantire che possa gestire le esigenze di utilizzo di macchinari pesanti senza rischio di guasti. Comprendere i requisiti di peso della vostra applicazione vi guider\u00e0 nella scelta del cilindro pi\u00f9 adatto.<\/p>\n<h3>Sigillatura<\/h3>\n<p>Guarnizioni efficaci sono fondamentali per mantenere la pressione idraulica e prevenire perdite di fluido. Per garantire longevit\u00e0 e prestazioni, \u00e8 necessario scegliere guarnizioni di alta qualit\u00e0 realizzate con materiali durevoli, come poliuretano o gomma nitrilica.<\/p>\n<h3>Durata<\/h3>\n<p>La durata \u00e8 un aspetto fondamentale, poich\u00e9 i cilindri dei bracci sono spesso impiegati in ambienti difficili. La scelta dei materiali e dei rivestimenti protettivi influenza direttamente la durata e l'affidabilit\u00e0 del cilindro.<\/p>\n<h3>Sicurezza<\/h3>\n<p>L'integrazione di dispositivi di sicurezza \u00e8 fondamentale. Il cilindro del braccio deve includere meccanismi per prevenire guasti imprevisti, garantendo un funzionamento sicuro in tutte le condizioni. Test regolari e il rispetto degli standard di sicurezza sono fondamentali.<\/p>\n<h3>Accessibilit\u00e0 alla manutenzione<\/h3>\n<p>Progettare per una facile manutenzione pu\u00f2 ridurre i tempi di fermo. Le caratteristiche che consentono ispezioni e riparazioni rapide possono migliorare significativamente l'efficienza operativa dei macchinari pesanti che utilizzano il cilindro del braccio.<\/p>\n<p><img decoding=\"async\" src=\"https:\/\/www.hydraulic-cylinders.net\/wp-content\/uploads\/2025\/04\/songte-oil-pipes-and-spare-parts.webp\" alt=\"Tubi dell&#039;olio e pezzi di ricambio\"><\/p>\n<h2>Sigillatura e lubrificazione<\/h2>\n<p>Una tenuta efficace si ottiene utilizzando diverse guarnizioni, come quelle per pistoni e steli. La scelta di materiali resistenti all'usura come poliuretano e gomma nitrilica ne aumenta la durata. Il corpo del cilindro e le estremit\u00e0 filettate sono sottoposti a una lavorazione meticolosa per migliorarne la resistenza all'usura, garantendone la longevit\u00e0. Anche la lubrificazione regolare con olio idraulico \u00e8 necessaria per mantenere un funzionamento regolare e prevenire l'usura dei componenti interni.<\/p>\n<h2>Misure di manutenzione preventiva<\/h2>\n<ul>\n<li><strong>Ispezioni regolari:<\/strong> Eseguire controlli di routine per individuare eventuali perdite, usura e condizioni generali, per individuare potenziali problemi prima che degenerino.<\/li>\n<li><strong>Lubrificazione appropriata:<\/strong> Assicurarsi che i livelli dell'olio idraulico siano adeguati per garantire un funzionamento regolare e ridurre l'attrito all'interno del cilindro.<\/li>\n<li><strong>Sostituzione della guarnizione:<\/strong> Controllare regolarmente le guarnizioni per verificarne l'usura e sostituirle quando necessario per evitare perdite di fluido idraulico e mantenere le prestazioni.<\/li>\n<\/ul>\n<h2>Linee guida per l'installazione<\/h2>\n<p>Proper installation is critical for optimal performance of the boom cylinder. Begin by ensuring that the surrounding area is clean and free of debris. Align the cylinder accurately to avoid undue stress on components. Utilize appropriate mounting brackets to secure the cylinder firmly in place. Follow the manufacturer&#8217;s specifications for torque settings, and check alignment after installation. Finally, conduct a thorough test of the hydraulic system to confirm that the cylinder operates correctly.<\/p>\n<p><img decoding=\"async\" src=\"https:\/\/www.hydraulic-cylinders.net\/wp-content\/uploads\/2025\/04\/songte-chushion-collar.webp\" alt=\"Collare a cuscino\"><\/p>\n<h2>Attivit\u00e0 di manutenzione comuni<\/h2>\n<h3>Ispezioni regolari<\/h3>\n<p>Ispezioni frequenti aiutano a individuare tempestivamente problemi come usura o perdite. Un controllo approfondito a intervalli programmati garantisce il corretto e sicuro funzionamento del cilindro, riducendo al minimo i tempi di fermo e le costose riparazioni.<\/p>\n<h3>Lubrificazione corretta<\/h3>\n<p>Maintaining adequate lubrication of the hydraulic components is crucial. This process reduces friction and wear, ensuring smooth operation and extending the cylinder&#8217;s lifespan significantly.<\/p>\n<h3>Sostituzione della guarnizione<\/h3>\n<p>Con il tempo, le guarnizioni possono degradarsi, causando perdite di fluido idraulico. La sostituzione regolare di queste guarnizioni \u00e8 essenziale per mantenere la pressione e la funzionalit\u00e0 del sistema.<\/p>\n<h2>Considerazioni sulla sicurezza e fattori ambientali<\/h2>\n<p>Quando si lavora con sistemi idraulici, il rispetto dei protocolli di sicurezza \u00e8 essenziale per prevenire incidenti. L'utilizzo di dispositivi di protezione individuale (DPI) e la formazione adeguata degli operatori riducono al minimo i rischi associati a guasti idraulici. Inoltre, \u00e8 necessario considerare l'impatto ambientale utilizzando fluidi idraulici ecocompatibili e smaltire i materiali di scarto in modo responsabile.<\/p>\n<h2>Risoluzione dei problemi e problemi comuni<\/h2>\n<ul>\n<li><strong>Perdita:<\/strong> Spesso, questo problema pu\u00f2 essere ricondotto a guarnizioni usurate o a un'installazione non corretta. Controlli e manutenzione regolari possono prevenire questo problema.<\/li>\n<li><strong>Risposta lenta:<\/strong> Un cilindro che si muove lentamente potrebbe indicare bassi livelli di fluido idraulico o ostruzioni nelle linee idrauliche. Ispezionare e rabboccare se necessario.<\/li>\n<li><strong>Rumore eccessivo:<\/strong> Rumori insoliti durante il funzionamento possono indicare usura o danni interni. Un'indagine tempestiva \u00e8 fondamentale per prevenire ulteriori danni.<\/li>\n<\/ul>\n<h2>Suggerimenti per la risoluzione dei problemi<\/h2>\n<p>To effectively troubleshoot hydraulic issues, begin by consulting the machinery&#8217;s manual for specific error codes. Conduct visual inspections for leaks or damage. Regular maintenance, including lubrication and seal checks, is vital to prevent common problems. Implementing a preventive maintenance plan can significantly reduce the likelihood of serious hydraulic issues.<\/p>\n<p><img decoding=\"async\" src=\"https:\/\/www.hydraulic-cylinders.net\/wp-content\/uploads\/2025\/04\/songte-bushings-with-all-kinds-of-excavator-models.webp\" alt=\"Boccole per escavatori\"><\/p>\n<h2>Panoramica aziendale<\/h2>\n<p>In qualit\u00e0 di produttore e grossista leader di cilindri idraulici, la nostra azienda \u00e8 riconosciuta per la sua vasta gamma di prodotti. Aderiamo al principio dell'eccellenza qualitativa, supportato da una sofisticata strategia di gestione della produzione. Il nostro impegno nell'utilizzare personale qualificato, tecnologie di produzione digitale avanzate e sistemi di collaudo professionali ci consente di soddisfare efficacemente le diverse esigenze dei clienti.<\/p>\n<p><img decoding=\"async\" src=\"https:\/\/www.hydraulic-cylinders.net\/wp-content\/uploads\/2025\/04\/songte-company-4.webp\" alt=\"Stabilimento di produzione\"><br \/>\n<img decoding=\"async\" src=\"https:\/\/www.hydraulic-cylinders.net\/wp-content\/uploads\/2025\/04\/songte-company-3.webp\" alt=\"Attrezzature di produzione\"><\/p>\n<h2>Conclusione<\/h2>\n<p>Con un'attenzione particolare alla professionalit\u00e0, alle certificazioni internazionali e ai servizi personalizzati, siamo orgogliosi delle nostre attrezzature di produzione all'avanguardia e del nostro servizio post-vendita dedicato. I nostri prodotti sono progettati per soddisfare i pi\u00f9 elevati standard, garantendo la soddisfazione del cliente e un'affidabilit\u00e0 a lungo termine.<\/p>\n<p>Autore: lyl<\/p>","protected":false},"excerpt":{"rendered":"<p>Boom Cylinder For XCMG Large Excavator XE500M Understanding the Boom Cylinder The boom cylinder is a vital component in the hydraulic system of heavy machinery, particularly excavators. It is designed to control the movement of the boom, allowing it to extend, retract, and tilt. This functionality is essential for various material handling tasks, such as [&hellip;]<\/p>","protected":false},"featured_media":17873,"comment_status":"open","ping_status":"closed","template":"","meta":{"_et_pb_use_builder":"","_et_pb_old_content":"","_et_gb_content_width":""},"product_brand":[],"product_cat":[1546],"product_tag":[1547,1496],"class_list":{"0":"post-19202","1":"product","2":"type-product","3":"status-publish","4":"has-post-thumbnail","6":"product_cat-boom-cylinders","7":"product_tag-boom-cylinders","8":"product_tag-hydraulic-cylinders","10":"first","11":"instock","12":"shipping-taxable","13":"product-type-simple"},"amp_enabled":true,"_links":{"self":[{"href":"https:\/\/www.hydraulic-cylinders.net\/it\/wp-json\/wp\/v2\/product\/19202","targetHints":{"allow":["GET"]}}],"collection":[{"href":"https:\/\/www.hydraulic-cylinders.net\/it\/wp-json\/wp\/v2\/product"}],"about":[{"href":"https:\/\/www.hydraulic-cylinders.net\/it\/wp-json\/wp\/v2\/types\/product"}],"replies":[{"embeddable":true,"href":"https:\/\/www.hydraulic-cylinders.net\/it\/wp-json\/wp\/v2\/comments?post=19202"}],"wp:featuredmedia":[{"embeddable":true,"href":"https:\/\/www.hydraulic-cylinders.net\/it\/wp-json\/wp\/v2\/media\/17873"}],"wp:attachment":[{"href":"https:\/\/www.hydraulic-cylinders.net\/it\/wp-json\/wp\/v2\/media?parent=19202"}],"wp:term":[{"taxonomy":"product_brand","embeddable":true,"href":"https:\/\/www.hydraulic-cylinders.net\/it\/wp-json\/wp\/v2\/product_brand?post=19202"},{"taxonomy":"product_cat","embeddable":true,"href":"https:\/\/www.hydraulic-cylinders.net\/it\/wp-json\/wp\/v2\/product_cat?post=19202"},{"taxonomy":"product_tag","embeddable":true,"href":"https:\/\/www.hydraulic-cylinders.net\/it\/wp-json\/wp\/v2\/product_tag?post=19202"}],"curies":[{"name":"parola chiave","href":"https:\/\/api.w.org\/{rel}","templated":true}]}}