{"id":634,"date":"2023-08-21T02:32:30","date_gmt":"2023-08-21T02:32:30","guid":{"rendered":"https:\/\/hydraulic-cylinders.net\/?post_type=product&#038;p=634"},"modified":"2025-04-11T03:15:51","modified_gmt":"2025-04-11T03:15:51","slug":"forklift-tilt-hydraulic-cylinder","status":"publish","type":"product","link":"https:\/\/www.hydraulic-cylinders.net\/it\/prodotto\/forklift-tilt-hydraulic-cylinder\/","title":{"rendered":"Cilindro idraulico di inclinazione del carrello elevatore"},"content":{"rendered":"<h1 style=\"text-align: center;\"><strong>Cilindri idraulici di inclinazione per carrelli elevatori<\/strong><\/h1>\n<p><img loading=\"lazy\" decoding=\"async\" class=\"aligncenter wp-image-635\" src=\"https:\/\/hydraulic-cylinders.net\/wp-content\/uploads\/2023\/08\/tilt-hydraulic-cylinder-product-1-4-300x300.webp\" alt=\"prodotto cilindro idraulico inclinabile\" width=\"400\" height=\"400\" \/><\/p>\n<p>Il cilindro idraulico di ribaltamento del carrello elevatore \u00e8 un cilindro idraulico a doppio effetto utilizzato per inclinare il montante del carrello elevatore. Di solito si trova sui lati destro e sinistro del carrello elevatore ed \u00e8 collegato al montante e al telaio del carrello elevatore.<\/p>\n<p>Il cilindro di ribaltamento funziona utilizzando l'olio idraulico per spingere e tirare il pistone all'interno del cilindro. Quando l'olio idraulico viene pompato nel cilindro, il pistone si sposta in avanti, inclinando l'asta in avanti. Quando l'olio idraulico esce dal cilindro, il pistone si sposta all'indietro, inclinando l'asta.<\/p>\n<p>Il cilindro di inclinazione \u00e8 una parte importante delle prestazioni di sicurezza dei carrelli elevatori. Consentono agli operatori di inclinare il montante per scaricare o caricare il materiale dalla forca. Il cilindro di inclinazione aiuta anche a prevenire il ribaltamento del carrello elevatore.<\/p>\n<h2><strong>Cilindri idraulici di inclinazione del carrello elevatore Parametro:<\/strong><\/h2>\n<table>\n<tbody>\n<tr>\n<td><img loading=\"lazy\" decoding=\"async\" class=\"alignnone wp-image-636 size-full\" src=\"https:\/\/hydraulic-cylinders.net\/wp-content\/uploads\/2023\/08\/tilt-hydraulic-cylinder-product-1.webp\" alt=\"\" width=\"333\" height=\"262\" srcset=\"https:\/\/www.hydraulic-cylinders.net\/wp-content\/uploads\/2023\/08\/tilt-hydraulic-cylinder-product-1.webp 333w, https:\/\/www.hydraulic-cylinders.net\/wp-content\/uploads\/2023\/08\/tilt-hydraulic-cylinder-product-1-300x236.webp 300w\" sizes=\"(max-width: 333px) 100vw, 333px\" \/><\/td>\n<td><img loading=\"lazy\" decoding=\"async\" class=\"alignnone wp-image-637 size-full\" src=\"https:\/\/hydraulic-cylinders.net\/wp-content\/uploads\/2023\/08\/tilt-hydraulic-cylinder-product-1-1.webp\" alt=\"\" width=\"326\" height=\"286\" srcset=\"https:\/\/www.hydraulic-cylinders.net\/wp-content\/uploads\/2023\/08\/tilt-hydraulic-cylinder-product-1-1.webp 326w, https:\/\/www.hydraulic-cylinders.net\/wp-content\/uploads\/2023\/08\/tilt-hydraulic-cylinder-product-1-1-300x263.webp 300w\" sizes=\"(max-width: 326px) 100vw, 326px\" \/><\/td>\n<\/tr>\n<\/tbody>\n<\/table>\n<table border=\"1\" cellspacing=\"0\" cellpadding=\"0\">\n<tbody>\n<tr>\n<td width=\"246\">Nome del cilindro<\/td>\n<td width=\"336\">numero di disegno<\/td>\n<td width=\"126\">diametro del foro (D)<\/td>\n<td width=\"123\">diametro dell'asta (d)<\/td>\n<td width=\"114\">ictus (S)<\/td>\n<td width=\"170\">Distanza di installazione (L)<\/td>\n<td width=\"172\">pressione di lavoro<\/td>\n<td width=\"366\">Dimensioni dell'interfaccia (M)<\/td>\n<td width=\"96\">peso<\/td>\n<\/tr>\n<tr>\n<td width=\"246\">CILINDRO INCLINATO<\/td>\n<td>QA20V500-405000-000<\/td>\n<td>\u03a660<\/td>\n<td>\u03a630<\/td>\n<td>32<\/td>\n<td>109<\/td>\n<td>18MPa<\/td>\n<td>2-M14*1.5<\/td>\n<td>3,4 kg<\/td>\n<\/tr>\n<\/tbody>\n<\/table>\n<table>\n<tbody>\n<tr>\n<td><img loading=\"lazy\" decoding=\"async\" class=\"alignnone wp-image-638 size-full\" src=\"https:\/\/hydraulic-cylinders.net\/wp-content\/uploads\/2023\/08\/tilt-hydraulic-cylinder-product-1-2.webp\" alt=\"\" width=\"475\" height=\"365\" srcset=\"https:\/\/www.hydraulic-cylinders.net\/wp-content\/uploads\/2023\/08\/tilt-hydraulic-cylinder-product-1-2.webp 475w, https:\/\/www.hydraulic-cylinders.net\/wp-content\/uploads\/2023\/08\/tilt-hydraulic-cylinder-product-1-2-300x231.webp 300w\" sizes=\"(max-width: 475px) 100vw, 475px\" \/><\/td>\n<td><img loading=\"lazy\" decoding=\"async\" class=\"alignnone wp-image-639 size-full\" src=\"https:\/\/hydraulic-cylinders.net\/wp-content\/uploads\/2023\/08\/tilt-hydraulic-cylinder-product-1-3.webp\" alt=\"\" width=\"475\" height=\"155\" srcset=\"https:\/\/www.hydraulic-cylinders.net\/wp-content\/uploads\/2023\/08\/tilt-hydraulic-cylinder-product-1-3.webp 475w, https:\/\/www.hydraulic-cylinders.net\/wp-content\/uploads\/2023\/08\/tilt-hydraulic-cylinder-product-1-3-300x98.webp 300w\" sizes=\"(max-width: 475px) 100vw, 475px\" \/><\/td>\n<\/tr>\n<\/tbody>\n<\/table>\n<table border=\"1\" width=\"100%\" cellspacing=\"0\" cellpadding=\"0\">\n<tbody>\n<tr>\n<td width=\"246\">Nome del cilindro<\/td>\n<td width=\"336\">numero di disegno<\/td>\n<td width=\"126\">diametro del foro (D)<\/td>\n<td width=\"123\">diametro dell'asta (d)<\/td>\n<td width=\"114\">ictus (S)<\/td>\n<td width=\"170\">Distanza di installazione (L)<\/td>\n<td width=\"172\">pressione di lavoro<\/td>\n<td width=\"366\">Dimensioni dell'interfaccia (M)<\/td>\n<td width=\"96\">peso<\/td>\n<\/tr>\n<tr>\n<td width=\"246\">CILINDRO INCLINATO<\/td>\n<td>S16N450-600000-001Z<\/td>\n<td>\u03a663<\/td>\n<td>\u03a625<\/td>\n<td>55<\/td>\n<td>368<\/td>\n<td>18,1MPa<\/td>\n<td>2-G1\/4<\/td>\n<td>8,2 kg<\/td>\n<\/tr>\n<tr>\n<td width=\"246\">CILINDRO INCLINATO<\/td>\n<td>RTE35M300-600000-500<\/td>\n<td>\u03a685<\/td>\n<td>\u03a635<\/td>\n<td>180<\/td>\n<td>565<\/td>\n<td>18,1MPa<\/td>\n<td>2-M16*1.5<\/td>\n<td>17 kg<\/td>\n<\/tr>\n<tr>\n<td width=\"246\">CILINDRO INCLINATO<\/td>\n<td>A15N450-600000AZ<\/td>\n<td>\u03a665<\/td>\n<td>\u03a625<\/td>\n<td>109<\/td>\n<td>514<\/td>\n<td>18,1MPa<\/td>\n<td>2-G1\/4<\/td>\n<td>11,6 kg<\/td>\n<\/tr>\n<\/tbody>\n<\/table>\n<table>\n<tbody>\n<tr>\n<td><img loading=\"lazy\" decoding=\"async\" class=\"alignnone wp-image-640 size-full\" src=\"https:\/\/hydraulic-cylinders.net\/wp-content\/uploads\/2023\/08\/tilt-hydraulic-cylinder-product-1-4-1.webp\" alt=\"\" width=\"476\" height=\"398\" srcset=\"https:\/\/www.hydraulic-cylinders.net\/wp-content\/uploads\/2023\/08\/tilt-hydraulic-cylinder-product-1-4-1.webp 476w, https:\/\/www.hydraulic-cylinders.net\/wp-content\/uploads\/2023\/08\/tilt-hydraulic-cylinder-product-1-4-1-300x251.webp 300w\" sizes=\"(max-width: 476px) 100vw, 476px\" \/><\/td>\n<td><img loading=\"lazy\" decoding=\"async\" class=\"alignnone wp-image-641 size-full\" src=\"https:\/\/hydraulic-cylinders.net\/wp-content\/uploads\/2023\/08\/tilt-hydraulic-cylinder-product-1-5.webp\" alt=\"\" width=\"475\" height=\"162\" srcset=\"https:\/\/www.hydraulic-cylinders.net\/wp-content\/uploads\/2023\/08\/tilt-hydraulic-cylinder-product-1-5.webp 475w, https:\/\/www.hydraulic-cylinders.net\/wp-content\/uploads\/2023\/08\/tilt-hydraulic-cylinder-product-1-5-300x102.webp 300w\" sizes=\"(max-width: 475px) 100vw, 475px\" \/><\/td>\n<\/tr>\n<\/tbody>\n<\/table>\n<table border=\"1\" width=\"100%\" cellspacing=\"0\" cellpadding=\"0\">\n<tbody>\n<tr>\n<td width=\"246\">Nome del cilindro<\/td>\n<td width=\"336\">numero di disegno<\/td>\n<td width=\"126\">diametro del foro (D)<\/td>\n<td width=\"123\">diametro dell'asta (d)<\/td>\n<td width=\"114\">ictus (S)<\/td>\n<td width=\"170\">Distanza di installazione (L)<\/td>\n<td width=\"172\">pressione di lavoro<\/td>\n<td width=\"366\">Dimensioni dell'interfaccia (M)<\/td>\n<td width=\"96\">peso<\/td>\n<\/tr>\n<tr>\n<td>CILINDRO INCLINATO<\/td>\n<td>A30M300-600000-000B<\/td>\n<td>\u03a670<\/td>\n<td>\u03a630<\/td>\n<td>156<\/td>\n<td>453<\/td>\n<td>18,1MPa<\/td>\n<td>2-G1\/4<\/td>\n<td>12 kg<\/td>\n<\/tr>\n<tr>\n<td>CILINDRO INCLINATO<\/td>\n<td>A35M300-600000-000C<\/td>\n<td>\u03a680<\/td>\n<td>\u03a630<\/td>\n<td>156<\/td>\n<td>456.5<\/td>\n<td>18,1MPa<\/td>\n<td>2-G1\/4<\/td>\n<td>13 kg<\/td>\n<\/tr>\n<tr>\n<td>CILINDRO INCLINATO<\/td>\n<td>A45M300-600000Z<\/td>\n<td>\u03a6100<\/td>\n<td>\u03a640<\/td>\n<td>193<\/td>\n<td>498<\/td>\n<td>18,1MPa<\/td>\n<td>2-M16*1.5<\/td>\n<td>22 kg<\/td>\n<\/tr>\n<\/tbody>\n<\/table>\n<h2><strong>Metodo di utilizzo di <\/strong><strong>Cilindro idraulico di sollevamento del carrello elevatore<\/strong><strong>:<\/strong><\/h2>\n<ul>\n<li><strong>Fase 1: analisi del sistema<\/strong>: Analizzare i requisiti del sistema idraulico e determinare le specifiche appropriate per il cilindro idraulico. Considerare fattori quali la capacit\u00e0 di carico, la lunghezza della corsa e la pressione di esercizio.<\/li>\n<li><strong>Fase 2: Selezione del cilindro<\/strong>: Selezionare il cilindro idraulico adatto ai requisiti del sistema. Assicuratevi la compatibilit\u00e0 con gli altri componenti del sistema e considerate fattori quali lo stile di montaggio, il diametro dello stelo e le dimensioni dell'attacco.<\/li>\n<li><strong>Fase 3: installazione<\/strong>: Installare il cilindro idraulico nel sistema idraulico, seguendo le istruzioni del produttore. Prestare attenzione all'allineamento corretto, al montaggio sicuro e ai collegamenti senza perdite.<\/li>\n<li><strong>Fase 4: collaudo del sistema<\/strong>: Eseguire un test approfondito dell'impianto idraulico, compreso il cilindro idraulico. Verificare il corretto funzionamento, le perdite di fluido e qualsiasi problema potenziale. Effettuare le regolazioni necessarie per garantire prestazioni ottimali.<\/li>\n<\/ul>\n<h2><strong>Capacit\u00e0 e capacit\u00e0 della fabbrica:<\/strong><\/h2>\n<h3>(1) Montaggio<\/h3>\n<p>Disponiamo di una piattaforma di ricerca e sviluppo indipendente di prima classe. L'officina di produzione di cilindri per carrelli elevatori dispone di 4 linee di assemblaggio semiautomatiche di cilindri di sollevamento e di 1 linea di assemblaggio automatica di cilindri di inclinazione, con una capacit\u00e0 produttiva annua progettata di 1 milione di pezzi; l'officina di cilindri speciali \u00e8 dotata di un sistema di assemblaggio semiautomatico di pulizia con varie specifiche, con una capacit\u00e0 produttiva annua progettata di 200.000 pezzi. Dotata di famose attrezzature per la lavorazione CNC, centro di lavoro, attrezzature speciali per la lavorazione dei cilindri ad alta precisione, saldatrice robotica, macchina per la pulizia automatica, macchina per l'assemblaggio automatico dei cilindri, linea di produzione di verniciatura automatica. Le attrezzature chiave esistenti sono pi\u00f9 di 300 (set). L'allocazione ottimale e l'uso efficiente delle risorse delle attrezzature garantiscono i requisiti di precisione dei prodotti e soddisfano i requisiti di alta qualit\u00e0 dei prodotti.<\/p>\n<p><img loading=\"lazy\" decoding=\"async\" class=\"alignnone wp-image-626\" src=\"https:\/\/hydraulic-cylinders.net\/wp-content\/uploads\/2023\/08\/hydraulic-cylinder-product-1-300x158.webp\" alt=\"\" width=\"495\" height=\"260\" srcset=\"https:\/\/hydraulic-cylinders.net\/wp-content\/uploads\/2023\/08\/hydraulic-cylinder-product-1-300x158.webp 495w, https:\/\/hydraulic-cylinders.net\/wp-content\/uploads\/2023\/08\/hydraulic-cylinder-product-1-480x252.webp 480w\" sizes=\"(min-width: 0px) and (max-width: 480px) 480px, (min-width: 481px) 495px, 100vw\" \/> <img loading=\"lazy\" decoding=\"async\" class=\"alignnone wp-image-627\" src=\"https:\/\/hydraulic-cylinders.net\/wp-content\/uploads\/2023\/08\/hydraulic-cylinder-product-2-300x189.webp\" alt=\"\" width=\"413\" height=\"260\" \/><\/p>\n<h3>(2) Lavorazione<\/h3>\n<p>L'officina di lavorazione \u00e8 dotata di un centro di tornitura su rotaia inclinata personalizzato, di un centro di lavorazione, di una levigatrice ad alta velocit\u00e0, di un robot di saldatura e di altre attrezzature correlate, in grado di gestire la lavorazione di tubi cilindrici con un diametro interno massimo di 400 mm e una lunghezza massima di 6 metri.<\/p>\n<p><img loading=\"lazy\" decoding=\"async\" class=\"alignnone wp-image-628 size-large\" src=\"https:\/\/hydraulic-cylinders.net\/wp-content\/uploads\/2023\/08\/hydraulic-cylinder-product-3-1024x391.webp\" alt=\"\" width=\"1024\" height=\"391\" srcset=\"https:\/\/hydraulic-cylinders.net\/wp-content\/uploads\/2023\/08\/hydraulic-cylinder-product-3-980x374.webp 980w, https:\/\/hydraulic-cylinders.net\/wp-content\/uploads\/2023\/08\/hydraulic-cylinder-product-3-480x183.webp 480w\" sizes=\"(min-width: 0px) and (max-width: 480px) 480px, (min-width: 481px) and (max-width: 980px) 980px, (min-width: 981px) 1024px, 100vw\" \/><\/p>\n<h3>(3) Saldatura<\/h3>\n<p><img loading=\"lazy\" decoding=\"async\" class=\"alignnone wp-image-629 size-large\" src=\"https:\/\/hydraulic-cylinders.net\/wp-content\/uploads\/2023\/08\/hydraulic-cylinder-product-4-1024x510.webp\" alt=\"\" width=\"1024\" height=\"510\" srcset=\"https:\/\/hydraulic-cylinders.net\/wp-content\/uploads\/2023\/08\/hydraulic-cylinder-product-4-980x488.webp 980w, https:\/\/hydraulic-cylinders.net\/wp-content\/uploads\/2023\/08\/hydraulic-cylinder-product-4-480x239.webp 480w\" sizes=\"(min-width: 0px) and (max-width: 480px) 480px, (min-width: 481px) and (max-width: 980px) 980px, (min-width: 981px) 1024px, 100vw\" \/><\/p>\n<h3>(4) Verniciatura e rivestimento<\/h3>\n<p>Con una linea di verniciatura automatica a base d'acqua per cilindri di piccole e medie dimensioni, per realizzare il carico e lo scarico automatico con robot e la spruzzatura automatica, la capacit\u00e0 di progettazione \u00e8 di 4000 pezzi per turno;<br \/>\nDisponiamo anche di una linea di produzione semiautomatica di vernici per cilindri di grandi dimensioni, alimentata da una catena elettrica, con una capacit\u00e0 progettuale di 60 casse per turno.<\/p>\n<p><img loading=\"lazy\" decoding=\"async\" class=\"alignnone wp-image-630\" src=\"https:\/\/hydraulic-cylinders.net\/wp-content\/uploads\/2023\/08\/hydraulic-cylinder-product-5-300x213.webp\" alt=\"\" width=\"366\" height=\"260\" \/> <img loading=\"lazy\" decoding=\"async\" class=\"alignnone wp-image-631\" src=\"https:\/\/hydraulic-cylinders.net\/wp-content\/uploads\/2023\/08\/hydraulic-cylinder-product-6-300x225.webp\" alt=\"\" width=\"347\" height=\"260\" \/><\/p>\n<h3>(5) Test<\/h3>\n<p>Disponiamo di strutture di ispezione e banchi di prova di prim'ordine per garantire che le prestazioni del cilindro siano conformi ai requisiti.<\/p>\n<p><img loading=\"lazy\" decoding=\"async\" class=\"alignnone wp-image-632\" src=\"https:\/\/hydraulic-cylinders.net\/wp-content\/uploads\/2023\/08\/hydraulic-cylinder-product-8-300x200.webp\" alt=\"\" width=\"389\" height=\"260\" \/><\/p>\n<p>&nbsp;<\/p>\n<p>&nbsp;<\/p>\n<p>Siamo uno dei migliori produttori di cilindri idraulici. Possiamo offrire un ampio stock di cilindri idraulici. Forniamo anche i corrispondenti <a href=\"https:\/\/hzpt.com\/agricultural-pto-gearbox\/\" target=\"_blank\" rel=\"noopener\">riduttori agricoli<\/a>. Abbiamo esportato i nostri prodotti in tutto il mondo e ci siamo guadagnati una buona reputazione grazie alla qualit\u00e0 superiore dei nostri prodotti e al servizio post-vendita. Accogliamo calorosamente i clienti sia in patria che all'estero per contattarci per negoziare affari, scambiare informazioni e\u00a0<a href=\"https:\/\/www.hydraulic-cylinders.net\/it\/contact-us\/\">collaborare con noi<\/a>!<\/p>","protected":false},"excerpt":{"rendered":"<p>Forklift Tilt Hydraulic Cylinders Forklift tilting hydraulic cylinder is a double acting hydraulic cylinder used for tilting the forklift mast. It is usually located on the left and right sides of the forklift and is connected to the mast and frame of the forklift. The tilting cylinder works by using hydraulic oil to push and [&hellip;]<\/p>","protected":false},"featured_media":642,"comment_status":"open","ping_status":"closed","template":"","meta":{"_et_pb_use_builder":"","_et_pb_old_content":"","_et_gb_content_width":""},"product_brand":[],"product_cat":[1550,1484],"product_tag":[1380],"class_list":{"0":"post-634","1":"product","2":"type-product","3":"status-publish","4":"has-post-thumbnail","6":"product_cat-double-acting-hydraulic-cylinder","7":"product_cat-forklift-hydraulic-cylinders","8":"product_tag-hydraulic-cylinder","10":"first","11":"instock","12":"shipping-taxable","13":"product-type-simple"},"amp_enabled":true,"_links":{"self":[{"href":"https:\/\/www.hydraulic-cylinders.net\/it\/wp-json\/wp\/v2\/product\/634","targetHints":{"allow":["GET"]}}],"collection":[{"href":"https:\/\/www.hydraulic-cylinders.net\/it\/wp-json\/wp\/v2\/product"}],"about":[{"href":"https:\/\/www.hydraulic-cylinders.net\/it\/wp-json\/wp\/v2\/types\/product"}],"replies":[{"embeddable":true,"href":"https:\/\/www.hydraulic-cylinders.net\/it\/wp-json\/wp\/v2\/comments?post=634"}],"wp:featuredmedia":[{"embeddable":true,"href":"https:\/\/www.hydraulic-cylinders.net\/it\/wp-json\/wp\/v2\/media\/642"}],"wp:attachment":[{"href":"https:\/\/www.hydraulic-cylinders.net\/it\/wp-json\/wp\/v2\/media?parent=634"}],"wp:term":[{"taxonomy":"product_brand","embeddable":true,"href":"https:\/\/www.hydraulic-cylinders.net\/it\/wp-json\/wp\/v2\/product_brand?post=634"},{"taxonomy":"product_cat","embeddable":true,"href":"https:\/\/www.hydraulic-cylinders.net\/it\/wp-json\/wp\/v2\/product_cat?post=634"},{"taxonomy":"product_tag","embeddable":true,"href":"https:\/\/www.hydraulic-cylinders.net\/it\/wp-json\/wp\/v2\/product_tag?post=634"}],"curies":[{"name":"parola chiave","href":"https:\/\/api.w.org\/{rel}","templated":true}]}}