{"id":643,"date":"2023-08-21T02:44:39","date_gmt":"2023-08-21T02:44:39","guid":{"rendered":"https:\/\/hydraulic-cylinders.net\/?post_type=product&#038;p=643"},"modified":"2025-04-11T03:15:48","modified_gmt":"2025-04-11T03:15:48","slug":"forklift-steering-hydraulic-cylinder","status":"publish","type":"product","link":"https:\/\/www.hydraulic-cylinders.net\/it\/prodotto\/forklift-steering-hydraulic-cylinder\/","title":{"rendered":"Cilindro idraulico di sterzo del carrello elevatore"},"content":{"rendered":"<h1 style=\"text-align: center;\"><strong>Cilindri idraulici di sterzo per carrelli elevatori<\/strong><\/h1>\n<p><img loading=\"lazy\" decoding=\"async\" class=\"aligncenter wp-image-644 size-full\" src=\"https:\/\/hydraulic-cylinders.net\/wp-content\/uploads\/2023\/08\/steering-hydraulic-cylinder-product-1.webp\" alt=\"prodotto cilindro idraulico sterzante\" width=\"382\" height=\"382\" srcset=\"https:\/\/www.hydraulic-cylinders.net\/wp-content\/uploads\/2023\/08\/steering-hydraulic-cylinder-product-1.webp 382w, https:\/\/www.hydraulic-cylinders.net\/wp-content\/uploads\/2023\/08\/steering-hydraulic-cylinder-product-1-300x300.webp 300w, https:\/\/www.hydraulic-cylinders.net\/wp-content\/uploads\/2023\/08\/steering-hydraulic-cylinder-product-1-100x100.webp 100w, https:\/\/www.hydraulic-cylinders.net\/wp-content\/uploads\/2023\/08\/steering-hydraulic-cylinder-product-1-150x150.webp 150w\" sizes=\"(max-width: 382px) 100vw, 382px\" \/><\/p>\n<p>Cilindri idraulici di sterzo per carrelli elevatori, la forza trainante che consente un controllo preciso dello sterzo e una maggiore manovrabilit\u00e0 nelle operazioni con i carrelli elevatori. Questi componenti essenziali svolgono un ruolo fondamentale nel garantire una sterzata fluida e reattiva, consentendo agli operatori di navigare in spazi ristretti e di gestire carichi pesanti con facilit\u00e0.<\/p>\n<p>I cilindri idraulici di sterzo per carrelli elevatori sono compatibili con un'ampia gamma di modelli e marche di carrelli elevatori e rappresentano una soluzione versatile per diverse applicazioni. Che si tratti di magazzini, logistica, produzione o qualsiasi altro settore, questi cilindri possono essere adattati alle vostre esigenze specifiche.<\/p>\n<p>Aggiornando i vostri carrelli elevatori con questi cilindri, potrete migliorare significativamente l'efficienza dello sterzo e la produttivit\u00e0. Sperimentate curve pi\u00f9 fluide, una movimentazione precisa e una riduzione dell'affaticamento dell'operatore, con conseguenti operazioni di movimentazione dei materiali pi\u00f9 rapide ed efficienti.<\/p>\n<h2><strong>Parametro del cilindro idraulico di sterzo del carrello elevatore:<\/strong><\/h2>\n<table>\n<tbody>\n<tr>\n<td><img loading=\"lazy\" decoding=\"async\" class=\"alignnone wp-image-645 size-full\" src=\"https:\/\/hydraulic-cylinders.net\/wp-content\/uploads\/2023\/08\/steering-hydraulic-cylinder-product-1-1.webp\" alt=\"\" width=\"334\" height=\"255\" srcset=\"https:\/\/www.hydraulic-cylinders.net\/wp-content\/uploads\/2023\/08\/steering-hydraulic-cylinder-product-1-1.webp 334w, https:\/\/www.hydraulic-cylinders.net\/wp-content\/uploads\/2023\/08\/steering-hydraulic-cylinder-product-1-1-300x229.webp 300w\" sizes=\"(max-width: 334px) 100vw, 334px\" \/><\/td>\n<td><img loading=\"lazy\" decoding=\"async\" class=\"alignnone wp-image-646 size-full\" src=\"https:\/\/hydraulic-cylinders.net\/wp-content\/uploads\/2023\/08\/steering-hydraulic-cylinder-product-1-1.jpg.webp\" alt=\"\" width=\"475\" height=\"160\" srcset=\"https:\/\/www.hydraulic-cylinders.net\/wp-content\/uploads\/2023\/08\/steering-hydraulic-cylinder-product-1-1.jpg.webp 475w, https:\/\/www.hydraulic-cylinders.net\/wp-content\/uploads\/2023\/08\/steering-hydraulic-cylinder-product-1-1.jpg-300x101.webp 300w\" sizes=\"(max-width: 475px) 100vw, 475px\" \/><\/td>\n<\/tr>\n<\/tbody>\n<\/table>\n<table style=\"height: 95px;\" border=\"1\" cellspacing=\"0\" cellpadding=\"0\">\n<tbody>\n<tr style=\"height: 47px;\">\n<td style=\"height: 47px; width: 122.175px;\">Nome del cilindro<\/td>\n<td style=\"height: 47px; width: 154.2px;\">numero di disegno<\/td>\n<td style=\"height: 47px; width: 80.3125px;\">diametro del foro (D)<\/td>\n<td style=\"height: 47px; width: 79.225px;\">diametro dell'asta (d)<\/td>\n<td style=\"height: 47px; width: 65.5375px;\">ictus (S)<\/td>\n<td style=\"height: 47px; width: 104.15px;\">Distanza di installazione (L)<\/td>\n<td style=\"height: 47px; width: 97.925px;\">pressione di lavoro<\/td>\n<td style=\"height: 47px; width: 177.45px;\">Dimensioni dell'interfaccia (M)<\/td>\n<td style=\"height: 47px; width: 60.5875px;\">peso<\/td>\n<\/tr>\n<tr style=\"height: 48px;\">\n<td class=\"et3\" style=\"height: 48px; width: 122.175px;\" height=\"325\">Cilindro di sterzo<\/td>\n<td class=\"et4\" style=\"height: 48px; width: 154.2px;\">R960-224000-001<\/td>\n<td class=\"et4\" style=\"height: 48px; width: 80.3125px;\">\u03a665<\/td>\n<td class=\"et4\" style=\"height: 48px; width: 79.225px;\">\u03a640<\/td>\n<td class=\"et4\" style=\"height: 48px; width: 65.5375px;\">2*98<\/td>\n<td class=\"et4\" style=\"height: 48px; width: 104.15px;\">672<\/td>\n<td class=\"et4\" style=\"height: 48px; width: 97.925px;\">10,5MPa<\/td>\n<td class=\"et4\" style=\"height: 48px; width: 177.45px;\">2-G1\/4<\/td>\n<td class=\"et4\" style=\"height: 48px; width: 60.5875px;\">15 kg<\/td>\n<\/tr>\n<\/tbody>\n<\/table>\n<table>\n<tbody>\n<tr>\n<td><img loading=\"lazy\" decoding=\"async\" class=\"alignnone wp-image-647 size-full\" src=\"https:\/\/hydraulic-cylinders.net\/wp-content\/uploads\/2023\/08\/steering-hydraulic-cylinder-product-1-2.webp\" alt=\"\" width=\"333\" height=\"252\" srcset=\"https:\/\/www.hydraulic-cylinders.net\/wp-content\/uploads\/2023\/08\/steering-hydraulic-cylinder-product-1-2.webp 333w, https:\/\/www.hydraulic-cylinders.net\/wp-content\/uploads\/2023\/08\/steering-hydraulic-cylinder-product-1-2-300x227.webp 300w\" sizes=\"(max-width: 333px) 100vw, 333px\" \/><\/td>\n<td><img loading=\"lazy\" decoding=\"async\" class=\"alignnone wp-image-648 size-full\" src=\"https:\/\/hydraulic-cylinders.net\/wp-content\/uploads\/2023\/08\/steering-hydraulic-cylinder-product-1-3.webp\" alt=\"\" width=\"475\" height=\"168\" srcset=\"https:\/\/www.hydraulic-cylinders.net\/wp-content\/uploads\/2023\/08\/steering-hydraulic-cylinder-product-1-3.webp 475w, https:\/\/www.hydraulic-cylinders.net\/wp-content\/uploads\/2023\/08\/steering-hydraulic-cylinder-product-1-3-300x106.webp 300w\" sizes=\"(max-width: 475px) 100vw, 475px\" \/><\/td>\n<\/tr>\n<\/tbody>\n<\/table>\n<table style=\"height: 101px;\" border=\"1\" cellspacing=\"0\" cellpadding=\"0\">\n<tbody>\n<tr style=\"height: 47px;\">\n<td style=\"height: 47px; width: 122px;\">Nome del cilindro<\/td>\n<td style=\"height: 47px; width: 155px;\">numero di disegno<\/td>\n<td style=\"height: 47px; width: 80px;\">diametro del foro (D)<\/td>\n<td style=\"height: 47px; width: 79px;\">diametro dell'asta (d)<\/td>\n<td style=\"height: 47px; width: 65px;\">ictus (S)<\/td>\n<td style=\"height: 47px; width: 104px;\">Distanza di installazione (L)<\/td>\n<td style=\"height: 47px; width: 96px;\">pressione di lavoro<\/td>\n<td style=\"height: 47px; width: 177px;\">Dimensioni dell'interfaccia (M)<\/td>\n<td style=\"height: 47px; width: 60px;\">peso<\/td>\n<\/tr>\n<tr style=\"height: 54px;\">\n<td class=\"et3\" style=\"height: 54px; width: 122px;\" height=\"325\">Cilindro di sterzo<\/td>\n<td class=\"et4\" style=\"height: 54px; width: 155px;\">A2A300-223000-000<\/td>\n<td class=\"et4\" style=\"height: 54px; width: 80px;\">\u03a680<\/td>\n<td class=\"et4\" style=\"height: 54px; width: 79px;\">\u03a650<\/td>\n<td class=\"et4\" style=\"height: 54px; width: 65px;\">2*103<\/td>\n<td class=\"et4\" style=\"height: 54px; width: 104px;\">652.2<\/td>\n<td class=\"et4\" style=\"height: 54px; width: 96px;\">10MPa<\/td>\n<td class=\"et4\" style=\"height: 54px; width: 177px;\">2-M16*1.5<\/td>\n<td class=\"et4\" style=\"height: 54px; width: 60px;\">18 kg<\/td>\n<\/tr>\n<\/tbody>\n<\/table>\n<table>\n<tbody>\n<tr>\n<td><img loading=\"lazy\" decoding=\"async\" class=\"alignnone wp-image-649 size-full\" src=\"https:\/\/hydraulic-cylinders.net\/wp-content\/uploads\/2023\/08\/steering-hydraulic-cylinder-product-1-4.webp\" alt=\"\" width=\"333\" height=\"221\" srcset=\"https:\/\/www.hydraulic-cylinders.net\/wp-content\/uploads\/2023\/08\/steering-hydraulic-cylinder-product-1-4.webp 333w, https:\/\/www.hydraulic-cylinders.net\/wp-content\/uploads\/2023\/08\/steering-hydraulic-cylinder-product-1-4-300x199.webp 300w\" sizes=\"(max-width: 333px) 100vw, 333px\" \/><\/td>\n<td><img loading=\"lazy\" decoding=\"async\" class=\"alignnone wp-image-650 size-full\" src=\"https:\/\/hydraulic-cylinders.net\/wp-content\/uploads\/2023\/08\/steering-hydraulic-cylinder-product-1-5.webp\" alt=\"\" width=\"475\" height=\"176\" srcset=\"https:\/\/www.hydraulic-cylinders.net\/wp-content\/uploads\/2023\/08\/steering-hydraulic-cylinder-product-1-5.webp 475w, https:\/\/www.hydraulic-cylinders.net\/wp-content\/uploads\/2023\/08\/steering-hydraulic-cylinder-product-1-5-300x111.webp 300w\" sizes=\"(max-width: 475px) 100vw, 475px\" \/><\/td>\n<\/tr>\n<\/tbody>\n<\/table>\n<table style=\"height: 98px;\" border=\"1\" cellspacing=\"0\" cellpadding=\"0\">\n<tbody>\n<tr style=\"height: 47px;\">\n<td style=\"height: 47px; width: 122.338px;\">Nome del cilindro<\/td>\n<td style=\"height: 47px; width: 154.438px;\">numero di disegno<\/td>\n<td style=\"height: 47px; width: 80.3625px;\">diametro del foro (D)<\/td>\n<td style=\"height: 47px; width: 79.275px;\">diametro dell'asta (d)<\/td>\n<td style=\"height: 47px; width: 65.5875px;\">ictus (S)<\/td>\n<td style=\"height: 47px; width: 104.25px;\">Distanza di installazione (L)<\/td>\n<td style=\"height: 47px; width: 97.025px;\">pressione di lavoro<\/td>\n<td style=\"height: 47px; width: 177.7px;\">Dimensioni dell'interfaccia (M)<\/td>\n<td style=\"height: 47px; width: 60.625px;\">peso<\/td>\n<\/tr>\n<tr style=\"height: 51px;\">\n<td class=\"et3\" style=\"height: 51px; width: 122.338px;\" height=\"325\">Cilindro di sterzo<\/td>\n<td class=\"et4\" style=\"height: 51px; width: 154.438px;\">XF250-223000-500T<\/td>\n<td class=\"et4\" style=\"height: 51px; width: 80.3625px;\">\u03a680<\/td>\n<td class=\"et4\" style=\"height: 51px; width: 79.275px;\">\u03a650<\/td>\n<td class=\"et4\" style=\"height: 51px; width: 65.5875px;\">2*94<\/td>\n<td class=\"et4\" style=\"height: 51px; width: 104.25px;\">654<\/td>\n<td class=\"et4\" style=\"height: 51px; width: 97.025px;\">16MPa<\/td>\n<td class=\"et4\" style=\"height: 51px; width: 177.7px;\">2-M16*1.5<\/td>\n<td class=\"et4\" style=\"height: 51px; width: 60.625px;\">20 kg<\/td>\n<\/tr>\n<\/tbody>\n<\/table>\n<h2><strong>Linee guida per la manutenzione di <\/strong><strong>Cilindro idraulico di sollevamento del carrello elevatore<\/strong><strong>:<\/strong><\/h2>\n<ul>\n<li><strong>Ispezioni regolari<\/strong>: Eseguire le ispezioni di routine del cilindro idraulico per verificare eventuali segni di danni, usura o perdite. Esaminare lo stelo, le guarnizioni e i punti di montaggio. Risolvere tempestivamente qualsiasi problema per evitare ulteriori danni e mantenere prestazioni ottimali.<\/li>\n<li><strong>Controlli e sostituzione dei fluidi<\/strong>: Controllare regolarmente i livelli e la qualit\u00e0 del fluido idraulico. Assicurarsi che il fluido sia pulito e privo di contaminanti. Seguire le raccomandazioni del produttore sugli intervalli di sostituzione del fluido per mantenere una lubrificazione adeguata e le prestazioni del sistema.<\/li>\n<li><strong>Manutenzione delle guarnizioni<\/strong>: Controllare che le guarnizioni del cilindro idraulico non presentino segni di usura, incrinature o perdite. Sostituire tempestivamente le guarnizioni danneggiate per evitare perdite di fluido e garantire un funzionamento affidabile.<\/li>\n<li><strong>Manutenzione delle aste<\/strong>: Mantenere lo stelo del cilindro idraulico pulito e privo di detriti. Pulire regolarmente l'asta e applicare un lubrificante adeguato per ridurre al minimo l'attrito e prolungare la durata delle guarnizioni.<\/li>\n<li><strong>Controlli della pressione del sistema<\/strong>: Controllare periodicamente la pressione dell'impianto idraulico per assicurarsi che operi entro il range raccomandato. Se necessario, regolare la pressione seguendo le indicazioni del produttore.<\/li>\n<\/ul>\n<h2><strong>Capacit\u00e0 e capacit\u00e0 della fabbrica:<\/strong><\/h2>\n<h3>(1) Montaggio<\/h3>\n<p>Disponiamo di una piattaforma di ricerca e sviluppo indipendente di prima classe. L'officina di produzione di cilindri per carrelli elevatori dispone di 4 linee di assemblaggio semiautomatiche di cilindri di sollevamento e di 1 linea di assemblaggio automatica di cilindri di inclinazione, con una capacit\u00e0 produttiva annua progettata di 1 milione di pezzi; l'officina di cilindri speciali \u00e8 dotata di un sistema di assemblaggio semiautomatico di pulizia con varie specifiche, con una capacit\u00e0 produttiva annua progettata di 200.000 pezzi. Dotata di famose attrezzature per la lavorazione CNC, centro di lavoro, attrezzature speciali per la lavorazione dei cilindri ad alta precisione, saldatrice robotica, macchina per la pulizia automatica, macchina per l'assemblaggio automatico dei cilindri, linea di produzione di verniciatura automatica. Le attrezzature chiave esistenti sono pi\u00f9 di 300 (set). L'allocazione ottimale e l'uso efficiente delle risorse delle attrezzature garantiscono i requisiti di precisione dei prodotti e soddisfano i requisiti di alta qualit\u00e0 dei prodotti.<\/p>\n<p><img loading=\"lazy\" decoding=\"async\" class=\"alignnone wp-image-626\" src=\"https:\/\/hydraulic-cylinders.net\/wp-content\/uploads\/2023\/08\/hydraulic-cylinder-product-1-300x158.webp\" alt=\"\" width=\"495\" height=\"260\" srcset=\"https:\/\/hydraulic-cylinders.net\/wp-content\/uploads\/2023\/08\/hydraulic-cylinder-product-1-300x158.webp 495w, https:\/\/hydraulic-cylinders.net\/wp-content\/uploads\/2023\/08\/hydraulic-cylinder-product-1-480x252.webp 480w\" sizes=\"(min-width: 0px) and (max-width: 480px) 480px, (min-width: 481px) 495px, 100vw\" \/> <img loading=\"lazy\" decoding=\"async\" class=\"alignnone wp-image-627\" src=\"https:\/\/hydraulic-cylinders.net\/wp-content\/uploads\/2023\/08\/hydraulic-cylinder-product-2-300x189.webp\" alt=\"\" width=\"413\" height=\"260\" \/><\/p>\n<h3>(2) Lavorazione<\/h3>\n<p>L'officina di lavorazione \u00e8 dotata di un centro di tornitura su rotaia inclinata personalizzato, di un centro di lavorazione, di una levigatrice ad alta velocit\u00e0, di un robot di saldatura e di altre attrezzature correlate, in grado di gestire la lavorazione di tubi cilindrici con un diametro interno massimo di 400 mm e una lunghezza massima di 6 metri.<\/p>\n<p><img loading=\"lazy\" decoding=\"async\" class=\"alignnone wp-image-628 size-large\" src=\"https:\/\/hydraulic-cylinders.net\/wp-content\/uploads\/2023\/08\/hydraulic-cylinder-product-3-1024x391.webp\" alt=\"\" width=\"1024\" height=\"391\" srcset=\"https:\/\/hydraulic-cylinders.net\/wp-content\/uploads\/2023\/08\/hydraulic-cylinder-product-3-980x374.webp 980w, https:\/\/hydraulic-cylinders.net\/wp-content\/uploads\/2023\/08\/hydraulic-cylinder-product-3-480x183.webp 480w\" sizes=\"(min-width: 0px) and (max-width: 480px) 480px, (min-width: 481px) and (max-width: 980px) 980px, (min-width: 981px) 1024px, 100vw\" \/><\/p>\n<h3>(3) Saldatura<\/h3>\n<p><img loading=\"lazy\" decoding=\"async\" class=\"alignnone wp-image-629 size-large\" src=\"https:\/\/hydraulic-cylinders.net\/wp-content\/uploads\/2023\/08\/hydraulic-cylinder-product-4-1024x510.webp\" alt=\"\" width=\"1024\" height=\"510\" srcset=\"https:\/\/hydraulic-cylinders.net\/wp-content\/uploads\/2023\/08\/hydraulic-cylinder-product-4-980x488.webp 980w, https:\/\/hydraulic-cylinders.net\/wp-content\/uploads\/2023\/08\/hydraulic-cylinder-product-4-480x239.webp 480w\" sizes=\"(min-width: 0px) and (max-width: 480px) 480px, (min-width: 481px) and (max-width: 980px) 980px, (min-width: 981px) 1024px, 100vw\" \/><\/p>\n<h3>(4) Verniciatura e rivestimento<\/h3>\n<p>Con una linea di verniciatura automatica a base d'acqua per cilindri di piccole e medie dimensioni, per realizzare il carico e lo scarico automatico con robot e la spruzzatura automatica, la capacit\u00e0 di progettazione \u00e8 di 4000 pezzi per turno;<br \/>\nDisponiamo anche di una linea di produzione semiautomatica di vernici per cilindri di grandi dimensioni, alimentata da una catena elettrica, con una capacit\u00e0 progettuale di 60 casse per turno.<\/p>\n<p><img loading=\"lazy\" decoding=\"async\" class=\"alignnone wp-image-630\" src=\"https:\/\/hydraulic-cylinders.net\/wp-content\/uploads\/2023\/08\/hydraulic-cylinder-product-5-300x213.webp\" alt=\"\" width=\"366\" height=\"260\" \/> <img loading=\"lazy\" decoding=\"async\" class=\"alignnone wp-image-631\" src=\"https:\/\/hydraulic-cylinders.net\/wp-content\/uploads\/2023\/08\/hydraulic-cylinder-product-6-300x225.webp\" alt=\"\" width=\"347\" height=\"260\" \/><\/p>\n<h3>(5) Test<\/h3>\n<p>Disponiamo di strutture di ispezione e banchi di prova di prim'ordine per garantire che le prestazioni del cilindro siano conformi ai requisiti.<\/p>\n<p><img loading=\"lazy\" decoding=\"async\" class=\"alignnone wp-image-632\" src=\"https:\/\/hydraulic-cylinders.net\/wp-content\/uploads\/2023\/08\/hydraulic-cylinder-product-8-300x200.webp\" alt=\"\" width=\"389\" height=\"260\" \/><\/p>\n<p>&nbsp;<\/p>\n<p>&nbsp;<\/p>\n<p>Siamo uno dei migliori produttori di cilindri idraulici. Possiamo offrire un ampio stock di cilindri idraulici. Forniamo anche i corrispondenti <a href=\"https:\/\/hzpt.com\/agricultural-pto-gearbox\/\" target=\"_blank\" rel=\"noopener\">riduttori agricoli<\/a>. Abbiamo esportato i nostri prodotti in tutto il mondo e ci siamo guadagnati una buona reputazione grazie alla qualit\u00e0 superiore dei nostri prodotti e al servizio post-vendita. Accogliamo calorosamente i clienti sia in patria che all'estero per contattarci per negoziare affari, scambiare informazioni e\u00a0<a href=\"https:\/\/www.hydraulic-cylinders.net\/it\/contact-us\/\">collaborare con noi<\/a>!<\/p>","protected":false},"excerpt":{"rendered":"<p>Forklift Steering Hydraulic Cylinders Forklift Steering Hydraulic Cylinders, the driving force behind precise steering control and enhanced maneuverability in forklift operations. These essential components play a crucial role in ensuring smooth and responsive steering, allowing operators to navigate tight spaces and handle heavy loads with ease. The Forklift Steering Hydraulic Cylinders are compatible with a [&hellip;]<\/p>","protected":false},"featured_media":651,"comment_status":"open","ping_status":"closed","template":"","meta":{"_et_pb_use_builder":"","_et_pb_old_content":"","_et_gb_content_width":""},"product_brand":[],"product_cat":[1550,1484,1376],"product_tag":[1380],"class_list":{"0":"post-643","1":"product","2":"type-product","3":"status-publish","4":"has-post-thumbnail","6":"product_cat-double-acting-hydraulic-cylinder","7":"product_cat-forklift-hydraulic-cylinders","8":"product_cat-hydraulic-cylinder","9":"product_tag-hydraulic-cylinder","11":"first","12":"instock","13":"shipping-taxable","14":"product-type-simple"},"amp_enabled":true,"_links":{"self":[{"href":"https:\/\/www.hydraulic-cylinders.net\/it\/wp-json\/wp\/v2\/product\/643","targetHints":{"allow":["GET"]}}],"collection":[{"href":"https:\/\/www.hydraulic-cylinders.net\/it\/wp-json\/wp\/v2\/product"}],"about":[{"href":"https:\/\/www.hydraulic-cylinders.net\/it\/wp-json\/wp\/v2\/types\/product"}],"replies":[{"embeddable":true,"href":"https:\/\/www.hydraulic-cylinders.net\/it\/wp-json\/wp\/v2\/comments?post=643"}],"wp:featuredmedia":[{"embeddable":true,"href":"https:\/\/www.hydraulic-cylinders.net\/it\/wp-json\/wp\/v2\/media\/651"}],"wp:attachment":[{"href":"https:\/\/www.hydraulic-cylinders.net\/it\/wp-json\/wp\/v2\/media?parent=643"}],"wp:term":[{"taxonomy":"product_brand","embeddable":true,"href":"https:\/\/www.hydraulic-cylinders.net\/it\/wp-json\/wp\/v2\/product_brand?post=643"},{"taxonomy":"product_cat","embeddable":true,"href":"https:\/\/www.hydraulic-cylinders.net\/it\/wp-json\/wp\/v2\/product_cat?post=643"},{"taxonomy":"product_tag","embeddable":true,"href":"https:\/\/www.hydraulic-cylinders.net\/it\/wp-json\/wp\/v2\/product_tag?post=643"}],"curies":[{"name":"parola chiave","href":"https:\/\/api.w.org\/{rel}","templated":true}]}}