{"id":652,"date":"2023-08-21T02:56:38","date_gmt":"2023-08-21T02:56:38","guid":{"rendered":"https:\/\/hydraulic-cylinders.net\/?post_type=product&#038;p=652"},"modified":"2025-04-11T01:45:01","modified_gmt":"2025-04-11T01:45:01","slug":"forklift-short-lifting-hydraulic-cylinder","status":"publish","type":"product","link":"https:\/\/www.hydraulic-cylinders.net\/it\/prodotto\/forklift-short-lifting-hydraulic-cylinder\/","title":{"rendered":"Cilindro idraulico di sollevamento corto del carrello elevatore"},"content":{"rendered":"<h1 style=\"text-align: center;\"><strong>Cilindro idraulico di sollevamento corto del carrello elevatore<\/strong><\/h1>\n<p><img loading=\"lazy\" decoding=\"async\" class=\"aligncenter wp-image-653\" src=\"https:\/\/hydraulic-cylinders.net\/wp-content\/uploads\/2023\/08\/short-lifting-hydraulic-cylinder-product-2-300x300.webp\" alt=\"prodotto cilindro idraulico a corsa breve\" width=\"400\" height=\"400\" \/><\/p>\n<p>IL <strong>Short Forklift Lift Cylinder<\/strong> is designed to tackle short lifting tasks effortlessly, delivering the power and precision needed to optimize your material handling operations.<\/p>\n<p>Featuring a robust design, this hydraulic cylinder can withstand heavy loads, frequent use, and challenging operating conditions. Built for durability, it ensures reliable performance while minimizing downtime related to maintenance or repairs.<\/p>\n<p>With exceptional resistance to wear, corrosion, and contamination, the <strong>Short Forklift Lift Cylinder<\/strong> maintains peak performance throughout its lifespan. Engineered to endure harsh elements, it effectively shields itself from moisture, debris, and other contaminants that could compromise its functionality.<\/p>\n<p>For those seeking a reliable lifting solution, this hydraulic cylinder is your ideal choice, ensuring efficiency and longevity in every operation.<\/p>\n<h2><strong>Parametro del cilindro idraulico di sollevamento corto del carrello elevatore:<\/strong><\/h2>\n<table>\n<tbody>\n<tr>\n<td><img loading=\"lazy\" decoding=\"async\" class=\"alignnone wp-image-654 size-full\" src=\"https:\/\/hydraulic-cylinders.net\/wp-content\/uploads\/2023\/08\/short-lifting-hydraulic-cylinder-product-1.png\" alt=\"\" width=\"457\" height=\"315\" srcset=\"https:\/\/www.hydraulic-cylinders.net\/wp-content\/uploads\/2023\/08\/short-lifting-hydraulic-cylinder-product-1.png 457w, https:\/\/www.hydraulic-cylinders.net\/wp-content\/uploads\/2023\/08\/short-lifting-hydraulic-cylinder-product-1-300x207.png 300w\" sizes=\"(max-width: 457px) 100vw, 457px\" \/><\/td>\n<td><img loading=\"lazy\" decoding=\"async\" class=\"alignnone wp-image-655 size-full\" src=\"https:\/\/hydraulic-cylinders.net\/wp-content\/uploads\/2023\/08\/short-lifting-hydraulic-cylinder-product-1-1.png\" alt=\"\" width=\"475\" height=\"137\" srcset=\"https:\/\/www.hydraulic-cylinders.net\/wp-content\/uploads\/2023\/08\/short-lifting-hydraulic-cylinder-product-1-1.png 475w, https:\/\/www.hydraulic-cylinders.net\/wp-content\/uploads\/2023\/08\/short-lifting-hydraulic-cylinder-product-1-1-300x87.png 300w\" sizes=\"(max-width: 475px) 100vw, 475px\" \/><\/td>\n<\/tr>\n<\/tbody>\n<\/table>\n<table style=\"height: 95px; width: 931px;\" border=\"1\" cellspacing=\"0\" cellpadding=\"0\">\n<tbody>\n<tr style=\"height: 47px;\">\n<td style=\"height: 47px; width: 124.137px;\">Nome del cilindro<\/td>\n<td style=\"height: 47px; width: 182.712px;\">numero di disegno<\/td>\n<td style=\"height: 47px; width: 74.2125px;\">diametro del foro (D)<\/td>\n<td style=\"height: 47px; width: 63.6375px;\">diametro dell'asta (d)<\/td>\n<td style=\"height: 47px; width: 69.75px;\">ictus (S)<\/td>\n<td style=\"height: 47px; width: 90.0875px;\">Distanza di installazione (L)<\/td>\n<td style=\"height: 47px; width: 92.5625px;\">pressione di lavoro<\/td>\n<td style=\"height: 47px; width: 148.925px;\">Dimensioni dell'interfaccia (M)<\/td>\n<td style=\"height: 47px; width: 68.975px;\">peso<\/td>\n<\/tr>\n<tr style=\"height: 48px;\">\n<td class=\"et3\" style=\"height: 48px; width: 124.137px;\" height=\"325\">Cilindro di sollevamento corto<\/td>\n<td style=\"width: 182.712px;\">RC25N480-800000-000A<\/td>\n<td style=\"width: 74.2125px;\">\u03a675<\/td>\n<td style=\"width: 63.6375px;\">\u03a660<\/td>\n<td style=\"width: 69.75px;\">800<\/td>\n<td style=\"width: 90.0875px;\">1065<\/td>\n<td style=\"width: 92.5625px;\">18,1MPa<\/td>\n<td style=\"width: 148.925px;\">M22*1.5<\/td>\n<td style=\"width: 68.975px;\">36 kg<\/td>\n<\/tr>\n<tr>\n<td style=\"width: 124.137px;\">Cilindro di sollevamento corto<\/td>\n<td style=\"width: 182.712px;\">X35N480-800000-001A<\/td>\n<td style=\"width: 74.2125px;\">\u03a695<\/td>\n<td style=\"width: 63.6375px;\">\u03a680<\/td>\n<td style=\"width: 69.75px;\">800<\/td>\n<td style=\"width: 90.0875px;\">1065<\/td>\n<td style=\"width: 92.5625px;\">18,1MPa<\/td>\n<td style=\"width: 148.925px;\">M22*1.5<\/td>\n<td style=\"width: 68.975px;\">48,7 kg<\/td>\n<\/tr>\n<\/tbody>\n<\/table>\n<table>\n<tbody>\n<tr>\n<td><img loading=\"lazy\" decoding=\"async\" class=\"alignnone wp-image-656 size-full\" src=\"https:\/\/hydraulic-cylinders.net\/wp-content\/uploads\/2023\/08\/short-lifting-hydraulic-cylinder-product-2-1.webp\" alt=\"\" width=\"451\" height=\"358\" srcset=\"https:\/\/www.hydraulic-cylinders.net\/wp-content\/uploads\/2023\/08\/short-lifting-hydraulic-cylinder-product-2-1.webp 451w, https:\/\/www.hydraulic-cylinders.net\/wp-content\/uploads\/2023\/08\/short-lifting-hydraulic-cylinder-product-2-1-300x238.webp 300w\" sizes=\"(max-width: 451px) 100vw, 451px\" \/><\/td>\n<td><img loading=\"lazy\" decoding=\"async\" class=\"alignnone wp-image-657 size-full\" src=\"https:\/\/hydraulic-cylinders.net\/wp-content\/uploads\/2023\/08\/short-lifting-hydraulic-cylinder-product-2-1-1.webp\" alt=\"\" width=\"475\" height=\"223\" srcset=\"https:\/\/www.hydraulic-cylinders.net\/wp-content\/uploads\/2023\/08\/short-lifting-hydraulic-cylinder-product-2-1-1.webp 475w, https:\/\/www.hydraulic-cylinders.net\/wp-content\/uploads\/2023\/08\/short-lifting-hydraulic-cylinder-product-2-1-1-300x141.webp 300w\" sizes=\"(max-width: 475px) 100vw, 475px\" \/><\/td>\n<\/tr>\n<\/tbody>\n<\/table>\n<table style=\"height: 101px; width: 938px;\" border=\"1\" cellspacing=\"0\" cellpadding=\"0\">\n<tbody>\n<tr style=\"height: 47px;\">\n<td style=\"height: 47px; width: 122px;\">Nome del cilindro<\/td>\n<td style=\"height: 47px; width: 155px;\">numero di disegno<\/td>\n<td style=\"height: 47px; width: 80px;\">diametro del foro (D)<\/td>\n<td style=\"height: 47px; width: 79px;\">diametro dell'asta (d)<\/td>\n<td style=\"height: 47px; width: 65px;\">ictus (S)<\/td>\n<td style=\"height: 47px; width: 104px;\">Distanza di installazione (L)<\/td>\n<td style=\"height: 47px; width: 96px;\">pressione di lavoro<\/td>\n<td style=\"height: 47px; width: 177px;\">Dimensioni dell'interfaccia (M)<\/td>\n<td style=\"height: 47px; width: 60px;\">peso<\/td>\n<\/tr>\n<tr style=\"height: 54px;\">\n<td class=\"et3\" style=\"height: 54px; width: 122px;\" height=\"325\">Cilindro di sollevamento corto<\/td>\n<td style=\"width: 155px;\" width=\"270\">N30N450-800000-002A<\/td>\n<td style=\"width: 80px;\" width=\"102\">\u03a685<\/td>\n<td style=\"width: 79px;\" width=\"99\">\u03a670<\/td>\n<td style=\"width: 65px;\" width=\"91\">777<\/td>\n<td style=\"width: 104px;\" width=\"136\">1015<\/td>\n<td style=\"width: 96px;\" width=\"138\">18,1MPa<\/td>\n<td style=\"width: 177px;\" width=\"294\">M22*1.5<\/td>\n<td style=\"width: 60px;\" width=\"78\">45,5 kg<\/td>\n<\/tr>\n<tr>\n<td style=\"width: 122px;\">Cilindro di sollevamento corto<\/td>\n<td style=\"width: 155px;\">3U3H-800000-001A<\/td>\n<td style=\"width: 80px;\">\u03a685<\/td>\n<td style=\"width: 79px;\">\u03a670<\/td>\n<td style=\"width: 65px;\">777<\/td>\n<td style=\"width: 104px;\">1015<\/td>\n<td style=\"width: 96px;\">18,1MPa<\/td>\n<td style=\"width: 177px;\">M22*1.5<\/td>\n<td style=\"width: 60px;\">45,5 kg<\/td>\n<\/tr>\n<tr>\n<td style=\"width: 122px;\">Cilindro di sollevamento corto<\/td>\n<td style=\"width: 155px;\">N35N450-800000-003A<\/td>\n<td style=\"width: 80px;\">\u03a695<\/td>\n<td style=\"width: 79px;\">\u03a680<\/td>\n<td style=\"width: 65px;\">775<\/td>\n<td style=\"width: 104px;\">1013<\/td>\n<td style=\"width: 96px;\">18,1MPa<\/td>\n<td style=\"width: 177px;\">M22*1.5<\/td>\n<td style=\"width: 60px;\">54 kg<\/td>\n<\/tr>\n<\/tbody>\n<\/table>\n<h2><strong>Efficienza e precisione con il cilindro idraulico:<\/strong><\/h2>\n<p>Provate la vera potenza della tecnologia idraulica con il cilindro idraulico. Questo straordinario dispositivo \u00e8 stato progettato per garantire precisione e affidabilit\u00e0 in un'ampia gamma di applicazioni. Dai macchinari industriali alle attrezzature per l'edilizia, il cilindro idraulico \u00e8 la chiave per ottimizzare le prestazioni e ottenere risultati eccezionali. Scoprite come questo potente strumento pu\u00f2 rivoluzionare le vostre attivit\u00e0.<\/p>\n<ul>\n<li><strong>Ingegneria di precisione<\/strong>: Il cilindro idraulico \u00e8 stato meticolosamente progettato per fornire un controllo preciso del movimento e della forza. Grazie al suo design avanzato e alla costruzione di alta qualit\u00e0, garantisce prestazioni accurate e ripetibili, consentendo di ottenere i risultati desiderati con una precisione eccezionale.<\/li>\n<li><strong>Efficienza migliorata<\/strong>: Dite addio alle inefficienze e alle prestazioni irregolari. Il cilindro idraulico ottimizza l'utilizzo della potenza idraulica, massimizzando l'efficienza e la produttivit\u00e0. Sperimentate movimenti fluidi e controllati che riducono lo spreco di energia e migliorano le prestazioni complessive del sistema.<\/li>\n<\/ul>\n<h2><strong>Capacit\u00e0 e capacit\u00e0 della fabbrica:<\/strong><\/h2>\n<h3><strong>(1) Montaggio<\/strong><\/h3>\n<p>Il nostro stabilimento vanta una piattaforma di assemblaggio e ricerca e sviluppo indipendente di alto livello, dedicata alla produzione di cilindri idraulici. Gestiamo quattro linee di assemblaggio semiautomatiche per cilindri di sollevamento e una linea di assemblaggio completamente automatica per cilindri di inclinazione, con un'impressionante capacit\u00e0 produttiva annua di 1 milione di cilindri.<img loading=\"lazy\" decoding=\"async\" class=\"aligncenter wp-image-626\" src=\"https:\/\/hydraulic-cylinders.net\/wp-content\/uploads\/2023\/08\/hydraulic-cylinder-product-1-300x158.webp\" alt=\"\" width=\"500\" height=\"263\" srcset=\"https:\/\/hydraulic-cylinders.net\/wp-content\/uploads\/2023\/08\/hydraulic-cylinder-product-1-300x158.webp 500w, https:\/\/hydraulic-cylinders.net\/wp-content\/uploads\/2023\/08\/hydraulic-cylinder-product-1-480x252.webp 480w\" sizes=\"(min-width: 0px) and (max-width: 480px) 480px, (min-width: 481px) 500px, 100vw\" \/><\/p>\n<p>Nella nostra officina specializzata per cilindri, utilizziamo un sistema di assemblaggio e pulizia semiautomatico progettato per diverse specifiche, in grado di produrre 200.000 cilindri all'anno. La nostra officina \u00e8 dotata di macchinari CNC all'avanguardia, un centro di lavoro, utensili per la lavorazione dei cilindri ad alta precisione, robot di saldatura, sistemi di pulizia automatici e una linea di assemblaggio cilindri automatizzata. Inoltre, disponiamo di una linea di verniciatura completamente automatizzata.<\/p>\n<p>Con oltre 300 attrezzature critiche, la nostra ottimale allocazione delle risorse ci consente di soddisfare i rigorosi standard di precisione e qualit\u00e0 richiesti dai nostri clienti. Questo impegno verso l'efficienza e la precisione ci posiziona come leader nel settore dei cilindri idraulici.<\/p>\n<p><img loading=\"lazy\" decoding=\"async\" class=\"aligncenter wp-image-627\" src=\"https:\/\/hydraulic-cylinders.net\/wp-content\/uploads\/2023\/08\/hydraulic-cylinder-product-2-300x189.webp\" alt=\"\" width=\"500\" height=\"315\" srcset=\"https:\/\/hydraulic-cylinders.net\/wp-content\/uploads\/2023\/08\/hydraulic-cylinder-product-2-300x189.webp 500w, https:\/\/hydraulic-cylinders.net\/wp-content\/uploads\/2023\/08\/hydraulic-cylinder-product-2-480x302.webp 480w\" sizes=\"(min-width: 0px) and (max-width: 480px) 480px, (min-width: 481px) 500px, 100vw\" \/><\/p>\n<h3><strong>(2) Lavorazione<\/strong><\/h3>\n<p>La nostra officina meccanica \u00e8 dotata di attrezzature all'avanguardia, tra cui un centro di tornitura inclinato personalizzato, un centro di lavorazione di precisione, una levigatrice ad alta velocit\u00e0 e robot di saldatura avanzati. Questa sofisticata configurazione ci consente di lavorare in modo efficiente tubi cilindrici con un diametro interno massimo di 400 mm e una lunghezza fino a 6 metri.<\/p>\n<p><img loading=\"lazy\" decoding=\"async\" class=\"wp-image-628 size-large aligncenter\" src=\"https:\/\/hydraulic-cylinders.net\/wp-content\/uploads\/2023\/08\/hydraulic-cylinder-product-3-1024x391.webp\" alt=\"\" width=\"1024\" height=\"391\" srcset=\"https:\/\/hydraulic-cylinders.net\/wp-content\/uploads\/2023\/08\/hydraulic-cylinder-product-3-980x374.webp 980w, https:\/\/hydraulic-cylinders.net\/wp-content\/uploads\/2023\/08\/hydraulic-cylinder-product-3-480x183.webp 480w\" sizes=\"(min-width: 0px) and (max-width: 480px) 480px, (min-width: 481px) and (max-width: 980px) 980px, (min-width: 981px) 1024px, 100vw\" \/><\/p>\n<p>Grazie alla nostra tecnologia all'avanguardia, garantiamo lavorazioni meccaniche di alta qualit\u00e0 che soddisfano le diverse esigenze della produzione di cilindri idraulici.<\/p>\n<h3><strong>(3) Saldatura<\/strong><\/h3>\n<p><img loading=\"lazy\" decoding=\"async\" class=\"wp-image-629 size-large aligncenter\" src=\"https:\/\/hydraulic-cylinders.net\/wp-content\/uploads\/2023\/08\/hydraulic-cylinder-product-4-1024x510.webp\" alt=\"\" width=\"1024\" height=\"510\" srcset=\"https:\/\/hydraulic-cylinders.net\/wp-content\/uploads\/2023\/08\/hydraulic-cylinder-product-4-980x488.webp 980w, https:\/\/hydraulic-cylinders.net\/wp-content\/uploads\/2023\/08\/hydraulic-cylinder-product-4-480x239.webp 480w\" sizes=\"(min-width: 0px) and (max-width: 480px) 480px, (min-width: 481px) and (max-width: 980px) 980px, (min-width: 981px) 1024px, 100vw\" \/><\/p>\n<h3><strong>(4) Verniciatura e rivestimento<\/strong><\/h3>\n<p><img loading=\"lazy\" decoding=\"async\" class=\"wp-image-630 aligncenter\" src=\"https:\/\/hydraulic-cylinders.net\/wp-content\/uploads\/2023\/08\/hydraulic-cylinder-product-5-300x213.webp\" alt=\"\" width=\"500\" height=\"355\" \/><\/p>\n<p>Il nostro stabilimento \u00e8 dotato di linee di verniciatura automatiche all'avanguardia con vernice a base d'acqua, specificamente progettate per cilindri di piccole e medie dimensioni. Queste linee utilizzano la tecnologia robotizzata per un carico, uno scarico e una spruzzatura efficienti, raggiungendo una notevole capacit\u00e0 produttiva di 4.000 pezzi per turno.<\/p>\n<p><img loading=\"lazy\" decoding=\"async\" class=\"wp-image-631 aligncenter\" src=\"https:\/\/hydraulic-cylinders.net\/wp-content\/uploads\/2023\/08\/hydraulic-cylinder-product-6-300x225.webp\" alt=\"\" width=\"500\" height=\"375\" srcset=\"https:\/\/hydraulic-cylinders.net\/wp-content\/uploads\/2023\/08\/hydraulic-cylinder-product-6-300x225.webp 500w, https:\/\/hydraulic-cylinders.net\/wp-content\/uploads\/2023\/08\/hydraulic-cylinder-product-6-480x360.webp 480w\" sizes=\"(min-width: 0px) and (max-width: 480px) 480px, (min-width: 481px) 500px, 100vw\" \/><\/p>\n<p>Inoltre, disponiamo di una linea di produzione di vernici semiautomatica per cilindri di grandi dimensioni, alimentata da una robusta catena di trasmissione, con una capacit\u00e0 produttiva progettata di 60 casse per turno. Questa combinazione di automazione ed efficienza garantisce finiture di alta qualit\u00e0 per tutti i nostri cilindri idraulici.<\/p>\n<h3><strong>(5) Test<\/strong><\/h3>\n<p>Disponiamo di strutture di ispezione e banchi di prova di prim'ordine per garantire che le prestazioni del cilindro siano conformi ai requisiti.<\/p>\n<p><img loading=\"lazy\" decoding=\"async\" class=\"wp-image-632 aligncenter\" src=\"https:\/\/hydraulic-cylinders.net\/wp-content\/uploads\/2023\/08\/hydraulic-cylinder-product-8-300x200.webp\" alt=\"\" width=\"389\" height=\"260\" \/><\/p>\n<p>Siamo un rinomato produttore di <a href=\"https:\/\/hzpt.com\/mobile-machinery-hydraulic-cylinder\/\" target=\"_blank\" rel=\"noopener\">cilindri idraulici<\/a>, riconosciuto come uno dei migliori del settore. La nostra ampia gamma di prodotti comprende un'ampia gamma di cilindri idraulici progettati per soddisfare diverse applicazioni. Oltre ai cilindri idraulici, forniamo anche riduttori agricoli di alta qualit\u00e0, garantendo ai nostri clienti soluzioni complete per le loro esigenze in termini di macchinari.<\/p>\n<p>Grazie al nostro impegno per l'eccellenza, abbiamo esportato con successo i nostri prodotti a clienti in tutto il mondo, guadagnandoci una solida reputazione per la qualit\u00e0 superiore dei prodotti e l'eccezionale servizio post-vendita. La nostra dedizione alla soddisfazione del cliente ci ha reso un partner affidabile sia sul mercato nazionale che internazionale.<\/p>\n<h2><strong>Perch\u00e9 sceglierci?<\/strong><\/h2>\n<p><img loading=\"lazy\" decoding=\"async\" class=\"size-full wp-image-7201 aligncenter\" src=\"https:\/\/www.hydraulic-cylinders.net\/wp-content\/uploads\/2024\/09\/mining-dump-steering-cylinder-hydraulics-on-trucks-8.webp\" alt=\"\" width=\"1110\" height=\"735\" srcset=\"https:\/\/www.hydraulic-cylinders.net\/wp-content\/uploads\/2024\/09\/mining-dump-steering-cylinder-hydraulics-on-trucks-8.webp 1110w, https:\/\/www.hydraulic-cylinders.net\/wp-content\/uploads\/2024\/09\/mining-dump-steering-cylinder-hydraulics-on-trucks-8-980x649.webp 980w, https:\/\/www.hydraulic-cylinders.net\/wp-content\/uploads\/2024\/09\/mining-dump-steering-cylinder-hydraulics-on-trucks-8-480x318.webp 480w\" sizes=\"(min-width: 0px) and (max-width: 480px) 480px, (min-width: 481px) and (max-width: 980px) 980px, (min-width: 981px) 1110px, 100vw\" \/><\/p>\n<p><strong>Competenza professionale:<\/strong> Il nostro team \u00e8 composto da professionisti del settore con una vasta conoscenza ed esperienza nei sistemi idraulici, garantendo la fornitura di prodotti e servizi di alta qualit\u00e0.<\/p>\n<p><strong>Certificazioni internazionali:<\/strong> Rispettiamo rigorosi standard qualitativi e possediamo diverse certificazioni internazionali, a dimostrazione del nostro impegno nel fornire soluzioni idrauliche affidabili e sicure.<\/p>\n<p><strong>Soluzioni personalizzate:<\/strong> Sappiamo che le esigenze di ogni cliente sono uniche. Ecco perch\u00e9 offriamo cilindri idraulici e riduttori personalizzati, studiati su misura per soddisfare esigenze specifiche.<\/p>\n<p><strong>Attrezzature di produzione avanzate:<\/strong> I nostri stabilimenti produttivi all'avanguardia utilizzano le tecnologie e le attrezzature pi\u00f9 recenti, consentendoci di realizzare prodotti di alta qualit\u00e0 in modo efficiente.<\/p>\n<p><strong>Supporto post-vendita completo:<\/strong> Il nostro impegno nei confronti dei clienti va oltre la vendita. Forniamo servizi di assistenza e manutenzione continui per garantire prestazioni ottimali dei nostri prodotti.<\/p>\n<p>Invitiamo clienti da tutto il mondo a contattarci per trattative commerciali, scambio di informazioni e opportunit\u00e0 di collaborazione. Insieme, possiamo raggiungere un maggiore successo nel settore idraulico!<\/p>","protected":false},"excerpt":{"rendered":"<p>Forklift Short Lifting Hydraulic Cylinder The Short Forklift Lift Cylinder is designed to tackle short lifting tasks effortlessly, delivering the power and precision needed to optimize your material handling operations. Featuring a robust design, this hydraulic cylinder can withstand heavy loads, frequent use, and challenging operating conditions. Built for durability, it ensures reliable performance while [&hellip;]<\/p>","protected":false},"featured_media":658,"comment_status":"open","ping_status":"closed","template":"","meta":{"_et_pb_use_builder":"","_et_pb_old_content":"","_et_gb_content_width":""},"product_brand":[],"product_cat":[1484,1549],"product_tag":[1380],"class_list":{"0":"post-652","1":"product","2":"type-product","3":"status-publish","4":"has-post-thumbnail","6":"product_cat-forklift-hydraulic-cylinders","7":"product_cat-single-acting-hydraulic-cylinder","8":"product_tag-hydraulic-cylinder","10":"first","11":"instock","12":"shipping-taxable","13":"product-type-simple"},"amp_enabled":true,"_links":{"self":[{"href":"https:\/\/www.hydraulic-cylinders.net\/it\/wp-json\/wp\/v2\/product\/652","targetHints":{"allow":["GET"]}}],"collection":[{"href":"https:\/\/www.hydraulic-cylinders.net\/it\/wp-json\/wp\/v2\/product"}],"about":[{"href":"https:\/\/www.hydraulic-cylinders.net\/it\/wp-json\/wp\/v2\/types\/product"}],"replies":[{"embeddable":true,"href":"https:\/\/www.hydraulic-cylinders.net\/it\/wp-json\/wp\/v2\/comments?post=652"}],"wp:featuredmedia":[{"embeddable":true,"href":"https:\/\/www.hydraulic-cylinders.net\/it\/wp-json\/wp\/v2\/media\/658"}],"wp:attachment":[{"href":"https:\/\/www.hydraulic-cylinders.net\/it\/wp-json\/wp\/v2\/media?parent=652"}],"wp:term":[{"taxonomy":"product_brand","embeddable":true,"href":"https:\/\/www.hydraulic-cylinders.net\/it\/wp-json\/wp\/v2\/product_brand?post=652"},{"taxonomy":"product_cat","embeddable":true,"href":"https:\/\/www.hydraulic-cylinders.net\/it\/wp-json\/wp\/v2\/product_cat?post=652"},{"taxonomy":"product_tag","embeddable":true,"href":"https:\/\/www.hydraulic-cylinders.net\/it\/wp-json\/wp\/v2\/product_tag?post=652"}],"curies":[{"name":"parola chiave","href":"https:\/\/api.w.org\/{rel}","templated":true}]}}