{"id":782,"date":"2023-08-23T03:36:50","date_gmt":"2023-08-23T03:36:50","guid":{"rendered":"https:\/\/hydraulic-cylinders.net\/?post_type=product&#038;p=782"},"modified":"2025-04-16T02:23:02","modified_gmt":"2025-04-16T02:23:02","slug":"machine-tool-low-pressure-hydraulic-cylinder","status":"publish","type":"product","link":"https:\/\/www.hydraulic-cylinders.net\/it\/prodotto\/machine-tool-low-pressure-hydraulic-cylinder\/","title":{"rendered":"Cilindro idraulico a bassa pressione per macchine utensili"},"content":{"rendered":"<h1 style=\"text-align: center;\"><strong>Cilindro idraulico a bassa pressione per macchine utensili<\/strong><\/h1>\n<p><img loading=\"lazy\" decoding=\"async\" class=\"aligncenter wp-image-785 size-full\" src=\"https:\/\/hydraulic-cylinders.net\/wp-content\/uploads\/2023\/08\/low-pressure-hydraulic-cylinder-2.webp\" alt=\"\" width=\"300\" height=\"300\" srcset=\"https:\/\/www.hydraulic-cylinders.net\/wp-content\/uploads\/2023\/08\/low-pressure-hydraulic-cylinder-2.webp 300w, https:\/\/www.hydraulic-cylinders.net\/wp-content\/uploads\/2023\/08\/low-pressure-hydraulic-cylinder-2-100x100.webp 100w, https:\/\/www.hydraulic-cylinders.net\/wp-content\/uploads\/2023\/08\/low-pressure-hydraulic-cylinder-2-150x150.webp 150w\" sizes=\"(max-width: 300px) 100vw, 300px\" \/><\/p>\n<p>Il cilindro idraulico a bassa pressione rappresenta il vantaggio dell'azienda in termini di prodotti, esperienza di produzione, tecnologia matura, economicit\u00e0 e pu\u00f2 sostituire il cilindro idraulico.<\/p>\n<p>In base alla domanda del mercato, si selezionano i parametri dei cilindri idraulici a bassa pressione dell'industria delle macchine utensili, come il cilindro idraulico della sega a nastro.<\/p>\n<p>I clienti possono ordinare in base ai seguenti parametri, con comodit\u00e0 e tempi di consegna rapidi.<\/p>\n<p>Costo ridotto: I cilindri idraulici a bassa pressione sono generalmente pi\u00f9 economici di altri cilindri.<br \/>\nProgettazione semplice: La progettazione e la produzione di cilindri idraulici a bassa pressione sono relativamente semplici.<br \/>\nManutenzione semplice: I cilindri idraulici a bassa pressione sono relativamente facili da manutenere.<\/p>\n<h2><strong>Cilindro idraulico a bassa pressione Parametro:<\/strong><\/h2>\n<h3>(1) Flangia anteriore del cilindro idraulico a bassa pressione:<\/h3>\n<h3><img loading=\"lazy\" decoding=\"async\" class=\"alignnone wp-image-786 size-full\" src=\"https:\/\/hydraulic-cylinders.net\/wp-content\/uploads\/2023\/08\/low-pressure-pull-rod-hydraulic-cylinder-front-flange-2-2.webp\" alt=\"\" width=\"690\" height=\"397\" srcset=\"https:\/\/hydraulic-cylinders.net\/wp-content\/uploads\/2023\/08\/low-pressure-pull-rod-hydraulic-cylinder-front-flange-2-2.webp 690w, https:\/\/hydraulic-cylinders.net\/wp-content\/uploads\/2023\/08\/low-pressure-pull-rod-hydraulic-cylinder-front-flange-2-2-480x276.webp 480w\" sizes=\"(min-width: 0px) and (max-width: 480px) 480px, (min-width: 481px) 690px, 100vw\" \/><\/h3>\n<h3>(2) Flangia posteriore del cilindro idraulico a bassa pressione:<\/h3>\n<h3><img loading=\"lazy\" decoding=\"async\" class=\"alignnone wp-image-787\" src=\"https:\/\/hydraulic-cylinders.net\/wp-content\/uploads\/2023\/08\/low-pressure-pull-rod-hydraulic-cylinder-back-flange-2-2-1024x556.webp\" alt=\"\" width=\"800\" height=\"434\" \/><\/h3>\n<h3>(3) Perno anteriore del cilindro idraulico a bassa pressione:<\/h3>\n<p><img loading=\"lazy\" decoding=\"async\" class=\"alignnone wp-image-788 size-full\" src=\"https:\/\/hydraulic-cylinders.net\/wp-content\/uploads\/2023\/08\/low-pressure-pull-rod-hydraulic-cylinder-front-hinge-pin-2-1.webp\" alt=\"\" width=\"660\" height=\"289\" srcset=\"https:\/\/hydraulic-cylinders.net\/wp-content\/uploads\/2023\/08\/low-pressure-pull-rod-hydraulic-cylinder-front-hinge-pin-2-1.webp 660w, https:\/\/hydraulic-cylinders.net\/wp-content\/uploads\/2023\/08\/low-pressure-pull-rod-hydraulic-cylinder-front-hinge-pin-2-1-480x210.webp 480w\" sizes=\"(min-width: 0px) and (max-width: 480px) 480px, (min-width: 481px) 660px, 100vw\" \/><\/p>\n<h3>(4) Perno intermedio del cilindro idraulico a bassa pressione:<\/h3>\n<p><img loading=\"lazy\" decoding=\"async\" class=\"alignnone wp-image-789 size-full\" src=\"https:\/\/hydraulic-cylinders.net\/wp-content\/uploads\/2023\/08\/low-pressure-pull-rod-hydraulic-cylinder-intermediate-pin-2-1.webp\" alt=\"\" width=\"690\" height=\"315\" srcset=\"https:\/\/hydraulic-cylinders.net\/wp-content\/uploads\/2023\/08\/low-pressure-pull-rod-hydraulic-cylinder-intermediate-pin-2-1.webp 690w, https:\/\/hydraulic-cylinders.net\/wp-content\/uploads\/2023\/08\/low-pressure-pull-rod-hydraulic-cylinder-intermediate-pin-2-1-480x219.webp 480w\" sizes=\"(min-width: 0px) and (max-width: 480px) 480px, (min-width: 481px) 690px, 100vw\" \/><\/p>\n<h3>(5) Perno posteriore del cilindro idraulico a bassa pressione:<\/h3>\n<p><img loading=\"lazy\" decoding=\"async\" class=\"alignnone wp-image-790 size-full\" src=\"https:\/\/hydraulic-cylinders.net\/wp-content\/uploads\/2023\/08\/low-pressure-pull-rod-hydraulic-cylinder-rear-pin-hole-2-1.webp\" alt=\"\" width=\"690\" height=\"333\" srcset=\"https:\/\/hydraulic-cylinders.net\/wp-content\/uploads\/2023\/08\/low-pressure-pull-rod-hydraulic-cylinder-rear-pin-hole-2-1.webp 690w, https:\/\/hydraulic-cylinders.net\/wp-content\/uploads\/2023\/08\/low-pressure-pull-rod-hydraulic-cylinder-rear-pin-hole-2-1-480x232.webp 480w\" sizes=\"(min-width: 0px) and (max-width: 480px) 480px, (min-width: 481px) 690px, 100vw\" \/><\/p>\n<h3>(6) Cilindro idraulico a bassa pressione Parametro della pedana:<\/h3>\n<p><img loading=\"lazy\" decoding=\"async\" class=\"alignnone wp-image-791 size-full\" src=\"https:\/\/hydraulic-cylinders.net\/wp-content\/uploads\/2023\/08\/low-pressure-pull-rod-hydraulic-cylinder-footstand-2-1.webp\" alt=\"\" width=\"703\" height=\"314\" srcset=\"https:\/\/hydraulic-cylinders.net\/wp-content\/uploads\/2023\/08\/low-pressure-pull-rod-hydraulic-cylinder-footstand-2-1.webp 703w, https:\/\/hydraulic-cylinders.net\/wp-content\/uploads\/2023\/08\/low-pressure-pull-rod-hydraulic-cylinder-footstand-2-1-480x214.webp 480w\" sizes=\"(min-width: 0px) and (max-width: 480px) 480px, (min-width: 481px) 703px, 100vw\" \/><\/p>\n<h2><strong>Parametro tecnico di <\/strong><strong>Cilindro idraulico a bassa pressione:<\/strong><\/h2>\n<p>La modalit\u00e0 di installazione pu\u00f2 essere selezionata tra le seguenti opzioni<br \/>\n1) Dimensione della filettatura dell'estremit\u00e0 dello stelo: filettatura interna o esterna, dimensione e lunghezza della filettatura<br \/>\n2) posizione della porta dell'olio;<br \/>\n3) La \"lunghezza totale\" nella tabella dei parametri, cio\u00e8 la lunghezza del cilindro quando la corsa \u00e8 0, ad esempio la corsa \u00e8 100 mm, la lunghezza totale del cilindro = il valore \"lunghezza totale\" +100<\/p>\n<h2><strong>Ambito di applicazione di <\/strong><strong>Cilindro idraulico a bassa pressione :<\/strong><\/h2>\n<p>1) L'utilizzo del campo di pressione \u00e8 inferiore a 5MPA;<br \/>\n2) Il coperchio anteriore, il coperchio posteriore e il pistone sono fusi, il cilindro \u00e8 in acciaio n. 20 e lo stelo \u00e8 in acciaio n. 45 cromato;<br \/>\n3) Il cilindro predefinito \u00e8 influenzato principalmente dalla spinta; se \u00e8 dovuto principalmente alla tensione, il cliente deve fornire istruzioni speciali;<br \/>\n4) Il diametro interno di questa serie di prodotti \u00e8 di 63~125 mm, la spinta massima \u00e8 di 4,8 tonnellate;<br \/>\n5) Nessun buffer per impostazione predefinita; se il buffer \u00e8 necessario, il cliente deve ricevere istruzioni speciali.<\/p>\n<p><img loading=\"lazy\" decoding=\"async\" class=\"size-full wp-image-316728 aligncenter\" src=\"https:\/\/hzpt.com\/wp-content\/uploads\/2023\/08\/low-pressure-hydraulic-cylinder-1.webp\" alt=\"\" width=\"540\" height=\"1015\" \/><\/p>\n<h2><strong>Come misurare il cilindro idraulico?<\/strong><\/h2>\n<p>Per misurare un cilindro idraulico sono necessari alcuni strumenti di base come un metro o un righello, un calibro ed eventualmente un profondimetro. Ecco una guida passo passo su come misurare un cilindro idraulico:<\/p>\n<ol>\n<li><strong>Lunghezza estesa<\/strong>:\n<ul>\n<li>Assicurarsi che il cilindro idraulico sia completamente esteso.<\/li>\n<li>Misurare la distanza dal centro del foro di montaggio su un'estremit\u00e0 del cilindro al centro del foro di montaggio sull'altra estremit\u00e0. Questa misura rappresenta la lunghezza estesa o la lunghezza totale del cilindro.<\/li>\n<\/ul>\n<\/li>\n<li><strong>Lunghezza retratta<\/strong>:\n<ul>\n<li>Ritrarre completamente il cilindro idraulico.<\/li>\n<li>Misurare la distanza dal centro del foro di montaggio su un'estremit\u00e0 del cilindro al centro del foro di montaggio sull'altra estremit\u00e0. Questa misura rappresenta la lunghezza retratta del cilindro.<\/li>\n<\/ul>\n<\/li>\n<li><strong>Diametro del foro<\/strong>:\n<ul>\n<li>Misurare il diametro interno della canna del cilindro, detto diametro dell'alesaggio. In genere si utilizza un calibro.<\/li>\n<li>Posizionare le ganasce del calibro all'interno della canna del cilindro e misurare la distanza tra le superfici interne delle pareti della canna del cilindro.<\/li>\n<\/ul>\n<\/li>\n<li><strong>Diametro dell'asta<\/strong>:\n<ul>\n<li>Misurare il diametro dello stelo del pistone. In genere, questa operazione viene eseguita con un calibro.<\/li>\n<li>Posizionare le ganasce del calibro intorno allo stelo del pistone e misurare la distanza tra le superfici esterne dello stelo.<\/li>\n<\/ul>\n<\/li>\n<li><strong>Lunghezza della corsa<\/strong>:\n<ul>\n<li>La lunghezza della corsa si riferisce alla distanza che lo stelo del pistone pu\u00f2 percorrere tra la posizione completamente estesa e quella completamente retratta.<\/li>\n<li>Sottrarre la misura della lunghezza retratta dalla misura della lunghezza estesa per ottenere la lunghezza della corsa.<\/li>\n<\/ul>\n<\/li>\n<li><strong>Dimensioni delle tenute e dei cuscinetti<\/strong>:\n<ul>\n<li>Se necessario, misurare le dimensioni delle guarnizioni o dei cuscinetti che fanno parte del cilindro idraulico. Le misure possono comprendere il diametro esterno, il diametro interno e lo spessore.<\/li>\n<\/ul>\n<\/li>\n<\/ol>\n<h2><strong>Capacit\u00e0 e capacit\u00e0 della fabbrica:<\/strong><\/h2>\n<h3>(1) Montaggio<\/h3>\n<p>Disponiamo di una piattaforma di ricerca e sviluppo indipendente di prim'ordine. L'officina di produzione di cilindri per carrelli elevatori dispone di quattro linee di assemblaggio semiautomatiche di cilindri di sollevamento e di una linea di assemblaggio automatica di cilindri di inclinazione, con una capacit\u00e0 produttiva annua progettata di 1 milione di pezzi; l'officina di cilindri speciali \u00e8 dotata di un sistema di assemblaggio semiautomatico di pulizia con varie specifiche, con una capacit\u00e0 produttiva annua progettata di 200.000 pezzi. Dotata di famose attrezzature per la lavorazione CNC, centro di lavoro, attrezzature speciali per la lavorazione dei cilindri ad alta precisione, saldatrice robotizzata, macchina per la pulizia automatica, macchina per l'assemblaggio automatico dei cilindri e linea di produzione di verniciatura automatica. Le attrezzature chiave esistenti sono pi\u00f9 di 300. L'allocazione ottimale e l'uso efficiente delle risorse delle attrezzature garantiscono i requisiti di precisione dei prodotti e soddisfano i requisiti di alta qualit\u00e0 dei prodotti.<\/p>\n<p><img loading=\"lazy\" decoding=\"async\" class=\"alignnone wp-image-626\" src=\"https:\/\/hydraulic-cylinders.net\/wp-content\/uploads\/2023\/08\/hydraulic-cylinder-product-1-300x158.webp\" alt=\"\" width=\"495\" height=\"260\" srcset=\"https:\/\/hydraulic-cylinders.net\/wp-content\/uploads\/2023\/08\/hydraulic-cylinder-product-1-300x158.webp 495w, https:\/\/hydraulic-cylinders.net\/wp-content\/uploads\/2023\/08\/hydraulic-cylinder-product-1-480x252.webp 480w\" sizes=\"(min-width: 0px) and (max-width: 480px) 480px, (min-width: 481px) 495px, 100vw\" \/> <img loading=\"lazy\" decoding=\"async\" class=\"alignnone wp-image-627\" src=\"https:\/\/hydraulic-cylinders.net\/wp-content\/uploads\/2023\/08\/hydraulic-cylinder-product-2-300x189.webp\" alt=\"\" width=\"413\" height=\"260\" \/><\/p>\n<h3>(2) Lavorazione<\/h3>\n<p>L'officina di lavorazione \u00e8 dotata di un centro di tornitura su rotaia inclinata personalizzato, di un centro di lavorazione, di una levigatrice ad alta velocit\u00e0, di un robot di saldatura e di altre attrezzature correlate, in grado di gestire la lavorazione di tubi cilindrici con un diametro interno massimo di 400 mm e una lunghezza massima di 6 metri.<\/p>\n<p><img loading=\"lazy\" decoding=\"async\" class=\"alignnone wp-image-628 size-large\" src=\"https:\/\/hydraulic-cylinders.net\/wp-content\/uploads\/2023\/08\/hydraulic-cylinder-product-3-1024x391.webp\" alt=\"\" width=\"1024\" height=\"391\" srcset=\"https:\/\/hydraulic-cylinders.net\/wp-content\/uploads\/2023\/08\/hydraulic-cylinder-product-3-980x374.webp 980w, https:\/\/hydraulic-cylinders.net\/wp-content\/uploads\/2023\/08\/hydraulic-cylinder-product-3-480x183.webp 480w\" sizes=\"(min-width: 0px) and (max-width: 480px) 480px, (min-width: 481px) and (max-width: 980px) 980px, (min-width: 981px) 1024px, 100vw\" \/><\/p>\n<h3>(3) Saldatura<\/h3>\n<p><img loading=\"lazy\" decoding=\"async\" class=\"alignnone wp-image-629 size-large\" src=\"https:\/\/hydraulic-cylinders.net\/wp-content\/uploads\/2023\/08\/hydraulic-cylinder-product-4-1024x510.webp\" alt=\"\" width=\"1024\" height=\"510\" srcset=\"https:\/\/hydraulic-cylinders.net\/wp-content\/uploads\/2023\/08\/hydraulic-cylinder-product-4-980x488.webp 980w, https:\/\/hydraulic-cylinders.net\/wp-content\/uploads\/2023\/08\/hydraulic-cylinder-product-4-480x239.webp 480w\" sizes=\"(min-width: 0px) and (max-width: 480px) 480px, (min-width: 481px) and (max-width: 980px) 980px, (min-width: 981px) 1024px, 100vw\" \/><\/p>\n<h3>(4) Verniciatura e rivestimento<\/h3>\n<p>Con linee automatiche di verniciatura a base d'acqua a cilindro di piccole e medie dimensioni, per realizzare il carico e lo scarico automatico con robot e la spruzzatura automatica, la capacit\u00e0 di progettazione \u00e8 di 4000 pezzi per turno;<br \/>\nDisponiamo anche di una linea di produzione semiautomatica di vernici per cilindri di grandi dimensioni alimentata da una catena di potenza, con una capacit\u00e0 progettuale di 60 casse per turno.<\/p>\n<p><img loading=\"lazy\" decoding=\"async\" class=\"alignnone wp-image-630\" src=\"https:\/\/hydraulic-cylinders.net\/wp-content\/uploads\/2023\/08\/hydraulic-cylinder-product-5-300x213.webp\" alt=\"\" width=\"408\" height=\"290\" \/> <img loading=\"lazy\" decoding=\"async\" class=\"alignnone wp-image-631\" src=\"https:\/\/hydraulic-cylinders.net\/wp-content\/uploads\/2023\/08\/hydraulic-cylinder-product-6-300x225.webp\" alt=\"\" width=\"387\" height=\"290\" \/><\/p>\n<h3>(5) Test<\/h3>\n<p>Disponiamo di strutture di ispezione e banchi di prova di prim'ordine per garantire che le prestazioni del cilindro siano conformi ai requisiti.<\/p>\n<p><img loading=\"lazy\" decoding=\"async\" class=\"alignnone wp-image-632\" src=\"https:\/\/hydraulic-cylinders.net\/wp-content\/uploads\/2023\/08\/hydraulic-cylinder-product-8-300x200.webp\" alt=\"\" width=\"389\" height=\"260\" \/><\/p>\n<p>&nbsp;<\/p>\n<p>&nbsp;<\/p>\n<p>Siamo uno dei migliori produttori di cilindri idraulici a bassa pressione. Possiamo offrire un ampio stock di cilindri idraulici a bassa pressione. Forniamo anche i corrispondenti <a href=\"https:\/\/hzpt.com\/agricultural-pto-gearbox\/\" target=\"_blank\" rel=\"noopener\">riduttori agricoli<\/a>. Abbiamo esportato i nostri prodotti in tutto il mondo e ci siamo guadagnati una buona reputazione grazie alla qualit\u00e0 superiore dei nostri prodotti e al servizio post-vendita. Accogliamo calorosamente i clienti sia in patria che all'estero per contattarci per negoziare affari, scambiare informazioni e\u00a0<a href=\"https:\/\/www.hydraulic-cylinders.net\/it\/contact-us\/\">collaborare con noi<\/a>!<\/p>\n<p>&nbsp;<\/p>\n<h2><\/h2>","protected":false},"excerpt":{"rendered":"<p>Machine Tool Low-Pressure Hydraulic Cylinder Low-pressure hydraulic cylinder is the company&#8217;s advantage in products, manufacturing experience, mature technology, cost-effectiveness, and can replace the hydraulic cylinder. Combined with the market demand, sort out the machine tool industry low-pressure hydraulic cylinder parameters, such as band saw machine hydraulic cylinder. Customers can order according to the following parameters, [&hellip;]<\/p>","protected":false},"featured_media":792,"comment_status":"open","ping_status":"closed","template":"","meta":{"_et_pb_use_builder":"","_et_pb_old_content":"","_et_gb_content_width":""},"product_brand":[],"product_cat":[1550,1525,1509,1376,1388],"product_tag":[],"class_list":{"0":"post-782","1":"product","2":"type-product","3":"status-publish","4":"has-post-thumbnail","6":"product_cat-double-acting-hydraulic-cylinder","7":"product_cat-machine-tool-hydraulic-cylinders","8":"product_cat-tie-rod-hydraulic-cylinder","9":"product_cat-hydraulic-cylinder","10":"product_cat-low-pressure-hydraulic-cylinder","12":"first","13":"instock","14":"shipping-taxable","15":"product-type-simple"},"amp_enabled":true,"_links":{"self":[{"href":"https:\/\/www.hydraulic-cylinders.net\/it\/wp-json\/wp\/v2\/product\/782","targetHints":{"allow":["GET"]}}],"collection":[{"href":"https:\/\/www.hydraulic-cylinders.net\/it\/wp-json\/wp\/v2\/product"}],"about":[{"href":"https:\/\/www.hydraulic-cylinders.net\/it\/wp-json\/wp\/v2\/types\/product"}],"replies":[{"embeddable":true,"href":"https:\/\/www.hydraulic-cylinders.net\/it\/wp-json\/wp\/v2\/comments?post=782"}],"wp:featuredmedia":[{"embeddable":true,"href":"https:\/\/www.hydraulic-cylinders.net\/it\/wp-json\/wp\/v2\/media\/792"}],"wp:attachment":[{"href":"https:\/\/www.hydraulic-cylinders.net\/it\/wp-json\/wp\/v2\/media?parent=782"}],"wp:term":[{"taxonomy":"product_brand","embeddable":true,"href":"https:\/\/www.hydraulic-cylinders.net\/it\/wp-json\/wp\/v2\/product_brand?post=782"},{"taxonomy":"product_cat","embeddable":true,"href":"https:\/\/www.hydraulic-cylinders.net\/it\/wp-json\/wp\/v2\/product_cat?post=782"},{"taxonomy":"product_tag","embeddable":true,"href":"https:\/\/www.hydraulic-cylinders.net\/it\/wp-json\/wp\/v2\/product_tag?post=782"}],"curies":[{"name":"parola chiave","href":"https:\/\/api.w.org\/{rel}","templated":true}]}}