{"id":1003,"date":"2023-09-06T08:58:05","date_gmt":"2023-09-06T08:58:05","guid":{"rendered":"https:\/\/hydraulic-cylinders.net\/?post_type=product&#038;p=1003"},"modified":"2023-09-19T01:36:55","modified_gmt":"2023-09-19T01:36:55","slug":"rear-earring-with-spherical-bearing-four-rod-hydraulic-cylinder","status":"publish","type":"product","link":"https:\/\/www.hydraulic-cylinders.net\/lt\/produktas\/rear-earring-with-spherical-bearing-four-rod-hydraulic-cylinder\/","title":{"rendered":"Galinis auskaras su sferiniu guoliu ir keturi\u0173 stryp\u0173 hidrauliniu cilindru"},"content":{"rendered":"<h1 style=\"text-align: center;\"><strong>Galinis auskaras su sferiniu guoliu ir keturi\u0173 stryp\u0173 hidrauliniu cilindru<\/strong><\/h1>\n<p><img loading=\"lazy\" decoding=\"async\" class=\"size-full wp-image-1007 aligncenter\" src=\"https:\/\/hydraulic-cylinders.net\/wp-content\/uploads\/2023\/09\/rear-earring-with-spherical-bearing-four-pull-rod-hydraulic-cylinder-1.webp\" alt=\"\" width=\"236\" height=\"236\" srcset=\"https:\/\/www.hydraulic-cylinders.net\/wp-content\/uploads\/2023\/09\/rear-earring-with-spherical-bearing-four-pull-rod-hydraulic-cylinder-1.webp 236w, https:\/\/www.hydraulic-cylinders.net\/wp-content\/uploads\/2023\/09\/rear-earring-with-spherical-bearing-four-pull-rod-hydraulic-cylinder-1-100x100.webp 100w, https:\/\/www.hydraulic-cylinders.net\/wp-content\/uploads\/2023\/09\/rear-earring-with-spherical-bearing-four-pull-rod-hydraulic-cylinder-1-150x150.webp 150w, https:\/\/www.hydraulic-cylinders.net\/wp-content\/uploads\/2023\/09\/rear-earring-with-spherical-bearing-four-pull-rod-hydraulic-cylinder-1-12x12.webp 12w\" sizes=\"(max-width: 236px) 100vw, 236px\" \/><\/p>\n<p>Galinis auskaras su sferiniu guoliu ir keturi\u0173 stryp\u0173 hidraulinis cilindras yra novatori\u0161kas hidraulinis elementas, skirtas u\u017etikrinti puik\u0173 na\u0161um\u0105 ir universalum\u0105 \u012fvairiose pramon\u0117s srityse. D\u0117l unikalios galinio auskaro konstrukcijos, sferini\u0173 guoli\u0173 ir keturi\u0173 stryp\u0173 konfig\u016bracijos \u0161is keturi\u0173 stryp\u0173 hidraulinis cilindras pasi\u017eymi didesniu stabilumu, tiksliu valdymu ir padidinta apkrovos galia.<\/p>\n<p>Keturi\u0173 stryp\u0173 hidraulinio cilindro esmin\u0117s charakteristikos:<\/p>\n<p><strong>Galini\u0173 auskar\u0173 dizainas:<\/strong><\/p>\n<ol>\n<li style=\"list-style-type: none;\">\n<ul>\n<li>Galinio tvirtinimo smeigi\u0173 konstrukcija u\u017etikrina saug\u0173 ir stabil\u0173 montavimo sprendim\u0105, u\u017etikrinant\u012f patikim\u0105 veikim\u0105 net esant didel\u0117ms apkrovoms ir ekstremaliomis s\u0105lygomis.<\/li>\n<li>Tai supaprastina montavim\u0105 ir leid\u017eia lengvai integruoti \u012f \u012fvairias hidraulines sistemas ar \u012frang\u0105.<\/li>\n<\/ul>\n<\/li>\n<\/ol>\n<p><strong>Sferinis guolis:<\/strong><\/p>\n<ol>\n<li style=\"list-style-type: none;\">\n<ul>\n<li>Sferini\u0173 guoli\u0173 \u012ftraukimas padidina keturi\u0173 stryp\u0173 hidraulinio cilindro lankstum\u0105 ir kompensuoja nesutapim\u0105, suma\u017eindamas cilindro komponent\u0173 \u012ftempim\u0105 ir nusid\u0117v\u0117jim\u0105.<\/li>\n<li>Sferinis guolis u\u017etikrina skland\u0173 ir tiksl\u0173 jud\u0117jim\u0105 net ir esant kampin\u0117ms ar necentrin\u0117ms apkrovoms.<\/li>\n<\/ul>\n<\/li>\n<\/ol>\n<p><strong>Keturi\u0173 stryp\u0173 konfig\u016bracija:<\/strong><\/p>\n<ol>\n<li style=\"list-style-type: none;\">\n<ul>\n<li>Keturi\u0173 stryp\u0173 konfig\u016bracija padidina cilindro laikom\u0105j\u0105 gali\u0105 ir stabilum\u0105, apsaugo nuo deformacijos ir u\u017etikrina tiksl\u0173 tiesin\u012f judesio valdym\u0105.<\/li>\n<li>Jis tolygiai paskirsto apkrov\u0105 per vis\u0105 strypo pavir\u0161i\u0173, suma\u017eindamas prie\u0161laikinio susid\u0117v\u0117jimo ar gedimo rizik\u0105.<\/li>\n<\/ul>\n<\/li>\n<\/ol>\n<p><strong>Didelis na\u0161umas ir efektyvumas:<\/strong><\/p>\n<ul>\n<li style=\"list-style-type: none;\">\n<ul>\n<li>\u0160is keturi\u0173 stryp\u0173 hidraulinis cilindras u\u017etikrina didel\u0119 j\u0117g\u0105 ir tiksl\u0173 valdym\u0105, tod\u0117l gali dirbti efektyviai ir efektyviai.<\/li>\n<li>Tai leid\u017eia tiksliai nustatyti pad\u0117t\u012f, greitai cikluoti ir optimizuoti na\u0161um\u0105 \u012fvairiose pramon\u0117s srityse.<\/li>\n<\/ul>\n<\/li>\n<\/ul>\n<h2><strong>Galinis auskaras su sferiniu guoliu, keturi\u0173 stryp\u0173 hidraulinis cilindras. Parametras:<\/strong><\/h2>\n<p><img loading=\"lazy\" decoding=\"async\" class=\"alignnone wp-image-1005 size-full\" src=\"https:\/\/hydraulic-cylinders.net\/wp-content\/uploads\/2023\/09\/rear-earring-with-spherical-bearing-four-pull-rod-hydraulic-cylinder.webp\" alt=\"\" width=\"650\" height=\"196\" srcset=\"https:\/\/hydraulic-cylinders.net\/wp-content\/uploads\/2023\/09\/rear-earring-with-spherical-bearing-four-pull-rod-hydraulic-cylinder.webp 650w, https:\/\/hydraulic-cylinders.net\/wp-content\/uploads\/2023\/09\/rear-earring-with-spherical-bearing-four-pull-rod-hydraulic-cylinder-480x145.webp 480w\" sizes=\"(min-width: 0px) and (max-width: 480px) 480px, (min-width: 481px) 650px, 100vw\" \/><\/p>\n<p><img loading=\"lazy\" decoding=\"async\" class=\"alignnone wp-image-1031 size-full\" src=\"https:\/\/hydraulic-cylinders.net\/wp-content\/uploads\/2023\/09\/b-bb-sbd-four-rod-hydraulic-cylinder.webp\" alt=\"\" width=\"650\" height=\"237\" srcset=\"https:\/\/hydraulic-cylinders.net\/wp-content\/uploads\/2023\/09\/b-bb-sbd-four-rod-hydraulic-cylinder.webp 650w, https:\/\/hydraulic-cylinders.net\/wp-content\/uploads\/2023\/09\/b-bb-sbd-four-rod-hydraulic-cylinder-480x175.webp 480w\" sizes=\"(min-width: 0px) and (max-width: 480px) 480px, (min-width: 481px) 650px, 100vw\" \/><\/p>\n<h2><strong>Galinis auskaras su sferiniu guoliu ir keturi\u0173 stryp\u0173 hidrauliniu cilindru <\/strong><strong>Naudojimo metodas<\/strong><strong>:<\/strong><\/h2>\n<p><strong>Montavimas ir \u012frengimas:<\/strong><\/p>\n<ol>\n<li style=\"list-style-type: none;\">\n<ul>\n<li>Nor\u0117dami nustatyti tinkam\u0105 keturi\u0173 stryp\u0173 hidraulinio cilindro montavimo viet\u0105 sistemoje ar \u012frangoje, atsi\u017evelkite \u012f tokius veiksnius kaip apkrovos reikalavimai ir vietos apribojimai.<\/li>\n<li>\u012esitikinkite, kad tvirtinimo pavir\u0161ius yra \u0161varus, lygus ir gali atlaikyti cilindro svor\u012f.<\/li>\n<li>Sulygiuokite galin\u012f auskar\u0105 su tvirtinimo pavir\u0161iumi ir tvirtai pritvirtinkite j\u012f naudodami rekomenduojamus var\u017etus arba tvirtinimo detales.<\/li>\n<\/ul>\n<\/li>\n<\/ol>\n<p><strong>Hidraulin\u0117s jungtys:<\/strong><\/p>\n<ol>\n<li style=\"list-style-type: none;\">\n<ul>\n<li>Prijunkite hidraulines tiekimo linijas prie cilindr\u0173 ang\u0173, u\u017etikrindami tinkam\u0105 sandarum\u0105, kad neb\u016bt\u0173 nuot\u0117ki\u0173.<\/li>\n<li>Laikykit\u0117s gamintojo rekomendacij\u0173 d\u0117l hidraulin\u0117s alyvos tipo ir pripildykite sistem\u0105 iki rekomenduojamo lygio.<\/li>\n<\/ul>\n<\/li>\n<\/ol>\n<p><strong>Operacija:<\/strong><\/p>\n<ul>\n<li style=\"list-style-type: none;\">\n<ul>\n<li>\u012ejunkite hidraulin\u0119 sistem\u0105 ir valdykite cilindro jud\u0117jim\u0105 naudodami hidraulin\u012f valdymo vo\u017etuv\u0105 arba kit\u0105 tinkam\u0105 valdymo mechanizm\u0105.<\/li>\n<li>Sureguliuokite srauto ir sl\u0117gio nustatymus, kad pasiektum\u0117te norim\u0105 greit\u012f ir j\u0117gos i\u0161vest\u012f.<\/li>\n<li>Reguliariai steb\u0117kite keturi\u0173 stryp\u0173 hidraulinio cilindro veikim\u0105, ar n\u0117ra koki\u0173 nors ne\u012fprasto elgesio po\u017eymi\u0173, toki\u0173 kaip nuot\u0117kiai, perkaitimas ar ne\u012fprastas triuk\u0161mas.<\/li>\n<\/ul>\n<\/li>\n<\/ul>\n<h2><strong>Galinis auskaras su sferiniu guoliu ir keturi\u0173 stryp\u0173 hidrauliniu cilindru <\/strong><strong>Prie\u017ei\u016bra<\/strong><strong>:<\/strong><\/h2>\n<p><strong>Reguliarus patikrinimas:<\/strong><\/p>\n<ol>\n<li style=\"list-style-type: none;\">\n<ul>\n<li>Atlikite reguliarius vizualinius patikrinimus, kad patikrintum\u0117te, ar n\u0117ra susid\u0117v\u0117jimo, nuot\u0117kio ar pa\u017eeidimo po\u017eymi\u0173.<\/li>\n<li>Patikrinkite stryp\u0173 pavir\u0161ius, sandariklius ir tvirtinimo jungtis, ar n\u0117ra nukrypim\u0173 nuo normos, ir nedelsdami pa\u0161alinkite visas problemas.<\/li>\n<\/ul>\n<\/li>\n<\/ol>\n<p><strong>Tepimas:<\/strong><\/p>\n<ol>\n<li style=\"list-style-type: none;\">\n<ul>\n<li>Laikykit\u0117s gamintojo tepimo interval\u0173 nurodym\u0173 ir naudokite rekomenduojam\u0105 tepal\u0105, kad u\u017etikrintum\u0117te skland\u0173 veikim\u0105.<\/li>\n<li>Sutepkite strypus, sandariklius ir kitas judan\u010dias dalis, kad suma\u017eintum\u0117te trint\u012f ir pailgintum\u0117te keturi\u0173 stryp\u0173 hidraulinio cilindro tarnavimo laik\u0105.<\/li>\n<\/ul>\n<\/li>\n<\/ol>\n<p><strong>Sandariklio keitimas:<\/strong><\/p>\n<ul>\n<li style=\"list-style-type: none;\">\n<ul>\n<li>Laikui b\u0117gant, sandarikliai gali susid\u0117v\u0117ti ir juos reikia pakeisti. Jei aptinkamas nuot\u0117kis, atsargiai nuimkite sen\u0105 sandarikl\u012f ir \u012fstatykite nauj\u0105 sandarikl\u012f pagal gamintojo specifikacijas.<\/li>\n<\/ul>\n<\/li>\n<\/ul>\n<h2><strong>Kaip nuimti hidraulinio cilindro kai\u0161\u010dius?<\/strong><\/h2>\n<p>Hidraulinio cilindro kai\u0161\u010di\u0173 i\u0161\u0117mimas reikalauja atsargumo, siekiant u\u017etikrinti saugum\u0105 ir nepa\u017eeisti cilindro ar aplinkini\u0173 komponent\u0173. \u010cia pateikiamas bendras nuoseklus hidraulinio cilindro kai\u0161\u010di\u0173 i\u0161\u0117mimo vadovas:<\/p>\n<ol>\n<li><strong>Paruo\u0161kite darbo viet\u0105:<\/strong>\n<ul>\n<li>\u012esitikinkite, kad turite \u0161vari\u0105 ir gerai ap\u0161viest\u0105 darbo viet\u0105.<\/li>\n<li>D\u0117v\u0117kite tinkamas asmenines apsaugos priemones, tokias kaip apsauginiai akiniai ir pir\u0161tin\u0117s.<\/li>\n<\/ul>\n<\/li>\n<li><strong>Hidraulinio sl\u0117gio i\u0161leidimas:<\/strong>\n<ul>\n<li>Jei cilindras yra aktyvios hidraulin\u0117s sistemos dalis, i\u0161leiskite sl\u0117g\u012f \u012ftraukdami arba i\u0161jungdami sistem\u0105. Konkre\u010dias instrukcijas rasite \u012frangos vadove.<\/li>\n<\/ul>\n<\/li>\n<li><strong>Pritvirtinkite cilindr\u0105:<\/strong>\n<ul>\n<li>Cilindrui pritvirtinti naudokite tinkam\u0105 k\u0117limo \u012ftais\u0105 arba atram\u0105, u\u017etikrindami, kad jis b\u016bt\u0173 stabilus ir nejud\u0117t\u0173 kai\u0161\u010dio i\u0161traukimo metu.<\/li>\n<\/ul>\n<\/li>\n<li><strong>Raskite kai\u0161\u010dius:<\/strong>\n<ul>\n<li>Nustatykite, kuriuos kai\u0161\u010dius reikia i\u0161imti. Hidrauliniai cilindrai paprastai turi kai\u0161\u010dius kiekviename gale, jungian\u010dius juos su tvirtinimo laikikliais ar kitais komponentais.<\/li>\n<\/ul>\n<\/li>\n<li><strong>Nuimkite tvirtinimo spaustukus:<\/strong>\n<ul>\n<li>Kai kurie kai\u0161\u010diai gali b\u016bti pritvirtinti tvirtinimo spaustukais. Nor\u0117dami nuimti tvirtinimo spaustukus, naudokite reples arba tinkam\u0105 \u012frank\u012f, atsargiai j\u0173 nepa\u017eeisdami.<\/li>\n<\/ul>\n<\/li>\n<li><strong>Sm\u016bgio ar sm\u016bgio pozicionavimas:<\/strong>\n<ul>\n<li>Prispauskite pramu\u0161tuv\u0105 arba gr\u0105\u017et\u0105 prie kai\u0161\u010dio galo. \u012esitikinkite, kad pramu\u0161tuvas arba gr\u0105\u017etas yra tinkamo dyd\u017eio, kad tilpt\u0173 \u012f kai\u0161\u010dio skersmen\u012f.<\/li>\n<\/ul>\n<\/li>\n<li><strong>Sm\u016bgiuok sm\u016bgiu arba dreifuok:<\/strong>\n<ul>\n<li>Plaktuku atsargiai smogkite perforatoriumi arba gr\u0117bliu, kad kai\u0161t\u012f paspaustum\u0117te j\u0117ga. Prad\u0117kite lengvais sm\u016bgiais ir palaipsniui didinkite j\u0117g\u0105, kol kai\u0161tis prad\u0117s jud\u0117ti.<\/li>\n<\/ul>\n<\/li>\n<li><strong>Nuimkite kai\u0161t\u012f:<\/strong>\n<ul>\n<li>Toliau mu\u0161kite pramu\u0161tuvu arba gr\u0105\u017etu, kol kai\u0161tis visi\u0161kai i\u0161slys. J\u0117g\u0105 taikykite tolygiai, kad kai\u0161tis neb\u016bt\u0173 sulenktas ar pa\u017eeistas.<\/li>\n<\/ul>\n<\/li>\n<li><strong>Pakartokite proces\u0105:<\/strong>\n<ul>\n<li>Jei reikia i\u0161imti kelis kai\u0161\u010dius, pakartokite 4\u20138 veiksmus su kiekvienu kai\u0161\u010diu, kol visi bus s\u0117kmingai i\u0161traukti.<\/li>\n<\/ul>\n<\/li>\n<li><strong>Patikrinkite kai\u0161\u010dius:<\/strong><\/li>\n<\/ol>\n<ul>\n<li>I\u0161\u0117m\u0119 kai\u0161\u010dius, patikrinkite, ar n\u0117ra susid\u0117v\u0117jimo, pa\u017eeidim\u0173 ar deformacijos po\u017eymi\u0173. Jei reikia, prie\u0161 v\u0117l \u012fd\u0117dami kai\u0161\u010dius, juos i\u0161valykite arba pakeiskite.<\/li>\n<\/ul>\n<h2><strong>Gamyklos paj\u0117gumai ir talpa:<\/strong><\/h2>\n<h3>(1) Surinkimas<\/h3>\n<p>Turime pirmos klas\u0117s nepriklausom\u0105 tyrim\u0173 ir pl\u0117tros surinkimo platform\u0105. Hidraulini\u0173 cilindr\u0173 gamybos ceche yra keturios pusiau automatin\u0117s k\u0117limo cilindr\u0173 surinkimo linijos ir viena automatin\u0117 pakreipimo cilindr\u0173 surinkimo linija, kuri\u0173 projektinis metinis gamybos paj\u0117gumas yra 1 milijonas vienet\u0173. Speciali\u0173j\u0173 cilindr\u0173 ceche \u012frengta \u012fvairi\u0173 specifikacij\u0173 pusiau automatin\u0117 valymo surinkimo sistema, kurios projektinis metinis gamybos paj\u0117gumas yra 200 000 vienet\u0173, ir garsi CNC apdirbimo \u012franga, apdirbimo centras, didelio tikslumo cilindr\u0173 apdirbimo speciali \u012franga, robotinis suvirinimo aparatas, automatinis valymo aparatas, automatinis cilindr\u0173 surinkimo aparatas ir automatin\u0117 da\u017eymo gamybos linija. Esama daugiau nei 300 rinkini\u0173 (komplekt\u0173) kritin\u0117 \u012franga. Optimalus \u012frangos i\u0161tekli\u0173 paskirstymas ir efektyvus naudojimas u\u017etikrina gamini\u0173 tikslumo reikalavimus ir auk\u0161tus gamini\u0173 kokyb\u0117s poreikius.<\/p>\n<p><img loading=\"lazy\" decoding=\"async\" class=\"alignnone wp-image-626\" src=\"https:\/\/hydraulic-cylinders.net\/wp-content\/uploads\/2023\/08\/hydraulic-cylinder-product-1-300x158.webp\" alt=\"\" width=\"495\" height=\"260\" srcset=\"https:\/\/hydraulic-cylinders.net\/wp-content\/uploads\/2023\/08\/hydraulic-cylinder-product-1-300x158.webp 495w, https:\/\/hydraulic-cylinders.net\/wp-content\/uploads\/2023\/08\/hydraulic-cylinder-product-1-480x252.webp 480w\" sizes=\"(min-width: 0px) and (max-width: 480px) 480px, (min-width: 481px) 495px, 100vw\" \/> <img loading=\"lazy\" decoding=\"async\" class=\"alignnone wp-image-627\" src=\"https:\/\/hydraulic-cylinders.net\/wp-content\/uploads\/2023\/08\/hydraulic-cylinder-product-2-300x189.webp\" alt=\"\" width=\"413\" height=\"260\" \/><\/p>\n<h3>(2) Apdirbimas<\/h3>\n<p>Mechaninio apdirbimo ceche \u012frengtas pritaikytas nuo\u017eulnaus b\u0117gio tekinimo centras, apdirbimo centras, greitaeigis galandimo stakl\u0117s, suvirinimo robotas ir kita susijusi \u012franga, galinti apdirbti cilindrinius vamzd\u017eius, kuri\u0173 maksimalus vidinis skersmuo yra 400 mm, o maksimalus ilgis \u2013 6 metrai.<\/p>\n<p><img loading=\"lazy\" decoding=\"async\" class=\"alignnone wp-image-628 size-large\" src=\"https:\/\/hydraulic-cylinders.net\/wp-content\/uploads\/2023\/08\/hydraulic-cylinder-product-3-1024x391.webp\" alt=\"\" width=\"1024\" height=\"391\" srcset=\"https:\/\/hydraulic-cylinders.net\/wp-content\/uploads\/2023\/08\/hydraulic-cylinder-product-3-980x374.webp 980w, https:\/\/hydraulic-cylinders.net\/wp-content\/uploads\/2023\/08\/hydraulic-cylinder-product-3-480x183.webp 480w\" sizes=\"(min-width: 0px) and (max-width: 480px) 480px, (min-width: 481px) and (max-width: 980px) 980px, (min-width: 981px) 1024px, 100vw\" \/><\/p>\n<h3>(3) Suvirinimas<\/h3>\n<p><img loading=\"lazy\" decoding=\"async\" class=\"alignnone wp-image-629 size-large\" src=\"https:\/\/hydraulic-cylinders.net\/wp-content\/uploads\/2023\/08\/hydraulic-cylinder-product-4-1024x510.webp\" alt=\"\" width=\"1024\" height=\"510\" srcset=\"https:\/\/hydraulic-cylinders.net\/wp-content\/uploads\/2023\/08\/hydraulic-cylinder-product-4-980x488.webp 980w, https:\/\/hydraulic-cylinders.net\/wp-content\/uploads\/2023\/08\/hydraulic-cylinder-product-4-480x239.webp 480w\" sizes=\"(min-width: 0px) and (max-width: 480px) 480px, (min-width: 481px) and (max-width: 980px) 980px, (min-width: 981px) 1024px, 100vw\" \/><\/p>\n<h3>(4) Da\u017eymas ir dengimas<\/h3>\n<p>Su ma\u017eomis ir vidutinio dyd\u017eio cilindrin\u0117mis automatin\u0117mis vandens pagrindo da\u017e\u0173 dengimo linijomis, siekiant automatinio robot\u0173 pakrovimo ir i\u0161krovimo bei automatinio pur\u0161kimo, projektinis paj\u0117gumas yra 4000 vienet\u0173 per pamain\u0105;<br \/>\nTaip pat turime pusiau automatin\u0119 dideli\u0173 cilindr\u0173 da\u017e\u0173 gamybos linij\u0105, varom\u0105 grandin\u0117s, kurios projektinis na\u0161umas yra 60 d\u0117\u017ei\u0173 per pamain\u0105.<\/p>\n<p><img loading=\"lazy\" decoding=\"async\" class=\"alignnone wp-image-630\" src=\"https:\/\/hydraulic-cylinders.net\/wp-content\/uploads\/2023\/08\/hydraulic-cylinder-product-5-300x213.webp\" alt=\"\" width=\"366\" height=\"260\" \/> <img loading=\"lazy\" decoding=\"async\" class=\"alignnone wp-image-631\" src=\"https:\/\/hydraulic-cylinders.net\/wp-content\/uploads\/2023\/08\/hydraulic-cylinder-product-6-300x225.webp\" alt=\"\" width=\"347\" height=\"260\" \/><\/p>\n<h3>(5) Testavimas<\/h3>\n<p>Turime auk\u0161\u010diausios klas\u0117s patikros patalpas ir bandym\u0173 stendus, kad u\u017etikrintume, jog baliono veikimas atitinka reikalavimus.<\/p>\n<p><img loading=\"lazy\" decoding=\"async\" class=\"alignnone wp-image-632\" src=\"https:\/\/hydraulic-cylinders.net\/wp-content\/uploads\/2023\/08\/hydraulic-cylinder-product-8-300x200.webp\" alt=\"\" width=\"389\" height=\"260\" \/><\/p>\n<p>&nbsp;<\/p>\n<p>&nbsp;<\/p>\n<p>Esame vienas geriausi\u0173 lengv\u0173j\u0173 keturi\u0173 stryp\u0173 hidraulini\u0173 cilindr\u0173 gamintoj\u0173. Galime pasi\u016blyti plat\u0173 lengv\u0173j\u0173 keturi\u0173 stryp\u0173 hidraulini\u0173 cilindr\u0173 asortiment\u0105. Taip pat teikiame atitinkamas paslaugas. <a href=\"https:\/\/hzpt.com\/agricultural-pto-gearbox\/\" target=\"_blank\" rel=\"noopener\">\u017eem\u0117s \u016bkio pavar\u0173 d\u0117\u017e\u0117s<\/a>Mes eksportuojame savo gaminius klientams visame pasaulyje ir peln\u0117me ger\u0105 reputacij\u0105 d\u0117l auk\u0161\u010diausios gamini\u0173 kokyb\u0117s ir aptarnavimo po pardavimo. Nuo\u0161ird\u017eiai sveikiname klientus tiek \u0161alyje, tiek u\u017esienyje, norin\u010dius susisiekti su mumis der\u0117tis d\u0117l verslo, keistis informacija ir...\u00a0<a href=\"https:\/\/www.hydraulic-cylinders.net\/lt\/contact-us\/\">bendradarbiauti su mumis<\/a>!<\/p>\n<h2><\/h2>\n<h2><\/h2>","protected":false},"excerpt":{"rendered":"<p>Rear Earring With Spherical Bearing Four Rod Hydraulic Cylinder The rear earring with a spherical bearing four rod hydraulic cylinder is an innovative hydraulic element designed to provide superior performance and versatility in various industrial applications. With its unique rear earring design, spherical bearings, and four rod configuration, this four rod hydraulic cylinder offers enhanced [&hellip;]<\/p>","protected":false},"featured_media":1006,"comment_status":"open","ping_status":"closed","template":"","meta":{"_et_pb_use_builder":"","_et_pb_old_content":"","_et_gb_content_width":""},"product_brand":[],"product_cat":[1376,1386],"product_tag":[1380],"class_list":{"0":"post-1003","1":"product","2":"type-product","3":"status-publish","4":"has-post-thumbnail","6":"product_cat-hydraulic-cylinder","7":"product_cat-four-rod-hydraulic-cylinder","8":"product_tag-hydraulic-cylinder","10":"first","11":"instock","12":"shipping-taxable","13":"product-type-simple"},"amp_enabled":true,"_links":{"self":[{"href":"https:\/\/www.hydraulic-cylinders.net\/lt\/wp-json\/wp\/v2\/product\/1003","targetHints":{"allow":["GET"]}}],"collection":[{"href":"https:\/\/www.hydraulic-cylinders.net\/lt\/wp-json\/wp\/v2\/product"}],"about":[{"href":"https:\/\/www.hydraulic-cylinders.net\/lt\/wp-json\/wp\/v2\/types\/product"}],"replies":[{"embeddable":true,"href":"https:\/\/www.hydraulic-cylinders.net\/lt\/wp-json\/wp\/v2\/comments?post=1003"}],"wp:featuredmedia":[{"embeddable":true,"href":"https:\/\/www.hydraulic-cylinders.net\/lt\/wp-json\/wp\/v2\/media\/1006"}],"wp:attachment":[{"href":"https:\/\/www.hydraulic-cylinders.net\/lt\/wp-json\/wp\/v2\/media?parent=1003"}],"wp:term":[{"taxonomy":"product_brand","embeddable":true,"href":"https:\/\/www.hydraulic-cylinders.net\/lt\/wp-json\/wp\/v2\/product_brand?post=1003"},{"taxonomy":"product_cat","embeddable":true,"href":"https:\/\/www.hydraulic-cylinders.net\/lt\/wp-json\/wp\/v2\/product_cat?post=1003"},{"taxonomy":"product_tag","embeddable":true,"href":"https:\/\/www.hydraulic-cylinders.net\/lt\/wp-json\/wp\/v2\/product_tag?post=1003"}],"curies":[{"name":"wp","href":"https:\/\/api.w.org\/{rel}","templated":true}]}}