{"id":1008,"date":"2023-09-07T01:23:43","date_gmt":"2023-09-07T01:23:43","guid":{"rendered":"https:\/\/hydraulic-cylinders.net\/?post_type=product&#038;p=1008"},"modified":"2023-09-19T01:36:54","modified_gmt":"2023-09-19T01:36:54","slug":"front-cover-trunnion-four-rod-hydraulic-cylinder","status":"publish","type":"product","link":"https:\/\/www.hydraulic-cylinders.net\/lt\/produktas\/front-cover-trunnion-four-rod-hydraulic-cylinder\/","title":{"rendered":"Priekinis dangtis Keturi\u0173 stryp\u0173 hidraulinis cilindras"},"content":{"rendered":"<h1 style=\"text-align: center;\"><strong>Priekinis dangtis Keturi\u0173 stryp\u0173 hidraulinis cilindras<\/strong><\/h1>\n<p><img loading=\"lazy\" decoding=\"async\" class=\"size-full wp-image-1009 aligncenter\" src=\"https:\/\/hydraulic-cylinders.net\/wp-content\/uploads\/2023\/09\/front-cover-rectangular-flange-four-rod-hydraulic-cylinder-1-2.webp\" alt=\"\" width=\"224\" height=\"224\" srcset=\"https:\/\/www.hydraulic-cylinders.net\/wp-content\/uploads\/2023\/09\/front-cover-rectangular-flange-four-rod-hydraulic-cylinder-1-2.webp 224w, https:\/\/www.hydraulic-cylinders.net\/wp-content\/uploads\/2023\/09\/front-cover-rectangular-flange-four-rod-hydraulic-cylinder-1-2-100x100.webp 100w, https:\/\/www.hydraulic-cylinders.net\/wp-content\/uploads\/2023\/09\/front-cover-rectangular-flange-four-rod-hydraulic-cylinder-1-2-150x150.webp 150w, https:\/\/www.hydraulic-cylinders.net\/wp-content\/uploads\/2023\/09\/front-cover-rectangular-flange-four-rod-hydraulic-cylinder-1-2-12x12.webp 12w\" sizes=\"(max-width: 224px) 100vw, 224px\" \/><\/p>\n<p>Priekinis keturi\u0173 stryp\u0173 hidraulinis cilindras yra didelio na\u0161umo hidraulinis elementas, u\u017etikrinantis didesn\u0119 gali\u0105, tiksl\u0173 valdym\u0105 ir neprilygstam\u0105 universalum\u0105 \u012fvairiose pramon\u0117s srityse. D\u0117l novatori\u0161kos priekinio dang\u010dio \u0161arnyrin\u0117s konstrukcijos ir keturi\u0173 stryp\u0173 konfig\u016bracijos \u0161is keturi\u0173 stryp\u0173 hidraulinis cilindras pasi\u017eymi didesniu stabilumu, ilgaam\u017ei\u0161kumu ir keliam\u0105ja galia, tod\u0117l yra nepakei\u010diamas turtas reikliose hidraulin\u0117se sistemose.<\/p>\n<p>Keturi\u0173 stryp\u0173 hidraulinio cilindro esmin\u0117s charakteristikos:<\/p>\n<p><strong>Priekinio dangtelio trunnion dizainas:<\/strong><\/p>\n<ol>\n<li style=\"list-style-type: none;\">\n<ul>\n<li>Priekinio dangtelio a\u0161ies konstrukcija u\u017etikrina saug\u0173 ir efektyv\u0173 montavimo sprendim\u0105, u\u017etikrinant\u012f patikim\u0105 veikim\u0105 net esant didel\u0117ms apkrovoms ir ekstremaliomis s\u0105lygomis.<\/li>\n<li>Tai supaprastina montavim\u0105 ir gali b\u016bti lengvai integruojama \u012f \u012fvairias hidraulines sistemas ar \u012frang\u0105.<\/li>\n<\/ul>\n<\/li>\n<\/ol>\n<p><strong>Keturi\u0173 stryp\u0173 konfig\u016bracija:<\/strong><\/p>\n<ol>\n<li style=\"list-style-type: none;\">\n<ul>\n<li>Keturi\u0173 stryp\u0173 konfig\u016bracija padidina keturi\u0173 stryp\u0173 hidraulinio cilindro laikom\u0105j\u0105 gali\u0105 ir u\u017etikrina optimal\u0173 stabilum\u0105 bei tiksl\u0173 pad\u0117ties nustatym\u0105.<\/li>\n<li>Tai leid\u017eia keturi\u0173 stryp\u0173 hidrauliniam cilindrui efektyviai atlaikyti \u0161onines apkrovas, u\u017etikrinant i\u0161skirtin\u012f atsparum\u0105 sukimui ir \u0161onin\u0117ms j\u0117goms.<\/li>\n<\/ul>\n<\/li>\n<\/ol>\n<p><strong>Didel\u0117 galia:<\/strong><\/p>\n<ol>\n<li style=\"list-style-type: none;\">\n<ul>\n<li>\u0160is keturi\u0173 stryp\u0173 hidraulinis cilindras pasi\u017eymi \u012fsp\u016bdinga galia, tod\u0117l gali efektyviai valdyti sunkius krovinius.<\/li>\n<li>Jis pasi\u017eymi didesne galia ir trauka, tod\u0117l tinka j\u0117gos ir keliamosios galios pritaikymams.<\/li>\n<\/ul>\n<\/li>\n<\/ol>\n<p><strong>Tikslus valdymas:<\/strong><\/p>\n<ul>\n<li style=\"list-style-type: none;\">\n<ul>\n<li>Priekinio dang\u010dio keturi\u0173 stryp\u0173 hidraulinis cilindras u\u017etikrina tiksl\u0173 tiesin\u012f judesio valdym\u0105, kad b\u016bt\u0173 u\u017etikrintas tikslus pad\u0117ties nustatymas ir sklandus veikimas.<\/li>\n<li>Tai u\u017etikrina puik\u0173 sm\u016bgio valdym\u0105, leid\u017eiant\u012f operatoriams pasiekti konkre\u010dioms u\u017eduotims reikaling\u0105 greit\u012f ir tikslum\u0105.<\/li>\n<\/ul>\n<\/li>\n<\/ul>\n<h2><strong>Priekinio dang\u010dio keturi\u0173 stryp\u0173 hidraulinio cilindro parametras:<\/strong><\/h2>\n<p><img loading=\"lazy\" decoding=\"async\" class=\"alignnone wp-image-1032 size-full\" src=\"https:\/\/hydraulic-cylinders.net\/wp-content\/uploads\/2023\/09\/front-cover-trunnion-four-rod-hydraulic-cylinder.webp\" alt=\"\" width=\"655\" height=\"186\" srcset=\"https:\/\/hydraulic-cylinders.net\/wp-content\/uploads\/2023\/09\/front-cover-trunnion-four-rod-hydraulic-cylinder.webp 655w, https:\/\/hydraulic-cylinders.net\/wp-content\/uploads\/2023\/09\/front-cover-trunnion-four-rod-hydraulic-cylinder-480x136.webp 480w\" sizes=\"(min-width: 0px) and (max-width: 480px) 480px, (min-width: 481px) 655px, 100vw\" \/><\/p>\n<p><img loading=\"lazy\" decoding=\"async\" class=\"alignnone wp-image-1033 size-full\" src=\"https:\/\/hydraulic-cylinders.net\/wp-content\/uploads\/2023\/09\/d-db-dd-four-rod-hydraulic-cylinder.webp\" alt=\"\" width=\"655\" height=\"249\" srcset=\"https:\/\/hydraulic-cylinders.net\/wp-content\/uploads\/2023\/09\/d-db-dd-four-rod-hydraulic-cylinder.webp 655w, https:\/\/hydraulic-cylinders.net\/wp-content\/uploads\/2023\/09\/d-db-dd-four-rod-hydraulic-cylinder-480x182.webp 480w\" sizes=\"(min-width: 0px) and (max-width: 480px) 480px, (min-width: 481px) 655px, 100vw\" \/><\/p>\n<h2><strong>Priekinio dang\u010dio keturi\u0173 stryp\u0173 hidraulinio cilindro naudojimo b\u016bdas<\/strong><strong>:<\/strong><\/h2>\n<p><strong>Montavimas ir \u012frengimas:<\/strong><\/p>\n<ol>\n<li style=\"list-style-type: none;\">\n<ul>\n<li>Nor\u0117dami nustatyti tinkam\u0105 keturi\u0173 stryp\u0173 hidraulinio cilindro montavimo viet\u0105 sistemoje ar \u012frangoje, atsi\u017evelkite \u012f apkrovos reikalavimus ir vietos apribojimus.<\/li>\n<li>\u012esitikinkite, kad tvirtinimo pavir\u0161ius yra \u0161varus, lygus ir gali atlaikyti cilindro svor\u012f.<\/li>\n<li>Priekinio dangtelio kai\u0161\u010dius \u012fstatykite lygiai su tvirtinimo pavir\u0161iumi ir pritvirtinkite juos naudodami rekomenduojamus var\u017etus arba tvirtinimo detales.<\/li>\n<\/ul>\n<\/li>\n<\/ol>\n<p><strong>Hidraulin\u0117s jungtys:<\/strong><\/p>\n<ol>\n<li style=\"list-style-type: none;\">\n<ul>\n<li>Prijunkite hidraulin\u0119 tiekimo linij\u0105 prie cilindro angos, u\u017etikrindami tinkam\u0105 sandarum\u0105, kad i\u0161vengtum\u0117te nuot\u0117kio.<\/li>\n<li>Laikykit\u0117s gamintojo rekomendacij\u0173 d\u0117l hidraulin\u0117s alyvos tipo ir pripildykite sistem\u0105 iki rekomenduojamo lygio.<\/li>\n<\/ul>\n<\/li>\n<\/ol>\n<p><strong>Operacija:<\/strong><\/p>\n<ul>\n<li style=\"list-style-type: none;\">\n<ul>\n<li>\u012ejunkite hidraulin\u0119 sistem\u0105 ir valdykite cilindro jud\u0117jim\u0105 naudodami hidraulin\u012f valdymo vo\u017etuv\u0105 arba kit\u0105 tinkam\u0105 valdymo mechanizm\u0105.<\/li>\n<li>Sureguliuokite srauto ir sl\u0117gio nustatymus, kad pasiektum\u0117te norim\u0105 greit\u012f ir j\u0117gos i\u0161vest\u012f.<\/li>\n<li>Reguliariai steb\u0117kite keturi\u0173 stryp\u0173 hidraulinio cilindro veikim\u0105, ar n\u0117ra ne\u012fprast\u0173 po\u017eymi\u0173, pvz., nuot\u0117kio, perkaitimo ar ne\u012fprasto triuk\u0161mo.<\/li>\n<\/ul>\n<\/li>\n<\/ul>\n<h2><strong>Priekinio dang\u010dio keturi\u0173 stryp\u0173 hidraulinio cilindro prie\u017ei\u016bra<\/strong><strong>:<\/strong><\/h2>\n<p><strong>Reguliarus patikrinimas:<\/strong><\/p>\n<ol>\n<li style=\"list-style-type: none;\">\n<ul>\n<li>Atlikite reguliarius vizualinius patikrinimus, kad patikrintum\u0117te, ar n\u0117ra susid\u0117v\u0117jimo, nuot\u0117kio ar pa\u017eeidimo po\u017eymi\u0173.<\/li>\n<li>Patikrinkite trauki\u0173 pavir\u0161ius, sandariklius ir tvirtinimo jungtis, ar n\u0117ra koki\u0173 nors sutrikim\u0173, ir laiku pa\u0161alinkite visas problemas.<\/li>\n<\/ul>\n<\/li>\n<\/ol>\n<p><strong>Tepimas:<\/strong><\/p>\n<ol>\n<li style=\"list-style-type: none;\">\n<ul>\n<li>Laikykit\u0117s gamintojo tepimo interval\u0173 nurodym\u0173 ir naudokite rekomenduojamus tepalus, kad u\u017etikrintum\u0117te skland\u0173 veikim\u0105.<\/li>\n<li>Sutepkite strypus, sandariklius ir kitas judan\u010dias dalis, kad suma\u017eintum\u0117te trint\u012f ir pailgintum\u0117te cilindro tarnavimo laik\u0105.<\/li>\n<\/ul>\n<\/li>\n<\/ol>\n<p><strong>Sandariklio keitimas:<\/strong><\/p>\n<ul>\n<li style=\"list-style-type: none;\">\n<ul>\n<li>Laikui b\u0117gant, sandarikliai gali susid\u0117v\u0117ti ir juos reikia pakeisti. Jei aptinkamas nuot\u0117kis, atsargiai nuimkite sen\u0105 sandarikl\u012f ir \u012fstatykite nauj\u0105 sandarikl\u012f pagal gamintojo specifikacijas.<\/li>\n<\/ul>\n<\/li>\n<\/ul>\n<h2><strong>Kaip i\u0161matuoti hidraulin\u012f cilindr\u0105?<\/strong><\/h2>\n<p>Hidraulinio cilindro matavimui reik\u0117s keli\u0173 pagrindini\u0173 \u012franki\u0173, toki\u0173 kaip matavimo juosta, slankmatis arba mikrometras. \u0160tai nuoseklus vadovas, kaip i\u0161matuoti hidraulin\u012f cilindr\u0105:<\/p>\n<ol>\n<li><strong>Nustatykite matavimo tiksl\u0105:<\/strong>\n<ul>\n<li>Nuspr\u0119skite, ar matuoti vis\u0105 cilindro ilg\u012f, ar konkre\u010dius matmenis, pvz., strypo skersmen\u012f ar eigos ilg\u012f.<\/li>\n<\/ul>\n<\/li>\n<li><strong>I\u0161matuokite bendr\u0105 cilindro ilg\u012f:<\/strong>\n<ul>\n<li>Nor\u0117dami tiksliai i\u0161matuoti, i\u0161tieskite hidraulin\u012f cilindr\u0105 iki maksimalaus ilgio.<\/li>\n<li>Atstum\u0105 nuo vieno cilindro galo iki kito, \u012fskaitant visus tvirtinimo laikiklius ar \u0161akes, matuokite matavimo juosta arba liniuote.<\/li>\n<\/ul>\n<\/li>\n<li><strong>I\u0161matuokite strypo skersmen\u012f:<\/strong>\n<ul>\n<li>Jei reikia i\u0161matuoti strypo skersmen\u012f, visi\u0161kai \u012ftraukite cilindr\u0105, kad strypas b\u016bt\u0173 visi\u0161kai atidengtas.<\/li>\n<li>Strypo skersmeniui i\u0161matuoti naudokite slankmat\u012f arba mikrometr\u0105. Matavimo \u012frank\u012f pad\u0117kite statmenai strypo a\u0161iai ir i\u0161matuokite kelis ta\u0161kus, kad u\u017etikrintum\u0117te tikslum\u0105. Atkreipkite d\u0117mes\u012f \u012f did\u017eiausi\u0105 skersmens matavim\u0105.<\/li>\n<\/ul>\n<\/li>\n<li><strong>I\u0161matuokite sm\u016bg\u012f ilg\u012f:<\/strong>\n<ul>\n<li>Sm\u016bgio ilgis rei\u0161kia atstum\u0105, kur\u012f strypas gali nueiti nuo visi\u0161kai \u012ftrauktos iki visi\u0161kai i\u0161tiestos pad\u0117ties.<\/li>\n<li>Visi\u0161kai i\u0161traukite cilindr\u0105 ir i\u0161matuokite atstum\u0105 nuo pagrindo arba tvirtinimo pavir\u0161iaus iki strypo galo.<\/li>\n<\/ul>\n<\/li>\n<li><strong>I\u0161matuokite angos skersmen\u012f:<\/strong>\n<ul>\n<li>Cilindro kiaurym\u0117s skersmuo rei\u0161kia cilindro korpuso vidin\u012f skersmen\u012f.<\/li>\n<li>Jei reikia i\u0161matuoti vamzd\u017eio angos skersmen\u012f, i\u0161imkite cilindr\u0105 i\u0161 \u012frangos (jei \u012fmanoma) ir ap\u017ei\u016br\u0117kite atvir\u0105 vamzd\u017eio gal\u0105.<\/li>\n<li>Nor\u0117dami i\u0161matuoti vidin\u012f cilindro skersmen\u012f keliuose ta\u0161kuose, naudokite slankmat\u012f arba mikrometr\u0105. Atkreipkite d\u0117mes\u012f \u012f did\u017eiausi\u0105 skersmens matmen\u012f.<\/li>\n<\/ul>\n<\/li>\n<li><strong>Matavim\u0173 registravimas ir patikrinimas:<\/strong>\n<ul>\n<li>Gav\u0119 matavimus, tiksliai juos u\u017esira\u0161ykite, kad gal\u0117tum\u0117te juos per\u017ei\u016br\u0117ti ateityje.<\/li>\n<li>Dar kart\u0105 patikrinkite matavimus, kad \u012fsitikintum\u0117te, jog jie teisingi ir nuosekl\u016bs.<\/li>\n<\/ul>\n<\/li>\n<\/ol>\n<h2><strong>Gamyklos paj\u0117gumai ir talpa:<\/strong><\/h2>\n<h3>(1) Surinkimas<\/h3>\n<p>Turime pirmos klas\u0117s nepriklausom\u0105 tyrim\u0173 ir pl\u0117tros surinkimo platform\u0105. Hidraulini\u0173 cilindr\u0173 gamybos ceche yra keturios pusiau automatin\u0117s k\u0117limo cilindr\u0173 surinkimo linijos ir viena automatin\u0117 pakreipimo cilindr\u0173 surinkimo linija, kuri\u0173 projektinis metinis gamybos paj\u0117gumas yra 1 milijonas vienet\u0173. Speciali\u0173j\u0173 cilindr\u0173 ceche \u012frengta \u012fvairi\u0173 specifikacij\u0173 pusiau automatin\u0117 valymo surinkimo sistema, kurios projektinis metinis gamybos paj\u0117gumas yra 200 000 vienet\u0173, ir garsi CNC apdirbimo \u012franga, apdirbimo centras, didelio tikslumo cilindr\u0173 apdirbimo speciali \u012franga, robotinis suvirinimo aparatas, automatinis valymo aparatas, automatinis cilindr\u0173 surinkimo aparatas ir automatin\u0117 da\u017eymo gamybos linija. Esama daugiau nei 300 rinkini\u0173 (komplekt\u0173) kritin\u0117 \u012franga. Optimalus \u012frangos i\u0161tekli\u0173 paskirstymas ir efektyvus naudojimas u\u017etikrina gamini\u0173 tikslumo reikalavimus ir auk\u0161tus gamini\u0173 kokyb\u0117s poreikius.<\/p>\n<p><img loading=\"lazy\" decoding=\"async\" class=\"alignnone wp-image-626\" src=\"https:\/\/hydraulic-cylinders.net\/wp-content\/uploads\/2023\/08\/hydraulic-cylinder-product-1-300x158.webp\" alt=\"\" width=\"495\" height=\"260\" srcset=\"https:\/\/hydraulic-cylinders.net\/wp-content\/uploads\/2023\/08\/hydraulic-cylinder-product-1-300x158.webp 495w, https:\/\/hydraulic-cylinders.net\/wp-content\/uploads\/2023\/08\/hydraulic-cylinder-product-1-480x252.webp 480w\" sizes=\"(min-width: 0px) and (max-width: 480px) 480px, (min-width: 481px) 495px, 100vw\" \/> <img loading=\"lazy\" decoding=\"async\" class=\"alignnone wp-image-627\" src=\"https:\/\/hydraulic-cylinders.net\/wp-content\/uploads\/2023\/08\/hydraulic-cylinder-product-2-300x189.webp\" alt=\"\" width=\"413\" height=\"260\" \/><\/p>\n<h3>(2) Apdirbimas<\/h3>\n<p>Mechaninio apdirbimo ceche \u012frengtas pritaikytas nuo\u017eulnaus b\u0117gio tekinimo centras, apdirbimo centras, greitaeigis galandimo stakl\u0117s, suvirinimo robotas ir kita susijusi \u012franga, galinti apdirbti cilindrinius vamzd\u017eius, kuri\u0173 maksimalus vidinis skersmuo yra 400 mm, o maksimalus ilgis \u2013 6 metrai.<\/p>\n<p><img loading=\"lazy\" decoding=\"async\" class=\"alignnone wp-image-628 size-large\" src=\"https:\/\/hydraulic-cylinders.net\/wp-content\/uploads\/2023\/08\/hydraulic-cylinder-product-3-1024x391.webp\" alt=\"\" width=\"1024\" height=\"391\" srcset=\"https:\/\/hydraulic-cylinders.net\/wp-content\/uploads\/2023\/08\/hydraulic-cylinder-product-3-980x374.webp 980w, https:\/\/hydraulic-cylinders.net\/wp-content\/uploads\/2023\/08\/hydraulic-cylinder-product-3-480x183.webp 480w\" sizes=\"(min-width: 0px) and (max-width: 480px) 480px, (min-width: 481px) and (max-width: 980px) 980px, (min-width: 981px) 1024px, 100vw\" \/><\/p>\n<h3>(3) Suvirinimas<\/h3>\n<p><img loading=\"lazy\" decoding=\"async\" class=\"alignnone wp-image-629 size-large\" src=\"https:\/\/hydraulic-cylinders.net\/wp-content\/uploads\/2023\/08\/hydraulic-cylinder-product-4-1024x510.webp\" alt=\"\" width=\"1024\" height=\"510\" srcset=\"https:\/\/hydraulic-cylinders.net\/wp-content\/uploads\/2023\/08\/hydraulic-cylinder-product-4-980x488.webp 980w, https:\/\/hydraulic-cylinders.net\/wp-content\/uploads\/2023\/08\/hydraulic-cylinder-product-4-480x239.webp 480w\" sizes=\"(min-width: 0px) and (max-width: 480px) 480px, (min-width: 481px) and (max-width: 980px) 980px, (min-width: 981px) 1024px, 100vw\" \/><\/p>\n<h3>(4) Da\u017eymas ir dengimas<\/h3>\n<p>Su ma\u017eomis ir vidutinio dyd\u017eio cilindrin\u0117mis automatin\u0117mis vandens pagrindo da\u017e\u0173 dengimo linijomis, siekiant automatinio robot\u0173 pakrovimo ir i\u0161krovimo bei automatinio pur\u0161kimo, projektinis paj\u0117gumas yra 4000 vienet\u0173 per pamain\u0105;<br \/>\nTaip pat turime pusiau automatin\u0119 dideli\u0173 cilindr\u0173 da\u017e\u0173 gamybos linij\u0105, varom\u0105 grandin\u0117s, kurios projektinis na\u0161umas yra 60 d\u0117\u017ei\u0173 per pamain\u0105.<\/p>\n<p><img loading=\"lazy\" decoding=\"async\" class=\"alignnone wp-image-630\" src=\"https:\/\/hydraulic-cylinders.net\/wp-content\/uploads\/2023\/08\/hydraulic-cylinder-product-5-300x213.webp\" alt=\"\" width=\"366\" height=\"260\" \/> <img loading=\"lazy\" decoding=\"async\" class=\"alignnone wp-image-631\" src=\"https:\/\/hydraulic-cylinders.net\/wp-content\/uploads\/2023\/08\/hydraulic-cylinder-product-6-300x225.webp\" alt=\"\" width=\"347\" height=\"260\" \/><\/p>\n<h3>(5) Testavimas<\/h3>\n<p>Turime auk\u0161\u010diausios klas\u0117s patikros patalpas ir bandym\u0173 stendus, kad u\u017etikrintume, jog baliono veikimas atitinka reikalavimus.<\/p>\n<p><img loading=\"lazy\" decoding=\"async\" class=\"alignnone wp-image-632\" src=\"https:\/\/hydraulic-cylinders.net\/wp-content\/uploads\/2023\/08\/hydraulic-cylinder-product-8-300x200.webp\" alt=\"\" width=\"389\" height=\"260\" \/><\/p>\n<p>&nbsp;<\/p>\n<p>&nbsp;<\/p>\n<p>Esame vienas geriausi\u0173 lengv\u0173j\u0173 keturi\u0173 stryp\u0173 hidraulini\u0173 cilindr\u0173 gamintoj\u0173. Galime pasi\u016blyti plat\u0173 lengv\u0173j\u0173 keturi\u0173 stryp\u0173 hidraulini\u0173 cilindr\u0173 asortiment\u0105. Taip pat teikiame atitinkamas paslaugas. <a href=\"https:\/\/hzpt.com\/agricultural-pto-gearbox\/\" target=\"_blank\" rel=\"noopener\">\u017eem\u0117s \u016bkio pavar\u0173 d\u0117\u017e\u0117s<\/a>Mes eksportuojame savo gaminius klientams visame pasaulyje ir peln\u0117me ger\u0105 reputacij\u0105 d\u0117l auk\u0161\u010diausios gamini\u0173 kokyb\u0117s ir aptarnavimo po pardavimo. Nuo\u0161ird\u017eiai sveikiname klientus tiek \u0161alyje, tiek u\u017esienyje, norin\u010dius susisiekti su mumis der\u0117tis d\u0117l verslo, keistis informacija ir...\u00a0<a href=\"https:\/\/www.hydraulic-cylinders.net\/lt\/contact-us\/\">bendradarbiauti su mumis<\/a>!<\/p>\n<h2><\/h2>\n<h2><\/h2>\n<h2><\/h2>","protected":false},"excerpt":{"rendered":"<p>Front Cover Trunnion Four Rod Hydraulic Cylinder The front trunnion four rod hydraulic cylinder is a high-performance hydraulic element that provides superior power, precise control, and unmatched versatility in various industrial applications. With its innovative front cover trunnion design and four-bar configuration, this four rod hydraulic cylinder offers increased stability, durability, and load-carrying capacity, making [&hellip;]<\/p>","protected":false},"featured_media":1011,"comment_status":"open","ping_status":"closed","template":"","meta":{"_et_pb_use_builder":"","_et_pb_old_content":"","_et_gb_content_width":""},"product_brand":[],"product_cat":[1376,1386],"product_tag":[1380],"class_list":{"0":"post-1008","1":"product","2":"type-product","3":"status-publish","4":"has-post-thumbnail","6":"product_cat-hydraulic-cylinder","7":"product_cat-four-rod-hydraulic-cylinder","8":"product_tag-hydraulic-cylinder","10":"first","11":"instock","12":"shipping-taxable","13":"product-type-simple"},"amp_enabled":true,"_links":{"self":[{"href":"https:\/\/www.hydraulic-cylinders.net\/lt\/wp-json\/wp\/v2\/product\/1008","targetHints":{"allow":["GET"]}}],"collection":[{"href":"https:\/\/www.hydraulic-cylinders.net\/lt\/wp-json\/wp\/v2\/product"}],"about":[{"href":"https:\/\/www.hydraulic-cylinders.net\/lt\/wp-json\/wp\/v2\/types\/product"}],"replies":[{"embeddable":true,"href":"https:\/\/www.hydraulic-cylinders.net\/lt\/wp-json\/wp\/v2\/comments?post=1008"}],"wp:featuredmedia":[{"embeddable":true,"href":"https:\/\/www.hydraulic-cylinders.net\/lt\/wp-json\/wp\/v2\/media\/1011"}],"wp:attachment":[{"href":"https:\/\/www.hydraulic-cylinders.net\/lt\/wp-json\/wp\/v2\/media?parent=1008"}],"wp:term":[{"taxonomy":"product_brand","embeddable":true,"href":"https:\/\/www.hydraulic-cylinders.net\/lt\/wp-json\/wp\/v2\/product_brand?post=1008"},{"taxonomy":"product_cat","embeddable":true,"href":"https:\/\/www.hydraulic-cylinders.net\/lt\/wp-json\/wp\/v2\/product_cat?post=1008"},{"taxonomy":"product_tag","embeddable":true,"href":"https:\/\/www.hydraulic-cylinders.net\/lt\/wp-json\/wp\/v2\/product_tag?post=1008"}],"curies":[{"name":"wp","href":"https:\/\/api.w.org\/{rel}","templated":true}]}}