{"id":1012,"date":"2023-09-07T02:00:53","date_gmt":"2023-09-07T02:00:53","guid":{"rendered":"https:\/\/hydraulic-cylinders.net\/?post_type=product&#038;p=1012"},"modified":"2023-09-19T01:36:49","modified_gmt":"2023-09-19T01:36:49","slug":"rear-cover-trunnion-four-rod-hydraulic-cylinder","status":"publish","type":"product","link":"https:\/\/www.hydraulic-cylinders.net\/lt\/produktas\/rear-cover-trunnion-four-rod-hydraulic-cylinder\/","title":{"rendered":"Galinis dangtis Keturi\u0173 stryp\u0173 hidraulinis cilindras"},"content":{"rendered":"<h1 style=\"text-align: center;\"><strong>Galinis dangtis Keturi\u0173 stryp\u0173 hidraulinis cilindras<\/strong><\/h1>\n<p><img loading=\"lazy\" decoding=\"async\" class=\"size-full wp-image-1013 aligncenter\" src=\"https:\/\/hydraulic-cylinders.net\/wp-content\/uploads\/2023\/09\/rear-cover-trunnion-four-rod-hydraulic-cylinder-1-1.webp\" alt=\"\" width=\"231\" height=\"231\" srcset=\"https:\/\/www.hydraulic-cylinders.net\/wp-content\/uploads\/2023\/09\/rear-cover-trunnion-four-rod-hydraulic-cylinder-1-1.webp 231w, https:\/\/www.hydraulic-cylinders.net\/wp-content\/uploads\/2023\/09\/rear-cover-trunnion-four-rod-hydraulic-cylinder-1-1-100x100.webp 100w, https:\/\/www.hydraulic-cylinders.net\/wp-content\/uploads\/2023\/09\/rear-cover-trunnion-four-rod-hydraulic-cylinder-1-1-150x150.webp 150w, https:\/\/www.hydraulic-cylinders.net\/wp-content\/uploads\/2023\/09\/rear-cover-trunnion-four-rod-hydraulic-cylinder-1-1-12x12.webp 12w\" sizes=\"(max-width: 231px) 100vw, 231px\" \/><\/p>\n<p>Galinio dangtelio a\u0161ies keturi\u0173 stryp\u0173 hidraulinis cilindras yra pa\u017eangus komponentas, skirtas u\u017etikrinti i\u0161skirtin\u0119 gali\u0105, tiksl\u0173 valdym\u0105 ir neprilygstam\u0105 na\u0161um\u0105 \u012fvairiose pramon\u0117s srityse. D\u0117l novatori\u0161kos galinio dangtelio a\u0161ies konstrukcijos ir keturi\u0173 stryp\u0173 konfig\u016bracijos \u0161is keturi\u0173 stryp\u0173 hidraulinis cilindras pasi\u017eymi didesniu stabilumu, ilgaam\u017ei\u0161kumu ir keliam\u0105ja galia, tod\u0117l yra nepakei\u010diamas turtas reikliose hidraulin\u0117se sistemose.<\/p>\n<p>Keturi\u0173 stryp\u0173 hidraulinio cilindro esmin\u0117s charakteristikos:<\/p>\n<p><strong>Galinio dangtelio a\u0161ies konstrukcija:<\/strong><\/p>\n<ol>\n<li style=\"list-style-type: none;\">\n<ul>\n<li>Galinio dangtelio a\u0161ies konstrukcija u\u017etikrina saug\u0173 ir efektyv\u0173 montavimo sprendim\u0105, u\u017etikrinant\u012f patikim\u0105 veikim\u0105 net esant didel\u0117ms apkrovoms ir ekstremaliomis s\u0105lygomis.<\/li>\n<li>Tai supaprastina montavim\u0105 ir gali b\u016bti lengvai integruojama \u012f \u012fvairias hidraulines sistemas ar \u012frang\u0105.<\/li>\n<\/ul>\n<\/li>\n<\/ol>\n<p><strong>Keturi\u0173 stryp\u0173 konfig\u016bracija:<\/strong><\/p>\n<ol>\n<li style=\"list-style-type: none;\">\n<ul>\n<li>Keturi\u0173 stryp\u0173 konfig\u016bracija padidina keturi\u0173 stryp\u0173 hidraulinio cilindro laikom\u0105j\u0105 gali\u0105 ir u\u017etikrina optimal\u0173 stabilum\u0105 bei tiksl\u0173 pad\u0117ties nustatym\u0105.<\/li>\n<li>Tai leid\u017eia keturi\u0173 stryp\u0173 hidrauliniam cilindrui efektyviai atlaikyti \u0161onines apkrovas, u\u017etikrinant i\u0161skirtin\u012f atsparum\u0105 sukimui ir \u0161onin\u0117ms j\u0117goms.<\/li>\n<\/ul>\n<\/li>\n<\/ol>\n<p><strong>Didel\u0117 galia:<\/strong><\/p>\n<ol>\n<li style=\"list-style-type: none;\">\n<ul>\n<li>\u0160is keturi\u0173 stryp\u0173 hidraulinis cilindras pasi\u017eymi \u012fsp\u016bdinga galia, tod\u0117l lengvai susidoroja su dideliais kroviniais.<\/li>\n<li>Jis pasi\u017eymi didele galia ir trauka, tod\u0117l tinka naudoti ten, kur reikia daug j\u0117gos ir keliamosios galios.<\/li>\n<\/ul>\n<\/li>\n<\/ol>\n<p><strong>Tikslus valdymas:<\/strong><\/p>\n<ul>\n<li style=\"list-style-type: none;\">\n<ul>\n<li>Galinio dang\u010dio keturi\u0173 stryp\u0173 hidraulinis cilindras u\u017etikrina tiksl\u0173 tiesin\u012f judesio valdym\u0105, kad b\u016bt\u0173 u\u017etikrintas tikslus pad\u0117ties nustatymas ir sklandus veikimas.<\/li>\n<li>Tai u\u017etikrina puik\u0173 sm\u016bgio valdym\u0105, leid\u017eiant\u012f operatoriams pasiekti konkre\u010dioms u\u017eduotims reikaling\u0105 greit\u012f ir tikslum\u0105.<\/li>\n<\/ul>\n<\/li>\n<\/ul>\n<h2><strong>Galinio dang\u010dio keturi\u0173 stryp\u0173 hidraulinio cilindro parametras:<\/strong><\/h2>\n<p><img loading=\"lazy\" decoding=\"async\" class=\"alignnone wp-image-1010 size-full\" src=\"https:\/\/hydraulic-cylinders.net\/wp-content\/uploads\/2023\/09\/rear-cover-rectangular-flange-four-rod-hydraulic-cylinder-2.webp\" alt=\"\" width=\"655\" height=\"197\" srcset=\"https:\/\/hydraulic-cylinders.net\/wp-content\/uploads\/2023\/09\/rear-cover-rectangular-flange-four-rod-hydraulic-cylinder-2.webp 655w, https:\/\/hydraulic-cylinders.net\/wp-content\/uploads\/2023\/09\/rear-cover-rectangular-flange-four-rod-hydraulic-cylinder-2-480x144.webp 480w\" sizes=\"(min-width: 0px) and (max-width: 480px) 480px, (min-width: 481px) 655px, 100vw\" \/><\/p>\n<p><img loading=\"lazy\" decoding=\"async\" class=\"alignnone wp-image-1033 size-full\" src=\"https:\/\/hydraulic-cylinders.net\/wp-content\/uploads\/2023\/09\/d-db-dd-four-rod-hydraulic-cylinder.webp\" alt=\"\" width=\"655\" height=\"249\" srcset=\"https:\/\/hydraulic-cylinders.net\/wp-content\/uploads\/2023\/09\/d-db-dd-four-rod-hydraulic-cylinder.webp 655w, https:\/\/hydraulic-cylinders.net\/wp-content\/uploads\/2023\/09\/d-db-dd-four-rod-hydraulic-cylinder-480x182.webp 480w\" sizes=\"(min-width: 0px) and (max-width: 480px) 480px, (min-width: 481px) 655px, 100vw\" \/><\/p>\n<h2><strong>Galinis dangtis Keturi\u0173 stryp\u0173 hidraulinis cilindras <\/strong><strong>Naudojimo metodas<\/strong><strong>:<\/strong><\/h2>\n<p><strong>Montavimas ir \u012frengimas:<\/strong><\/p>\n<ol>\n<li style=\"list-style-type: none;\">\n<ul>\n<li>Nor\u0117dami nustatyti tinkam\u0105 hidraulinio cilindro montavimo viet\u0105 sistemoje ar \u012frangoje, atsi\u017evelkite \u012f apkrovos reikalavimus ir vietos apribojimus.<\/li>\n<li>\u012esitikinkite, kad tvirtinimo pavir\u0161ius yra \u0161varus, lygus ir gali atlaikyti cilindro svor\u012f.<\/li>\n<li>U\u017epakalinio dangtelio kai\u0161\u010dius u\u017ed\u0117kite lygiai su tvirtinimo pavir\u0161iumi ir pritvirtinkite juos rekomenduojamais var\u017etais arba tvirtinimo detal\u0117mis.<\/li>\n<\/ul>\n<\/li>\n<\/ol>\n<p><strong>Hidraulin\u0117s jungtys:<\/strong><\/p>\n<ol>\n<li style=\"list-style-type: none;\">\n<ul>\n<li>Prijunkite keturi\u0173 stryp\u0173 hidraulinio cilindro tiekimo linij\u0105 prie cilindro angos, kad u\u017etikrintum\u0117te tinkam\u0105 sandarum\u0105 ir i\u0161vengtum\u0117te nuot\u0117kio.<\/li>\n<li>Laikykit\u0117s gamintojo rekomendacij\u0173 d\u0117l hidraulin\u0117s alyvos tipo ir pripildykite sistem\u0105 iki rekomenduojamo lygio.<\/li>\n<\/ul>\n<\/li>\n<\/ol>\n<p><strong>Operacija:<\/strong><\/p>\n<ul>\n<li style=\"list-style-type: none;\">\n<ul>\n<li>\u012ejunkite hidraulin\u0119 sistem\u0105 ir valdykite cilindro jud\u0117jim\u0105 naudodami hidraulin\u012f valdymo vo\u017etuv\u0105 arba kit\u0105 tinkam\u0105 valdymo mechanizm\u0105.<\/li>\n<li>Sureguliuokite srauto ir sl\u0117gio nustatymus, kad pasiektum\u0117te norim\u0105 greit\u012f ir j\u0117gos i\u0161vest\u012f.<\/li>\n<li>Reguliariai steb\u0117kite cilindro veikim\u0105, ar n\u0117ra koki\u0173 nors ne\u012fprasto elgesio po\u017eymi\u0173, toki\u0173 kaip nuot\u0117kiai, perkaitimas ar ne\u012fprastas triuk\u0161mas.<\/li>\n<\/ul>\n<\/li>\n<\/ul>\n<h2><strong>Galinio dang\u010dio keturi\u0173 stryp\u0173 hidraulinio cilindro prie\u017ei\u016bra<\/strong><strong>:<\/strong><\/h2>\n<ol>\n<li><strong>Reguliarus patikrinimas:<\/strong>\n<ul>\n<li>Atlikite reguliarius vizualinius patikrinimus, kad patikrintum\u0117te, ar n\u0117ra susid\u0117v\u0117jimo, nuot\u0117ki\u0173 ar pa\u017eeidim\u0173 po\u017eymi\u0173.<\/li>\n<li>Patikrinkite strypo pavir\u0161i\u0173, sandariklius ir tvirtinimo jungtis, ar n\u0117ra koki\u0173 nors nukrypim\u0173 nuo normos, ir nedelsdami i\u0161spr\u0119skite visas problemas.<\/li>\n<\/ul>\n<\/li>\n<li><strong>Tepimas:<\/strong>\n<ul>\n<li>Laikykit\u0117s gamintojo nurodym\u0173 d\u0117l tepimo interval\u0173 ir naudokite rekomenduojam\u0105 tepal\u0105, kad u\u017etikrintum\u0117te skland\u0173 veikim\u0105.<\/li>\n<li>Sutepkite stryp\u0105, sandariklius ir kitas judan\u010dias dalis, kad suma\u017eintum\u0117te trint\u012f ir pailgintum\u0117te cilindro tarnavimo laik\u0105.<\/li>\n<\/ul>\n<\/li>\n<li><strong>Sandariklio keitimas:<\/strong>\n<ul>\n<li>Laikui b\u0117gant, sandarikliai gali susid\u0117v\u0117ti ir juos gali tekti pakeisti. Jei aptinkamas nuot\u0117kis, atsargiai nuimkite senus sandariklius ir \u012fstatykite naujus pagal gamintojo specifikacijas.<\/li>\n<\/ul>\n<\/li>\n<\/ol>\n<h2><strong>Kaip rekonstruoti hidraulin\u012f cilindr\u0105?<\/strong><\/h2>\n<p>Hidraulinio cilindro atstatymas apima cilindro i\u0161ardym\u0105, jo komponent\u0173 patikrinim\u0105, susid\u0117v\u0117jusi\u0173 ar pa\u017eeist\u0173 dali\u0173 pakeitim\u0105 ir surinkim\u0105, siekiant atkurti jo funkcionalum\u0105. \u0160tai bendras nuoseklus hidraulinio cilindro atstatymo vadovas:<\/p>\n<ol>\n<li><strong>Surinkite reikiamus \u012frankius ir \u012frang\u0105:<\/strong>\n<ul>\n<li>Prie\u0161 prad\u0117dami rekonstrukcijos proces\u0105, surinkite reikiamus \u012frankius, tokius kaip ver\u017eliarak\u010diai, repl\u0117s, guminis plaktukas, cilindro honavimo \u012frankis, nauji sandarikliai ir O \u017eiedai, sandarikli\u0173 montavimo \u012frankis ir hidraulinio cilindro remonto rinkinys.<\/li>\n<\/ul>\n<\/li>\n<li><strong>Saugos priemon\u0117s:<\/strong>\n<ul>\n<li>\u012esitikinkite, kad hidraulin\u0117je sistemoje n\u0117ra sl\u0117gio, o cilindras atjungtas nuo bet kokio maitinimo \u0161altinio.<\/li>\n<li>Atstatymo metu naudokite tinkamas apsaugos priemones (AAP), tokias kaip pir\u0161tin\u0117s ir apsauginiai akiniai, kad apsisaugotum\u0117te.<\/li>\n<\/ul>\n<\/li>\n<li><strong>Cilindro i\u0161ardymas:<\/strong>\n<ul>\n<li>Nuimkite hidraulin\u012f cilindr\u0105 nuo \u012frangos ar sistemos.<\/li>\n<li>Atsargiai i\u0161ardykite cilindr\u0105, prad\u0117dami nuo galini\u0173 dangteli\u0173 arba tvirtinimo \u017eied\u0173 nu\u0117mimo.<\/li>\n<li>I\u0161leiskite sl\u0117g\u012f cilindre, visi\u0161kai \u012ftraukdami stryp\u0105.<\/li>\n<li>Nor\u0117dami tiksliai surinkti, atkreipkite d\u0117mes\u012f \u012f i\u0161imt\u0173 komponent\u0173 sek\u0105.<\/li>\n<\/ul>\n<\/li>\n<li><strong>Komponent\u0173 ap\u017ei\u016bra:<\/strong>\n<ul>\n<li>Patikrinkite visus cilindro komponentus, \u012fskaitant stryp\u0105, st\u016bmokl\u012f, sandariklius ir guolius, ar n\u0117ra susid\u0117v\u0117jimo, pa\u017eeidim\u0173 ar korozijos po\u017eymi\u0173.<\/li>\n<li>I\u0161matuokite svarbiausi\u0173 komponent\u0173, toki\u0173 kaip strypo ir kiaurym\u0117s skersmuo, matmenis, kad \u012fsitikintum\u0117te, jog jie atitinka specifikacijas.<\/li>\n<li>Atid\u017eiai atkreipkite d\u0117mes\u012f \u012f sandarikli\u0173 ir O \u017eied\u0173 b\u016bkl\u0119, nes jie yra \u017einomi hidraulini\u0173 cilindr\u0173 problem\u0173 \u0161altiniai.<\/li>\n<\/ul>\n<\/li>\n<li><strong>Susid\u0117v\u0117jusi\u0173 arba pa\u017eeist\u0173 dali\u0173 keitimas:<\/strong>\n<ul>\n<li>Pakeiskite visus sandariklius, O \u017eiedus ar kitus pa\u017eeistus komponentus, nustatytus patikrinimo metu.<\/li>\n<li>\u012esitikinkite, kad pakaitin\u0117s dalys yra suderinamos su cilindro modeliu ir atitinka reikiamas specifikacijas.<\/li>\n<li>Prie\u0161 montuodami naujus sandariklius arba O formos \u017eiedus, sutepkite juos hidrauline alyva.<\/li>\n<\/ul>\n<\/li>\n<li><strong>Cilindro surinkimas:<\/strong>\n<ul>\n<li>Kruop\u0161\u010diai nuvalykite visus i\u0161ardytus komponentus, kad pa\u0161alintum\u0117te ne\u0161varumus ar \u0161iuk\u0161les.<\/li>\n<li>Surinkimo metu ant komponent\u0173 u\u017etepkite plon\u0105 hidraulin\u0117s alyvos pl\u0117vel\u0119, kad jie b\u016bt\u0173 sutepti.<\/li>\n<li>Vadovaukit\u0117s gamintojo instrukcijomis arba remonto vadovu, kad u\u017etikrintum\u0117te teising\u0105 tvirtinimo detali\u0173 surinkim\u0105 ir sukimo momento specifikacijas.<\/li>\n<\/ul>\n<\/li>\n<li><strong>Testavimas ir diegimas:<\/strong>\n<ul>\n<li>Surinkus cilindr\u0105, patikrinkite jo veikim\u0105 naudodami hidraulin\u012f sl\u0117g\u012f.<\/li>\n<li>Bandymo metu patikrinkite, ar n\u0117ra nuot\u0117ki\u0173, ne\u012fprast\u0173 gars\u0173 ar netaisykling\u0173 judesi\u0173.<\/li>\n<li>Jei cilindras veikia skland\u017eiai ir be problem\u0173, j\u012f galima v\u0117l sumontuoti \u012f \u012frang\u0105 ar sistem\u0105.<\/li>\n<\/ul>\n<\/li>\n<\/ol>\n<h2><strong>Gamyklos paj\u0117gumai ir talpa:<\/strong><\/h2>\n<h3>(1) Surinkimas<\/h3>\n<p>Turime pirmos klas\u0117s nepriklausom\u0105 tyrim\u0173 ir pl\u0117tros surinkimo platform\u0105. Hidraulini\u0173 cilindr\u0173 gamybos ceche yra keturios pusiau automatin\u0117s k\u0117limo cilindr\u0173 surinkimo linijos ir viena automatin\u0117 pakreipimo cilindr\u0173 surinkimo linija, kuri\u0173 projektinis metinis gamybos paj\u0117gumas yra 1 milijonas vienet\u0173. Speciali\u0173j\u0173 cilindr\u0173 ceche \u012frengta \u012fvairi\u0173 specifikacij\u0173 pusiau automatin\u0117 valymo surinkimo sistema, kurios projektinis metinis gamybos paj\u0117gumas yra 200 000 vienet\u0173, ir garsi CNC apdirbimo \u012franga, apdirbimo centras, didelio tikslumo cilindr\u0173 apdirbimo speciali \u012franga, robotinis suvirinimo aparatas, automatinis valymo aparatas, automatinis cilindr\u0173 surinkimo aparatas ir automatin\u0117 da\u017eymo gamybos linija. Esama daugiau nei 300 rinkini\u0173 (komplekt\u0173) kritin\u0117 \u012franga. Optimalus \u012frangos i\u0161tekli\u0173 paskirstymas ir efektyvus naudojimas u\u017etikrina gamini\u0173 tikslumo reikalavimus ir auk\u0161tus gamini\u0173 kokyb\u0117s poreikius.<\/p>\n<p><img loading=\"lazy\" decoding=\"async\" class=\"alignnone wp-image-626\" src=\"https:\/\/hydraulic-cylinders.net\/wp-content\/uploads\/2023\/08\/hydraulic-cylinder-product-1-300x158.webp\" alt=\"\" width=\"495\" height=\"260\" srcset=\"https:\/\/hydraulic-cylinders.net\/wp-content\/uploads\/2023\/08\/hydraulic-cylinder-product-1-300x158.webp 495w, https:\/\/hydraulic-cylinders.net\/wp-content\/uploads\/2023\/08\/hydraulic-cylinder-product-1-480x252.webp 480w\" sizes=\"(min-width: 0px) and (max-width: 480px) 480px, (min-width: 481px) 495px, 100vw\" \/> <img loading=\"lazy\" decoding=\"async\" class=\"alignnone wp-image-627\" src=\"https:\/\/hydraulic-cylinders.net\/wp-content\/uploads\/2023\/08\/hydraulic-cylinder-product-2-300x189.webp\" alt=\"\" width=\"413\" height=\"260\" \/><\/p>\n<h3>(2) Apdirbimas<\/h3>\n<p>Mechaninio apdirbimo ceche \u012frengtas pritaikytas nuo\u017eulnaus b\u0117gio tekinimo centras, apdirbimo centras, greitaeigis galandimo stakl\u0117s, suvirinimo robotas ir kita susijusi \u012franga, galinti apdirbti cilindrinius vamzd\u017eius, kuri\u0173 maksimalus vidinis skersmuo yra 400 mm, o maksimalus ilgis \u2013 6 metrai.<\/p>\n<p><img loading=\"lazy\" decoding=\"async\" class=\"alignnone wp-image-628 size-large\" src=\"https:\/\/hydraulic-cylinders.net\/wp-content\/uploads\/2023\/08\/hydraulic-cylinder-product-3-1024x391.webp\" alt=\"\" width=\"1024\" height=\"391\" srcset=\"https:\/\/hydraulic-cylinders.net\/wp-content\/uploads\/2023\/08\/hydraulic-cylinder-product-3-980x374.webp 980w, https:\/\/hydraulic-cylinders.net\/wp-content\/uploads\/2023\/08\/hydraulic-cylinder-product-3-480x183.webp 480w\" sizes=\"(min-width: 0px) and (max-width: 480px) 480px, (min-width: 481px) and (max-width: 980px) 980px, (min-width: 981px) 1024px, 100vw\" \/><\/p>\n<h3>(3) Suvirinimas<\/h3>\n<p><img loading=\"lazy\" decoding=\"async\" class=\"alignnone wp-image-629 size-large\" src=\"https:\/\/hydraulic-cylinders.net\/wp-content\/uploads\/2023\/08\/hydraulic-cylinder-product-4-1024x510.webp\" alt=\"\" width=\"1024\" height=\"510\" srcset=\"https:\/\/hydraulic-cylinders.net\/wp-content\/uploads\/2023\/08\/hydraulic-cylinder-product-4-980x488.webp 980w, https:\/\/hydraulic-cylinders.net\/wp-content\/uploads\/2023\/08\/hydraulic-cylinder-product-4-480x239.webp 480w\" sizes=\"(min-width: 0px) and (max-width: 480px) 480px, (min-width: 481px) and (max-width: 980px) 980px, (min-width: 981px) 1024px, 100vw\" \/><\/p>\n<h3>(4) Da\u017eymas ir dengimas<\/h3>\n<p>Su ma\u017eomis ir vidutinio dyd\u017eio cilindrin\u0117mis automatin\u0117mis vandens pagrindo da\u017e\u0173 dengimo linijomis, siekiant automatinio robot\u0173 pakrovimo ir i\u0161krovimo bei automatinio pur\u0161kimo, projektinis paj\u0117gumas yra 4000 vienet\u0173 per pamain\u0105;<br \/>\nTaip pat turime pusiau automatin\u0119 dideli\u0173 cilindr\u0173 da\u017e\u0173 gamybos linij\u0105, varom\u0105 grandin\u0117s, kurios projektinis na\u0161umas yra 60 d\u0117\u017ei\u0173 per pamain\u0105.<\/p>\n<p><img loading=\"lazy\" decoding=\"async\" class=\"alignnone wp-image-630\" src=\"https:\/\/hydraulic-cylinders.net\/wp-content\/uploads\/2023\/08\/hydraulic-cylinder-product-5-300x213.webp\" alt=\"\" width=\"366\" height=\"260\" \/> <img loading=\"lazy\" decoding=\"async\" class=\"alignnone wp-image-631\" src=\"https:\/\/hydraulic-cylinders.net\/wp-content\/uploads\/2023\/08\/hydraulic-cylinder-product-6-300x225.webp\" alt=\"\" width=\"347\" height=\"260\" \/><\/p>\n<h3>(5) Testavimas<\/h3>\n<p>Turime auk\u0161\u010diausios klas\u0117s patikros patalpas ir bandym\u0173 stendus, kad u\u017etikrintume, jog baliono veikimas atitinka reikalavimus.<\/p>\n<p><img loading=\"lazy\" decoding=\"async\" class=\"alignnone wp-image-632\" src=\"https:\/\/hydraulic-cylinders.net\/wp-content\/uploads\/2023\/08\/hydraulic-cylinder-product-8-300x200.webp\" alt=\"\" width=\"389\" height=\"260\" \/><\/p>\n<p>&nbsp;<\/p>\n<p>&nbsp;<\/p>\n<p>Esame vienas geriausi\u0173 lengv\u0173j\u0173 keturi\u0173 stryp\u0173 hidraulini\u0173 cilindr\u0173 gamintoj\u0173. Galime pasi\u016blyti plat\u0173 lengv\u0173j\u0173 keturi\u0173 stryp\u0173 hidraulini\u0173 cilindr\u0173 asortiment\u0105. Taip pat teikiame atitinkamas paslaugas. <a href=\"https:\/\/hzpt.com\/agricultural-pto-gearbox\/\" target=\"_blank\" rel=\"noopener\">\u017eem\u0117s \u016bkio pavar\u0173 d\u0117\u017e\u0117s<\/a>Mes eksportuojame savo gaminius klientams visame pasaulyje ir peln\u0117me ger\u0105 reputacij\u0105 d\u0117l auk\u0161\u010diausios gamini\u0173 kokyb\u0117s ir aptarnavimo po pardavimo. Nuo\u0161ird\u017eiai sveikiname klientus tiek \u0161alyje, tiek u\u017esienyje, norin\u010dius susisiekti su mumis der\u0117tis d\u0117l verslo, keistis informacija ir...\u00a0<a href=\"https:\/\/www.hydraulic-cylinders.net\/lt\/contact-us\/\">bendradarbiauti su mumis<\/a>!<\/p>\n<h2><\/h2>\n<h2><\/h2>\n<h2><\/h2>","protected":false},"excerpt":{"rendered":"<p>Rear Cover Trunnion Four Rod Hydraulic Cylinder The rear cover trunnion four rod hydraulic cylinder is a cutting-edge component designed to provide exceptional power, precise control, and unmatched performance in various industrial applications. With its innovative rear cover trunnion design and four rod configuration, this four rod hydraulic cylinder offers enhanced stability, durability, and load-bearing [&hellip;]<\/p>","protected":false},"featured_media":1039,"comment_status":"open","ping_status":"closed","template":"","meta":{"_et_pb_use_builder":"","_et_pb_old_content":"","_et_gb_content_width":""},"product_brand":[],"product_cat":[1376,1386],"product_tag":[1380],"class_list":{"0":"post-1012","1":"product","2":"type-product","3":"status-publish","4":"has-post-thumbnail","6":"product_cat-hydraulic-cylinder","7":"product_cat-four-rod-hydraulic-cylinder","8":"product_tag-hydraulic-cylinder","10":"first","11":"instock","12":"shipping-taxable","13":"product-type-simple"},"amp_enabled":true,"_links":{"self":[{"href":"https:\/\/www.hydraulic-cylinders.net\/lt\/wp-json\/wp\/v2\/product\/1012","targetHints":{"allow":["GET"]}}],"collection":[{"href":"https:\/\/www.hydraulic-cylinders.net\/lt\/wp-json\/wp\/v2\/product"}],"about":[{"href":"https:\/\/www.hydraulic-cylinders.net\/lt\/wp-json\/wp\/v2\/types\/product"}],"replies":[{"embeddable":true,"href":"https:\/\/www.hydraulic-cylinders.net\/lt\/wp-json\/wp\/v2\/comments?post=1012"}],"wp:featuredmedia":[{"embeddable":true,"href":"https:\/\/www.hydraulic-cylinders.net\/lt\/wp-json\/wp\/v2\/media\/1039"}],"wp:attachment":[{"href":"https:\/\/www.hydraulic-cylinders.net\/lt\/wp-json\/wp\/v2\/media?parent=1012"}],"wp:term":[{"taxonomy":"product_brand","embeddable":true,"href":"https:\/\/www.hydraulic-cylinders.net\/lt\/wp-json\/wp\/v2\/product_brand?post=1012"},{"taxonomy":"product_cat","embeddable":true,"href":"https:\/\/www.hydraulic-cylinders.net\/lt\/wp-json\/wp\/v2\/product_cat?post=1012"},{"taxonomy":"product_tag","embeddable":true,"href":"https:\/\/www.hydraulic-cylinders.net\/lt\/wp-json\/wp\/v2\/product_tag?post=1012"}],"curies":[{"name":"wp","href":"https:\/\/api.w.org\/{rel}","templated":true}]}}