{"id":1019,"date":"2023-09-07T03:16:54","date_gmt":"2023-09-07T03:16:54","guid":{"rendered":"https:\/\/hydraulic-cylinders.net\/?post_type=product&#038;p=1019"},"modified":"2023-09-19T01:36:32","modified_gmt":"2023-09-19T01:36:32","slug":"double-pistion-rod-hydraulic-cylinder","status":"publish","type":"product","link":"https:\/\/www.hydraulic-cylinders.net\/lt\/produktas\/double-pistion-rod-hydraulic-cylinder\/","title":{"rendered":"Dvigubo st\u016bmoklio strypo hidraulinis cilindras"},"content":{"rendered":"<h1 style=\"text-align: center;\"><strong>Dvigubo st\u016bmoklio strypo hidraulinis cilindras<\/strong><\/h1>\n<p><img loading=\"lazy\" decoding=\"async\" class=\"size-full wp-image-1022 aligncenter\" src=\"https:\/\/hydraulic-cylinders.net\/wp-content\/uploads\/2023\/09\/double-piston-rod-hydraulic-cylinder-1-1.webp\" alt=\"\" width=\"281\" height=\"281\" srcset=\"https:\/\/www.hydraulic-cylinders.net\/wp-content\/uploads\/2023\/09\/double-piston-rod-hydraulic-cylinder-1-1.webp 281w, https:\/\/www.hydraulic-cylinders.net\/wp-content\/uploads\/2023\/09\/double-piston-rod-hydraulic-cylinder-1-1-100x100.webp 100w, https:\/\/www.hydraulic-cylinders.net\/wp-content\/uploads\/2023\/09\/double-piston-rod-hydraulic-cylinder-1-1-150x150.webp 150w, https:\/\/www.hydraulic-cylinders.net\/wp-content\/uploads\/2023\/09\/double-piston-rod-hydraulic-cylinder-1-1-12x12.webp 12w\" sizes=\"(max-width: 281px) 100vw, 281px\" \/><\/p>\n<p>The double piston rod hydraulic cylinder is a cutting-edge hydraulic element designed to provide superior power, stability, and versatility for a wide range of industrial applications. With its unique dual piston rod configuration, this hydraulic cylinder offers enhanced load-carrying capacity, precise control, and reliable performance, making it an indispensable asset in demanding hydraulic systems.<\/p>\n<p>Keturi\u0173 stryp\u0173 hidraulinio cilindro esmin\u0117s charakteristikos:<\/p>\n<p><strong>Double Piston Rod Configuration:<\/strong><\/p>\n<ol>\n<li style=\"list-style-type: none;\">\n<ul>\n<li>The dual piston rod configuration makes the hydraulic cylinder different from the traditional design, with higher stability, load capacity and side load resistance.<\/li>\n<li>It provides a symmetrical distribution of forces, ensuring balanced and precise movement during operation.<\/li>\n<\/ul>\n<\/li>\n<\/ol>\n<p><strong>Didel\u0117 galia:<\/strong><\/p>\n<ol>\n<li style=\"list-style-type: none;\">\n<ul>\n<li>This hydraulic cylinder has an impressive power output, making it suitable for applications that require a lot of power and lifting capacity.<\/li>\n<li>It provides a special thrust that allows it to easily handle heavy loads.<\/li>\n<\/ul>\n<\/li>\n<\/ol>\n<p><strong>Tikslus valdymas ir pad\u0117ties nustatymas:<\/strong><\/p>\n<ol>\n<li style=\"list-style-type: none;\">\n<ul>\n<li>Dual piston rod hydraulic cylinders provide precise control over linear motion, ensuring accurate positioning and smooth operation.<\/li>\n<li>Tai u\u017etikrina puik\u0173 sm\u016bgio valdym\u0105, leid\u017eiant\u012f operatoriams pasiekti konkre\u010dioms u\u017eduotims reikaling\u0105 greit\u012f ir tikslum\u0105.<\/li>\n<\/ul>\n<\/li>\n<\/ol>\n<p><strong>Universalus pritaikymas:<\/strong><\/p>\n<ul>\n<li style=\"list-style-type: none;\">\n<ul>\n<li>Its rugged construction and versatile design make this hydraulic cylinder suitable for various industries and applications.<\/li>\n<li>It can be used in heavy machinery, construction equipment, material handling systems, agricultural machinery, etc.<\/li>\n<\/ul>\n<\/li>\n<\/ul>\n<h2><strong>Double Piston Rod Hydraulic Cylinder Parameter:<\/strong><\/h2>\n<p><img loading=\"lazy\" decoding=\"async\" class=\"alignnone wp-image-1023 size-full\" src=\"https:\/\/hydraulic-cylinders.net\/wp-content\/uploads\/2023\/09\/double-piston-rod-hydraulic-cylinder-2.webp\" alt=\"\" width=\"654\" height=\"388\" srcset=\"https:\/\/hydraulic-cylinders.net\/wp-content\/uploads\/2023\/09\/double-piston-rod-hydraulic-cylinder-2.webp 654w, https:\/\/hydraulic-cylinders.net\/wp-content\/uploads\/2023\/09\/double-piston-rod-hydraulic-cylinder-2-480x285.webp 480w\" sizes=\"(min-width: 0px) and (max-width: 480px) 480px, (min-width: 481px) 654px, 100vw\" \/><\/p>\n<h2><strong>Dvigubo st\u016bmoklio strypo hidraulinis cilindras <\/strong><strong>Naudojimo metodas<\/strong><strong>:<\/strong><\/h2>\n<p><strong>Montavimas ir \u012frengimas:<\/strong><\/p>\n<ol>\n<li style=\"list-style-type: none;\">\n<ul>\n<li>Nor\u0117dami nustatyti tinkam\u0105 hidraulinio cilindro montavimo viet\u0105 sistemoje ar \u012frangoje, atsi\u017evelkite \u012f apkrovos reikalavimus ir vietos apribojimus.<\/li>\n<li>\u012esitikinkite, kad tvirtinimo pavir\u0161ius yra \u0161varus, lygus ir gali atlaikyti cilindro svor\u012f.<\/li>\n<li>Secure cylinders using recommended bolts or fasteners in accordance with the manufacturer&#8217;s guidelines.<\/li>\n<\/ul>\n<\/li>\n<\/ol>\n<p><strong>Hidraulin\u0117s jungtys:<\/strong><\/p>\n<ol>\n<li style=\"list-style-type: none;\">\n<ul>\n<li>Connect hydraulic supply line to the cylinder port, ensuring proper seal to prevent leakage.<\/li>\n<li>Laikykit\u0117s gamintojo rekomendacij\u0173 d\u0117l hidraulin\u0117s alyvos tipo ir pripildykite sistem\u0105 iki rekomenduojamo lygio.<\/li>\n<\/ul>\n<\/li>\n<\/ol>\n<p><strong>Operacija:<\/strong><\/p>\n<ul>\n<li style=\"list-style-type: none;\">\n<ul>\n<li>\u012ejunkite hidraulin\u0119 sistem\u0105 ir valdykite cilindro jud\u0117jim\u0105 naudodami hidraulin\u012f valdymo vo\u017etuv\u0105 arba kit\u0105 tinkam\u0105 valdymo mechanizm\u0105.<\/li>\n<li>Sureguliuokite srauto ir sl\u0117gio nustatymus, kad pasiektum\u0117te norim\u0105 greit\u012f ir j\u0117gos i\u0161vest\u012f.<\/li>\n<li>Regularly monitor cylinder operation for abnormal behavior, such as leakage, overheating, or unusual noise.<\/li>\n<\/ul>\n<\/li>\n<\/ul>\n<h2><strong>Dvigubo st\u016bmoklio strypo hidraulinis cilindras <\/strong><strong>Prie\u017ei\u016bra<\/strong><strong>:<\/strong><\/h2>\n<p><strong>Reguliarus patikrinimas:<\/strong><\/p>\n<ol>\n<li style=\"list-style-type: none;\">\n<ul>\n<li>Atlikite reguliarius vizualinius patikrinimus, kad patikrintum\u0117te, ar n\u0117ra susid\u0117v\u0117jimo, nuot\u0117kio ar pa\u017eeidimo po\u017eymi\u0173.<\/li>\n<li>Check the piston rod, seals, and mounting connections for abnormalities and address any problems promptly.<\/li>\n<\/ul>\n<\/li>\n<\/ol>\n<p><strong>Tepimas:<\/strong><\/p>\n<ol>\n<li style=\"list-style-type: none;\">\n<ul>\n<li>Laikykit\u0117s gamintojo tepimo interval\u0173 nurodym\u0173 ir naudokite rekomenduojam\u0105 tepal\u0105, kad u\u017etikrintum\u0117te skland\u0173 veikim\u0105.<\/li>\n<li>Lubricate piston rods, seals, and other moving parts to minimize friction and extend cylinder life.<\/li>\n<\/ul>\n<\/li>\n<\/ol>\n<p><strong>Sandariklio keitimas:<\/strong><\/p>\n<ul>\n<li style=\"list-style-type: none;\">\n<ul>\n<li>Laikui b\u0117gant, sandarikliai gali susid\u0117v\u0117ti ir juos reikia pakeisti. Jei aptinkamas nuot\u0117kis, atsargiai nuimkite sen\u0105 sandarikl\u012f ir \u012fstatykite nauj\u0105 sandarikl\u012f pagal gamintojo specifikacijas.<\/li>\n<\/ul>\n<\/li>\n<\/ul>\n<h2><strong>TB tipo keturi\u0173 stryp\u0173 hidraulinis cilindras <\/strong><strong>Prie\u017ei\u016bra<\/strong><strong>:<\/strong><\/h2>\n<ol>\n<li><strong>Reguliarus patikrinimas:<\/strong><\/li>\n<\/ol>\n<ul>\n<li>Periodically inspect the cylinder for any leakage, damage, or excessive wear.<\/li>\n<li>Check the condition of the seals, rods, and mounting components, and replace any worn or damaged parts.<\/li>\n<\/ul>\n<ol start=\"2\">\n<li><strong>Tepimas:<\/strong><\/li>\n<\/ol>\n<ul>\n<li>Follow the manufacturer&#8217;s recommendations for lubrication intervals and use high-quality hydraulic oil or grease suitable for the cylinder&#8217;s specifications.<\/li>\n<li>Apply lubrication to the rod, seals, and other moving parts to minimize friction and ensure smooth operation.<\/li>\n<\/ul>\n<ol start=\"3\">\n<li><strong>Valymas:<\/strong><\/li>\n<\/ol>\n<ul>\n<li>Keep the cylinder and its surrounding area clean and free from debris, dust, or contaminants affecting its performance.<\/li>\n<li>Use a mild cleaning agent and a soft cloth to wipe down the external surfaces of the cylinder.<\/li>\n<\/ul>\n<h2><strong>Gamyklos paj\u0117gumai ir talpa:<\/strong><\/h2>\n<h3>(1) Surinkimas<\/h3>\n<p>Turime pirmos klas\u0117s nepriklausom\u0105 tyrim\u0173 ir pl\u0117tros surinkimo platform\u0105. Hidraulini\u0173 cilindr\u0173 gamybos ceche yra keturios pusiau automatin\u0117s k\u0117limo cilindr\u0173 surinkimo linijos ir viena automatin\u0117 pakreipimo cilindr\u0173 surinkimo linija, kuri\u0173 projektinis metinis gamybos paj\u0117gumas yra 1 milijonas vienet\u0173. Speciali\u0173j\u0173 cilindr\u0173 ceche \u012frengta \u012fvairi\u0173 specifikacij\u0173 pusiau automatin\u0117 valymo surinkimo sistema, kurios projektinis metinis gamybos paj\u0117gumas yra 200 000 vienet\u0173, ir garsi CNC apdirbimo \u012franga, apdirbimo centras, didelio tikslumo cilindr\u0173 apdirbimo speciali \u012franga, robotinis suvirinimo aparatas, automatinis valymo aparatas, automatinis cilindr\u0173 surinkimo aparatas ir automatin\u0117 da\u017eymo gamybos linija. Esama daugiau nei 300 rinkini\u0173 (komplekt\u0173) kritin\u0117 \u012franga. Optimalus \u012frangos i\u0161tekli\u0173 paskirstymas ir efektyvus naudojimas u\u017etikrina gamini\u0173 tikslumo reikalavimus ir auk\u0161tus gamini\u0173 kokyb\u0117s poreikius.<\/p>\n<p><img loading=\"lazy\" decoding=\"async\" class=\"alignnone wp-image-626\" src=\"https:\/\/hydraulic-cylinders.net\/wp-content\/uploads\/2023\/08\/hydraulic-cylinder-product-1-300x158.webp\" alt=\"\" width=\"495\" height=\"260\" srcset=\"https:\/\/hydraulic-cylinders.net\/wp-content\/uploads\/2023\/08\/hydraulic-cylinder-product-1-300x158.webp 495w, https:\/\/hydraulic-cylinders.net\/wp-content\/uploads\/2023\/08\/hydraulic-cylinder-product-1-480x252.webp 480w\" sizes=\"(min-width: 0px) and (max-width: 480px) 480px, (min-width: 481px) 495px, 100vw\" \/> <img loading=\"lazy\" decoding=\"async\" class=\"alignnone wp-image-627\" src=\"https:\/\/hydraulic-cylinders.net\/wp-content\/uploads\/2023\/08\/hydraulic-cylinder-product-2-300x189.webp\" alt=\"\" width=\"413\" height=\"260\" \/><\/p>\n<h3>(2) Apdirbimas<\/h3>\n<p>Mechaninio apdirbimo ceche \u012frengtas pritaikytas nuo\u017eulnaus b\u0117gio tekinimo centras, apdirbimo centras, greitaeigis galandimo stakl\u0117s, suvirinimo robotas ir kita susijusi \u012franga, galinti apdirbti cilindrinius vamzd\u017eius, kuri\u0173 maksimalus vidinis skersmuo yra 400 mm, o maksimalus ilgis \u2013 6 metrai.<\/p>\n<p><img loading=\"lazy\" decoding=\"async\" class=\"alignnone wp-image-628 size-large\" src=\"https:\/\/hydraulic-cylinders.net\/wp-content\/uploads\/2023\/08\/hydraulic-cylinder-product-3-1024x391.webp\" alt=\"\" width=\"1024\" height=\"391\" srcset=\"https:\/\/hydraulic-cylinders.net\/wp-content\/uploads\/2023\/08\/hydraulic-cylinder-product-3-980x374.webp 980w, https:\/\/hydraulic-cylinders.net\/wp-content\/uploads\/2023\/08\/hydraulic-cylinder-product-3-480x183.webp 480w\" sizes=\"(min-width: 0px) and (max-width: 480px) 480px, (min-width: 481px) and (max-width: 980px) 980px, (min-width: 981px) 1024px, 100vw\" \/><\/p>\n<h3>(3) Suvirinimas<\/h3>\n<p><img loading=\"lazy\" decoding=\"async\" class=\"alignnone wp-image-629 size-large\" src=\"https:\/\/hydraulic-cylinders.net\/wp-content\/uploads\/2023\/08\/hydraulic-cylinder-product-4-1024x510.webp\" alt=\"\" width=\"1024\" height=\"510\" srcset=\"https:\/\/hydraulic-cylinders.net\/wp-content\/uploads\/2023\/08\/hydraulic-cylinder-product-4-980x488.webp 980w, https:\/\/hydraulic-cylinders.net\/wp-content\/uploads\/2023\/08\/hydraulic-cylinder-product-4-480x239.webp 480w\" sizes=\"(min-width: 0px) and (max-width: 480px) 480px, (min-width: 481px) and (max-width: 980px) 980px, (min-width: 981px) 1024px, 100vw\" \/><\/p>\n<h3>(4) Da\u017eymas ir dengimas<\/h3>\n<p>Su ma\u017eomis ir vidutinio dyd\u017eio cilindrin\u0117mis automatin\u0117mis vandens pagrindo da\u017e\u0173 dengimo linijomis, siekiant automatinio robot\u0173 pakrovimo ir i\u0161krovimo bei automatinio pur\u0161kimo, projektinis paj\u0117gumas yra 4000 vienet\u0173 per pamain\u0105;<br \/>\nTaip pat turime pusiau automatin\u0119 dideli\u0173 cilindr\u0173 da\u017e\u0173 gamybos linij\u0105, varom\u0105 grandin\u0117s, kurios projektinis na\u0161umas yra 60 d\u0117\u017ei\u0173 per pamain\u0105.<\/p>\n<p><img loading=\"lazy\" decoding=\"async\" class=\"alignnone wp-image-630\" src=\"https:\/\/hydraulic-cylinders.net\/wp-content\/uploads\/2023\/08\/hydraulic-cylinder-product-5-300x213.webp\" alt=\"\" width=\"366\" height=\"260\" \/> <img loading=\"lazy\" decoding=\"async\" class=\"alignnone wp-image-631\" src=\"https:\/\/hydraulic-cylinders.net\/wp-content\/uploads\/2023\/08\/hydraulic-cylinder-product-6-300x225.webp\" alt=\"\" width=\"347\" height=\"260\" \/><\/p>\n<h3>(5) Testavimas<\/h3>\n<p>Turime auk\u0161\u010diausios klas\u0117s patikros patalpas ir bandym\u0173 stendus, kad u\u017etikrintume, jog baliono veikimas atitinka reikalavimus.<\/p>\n<p><img loading=\"lazy\" decoding=\"async\" class=\"alignnone wp-image-632\" src=\"https:\/\/hydraulic-cylinders.net\/wp-content\/uploads\/2023\/08\/hydraulic-cylinder-product-8-300x200.webp\" alt=\"\" width=\"389\" height=\"260\" \/><\/p>\n<p>&nbsp;<\/p>\n<p>&nbsp;<\/p>\n<p>Esame vienas geriausi\u0173 lengv\u0173j\u0173 keturi\u0173 stryp\u0173 hidraulini\u0173 cilindr\u0173 gamintoj\u0173. Galime pasi\u016blyti plat\u0173 lengv\u0173j\u0173 keturi\u0173 stryp\u0173 hidraulini\u0173 cilindr\u0173 asortiment\u0105. Taip pat teikiame atitinkamas paslaugas. <a href=\"https:\/\/hzpt.com\/agricultural-pto-gearbox\/\" target=\"_blank\" rel=\"noopener\">\u017eem\u0117s \u016bkio pavar\u0173 d\u0117\u017e\u0117s<\/a>Mes eksportuojame savo gaminius klientams visame pasaulyje ir peln\u0117me ger\u0105 reputacij\u0105 d\u0117l auk\u0161\u010diausios gamini\u0173 kokyb\u0117s ir aptarnavimo po pardavimo. Nuo\u0161ird\u017eiai sveikiname klientus tiek \u0161alyje, tiek u\u017esienyje, norin\u010dius susisiekti su mumis der\u0117tis d\u0117l verslo, keistis informacija ir...\u00a0<a href=\"https:\/\/www.hydraulic-cylinders.net\/lt\/contact-us\/\">bendradarbiauti su mumis<\/a>!<\/p>\n<h2><\/h2>\n<h2><\/h2>","protected":false},"excerpt":{"rendered":"<p>Double Piston Rod Hydraulic Cylinder The double piston rod hydraulic cylinder is a cutting-edge hydraulic element designed to provide superior power, stability, and versatility for a wide range of industrial applications. With its unique dual piston rod configuration, this hydraulic cylinder offers enhanced load-carrying capacity, precise control, and reliable performance, making it an indispensable asset [&hellip;]<\/p>","protected":false},"featured_media":1024,"comment_status":"open","ping_status":"closed","template":"","meta":{"_et_pb_use_builder":"","_et_pb_old_content":"","_et_gb_content_width":""},"product_brand":[],"product_cat":[1376,1386],"product_tag":[1380],"class_list":{"0":"post-1019","1":"product","2":"type-product","3":"status-publish","4":"has-post-thumbnail","6":"product_cat-hydraulic-cylinder","7":"product_cat-four-rod-hydraulic-cylinder","8":"product_tag-hydraulic-cylinder","10":"first","11":"instock","12":"shipping-taxable","13":"product-type-simple"},"amp_enabled":true,"_links":{"self":[{"href":"https:\/\/www.hydraulic-cylinders.net\/lt\/wp-json\/wp\/v2\/product\/1019","targetHints":{"allow":["GET"]}}],"collection":[{"href":"https:\/\/www.hydraulic-cylinders.net\/lt\/wp-json\/wp\/v2\/product"}],"about":[{"href":"https:\/\/www.hydraulic-cylinders.net\/lt\/wp-json\/wp\/v2\/types\/product"}],"replies":[{"embeddable":true,"href":"https:\/\/www.hydraulic-cylinders.net\/lt\/wp-json\/wp\/v2\/comments?post=1019"}],"wp:featuredmedia":[{"embeddable":true,"href":"https:\/\/www.hydraulic-cylinders.net\/lt\/wp-json\/wp\/v2\/media\/1024"}],"wp:attachment":[{"href":"https:\/\/www.hydraulic-cylinders.net\/lt\/wp-json\/wp\/v2\/media?parent=1019"}],"wp:term":[{"taxonomy":"product_brand","embeddable":true,"href":"https:\/\/www.hydraulic-cylinders.net\/lt\/wp-json\/wp\/v2\/product_brand?post=1019"},{"taxonomy":"product_cat","embeddable":true,"href":"https:\/\/www.hydraulic-cylinders.net\/lt\/wp-json\/wp\/v2\/product_cat?post=1019"},{"taxonomy":"product_tag","embeddable":true,"href":"https:\/\/www.hydraulic-cylinders.net\/lt\/wp-json\/wp\/v2\/product_tag?post=1019"}],"curies":[{"name":"wp","href":"https:\/\/api.w.org\/{rel}","templated":true}]}}