{"id":1105,"date":"2023-09-11T07:55:14","date_gmt":"2023-09-11T07:55:14","guid":{"rendered":"https:\/\/hydraulic-cylinders.net\/?post_type=product&#038;p=1105"},"modified":"2023-09-19T02:17:30","modified_gmt":"2023-09-19T02:17:30","slug":"piston-rod-end-with-external-thread-connection-engineering-hydraulic-cylinder","status":"publish","type":"product","link":"https:\/\/www.hydraulic-cylinders.net\/lt\/produktas\/piston-rod-end-with-external-thread-connection-engineering-hydraulic-cylinder\/","title":{"rendered":"St\u016bmoklio strypo galas su i\u0161orine sriegio jungtimi In\u017eineriniai hidrauliniai cilindrai"},"content":{"rendered":"<h1 style=\"text-align: center;\"><strong>St\u016bmoklio strypo galas su i\u0161orine sriegio jungtimi In\u017eineriniai hidrauliniai cilindrai<\/strong><\/h1>\n<p>In\u017einerinio hidraulinio cilindro st\u016bmoklio koto gale yra st\u016bmoklio koto galas su i\u0161oriniu sriegiu. Paprastai jis turi sriegines dalis, kurios leid\u017eia saugiai pritvirtinti \u012fvairius komponentus, tokius kaip tvirtinimo kron\u0161teinai, \u012ftr\u016bkimai ar kitos laikan\u010diosios konstrukcijos.<\/p>\n<p>HSG serijos in\u017einerinis hidraulinis cilindras yra dvigubo veikimo st\u016bmoklinis hidraulinis cilindras. Montavimo b\u016bdas yra auskar\u0173 tipo. Pagal cilindro galvut\u0117s ir cilindro bloko jungt\u012f yra trij\u0173 tip\u0173: i\u0161orinis srieginis sujungimas, vidin\u0117 kortos kritin\u0117 jungtis ir flan\u0161o jungtis. In\u017einerinis hidraulinis cilindras daugiausia naudojamas statybose, k\u0117limo, kasybos ir kitose hidraulin\u0117se sistemose.<\/p>\n<p><img loading=\"lazy\" decoding=\"async\" class=\"aligncenter wp-image-1106\" src=\"https:\/\/hydraulic-cylinders.net\/wp-content\/uploads\/2023\/09\/hsg-hydraulic-cylinder-3-1-300x300.webp\" alt=\"\" width=\"400\" height=\"400\" \/><\/p>\n<h2><strong>HSG in\u017einerijos hidraulinio cilindro parametras<\/strong><strong>:<\/strong><\/h2>\n<p><img loading=\"lazy\" decoding=\"async\" class=\"alignnone wp-image-1107 size-full\" src=\"https:\/\/hydraulic-cylinders.net\/wp-content\/uploads\/2023\/09\/hsg-engineering-hydraulic-cylinder-parameter-1-scaled.webp\" alt=\"\" width=\"2560\" height=\"1848\" srcset=\"https:\/\/hydraulic-cylinders.net\/wp-content\/uploads\/2023\/09\/hsg-engineering-hydraulic-cylinder-parameter-1-scaled.webp 2560w, https:\/\/hydraulic-cylinders.net\/wp-content\/uploads\/2023\/09\/hsg-engineering-hydraulic-cylinder-parameter-1-1280x924.webp 1280w, https:\/\/hydraulic-cylinders.net\/wp-content\/uploads\/2023\/09\/hsg-engineering-hydraulic-cylinder-parameter-1-980x707.webp 980w, https:\/\/hydraulic-cylinders.net\/wp-content\/uploads\/2023\/09\/hsg-engineering-hydraulic-cylinder-parameter-1-480x347.webp 480w\" sizes=\"(min-width: 0px) and (max-width: 480px) 480px, (min-width: 481px) and (max-width: 980px) 980px, (min-width: 981px) and (max-width: 1280px) 1280px, (min-width: 1281px) 2560px, 100vw\" \/> <img loading=\"lazy\" decoding=\"async\" class=\"alignnone wp-image-1108 size-full\" src=\"https:\/\/hydraulic-cylinders.net\/wp-content\/uploads\/2023\/09\/hsg-engineering-hydraulic-cylinder-parameter-2-scaled.webp\" alt=\"\" width=\"2269\" height=\"2560\" srcset=\"https:\/\/hydraulic-cylinders.net\/wp-content\/uploads\/2023\/09\/hsg-engineering-hydraulic-cylinder-parameter-2-scaled.webp 2269w, https:\/\/hydraulic-cylinders.net\/wp-content\/uploads\/2023\/09\/hsg-engineering-hydraulic-cylinder-parameter-2-1280x1444.webp 1280w, https:\/\/hydraulic-cylinders.net\/wp-content\/uploads\/2023\/09\/hsg-engineering-hydraulic-cylinder-parameter-2-980x1106.webp 980w, https:\/\/hydraulic-cylinders.net\/wp-content\/uploads\/2023\/09\/hsg-engineering-hydraulic-cylinder-parameter-2-480x542.webp 480w\" sizes=\"(min-width: 0px) and (max-width: 480px) 480px, (min-width: 481px) and (max-width: 980px) 980px, (min-width: 981px) and (max-width: 1280px) 1280px, (min-width: 1281px) 2269px, 100vw\" \/> <img loading=\"lazy\" decoding=\"async\" class=\"alignnone wp-image-1109 size-full\" src=\"https:\/\/hydraulic-cylinders.net\/wp-content\/uploads\/2023\/09\/hsg-engineering-hydraulic-cylinder-parameter-3-scaled.webp\" alt=\"\" width=\"2112\" height=\"2560\" srcset=\"https:\/\/hydraulic-cylinders.net\/wp-content\/uploads\/2023\/09\/hsg-engineering-hydraulic-cylinder-parameter-3-scaled.webp 2112w, https:\/\/hydraulic-cylinders.net\/wp-content\/uploads\/2023\/09\/hsg-engineering-hydraulic-cylinder-parameter-3-1280x1552.webp 1280w, https:\/\/hydraulic-cylinders.net\/wp-content\/uploads\/2023\/09\/hsg-engineering-hydraulic-cylinder-parameter-3-980x1188.webp 980w, https:\/\/hydraulic-cylinders.net\/wp-content\/uploads\/2023\/09\/hsg-engineering-hydraulic-cylinder-parameter-3-480x582.webp 480w\" sizes=\"(min-width: 0px) and (max-width: 480px) 480px, (min-width: 481px) and (max-width: 980px) 980px, (min-width: 981px) and (max-width: 1280px) 1280px, (min-width: 1281px) 2112px, 100vw\" \/><\/p>\n<h2><strong>HSG in\u017einerijos hidraulinis cilindras <\/strong><strong>Privalumai<\/strong><strong>:<\/strong><\/h2>\n<p>St\u016bmoklio koto galas su i\u0161oriniu sriegiu suteikia kelet\u0105 privalum\u0173 projektuojant hidraulinius cilindrus:<\/p>\n<ol>\n<li>Universalumas:\n<ul>\n<li>Sriegin\u0117s jungtys suteikia lankstumo sujungti \u012fvairius komponentus arba laikan\u010di\u0105sias konstrukcijas, leid\u017eiant pritaikyti jas prie skirting\u0173 taikymo reikalavim\u0173.<\/li>\n<\/ul>\n<\/li>\n<li>Saugus tvirtinimas:\n<ul>\n<li>I\u0161oriniai sriegiai u\u017etikrina saug\u0173 ir patikim\u0105 sujungim\u0105, suma\u017eindami atsipalaidavimo ar nukritimo rizik\u0105 eksploatacijos metu.<\/li>\n<li>Tai padidina hidraulini\u0173 cilindr\u0173 mazg\u0173 saugum\u0105 ir stabilum\u0105, ypa\u010d sud\u0117tingose \u200b\u200barba didelio stiprumo srityse.<\/li>\n<\/ul>\n<\/li>\n<li>Lengva prie\u017ei\u016bra ir keitimas:\n<ul>\n<li>I\u0161orin\u0117s sriegin\u0117s jungtys supaprastina dali\u0173 prie\u017ei\u016br\u0105 ir keitim\u0105, tod\u0117l jas galima greitai i\u0161ardyti ir surinkti.<\/li>\n<li>Tai padeda ap\u017ei\u016br\u0117ti, remontuoti arba pakeisti pa\u017eeistas ar susid\u0117v\u0117jusias dalis, taip suma\u017einant prastovas ir pagerinant bendr\u0105 sistemos efektyvum\u0105.<\/li>\n<\/ul>\n<\/li>\n<\/ol>\n<h2><strong>HSG in\u017einerijos hidraulinis cilindras<\/strong><strong> Parai\u0161kos:<\/strong><\/h2>\n<p>I\u0161orinio sriegio jungtis st\u016bmoklio koto gale suteikia universalumo ir patogumo \u012fvairiose in\u017einerin\u0117se srityse, \u012fskaitant:<\/p>\n<ol>\n<li><strong>Tvirtinimo laikikliai ir atramos:<\/strong>\n<ul>\n<li>Sriegin\u0117 jungtis leid\u017eia prie hidraulinio cilindro pritvirtinti tvirtinimo laikiklius arba atramas.<\/li>\n<li>\u0160ie laikikliai arba atramos suteikia cilindro mazgui papildom\u0105 stabilum\u0105 ir konstrukcin\u0119 atram\u0105, u\u017etikrindami tinkam\u0105 i\u0161lyginim\u0105 ir apkrovos paskirstym\u0105.<\/li>\n<\/ul>\n<\/li>\n<li><strong>Ry\u0161io mechanizmai:<\/strong>\n<ul>\n<li>I\u0161oriniai sriegiai leid\u017eia prie strypo galo pritvirtinti \u0161vaistiklio mechanizmus, tokius kaip grioveliai arba rutuliniai sujungimai.<\/li>\n<li>\u0160ios jungtys palengvina j\u0117gos ir judesio perdavim\u0105 tarp hidraulini\u0173 cilindr\u0173 ir kit\u0173 mechanini\u0173 komponent\u0173, leisdamos valdyti jud\u0117jim\u0105 ir tiksliai nustatyti pad\u0117t\u012f.<\/li>\n<\/ul>\n<\/li>\n<li><strong>Laikan\u010diosios konstrukcijos:<\/strong>\n<ul>\n<li>Sriegin\u0117 jungtis tvirtina laikan\u010di\u0105j\u0105 konstrukcij\u0105 arba \u012frang\u0105 tiesiai prie st\u016bmoklio koto galo.<\/li>\n<li>Tai leid\u017eia hidrauliniam cilindrui taikyti j\u0117g\u0105 ir palaikyti i\u0161orini\u0173 objekt\u0173 ar mechanizm\u0173 svor\u012f, tod\u0117l jis tinka sunkiems objektams kelti, stumti ar traukti.<\/li>\n<\/ul>\n<\/li>\n<\/ol>\n<h2><strong>Kaip perpakuoti hidraulin\u012f cilindr\u0105?<\/strong><\/h2>\n<p>Hidraulinio cilindro perpakavimas apima sandarikli\u0173 ir kit\u0173 komponent\u0173, kurie laikui b\u0117gant gal\u0117jo susid\u0117v\u0117ti ar sugesti, pakeitim\u0105. \u0160tai bendras nuoseklus hidraulinio cilindro perpakavimo vadovas:<\/p>\n<ol>\n<li><strong>Paruo\u0161imas:<\/strong>\n<ul>\n<li>\u012esitikinkite, kad hidraulin\u0117je sistemoje n\u0117ra sl\u0117gio, o cilindras yra visi\u0161kai \u012ftrauktas.<\/li>\n<li>Surinkite reikiamus \u012frankius ir pakaitinius sandariklius arba sandarikli\u0173 rinkinius savo cilindro modeliui.<\/li>\n<li>Konkre\u010di\u0173 nurodym\u0173 ar atsargumo priemoni\u0173 ie\u0161kokite gamintojo dokumentacijoje arba technin\u0117s prie\u017ei\u016bros vadove.<\/li>\n<\/ul>\n<\/li>\n<li><strong>Nuimkite cilindr\u0105:<\/strong>\n<ul>\n<li>Atjunkite visas prie cilindro prijungtas hidraulines linijas ar jungiam\u0105sias detales.<\/li>\n<li>Nuimkite visus tvirtinimo laikiklius ar komponentus, kurie gali b\u016bti pritvirtinti prie cilindro.<\/li>\n<li>Atsargiai nuimkite cilindr\u0105 nuo \u012frangos ar mechanizm\u0173, ant kuri\u0173 jis sumontuotas.<\/li>\n<\/ul>\n<\/li>\n<li><strong>I\u0161ardykite cilindr\u0105:<\/strong>\n<ul>\n<li>Tvirtai laikykite cilindr\u0105 ir atitinkamais \u012frankiais nuimkite st\u016bmoklio koto galo dangtel\u012f arba galvut\u0119.<\/li>\n<li>I\u0161 cilindro korpuso i\u0161traukite st\u016bmokl\u012f, st\u016bmoklio kot\u0105 ir susijusius komponentus.<\/li>\n<li>Patikrinkite komponentus, ar n\u0117ra susid\u0117v\u0117jimo, pa\u017eeidim\u0173 ar korozijos po\u017eymi\u0173.<\/li>\n<\/ul>\n<\/li>\n<li><strong>Sen\u0173 plombavi\u0173 pa\u0161alinimas:<\/strong>\n<ul>\n<li>Suraskite ir nuimkite senus sandariklius, \u012fskaitant st\u016bmoklio sandariklius, strypo sandariklius ir visus kitus cilindro sandariklius.<\/li>\n<li>Atsargiai nuvalykite cilindro korpuso ir st\u016bmoklio koto sandarinimo griovelius ir vidinius pavir\u0161ius.<\/li>\n<\/ul>\n<\/li>\n<li><strong>Nauj\u0173 sandarikli\u0173 montavimas:<\/strong>\n<ul>\n<li>Sutepkite naujus sandariklius suderinamu hidrauliniu skys\u010diu arba sandarikliu, kaip rekomenduoja gamintojas.<\/li>\n<li>\u012estatykite naujus sandariklius \u012f j\u0173 griovelius, u\u017etikrindami tinkam\u0105 orientacij\u0105 ir sulygiavim\u0105.<\/li>\n<li>Montavimo metu sandarikliui apsaugoti naudokite sandarinimo \u012frankius arba tinkamus improvizuotus metodus.<\/li>\n<\/ul>\n<\/li>\n<li><strong>Surinkite cilindr\u0105 i\u0161 naujo:<\/strong>\n<ul>\n<li>\u012estatykite st\u016bmokl\u012f, st\u016bmoklio kot\u0105 ir susijusius komponentus atgal \u012f cilindro korpus\u0105.<\/li>\n<li>Ant cilindro korpuso ir st\u016bmoklio koto vidini\u0173 pavir\u0161i\u0173 u\u017etepkite plon\u0105 hidraulinio skys\u010dio arba tepalo sluoksn\u012f.<\/li>\n<li>Atsargiai v\u0117l u\u017ed\u0117kite st\u016bmoklio koto galin\u012f dangtel\u012f arba galvut\u0119, u\u017etikrindami tinkam\u0105 sulygiavim\u0105 ir priver\u017eim\u0105 pagal gamintojo specifikacijas.<\/li>\n<\/ul>\n<\/li>\n<li><strong>Patikrinkite ir v\u0117l \u012fdiekite cilindr\u0105:<\/strong>\n<ul>\n<li>Prijunkite visas hidraulines linijas ar jungiam\u0105sias detales prie cilindro.<\/li>\n<li>Atsargiai v\u0117l pritvirtinkite cilindr\u0105 prie \u012frangos ar mechanizm\u0173, u\u017etikrindami tinkam\u0105 sulygiavim\u0105 ir pritvirtinim\u0105.<\/li>\n<li>L\u0117tai padidinkite hidraulin\u0117s sistemos sl\u0117g\u012f ir patikrinkite, ar n\u0117ra nuot\u0117ki\u0173 ar veikimo sutrikim\u0173.<\/li>\n<li>Visi\u0161kai i\u0161tieskite ir \u012ftraukite cilindr\u0105, kad u\u017etikrintum\u0117te tinkam\u0105 veikim\u0105.<\/li>\n<\/ul>\n<\/li>\n<li><strong>Prie\u017ei\u016bra ir bandymai:<\/strong>\n<ul>\n<li>Reguliariai tikrinkite ir pri\u017ei\u016br\u0117kite hidraulin\u012f cilindr\u0105, kad u\u017etikrintum\u0117te optimal\u0173 veikim\u0105 ir i\u0161vengtum\u0117te prie\u0161laikinio sandariklio gedimo.<\/li>\n<li>Steb\u0117kite, ar n\u0117ra nuot\u0117ki\u0173, per didelio susid\u0117v\u0117jimo ar kit\u0173 problem\u0173, ir nedelsdami jas pa\u0161alinkite.<\/li>\n<li>Reguliariai atlikite bandymus ir reguliavimus, kaip rekomenduoja gamintojas arba atsi\u017evelgdami \u012f konkre\u010dius taikymo reikalavimus.<\/li>\n<\/ul>\n<\/li>\n<\/ol>\n<h2><strong>Gamyklos paj\u0117gumai ir talpa:<\/strong><\/h2>\n<h3>(1) Surinkimas<\/h3>\n<p>Turime pirmos klas\u0117s nepriklausom\u0105 tyrim\u0173 ir pl\u0117tros surinkimo platform\u0105. Hidraulini\u0173 cilindr\u0173 gamybos ceche yra keturios pusiau automatin\u0117s k\u0117limo cilindr\u0173 surinkimo linijos ir viena automatin\u0117 pakreipimo cilindr\u0173 surinkimo linija, kuri\u0173 projektinis metinis gamybos paj\u0117gumas yra 1 milijonas vienet\u0173. Speciali\u0173j\u0173 cilindr\u0173 ceche \u012frengta \u012fvairi\u0173 specifikacij\u0173 pusiau automatin\u0117 valymo surinkimo sistema, kurios projektinis metinis gamybos paj\u0117gumas yra 200 000 vienet\u0173, ir garsi CNC apdirbimo \u012franga, apdirbimo centras, didelio tikslumo cilindr\u0173 apdirbimo speciali \u012franga, robotinis suvirinimo aparatas, automatinis valymo aparatas, automatinis cilindr\u0173 surinkimo aparatas ir automatin\u0117 da\u017eymo gamybos linija. Esama daugiau nei 300 rinkini\u0173 (komplekt\u0173) kritin\u0117 \u012franga. Optimalus \u012frangos i\u0161tekli\u0173 paskirstymas ir efektyvus naudojimas u\u017etikrina gamini\u0173 tikslumo reikalavimus ir auk\u0161tus gamini\u0173 kokyb\u0117s poreikius.<\/p>\n<p><img loading=\"lazy\" decoding=\"async\" class=\"alignnone wp-image-626\" src=\"https:\/\/hydraulic-cylinders.net\/wp-content\/uploads\/2023\/08\/hydraulic-cylinder-product-1-300x158.webp\" alt=\"\" width=\"495\" height=\"260\" srcset=\"https:\/\/hydraulic-cylinders.net\/wp-content\/uploads\/2023\/08\/hydraulic-cylinder-product-1-300x158.webp 495w, https:\/\/hydraulic-cylinders.net\/wp-content\/uploads\/2023\/08\/hydraulic-cylinder-product-1-480x252.webp 480w\" sizes=\"(min-width: 0px) and (max-width: 480px) 480px, (min-width: 481px) 495px, 100vw\" \/> <img loading=\"lazy\" decoding=\"async\" class=\"alignnone wp-image-627\" src=\"https:\/\/hydraulic-cylinders.net\/wp-content\/uploads\/2023\/08\/hydraulic-cylinder-product-2-300x189.webp\" alt=\"\" width=\"413\" height=\"260\" \/><\/p>\n<h3>(2) Apdirbimas<\/h3>\n<p>Mechaninio apdirbimo ceche \u012frengtas pritaikytas nuo\u017eulnaus b\u0117gio tekinimo centras, apdirbimo centras, greitaeigis galandimo stakl\u0117s, suvirinimo robotas ir kita susijusi \u012franga, galinti apdirbti cilindrinius vamzd\u017eius, kuri\u0173 maksimalus vidinis skersmuo yra 400 mm, o maksimalus ilgis \u2013 6 metrai.<\/p>\n<p><img loading=\"lazy\" decoding=\"async\" class=\"alignnone wp-image-628 size-large\" src=\"https:\/\/hydraulic-cylinders.net\/wp-content\/uploads\/2023\/08\/hydraulic-cylinder-product-3-1024x391.webp\" alt=\"\" width=\"1024\" height=\"391\" srcset=\"https:\/\/hydraulic-cylinders.net\/wp-content\/uploads\/2023\/08\/hydraulic-cylinder-product-3-980x374.webp 980w, https:\/\/hydraulic-cylinders.net\/wp-content\/uploads\/2023\/08\/hydraulic-cylinder-product-3-480x183.webp 480w\" sizes=\"(min-width: 0px) and (max-width: 480px) 480px, (min-width: 481px) and (max-width: 980px) 980px, (min-width: 981px) 1024px, 100vw\" \/><\/p>\n<h3>(3) Suvirinimas<\/h3>\n<p><img loading=\"lazy\" decoding=\"async\" class=\"alignnone wp-image-629 size-large\" src=\"https:\/\/hydraulic-cylinders.net\/wp-content\/uploads\/2023\/08\/hydraulic-cylinder-product-4-1024x510.webp\" alt=\"\" width=\"1024\" height=\"510\" srcset=\"https:\/\/hydraulic-cylinders.net\/wp-content\/uploads\/2023\/08\/hydraulic-cylinder-product-4-980x488.webp 980w, https:\/\/hydraulic-cylinders.net\/wp-content\/uploads\/2023\/08\/hydraulic-cylinder-product-4-480x239.webp 480w\" sizes=\"(min-width: 0px) and (max-width: 480px) 480px, (min-width: 481px) and (max-width: 980px) 980px, (min-width: 981px) 1024px, 100vw\" \/><\/p>\n<h3>(4) Da\u017eymas ir dengimas<\/h3>\n<p>Su ma\u017eomis ir vidutinio dyd\u017eio cilindrin\u0117mis automatin\u0117mis vandens pagrindo da\u017e\u0173 dengimo linijomis, siekiant automatinio robot\u0173 pakrovimo ir i\u0161krovimo bei automatinio pur\u0161kimo, projektinis paj\u0117gumas yra 4000 vienet\u0173 per pamain\u0105;<br \/>\nTaip pat turime pusiau automatin\u0119 dideli\u0173 cilindr\u0173 da\u017e\u0173 gamybos linij\u0105, varom\u0105 grandin\u0117s, kurios projektinis na\u0161umas yra 60 d\u0117\u017ei\u0173 per pamain\u0105.<\/p>\n<p><img loading=\"lazy\" decoding=\"async\" class=\"alignnone wp-image-630\" src=\"https:\/\/hydraulic-cylinders.net\/wp-content\/uploads\/2023\/08\/hydraulic-cylinder-product-5-300x213.webp\" alt=\"\" width=\"366\" height=\"260\" \/> <img loading=\"lazy\" decoding=\"async\" class=\"alignnone wp-image-631\" src=\"https:\/\/hydraulic-cylinders.net\/wp-content\/uploads\/2023\/08\/hydraulic-cylinder-product-6-300x225.webp\" alt=\"\" width=\"347\" height=\"260\" \/><\/p>\n<h3>(5) Testavimas<\/h3>\n<p>Turime auk\u0161\u010diausios klas\u0117s patikros patalpas ir bandym\u0173 stendus, kad u\u017etikrintume, jog baliono veikimas atitinka reikalavimus.<\/p>\n<p><img loading=\"lazy\" decoding=\"async\" class=\"alignnone wp-image-632\" src=\"https:\/\/hydraulic-cylinders.net\/wp-content\/uploads\/2023\/08\/hydraulic-cylinder-product-8-300x200.webp\" alt=\"\" width=\"389\" height=\"260\" \/><\/p>\n<p>&nbsp;<\/p>\n<p>&nbsp;<\/p>\n<p>Esame vienas geriausi\u0173 in\u017einerini\u0173 hidraulini\u0173 cilindr\u0173 gamintoj\u0173. Galime pasi\u016blyti plat\u0173 in\u017einerini\u0173 hidraulini\u0173 cilindr\u0173 asortiment\u0105. Taip pat teikiame atitinkamas paslaugas. <a href=\"https:\/\/hzpt.com\/agricultural-pto-gearbox\/\" target=\"_blank\" rel=\"noopener\">\u017eem\u0117s \u016bkio pavar\u0173 d\u0117\u017e\u0117s<\/a>Mes eksportuojame savo gaminius klientams visame pasaulyje ir peln\u0117me ger\u0105 reputacij\u0105 d\u0117l auk\u0161\u010diausios gamini\u0173 kokyb\u0117s ir aptarnavimo po pardavimo. Nuo\u0161ird\u017eiai sveikiname klientus tiek \u0161alyje, tiek u\u017esienyje, norin\u010dius susisiekti su mumis der\u0117tis d\u0117l verslo, keistis informacija ir...\u00a0<a href=\"https:\/\/www.hydraulic-cylinders.net\/lt\/contact-us\/\">bendradarbiauti su mumis<\/a>!<\/p>\n<h2><\/h2>\n<h2><\/h2>","protected":false},"excerpt":{"rendered":"<p>Piston Rod End With External Thread Connection Engineering Hydraulic Cylinder The piston rod end with an external thread connection is located at the end of the engineering hydraulic cylinder piston rod. It usually has threaded sections that allow for the safe fastening of various components, such as mounting brackets, cracks, or other load-bearing structures. HSG [&hellip;]<\/p>","protected":false},"featured_media":1110,"comment_status":"open","ping_status":"closed","template":"","meta":{"_et_pb_use_builder":"","_et_pb_old_content":"","_et_gb_content_width":""},"product_brand":[],"product_cat":[1376],"product_tag":[1380],"class_list":{"0":"post-1105","1":"product","2":"type-product","3":"status-publish","4":"has-post-thumbnail","6":"product_cat-hydraulic-cylinder","7":"product_tag-hydraulic-cylinder","9":"first","10":"instock","11":"shipping-taxable","12":"product-type-simple"},"amp_enabled":true,"_links":{"self":[{"href":"https:\/\/www.hydraulic-cylinders.net\/lt\/wp-json\/wp\/v2\/product\/1105","targetHints":{"allow":["GET"]}}],"collection":[{"href":"https:\/\/www.hydraulic-cylinders.net\/lt\/wp-json\/wp\/v2\/product"}],"about":[{"href":"https:\/\/www.hydraulic-cylinders.net\/lt\/wp-json\/wp\/v2\/types\/product"}],"replies":[{"embeddable":true,"href":"https:\/\/www.hydraulic-cylinders.net\/lt\/wp-json\/wp\/v2\/comments?post=1105"}],"wp:featuredmedia":[{"embeddable":true,"href":"https:\/\/www.hydraulic-cylinders.net\/lt\/wp-json\/wp\/v2\/media\/1110"}],"wp:attachment":[{"href":"https:\/\/www.hydraulic-cylinders.net\/lt\/wp-json\/wp\/v2\/media?parent=1105"}],"wp:term":[{"taxonomy":"product_brand","embeddable":true,"href":"https:\/\/www.hydraulic-cylinders.net\/lt\/wp-json\/wp\/v2\/product_brand?post=1105"},{"taxonomy":"product_cat","embeddable":true,"href":"https:\/\/www.hydraulic-cylinders.net\/lt\/wp-json\/wp\/v2\/product_cat?post=1105"},{"taxonomy":"product_tag","embeddable":true,"href":"https:\/\/www.hydraulic-cylinders.net\/lt\/wp-json\/wp\/v2\/product_tag?post=1105"}],"curies":[{"name":"wp","href":"https:\/\/api.w.org\/{rel}","templated":true}]}}