{"id":1117,"date":"2023-09-11T08:28:18","date_gmt":"2023-09-11T08:28:18","guid":{"rendered":"https:\/\/hydraulic-cylinders.net\/?post_type=product&#038;p=1117"},"modified":"2023-09-19T02:17:40","modified_gmt":"2023-09-19T02:17:40","slug":"pistion-rod-end-is-internal-threaded-rod-head-earring-connection-engineering-hydraulic-cylinder","status":"publish","type":"product","link":"https:\/\/www.hydraulic-cylinders.net\/lt\/produktas\/pistion-rod-end-is-internal-threaded-rod-head-earring-connection-engineering-hydraulic-cylinder\/","title":{"rendered":"\"Pistion\" strypo galas yra vidinis srieginis strypo galvut\u0117s auskaras In\u017einerijos hidraulinis cilindras"},"content":{"rendered":"<h1 style=\"text-align: center;\"><strong>\"Pistion\" strypo galas yra vidinis srieginis strypo galvut\u0117s auskaras In\u017einerijos hidraulinis cilindras<\/strong><\/h1>\n<p>St\u016bmoklio koto galas \u2013 sriegin\u0117s koto galvut\u0117s auskarin\u0117 jungtis. In\u017einerinis hidraulinis cilindras yra didelio na\u0161umo hidraulinis komponentas, u\u017etikrinantis patikim\u0105 ir efektyv\u0173 darb\u0105 \u012fvairiose in\u017einerin\u0117se srityse. \u0160is gaminys u\u017etikrina saug\u0173 ir patikim\u0105 st\u016bmoklio koto galo ir i\u0161orin\u0117s laikan\u010diosios konstrukcijos sujungim\u0105, u\u017etikrindamas optimal\u0173 na\u0161um\u0105 ir skland\u0173 hidraulinio cilindro veikim\u0105.<\/p>\n<p>HSG serijos in\u017einerinis hidraulinis cilindras yra dvigubo veikimo st\u016bmoklinis hidraulinis cilindras. Montavimo b\u016bdas yra auskar\u0173 tipo. Pagal cilindro galvut\u0117s ir cilindro bloko jungt\u012f yra trij\u0173 tip\u0173: i\u0161orinis srieginis sujungimas, vidin\u0117 kortos kritin\u0117 jungtis ir flan\u0161o jungtis. In\u017einerinis hidraulinis cilindras daugiausia naudojamas statybose, k\u0117limo, kasybos ir kitose hidraulin\u0117se sistemose.<\/p>\n<p><img loading=\"lazy\" decoding=\"async\" class=\"aligncenter wp-image-1133\" src=\"https:\/\/hydraulic-cylinders.net\/wp-content\/uploads\/2023\/09\/hsg-hydraulic-cylinder-5-1-300x300.webp\" alt=\"\" width=\"400\" height=\"400\" \/><\/p>\n<h2><strong>HSG in\u017einerijos hidraulinio cilindro parametras<\/strong><strong>:<img loading=\"lazy\" decoding=\"async\" class=\"alignnone wp-image-1120 size-large\" src=\"https:\/\/hydraulic-cylinders.net\/wp-content\/uploads\/2023\/09\/hsg-engineering-hydraulic-cylinder-parameter-1-2-1024x739.webp\" alt=\"\" width=\"1024\" height=\"739\" srcset=\"https:\/\/hydraulic-cylinders.net\/wp-content\/uploads\/2023\/09\/hsg-engineering-hydraulic-cylinder-parameter-1-2-980x707.webp 980w, https:\/\/hydraulic-cylinders.net\/wp-content\/uploads\/2023\/09\/hsg-engineering-hydraulic-cylinder-parameter-1-2-480x347.webp 480w\" sizes=\"(min-width: 0px) and (max-width: 480px) 480px, (min-width: 481px) and (max-width: 980px) 980px, (min-width: 981px) 1024px, 100vw\" \/> <img loading=\"lazy\" decoding=\"async\" class=\"alignnone wp-image-1121 size-large\" src=\"https:\/\/hydraulic-cylinders.net\/wp-content\/uploads\/2023\/09\/hsg-engineering-hydraulic-cylinder-parameter-6-628x1024.webp\" alt=\"\" width=\"628\" height=\"1024\" \/> <img loading=\"lazy\" decoding=\"async\" class=\"alignnone wp-image-1122 size-large\" src=\"https:\/\/hydraulic-cylinders.net\/wp-content\/uploads\/2023\/09\/hsg-engineering-hydraulic-cylinder-parameter-7-844x1024.webp\" alt=\"\" width=\"844\" height=\"1024\" \/><\/strong><\/h2>\n<h2><strong>HSG in\u017einerijos hidraulinis cilindras <\/strong><strong>Naudojimo metodas<\/strong><strong>:<\/strong><\/h2>\n<ol>\n<li><strong>Nustatykite vidin\u012f srieg\u012f:<\/strong>\n<ul>\n<li>Nustatykite vidinio sriegio specifikacijas, \u012fskaitant gamintojo pateiktus matmenis, \u017eingsn\u012f ir tip\u0105.<\/li>\n<li>Nor\u0117dami tiksliai i\u0161matuoti vidinius sriegio matmenis, naudokite sriegio matuoklius arba slankma\u010dius.<\/li>\n<\/ul>\n<\/li>\n<li><strong>Pasirinkite suderinamus komponentus:<\/strong>\n<ul>\n<li>Pasirinkite laikan\u010di\u0105j\u0105 konstrukcij\u0105 arba komponent\u0105 su i\u0161oriniais sriegiais, atitinkan\u010diais st\u016bmoklio koto galo vidinio sriegio specifikacij\u0105.<\/li>\n<li>\u012esitikinkite, kad pasirinkti komponentai yra \u0161var\u016bs, neardomieji ir atitinka hidraulin\u0117s sistemos reikalavimus.<\/li>\n<\/ul>\n<\/li>\n<li><strong>Sriegin\u0117 jungtis:<\/strong>\n<ul>\n<li>Sulygiuokite i\u0161orin\u0119 sriegin\u0119 mazgo dal\u012f su vidine sriegine skyle\/lizdu st\u016bmoklio koto gale.<\/li>\n<li>Pasukite komponent\u0105 pagal laikrod\u017eio rodykl\u0119, kad sriegiai \u012fsijungt\u0173.<\/li>\n<li>Rankomis priver\u017ekite jungt\u012f, kol ji tvirtai priglus.<\/li>\n<\/ul>\n<\/li>\n<li><strong>U\u017etikrinkite ry\u0161\u012f:<\/strong>\n<ul>\n<li>Nor\u0117dami dar labiau priver\u017eti jungt\u012f ir u\u017etikrinti, kad ji b\u016bt\u0173 tvirtai pritvirtinta, naudokite tinkam\u0105 \u012frank\u012f, pvz., ver\u017eliarakt\u012f arba ver\u017eliarakt\u012f.<\/li>\n<li>Neperver\u017ekite, nes galite pa\u017eeisti sriegius ar komponentus.<\/li>\n<\/ul>\n<\/li>\n<\/ol>\n<h2><strong>HSG in\u017einerijos hidraulinis cilindras <\/strong><strong>Charakteristikos<\/strong><strong>:<\/strong><\/h2>\n<ul>\n<li style=\"list-style-type: none;\">\n<ul>\n<li><strong>Tvirta konstrukcija:<\/strong> Hidraulinis cilindras yra tvirtas ir patvarus, tod\u0117l atlaiko sud\u0117tingas in\u017einerines s\u0105lygas.<\/li>\n<li>Saugus prijungimas: Vidin\u0117 srieginio strypo galvut\u0117s auskar\u0173 jungtis u\u017etikrina patikim\u0105 ir saug\u0173 pritvirtinim\u0105, suteikia stabilumo ir apsaugo nuo nety\u010dinio atjungimo.<\/li>\n<li><strong>Suderinamumas:<\/strong> Produktas sukurtas taip, kad b\u016bt\u0173 suderinamas su \u012fvairiomis laikan\u010diomis konstrukcijomis ir komponentais, tod\u0117l j\u012f galima pritaikyti \u012fvairiems in\u017eineriniams projektams.<\/li>\n<li><strong>Sklandus veikimas:<\/strong> Tikslus st\u016bmoklio koto galo ir vidinio sriegio projektavimas u\u017etikrina skland\u0173 ir efektyv\u0173 hidraulinio cilindro jud\u0117jim\u0105, suma\u017eina trint\u012f ir pagerina bendr\u0105 na\u0161um\u0105.<\/li>\n<li><strong>Lengva prie\u017ei\u016bra:<\/strong> Sriegin\u0117 jungtis palengvina komponent\u0173 patikrinim\u0105, tepim\u0105 ir keitim\u0105, taip supaprastindama prie\u017ei\u016bros u\u017eduotis.<\/li>\n<\/ul>\n<\/li>\n<\/ul>\n<h2><strong>Kaip i\u0161ardyti \u201eJohn Deere\u201c hidraulin\u012f cilindr\u0105?<\/strong><\/h2>\n<p>Nor\u0117dami i\u0161ardyti \u201eJohn Deere\u201c hidraulin\u012f cilindr\u0105, atlikite \u0161iuos bendruosius veiksmus:<\/p>\n<ol>\n<li><strong>Paruo\u0161imas:<\/strong>\n<ul>\n<li>\u012esitikinkite, kad hidraulin\u0117je sistemoje n\u0117ra sl\u0117gio, o cilindras yra \u012ftrauktas.<\/li>\n<li>Surinkite reikalingus i\u0161ardymo \u012frankius, tokius kaip ver\u017eliarak\u010diai, repl\u0117s ir guminis plaktukas.<\/li>\n<li>Pastatykite \u0161vari\u0105 darbo viet\u0105 arba stal\u0105 su pakankamai vietos cilindro komponentams sutvarkyti ir laikyti.<\/li>\n<\/ul>\n<\/li>\n<li>Pa\u0161alinkite i\u0161orinius ry\u0161ius:\n<ul>\n<li>Nustatykite prie cilindro pritvirtintas hidraulines \u017earnas, jungiam\u0105sias detales ar kitas i\u0161orines jungtis.<\/li>\n<li>\u0160ioms jungtims atlaisvinti ir atjungti naudokite tinkamus \u012frankius, kad i\u0161vengtum\u0117te hidraulinio skys\u010dio nuot\u0117kio.<\/li>\n<li>U\u017ekim\u0161kite arba u\u017ekim\u0161kite atvirus hidraulini\u0173 linij\u0173 galus, kad i\u0161vengtum\u0117te u\u017eter\u0161imo.<\/li>\n<\/ul>\n<\/li>\n<li><strong>Pritvirtinkite cilindr\u0105:<\/strong>\n<ul>\n<li>Tvirtai \u012fstatykite cilindr\u0105 \u012f spaustuvus ar pana\u0161\u0173 laikikl\u012f, nepa\u017eeisdami cilindro korpuso ar strypo.<\/li>\n<\/ul>\n<\/li>\n<li><strong>Nuimkite strypo galo dangtel\u012f:<\/strong>\n<ul>\n<li>Suraskite strypo galo dangtel\u012f, paprastai cilindro gale, prie\u0161ingoje st\u016bmoklio pus\u0117je.<\/li>\n<li>Nor\u0117dami atlaisvinti ir nuimti var\u017etus, tvirtinan\u010dius \u0161vaistiklio galo dangtel\u012f, naudokite atitinkam\u0105 ver\u017eliarakt\u012f arba lizd\u0105.<\/li>\n<li>\u0160velniai pastuksenkite \u012f galin\u012f dangtel\u012f guminiu plaktuku, kad nutrauktum\u0117te bet kok\u012f sandarikl\u012f ar klij\u0173 sujungim\u0105.<\/li>\n<\/ul>\n<\/li>\n<li><strong>Atskirti strypo ir st\u016bmoklio mazg\u0105:<\/strong>\n<ul>\n<li>Nu\u0117mus \u0161vaistiklio galo dangtel\u012f, atsargiai i\u0161stumkite \u0161vaistiklio ir st\u016bmoklio mazg\u0105 i\u0161 cilindro korpuso.<\/li>\n<li>Atraminkite \u012frenginio svor\u012f, kad jis nenukrist\u0173 ir nepa\u017eeist\u0173 jo konstrukcijos.<\/li>\n<\/ul>\n<\/li>\n<li><strong>I\u0161ardykite strypo ir st\u016bmoklio mazg\u0105:<\/strong>\n<ul>\n<li>Patikrinkite strypo ir st\u016bmoklio mazg\u0105, ar n\u0117ra fiksavimo \u017eied\u0173, spaustuk\u0173 ar kit\u0173 valdymo \u012ftais\u0173.<\/li>\n<li>Nor\u0117dami nuimti \u0161iuos tvirtinimo \u012ftaisus, naudokite tinkamus \u012frankius, tokius kaip repl\u0117s arba spaustuk\u0173 repl\u0117s, kad b\u016bt\u0173 galima i\u0161ardyti mazg\u0105 \u012f jo komponentus.<\/li>\n<li>Surinkdami atkreipkite d\u0117mes\u012f \u012f kiekvieno komponento tvark\u0105 ir orientacij\u0105.<\/li>\n<\/ul>\n<\/li>\n<li><strong>Ap\u017ei\u016br\u0117kite ir i\u0161valykite:<\/strong>\n<ul>\n<li>Patikrinkite visus i\u0161ardytus komponentus, ar n\u0117ra susid\u0117v\u0117jimo, pa\u017eeidim\u0173 ar nuot\u0117kio po\u017eymi\u0173.<\/li>\n<li>Kruop\u0161\u010diai nuvalykite kiekvien\u0105 komponent\u0105 tinkamu tirpikliu arba valymo priemone, kad pa\u0161alintum\u0117te ne\u0161varumus, \u0161iuk\u0161les ir hidraulinio skys\u010dio liku\u010dius.<\/li>\n<li>Prie\u0161 surinkdami komponentus, juos visi\u0161kai i\u0161d\u017eiovinkite.<\/li>\n<\/ul>\n<\/li>\n<li><strong>Surinkimas:<\/strong>\n<ul>\n<li>Atvirk\u0161tine tvarka atlikite i\u0161ardymo veiksmus, laikydamiesi teisingos komponent\u0173 eil\u0117s tvarkos ir orientacijos.<\/li>\n<li>Surinkdami sandariklius ir judan\u010dias dalis, u\u017etepkite plon\u0105 \u0161varaus hidraulinio skys\u010dio arba rekomenduojamo tepalo sluoksn\u012f.<\/li>\n<li>\u012esitikinkite, kad visi komponentai tinkamai sujungti ir yra priver\u017eti pagal gamintojo specifikacijas.<\/li>\n<\/ul>\n<\/li>\n<\/ol>\n<h2><strong>Gamyklos paj\u0117gumai ir talpa:<\/strong><\/h2>\n<h3>(1) Surinkimas<\/h3>\n<p>Turime pirmos klas\u0117s nepriklausom\u0105 tyrim\u0173 ir pl\u0117tros surinkimo platform\u0105. Hidraulini\u0173 cilindr\u0173 gamybos ceche yra keturios pusiau automatin\u0117s k\u0117limo cilindr\u0173 surinkimo linijos ir viena automatin\u0117 pakreipimo cilindr\u0173 surinkimo linija, kuri\u0173 projektinis metinis gamybos paj\u0117gumas yra 1 milijonas vienet\u0173. Speciali\u0173j\u0173 cilindr\u0173 ceche \u012frengta \u012fvairi\u0173 specifikacij\u0173 pusiau automatin\u0117 valymo surinkimo sistema, kurios projektinis metinis gamybos paj\u0117gumas yra 200 000 vienet\u0173, ir garsi CNC apdirbimo \u012franga, apdirbimo centras, didelio tikslumo cilindr\u0173 apdirbimo speciali \u012franga, robotinis suvirinimo aparatas, automatinis valymo aparatas, automatinis cilindr\u0173 surinkimo aparatas ir automatin\u0117 da\u017eymo gamybos linija. Esama daugiau nei 300 rinkini\u0173 (komplekt\u0173) kritin\u0117 \u012franga. Optimalus \u012frangos i\u0161tekli\u0173 paskirstymas ir efektyvus naudojimas u\u017etikrina gamini\u0173 tikslumo reikalavimus ir auk\u0161tus gamini\u0173 kokyb\u0117s poreikius.<\/p>\n<p><img loading=\"lazy\" decoding=\"async\" class=\"alignnone wp-image-626\" src=\"https:\/\/hydraulic-cylinders.net\/wp-content\/uploads\/2023\/08\/hydraulic-cylinder-product-1-300x158.webp\" alt=\"\" width=\"495\" height=\"260\" srcset=\"https:\/\/hydraulic-cylinders.net\/wp-content\/uploads\/2023\/08\/hydraulic-cylinder-product-1-300x158.webp 495w, https:\/\/hydraulic-cylinders.net\/wp-content\/uploads\/2023\/08\/hydraulic-cylinder-product-1-480x252.webp 480w\" sizes=\"(min-width: 0px) and (max-width: 480px) 480px, (min-width: 481px) 495px, 100vw\" \/> <img loading=\"lazy\" decoding=\"async\" class=\"alignnone wp-image-627\" src=\"https:\/\/hydraulic-cylinders.net\/wp-content\/uploads\/2023\/08\/hydraulic-cylinder-product-2-300x189.webp\" alt=\"\" width=\"413\" height=\"260\" \/><\/p>\n<h3>(2) Apdirbimas<\/h3>\n<p>Mechaninio apdirbimo ceche \u012frengtas pritaikytas nuo\u017eulnaus b\u0117gio tekinimo centras, apdirbimo centras, greitaeigis galandimo stakl\u0117s, suvirinimo robotas ir kita susijusi \u012franga, galinti apdirbti cilindrinius vamzd\u017eius, kuri\u0173 maksimalus vidinis skersmuo yra 400 mm, o maksimalus ilgis \u2013 6 metrai.<\/p>\n<p><img loading=\"lazy\" decoding=\"async\" class=\"alignnone wp-image-628 size-large\" src=\"https:\/\/hydraulic-cylinders.net\/wp-content\/uploads\/2023\/08\/hydraulic-cylinder-product-3-1024x391.webp\" alt=\"\" width=\"1024\" height=\"391\" srcset=\"https:\/\/hydraulic-cylinders.net\/wp-content\/uploads\/2023\/08\/hydraulic-cylinder-product-3-980x374.webp 980w, https:\/\/hydraulic-cylinders.net\/wp-content\/uploads\/2023\/08\/hydraulic-cylinder-product-3-480x183.webp 480w\" sizes=\"(min-width: 0px) and (max-width: 480px) 480px, (min-width: 481px) and (max-width: 980px) 980px, (min-width: 981px) 1024px, 100vw\" \/><\/p>\n<h3>(3) Suvirinimas<\/h3>\n<p><img loading=\"lazy\" decoding=\"async\" class=\"alignnone wp-image-629 size-large\" src=\"https:\/\/hydraulic-cylinders.net\/wp-content\/uploads\/2023\/08\/hydraulic-cylinder-product-4-1024x510.webp\" alt=\"\" width=\"1024\" height=\"510\" srcset=\"https:\/\/hydraulic-cylinders.net\/wp-content\/uploads\/2023\/08\/hydraulic-cylinder-product-4-980x488.webp 980w, https:\/\/hydraulic-cylinders.net\/wp-content\/uploads\/2023\/08\/hydraulic-cylinder-product-4-480x239.webp 480w\" sizes=\"(min-width: 0px) and (max-width: 480px) 480px, (min-width: 481px) and (max-width: 980px) 980px, (min-width: 981px) 1024px, 100vw\" \/><\/p>\n<h3>(4) Da\u017eymas ir dengimas<\/h3>\n<p>Su ma\u017eomis ir vidutinio dyd\u017eio cilindrin\u0117mis automatin\u0117mis vandens pagrindo da\u017e\u0173 dengimo linijomis, siekiant automatinio robot\u0173 pakrovimo ir i\u0161krovimo bei automatinio pur\u0161kimo, projektinis paj\u0117gumas yra 4000 vienet\u0173 per pamain\u0105;<br \/>\nTaip pat turime pusiau automatin\u0119 dideli\u0173 cilindr\u0173 da\u017e\u0173 gamybos linij\u0105, varom\u0105 grandin\u0117s, kurios projektinis na\u0161umas yra 60 d\u0117\u017ei\u0173 per pamain\u0105.<\/p>\n<p><img loading=\"lazy\" decoding=\"async\" class=\"alignnone wp-image-630\" src=\"https:\/\/hydraulic-cylinders.net\/wp-content\/uploads\/2023\/08\/hydraulic-cylinder-product-5-300x213.webp\" alt=\"\" width=\"366\" height=\"260\" \/> <img loading=\"lazy\" decoding=\"async\" class=\"alignnone wp-image-631\" src=\"https:\/\/hydraulic-cylinders.net\/wp-content\/uploads\/2023\/08\/hydraulic-cylinder-product-6-300x225.webp\" alt=\"\" width=\"347\" height=\"260\" \/><\/p>\n<h3>(5) Testavimas<\/h3>\n<p>Turime auk\u0161\u010diausios klas\u0117s patikros patalpas ir bandym\u0173 stendus, kad u\u017etikrintume, jog baliono veikimas atitinka reikalavimus.<\/p>\n<p><img loading=\"lazy\" decoding=\"async\" class=\"alignnone wp-image-632\" src=\"https:\/\/hydraulic-cylinders.net\/wp-content\/uploads\/2023\/08\/hydraulic-cylinder-product-8-300x200.webp\" alt=\"\" width=\"389\" height=\"260\" \/><\/p>\n<p>&nbsp;<\/p>\n<p>&nbsp;<\/p>\n<p>Esame vienas geriausi\u0173 in\u017einerini\u0173 hidraulini\u0173 cilindr\u0173 gamintoj\u0173. Galime pasi\u016blyti plat\u0173 in\u017einerini\u0173 hidraulini\u0173 cilindr\u0173 asortiment\u0105. Taip pat teikiame atitinkamas paslaugas. <a href=\"https:\/\/hzpt.com\/agricultural-pto-gearbox\/\" target=\"_blank\" rel=\"noopener\">\u017eem\u0117s \u016bkio pavar\u0173 d\u0117\u017e\u0117s<\/a>Mes eksportuojame savo gaminius klientams visame pasaulyje ir peln\u0117me ger\u0105 reputacij\u0105 d\u0117l auk\u0161\u010diausios gamini\u0173 kokyb\u0117s ir aptarnavimo po pardavimo. Nuo\u0161ird\u017eiai sveikiname klientus tiek \u0161alyje, tiek u\u017esienyje, norin\u010dius susisiekti su mumis der\u0117tis d\u0117l verslo, keistis informacija ir...\u00a0<a href=\"https:\/\/www.hydraulic-cylinders.net\/lt\/contact-us\/\">bendradarbiauti su mumis<\/a>!<\/p>\n<h2><\/h2>\n<h2><\/h2>","protected":false},"excerpt":{"rendered":"<p>Pistion Rod End Is Internal Threaded Rod Head Earring Connection Engineering Hydraulic Cylinder Piston rod end &#8211; Threaded rod head earring connection Engineering hydraulic cylinder is a high-performance hydraulic component for reliable and efficient operation in various engineering applications. This product provides a safe and reliable connection between the piston rod end and the external [&hellip;]<\/p>","protected":false},"featured_media":1134,"comment_status":"open","ping_status":"closed","template":"","meta":{"_et_pb_use_builder":"","_et_pb_old_content":"","_et_gb_content_width":""},"product_brand":[],"product_cat":[1376],"product_tag":[1380],"class_list":{"0":"post-1117","1":"product","2":"type-product","3":"status-publish","4":"has-post-thumbnail","6":"product_cat-hydraulic-cylinder","7":"product_tag-hydraulic-cylinder","9":"first","10":"instock","11":"shipping-taxable","12":"product-type-simple"},"amp_enabled":true,"_links":{"self":[{"href":"https:\/\/www.hydraulic-cylinders.net\/lt\/wp-json\/wp\/v2\/product\/1117","targetHints":{"allow":["GET"]}}],"collection":[{"href":"https:\/\/www.hydraulic-cylinders.net\/lt\/wp-json\/wp\/v2\/product"}],"about":[{"href":"https:\/\/www.hydraulic-cylinders.net\/lt\/wp-json\/wp\/v2\/types\/product"}],"replies":[{"embeddable":true,"href":"https:\/\/www.hydraulic-cylinders.net\/lt\/wp-json\/wp\/v2\/comments?post=1117"}],"wp:featuredmedia":[{"embeddable":true,"href":"https:\/\/www.hydraulic-cylinders.net\/lt\/wp-json\/wp\/v2\/media\/1134"}],"wp:attachment":[{"href":"https:\/\/www.hydraulic-cylinders.net\/lt\/wp-json\/wp\/v2\/media?parent=1117"}],"wp:term":[{"taxonomy":"product_brand","embeddable":true,"href":"https:\/\/www.hydraulic-cylinders.net\/lt\/wp-json\/wp\/v2\/product_brand?post=1117"},{"taxonomy":"product_cat","embeddable":true,"href":"https:\/\/www.hydraulic-cylinders.net\/lt\/wp-json\/wp\/v2\/product_cat?post=1117"},{"taxonomy":"product_tag","embeddable":true,"href":"https:\/\/www.hydraulic-cylinders.net\/lt\/wp-json\/wp\/v2\/product_tag?post=1117"}],"curies":[{"name":"wp","href":"https:\/\/api.w.org\/{rel}","templated":true}]}}