{"id":1141,"date":"2023-09-12T02:01:38","date_gmt":"2023-09-12T02:01:38","guid":{"rendered":"https:\/\/hydraulic-cylinders.net\/?post_type=product&#038;p=1141"},"modified":"2023-09-19T02:17:50","modified_gmt":"2023-09-19T02:17:50","slug":"hsg-engineering-hydraulic-cylinder","status":"publish","type":"product","link":"https:\/\/www.hydraulic-cylinders.net\/lt\/produktas\/hsg-engineering-hydraulic-cylinder\/","title":{"rendered":"HSG in\u017einerijos hidraulinis cilindras"},"content":{"rendered":"<h1 style=\"text-align: center;\"><strong>HSG in\u017einerijos hidraulinis cilindras<\/strong><\/h1>\n<p>HSG serijos in\u017einerinis hidraulinis cilindras yra dvigubo veikimo st\u016bmoklinis hidraulinis cilindras. Montavimo b\u016bdas yra auskar\u0173 tipo. Pagal cilindro galvut\u0117s ir cilindro bloko jungt\u012f yra trij\u0173 tip\u0173: i\u0161orinis srieginis sujungimas, vidin\u0117 kortos kritin\u0117 jungtis ir flan\u0161o jungtis. In\u017einerinis hidraulinis cilindras daugiausia naudojamas statybose, k\u0117limo, kasybos ir kitose hidraulin\u0117se sistemose.<\/p>\n<p>Priekini\u0173 ir galini\u0173 auskar\u0173 montavimo ypatyb\u0117s:<\/p>\n<p>Vieno k\u0117limo \u017eiedo uodegos montavimas leid\u017eia st\u016bmoklio kotui veikiant galin\u0117je dalyje jud\u0117ti ta pa\u010dia plok\u0161tumos kreive. Abiej\u0173 st\u016bmoklio koto pusi\u0173 posvyris nevir\u0161ija 3\u00b0, o plok\u0161tumos trajektorijos s\u0105lygos arba vieno \u017eiedo montavimo konstrukciniai reikalavimai yra keliami. \u0160iuo atveju galima montuoti uodegos ir koto galo sferinius guolius, ta\u010diau reikia atkreipti d\u0117mes\u012f \u012f sl\u0117gio apkrov\u0105, kuri\u0105 leid\u017eia sferini\u0173 guoli\u0173 montavimas.<\/p>\n<p><img loading=\"lazy\" decoding=\"async\" class=\"aligncenter wp-image-1142\" src=\"https:\/\/hydraulic-cylinders.net\/wp-content\/uploads\/2023\/09\/hsg-hydraulic-cylinder-1-1-300x300.webp\" alt=\"\" width=\"400\" height=\"400\" srcset=\"https:\/\/www.hydraulic-cylinders.net\/wp-content\/uploads\/2023\/09\/hsg-hydraulic-cylinder-1-1-300x300.webp 300w, https:\/\/www.hydraulic-cylinders.net\/wp-content\/uploads\/2023\/09\/hsg-hydraulic-cylinder-1-1-100x100.webp 100w, https:\/\/www.hydraulic-cylinders.net\/wp-content\/uploads\/2023\/09\/hsg-hydraulic-cylinder-1-1-150x150.webp 150w, https:\/\/www.hydraulic-cylinders.net\/wp-content\/uploads\/2023\/09\/hsg-hydraulic-cylinder-1-1-12x12.webp 12w, https:\/\/www.hydraulic-cylinders.net\/wp-content\/uploads\/2023\/09\/hsg-hydraulic-cylinder-1-1.webp 369w\" sizes=\"(max-width: 400px) 100vw, 400px\" \/><\/p>\n<h2><strong>HSG in\u017einerijos hidraulinis cilindras <\/strong><strong>Taikymo sritis<\/strong><strong>:<\/strong><\/h2>\n<p>Daugiausia naudojamas statybose, sunkiasvori\u0173 krovini\u0173 k\u0117limo, kasybos ir kitose hidraulin\u0117se sistemose in\u017eineriniuose hidrauliniuose cilindruose, ta\u010diau neapsiribojant min\u0117tais aspektais \u2013 sl\u0117gio klas\u0117 16 MPa.<br \/>\nKai cilindro j\u0117ga yra gana didel\u0117 (pvz., 20 ton\u0173), o eiga gana ilga (pvz., 2 metrai), traukimo strypo cilindras netinka naudoti d\u0117l sraigto j\u0117gos apribojimo, tod\u0117l vietoj jo galima naudoti in\u017einerin\u012f cilindr\u0105.<br \/>\nD\u0117l mil\u017eini\u0161ko in\u017einerinio hidraulinio cilindro sl\u0117gio ir gamybos proceso, jo med\u017eiag\u0173 ir perdirbimo s\u0105naudos yra didesn\u0117s nei trauk\u0117s cilindro.<\/p>\n<h2><strong>HSG in\u017einerijos hidraulinio cilindro parametras<\/strong><strong>:<img loading=\"lazy\" decoding=\"async\" class=\"alignnone wp-image-1144 size-large\" src=\"https:\/\/hydraulic-cylinders.net\/wp-content\/uploads\/2023\/09\/hsg-engineering-hydraulic-cylinder-parameter-1-4-1024x739.webp\" alt=\"\" width=\"1024\" height=\"739\" srcset=\"https:\/\/hydraulic-cylinders.net\/wp-content\/uploads\/2023\/09\/hsg-engineering-hydraulic-cylinder-parameter-1-4-980x707.webp 980w, https:\/\/hydraulic-cylinders.net\/wp-content\/uploads\/2023\/09\/hsg-engineering-hydraulic-cylinder-parameter-1-4-480x347.webp 480w\" sizes=\"(min-width: 0px) and (max-width: 480px) 480px, (min-width: 481px) and (max-width: 980px) 980px, (min-width: 981px) 1024px, 100vw\" \/> <img loading=\"lazy\" decoding=\"async\" class=\"alignnone wp-image-1145 size-large\" src=\"https:\/\/hydraulic-cylinders.net\/wp-content\/uploads\/2023\/09\/hsg-engineering-hydraulic-cylinder-parameter-2-1-908x1024.webp\" alt=\"\" width=\"908\" height=\"1024\" \/> <img loading=\"lazy\" decoding=\"async\" class=\"alignnone wp-image-1146 size-large\" src=\"https:\/\/hydraulic-cylinders.net\/wp-content\/uploads\/2023\/09\/hsg-engineering-hydraulic-cylinder-parameter-3-1-845x1024.webp\" alt=\"\" width=\"845\" height=\"1024\" \/> <img loading=\"lazy\" decoding=\"async\" class=\"alignnone wp-image-1147 size-large\" src=\"https:\/\/hydraulic-cylinders.net\/wp-content\/uploads\/2023\/09\/hsg-engineering-hydraulic-cylinder-parameter-4-1-707x1024.webp\" alt=\"\" width=\"707\" height=\"1024\" \/> <img loading=\"lazy\" decoding=\"async\" class=\"alignnone wp-image-1148 size-large\" src=\"https:\/\/hydraulic-cylinders.net\/wp-content\/uploads\/2023\/09\/hsg-engineering-hydraulic-cylinder-parameter-5-1-801x1024.webp\" alt=\"\" width=\"801\" height=\"1024\" \/> <img loading=\"lazy\" decoding=\"async\" class=\"alignnone wp-image-1149 size-large\" src=\"https:\/\/hydraulic-cylinders.net\/wp-content\/uploads\/2023\/09\/hsg-engineering-hydraulic-cylinder-parameter-6-1-628x1024.webp\" alt=\"\" width=\"628\" height=\"1024\" \/> <img loading=\"lazy\" decoding=\"async\" class=\"alignnone wp-image-1150 size-large\" src=\"https:\/\/hydraulic-cylinders.net\/wp-content\/uploads\/2023\/09\/hsg-engineering-hydraulic-cylinder-parameter-7-1-844x1024.webp\" alt=\"\" width=\"844\" height=\"1024\" \/> <img loading=\"lazy\" decoding=\"async\" class=\"alignnone size-medium wp-image-1151\" src=\"https:\/\/hydraulic-cylinders.net\/wp-content\/uploads\/2023\/09\/hsg-engineering-hydraulic-cylinder-parameter-8-1-181x300.webp\" alt=\"\" width=\"181\" height=\"300\" \/> <img loading=\"lazy\" decoding=\"async\" class=\"alignnone size-medium wp-image-1152\" src=\"https:\/\/hydraulic-cylinders.net\/wp-content\/uploads\/2023\/09\/hsg-engineering-hydraulic-cylinder-parameter-9-1-249x300.webp\" alt=\"\" width=\"249\" height=\"300\" \/><\/strong><\/h2>\n<h2><strong>Modelio pasirinkimas <\/strong><strong>HSG in\u017einerijos hidraulinis cilindras<\/strong><strong>:<\/strong><\/h2>\n<p>HG-L-01-D\/DX100-E2501<br \/>\nHG - Dvigubo veikimo hidraulinis cilindras<br \/>\nL formos cilindro galvut\u0117s prijungimo b\u016bdas: L = sriegio tipas (cilindro skersmuo 080)<br \/>\n01 \u2013 Dizaino Nr.<br \/>\nCilindro skersmuo D\/d mm \/ st\u016bmoklio kotas mm<br \/>\n100 hidraulinio cilindro eiga<br \/>\nE-sl\u0117gio laipsnis: E=16MPa G=21MPa<br \/>\n2 cilindr\u0173 galvut\u0117, cilindro jungtis:<br \/>\n1 = cilindro galvut\u0117s auskaras su \u012fvore; 2 = cilindro galvut\u0117s auskaras su jungiamuoju guoliu; 3 = vyrio velenas (cilindro skersmeniui &gt;\u03a680, kortel\u0117s rakto jungtis); 4 = galinis flan\u0161as (cilindro skersmeniui &gt;\u03a680, kortel\u0117s rakto jungtis) 5 = vidurinis flan\u0161as (cilindro skersmeniui &gt;\u03a680, kortel\u0117s rakto jungtis)<br \/>\n5-oji st\u016bmoklio koto galo jungtis:<br \/>\n1 = i\u0161orinis \u0161arnyro galo sriegis; 2 = vidinis \u0161arnyro galo sriegis (cilindro skersmuo &gt;\u03a663); 3 = i\u0161orinis \u0161arnyro galo sriegis, \u0161arnyro galvut\u0117s \u012fvor\u0117 su \u012fvore; 4 = vidinis \u0161arnyro galo sriegis, \u0161arnyro galvut\u0117s \u012fvor\u0117 su \u012fvore (cilindro skersmuo &gt;\u03a663); 5 = i\u0161orinis \u0161arnyro galo sriegis, \u0161arnyro galvut\u0117s \u012fvor\u0117 su jungtimi; 6 = vidinis \u0161arnyro galo sriegis, \u0161arnyro galvut\u0117s \u012fvor\u0117 su jungtimi (cilindro skersmuo &gt;\u03a663); 7 = integruotas st\u016bmoklio koto \u012fvor\u0117 su \u012fvore (tik cilindro skersmeniui = \u03a640, 50 skersmeniui); 8 = integruotas st\u016bmoklio koto \u012fvor\u0117 su jungtimi (tik cilindro skersmeniui = 40, 50)<br \/>\n0- buferio dalis:<br \/>\n0 = be buferio; 1 = buferis abiejuose galuose; 2 = cilindro galvut\u0117s galas su buferiu; 3 = \u0161vaistiklio galvut\u0117s galas su buferiu. 1 \u2013 alyvos angos prijungimo b\u016bdas: 1 = metrinis vidinis sriegis; 2 = angli\u0161kas vidinis sriegis.<br \/>\nL1 \u2013 st\u016bmoklio koto galo prijungimo b\u016bdas: L1 = i\u0161orinis koto galo sriegis; L2 = vidinis koto galo sriegis<br \/>\n0 \u2013 darbin\u0117 terp\u0117: 0 = alyva, hidraulin\u0117 alyva; W = didelio vandens kiekio alyva (emulsija). Pastaba: modelio apra\u0161yme pa\u017eym\u0117ti A raide laikomi nestandartiniais.<\/p>\n<h2><strong>HSG in\u017einerijos hidraulinis cilindras <\/strong><strong>Techninis parametras:<\/strong><\/h2>\n<p>Nor\u0117dami pasirinkti norim\u0105 gamin\u012f, galite naudoti \u0161\u012f modelio \u017eym\u0117jim\u0105. Modelio pavyzdys: HG-L-50\/40 *100-2501<\/p>\n<p><img loading=\"lazy\" decoding=\"async\" class=\"alignnone size-large wp-image-320903\" src=\"https:\/\/hzpt.com\/wp-content\/uploads\/2023\/09\/hsg-hydraulic-cylinder-2-467x1024.webp\" alt=\"\" width=\"467\" height=\"1024\" \/><\/p>\n<p>HSG serijos in\u017einerini\u0173 hidraulini\u0173 cilindr\u0173 pagrindiniai parametrai, \u012fskaitant cilindro skersmen\u012f, strypo skersmen\u012f ir maksimal\u0173 eig\u0105.<\/p>\n<p>1, grei\u010dio santykis yra st\u016bmoklio ertm\u0117s efektyvaus ploto ir tinkamo st\u016bmoklio koto ertm\u0117s dyd\u017eio santykis.<br \/>\n2, maksimalus sm\u016bgis i\u0161 principo yra: kai grei\u010dio santykis = 1,33, S = 8D; kai santykis = 1,45, S = 10D; kai balansas lygus 2, S yra pana\u0161us \u012f 12D.<\/p>\n<h2><strong>Kaip rasti hidraulinio cilindro sandarinimo rinkin\u012f?<\/strong><\/h2>\n<p>Tinkamo hidraulinio cilindro sandarikli\u0173 rinkinio radimas yra labai svarbus siekiant u\u017etikrinti tinkam\u0105 jo pritaikym\u0105, funkcionalum\u0105 ir na\u0161um\u0105. \u0160tai keli \u017eingsniai, pad\u0117siantys jums rasti tinkam\u0105 sandarikli\u0173 rinkin\u012f:<\/p>\n<ol>\n<li><strong>Nurodykite cilindro gamintoj\u0105 ir model\u012f:<\/strong>\n<ul>\n<li>Nustatykite hidraulinio cilindro gamintoj\u0105. \u0160i informacija da\u017enai \u012fspaud\u017eiama arba i\u0161graviruojama ant cilindro korpuso.<\/li>\n<li>Jei \u012fmanoma, u\u017esira\u0161ykite cilindro modelio numer\u012f ar kitus identifikavimo \u017eenklus.<\/li>\n<\/ul>\n<\/li>\n<li><strong>Surinkite cilindro specifikacijas:<\/strong>\n<ul>\n<li>I\u0161matuokite cilindro matmenis, \u012fskaitant kiaurym\u0117s skersmen\u012f, strypo skersmen\u012f ir eigos ilg\u012f.<\/li>\n<li>Atkreipkite d\u0117mes\u012f \u012f visas specifines cilindro savybes ar konfig\u016bracijas, tokias kaip flan\u0161ai, angos ar tvirtinimo b\u016bdai.<\/li>\n<\/ul>\n<\/li>\n<li><strong>I\u0161tirkite gamintojo i\u0161teklius:<\/strong>\n<ul>\n<li>Nor\u0117dami pasiteirauti apie j\u016bs\u0173 cilindro modeliui skirtus sandarikli\u0173 rinkinius, apsilankykite gamintojo svetain\u0117je arba susisiekite su klient\u0173 aptarnavimo tarnyba.<\/li>\n<li>Pateikite gamintojui baliono specifikacijas ir vis\u0105 surinkt\u0105 identifikuojan\u010di\u0105 informacij\u0105.<\/li>\n<\/ul>\n<\/li>\n<li><strong>Nar\u0161ykite internetinius hidraulini\u0173 sandarikli\u0173 tiek\u0117jus:<\/strong>\n<ul>\n<li>Ie\u0161kokite patikim\u0173 hidraulini\u0173 sandarikli\u0173 tiek\u0117j\u0173 ar platintoj\u0173 internete.<\/li>\n<li>Nor\u0117dami susiaurinti pasirinkim\u0105 pagal cilindr\u0173 specifikacijas arba gamintoj\u0105, naudokite paie\u0161kos filtrus arba nar\u0161ymo meniu j\u0173 svetain\u0117se.<\/li>\n<\/ul>\n<\/li>\n<li><strong>Naudokite sandarinimo rinkinio kry\u017emini\u0173 nuorod\u0173 \u012frankius:<\/strong>\n<ul>\n<li>Kai kurie sandarikli\u0173 rinkini\u0173 tiek\u0117jai si\u016blo kry\u017emini\u0173 nuorod\u0173 \u012frankius arba duomen\u0173 bazes, kurios padeda susieti cilindr\u0173 modelius su suderinamais sandarikli\u0173 rinkiniais.<\/li>\n<li>\u012eveskite cilindro gamintoj\u0105, model\u012f ar kitas specifikacijas \u012f kry\u017emini\u0173 nuorod\u0173 \u012frank\u012f, kad rastum\u0117te tinkamus sandarikli\u0173 rinkinius.<\/li>\n<\/ul>\n<\/li>\n<li><strong>\u017dr. hidraulin\u0117s sistemos prie\u017ei\u016bros vadovus:<\/strong>\n<ul>\n<li>Patikrinkite, ar \u012franga ar mechanizmai, kuriuose naudojamas hidraulinis cilindras, turi technin\u0117s prie\u017ei\u016bros vadov\u0105.<\/li>\n<li>Vadove gali b\u016bti informacijos apie rekomenduojamus sandarikli\u0173 rinkinius arba dali\u0173 numerius.<\/li>\n<\/ul>\n<\/li>\n<li><strong>Kreipkit\u0117s pagalbos \u012f hidraulikos specialistus:<\/strong>\n<ul>\n<li>Kreipkit\u0117s \u012f hidraulini\u0173 sistem\u0173 specialistus, technin\u0117s prie\u017ei\u016bros specialistus arba in\u017einierius, turin\u010dius patirties hidraulin\u0117se sistemose.<\/li>\n<li>Jie gali pad\u0117ti ir rekomenduoti tinkam\u0105 sandarikli\u0173 rinkin\u012f j\u016bs\u0173 hidrauliniam cilindrui.<\/li>\n<\/ul>\n<\/li>\n<li><strong>Apsvarstykite individualius sandarinimo rinkinius:<\/strong>\n<ul>\n<li>Jei nerandate sandarikli\u0173 rinkinio, specialiai sukurto j\u016bs\u0173 cilindro modeliui, kreipkit\u0117s \u012f gamintoj\u0105 arba tiek\u0117j\u0105, kuris si\u016blo individualius sandarikli\u0173 rinkinius.<\/li>\n<li>Pateikite tikslius matavimus ir cilindro specifikacijas, kad b\u016bt\u0173 galima pagaminti sandarikli\u0173 rinkin\u012f pagal j\u016bs\u0173 poreikius.<\/li>\n<\/ul>\n<\/li>\n<li><strong>\u012esigykite ir sumontuokite sandarinimo rinkin\u012f:<\/strong>\n<ul>\n<li>I\u0161sirink\u0119 tinkam\u0105 sandarinimo rinkin\u012f, pateikite u\u017esakym\u0105 tiek\u0117jui arba gamintojui.<\/li>\n<li>Atid\u017eiai laikykit\u0117s sandarinimo rinkinio montavimo instrukcij\u0173, kad u\u017etikrintum\u0117te tinkam\u0105 montavim\u0105 ir optimal\u0173 veikim\u0105.<\/li>\n<\/ul>\n<\/li>\n<\/ol>\n<h2><strong>Gamyklos paj\u0117gumai ir talpa:<\/strong><\/h2>\n<h3>(1) Surinkimas<\/h3>\n<p>Turime pirmos klas\u0117s nepriklausom\u0105 tyrim\u0173 ir pl\u0117tros surinkimo platform\u0105. Hidraulini\u0173 cilindr\u0173 gamybos ceche yra keturios pusiau automatin\u0117s k\u0117limo cilindr\u0173 surinkimo linijos ir viena automatin\u0117 pakreipimo cilindr\u0173 surinkimo linija, kuri\u0173 projektinis metinis gamybos paj\u0117gumas yra 1 milijonas vienet\u0173. Speciali\u0173j\u0173 cilindr\u0173 ceche \u012frengta \u012fvairi\u0173 specifikacij\u0173 pusiau automatin\u0117 valymo surinkimo sistema, kurios projektinis metinis gamybos paj\u0117gumas yra 200 000 vienet\u0173, ir garsi CNC apdirbimo \u012franga, apdirbimo centras, didelio tikslumo cilindr\u0173 apdirbimo speciali \u012franga, robotinis suvirinimo aparatas, automatinis valymo aparatas, automatinis cilindr\u0173 surinkimo aparatas ir automatin\u0117 da\u017eymo gamybos linija. Esama daugiau nei 300 rinkini\u0173 (komplekt\u0173) kritin\u0117 \u012franga. Optimalus \u012frangos i\u0161tekli\u0173 paskirstymas ir efektyvus naudojimas u\u017etikrina gamini\u0173 tikslumo reikalavimus ir auk\u0161tus gamini\u0173 kokyb\u0117s poreikius.<\/p>\n<p><img loading=\"lazy\" decoding=\"async\" class=\"alignnone wp-image-626\" src=\"https:\/\/hydraulic-cylinders.net\/wp-content\/uploads\/2023\/08\/hydraulic-cylinder-product-1-300x158.webp\" alt=\"\" width=\"495\" height=\"260\" srcset=\"https:\/\/hydraulic-cylinders.net\/wp-content\/uploads\/2023\/08\/hydraulic-cylinder-product-1-300x158.webp 495w, https:\/\/hydraulic-cylinders.net\/wp-content\/uploads\/2023\/08\/hydraulic-cylinder-product-1-480x252.webp 480w\" sizes=\"(min-width: 0px) and (max-width: 480px) 480px, (min-width: 481px) 495px, 100vw\" \/> <img loading=\"lazy\" decoding=\"async\" class=\"alignnone wp-image-627\" src=\"https:\/\/hydraulic-cylinders.net\/wp-content\/uploads\/2023\/08\/hydraulic-cylinder-product-2-300x189.webp\" alt=\"\" width=\"413\" height=\"260\" \/><\/p>\n<h3>(2) Apdirbimas<\/h3>\n<p>Mechaninio apdirbimo ceche \u012frengtas pritaikytas nuo\u017eulnaus b\u0117gio tekinimo centras, apdirbimo centras, greitaeigis galandimo stakl\u0117s, suvirinimo robotas ir kita susijusi \u012franga, galinti apdirbti cilindrinius vamzd\u017eius, kuri\u0173 maksimalus vidinis skersmuo yra 400 mm, o maksimalus ilgis \u2013 6 metrai.<\/p>\n<p><img loading=\"lazy\" decoding=\"async\" class=\"alignnone wp-image-628 size-large\" src=\"https:\/\/hydraulic-cylinders.net\/wp-content\/uploads\/2023\/08\/hydraulic-cylinder-product-3-1024x391.webp\" alt=\"\" width=\"1024\" height=\"391\" srcset=\"https:\/\/hydraulic-cylinders.net\/wp-content\/uploads\/2023\/08\/hydraulic-cylinder-product-3-980x374.webp 980w, https:\/\/hydraulic-cylinders.net\/wp-content\/uploads\/2023\/08\/hydraulic-cylinder-product-3-480x183.webp 480w\" sizes=\"(min-width: 0px) and (max-width: 480px) 480px, (min-width: 481px) and (max-width: 980px) 980px, (min-width: 981px) 1024px, 100vw\" \/><\/p>\n<h3>(3) Suvirinimas<\/h3>\n<p><img loading=\"lazy\" decoding=\"async\" class=\"alignnone wp-image-629 size-large\" src=\"https:\/\/hydraulic-cylinders.net\/wp-content\/uploads\/2023\/08\/hydraulic-cylinder-product-4-1024x510.webp\" alt=\"\" width=\"1024\" height=\"510\" srcset=\"https:\/\/hydraulic-cylinders.net\/wp-content\/uploads\/2023\/08\/hydraulic-cylinder-product-4-980x488.webp 980w, https:\/\/hydraulic-cylinders.net\/wp-content\/uploads\/2023\/08\/hydraulic-cylinder-product-4-480x239.webp 480w\" sizes=\"(min-width: 0px) and (max-width: 480px) 480px, (min-width: 481px) and (max-width: 980px) 980px, (min-width: 981px) 1024px, 100vw\" \/><\/p>\n<h3>(4) Da\u017eymas ir dengimas<\/h3>\n<p>Su ma\u017eomis ir vidutinio dyd\u017eio cilindrin\u0117mis automatin\u0117mis vandens pagrindo da\u017e\u0173 dengimo linijomis, siekiant automatinio robot\u0173 pakrovimo ir i\u0161krovimo bei automatinio pur\u0161kimo, projektinis paj\u0117gumas yra 4000 vienet\u0173 per pamain\u0105;<br \/>\nTaip pat turime pusiau automatin\u0119 dideli\u0173 cilindr\u0173 da\u017e\u0173 gamybos linij\u0105, varom\u0105 grandin\u0117s, kurios projektinis na\u0161umas yra 60 d\u0117\u017ei\u0173 per pamain\u0105.<\/p>\n<p><img loading=\"lazy\" decoding=\"async\" class=\"alignnone wp-image-630\" src=\"https:\/\/hydraulic-cylinders.net\/wp-content\/uploads\/2023\/08\/hydraulic-cylinder-product-5-300x213.webp\" alt=\"\" width=\"366\" height=\"260\" \/> <img loading=\"lazy\" decoding=\"async\" class=\"alignnone wp-image-631\" src=\"https:\/\/hydraulic-cylinders.net\/wp-content\/uploads\/2023\/08\/hydraulic-cylinder-product-6-300x225.webp\" alt=\"\" width=\"347\" height=\"260\" \/><\/p>\n<h3>(5) Testavimas<\/h3>\n<p>Turime auk\u0161\u010diausios klas\u0117s patikros patalpas ir bandym\u0173 stendus, kad u\u017etikrintume, jog baliono veikimas atitinka reikalavimus.<\/p>\n<p><img loading=\"lazy\" decoding=\"async\" class=\"alignnone wp-image-632\" src=\"https:\/\/hydraulic-cylinders.net\/wp-content\/uploads\/2023\/08\/hydraulic-cylinder-product-8-300x200.webp\" alt=\"\" width=\"389\" height=\"260\" \/><\/p>\n<p>&nbsp;<\/p>\n<p>&nbsp;<\/p>\n<p>Esame vienas geriausi\u0173 in\u017einerini\u0173 hidraulini\u0173 cilindr\u0173 gamintoj\u0173. Galime pasi\u016blyti plat\u0173 in\u017einerini\u0173 hidraulini\u0173 cilindr\u0173 asortiment\u0105. Taip pat teikiame atitinkamas paslaugas. <a href=\"https:\/\/hzpt.com\/agricultural-pto-gearbox\/\" target=\"_blank\" rel=\"noopener\">\u017eem\u0117s \u016bkio pavar\u0173 d\u0117\u017e\u0117s<\/a>Mes eksportuojame savo gaminius klientams visame pasaulyje ir peln\u0117me ger\u0105 reputacij\u0105 d\u0117l auk\u0161\u010diausios gamini\u0173 kokyb\u0117s ir aptarnavimo po pardavimo. Mes laukiame klient\u0173 \u0161alyje ir u\u017esienyje, norin\u010di\u0173 susisiekti su mumis der\u0117tis d\u0117l verslo, keistis informacija ir... <a href=\"https:\/\/www.hydraulic-cylinders.net\/lt\/contact-us\/\">bendradarbiauti su mumis<\/a>!<\/p>\n<h2><\/h2>\n<h2><\/h2>","protected":false},"excerpt":{"rendered":"<p>HSG Engineering Hydraulic Cylinder HSG series engineering hydraulic cylinder is a double-acting piston rod hydraulic cylinder. Installation mode adopts earring type. According to the connection between the cylinder head and the cylinder block, there are three kinds of external thread connection, internal card critical connection, and flange connection. Engineering hydraulic cylinder is mainly used in [&hellip;]<\/p>","protected":false},"featured_media":1143,"comment_status":"open","ping_status":"closed","template":"","meta":{"_et_pb_use_builder":"","_et_pb_old_content":"","_et_gb_content_width":""},"product_brand":[],"product_cat":[1376],"product_tag":[1380],"class_list":{"0":"post-1141","1":"product","2":"type-product","3":"status-publish","4":"has-post-thumbnail","6":"product_cat-hydraulic-cylinder","7":"product_tag-hydraulic-cylinder","9":"first","10":"instock","11":"shipping-taxable","12":"product-type-simple"},"amp_enabled":true,"_links":{"self":[{"href":"https:\/\/www.hydraulic-cylinders.net\/lt\/wp-json\/wp\/v2\/product\/1141","targetHints":{"allow":["GET"]}}],"collection":[{"href":"https:\/\/www.hydraulic-cylinders.net\/lt\/wp-json\/wp\/v2\/product"}],"about":[{"href":"https:\/\/www.hydraulic-cylinders.net\/lt\/wp-json\/wp\/v2\/types\/product"}],"replies":[{"embeddable":true,"href":"https:\/\/www.hydraulic-cylinders.net\/lt\/wp-json\/wp\/v2\/comments?post=1141"}],"wp:featuredmedia":[{"embeddable":true,"href":"https:\/\/www.hydraulic-cylinders.net\/lt\/wp-json\/wp\/v2\/media\/1143"}],"wp:attachment":[{"href":"https:\/\/www.hydraulic-cylinders.net\/lt\/wp-json\/wp\/v2\/media?parent=1141"}],"wp:term":[{"taxonomy":"product_brand","embeddable":true,"href":"https:\/\/www.hydraulic-cylinders.net\/lt\/wp-json\/wp\/v2\/product_brand?post=1141"},{"taxonomy":"product_cat","embeddable":true,"href":"https:\/\/www.hydraulic-cylinders.net\/lt\/wp-json\/wp\/v2\/product_cat?post=1141"},{"taxonomy":"product_tag","embeddable":true,"href":"https:\/\/www.hydraulic-cylinders.net\/lt\/wp-json\/wp\/v2\/product_tag?post=1141"}],"curies":[{"name":"wp","href":"https:\/\/api.w.org\/{rel}","templated":true}]}}