{"id":1213,"date":"2023-09-13T07:59:01","date_gmt":"2023-09-13T07:59:01","guid":{"rendered":"https:\/\/hydraulic-cylinders.net\/?post_type=product&#038;p=1213"},"modified":"2025-04-11T05:06:52","modified_gmt":"2025-04-11T05:06:52","slug":"y-hg1-noraml-metallurgical-hydraulic-cylinder","status":"publish","type":"product","link":"https:\/\/www.hydraulic-cylinders.net\/lt\/produktas\/y-hg1-noraml-metallurgical-hydraulic-cylinder\/","title":{"rendered":"Y-HG1 \"Noraml Metallurgical\" hidraulinis cilindras"},"content":{"rendered":"<h1 style=\"text-align: center;\"><strong>Y-HG1 \"Noraml Metallurgical\" hidraulinis cilindras<\/strong><\/h1>\n<p>Y-HG1 metalurginis hidraulinis cilindras yra moderniausias hidraulinis komponentas, specialiai sukurtas atsi\u017evelgiant \u012f grie\u017etus metalurgijos srities reikalavimus. D\u0117l pa\u017eangi\u0173 savybi\u0173, tvirtos konstrukcijos ir i\u0161skirtinio na\u0161umo Y-HG1 metalurginis hidraulinis cilindras u\u017etikrina tiksl\u0173 valdym\u0105, ilgaam\u017ei\u0161kum\u0105 ir patikimum\u0105 at\u0161iauriomis plieno gamykl\u0173, liejykl\u0173 ir kit\u0173 metalurgijos proces\u0173 s\u0105lygomis. Nesvarbu, ar tai b\u016bt\u0173 sunki\u0173j\u0173 krovini\u0173 k\u0117limas, presavimas ar pad\u0117ties nustatymas, Y-HG1 cilindras nustato naujus hidraulin\u0117s technologijos standartus, tod\u0117l yra idealus pasirinkimas metalurgijos pramonei.<\/p>\n<p>Y-HG1 serijos metalurgijos \u012frangos hidraulinis cilindras dvigubo veikimo st\u016bmokliniam cilindrui, cilindro skersmuo paprastai yra 40\u2013320 mm, darbinis sl\u0117gis &lt;=16MPA, hidraulin\u0117s alyvos mechanin\u0117 sistema gali b\u016bti naudojama emulsijai ir kitoms darbo terp\u0117ms prarasti, flan\u0161ams, auskarams, kai\u0161\u010diams, trigeriams (pagrindui) ir skirtingiems tipams montuoti.<\/p>\n<p>Didelio tikslumo CNC galandimo stakl\u0117s, automatinis suvirinimo aparatas, vertikalus, horizontalus apdirbimo centras, portalinio apdirbimo centras, CNC tekinimo stakl\u0117s ir kita apdorojimo \u012franga, gaminio kokyb\u0117 yra stabili ir garantuota.<\/p>\n<p><img loading=\"lazy\" decoding=\"async\" class=\"aligncenter wp-image-1214\" src=\"https:\/\/hydraulic-cylinders.net\/wp-content\/uploads\/2023\/09\/y-hg-1-noraml-metallurgical-hydraulic-cylinder-3-300x300.webp\" alt=\"\" width=\"400\" height=\"400\" \/><\/p>\n<h2><strong>Y-HG1 Noraml metalurginio hidraulinio cilindro parametras:<img loading=\"lazy\" decoding=\"async\" class=\"alignnone wp-image-1215 size-large\" src=\"https:\/\/hydraulic-cylinders.net\/wp-content\/uploads\/2023\/09\/y-hg-1-noraml-metallurgical-hydraulic-cylinder-1-1024x307.webp\" alt=\"\" width=\"1024\" height=\"307\" srcset=\"https:\/\/hydraulic-cylinders.net\/wp-content\/uploads\/2023\/09\/y-hg-1-noraml-metallurgical-hydraulic-cylinder-1-980x293.webp 980w, https:\/\/hydraulic-cylinders.net\/wp-content\/uploads\/2023\/09\/y-hg-1-noraml-metallurgical-hydraulic-cylinder-1-480x144.webp 480w\" sizes=\"(min-width: 0px) and (max-width: 480px) 480px, (min-width: 481px) and (max-width: 980px) 980px, (min-width: 981px) 1024px, 100vw\" \/> <img loading=\"lazy\" decoding=\"async\" class=\"alignnone wp-image-1216 size-large\" src=\"https:\/\/hydraulic-cylinders.net\/wp-content\/uploads\/2023\/09\/y-hg-1-noraml-metallurgical-hydraulic-cylinder-2-1024x553.webp\" alt=\"\" width=\"1024\" height=\"553\" srcset=\"https:\/\/hydraulic-cylinders.net\/wp-content\/uploads\/2023\/09\/y-hg-1-noraml-metallurgical-hydraulic-cylinder-2-980x530.webp 980w, https:\/\/hydraulic-cylinders.net\/wp-content\/uploads\/2023\/09\/y-hg-1-noraml-metallurgical-hydraulic-cylinder-2-480x259.webp 480w\" sizes=\"(min-width: 0px) and (max-width: 480px) 480px, (min-width: 481px) and (max-width: 980px) 980px, (min-width: 981px) 1024px, 100vw\" \/><\/strong><\/h2>\n<h2><strong>Y-HG1 \"Noraml Metallurgical\" hidraulinis cilindras <\/strong><strong>Naudojimo metodas<\/strong><strong>:<\/strong><\/h2>\n<ol>\n<li><strong>Montavimas ir \u012frengimas:<\/strong>\n<ul>\n<li>Atsi\u017evelgdami \u012f konkre\u010dius j\u016bs\u0173 metalurgijos \u012frangos reikalavimus, nustatykite tinkam\u0105 Y-HG1 cilindr\u0173 montavimo viet\u0105.<\/li>\n<li>\u012esitikinkite, kad tvirtinimo pavir\u0161ius yra \u0161varus, lygus ir gali atlaikyti cilindro svor\u012f bei apkrov\u0105.<\/li>\n<\/ul>\n<\/li>\n<li><strong>Prijungimas prie hidraulin\u0117s sistemos:<\/strong>\n<ul>\n<li>Prijunkite Y-HG1 metalurgin\u012f hidraulin\u012f cilindr\u0105 prie hidraulin\u0117s sistemos naudodami suderinam\u0105 hidraulin\u0119 \u017earn\u0105 arba vamzd\u012f.<\/li>\n<li>U\u017etikrinkite tinkam\u0105 sulygiavim\u0105 ir tvirtas jungtis, kad i\u0161vengtum\u0117te nuot\u0117ki\u0173 ir u\u017etikrintum\u0117te optimal\u0173 veikim\u0105.<\/li>\n<\/ul>\n<\/li>\n<li><strong>Sistemos integravimas ir kalibravimas:<\/strong>\n<ul>\n<li>Integruokite Y-HG1 metalurginius hidraulinius cilindrus \u012f metalurgijos \u012frang\u0105 ar sistemas pagal gamintojo nurodymus.<\/li>\n<li>Kalibruokite sistem\u0105, kad b\u016bt\u0173 pasiekti reikiami veikimo parametrai ir u\u017etikrintas tikslus cilindro jud\u0117jimo valdymas.<\/li>\n<\/ul>\n<\/li>\n<li><strong>Cilindro valdymas:<\/strong>\n<ul>\n<li>\u012ejunkite hidraulin\u0119 sistem\u0105, kad b\u016bt\u0173 sukurtas sl\u0117gis ir prad\u0117tas Y-HG1 cilindro jud\u0117jimas.<\/li>\n<li>Hidraulin\u0117 valdymo sistema tiksliai valdo cilindro i\u0161pl\u0117tim\u0105, susitraukim\u0105 ir pad\u0117ties nustatym\u0105, kad metalurgijos operacijos b\u016bt\u0173 efektyvios.<\/li>\n<\/ul>\n<\/li>\n<\/ol>\n<h2><strong>Y-HG1 \"Noraml Metallurgical\" hidraulinis cilindras <\/strong><strong>Charakteristikos<\/strong><strong>:<\/strong><\/h2>\n<ul>\n<li><strong>Tvirta konstrukcija:<\/strong> Y-HG1 cilindras pagamintas i\u0161 auk\u0161tos kokyb\u0117s med\u017eiag\u0173, u\u017etikrinan\u010di\u0173 patvarum\u0105 ir ilgaam\u017ei\u0161kum\u0105 sud\u0117tingoje metalurgijos aplinkoje.<\/li>\n<li><strong>Tikslus valdymas:<\/strong>\u00a0 Metalurginis hidraulinis cilindras u\u017etikrina puik\u0173 valdym\u0105 ir pad\u0117ties nustatymo tikslum\u0105, leisdamas operatoriams pasiekti tiksl\u0173 judes\u012f optimaliems metalurgijos procesams.<\/li>\n<li><strong>Didel\u0117 keliamoji galia:<\/strong>\u00a0 Y-HG1 metalurginiai hidrauliniai cilindrai yra skirti sunkiems kroviniams, standartiniams metalurgijos srityje, atlaikyti, u\u017etikrinant patikimas k\u0117limo ir presavimo galimybes.<\/li>\n<li><strong>Atsparumas korozijai:<\/strong>\u00a0 Baliono korozijai atspari danga apsaugo j\u012f nuo agresyvi\u0173 chemini\u0173 med\u017eiag\u0173 ir ekstremali\u0173 temperat\u016br\u0173, da\u017enai b\u016bding\u0173 metalurgijos aplinkai.<\/li>\n<li><strong>Universal\u016bs tvirtinimo variantai:<\/strong> Y-HG1 cilindrai tiekiami su \u012fvairiais tvirtinimo variantais ir gali b\u016bti lengvai integruojami \u012f daugel\u012f metalurgijos \u012frengini\u0173 ir sistem\u0173.<\/li>\n<\/ul>\n<h2><strong>Kaip veikia vienpusis hidraulinis cilindras?<\/strong><\/h2>\n<p>Vienkryptis, vienpusio veikimo hidraulinis cilindras naudoja hidraulin\u0119 sistem\u0105, kad generuot\u0173 tiesin\u012f jud\u0117jim\u0105 viena kryptimi. J\u012f sudaro cilindro korpusas, st\u016bmoklis, st\u016bmoklio kotas ir hidraulinis skystis. \u0160tai kaip jis veikia:<\/p>\n<ol>\n<li><strong>Hidraulinio skys\u010dio tiekimas:<\/strong>\n<ul>\n<li>Hidraulin\u0117 sistema tiekia susl\u0117gt\u0105 skyst\u012f, paprastai alyv\u0105, \u012f cilindr\u0105 per hidraulin\u012f siurbl\u012f arba maitinimo \u0161altin\u012f.<\/li>\n<\/ul>\n<\/li>\n<li><strong>Cilindro prailginimas:<\/strong>\n<ul>\n<li>Kai \u012f cilindr\u0105 tiekiamas hidraulinis skystis, jis patenka \u012f cilindro korpus\u0105 per \u012fleidimo ang\u0105.<\/li>\n<li>Sl\u0117ginis skystis spaud\u017eia st\u016bmokl\u012f, tod\u0117l jis juda norima kryptimi (paprastai i\u0161tiesdamas st\u016bmoklio kot\u0105).<\/li>\n<li>Did\u0117jant skys\u010dio sl\u0117giui, jis \u012fveikia st\u016bmoklio pasiprie\u0161inim\u0105 arba apkrov\u0105, tod\u0117l st\u016bmoklio kotas pailg\u0117ja.<\/li>\n<\/ul>\n<\/li>\n<li><strong>Sandarinimo mechanizmas:<\/strong>\n<ul>\n<li>Cilindro korpusas yra sandarus, kad b\u016bt\u0173 i\u0161vengta skys\u010dio nuot\u0117kio. Paprastai aplink st\u016bmokl\u012f ir st\u016bmoklio kot\u0105 yra sandarikliai, pvz., O formos \u017eiedai arba l\u016bp\u0173 sandarikliai.<\/li>\n<li>\u0160ie sandarikliai u\u017etikrina, kad susl\u0117gtas skystis veikt\u0173 tik vienoje st\u016bmoklio pus\u0117je, sukurdamas sl\u0117gio disbalans\u0105, kuris stumia st\u016bmokl\u012f norima kryptimi.<\/li>\n<\/ul>\n<\/li>\n<li><strong>Gr\u012f\u017eimo sm\u016bgis:<\/strong>\n<ul>\n<li>Po prailginimo eigos hidraulinis skystis i\u0161leid\u017eiamas arba i\u0161leid\u017eiamas i\u0161 cilindro.<\/li>\n<li>Hidraulin\u0117 sistema gali naudoti gravitacij\u0105, spyruokl\u0119 arba i\u0161orin\u0119 j\u0117g\u0105, kad st\u016bmoklis ir st\u016bmoklio kotas b\u016bt\u0173 atitraukti \u012f pradin\u0119 pad\u0117t\u012f.<\/li>\n<li>Gr\u012f\u017etamosios eigos metu hidraulinis skystis i\u0161 cilindro i\u0161teka per i\u0161leidimo ang\u0105.<\/li>\n<\/ul>\n<\/li>\n<li><strong>Apkrovos palaikymas:<\/strong>\n<ul>\n<li>Hidraulinio cilindro st\u016bmoklio kotas da\u017enai yra prijungtas prie apkrovos arba mechanizmo, kuriam reikalingas tiesinis jud\u0117jimas arba j\u0117ga.<\/li>\n<li>St\u016bmokliui i\u0161siki\u0161ant arba atsitraukiant, jis sukuria reikiam\u0105 j\u0117g\u0105 kroviniui perkelti arba i\u0161laikyti.<\/li>\n<\/ul>\n<\/li>\n<li><strong>Valdymas ir vo\u017etuvai:<\/strong>\n<ul>\n<li>Norint valdyti vienpusio hidraulinio cilindro i\u0161pl\u0117tim\u0105 ir \u012ftraukim\u0105, hidraulin\u0117je sistemoje yra vo\u017etuvai, tokie kaip atbuliniai vo\u017etuvai arba kryptiniai valdymo vo\u017etuvai.<\/li>\n<li>\u0160ie vo\u017etuvai reguliuoja hidraulinio skys\u010dio sraut\u0105, leisdami jam patekti \u012f cilindr\u0105 ir i\u0161eiti i\u0161 jo norima kryptimi.<\/li>\n<\/ul>\n<\/li>\n<li><strong>Taikymo ypatumai:<\/strong>\n<ul>\n<li>Vienkryp\u010diai hidrauliniai cilindrai da\u017eniausiai naudojami tais atvejais, kai j\u0117ga ar judesys reikalingas tik viena kryptimi, pavyzd\u017eiui, k\u0117limui, st\u016bmimui ar prispaudimui.<\/li>\n<li>Jie da\u017enai randami hidrauliniuose k\u0117likliuose, hidrauliniuose presuose, savivar\u010diuose ir \u012fvairioje kitoje pramonin\u0117je bei mobiliojoje \u012frangoje.<\/li>\n<\/ul>\n<\/li>\n<\/ol>\n<h2><strong>Gamyklos paj\u0117gumai ir talpa:<\/strong><\/h2>\n<h3>(1) Surinkimas<\/h3>\n<p>Turime pirmos klas\u0117s nepriklausom\u0105 tyrim\u0173 ir pl\u0117tros surinkimo platform\u0105. Hidraulini\u0173 cilindr\u0173 gamybos ceche yra keturios pusiau automatin\u0117s k\u0117limo cilindr\u0173 surinkimo linijos ir viena automatin\u0117 pakreipimo cilindr\u0173 surinkimo linija, kuri\u0173 projektinis metinis gamybos paj\u0117gumas yra 1 milijonas vienet\u0173. Speciali\u0173j\u0173 cilindr\u0173 ceche \u012frengta \u012fvairi\u0173 specifikacij\u0173 pusiau automatin\u0117 valymo surinkimo sistema, kurios projektinis metinis gamybos paj\u0117gumas yra 200 000 vienet\u0173, ir garsi CNC apdirbimo \u012franga, apdirbimo centras, didelio tikslumo cilindr\u0173 apdirbimo speciali \u012franga, robotinis suvirinimo aparatas, automatinis valymo aparatas, automatinis cilindr\u0173 surinkimo aparatas ir automatin\u0117 da\u017eymo gamybos linija. Esama daugiau nei 300 rinkini\u0173 (komplekt\u0173) kritin\u0117 \u012franga. Optimalus \u012frangos i\u0161tekli\u0173 paskirstymas ir efektyvus naudojimas u\u017etikrina gamini\u0173 tikslumo reikalavimus ir auk\u0161tus gamini\u0173 kokyb\u0117s poreikius.<\/p>\n<p><img loading=\"lazy\" decoding=\"async\" class=\"alignnone wp-image-626\" src=\"https:\/\/hydraulic-cylinders.net\/wp-content\/uploads\/2023\/08\/hydraulic-cylinder-product-1-300x158.webp\" alt=\"\" width=\"495\" height=\"260\" srcset=\"https:\/\/hydraulic-cylinders.net\/wp-content\/uploads\/2023\/08\/hydraulic-cylinder-product-1-300x158.webp 495w, https:\/\/hydraulic-cylinders.net\/wp-content\/uploads\/2023\/08\/hydraulic-cylinder-product-1-480x252.webp 480w\" sizes=\"(min-width: 0px) and (max-width: 480px) 480px, (min-width: 481px) 495px, 100vw\" \/> <img loading=\"lazy\" decoding=\"async\" class=\"alignnone wp-image-627\" src=\"https:\/\/hydraulic-cylinders.net\/wp-content\/uploads\/2023\/08\/hydraulic-cylinder-product-2-300x189.webp\" alt=\"\" width=\"413\" height=\"260\" \/><\/p>\n<h3>(2) Apdirbimas<\/h3>\n<p>Mechaninio apdirbimo ceche \u012frengtas pritaikytas nuo\u017eulnaus b\u0117gio tekinimo centras, apdirbimo centras, greitaeigis galandimo stakl\u0117s, suvirinimo robotas ir kita susijusi \u012franga, galinti apdirbti cilindrinius vamzd\u017eius, kuri\u0173 maksimalus vidinis skersmuo yra 400 mm, o maksimalus ilgis \u2013 6 metrai.<\/p>\n<p><img loading=\"lazy\" decoding=\"async\" class=\"alignnone wp-image-628 size-large\" src=\"https:\/\/hydraulic-cylinders.net\/wp-content\/uploads\/2023\/08\/hydraulic-cylinder-product-3-1024x391.webp\" alt=\"\" width=\"1024\" height=\"391\" srcset=\"https:\/\/hydraulic-cylinders.net\/wp-content\/uploads\/2023\/08\/hydraulic-cylinder-product-3-980x374.webp 980w, https:\/\/hydraulic-cylinders.net\/wp-content\/uploads\/2023\/08\/hydraulic-cylinder-product-3-480x183.webp 480w\" sizes=\"(min-width: 0px) and (max-width: 480px) 480px, (min-width: 481px) and (max-width: 980px) 980px, (min-width: 981px) 1024px, 100vw\" \/><\/p>\n<h3>(3) Suvirinimas<\/h3>\n<p><img loading=\"lazy\" decoding=\"async\" class=\"alignnone wp-image-629 size-large\" src=\"https:\/\/hydraulic-cylinders.net\/wp-content\/uploads\/2023\/08\/hydraulic-cylinder-product-4-1024x510.webp\" alt=\"\" width=\"1024\" height=\"510\" srcset=\"https:\/\/hydraulic-cylinders.net\/wp-content\/uploads\/2023\/08\/hydraulic-cylinder-product-4-980x488.webp 980w, https:\/\/hydraulic-cylinders.net\/wp-content\/uploads\/2023\/08\/hydraulic-cylinder-product-4-480x239.webp 480w\" sizes=\"(min-width: 0px) and (max-width: 480px) 480px, (min-width: 481px) and (max-width: 980px) 980px, (min-width: 981px) 1024px, 100vw\" \/><\/p>\n<h3>(4) Da\u017eymas ir dengimas<\/h3>\n<p>Su ma\u017eomis ir vidutinio dyd\u017eio cilindrin\u0117mis automatin\u0117mis vandens pagrindo da\u017e\u0173 dengimo linijomis, siekiant automatinio robot\u0173 pakrovimo ir i\u0161krovimo bei automatinio pur\u0161kimo, projektinis paj\u0117gumas yra 4000 vienet\u0173 per pamain\u0105;<br \/>\nTaip pat turime pusiau automatin\u0119 dideli\u0173 cilindr\u0173 da\u017e\u0173 gamybos linij\u0105, varom\u0105 grandin\u0117s, kurios projektinis na\u0161umas yra 60 d\u0117\u017ei\u0173 per pamain\u0105.<\/p>\n<p><img loading=\"lazy\" decoding=\"async\" class=\"alignnone wp-image-630\" src=\"https:\/\/hydraulic-cylinders.net\/wp-content\/uploads\/2023\/08\/hydraulic-cylinder-product-5-300x213.webp\" alt=\"\" width=\"366\" height=\"260\" \/> <img loading=\"lazy\" decoding=\"async\" class=\"alignnone wp-image-631\" src=\"https:\/\/hydraulic-cylinders.net\/wp-content\/uploads\/2023\/08\/hydraulic-cylinder-product-6-300x225.webp\" alt=\"\" width=\"347\" height=\"260\" \/><\/p>\n<h3>(5) Testavimas<\/h3>\n<p>Turime auk\u0161\u010diausios klas\u0117s patikros patalpas ir bandym\u0173 stendus, kad u\u017etikrintume, jog baliono veikimas atitinka reikalavimus.<\/p>\n<p><img loading=\"lazy\" decoding=\"async\" class=\"alignnone wp-image-632\" src=\"https:\/\/hydraulic-cylinders.net\/wp-content\/uploads\/2023\/08\/hydraulic-cylinder-product-8-300x200.webp\" alt=\"\" width=\"389\" height=\"260\" \/><\/p>\n<p>&nbsp;<\/p>\n<p>&nbsp;<\/p>\n<p>Esame vienas geriausi\u0173 metalurgini\u0173 hidraulini\u0173 cilindr\u0173 gamintoj\u0173. Galime pasi\u016blyti plat\u0173 metalurgini\u0173 hidraulini\u0173 cilindr\u0173 asortiment\u0105. Taip pat teikiame atitinkamas paslaugas. <a href=\"https:\/\/hzpt.com\/agricultural-pto-gearbox\/\" target=\"_blank\" rel=\"noopener\">\u017eem\u0117s \u016bkio pavar\u0173 d\u0117\u017e\u0117s<\/a>Mes eksportuojame savo gaminius klientams visame pasaulyje ir peln\u0117me ger\u0105 reputacij\u0105 d\u0117l auk\u0161\u010diausios gamini\u0173 kokyb\u0117s ir aptarnavimo po pardavimo. Mes laukiame klient\u0173 \u0161alyje ir u\u017esienyje, norin\u010di\u0173 susisiekti su mumis der\u0117tis d\u0117l verslo, keistis informacija ir... <a href=\"https:\/\/www.hydraulic-cylinders.net\/lt\/contact-us\/\">bendradarbiauti su mumis<\/a>!<\/p>\n<h2><\/h2>\n<h2><\/h2>","protected":false},"excerpt":{"rendered":"<p>Y-HG1 Noraml Metallurgical Hydraulic Cylinder The Y-HG1 metallurgical hydraulic cylinder is a state-of-the-art hydraulic component specifically designed to meet the demanding requirements of metallurgical applications. With its advanced features, robust construction, and exceptional performance, the Y-HG1 metallurgical hydraulic cylinder offers precise control, durability, and reliability in the rigorous environments of steel mills, foundries, and other [&hellip;]<\/p>","protected":false},"featured_media":1217,"comment_status":"open","ping_status":"closed","template":"","meta":{"_et_pb_use_builder":"","_et_pb_old_content":"","_et_gb_content_width":""},"product_brand":[],"product_cat":[1376,1550,1524],"product_tag":[1380],"class_list":{"0":"post-1213","1":"product","2":"type-product","3":"status-publish","4":"has-post-thumbnail","6":"product_cat-hydraulic-cylinder","7":"product_cat-double-acting-hydraulic-cylinder","8":"product_cat-steel-mill-hydraulic-cylinders","9":"product_tag-hydraulic-cylinder","11":"first","12":"instock","13":"shipping-taxable","14":"product-type-simple"},"amp_enabled":true,"_links":{"self":[{"href":"https:\/\/www.hydraulic-cylinders.net\/lt\/wp-json\/wp\/v2\/product\/1213","targetHints":{"allow":["GET"]}}],"collection":[{"href":"https:\/\/www.hydraulic-cylinders.net\/lt\/wp-json\/wp\/v2\/product"}],"about":[{"href":"https:\/\/www.hydraulic-cylinders.net\/lt\/wp-json\/wp\/v2\/types\/product"}],"replies":[{"embeddable":true,"href":"https:\/\/www.hydraulic-cylinders.net\/lt\/wp-json\/wp\/v2\/comments?post=1213"}],"wp:featuredmedia":[{"embeddable":true,"href":"https:\/\/www.hydraulic-cylinders.net\/lt\/wp-json\/wp\/v2\/media\/1217"}],"wp:attachment":[{"href":"https:\/\/www.hydraulic-cylinders.net\/lt\/wp-json\/wp\/v2\/media?parent=1213"}],"wp:term":[{"taxonomy":"product_brand","embeddable":true,"href":"https:\/\/www.hydraulic-cylinders.net\/lt\/wp-json\/wp\/v2\/product_brand?post=1213"},{"taxonomy":"product_cat","embeddable":true,"href":"https:\/\/www.hydraulic-cylinders.net\/lt\/wp-json\/wp\/v2\/product_cat?post=1213"},{"taxonomy":"product_tag","embeddable":true,"href":"https:\/\/www.hydraulic-cylinders.net\/lt\/wp-json\/wp\/v2\/product_tag?post=1213"}],"curies":[{"name":"wp","href":"https:\/\/api.w.org\/{rel}","templated":true}]}}