{"id":1243,"date":"2023-09-14T08:24:48","date_gmt":"2023-09-14T08:24:48","guid":{"rendered":"https:\/\/hydraulic-cylinders.net\/?post_type=product&#038;p=1243"},"modified":"2025-04-11T05:26:12","modified_gmt":"2025-04-11T05:26:12","slug":"hroc-single-trunnion-type-circular-hydraulic-cylinder","status":"publish","type":"product","link":"https:\/\/www.hydraulic-cylinders.net\/lt\/produktas\/hroc-single-trunnion-type-circular-hydraulic-cylinder\/","title":{"rendered":"HROC vieno kamieno tipo \u017eiedinis hidraulinis cilindras"},"content":{"rendered":"<h1 style=\"text-align: center;\"><strong>HROC vieno kamieno tipo \u017eiedinis hidraulinis cilindras<\/strong><\/h1>\n<p>The HROC single trunnion type circular hydraulic cylinder is a cutting-edge hydraulic element designed to provide reliable and efficient power transmission for a variety of industrial applications. With its innovative design and superior performance, this hydraulic cylinder offers precise control, durability, and versatility. Whether in manufacturing, construction, or material handling, HROC single trunnion-type cylinders are designed to optimize the hydraulic operation and increase productivity.<\/p>\n<p>HRO serijos apvalus cilindras saugus ir stabilus, na\u0161us, lengvai pri\u017ei\u016brimas, gra\u017eios i\u0161vaizdos, auk\u0161tos kokyb\u0117s, tinka vis\u0173 r\u016b\u0161i\u0173 presams.<\/p>\n<p><img loading=\"lazy\" decoding=\"async\" class=\"wp-image-1244 aligncenter\" src=\"https:\/\/hydraulic-cylinders.net\/wp-content\/uploads\/2023\/09\/hro-circular-hydraulic-cylinder-7-1-300x300.webp\" alt=\"\" width=\"400\" height=\"400\" \/><\/p>\n<h2><strong>HROA tipo apskrito hidraulinio cilindro charakteristikos duomenys:<\/strong><\/h2>\n<p><img loading=\"lazy\" decoding=\"async\" class=\"alignnone wp-image-1245 size-full\" src=\"https:\/\/hydraulic-cylinders.net\/wp-content\/uploads\/2023\/09\/hro-circular-hydraulic-cylinder-1-1-1-1.webp\" alt=\"\" width=\"1428\" height=\"436\" srcset=\"https:\/\/hydraulic-cylinders.net\/wp-content\/uploads\/2023\/09\/hro-circular-hydraulic-cylinder-1-1-1-1.webp 1428w, https:\/\/hydraulic-cylinders.net\/wp-content\/uploads\/2023\/09\/hro-circular-hydraulic-cylinder-1-1-1-1-1280x391.webp 1280w, https:\/\/hydraulic-cylinders.net\/wp-content\/uploads\/2023\/09\/hro-circular-hydraulic-cylinder-1-1-1-1-980x299.webp 980w, https:\/\/hydraulic-cylinders.net\/wp-content\/uploads\/2023\/09\/hro-circular-hydraulic-cylinder-1-1-1-1-480x147.webp 480w\" sizes=\"(min-width: 0px) and (max-width: 480px) 480px, (min-width: 481px) and (max-width: 980px) 980px, (min-width: 981px) and (max-width: 1280px) 1280px, (min-width: 1281px) 1428px, 100vw\" \/><\/p>\n<h2><strong>HROA tipo apskrito hidraulinio cilindro strukt\u016bros schema:<\/strong><\/h2>\n<p><img loading=\"lazy\" decoding=\"async\" class=\"alignnone wp-image-1246 size-full\" src=\"https:\/\/hydraulic-cylinders.net\/wp-content\/uploads\/2023\/09\/hro-circular-hydraulic-cylinder-2-1-1.webp\" alt=\"\" width=\"1404\" height=\"889\" srcset=\"https:\/\/hydraulic-cylinders.net\/wp-content\/uploads\/2023\/09\/hro-circular-hydraulic-cylinder-2-1-1.webp 1404w, https:\/\/hydraulic-cylinders.net\/wp-content\/uploads\/2023\/09\/hro-circular-hydraulic-cylinder-2-1-1-1280x810.webp 1280w, https:\/\/hydraulic-cylinders.net\/wp-content\/uploads\/2023\/09\/hro-circular-hydraulic-cylinder-2-1-1-980x621.webp 980w, https:\/\/hydraulic-cylinders.net\/wp-content\/uploads\/2023\/09\/hro-circular-hydraulic-cylinder-2-1-1-480x304.webp 480w\" sizes=\"(min-width: 0px) and (max-width: 480px) 480px, (min-width: 481px) and (max-width: 980px) 980px, (min-width: 981px) and (max-width: 1280px) 1280px, (min-width: 1281px) 1404px, 100vw\" \/><\/p>\n<h2><strong>HROC Single Trunnion Type Circular Hydraulic Cylinder Parameter:<img loading=\"lazy\" decoding=\"async\" class=\"alignnone wp-image-1247 size-full\" src=\"https:\/\/hydraulic-cylinders.net\/wp-content\/uploads\/2023\/09\/hro-circular-hydraulic-cylinder-7.webp\" alt=\"\" width=\"1450\" height=\"1143\" srcset=\"https:\/\/hydraulic-cylinders.net\/wp-content\/uploads\/2023\/09\/hro-circular-hydraulic-cylinder-7.webp 1450w, https:\/\/hydraulic-cylinders.net\/wp-content\/uploads\/2023\/09\/hro-circular-hydraulic-cylinder-7-1280x1009.webp 1280w, https:\/\/hydraulic-cylinders.net\/wp-content\/uploads\/2023\/09\/hro-circular-hydraulic-cylinder-7-980x773.webp 980w, https:\/\/hydraulic-cylinders.net\/wp-content\/uploads\/2023\/09\/hro-circular-hydraulic-cylinder-7-480x378.webp 480w\" sizes=\"(min-width: 0px) and (max-width: 480px) 480px, (min-width: 481px) and (max-width: 980px) 980px, (min-width: 981px) and (max-width: 1280px) 1280px, (min-width: 1281px) 1450px, 100vw\" \/>\u00a0<\/strong><\/h2>\n<h2><strong>HROC vieno kamieno tipo \u017eiedinis hidraulinis cilindras <\/strong><strong>I\u0161orinio danties tipo specifikacijos lapas:<\/strong><\/h2>\n<h2><strong><img loading=\"lazy\" decoding=\"async\" class=\"alignnone wp-image-1248 size-full\" src=\"https:\/\/hydraulic-cylinders.net\/wp-content\/uploads\/2023\/09\/hro-circular-hydraulic-cylinder-8.webp\" alt=\"\" width=\"1448\" height=\"564\" srcset=\"https:\/\/hydraulic-cylinders.net\/wp-content\/uploads\/2023\/09\/hro-circular-hydraulic-cylinder-8.webp 1448w, https:\/\/hydraulic-cylinders.net\/wp-content\/uploads\/2023\/09\/hro-circular-hydraulic-cylinder-8-1280x499.webp 1280w, https:\/\/hydraulic-cylinders.net\/wp-content\/uploads\/2023\/09\/hro-circular-hydraulic-cylinder-8-980x382.webp 980w, https:\/\/hydraulic-cylinders.net\/wp-content\/uploads\/2023\/09\/hro-circular-hydraulic-cylinder-8-480x187.webp 480w\" sizes=\"(min-width: 0px) and (max-width: 480px) 480px, (min-width: 481px) and (max-width: 980px) 980px, (min-width: 981px) and (max-width: 1280px) 1280px, (min-width: 1281px) 1448px, 100vw\" \/><\/strong><\/h2>\n<h2><strong>HROC vieno kamieno tipo \u017eiedinis hidraulinis cilindras <\/strong><strong>Naudojimo metodas<\/strong><strong>:<\/strong><\/h2>\n<ol>\n<li><strong>Montavimas ir \u012frengimas:<\/strong>\n<ul>\n<li>Determine the appropriate installation location for HROC single trunnion cylinders based on the specific requirements of your equipment or machine.<\/li>\n<li>Ensure that the mounting surface is firm level and can safely support the weight and load of the cylinder.<\/li>\n<\/ul>\n<\/li>\n<li><strong>Hidraulin\u0117s sistemos prijungimas:<\/strong>\n<ul>\n<li>Prijunkite hidraulin\u012f cilindr\u0105 prie hidraulin\u0117s sistemos naudodami suderinam\u0105 hidraulin\u0119 \u017earn\u0105 arba vamzd\u012f.<\/li>\n<li>U\u017etikrinkite tinkam\u0105 sulygiavim\u0105 ir tvirtas jungtis, kad i\u0161vengtum\u0117te nuot\u0117ki\u0173 ir u\u017etikrintum\u0117te optimal\u0173 veikim\u0105.<\/li>\n<\/ul>\n<\/li>\n<li><strong>Cilindro valdymas:<\/strong>\n<ul>\n<li>Start the hydraulic system and start the movement of the HROC single trunnion cylinder.<\/li>\n<li>The hydraulic control system precisely controls the cylinder extension, retraction, and positioning to achieve efficient operation.<\/li>\n<\/ul>\n<\/li>\n<\/ol>\n<h2><strong>HROC vieno kamieno tipo \u017eiedinis hidraulinis cilindras <\/strong><strong>Charakteristikos<\/strong><strong>:<\/strong><\/h2>\n<ul>\n<li><strong>Novatori\u0161kas dizainas:<\/strong>\u00a0 The HROC single trunnion-type cylinder features a state-of-the-art design that maximizes performance, efficiency, and durability.<\/li>\n<li><strong>Tikslus valdymas:<\/strong>\u00a0 \u0160is hidraulinis cilindras u\u017etikrina puik\u0173 judesio ir pad\u0117ties valdym\u0105, tod\u0117l galima tiksliai ir efektyviai dirbti.<\/li>\n<li><strong>Didel\u0117 keliamoji galia:<\/strong>\u00a0 HROC single trunnion-type cylinders are designed to handle heavy loads and withstand demanding industrial applications.<\/li>\n<li><strong>Universalios taikymo sritys:<\/strong>\u00a0 Hidraulinis cilindras yra universalaus dizaino, tinkantis gamybai, statybai, med\u017eiag\u0173 tvarkymui ir kitoms pramon\u0117s \u0161akoms.<\/li>\n<li><strong>Patikimumas ir ilgaam\u017ei\u0161kumas:<\/strong>\u00a0 HROC single trunnion-type cylinders withstand harsh operating conditions, providing long-lasting performance and minimizing downtime.<\/li>\n<li><strong>Sklandus veikimas:<\/strong>\u00a0 Cilindras u\u017etikrina skland\u0173 ir patikim\u0105 veikim\u0105 bei suma\u017eina vibracij\u0105 ir triuk\u0161m\u0105 hidraulinio jud\u0117jimo metu.<\/li>\n<\/ul>\n<h2><strong>Ar sunku atkurti hidraulin\u012f cilindr\u0105?<\/strong><\/h2>\n<p>Hidraulinio cilindro atstatymas gali b\u016bti sud\u0117tinga u\u017eduotis, reikalaujanti mechanini\u0173 \u017eini\u0173, patirties ir tinkam\u0173 \u012franki\u0173. Proceso sud\u0117tingumo lygis gali skirtis priklausomai nuo konkretaus cilindro konstrukcijos ir b\u016bkl\u0117s. \u0160tai keli veiksniai, \u012f kuriuos reikia atsi\u017evelgti:<\/p>\n<ol>\n<li><strong>Kompetencija ir patirtis:<\/strong><br \/>\nRebuilding a hydraulic cylinder requires a good understanding of its components, functionality, and assembly. The process may be more manageable if you have experience working with hydraulic systems or have previously rebuilt hydraulic cylinders. However, seeking professional assistance or guidance is recommended if you&#8217;re new to hydraulic systems.<\/li>\n<li><strong>Cilindro konstrukcija:<\/strong><br \/>\nHidraulinio cilindro atstatymo sud\u0117tingumas gali priklausyti nuo jo konstrukcijos. Kai kurie cilindrai yra paprastesn\u0117s konstrukcijos ir turi ma\u017eiau vidini\u0173 komponent\u0173, tod\u0117l juos atstatyti yra santykinai lengviau. Ta\u010diau pa\u017eangesni metodai, pavyzd\u017eiui, turintys kelis etapus arba integruotas funkcijas, gali b\u016bti sud\u0117tingesni ir sunkiau i\u0161ardyti, u\u017esandarinti ir surinkti teisingai.<\/li>\n<li><strong>Cilindro b\u016bkl\u0117:<\/strong><br \/>\nBendra hidraulinio cilindro b\u016bkl\u0117 taip pat turi \u012ftakos atstatymo procesui. Jei cilindras yra smarkiai pa\u017eeistas, labai susid\u0117v\u0117j\u0119s ar korozijos paveiktas, gali prireikti papildomo remonto arba dali\u0173 keitimo, o tai gali dar labiau apsunkinti atstatym\u0105. I\u0161 anksto \u012fvertinus cilindro b\u016bkl\u0119, bus lengviau nustatyti reikaling\u0173 darb\u0173 lyg\u012f.<\/li>\n<li><strong>\u012erankiai ir \u012franga:<\/strong><br \/>\nRebuilding a hydraulic cylinder often requires specialized tools and equipment. These include hydraulic presses, seal installation tools, snap ring pliers, and torque wrenches. Having the necessary tools and knowing how to use them properly is crucial for a successful rebuild.<\/li>\n<li><strong>Sandariklio keitimas ir surinkimas:<\/strong><br \/>\nOne of the critical steps in rebuilding a hydraulic cylinder is replacing the seals. Ensuring the correct selection and installation of seals is essential for proper functioning and preventing leaks. It requires precision and attention to detail. Additionally, reassembling the cylinder components in the correct order and alignment is crucial for its optimal performance.<\/li>\n<li><strong>Testavimas ir patikrinimas:<\/strong><br \/>\nAtsta\u010dius hidraulin\u012f cilindr\u0105, b\u016btina atlikti i\u0161sam\u0173 bandym\u0105, siekiant u\u017etikrinti, kad jis veikt\u0173 taip, kaip numatyta. Tai gali apimti sl\u0117gio bandym\u0105, nuot\u0117ki\u0173 patikrinim\u0105 ir cilindro judesio diapazono bei veikimo patikrinim\u0105. Tinkamas bandymas padeda nustatyti problemas ir u\u017etikrina cilindro saugum\u0105 ir patikimum\u0105.<\/li>\n<\/ol>\n<h2><strong>Gamyklos paj\u0117gumai ir talpa:<\/strong><\/h2>\n<h3>(1) Surinkimas<\/h3>\n<p>Turime pirmos klas\u0117s nepriklausom\u0105 tyrim\u0173 ir pl\u0117tros surinkimo platform\u0105. Hidraulini\u0173 cilindr\u0173 gamybos ceche yra keturios pusiau automatin\u0117s k\u0117limo cilindr\u0173 surinkimo linijos ir viena automatin\u0117 pakreipimo cilindr\u0173 surinkimo linija, kuri\u0173 projektinis metinis gamybos paj\u0117gumas yra 1 milijonas vienet\u0173. Speciali\u0173j\u0173 cilindr\u0173 ceche \u012frengta \u012fvairi\u0173 specifikacij\u0173 pusiau automatin\u0117 valymo surinkimo sistema, kurios projektinis metinis gamybos paj\u0117gumas yra 200 000 vienet\u0173, ir garsi CNC apdirbimo \u012franga, apdirbimo centras, didelio tikslumo cilindr\u0173 apdirbimo speciali \u012franga, robotinis suvirinimo aparatas, automatinis valymo aparatas, automatinis cilindr\u0173 surinkimo aparatas ir automatin\u0117 da\u017eymo gamybos linija. Esama daugiau nei 300 rinkini\u0173 (komplekt\u0173) kritin\u0117 \u012franga. Optimalus \u012frangos i\u0161tekli\u0173 paskirstymas ir efektyvus naudojimas u\u017etikrina gamini\u0173 tikslumo reikalavimus ir auk\u0161tus gamini\u0173 kokyb\u0117s poreikius.<\/p>\n<p><img loading=\"lazy\" decoding=\"async\" class=\"alignnone wp-image-626\" src=\"https:\/\/hydraulic-cylinders.net\/wp-content\/uploads\/2023\/08\/hydraulic-cylinder-product-1-300x158.webp\" alt=\"\" width=\"495\" height=\"260\" srcset=\"https:\/\/hydraulic-cylinders.net\/wp-content\/uploads\/2023\/08\/hydraulic-cylinder-product-1-300x158.webp 495w, https:\/\/hydraulic-cylinders.net\/wp-content\/uploads\/2023\/08\/hydraulic-cylinder-product-1-480x252.webp 480w\" sizes=\"(min-width: 0px) and (max-width: 480px) 480px, (min-width: 481px) 495px, 100vw\" \/> <img loading=\"lazy\" decoding=\"async\" class=\"alignnone wp-image-627\" src=\"https:\/\/hydraulic-cylinders.net\/wp-content\/uploads\/2023\/08\/hydraulic-cylinder-product-2-300x189.webp\" alt=\"\" width=\"413\" height=\"260\" \/><\/p>\n<h3>(2) Apdirbimas<\/h3>\n<p>Mechaninio apdirbimo ceche \u012frengtas pritaikytas nuo\u017eulnaus b\u0117gio tekinimo centras, apdirbimo centras, greitaeigis galandimo stakl\u0117s, suvirinimo robotas ir kita susijusi \u012franga, galinti apdirbti cilindrinius vamzd\u017eius, kuri\u0173 maksimalus vidinis skersmuo yra 400 mm, o maksimalus ilgis \u2013 6 metrai.<\/p>\n<p><img loading=\"lazy\" decoding=\"async\" class=\"alignnone wp-image-628 size-large\" src=\"https:\/\/hydraulic-cylinders.net\/wp-content\/uploads\/2023\/08\/hydraulic-cylinder-product-3-1024x391.webp\" alt=\"\" width=\"1024\" height=\"391\" srcset=\"https:\/\/hydraulic-cylinders.net\/wp-content\/uploads\/2023\/08\/hydraulic-cylinder-product-3-980x374.webp 980w, https:\/\/hydraulic-cylinders.net\/wp-content\/uploads\/2023\/08\/hydraulic-cylinder-product-3-480x183.webp 480w\" sizes=\"(min-width: 0px) and (max-width: 480px) 480px, (min-width: 481px) and (max-width: 980px) 980px, (min-width: 981px) 1024px, 100vw\" \/><\/p>\n<h3>(3) Suvirinimas<\/h3>\n<p><img loading=\"lazy\" decoding=\"async\" class=\"alignnone wp-image-629 size-large\" src=\"https:\/\/hydraulic-cylinders.net\/wp-content\/uploads\/2023\/08\/hydraulic-cylinder-product-4-1024x510.webp\" alt=\"\" width=\"1024\" height=\"510\" srcset=\"https:\/\/hydraulic-cylinders.net\/wp-content\/uploads\/2023\/08\/hydraulic-cylinder-product-4-980x488.webp 980w, https:\/\/hydraulic-cylinders.net\/wp-content\/uploads\/2023\/08\/hydraulic-cylinder-product-4-480x239.webp 480w\" sizes=\"(min-width: 0px) and (max-width: 480px) 480px, (min-width: 481px) and (max-width: 980px) 980px, (min-width: 981px) 1024px, 100vw\" \/><\/p>\n<h3>(4) Da\u017eymas ir dengimas<\/h3>\n<p>Su ma\u017eomis ir vidutinio dyd\u017eio cilindrin\u0117mis automatin\u0117mis vandens pagrindo da\u017e\u0173 dengimo linijomis, siekiant automatinio robot\u0173 pakrovimo ir i\u0161krovimo bei automatinio pur\u0161kimo, projektinis paj\u0117gumas yra 4000 vienet\u0173 per pamain\u0105;<br \/>\nTaip pat turime pusiau automatin\u0119 dideli\u0173 cilindr\u0173 da\u017e\u0173 gamybos linij\u0105, varom\u0105 grandin\u0117s, kurios projektinis na\u0161umas yra 60 d\u0117\u017ei\u0173 per pamain\u0105.<\/p>\n<p><img loading=\"lazy\" decoding=\"async\" class=\"alignnone wp-image-630\" src=\"https:\/\/hydraulic-cylinders.net\/wp-content\/uploads\/2023\/08\/hydraulic-cylinder-product-5-300x213.webp\" alt=\"\" width=\"366\" height=\"260\" \/> <img loading=\"lazy\" decoding=\"async\" class=\"alignnone wp-image-631\" src=\"https:\/\/hydraulic-cylinders.net\/wp-content\/uploads\/2023\/08\/hydraulic-cylinder-product-6-300x225.webp\" alt=\"\" width=\"347\" height=\"260\" \/><\/p>\n<h3>(5) Testavimas<\/h3>\n<p>Turime auk\u0161\u010diausios klas\u0117s patikros patalpas ir bandym\u0173 stendus, kad u\u017etikrintume, jog baliono veikimas atitinka reikalavimus.<\/p>\n<p><img loading=\"lazy\" decoding=\"async\" class=\"alignnone wp-image-632\" src=\"https:\/\/hydraulic-cylinders.net\/wp-content\/uploads\/2023\/08\/hydraulic-cylinder-product-8-300x200.webp\" alt=\"\" width=\"389\" height=\"260\" \/><\/p>\n<p>&nbsp;<\/p>\n<p>&nbsp;<\/p>\n<p>Esame vienas geriausi\u0173 metalurgini\u0173 hidraulini\u0173 cilindr\u0173 gamintoj\u0173. Galime pasi\u016blyti plat\u0173 metalurgini\u0173 hidraulini\u0173 cilindr\u0173 asortiment\u0105. Taip pat teikiame atitinkamas paslaugas. <a href=\"https:\/\/hzpt.com\/agricultural-pto-gearbox\/\" target=\"_blank\" rel=\"noopener\">\u017eem\u0117s \u016bkio pavar\u0173 d\u0117\u017e\u0117s<\/a>Mes eksportuojame savo gaminius klientams visame pasaulyje ir peln\u0117me ger\u0105 reputacij\u0105 d\u0117l auk\u0161\u010diausios gamini\u0173 kokyb\u0117s ir aptarnavimo po pardavimo. Mes laukiame klient\u0173 \u0161alyje ir u\u017esienyje, norin\u010di\u0173 susisiekti su mumis der\u0117tis d\u0117l verslo, keistis informacija ir... <a href=\"https:\/\/www.hydraulic-cylinders.net\/lt\/contact-us\/\">bendradarbiauti su mumis<\/a>!<\/p>\n<h2><\/h2>\n<h2><\/h2>","protected":false},"excerpt":{"rendered":"<p>HROC Single Trunnion Type Circular Hydraulic Cylinder The HROC single trunnion type circular hydraulic cylinder is a cutting-edge hydraulic element designed to provide reliable and efficient power transmission for a variety of industrial applications. With its innovative design and superior performance, this hydraulic cylinder offers precise control, durability, and versatility. Whether in manufacturing, construction, or [&hellip;]<\/p>","protected":false},"featured_media":1258,"comment_status":"open","ping_status":"closed","template":"","meta":{"_et_pb_use_builder":"","_et_pb_old_content":"","_et_gb_content_width":""},"product_brand":[],"product_cat":[1526,1550,1376],"product_tag":[1380],"class_list":{"0":"post-1243","1":"product","2":"type-product","3":"status-publish","4":"has-post-thumbnail","6":"product_cat-assembly-line-hydraulic-cylinders","7":"product_cat-double-acting-hydraulic-cylinder","8":"product_cat-hydraulic-cylinder","9":"product_tag-hydraulic-cylinder","11":"first","12":"instock","13":"shipping-taxable","14":"product-type-simple"},"amp_enabled":true,"_links":{"self":[{"href":"https:\/\/www.hydraulic-cylinders.net\/lt\/wp-json\/wp\/v2\/product\/1243","targetHints":{"allow":["GET"]}}],"collection":[{"href":"https:\/\/www.hydraulic-cylinders.net\/lt\/wp-json\/wp\/v2\/product"}],"about":[{"href":"https:\/\/www.hydraulic-cylinders.net\/lt\/wp-json\/wp\/v2\/types\/product"}],"replies":[{"embeddable":true,"href":"https:\/\/www.hydraulic-cylinders.net\/lt\/wp-json\/wp\/v2\/comments?post=1243"}],"wp:featuredmedia":[{"embeddable":true,"href":"https:\/\/www.hydraulic-cylinders.net\/lt\/wp-json\/wp\/v2\/media\/1258"}],"wp:attachment":[{"href":"https:\/\/www.hydraulic-cylinders.net\/lt\/wp-json\/wp\/v2\/media?parent=1243"}],"wp:term":[{"taxonomy":"product_brand","embeddable":true,"href":"https:\/\/www.hydraulic-cylinders.net\/lt\/wp-json\/wp\/v2\/product_brand?post=1243"},{"taxonomy":"product_cat","embeddable":true,"href":"https:\/\/www.hydraulic-cylinders.net\/lt\/wp-json\/wp\/v2\/product_cat?post=1243"},{"taxonomy":"product_tag","embeddable":true,"href":"https:\/\/www.hydraulic-cylinders.net\/lt\/wp-json\/wp\/v2\/product_tag?post=1243"}],"curies":[{"name":"wp","href":"https:\/\/api.w.org\/{rel}","templated":true}]}}