{"id":1266,"date":"2023-09-15T07:54:55","date_gmt":"2023-09-15T07:54:55","guid":{"rendered":"https:\/\/hydraulic-cylinders.net\/?post_type=product&#038;p=1266"},"modified":"2025-04-11T05:25:56","modified_gmt":"2025-04-11T05:25:56","slug":"cx-series-homotaxial-compact-hydraulic-cylinder","status":"publish","type":"product","link":"https:\/\/www.hydraulic-cylinders.net\/lt\/produktas\/cx-series-homotaxial-compact-hydraulic-cylinder\/","title":{"rendered":"CX serijos homotaksinis kompakti\u0161kas hidraulinis cilindras"},"content":{"rendered":"<h1 style=\"text-align: center;\"><strong>CX serijos homotaksinis kompakti\u0161kas hidraulinis cilindras<\/strong><\/h1>\n<p>CX serijos homotaksinis kompakti\u0161kas hidraulinis cilindras yra pa\u017eangus hidraulinis komponentas, skirtas u\u017etikrinti efektyv\u0173 ir patikim\u0105 galios perdavim\u0105 \u012fvairiose pramon\u0117s srityse. D\u0117l kompakti\u0161ko dizaino, puiki\u0173 na\u0161um\u0173 ir patvarumo \u0161is hidraulinis cilindras pasi\u017eymi tiksliu valdymu ir universalumu. Nesvarbu, ar jis naudojamas gamyboje, med\u017eiag\u0173 tvarkyme, ar statybose, CX serijos homotaksinis kompakti\u0161kas hidraulinis cilindras yra sukurtas taip, kad optimizuot\u0173 hidraulines operacijas ir padidint\u0173 na\u0161um\u0105.<\/p>\n<p>CX serijos kompakti\u0161ki cilindrai naudojami cilindrams prispausti. J\u0173 montavimas yra nedidelis. M\u016bs\u0173 gamykla turi pa\u017eangi\u0105 hidraulin\u0119 \u012frang\u0105, \u012fskaitant vertikal\u0173 horizontal\u0173 apdirbimo centr\u0105, vidutinio dyd\u017eio ir didelius hidraulinius cilindrus. Plon\u0173 cilindr\u0173 gamybos technologija yra puiki.<\/p>\n<p><img loading=\"lazy\" decoding=\"async\" class=\"size-full wp-image-1267 aligncenter\" src=\"https:\/\/hydraulic-cylinders.net\/wp-content\/uploads\/2023\/09\/cx-compact-hydraulic-cylinder-6.webp\" alt=\"\" width=\"245\" height=\"245\" srcset=\"https:\/\/www.hydraulic-cylinders.net\/wp-content\/uploads\/2023\/09\/cx-compact-hydraulic-cylinder-6.webp 245w, https:\/\/www.hydraulic-cylinders.net\/wp-content\/uploads\/2023\/09\/cx-compact-hydraulic-cylinder-6-100x100.webp 100w, https:\/\/www.hydraulic-cylinders.net\/wp-content\/uploads\/2023\/09\/cx-compact-hydraulic-cylinder-6-150x150.webp 150w, https:\/\/www.hydraulic-cylinders.net\/wp-content\/uploads\/2023\/09\/cx-compact-hydraulic-cylinder-6-12x12.webp 12w\" sizes=\"(max-width: 245px) 100vw, 245px\" \/><\/p>\n<h2><strong>CX serijos homotaksinis kompakti\u0161kas hidraulinis cilindras, modelio apra\u0161ymas:<img loading=\"lazy\" decoding=\"async\" class=\"alignnone wp-image-1269 size-full\" src=\"https:\/\/hydraulic-cylinders.net\/wp-content\/uploads\/2023\/09\/cx-compact-hydraulic-cylinder-2.webp\" alt=\"\" width=\"730\" height=\"119\" srcset=\"https:\/\/hydraulic-cylinders.net\/wp-content\/uploads\/2023\/09\/cx-compact-hydraulic-cylinder-2.webp 730w, https:\/\/hydraulic-cylinders.net\/wp-content\/uploads\/2023\/09\/cx-compact-hydraulic-cylinder-2-480x78.webp 480w\" sizes=\"(min-width: 0px) and (max-width: 480px) 480px, (min-width: 481px) 730px, 100vw\" \/>\u00a0<\/strong><\/h2>\n<h2><strong>CX serijos homotaksinis kompakti\u0161kas hidraulinis cilindras <\/strong><strong>Savyb\u0117s<\/strong>:<\/h2>\n<h2><strong><img loading=\"lazy\" decoding=\"async\" class=\"alignnone wp-image-1270 size-full\" src=\"https:\/\/hydraulic-cylinders.net\/wp-content\/uploads\/2023\/09\/cx-compact-hydraulic-cylinder-3.webp\" alt=\"\" width=\"730\" height=\"87\" srcset=\"https:\/\/hydraulic-cylinders.net\/wp-content\/uploads\/2023\/09\/cx-compact-hydraulic-cylinder-3.webp 730w, https:\/\/hydraulic-cylinders.net\/wp-content\/uploads\/2023\/09\/cx-compact-hydraulic-cylinder-3-480x57.webp 480w\" sizes=\"(min-width: 0px) and (max-width: 480px) 480px, (min-width: 481px) 730px, 100vw\" \/>\u00a0<\/strong><\/h2>\n<h2><strong>CX serijos homotaksinis kompakti\u0161kas hidraulinis cilindras Parametras:<\/strong><\/h2>\n<h2><strong><img loading=\"lazy\" decoding=\"async\" class=\"alignnone wp-image-1271 size-full\" src=\"https:\/\/hydraulic-cylinders.net\/wp-content\/uploads\/2023\/09\/cx-compact-hydraulic-cylinder-4.webp\" alt=\"\" width=\"730\" height=\"878\" srcset=\"https:\/\/hydraulic-cylinders.net\/wp-content\/uploads\/2023\/09\/cx-compact-hydraulic-cylinder-4.webp 730w, https:\/\/hydraulic-cylinders.net\/wp-content\/uploads\/2023\/09\/cx-compact-hydraulic-cylinder-4-480x577.webp 480w\" sizes=\"(min-width: 0px) and (max-width: 480px) 480px, (min-width: 481px) 730px, 100vw\" \/><\/strong><\/h2>\n<h2><strong>CX serijos homotaksinis kompakti\u0161kas hidraulinis cilindras <\/strong><strong>Pagrindin\u0117s savyb\u0117s ir privalumai<\/strong><strong>:<\/strong><\/h2>\n<ol>\n<li><strong>Kompakti\u0161kas dizainas:<\/strong>\n<ul>\n<li>CX serijos koaksialiniai kompakti\u0161ki hidrauliniai cilindrai yra sukurti taip, kad u\u017eimt\u0173 minimali\u0105 viet\u0105, tod\u0117l idealiai tinka ten, kur montavimo vietos yra ribotos.<\/li>\n<li>D\u0117l kompakti\u0161ko dyd\u017eio j\u012f galima skland\u017eiai integruoti \u012f \u012fvairi\u0105 \u012frang\u0105 ir mechaninius parametrus.<\/li>\n<\/ul>\n<\/li>\n<li><strong>Tikslus valdymas:<\/strong>\n<ul>\n<li>\u0160is hidraulinis cilindras u\u017etikrina puik\u0173 judesio ir pad\u0117ties valdym\u0105, tod\u0117l galima tiksliai ir efektyviai dirbti.<\/li>\n<li>Tikslus valdymo mechanizmas u\u017etikrina skland\u0173 ir kontroliuojam\u0105 jud\u0117jim\u0105 bei pagerina bendr\u0105 gamybos efektyvum\u0105.<\/li>\n<\/ul>\n<\/li>\n<li><strong>Didelis na\u0161umas:<\/strong>\n<ul>\n<li>CX serijos koaksialinis kompakti\u0161kas hidraulinis cilindras u\u017etikrina didelio na\u0161umo galios perdavimo galimybes.<\/li>\n<li>Jis gali atlaikyti sunkius krovinius ir sud\u0117tingas pramonines s\u0105lygas, u\u017etikrindamas patikim\u0105 ir pastov\u0173 veikim\u0105.<\/li>\n<\/ul>\n<\/li>\n<li><strong>Universalios taikymo sritys:<\/strong>\n<ul>\n<li>CX serijos koaksialiniai kompakti\u0161ki hidrauliniai cilindrai yra skirti \u012fvairiems tikslams gamybos, med\u017eiag\u0173 tvarkymo, statybos ir kitose pramon\u0117s \u0161akose.<\/li>\n<li>Jis gali b\u016bti naudojamas \u012fvairiuose \u012frenginiuose, tokiuose kaip presai, kompaktoriai, krautuvai ir kt.<\/li>\n<\/ul>\n<\/li>\n<\/ol>\n<h2><strong>CX serijos homotaksinis kompakti\u0161kas hidraulinis cilindras <\/strong><strong>Naudojimo metodas<\/strong><strong>:<\/strong><\/h2>\n<ol>\n<li><strong>Montavimas ir \u012frengimas:<\/strong>\n<ul>\n<li>Nustatykite tinkam\u0105 CX serijos koaksialini\u0173 kompakti\u0161k\u0173 hidraulini\u0173 cilindr\u0173 montavimo viet\u0105 pagal konkre\u010dius j\u016bs\u0173 \u012frangos ar ma\u0161inos reikalavimus.<\/li>\n<li>\u012esitikinkite, kad tvirtinimo pavir\u0161ius yra tvirtas, lygus ir gali saugiai atlaikyti cilindro svor\u012f ir apkrov\u0105.<\/li>\n<\/ul>\n<\/li>\n<li><strong>Hidraulin\u0117s sistemos prijungimas:<\/strong>\n<ul>\n<li>Prijunkite hidraulin\u012f cilindr\u0105 prie hidraulin\u0117s sistemos naudodami suderinam\u0105 hidraulin\u0119 \u017earn\u0105 arba vamzd\u012f.<\/li>\n<li>Tinkamas i\u0161lyginimas ir tvirtos jungtys apsaugo nuo nuot\u0117ki\u0173 ir u\u017etikrina optimal\u0173 na\u0161um\u0105.<\/li>\n<\/ul>\n<\/li>\n<li><strong>Cilindro valdymas:<\/strong>\n<ul>\n<li>Paleiskite hidraulin\u0119 sistem\u0105 ir prad\u0117kite CX serijos koaksialinio kompakti\u0161ko hidraulinio cilindro jud\u0117jim\u0105.<\/li>\n<li>Hidraulin\u0117 valdymo sistema naudojama tiksliai valdyti cilindro i\u0161pl\u0117tim\u0105, \u012ftraukim\u0105 ir pad\u0117t\u012f, kad b\u016bt\u0173 pasiektas efektyvus veikimas.<\/li>\n<\/ul>\n<\/li>\n<\/ol>\n<h2><strong>Kaip nuimti hidraulin\u012f cilindr\u0105 nuo priekinio krautuvo?<\/strong><\/h2>\n<p>Hidraulinio cilindro nu\u0117mimas nuo frontalinio krautuvo reikalauja tinkamo pasiruo\u0161imo ir atsargumo. \u0160tai nuoseklus vadovas, kuris pad\u0117s jums atlikti \u0161\u012f proces\u0105:<\/p>\n<ol>\n<li><strong>U\u017etikrinkite saugum\u0105:<\/strong>\n<ul>\n<li>Prie\u0161 prad\u0117dami darb\u0105, pastatykite priekin\u012f krautuv\u0105 ant lygaus, stabilaus pavir\u0161iaus.<\/li>\n<li>\u012ejunkite stov\u0117jimo stabd\u012f ir i\u0161junkite varikl\u012f, kad i\u0161vengtum\u0117te atsitiktinio pajud\u0117jimo.<\/li>\n<\/ul>\n<\/li>\n<li><strong>Cilindro atpa\u017einimas:<\/strong>\n<ul>\n<li>Raskite hidraulin\u012f cilindr\u0105, kur\u012f reikia nuimti. Priklausomai nuo krautuvo konstrukcijos, cilindr\u0173 gali b\u016bti keli.<\/li>\n<\/ul>\n<\/li>\n<li><strong>Hidraulinio sl\u0117gio suma\u017einimas:<\/strong>\n<ul>\n<li>Kad i\u0161vengtum\u0117te staigaus sl\u0117gio suma\u017e\u0117jimo, i\u0161leiskite hidraulin\u012f sl\u0117g\u012f sistemoje. \u0160is \u017eingsnis yra labai svarbus saugumui.<\/li>\n<li>U\u017eveskite krautuvo varikl\u012f ir valdykite hidraulinius valdiklius, kad cilindro st\u016bmoklis b\u016bt\u0173 visi\u0161kai perkeltas viena kryptimi.<\/li>\n<li>I\u0161junkite varikl\u012f ir i\u0161leiskite likus\u012f sl\u0117g\u012f dar kart\u0105 \u012fjungdami valdiklius.<\/li>\n<\/ul>\n<\/li>\n<li><strong>Atjunkite hidraulines linijas:<\/strong>\n<ul>\n<li>Suraskite prie cilindro prijungtas hidraulines linijas. Paprastai bus tiekimo ir gr\u0105\u017einimo linijos.<\/li>\n<li>Po cilindru pad\u0117kite i\u0161leidimo ind\u0105, kad surinktum\u0117te bet kok\u012f hidraulinio skys\u010dio nuot\u0117k\u012f atjungimo metu.<\/li>\n<li>Atsargiai atjunkite hidraulines linijas nuo cilindro, naudodami tinkamus ver\u017eliarak\u010dius arba jungiam\u0105sias detales. B\u016bkite pasiruo\u0161\u0119 skys\u010dio i\u0161siliejimui.<\/li>\n<\/ul>\n<\/li>\n<li><strong>Cilindro palaikymas:<\/strong>\n<ul>\n<li>Kadangi hidrauliniai cilindrai gali b\u016bti sunk\u016bs, prie\u0161 juos nuimant b\u016btina juos paremti.<\/li>\n<li>Baliono svoriui tvirtai laikyti naudokite domkrat\u0105, kalad\u0117les ar bet koki\u0105 kit\u0105 stabili\u0105 atramin\u0119 konstrukcij\u0105.<\/li>\n<\/ul>\n<\/li>\n<li><strong>Nuimkite tvirtinimo var\u017etus:<\/strong>\n<ul>\n<li>Nustatykite tvirtinimo ta\u0161kus, kur cilindras pritvirtintas prie krautuvo r\u0117mo ar kit\u0173 komponent\u0173.<\/li>\n<li>Naudodami tinkamus \u012frankius, tokius kaip ver\u017eliarak\u010diai arba lizdai, nuimkite tvirtinimo var\u017etus arba kai\u0161\u010dius, kurie tvirtina cilindr\u0105.<\/li>\n<li>Steb\u0117kite var\u017etus ir visas susijusias detales, kad gal\u0117tum\u0117te jas v\u0117l sumontuoti.<\/li>\n<\/ul>\n<\/li>\n<li><strong>Atsargiai nuimkite cilindr\u0105:<\/strong>\n<ul>\n<li>Atjung\u0119 hidraulines linijas ir i\u0161\u0117m\u0119 tvirtinimo var\u017etus, l\u0117tai ir atsargiai pastumkite arba pakelkite cilindr\u0105 i\u0161 jo tvirtinimo vietos.<\/li>\n<li>Kad i\u0161vengtum\u0117te nelaiming\u0173 atsitikim\u0173 ar su\u017ealojim\u0173 i\u0161imant, atkreipkite d\u0117mes\u012f \u012f cilindro svor\u012f ir dyd\u012f.<\/li>\n<\/ul>\n<\/li>\n<li><strong>Ap\u017ei\u016br\u0117kite ir saugokite:<\/strong>\n<ul>\n<li>I\u0161\u0117mus cilindr\u0105, patikrinkite, ar n\u0117ra koki\u0173 nors pa\u017eeidim\u0173, nuot\u0117ki\u0173 ar per didelio susid\u0117v\u0117jimo po\u017eymi\u0173. \u0160is \u012fvertinimas pad\u0117s nustatyti, ar cilindr\u0105 reikia remontuoti, ar pakeisti.<\/li>\n<li>I\u0161valykite cilindr\u0105 ir laikykite j\u012f \u0161varioje ir sausoje vietoje, kad i\u0161vengtum\u0117te u\u017eter\u0161imo ar tolesnio pa\u017eeidimo.<\/li>\n<\/ul>\n<\/li>\n<\/ol>\n<h2><strong>Kinijos hidraulini\u0173 cilindr\u0173 gamintojai:<\/strong><\/h2>\n<p>HZPT yra kompakti\u0161k\u0173 hidraulini\u0173 cilindr\u0173 tyrim\u0173 ir pl\u0117tros bei gamybos \u012fmon\u0117. Ji u\u017eima lyderio pozicijas Kinijos hidraulini\u0173 cilindr\u0173 rinkos segmente. 2020 m. jos vidaus rinkos dalis buvo apie 29%. Mes gaminame pramonini\u0173 transporto priemoni\u0173 kompakti\u0161kus hidraulinius cilindrus, k\u0117limo ma\u0161in\u0173 kompakti\u0161kus hidraulinius cilindrus, \u017eem\u0117s \u016bkio technikos hidraulinius cilindrus ir sanitarini\u0173 ma\u0161in\u0173 hidraulinius cilindrus.<\/p>\n<p>Turime auk\u0161\u010diausios klas\u0117s nepriklausom\u0105 surinkimo tyrim\u0173 ir pl\u0117tros platform\u0105. Kompakti\u0161koje hidraulini\u0173 cilindr\u0173 gamybos dirbtuv\u0117je yra keturios pusiau automatin\u0117s k\u0117limo cilindr\u0173 surinkimo linijos ir viena pilnai automatin\u0117 pakreipiam\u0173 cilindr\u0173 surinkimo linija, kuri\u0173 projektinis metinis gamybos paj\u0117gumas siekia 1 milijon\u0105 vienet\u0173; specialiose cilindr\u0173 dirbtuv\u0117se \u012frengtos \u012fvairi\u0173 specifikacij\u0173 pusiau automatin\u0117s valymo ir surinkimo sistemos, kuri\u0173 projektinis metinis gamybos paj\u0117gumas siekia 200 000 vienet\u0173. Joje yra garsi CNC apdirbimo \u012franga, apdirbimo centrai, speciali \u012franga didelio tikslumo cilindr\u0173 apdirbimui, robotiniai suvirinimo aparatai, automatiniai valymo aparatai, automatiniai cilindr\u0173 surinkimo aparatai ir automatin\u0117s da\u017eymo linijos. Turime daugiau nei 300 veikian\u010di\u0173 svarbiausi\u0173 \u012frengini\u0173 rinkini\u0173. Optimizuotas \u012frangos i\u0161tekli\u0173 paskirstymas ir efektyvus panaudojimas u\u017etikrina gamini\u0173 tikslumo reikalavimus ir auk\u0161tus gamini\u0173 kokyb\u0117s reikalavimus.<\/p>\n<table>\n<tbody>\n<tr>\n<td><img loading=\"lazy\" decoding=\"async\" class=\"size-large wp-image-315926 aligncenter\" src=\"https:\/\/hzpt.com\/wp-content\/uploads\/2023\/08\/China-Hydraulic-Cylinder-Manufacturers-1-1024x768.webp\" sizes=\"(min-width: 0px) and (max-width: 480px) 480px, (min-width: 481px) and (max-width: 980px) 980px, (min-width: 981px) 1024px, 100vw\" srcset=\"https:\/\/hzpt.com\/wp-content\/uploads\/2023\/08\/China-Hydraulic-Cylinder-Manufacturers-1-1024x768.webp 1024w, https:\/\/hzpt.com\/wp-content\/uploads\/2023\/08\/China-Hydraulic-Cylinder-Manufacturers-1-980x735.webp 980w, https:\/\/hzpt.com\/wp-content\/uploads\/2023\/08\/China-Hydraulic-Cylinder-Manufacturers-1-480x360.webp 480w\" alt=\"Kinijos hidraulini\u0173 cilindr\u0173 gamintojai\" width=\"1024\" height=\"768\" \/><\/td>\n<td><img loading=\"lazy\" decoding=\"async\" class=\"size-large wp-image-315927 aligncenter\" src=\"https:\/\/hzpt.com\/wp-content\/uploads\/2023\/08\/China-Hydraulic-Cylinder-Manufacturers-2-1024x768.webp\" sizes=\"(min-width: 0px) and (max-width: 480px) 480px, (min-width: 481px) and (max-width: 980px) 980px, (min-width: 981px) 1024px, 100vw\" srcset=\"https:\/\/hzpt.com\/wp-content\/uploads\/2023\/08\/China-Hydraulic-Cylinder-Manufacturers-2-1024x768.webp 1024w, https:\/\/hzpt.com\/wp-content\/uploads\/2023\/08\/China-Hydraulic-Cylinder-Manufacturers-2-980x735.webp 980w, https:\/\/hzpt.com\/wp-content\/uploads\/2023\/08\/China-Hydraulic-Cylinder-Manufacturers-2-480x360.webp 480w\" alt=\"Kinijos hidraulini\u0173 cilindr\u0173 gamintojai\" width=\"1024\" height=\"768\" \/><\/td>\n<\/tr>\n<\/tbody>\n<\/table>\n<p>&nbsp;<\/p>\n<p>&nbsp;<\/p>","protected":false},"excerpt":{"rendered":"<p>CX Series Homotaxial Compact Hydraulic Cylinder The CX series homotaxial compact hydraulic cylinder is a cutting-edge hydraulic component designed to provide efficient and reliable power transmission in a wide range of industrial applications. With its compact design, superior performance, and durability, this hydraulic cylinder offers precise control and versatility. Whether used in manufacturing, material handling, [&hellip;]<\/p>","protected":false},"featured_media":1268,"comment_status":"open","ping_status":"closed","template":"","meta":{"_et_pb_use_builder":"","_et_pb_old_content":"","_et_gb_content_width":""},"product_brand":[],"product_cat":[1526,1550,1376],"product_tag":[1380],"class_list":{"0":"post-1266","1":"product","2":"type-product","3":"status-publish","4":"has-post-thumbnail","6":"product_cat-assembly-line-hydraulic-cylinders","7":"product_cat-double-acting-hydraulic-cylinder","8":"product_cat-hydraulic-cylinder","9":"product_tag-hydraulic-cylinder","11":"first","12":"instock","13":"shipping-taxable","14":"product-type-simple"},"amp_enabled":true,"_links":{"self":[{"href":"https:\/\/www.hydraulic-cylinders.net\/lt\/wp-json\/wp\/v2\/product\/1266","targetHints":{"allow":["GET"]}}],"collection":[{"href":"https:\/\/www.hydraulic-cylinders.net\/lt\/wp-json\/wp\/v2\/product"}],"about":[{"href":"https:\/\/www.hydraulic-cylinders.net\/lt\/wp-json\/wp\/v2\/types\/product"}],"replies":[{"embeddable":true,"href":"https:\/\/www.hydraulic-cylinders.net\/lt\/wp-json\/wp\/v2\/comments?post=1266"}],"wp:featuredmedia":[{"embeddable":true,"href":"https:\/\/www.hydraulic-cylinders.net\/lt\/wp-json\/wp\/v2\/media\/1268"}],"wp:attachment":[{"href":"https:\/\/www.hydraulic-cylinders.net\/lt\/wp-json\/wp\/v2\/media?parent=1266"}],"wp:term":[{"taxonomy":"product_brand","embeddable":true,"href":"https:\/\/www.hydraulic-cylinders.net\/lt\/wp-json\/wp\/v2\/product_brand?post=1266"},{"taxonomy":"product_cat","embeddable":true,"href":"https:\/\/www.hydraulic-cylinders.net\/lt\/wp-json\/wp\/v2\/product_cat?post=1266"},{"taxonomy":"product_tag","embeddable":true,"href":"https:\/\/www.hydraulic-cylinders.net\/lt\/wp-json\/wp\/v2\/product_tag?post=1266"}],"curies":[{"name":"wp","href":"https:\/\/api.w.org\/{rel}","templated":true}]}}