{"id":1272,"date":"2023-09-15T08:13:33","date_gmt":"2023-09-15T08:13:33","guid":{"rendered":"https:\/\/hydraulic-cylinders.net\/?post_type=product&#038;p=1272"},"modified":"2025-04-11T05:25:53","modified_gmt":"2025-04-11T05:25:53","slug":"cx-series-biaxial-compact-hydraulic-cylinder","status":"publish","type":"product","link":"https:\/\/www.hydraulic-cylinders.net\/lt\/produktas\/cx-series-biaxial-compact-hydraulic-cylinder\/","title":{"rendered":"CX serijos dvia\u0161is kompakti\u0161kas hidraulinis cilindras"},"content":{"rendered":"<h1 style=\"text-align: center;\"><strong>CX serijos dvia\u0161is kompakti\u0161kas hidraulinis cilindras<\/strong><\/h1>\n<p>\u201eCx\u201c serijos dviej\u0173 a\u0161i\u0173 kompakti\u0161kas hidraulinis cilindras yra pa\u017eangus hidraulinis elementas, skirtas u\u017etikrinti efektyv\u0173 ir patikim\u0105 galios perdavim\u0105 \u012fvairioms pramon\u0117s reikm\u0117ms. D\u0117l savo kompakti\u0161kos konstrukcijos, puikaus na\u0161umo ir patvarumo \u0161is hidraulinis cilindras pasi\u017eymi tiksliu valdymu ir universalumu. Nesvarbu, ar jis naudojamas gamyboje, med\u017eiag\u0173 tvarkyme, ar statybose, \u201eCx\u201c serijos dviej\u0173 a\u0161i\u0173 kompakti\u0161ki hidrauliniai cilindrai yra sukurti taip, kad optimizuot\u0173 hidraulin\u012f veikim\u0105 ir padidint\u0173 na\u0161um\u0105.<\/p>\n<p>CX serijos kompakti\u0161ki cilindrai naudojami cilindrams prispausti. J\u0173 montavimas yra nedidelis. M\u016bs\u0173 gamykla turi pa\u017eangi\u0105 hidraulin\u0119 \u012frang\u0105, \u012fskaitant vertikal\u0173 ir horizontal\u0173 apdirbimo centr\u0105 bei vidutinio ir didelio dyd\u017eio hidraulinius cilindrus. Plon\u0173 cilindr\u0173 gamybos technologija yra puiki.<\/p>\n<p><img loading=\"lazy\" decoding=\"async\" class=\"wp-image-1275 aligncenter\" src=\"https:\/\/hydraulic-cylinders.net\/wp-content\/uploads\/2023\/09\/cx-compact-hydraulic-cylinder-1-300x300.webp\" alt=\"\" width=\"400\" height=\"400\" \/><\/p>\n<h2><strong>CX serijos dvia\u0161is kompakti\u0161kas hidraulinis cilindras, modelio apra\u0161ymas:<\/strong><\/h2>\n<p><img loading=\"lazy\" decoding=\"async\" class=\"alignnone size-full wp-image-323127\" src=\"https:\/\/hzpt.com\/wp-content\/uploads\/2023\/09\/cx-compact-hydraulic-cylinder-2.webp\" alt=\"\" width=\"730\" height=\"119\" \/><\/p>\n<h2><strong>CX serijos dvia\u0161is kompakti\u0161kas hidraulinis cilindras <\/strong><strong>Savyb\u0117s<\/strong>:<\/h2>\n<p><img loading=\"lazy\" decoding=\"async\" class=\"alignnone size-full wp-image-323128\" src=\"https:\/\/hzpt.com\/wp-content\/uploads\/2023\/09\/cx-compact-hydraulic-cylinder-3.webp\" alt=\"\" width=\"730\" height=\"87\" \/><\/p>\n<h2><strong>CX serijos dvia\u0161io kompakti\u0161ko hidraulinio cilindro parametras:<\/strong><\/h2>\n<p><img loading=\"lazy\" decoding=\"async\" class=\"alignnone wp-image-1274 size-full\" src=\"https:\/\/hydraulic-cylinders.net\/wp-content\/uploads\/2023\/09\/cx-compact-hydraulic-cylinder-5.webp\" alt=\"\" width=\"730\" height=\"871\" srcset=\"https:\/\/hydraulic-cylinders.net\/wp-content\/uploads\/2023\/09\/cx-compact-hydraulic-cylinder-5.webp 730w, https:\/\/hydraulic-cylinders.net\/wp-content\/uploads\/2023\/09\/cx-compact-hydraulic-cylinder-5-480x573.webp 480w\" sizes=\"(min-width: 0px) and (max-width: 480px) 480px, (min-width: 481px) 730px, 100vw\" \/><\/p>\n<h2><strong>CX serijos dvia\u0161is kompakti\u0161kas hidraulinis cilindras <\/strong><strong>Pagrindin\u0117s savyb\u0117s ir privalumai<\/strong><strong>:<\/strong><\/h2>\n<ol>\n<li><strong>Kompakti\u0161kas dizainas:<\/strong>\n<ul>\n<li>CX serijos dviej\u0173 a\u0161i\u0173 kompakti\u0161ki hidrauliniai cilindrai pasi\u017eymi viet\u0105 taupan\u010dia konstrukcija, tod\u0117l jie tinka naudoti ten, kur montavimo vietos ribotos.<\/li>\n<li>D\u0117l kompakti\u0161ko dyd\u017eio j\u012f lengva integruoti \u012f \u012fvairius \u012frenginio nustatymus, optimizuojant erdv\u0117s panaudojim\u0105.<\/li>\n<\/ul>\n<\/li>\n<li><strong>Tikslus valdymas:<\/strong>\n<ul>\n<li>\u0160is hidraulinis cilindras u\u017etikrina puik\u0173 judesio ir pad\u0117ties valdym\u0105, tod\u0117l galima tiksliai ir efektyviai dirbti.<\/li>\n<li>Tikslus valdymo mechanizmas u\u017etikrina skland\u0173 ir kontroliuojam\u0105 jud\u0117jim\u0105 bei pagerina bendr\u0105 gamybos efektyvum\u0105.<\/li>\n<\/ul>\n<\/li>\n<li><strong>Didelis na\u0161umas:<\/strong>\n<ul>\n<li>CX serijos kompakti\u0161ki dviej\u0173 a\u0161i\u0173 hidrauliniai cilindrai sukurti taip, kad u\u017etikrint\u0173 didelio na\u0161umo galios perdavimo galimybes.<\/li>\n<li>Jis gali atlaikyti sunkius krovinius ir sud\u0117tingas pramonines s\u0105lygas, u\u017etikrindamas patikim\u0105 ir pastov\u0173 veikim\u0105.<\/li>\n<\/ul>\n<\/li>\n<li><strong>Universalios taikymo sritys:<\/strong>\n<ul>\n<li>CX serijos dviej\u0173 a\u0161i\u0173 kompakti\u0161ki hidrauliniai cilindrai yra skirti \u012fvairioms pramon\u0117s \u0161akoms, \u012fskaitant gamyb\u0105, med\u017eiag\u0173 tvarkym\u0105 ir statyb\u0105.<\/li>\n<li>Jis gali b\u016bti naudojamas \u012fvairiuose \u012frenginiuose, tokiuose kaip presai, kompaktoriai, krautuvai ir kt.<\/li>\n<\/ul>\n<\/li>\n<\/ol>\n<h2><strong>CX serijos dvia\u0161is kompakti\u0161kas hidraulinis cilindras <\/strong><strong>Naudojimo metodas<\/strong><strong>:<\/strong><\/h2>\n<ol>\n<li><strong>Montavimas ir \u012frengimas:<\/strong>\n<ul>\n<li>Nustatykite tinkam\u0105 CX serijos dviej\u0173 a\u0161i\u0173 kompakti\u0161ko hidraulinio cilindro montavimo viet\u0105 pagal konkre\u010dius j\u016bs\u0173 \u012frangos ar ma\u0161inos reikalavimus.<\/li>\n<li>\u012esitikinkite, kad tvirtinimo pavir\u0161ius yra tvirtas, lygus ir gali saugiai atlaikyti cilindro svor\u012f ir apkrov\u0105.<\/li>\n<\/ul>\n<\/li>\n<li><strong>Hidraulin\u0117s sistemos prijungimas:<\/strong>\n<ul>\n<li>Prijunkite hidraulin\u012f cilindr\u0105 prie hidraulin\u0117s sistemos naudodami suderinam\u0105 hidraulin\u0119 \u017earn\u0105 arba vamzd\u012f.<\/li>\n<li>Tinkamas i\u0161lyginimas ir tvirtos jungtys apsaugo nuo nuot\u0117ki\u0173 ir u\u017etikrina optimal\u0173 na\u0161um\u0105.<\/li>\n<\/ul>\n<\/li>\n<li><strong>Cilindro valdymas:<\/strong>\n<ul>\n<li>Paleiskite hidraulin\u0119 sistem\u0105 ir prad\u0117kite CX serijos kompakti\u0161ko dviej\u0173 a\u0161i\u0173 hidraulinio cilindro jud\u0117jim\u0105.<\/li>\n<\/ul>\n<\/li>\n<\/ol>\n<h2><strong>Kaip pakeisti sandariklius hidrauliniame cilindre?<\/strong><\/h2>\n<p>Nor\u0117dami nuimti hidraulin\u012f cilindr\u0105 nuo k\u0117d\u0117s, atlikite \u0161iuos veiksmus:<\/p>\n<ol>\n<li><strong>Paruo\u0161kite darbo viet\u0105:<\/strong>\n<ul>\n<li>Atlaisvinkite erdv\u0119 aplink k\u0117d\u0119, kad sukurtum\u0117te saugi\u0105 ir neu\u017eblokuot\u0105 darbo viet\u0105.<\/li>\n<li>Ant grind\u0173 patieskite apsaugin\u0119 dang\u0105 arba audin\u012f, kad nepa\u017eeistum\u0117te k\u0117d\u0117s ar aplinkini\u0173 pavir\u0161i\u0173.<\/li>\n<\/ul>\n<\/li>\n<li><strong>Nuleiskite k\u0117d\u0119:<\/strong>\n<ul>\n<li>Nor\u0117dami nuleisti k\u0117d\u0119 \u012f \u017eemiausi\u0105 pad\u0117t\u012f, naudokite jos reguliavimo svirt\u012f arba valdymo mechanizm\u0105.<\/li>\n<li>\u0160is \u017eingsnis u\u017etikrina, kad cilindras b\u016bt\u0173 visi\u0161kai suspaustas, tod\u0117l j\u012f lengviau i\u0161imti.<\/li>\n<\/ul>\n<\/li>\n<li><strong>Cilindro radimas:<\/strong>\n<ul>\n<li>Nustatykite k\u0117d\u0117s hidraulin\u012f cilindr\u0105. Paprastai jis yra \u0161alia k\u0117d\u0117s pagrindo ir jungiamas prie s\u0117dyn\u0117s arba k\u0117d\u0117s mechanizmo.<\/li>\n<\/ul>\n<\/li>\n<li><strong>Nuimkite k\u0117d\u0117s s\u0117dyn\u0119:<\/strong>\n<ul>\n<li>Jei k\u0117d\u0117s s\u0117dyn\u0117 yra nuimama, suraskite tvirtinimo var\u017etus arba var\u017etus, kurie j\u0105 tvirtina prie cilindro arba k\u0117d\u0117s pagrindo.<\/li>\n<li>Var\u017etams ar ver\u017el\u0117ms atsukti naudokite tinkam\u0105 \u012frank\u012f, pvz., atsuktuv\u0105 arba ver\u017eliarakt\u012f.<\/li>\n<li>Pakelkite s\u0117dyn\u0119 nuo k\u0117d\u0117s, atidengdami hidraulin\u012f cilindr\u0105.<\/li>\n<\/ul>\n<\/li>\n<li><strong>Palaikykite pirminink\u0105:<\/strong>\n<ul>\n<li>Kadangi k\u0117d\u0117 be s\u0117dyn\u0117s bus nestabili, pasir\u016bpinkite atrama, kad ji neapvirst\u0173.<\/li>\n<li>Likusi\u0105 k\u0117d\u0117s konstrukcij\u0105 paremkite tvirtu daiktu, pavyzd\u017eiui, d\u0117\u017ee ar mediniu bloku.<\/li>\n<\/ul>\n<\/li>\n<li><strong>Atjunkite cilindr\u0105:<\/strong>\n<ul>\n<li>Patikrinkite hidraulinio cilindro ir k\u0117d\u0117s mechanizmo arba pagrindo jungties ta\u0161kus.<\/li>\n<li>Priklausomai nuo k\u0117d\u0117s konstrukcijos, galite rasti tvirtinimo laikiklius, spaustukus arba var\u017etus, tvirtinan\u010dius cilindr\u0105.<\/li>\n<li>Tinkamais \u012frankiais nuimkite visus cilindr\u0105 laikan\u010dius tvirtinimo elementus.<\/li>\n<li>Nu\u0117mus tvirtinimo detales, \u0161velniai patraukite arba pajudinkite cilindr\u0105, kad j\u012f atjungtum\u0117te nuo k\u0117d\u0117s.<\/li>\n<\/ul>\n<\/li>\n<li><strong>Cilindro keitimas arba utilizavimas:<\/strong>\n<ul>\n<li>Jei kei\u010diate hidraulin\u012f cilindr\u0105, \u012fsitikinkite, kad turite suderinam\u0105 pakaital\u0105, kuris atitinka senojo cilindro specifikacijas.<\/li>\n<li>Jei reikia, kreipkit\u0117s \u012f k\u0117d\u0117s gamintoj\u0105 arba specialist\u0105, kad gautum\u0117te tinkam\u0105 pakaitin\u012f cilindr\u0105.<\/li>\n<li>Jei utilizuojate cilindr\u0105, laikykit\u0117s vietini\u0173 tinkamo utilizavimo taisykli\u0173 ir gairi\u0173.<\/li>\n<\/ul>\n<\/li>\n<li><strong>Surinkite k\u0117d\u0119 i\u0161 naujo:<\/strong>\n<ul>\n<li>Pritvirtinkite k\u0117d\u0117s s\u0117dyn\u0119, sulygiuodami var\u017et\u0173 skyles ir pritvirtindami jas atitinkamais var\u017etais arba ver\u017el\u0117mis, jei nu\u0117m\u0117te k\u0117d\u0117s s\u0117dyn\u0119.<\/li>\n<li>Prie\u0161 v\u0117l naudodami k\u0117dut\u0119, \u012fsitikinkite, kad s\u0117dyn\u0117 yra tvirtai pritvirtinta ir stabili.<\/li>\n<\/ul>\n<\/li>\n<\/ol>\n<h2><strong>Gamyklos paj\u0117gumai ir talpa:<\/strong><\/h2>\n<h3>(1) Surinkimas<\/h3>\n<p>Turime pirmos klas\u0117s nepriklausom\u0105 tyrim\u0173 ir pl\u0117tros surinkimo platform\u0105. Hidraulini\u0173 cilindr\u0173 gamybos ceche yra keturios pusiau automatin\u0117s k\u0117limo cilindr\u0173 surinkimo linijos ir viena automatin\u0117 pakreipimo cilindr\u0173 surinkimo linija, kuri\u0173 projektinis metinis gamybos paj\u0117gumas yra 1 milijonas vienet\u0173. Speciali\u0173j\u0173 cilindr\u0173 ceche \u012frengta \u012fvairi\u0173 specifikacij\u0173 pusiau automatin\u0117 valymo surinkimo sistema, kurios projektinis metinis gamybos paj\u0117gumas yra 200 000 vienet\u0173, ir garsi CNC apdirbimo \u012franga, apdirbimo centras, didelio tikslumo cilindr\u0173 apdirbimo speciali \u012franga, robotinis suvirinimo aparatas, automatinis valymo aparatas, automatinis cilindr\u0173 surinkimo aparatas ir automatin\u0117 da\u017eymo gamybos linija. Esama daugiau nei 300 rinkini\u0173 (komplekt\u0173) kritin\u0117 \u012franga. Optimalus \u012frangos i\u0161tekli\u0173 paskirstymas ir efektyvus naudojimas u\u017etikrina gamini\u0173 tikslumo reikalavimus ir auk\u0161tus gamini\u0173 kokyb\u0117s poreikius.<\/p>\n<p><img loading=\"lazy\" decoding=\"async\" class=\"alignnone wp-image-626\" src=\"https:\/\/hydraulic-cylinders.net\/wp-content\/uploads\/2023\/08\/hydraulic-cylinder-product-1-300x158.webp\" alt=\"\" width=\"495\" height=\"260\" srcset=\"https:\/\/hydraulic-cylinders.net\/wp-content\/uploads\/2023\/08\/hydraulic-cylinder-product-1-300x158.webp 495w, https:\/\/hydraulic-cylinders.net\/wp-content\/uploads\/2023\/08\/hydraulic-cylinder-product-1-480x252.webp 480w\" sizes=\"(min-width: 0px) and (max-width: 480px) 480px, (min-width: 481px) 495px, 100vw\" \/> <img loading=\"lazy\" decoding=\"async\" class=\"alignnone wp-image-627\" src=\"https:\/\/hydraulic-cylinders.net\/wp-content\/uploads\/2023\/08\/hydraulic-cylinder-product-2-300x189.webp\" alt=\"\" width=\"413\" height=\"260\" \/><\/p>\n<h3>(2) Apdirbimas<\/h3>\n<p>Mechaninio apdirbimo ceche \u012frengtas pritaikytas nuo\u017eulnaus b\u0117gio tekinimo centras, apdirbimo centras, greitaeigis galandimo stakl\u0117s, suvirinimo robotas ir kita susijusi \u012franga, galinti apdirbti cilindrinius vamzd\u017eius, kuri\u0173 maksimalus vidinis skersmuo yra 400 mm, o maksimalus ilgis \u2013 6 metrai.<\/p>\n<p><img loading=\"lazy\" decoding=\"async\" class=\"alignnone wp-image-628 size-large\" src=\"https:\/\/hydraulic-cylinders.net\/wp-content\/uploads\/2023\/08\/hydraulic-cylinder-product-3-1024x391.webp\" alt=\"\" width=\"1024\" height=\"391\" srcset=\"https:\/\/hydraulic-cylinders.net\/wp-content\/uploads\/2023\/08\/hydraulic-cylinder-product-3-980x374.webp 980w, https:\/\/hydraulic-cylinders.net\/wp-content\/uploads\/2023\/08\/hydraulic-cylinder-product-3-480x183.webp 480w\" sizes=\"(min-width: 0px) and (max-width: 480px) 480px, (min-width: 481px) and (max-width: 980px) 980px, (min-width: 981px) 1024px, 100vw\" \/><\/p>\n<h3>(3) Suvirinimas<\/h3>\n<p><img loading=\"lazy\" decoding=\"async\" class=\"alignnone wp-image-629 size-large\" src=\"https:\/\/hydraulic-cylinders.net\/wp-content\/uploads\/2023\/08\/hydraulic-cylinder-product-4-1024x510.webp\" alt=\"\" width=\"1024\" height=\"510\" srcset=\"https:\/\/hydraulic-cylinders.net\/wp-content\/uploads\/2023\/08\/hydraulic-cylinder-product-4-980x488.webp 980w, https:\/\/hydraulic-cylinders.net\/wp-content\/uploads\/2023\/08\/hydraulic-cylinder-product-4-480x239.webp 480w\" sizes=\"(min-width: 0px) and (max-width: 480px) 480px, (min-width: 481px) and (max-width: 980px) 980px, (min-width: 981px) 1024px, 100vw\" \/><\/p>\n<h3>(4) Da\u017eymas ir dengimas<\/h3>\n<p>Su ma\u017eomis ir vidutinio dyd\u017eio cilindrin\u0117mis automatin\u0117mis vandens pagrindo da\u017e\u0173 dengimo linijomis, siekiant automatinio robot\u0173 pakrovimo ir i\u0161krovimo bei automatinio pur\u0161kimo, projektinis paj\u0117gumas yra 4000 vienet\u0173 per pamain\u0105;<br \/>\nTaip pat turime pusiau automatin\u0119 dideli\u0173 cilindr\u0173 da\u017e\u0173 gamybos linij\u0105, varom\u0105 grandin\u0117s, kurios projektinis na\u0161umas yra 60 d\u0117\u017ei\u0173 per pamain\u0105.<\/p>\n<p><img loading=\"lazy\" decoding=\"async\" class=\"alignnone wp-image-630\" src=\"https:\/\/hydraulic-cylinders.net\/wp-content\/uploads\/2023\/08\/hydraulic-cylinder-product-5-300x213.webp\" alt=\"\" width=\"366\" height=\"260\" \/> <img loading=\"lazy\" decoding=\"async\" class=\"alignnone wp-image-631\" src=\"https:\/\/hydraulic-cylinders.net\/wp-content\/uploads\/2023\/08\/hydraulic-cylinder-product-6-300x225.webp\" alt=\"\" width=\"347\" height=\"260\" \/><\/p>\n<h3>(5) Testavimas<\/h3>\n<p>Turime auk\u0161\u010diausios klas\u0117s patikros patalpas ir bandym\u0173 stendus, kad u\u017etikrintume, jog baliono veikimas atitinka reikalavimus.<\/p>\n<p><img loading=\"lazy\" decoding=\"async\" class=\"alignnone wp-image-632\" src=\"https:\/\/hydraulic-cylinders.net\/wp-content\/uploads\/2023\/08\/hydraulic-cylinder-product-8-300x200.webp\" alt=\"\" width=\"389\" height=\"260\" \/><\/p>\n<p>&nbsp;<\/p>\n<p>&nbsp;<\/p>\n<p>Esame vienas geriausi\u0173 kompakti\u0161k\u0173 hidraulini\u0173 cilindr\u0173 gamintoj\u0173. Galime pasi\u016blyti plat\u0173 kompakti\u0161k\u0173 hidraulini\u0173 cilindr\u0173 asortiment\u0105. Taip pat teikiame atitinkamas paslaugas. <a href=\"https:\/\/hzpt.com\/agricultural-pto-gearbox\/\" target=\"_blank\" rel=\"noopener\">\u017eem\u0117s \u016bkio pavar\u0173 d\u0117\u017e\u0117s<\/a>Mes eksportuojame savo gaminius klientams visame pasaulyje ir peln\u0117me ger\u0105 reputacij\u0105 d\u0117l auk\u0161\u010diausios gamini\u0173 kokyb\u0117s ir aptarnavimo po pardavimo. Mes laukiame klient\u0173 \u0161alyje ir u\u017esienyje, norin\u010di\u0173 susisiekti su mumis der\u0117tis d\u0117l verslo, keistis informacija ir... <a href=\"https:\/\/www.hydraulic-cylinders.net\/lt\/contact-us\/\">bendradarbiauti su mumis<\/a>!<\/p>\n<p>&nbsp;<\/p>","protected":false},"excerpt":{"rendered":"<p>CX Series Biaxial Compact Hydraulic Cylinder The cx Series two-axis compact hydraulic cylinder is a cutting-edge hydraulic element designed to provide efficient and reliable power transmission for a variety of industrial applications. With its compact design, superior performance and durability, this hydraulic cylinder offers precise control and versatility. Whether used in manufacturing, material handling or [&hellip;]<\/p>","protected":false},"featured_media":1276,"comment_status":"open","ping_status":"closed","template":"","meta":{"_et_pb_use_builder":"","_et_pb_old_content":"","_et_gb_content_width":""},"product_brand":[],"product_cat":[1526,1550,1376],"product_tag":[1380],"class_list":{"0":"post-1272","1":"product","2":"type-product","3":"status-publish","4":"has-post-thumbnail","6":"product_cat-assembly-line-hydraulic-cylinders","7":"product_cat-double-acting-hydraulic-cylinder","8":"product_cat-hydraulic-cylinder","9":"product_tag-hydraulic-cylinder","11":"first","12":"instock","13":"shipping-taxable","14":"product-type-simple"},"amp_enabled":true,"_links":{"self":[{"href":"https:\/\/www.hydraulic-cylinders.net\/lt\/wp-json\/wp\/v2\/product\/1272","targetHints":{"allow":["GET"]}}],"collection":[{"href":"https:\/\/www.hydraulic-cylinders.net\/lt\/wp-json\/wp\/v2\/product"}],"about":[{"href":"https:\/\/www.hydraulic-cylinders.net\/lt\/wp-json\/wp\/v2\/types\/product"}],"replies":[{"embeddable":true,"href":"https:\/\/www.hydraulic-cylinders.net\/lt\/wp-json\/wp\/v2\/comments?post=1272"}],"wp:featuredmedia":[{"embeddable":true,"href":"https:\/\/www.hydraulic-cylinders.net\/lt\/wp-json\/wp\/v2\/media\/1276"}],"wp:attachment":[{"href":"https:\/\/www.hydraulic-cylinders.net\/lt\/wp-json\/wp\/v2\/media?parent=1272"}],"wp:term":[{"taxonomy":"product_brand","embeddable":true,"href":"https:\/\/www.hydraulic-cylinders.net\/lt\/wp-json\/wp\/v2\/product_brand?post=1272"},{"taxonomy":"product_cat","embeddable":true,"href":"https:\/\/www.hydraulic-cylinders.net\/lt\/wp-json\/wp\/v2\/product_cat?post=1272"},{"taxonomy":"product_tag","embeddable":true,"href":"https:\/\/www.hydraulic-cylinders.net\/lt\/wp-json\/wp\/v2\/product_tag?post=1272"}],"curies":[{"name":"wp","href":"https:\/\/api.w.org\/{rel}","templated":true}]}}