{"id":1423,"date":"2023-09-18T08:52:05","date_gmt":"2023-09-18T08:52:05","guid":{"rendered":"https:\/\/hydraulic-cylinders.net\/?post_type=product&#038;p=1423"},"modified":"2025-04-11T03:49:48","modified_gmt":"2025-04-11T03:49:48","slug":"50-100-double-acting-double-axis-mdc-series-compact-mold-cylinder","status":"publish","type":"product","link":"https:\/\/www.hydraulic-cylinders.net\/lt\/produktas\/50-100-double-acting-double-axis-mdc-series-compact-mold-cylinder\/","title":{"rendered":"50-100 dvigubo veikimo dvigubos a\u0161ies MDC serijos kompakti\u0161kas liejimo cilindras"},"content":{"rendered":"<h1 style=\"text-align: center;\"><strong>50-100 dvigubo veikimo dvigubos a\u0161ies MDC serijos kompakti\u0161kas liejimo cilindras<\/strong><\/h1>\n<p>Dvigubo veikimo, dvia\u0161is MDC serijos kompakti\u0161kas liejimo cilindras yra novatori\u0161kas hidraulinis cilindras, specialiai sukurtas liejimo formoms. D\u0117l savo pa\u017eangi\u0173 savybi\u0173, patikimo veikimo ir kompakti\u0161ko dizaino \u0161is cilindras pasi\u017eymi puikiu funkcionalumu ir efektyvumu \u012fvairiose pramonin\u0117se aplinkose. Nesvarbu, ar jie naudojami liejimo ma\u0161inose, liejimo \u012frangoje ar kitose su liejimo formomis susijusiose srityse, dvigubo veikimo dviej\u0173 a\u0161i\u0173 MDC serijos kompakti\u0161ki liejimo cilindrai u\u017etikrina tiksl\u0173 valdym\u0105 ir optimal\u0173 na\u0161um\u0105.<\/p>\n<p>\u00b7 MDC yra kompakti\u0161kas hidraulinis cilindras (cx) su elektros d\u0117\u017eute ir st\u016bmoklio strypu, skirtu tiksliai valdyti formos neutron\u0173 pad\u0117t\u012f.<br \/>\n\u00b7 Hidraulinis cilindras, tinkamas naudoti plastiko liejimo formoms.<\/p>\n<p><img loading=\"lazy\" decoding=\"async\" class=\"aligncenter wp-image-323260\" src=\"https:\/\/hzpt.com\/wp-content\/uploads\/2023\/09\/mdc-compact-hydraulic-cylinder-9.webp\" alt=\"Dvigubo veikimo vienos a\u0161ies kompakti\u0161kas liejimo cilindras\" width=\"400\" height=\"400\" \/><\/p>\n<h2><strong>Kompakti\u0161ko liejimo cilindro modelio apra\u0161ymas:<\/strong><\/h2>\n<p><img loading=\"lazy\" decoding=\"async\" class=\"alignnone size-full wp-image-323234\" src=\"https:\/\/hzpt.com\/wp-content\/uploads\/2023\/09\/mdc-compact-hydraulic-cylinder-2.webp\" alt=\"\" width=\"966\" height=\"882\" \/><\/p>\n<h2><strong>Kompakti\u0161ko liejimo cilindro charakteristikos duomenys:<\/strong><\/h2>\n<p><img loading=\"lazy\" decoding=\"async\" class=\"alignnone size-full wp-image-323236\" src=\"https:\/\/hzpt.com\/wp-content\/uploads\/2023\/09\/mdc-compact-hydraulic-cylinder-3-1.webp\" alt=\"\" width=\"899\" height=\"262\" \/><\/p>\n<h2><strong>Kompakti\u0161ko liejimo cilindro strukt\u016bros diagrama:<\/strong><\/h2>\n<p><img loading=\"lazy\" decoding=\"async\" class=\"alignnone size-full wp-image-323250\" src=\"https:\/\/hzpt.com\/wp-content\/uploads\/2023\/09\/mdc-compact-hydraulic-cylinder-4-1.webp\" alt=\"\" width=\"737\" height=\"808\" \/><\/p>\n<h2><strong>St\u016bmoklio koto jungties dyd\u017eio diagrama:<\/strong><\/h2>\n<p><img loading=\"lazy\" decoding=\"async\" class=\"alignnone size-large wp-image-323239\" src=\"https:\/\/hzpt.com\/wp-content\/uploads\/2023\/09\/mdc-compact-hydraulic-cylinder-5-787x1024.webp\" alt=\"\" width=\"787\" height=\"1024\" \/><\/p>\n<h2><strong>Elektros d\u0117\u017eut\u0117s sagties pad\u0117tis, alyvos angos pad\u0117tis ir paskirstymo i\u0161leidimo angos pad\u0117tis:<\/strong><\/h2>\n<p><img loading=\"lazy\" decoding=\"async\" class=\"alignnone size-large wp-image-323241\" src=\"https:\/\/hzpt.com\/wp-content\/uploads\/2023\/09\/mdc-compact-hydraulic-cylinder-6-616x1024.webp\" alt=\"\" width=\"616\" height=\"1024\" \/><\/p>\n<h2><strong>50-100 50-100 Dvigubo veikimo dvigubos a\u0161ies MDC serijos kompakti\u0161ko liejimo cilindro parametras:<\/strong><\/h2>\n<p><img loading=\"lazy\" decoding=\"async\" class=\"alignnone size-large wp-image-323272\" src=\"https:\/\/hzpt.com\/wp-content\/uploads\/2023\/09\/mdc-compact-hydraulic-cylinder-10-1-886x1024.webp\" alt=\"\" width=\"886\" height=\"1024\" \/><\/p>\n<h2><strong>50-100 dvigubo veikimo dvigubos a\u0161ies MDC serijos kompakti\u0161kas liejimo cilindras <\/strong><strong>Naudojimo metodas<\/strong><strong>:<\/strong><\/h2>\n<ol>\n<li><strong>Dvigubo veikimo dizainas:<\/strong>\n<ul>\n<li>Dvigubo veikimo dviej\u0173 a\u0161i\u0173 MDC serijos kompakti\u0161ki cilindrai veikia abiem kryptimis, tod\u0117l galimas jud\u0117jimas dviem kryptimis.<\/li>\n<li>\u0160i konstrukcija gali efektyviai ir tiksliai valdyti pel\u0117sio atidarymo ir u\u017edarymo veiksmus bei pagerinti operacijos lankstum\u0105.<\/li>\n<\/ul>\n<\/li>\n<li><strong>Dviej\u0173 a\u0161i\u0173 konfig\u016bracija:<\/strong>\n<ul>\n<li>Cilindras skirtas dvia\u0161iam jud\u0117jimui, u\u017etikrinant ties\u0173 veikim\u0105 dviem vertikaliomis kryptimis.<\/li>\n<li>Dviej\u0173 a\u0161i\u0173 konfig\u016bracija leid\u017eia atlikti sud\u0117tingus liejimo veiksmus, tokius kaip detali\u0173 i\u0161st\u016bmimas ar \u0161erdies jud\u0117jimas, tod\u0117l padid\u0117ja liejimo universalumas.<\/li>\n<\/ul>\n<\/li>\n<li><strong>Kompakti\u0161kas ir vietos taupantis:<\/strong>\n<ul>\n<li>Kompakti\u0161kas MDC serijos u\u017edar\u0173 liejimo cilindr\u0173 dizainas optimizuoja liejimo sistemos erdv\u0117s panaudojim\u0105 esant ribotam pro\u0161vaisai.<\/li>\n<li>D\u0117l erdv\u0119 taupan\u010dios konstrukcijos galima lengvai integruoti \u012f ank\u0161tas erdves, u\u017etikrinant efektyv\u0173 turimos darbo vietos panaudojim\u0105.<\/li>\n<\/ul>\n<\/li>\n<li><strong>Didelis tikslumas ir stabilumas:<\/strong>\n<ul>\n<li>Cilindras u\u017etikrina tiksl\u0173 ir stabil\u0173 jud\u0117jim\u0105, u\u017etikrindamas tiksli\u0105 formos veikimo kontrol\u0119 gamybos proceso metu.<\/li>\n<li>Tai u\u017etikrina nuoseklius ir pakartojamus rezultatus, kurie galiausiai prisideda prie auk\u0161tos kokyb\u0117s produkcijos ir suma\u017eina atliek\u0173 kiek\u012f.<\/li>\n<\/ul>\n<\/li>\n<\/ol>\n<h2><strong>Kaip nuimti hidraulin\u012f cilindr\u0105 nuo priekinio krautuvo?<\/strong><\/h2>\n<p>Hidraulinio cilindro nu\u0117mimas nuo frontalinio krautuvo reikalauja kruop\u0161taus pasiruo\u0161imo ir atlikimo. \u0160tai nuoseklus vadovas, kuris pad\u0117s jums atlikti \u0161\u012f proces\u0105:<\/p>\n<ol>\n<li><strong>Saugumas pirmiausia:<\/strong>\n<ul>\n<li>Prie\u0161 prad\u0117dami darb\u0105, \u012fsitikinkite, kad frontalinis krautuvas pastatytas ant lygaus pavir\u0161iaus, o variklis i\u0161jungtas.<\/li>\n<li>\u012ejunkite stov\u0117jimo stabd\u012f ir u\u017ed\u0117kite rat\u0173 kalad\u0117les u\u017e galini\u0173 rat\u0173, kad i\u0161vengtum\u0117te atsitiktinio pajud\u0117jimo.<\/li>\n<li>D\u0117v\u0117kite tinkamas asmenines apsaugos priemones (AAP), \u012fskaitant pir\u0161tines ir apsauginius akinius.<\/li>\n<\/ul>\n<\/li>\n<li><strong>Cilindro atpa\u017einimas:<\/strong>\n<ul>\n<li>Raskite hidraulin\u012f cilindr\u0105, kur\u012f ketinate nuimti. Jis bus prijungtas prie krautuvo hidraulin\u0117s sistemos ir pritvirtintas prie speciali\u0173 tvirtinimo ta\u0161k\u0173.<\/li>\n<\/ul>\n<\/li>\n<li><strong>Hidraulinio sl\u0117gio suma\u017einimas:<\/strong>\n<ul>\n<li>Kad i\u0161vengtum\u0117te staigi\u0173 judesi\u0173 ar galim\u0173 su\u017ealojim\u0173, prie\u0161 atjungdami cilindr\u0105, i\u0161leiskite hidraulin\u012f sl\u0117g\u012f sistemoje.<\/li>\n<li>U\u017eveskite varikl\u012f ir valdykite krautuvo hidraulinius valdiklius, kad kau\u0161\u0105 arba pried\u0105 perkeltum\u0117te \u012f visi\u0161kai i\u0161tiest\u0105 arba pakelt\u0105 pad\u0117t\u012f.<\/li>\n<li>I\u0161junkite varikl\u012f ir i\u0161leiskite likus\u012f sl\u0117g\u012f kelis kartus paspausdami hidraulinius valdiklius.<\/li>\n<\/ul>\n<\/li>\n<li><strong>Atjunkite hidraulines jungtis:<\/strong>\n<ul>\n<li>Suraskite prie cilindro prijungtas hidraulines \u017earnas arba linijas. Paprastai jos tvirtinamos jungiamosiomis detal\u0117mis, var\u017etais arba greito atjungimo jungtimis.<\/li>\n<li>Atsargiai atlaisvinkite ir atjunkite hidraulines jungtis, prireikus naudodami tinkamus \u012frankius.<\/li>\n<li>B\u016bkite pasiruo\u0161\u0119 hidraulinio skys\u010dio nutek\u0117jimui, tod\u0117l tur\u0117kite paruo\u0161t\u0105 surinkimo duben\u012f arba sugerian\u010di\u0105 med\u017eiag\u0105, kad suma\u017eintum\u0117te i\u0161siliejim\u0105.<\/li>\n<\/ul>\n<\/li>\n<li><strong>Tvirtinimo detali\u0173 nu\u0117mimas:<\/strong>\n<ul>\n<li>Nustatykite tvirtinimo ta\u0161kus, kur cilindras pritvirtintas prie krautuvo konstrukcijos. Tai gali b\u016bti kai\u0161\u010diai, var\u017etai arba laikikliai.<\/li>\n<li>Tinkamais \u012frankiais nuimkite visus cilindr\u0105 prie krautuvo tvirtinan\u010dius tvirtinimo kai\u0161\u010dius arba var\u017etus.<\/li>\n<li>Steb\u0117kite aparatin\u0119 \u012frang\u0105 j\u0105 i\u0161imdami, kad ji neb\u016bt\u0173 pamesta ar pamir\u0161ta.<\/li>\n<\/ul>\n<\/li>\n<li><strong>Cilindro nu\u0117mimas:<\/strong>\n<ul>\n<li>Nu\u0117mus hidraulines jungtis ir tvirtinimo detales, cilindr\u0105 dabar tur\u0117t\u0173 b\u016bti galima laisvai nuimti.<\/li>\n<li>Atsargiai i\u0161stumkite arba pajudinkite cilindr\u0105 i\u0161 jo tvirtinimo vietos, nepa\u017eeisdami joki\u0173 aplinkini\u0173 komponent\u0173 ar hidraulini\u0173 linij\u0173.<\/li>\n<li>Balionui saugiai pakelti ir i\u0161imti i\u0161 krautuvo naudokite k\u0117limo \u012frang\u0105 arba pagalb\u0105.<\/li>\n<\/ul>\n<\/li>\n<li><strong>Tinkamas laikymas ir prie\u017ei\u016bra:<\/strong>\n<ul>\n<li>Nu\u0117mus cilindr\u0105, patikrinkite, ar n\u0117ra koki\u0173 nors pa\u017eeidim\u0173 ar susid\u0117v\u0117jimo po\u017eymi\u0173. Jei reikia, pakeiskite susid\u0117v\u0117jusius sandariklius ar komponentus.<\/li>\n<li>Hidraulin\u012f cilindr\u0105 laikykite \u0161varioje ir sausoje vietoje, apsaugotoje nuo dulki\u0173, dr\u0117gm\u0117s ir ekstremali\u0173 temperat\u016br\u0173.<\/li>\n<li>Jei cilindrui reikalinga tolesn\u0117 prie\u017ei\u016bra, vadovaukit\u0117s gamintojo instrukcijomis arba kreipkit\u0117s profesionalios pagalbos.<\/li>\n<\/ul>\n<\/li>\n<\/ol>\n<h2><strong>Gamyklos paj\u0117gumai ir talpa:<\/strong><\/h2>\n<h3>(1) Surinkimas<\/h3>\n<p>Turime pirmos klas\u0117s nepriklausom\u0105 tyrim\u0173 ir pl\u0117tros surinkimo platform\u0105. Hidraulini\u0173 cilindr\u0173 gamybos ceche yra keturios pusiau automatin\u0117s k\u0117limo cilindr\u0173 surinkimo linijos ir viena automatin\u0117 pakreipimo cilindr\u0173 surinkimo linija, kuri\u0173 projektinis metinis gamybos paj\u0117gumas yra 1 milijonas vienet\u0173. Speciali\u0173j\u0173 cilindr\u0173 ceche \u012frengta \u012fvairi\u0173 specifikacij\u0173 pusiau automatin\u0117 valymo surinkimo sistema, kurios projektinis metinis gamybos paj\u0117gumas yra 200 000 vienet\u0173, ir garsi CNC apdirbimo \u012franga, apdirbimo centras, didelio tikslumo cilindr\u0173 apdirbimo speciali \u012franga, robotinis suvirinimo aparatas, automatinis valymo aparatas, automatinis cilindr\u0173 surinkimo aparatas ir automatin\u0117 da\u017eymo gamybos linija. Esama daugiau nei 300 rinkini\u0173 (komplekt\u0173) kritin\u0117 \u012franga. Optimalus \u012frangos i\u0161tekli\u0173 paskirstymas ir efektyvus naudojimas u\u017etikrina gamini\u0173 tikslumo reikalavimus ir auk\u0161tus gamini\u0173 kokyb\u0117s poreikius.<\/p>\n<p><img loading=\"lazy\" decoding=\"async\" class=\"alignnone wp-image-626\" src=\"https:\/\/hydraulic-cylinders.net\/wp-content\/uploads\/2023\/08\/hydraulic-cylinder-product-1-300x158.webp\" alt=\"\" width=\"495\" height=\"260\" srcset=\"https:\/\/hydraulic-cylinders.net\/wp-content\/uploads\/2023\/08\/hydraulic-cylinder-product-1-300x158.webp 495w, https:\/\/hydraulic-cylinders.net\/wp-content\/uploads\/2023\/08\/hydraulic-cylinder-product-1-480x252.webp 480w\" sizes=\"(min-width: 0px) and (max-width: 480px) 480px, (min-width: 481px) 495px, 100vw\" \/> <img loading=\"lazy\" decoding=\"async\" class=\"alignnone wp-image-627\" src=\"https:\/\/hydraulic-cylinders.net\/wp-content\/uploads\/2023\/08\/hydraulic-cylinder-product-2-300x189.webp\" alt=\"\" width=\"413\" height=\"260\" \/><\/p>\n<h3>(2) Apdirbimas<\/h3>\n<p>Mechaninio apdirbimo ceche \u012frengtas pritaikytas nuo\u017eulnaus b\u0117gio tekinimo centras, apdirbimo centras, greitaeigis galandimo stakl\u0117s, suvirinimo robotas ir kita susijusi \u012franga, galinti apdirbti cilindrinius vamzd\u017eius, kuri\u0173 maksimalus vidinis skersmuo yra 400 mm, o maksimalus ilgis \u2013 6 metrai.<\/p>\n<p><img loading=\"lazy\" decoding=\"async\" class=\"alignnone wp-image-628 size-large\" src=\"https:\/\/hydraulic-cylinders.net\/wp-content\/uploads\/2023\/08\/hydraulic-cylinder-product-3-1024x391.webp\" alt=\"\" width=\"1024\" height=\"391\" srcset=\"https:\/\/hydraulic-cylinders.net\/wp-content\/uploads\/2023\/08\/hydraulic-cylinder-product-3-980x374.webp 980w, https:\/\/hydraulic-cylinders.net\/wp-content\/uploads\/2023\/08\/hydraulic-cylinder-product-3-480x183.webp 480w\" sizes=\"(min-width: 0px) and (max-width: 480px) 480px, (min-width: 481px) and (max-width: 980px) 980px, (min-width: 981px) 1024px, 100vw\" \/><\/p>\n<h3>(3) Suvirinimas<\/h3>\n<p><img loading=\"lazy\" decoding=\"async\" class=\"alignnone wp-image-629 size-large\" src=\"https:\/\/hydraulic-cylinders.net\/wp-content\/uploads\/2023\/08\/hydraulic-cylinder-product-4-1024x510.webp\" alt=\"\" width=\"1024\" height=\"510\" srcset=\"https:\/\/hydraulic-cylinders.net\/wp-content\/uploads\/2023\/08\/hydraulic-cylinder-product-4-980x488.webp 980w, https:\/\/hydraulic-cylinders.net\/wp-content\/uploads\/2023\/08\/hydraulic-cylinder-product-4-480x239.webp 480w\" sizes=\"(min-width: 0px) and (max-width: 480px) 480px, (min-width: 481px) and (max-width: 980px) 980px, (min-width: 981px) 1024px, 100vw\" \/><\/p>\n<h3>(4) Da\u017eymas ir dengimas<\/h3>\n<p>Su ma\u017eomis ir vidutinio dyd\u017eio cilindrin\u0117mis automatin\u0117mis vandens pagrindo da\u017e\u0173 dengimo linijomis, siekiant automatinio robot\u0173 pakrovimo ir i\u0161krovimo bei automatinio pur\u0161kimo, projektinis paj\u0117gumas yra 4000 vienet\u0173 per pamain\u0105;<br \/>\nTaip pat turime pusiau automatin\u0119 dideli\u0173 cilindr\u0173 da\u017e\u0173 gamybos linij\u0105, varom\u0105 grandin\u0117s, kurios projektinis na\u0161umas yra 60 d\u0117\u017ei\u0173 per pamain\u0105.<\/p>\n<p><img loading=\"lazy\" decoding=\"async\" class=\"alignnone wp-image-630\" src=\"https:\/\/hydraulic-cylinders.net\/wp-content\/uploads\/2023\/08\/hydraulic-cylinder-product-5-300x213.webp\" alt=\"\" width=\"366\" height=\"260\" \/> <img loading=\"lazy\" decoding=\"async\" class=\"alignnone wp-image-631\" src=\"https:\/\/hydraulic-cylinders.net\/wp-content\/uploads\/2023\/08\/hydraulic-cylinder-product-6-300x225.webp\" alt=\"\" width=\"347\" height=\"260\" \/><\/p>\n<h3>(5) Testavimas<\/h3>\n<p>Turime auk\u0161\u010diausios klas\u0117s patikros patalpas ir bandym\u0173 stendus, kad u\u017etikrintume, jog baliono veikimas atitinka reikalavimus.<\/p>\n<p><img loading=\"lazy\" decoding=\"async\" class=\"alignnone wp-image-632\" src=\"https:\/\/hydraulic-cylinders.net\/wp-content\/uploads\/2023\/08\/hydraulic-cylinder-product-8-300x200.webp\" alt=\"\" width=\"389\" height=\"260\" \/><\/p>\n<p>&nbsp;<\/p>\n<p>&nbsp;<\/p>\n<p>Esame vienas geriausi\u0173 kompakti\u0161k\u0173 hidraulini\u0173 cilindr\u0173 gamintoj\u0173. Galime pasi\u016blyti plat\u0173 kompakti\u0161k\u0173 hidraulini\u0173 cilindr\u0173 asortiment\u0105. Taip pat teikiame atitinkamas paslaugas. <a href=\"https:\/\/hzpt.com\/agricultural-pto-gearbox\/\" target=\"_blank\" rel=\"noopener\">\u017eem\u0117s \u016bkio pavar\u0173 d\u0117\u017e\u0117s<\/a>Mes eksportuojame savo gaminius klientams visame pasaulyje ir peln\u0117me ger\u0105 reputacij\u0105 d\u0117l auk\u0161\u010diausios gamini\u0173 kokyb\u0117s ir aptarnavimo po pardavimo. Mes laukiame klient\u0173 \u0161alyje ir u\u017esienyje, norin\u010di\u0173 susisiekti su mumis der\u0117tis d\u0117l verslo, keistis informacija ir... <a href=\"https:\/\/www.hydraulic-cylinders.net\/lt\/contact-us\/\">bendradarbiauti su mumis<\/a>!<\/p>\n<h2><\/h2>\n<h1 style=\"text-align: center;\"><\/h1>","protected":false},"excerpt":{"rendered":"<p>50-100 Double Acting Double Axis MDC Series Compact Mold Cylinder The double-acting, double-axis MDC Series compact mold cylinder is an innovative hydraulic cylinder explicitly designed for die applications. With its advanced features, reliable performance, and compact design, this cylinder offers superior functionality and efficiency in various industrial environments. Whether used in injection molding machines, die-casting [&hellip;]<\/p>","protected":false},"featured_media":1425,"comment_status":"open","ping_status":"closed","template":"","meta":{"_et_pb_use_builder":"","_et_pb_old_content":"","_et_gb_content_width":""},"product_brand":[],"product_cat":[1550,1523,1376],"product_tag":[1380],"class_list":{"0":"post-1423","1":"product","2":"type-product","3":"status-publish","4":"has-post-thumbnail","6":"product_cat-double-acting-hydraulic-cylinder","7":"product_cat-injection-molding-hydraulic-cylinders","8":"product_cat-hydraulic-cylinder","9":"product_tag-hydraulic-cylinder","11":"first","12":"instock","13":"shipping-taxable","14":"product-type-simple"},"amp_enabled":true,"_links":{"self":[{"href":"https:\/\/www.hydraulic-cylinders.net\/lt\/wp-json\/wp\/v2\/product\/1423","targetHints":{"allow":["GET"]}}],"collection":[{"href":"https:\/\/www.hydraulic-cylinders.net\/lt\/wp-json\/wp\/v2\/product"}],"about":[{"href":"https:\/\/www.hydraulic-cylinders.net\/lt\/wp-json\/wp\/v2\/types\/product"}],"replies":[{"embeddable":true,"href":"https:\/\/www.hydraulic-cylinders.net\/lt\/wp-json\/wp\/v2\/comments?post=1423"}],"wp:featuredmedia":[{"embeddable":true,"href":"https:\/\/www.hydraulic-cylinders.net\/lt\/wp-json\/wp\/v2\/media\/1425"}],"wp:attachment":[{"href":"https:\/\/www.hydraulic-cylinders.net\/lt\/wp-json\/wp\/v2\/media?parent=1423"}],"wp:term":[{"taxonomy":"product_brand","embeddable":true,"href":"https:\/\/www.hydraulic-cylinders.net\/lt\/wp-json\/wp\/v2\/product_brand?post=1423"},{"taxonomy":"product_cat","embeddable":true,"href":"https:\/\/www.hydraulic-cylinders.net\/lt\/wp-json\/wp\/v2\/product_cat?post=1423"},{"taxonomy":"product_tag","embeddable":true,"href":"https:\/\/www.hydraulic-cylinders.net\/lt\/wp-json\/wp\/v2\/product_tag?post=1423"}],"curies":[{"name":"wp","href":"https:\/\/api.w.org\/{rel}","templated":true}]}}