{"id":14433,"date":"2024-12-12T08:44:00","date_gmt":"2024-12-12T08:44:00","guid":{"rendered":"https:\/\/www.hydraulic-cylinders.net\/product\/replacement-of-ahc16418-hydraulic-steering-cylinder\/"},"modified":"2024-12-12T08:44:02","modified_gmt":"2024-12-12T08:44:02","slug":"replacement-of-ahc16418-hydraulic-steering-cylinder","status":"publish","type":"product","link":"https:\/\/www.hydraulic-cylinders.net\/lt\/produktas\/replacement-of-ahc16418-hydraulic-steering-cylinder\/","title":{"rendered":"AHC16418 hidraulinio vairo cilindro keitimas"},"content":{"rendered":"<h1>AHC16418 hidraulinio vairo cilindro keitimas<\/h1>\n<h2>Produkto apibr\u0117\u017eimas<\/h2>\n<p>AHC16418 hidraulinio vairo cilindro pakeitimas yra labai svarbus hidraulini\u0173 vairavimo sistem\u0173 komponentas. Jis atlieka gyvybi\u0161kai svarb\u0173 vaidmen\u012f u\u017etikrinant skland\u0173 \u012fvairi\u0173 ma\u0161in\u0173 ir \u012frangos veikim\u0105 ir manevringum\u0105.<\/p>\n<h2>Specifikacijos ir modeliai<\/h2>\n<p><strong>Specifikacijos:<\/strong><\/p>\n<ul>\n<li>Svoris: 74,156 svaro<\/li>\n<li>Auk\u0161tis: 10 cm<\/li>\n<li>Plotis: 6,2 colio<\/li>\n<li>Ilgis: 35,5 colio<\/li>\n<\/ul>\n<p><strong>Modeliai:<\/strong><\/p>\n<ul>\n<li>744 p.<\/li>\n<li>744 X<\/li>\n<li>744 t\u016bkst.<\/li>\n<li>744K-II<\/li>\n<li>744L<\/li>\n<li>824 p.<\/li>\n<li>824 X<\/li>\n<li>824 t\u016bkst.<\/li>\n<li>824L<\/li>\n<\/ul>\n<h2>Produkto savyb\u0117s<\/h2>\n<h3>1. Pagerintas \u012frangos na\u0161umas<\/h3>\n<p>Pakeitus pa\u017eeistus arba susid\u0117v\u0117jusius hidraulinius cilindrus, galima atkurti normal\u0173 \u012frangos darbin\u012f paj\u0117gum\u0105, u\u017etikrinant optimal\u0173 na\u0161um\u0105 \u012fvairiose srityse.<\/p>\n<h3>2. Patobulintas saugumas<\/h3>\n<p>Reguliariai kei\u010diant hidraulinius cilindrus galima suma\u017einti cilindr\u0173 gedim\u0173 keliam\u0105 pavoj\u0173 saugai, taip u\u017etikrinant operatori\u0173 ir \u012frangos saugum\u0105.<\/p>\n<h3>3. Apsauga nuo perkrovos<\/h3>\n<p>Naujuose cilindr\u0173 projektuose da\u017enai yra geresni apsaugos nuo perkrov\u0173 mechanizmai, kurie pagerina bendr\u0105 saug\u0105 eksploatacijos metu.<\/p>\n<h3>4. Greitas diegimas<\/h3>\n<p>\u0160iuolaikiniai hidrauliniai cilindrai yra suprojektuoti taip, kad juos b\u016bt\u0173 lengva sumontuoti ir pakeisti, taip suma\u017einant prastovas ir palengvinant efektyvius montavimo procesus.<\/p>\n<h3>5. Standartizuoti komponentai<\/h3>\n<p>Daugelis hidraulini\u0173 cilindr\u0173 yra standartizuoti gaminiai, tod\u0117l lengviau gauti atsargini\u0173 dali\u0173 i\u0161 rinkos.<\/p>\n<h2>Parai\u0161kos<\/h2>\n<p>AHC16418 hidraulinio vairo cilindro pakeitimas taikomas \u012fvairiuose scenarijuose, \u012fskaitant, bet neapsiribojant:<\/p>\n<h3>1. Ekskavatoriai<\/h3>\n<p>Ekskavatoriuose str\u0117l\u0117s arba kau\u0161o hidraulinis cilindras gali b\u016bti pa\u017eeistas d\u0117l ilgalaikio naudojimo arba perkrovos, tod\u0117l norint atkurti tinkam\u0105 veikim\u0105, j\u012f reikia pakeisti.<\/p>\n<h3>2. Kranai<\/h3>\n<p>Krano k\u0117limo str\u0117li\u0173 hidrauliniai cilindrai yra link\u0119 susid\u0117v\u0117ti da\u017en\u0173 k\u0117limo ir nuleidimo operacij\u0173 metu. Reguliarus j\u0173 keitimas u\u017etikrina saugum\u0105 ir optimal\u0173 na\u0161um\u0105.<\/p>\n<h3>3. Traktoriai<\/h3>\n<p>Nuolatinio k\u0117limo ir pakreipimo metu traktori\u0173 priekini\u0173 krautuv\u0173 hidrauliniai cilindrai gali prad\u0117ti nesandar\u0117ti arba pablog\u0117ti j\u0173 veikimas, tod\u0117l juos reikia pakeisti.<\/p>\n<h3>4. Derliaus nu\u0117mimo ma\u0161inos<\/h3>\n<p>Derliaus nu\u0117mimo metu derliaus nu\u0117mimo ma\u0161in\u0173 hidrauliniai cilindrai patiria didel\u012f sl\u0117g\u012f, tod\u0117l yra jautr\u016bs nuovargio pa\u017eeidimams. Savalaikis keitimas u\u017etikrina ilgalaik\u012f produktyvum\u0105.<\/p>\n<h3>5. Automatizuotos gamybos linijos<\/h3>\n<p>Hidrauliniai cilindrai naudojami robotin\u0117ms rankoms ir kitai automatizuotai \u012frangai valdyti. Cilindro gedimai gali smarkiai paveikti gamybos efektyvum\u0105 ir tur\u0117t\u0173 b\u016bti nedelsiant pa\u0161alinti.<\/p>\n<p><img decoding=\"async\" src=\"https:\/\/www.hydraulic-cylinders.net\/wp-content\/uploads\/2024\/12\/Replacement-Of-John-Deere-Hydraulic-Cylinder-7.webp\" alt=\"Hidraulinio cilindro vaizdas\"><\/p>\n<h2>Prie\u017ei\u016bros u\u017eduotys<\/h2>\n<p>Reguliarios AHC16418 hidraulinio vairo cilindro keitimo technin\u0117s prie\u017ei\u016bros u\u017eduotys apima:<\/p>\n<h3>1. Reguliar\u016bs patikrinimai<\/h3>\n<p>Reguliar\u016bs patikrinimai leid\u017eia anksti nustatyti bet kokias problemas ir laiku atlikti remont\u0105 ar pakeitim\u0105.<\/p>\n<h3>2. Tinkamas tepimas<\/h3>\n<p>Tinkamas tepimas padeda suma\u017einti trint\u012f ir nusid\u0117v\u0117jim\u0105, pailgindamas hidraulinio cilindro tarnavimo laik\u0105.<\/p>\n<h3>3. Sandariklio keitimas ir kalibravimo patikrinimai<\/h3>\n<p>Susid\u0117v\u0117jusi\u0173 sandarikli\u0173 keitimas ir kalibravimo patikrinimai u\u017etikrina optimal\u0173 na\u0161um\u0105 ir apsaugo nuo nuot\u0117ki\u0173.<\/p>\n<p>Montuojant labai svarbu tinkamai nukreipti cilindr\u0105, rekomenduoti naudoti tinkamus montavimo laikiklius stabilumui u\u017etikrinti ir laikytis rekomenduojam\u0173 patikrinimo, remonto ir keitimo proced\u016br\u0173, kad b\u016bt\u0173 kuo ilgiau pailgintas AHC16418 hidraulinio vairo cilindro tarnavimo laikas.<\/p>\n<p><img decoding=\"async\" src=\"https:\/\/www.hydraulic-cylinders.net\/wp-content\/uploads\/2024\/12\/Replacement-Of-John-Deere-Hydraulic-Cylinder-8.webp\" alt=\"Hidraulinio cilindro vaizdas\"><\/p>\n<h2>Saugos aspektai ir aplinkos veiksniai<\/h2>\n<p>Naudojant hidraulinius cilindrus, b\u016btina imtis tinkam\u0173 saugos priemoni\u0173, kad b\u016bt\u0173 apsaugoti operatoriai ir \u012franga. Tai apima saugos gairi\u0173 laikym\u0105si, tinkam\u0173 asmenini\u0173 apsaugos priemoni\u0173 naudojim\u0105 ir reguliarius saugos patikrinimus bei mokymus.<\/p>\n<h2>Trik\u010di\u0173 \u0161alinimas ir da\u017eniausiai pasitaikan\u010dios problemos<\/h2>\n<p>Da\u017eniausios su hidrauliniais cilindrais susijusios problemos yra \u0161ios:<\/p>\n<h3>1. Cilindro nuot\u0117kis<\/h3>\n<p>Jei hidraulinis cilindras nesandarus, tai gali rodyti sandariklio pa\u017eeidim\u0105 arba netinkam\u0105 montavim\u0105. Patikrinkite ir prireikus pakeiskite sandariklius.<\/p>\n<h3>2. Cilindro u\u017estrigimas<\/h3>\n<p>Jei cilindras stringa arba skland\u017eiai nei\u0161sitraukia \/ nesusitraukia, tai gali b\u016bti d\u0117l nepakankamo sutepimo arba neteisingo sulygiavimo. U\u017etepkite tinkam\u0105 sutepim\u0105 ir, jei reikia, i\u0161lyginkite.<\/p>\n<h3>3. Cilindro perkaitimas<\/h3>\n<p>Perkaitim\u0105 gali sukelti per didel\u0117 trintis arba nepakankamas skys\u010dio srautas. Patikrinkite, ar n\u0117ra kli\u016b\u010di\u0173, u\u017etikrinkite tinkam\u0105 tepim\u0105 ir steb\u0117kite skys\u010dio temperat\u016br\u0105.<\/p>\n<p>\u0160alinant \u0161ias problemas svarbu tiksliai nustatyti pagrindin\u0119 prie\u017east\u012f ir pasi\u016blyti tinkamus sprendimus. Reguliarios prevencin\u0117s priemon\u0117s gali pad\u0117ti suma\u017einti galimas problemas.<\/p>\n<h2>Projektavimo aspektai ir atrankos kriterijai<\/h2>\n<p>Renkantis hidraulin\u012f cilindr\u0105, reikia atsi\u017evelgti \u012f kelis svarbius veiksnius:<\/p>\n<h3>1. Keliamoji galia<\/h3>\n<p>Pasirinkus cilindr\u0105 su tinkama keliam\u0105ja galia, u\u017etikrinamas optimalus veikimas \u012fvairiose srityse.<\/p>\n<h3>2. Sandarinimo efektyvumas<\/h3>\n<p>Sandarikliai, pagaminti i\u0161 patvari\u0173 med\u017eiag\u0173, toki\u0173 kaip poliuretanas arba nitrilo kau\u010diukas, pagerina sandarinimo patikimum\u0105 ir ilgaam\u017ei\u0161kum\u0105.<\/p>\n<h3>3. Patvarumas<\/h3>\n<p>Gerai suprojektuotas cilindras su kruop\u0161\u010diai apdorotu cilindro korpusu ir srieginiu galo pavir\u0161iumi padidina patvarum\u0105 ir atsparum\u0105 dilimui.<\/p>\n<h3>4. Saugumas<\/h3>\n<p>Hidrauliniai cilindrai su \u012fmontuotomis saugos funkcijomis suteikia papildom\u0105 apsaug\u0105 nuo galim\u0173 gedim\u0173 ir nelaiming\u0173 atsitikim\u0173.<\/p>\n<h3>5. Prie\u017ei\u016bra<\/h3>\n<p>Rinkit\u0117s lengvai pri\u017ei\u016brimus balionus su lengvai prieinamomis atsargin\u0117mis dalimis ir remonto paslaugomis, kad pailgintum\u0117te j\u0173 tarnavimo laik\u0105.<\/p>\n<h2>Sandarinimas ir tepimas<\/h2>\n<p>Hidrauliniuose cilindruose naudojami \u012fvair\u016bs sandarinimo komponentai, tokie kaip st\u016bmokli\u0173 ir kot\u0173 sandarikliai, da\u017enai pagaminti i\u0161 atspari\u0173 dilimui med\u017eiag\u0173, toki\u0173 kaip poliuretanas. Cilindro korpusas ir srieginis galinis pavir\u0161ius yra kruop\u0161\u010diai apdorojami, siekiant padidinti atsparum\u0105 dilimui. Norint u\u017etikrinti tinkam\u0105 veikim\u0105 ir ilgaam\u017ei\u0161kum\u0105, b\u016btina reguliariai tepti tinkama hidrauline alyva.<\/p>\n<h2>Reguliar\u016bs patikrinimai ir prevencin\u0117 prie\u017ei\u016bra<\/h2>\n<p>Reguliar\u016bs patikrinimai ir prevencin\u0117 prie\u017ei\u016bra yra b\u016btini norint i\u0161laikyti hidraulini\u0173 cilindr\u0173 veikim\u0105 ir patikimum\u0105. Tinkamas montavimas, tepimas ir reguliavimas atlieka gyvybi\u0161kai svarb\u0173 vaidmen\u012f prailginant cilindro tarnavimo laik\u0105. Rekomenduojama pateikti tikslias montavimo gaires, pasi\u016blyti naudoti tinkamus montavimo laikiklius stabilumui u\u017etikrinti, rekomenduoti patikrinimo, remonto ir keitimo proced\u016bras, taip pat pasi\u016blyti atsargines dalis ir remonto paslaugas, kad cilindro tarnavimo laikas b\u016bt\u0173 kuo ilgesnis.<\/p>\n<h2>\u012emon\u0117s pristatymas<\/h2>\n<p>M\u016bs\u0173 \u012fmon\u0117 yra pirmaujanti pakaitini\u0173 hidraulini\u0173 cilindr\u0173 gamintoja ir didmenin\u0117 platintoja. Tur\u0117dami plat\u0173 gamini\u0173 asortiment\u0105, \u012fsitvirtinome kaip \u017eymus \u017eaid\u0117jas tiek vidaus, tiek tarptautin\u0117se rinkose.<\/p>\n<p","protected":false},"excerpt":{"rendered":"<p>Replacement Of AHC16418 Hydraulic Steering Cylinder Product Definition The Replacement Of AHC16418 Hydraulic Steering Cylinder is a crucial component used in hydraulic steering systems. It plays a vital role in ensuring the smooth operation and maneuverability of various machinery and equipment. Specifications and Models Specifications: Weight: 74.156 lb Height: 4 in Width: 6.2 in Length: [&hellip;]<\/p>","protected":false},"featured_media":11404,"comment_status":"open","ping_status":"closed","template":"","meta":{"_et_pb_use_builder":"","_et_pb_old_content":"","_et_gb_content_width":""},"product_brand":[],"product_cat":[1489],"product_tag":[1380,1490,1491],"class_list":{"0":"post-14433","1":"product","2":"type-product","3":"status-publish","4":"has-post-thumbnail","6":"product_cat-replacement-of-john-deere-hydraulic-cylinder","7":"product_tag-hydraulic-cylinder","8":"product_tag-replacement-of-hydraulic-cylinder","9":"product_tag-replacemet-of-john-deere-hydraulic-cylinder","11":"first","12":"instock","13":"shipping-taxable","14":"product-type-simple"},"amp_enabled":true,"_links":{"self":[{"href":"https:\/\/www.hydraulic-cylinders.net\/lt\/wp-json\/wp\/v2\/product\/14433","targetHints":{"allow":["GET"]}}],"collection":[{"href":"https:\/\/www.hydraulic-cylinders.net\/lt\/wp-json\/wp\/v2\/product"}],"about":[{"href":"https:\/\/www.hydraulic-cylinders.net\/lt\/wp-json\/wp\/v2\/types\/product"}],"replies":[{"embeddable":true,"href":"https:\/\/www.hydraulic-cylinders.net\/lt\/wp-json\/wp\/v2\/comments?post=14433"}],"wp:featuredmedia":[{"embeddable":true,"href":"https:\/\/www.hydraulic-cylinders.net\/lt\/wp-json\/wp\/v2\/media\/11404"}],"wp:attachment":[{"href":"https:\/\/www.hydraulic-cylinders.net\/lt\/wp-json\/wp\/v2\/media?parent=14433"}],"wp:term":[{"taxonomy":"product_brand","embeddable":true,"href":"https:\/\/www.hydraulic-cylinders.net\/lt\/wp-json\/wp\/v2\/product_brand?post=14433"},{"taxonomy":"product_cat","embeddable":true,"href":"https:\/\/www.hydraulic-cylinders.net\/lt\/wp-json\/wp\/v2\/product_cat?post=14433"},{"taxonomy":"product_tag","embeddable":true,"href":"https:\/\/www.hydraulic-cylinders.net\/lt\/wp-json\/wp\/v2\/product_tag?post=14433"}],"curies":[{"name":"wp","href":"https:\/\/api.w.org\/{rel}","templated":true}]}}